{"id":3956,"date":"2025-09-03T16:42:45","date_gmt":"2025-09-03T08:42:45","guid":{"rendered":"https:\/\/ac-truck.com\/?post_type=product&#038;p=3956"},"modified":"2026-04-08T14:44:16","modified_gmt":"2026-04-08T06:44:16","slug":"dongfeng-6m%c2%b3-skip-containers","status":"publish","type":"product","link":"https:\/\/ac-truck.com\/es\/dongfeng-6m%C2%B3-skip-containers.html","title":{"rendered":"Contenedores de basura Dongfeng de 6 m\u00b3"},"content":{"rendered":"<div style=\"width: 1920px;\" class=\"wp-video\"><!--[if lt IE 9]><script>document.createElement('video');<\/script><![endif]-->\n<video class=\"wp-video-shortcode\" id=\"video-3956-1\" width=\"1920\" height=\"1080\" preload=\"metadata\" controls=\"controls\"><source type=\"video\/mp4\" src=\"https:\/\/ac-truck.com\/wp-content\/uploads\/2025\/12\/\u538b\u7f29\u65e0\u6c34\u5370.mp4?_=1\" \/><a href=\"https:\/\/ac-truck.com\/wp-content\/uploads\/2025\/12\/\u538b\u7f29\u65e0\u6c34\u5370.mp4\">https:\/\/ac-truck.com\/wp-content\/uploads\/2025\/12\/\u538b\u7f29\u65e0\u6c34\u5370.mp4<\/a><\/video><\/div>\n<table>\n<tbody>\n<tr class=\"ue-table-interlace-color-single firstRow\">\n<td valign=\"top\" width=\"743\"><strong>\u00a0 <a href=\"https:\/\/ac-truck.com\/es\/product-category\/sanitation-equipment\/garbage-trucks.html\/\">Nombre de marca<\/a><\/strong><\/td>\n<td align=\"center\" valign=\"top\" width=\"743\"><a href=\"http:\/\/www.dongfeng.com\"><strong>dong feng<\/strong><\/a><\/td>\n<\/tr>\n<tr class=\"ue-table-interlace-color-double\">\n<td valign=\"top\" width=\"743\"><strong>\u00a0 Dimensiones generales (mm)<\/strong><\/td>\n<td align=\"center\" valign=\"top\" width=\"743\"><strong>5995\u00d72090\u00d72810<\/strong><\/td>\n<\/tr>\n<tr class=\"ue-table-interlace-color-single\">\n<td valign=\"top\" width=\"743\"><strong>\u00a0 Volumen del contenedor de basura correspondiente (m\u00b3)<\/strong><\/td>\n<td align=\"center\" valign=\"top\" width=\"743\"><strong>4-6<\/strong><\/td>\n<\/tr>\n<tr class=\"ue-table-interlace-color-double\">\n<td colspan=\"1\" rowspan=\"1\" valign=\"top\"><strong>\u00a0 Tiempo de ciclo \u00fanico (s)<\/strong><\/td>\n<td colspan=\"1\" rowspan=\"1\" align=\"center\" valign=\"top\"><strong>Sube y baja una vez, tiempo de ciclo de trabajo \u2264 60S<\/strong><\/td>\n<\/tr>\n<tr class=\"ue-table-interlace-color-single\">\n<td colspan=\"1\" rowspan=\"1\" valign=\"top\"><strong>\u00a0 Tiempo(s) de descarga<\/strong><\/td>\n<td colspan=\"1\" rowspan=\"1\" align=\"center\" valign=\"top\"><strong>\u226440<\/strong><\/td>\n<\/tr>\n<tr class=\"ue-table-interlace-color-double\">\n<td colspan=\"1\" rowspan=\"1\" valign=\"top\"><strong>\u00a0 Configuraci\u00f3n est\u00e1ndar<\/strong><\/td>\n<td colspan=\"1\" rowspan=\"1\" align=\"center\" valign=\"top\"><strong>Control hidr\u00e1ulico de v\u00e1lvula multiv\u00eda con cilindro de doble barra<\/strong><\/td>\n<\/tr>\n<tr class=\"ue-table-interlace-color-single\">\n<td colspan=\"1\" rowspan=\"1\" valign=\"top\"><strong>\u00a0 Sistema de control<\/strong><\/td>\n<td colspan=\"1\" rowspan=\"1\" align=\"center\" valign=\"top\"><strong>Control manual (operaci\u00f3n autom\u00e1tica manual opcional)<\/strong><\/td>\n<\/tr>\n<tr class=\"ue-table-interlace-color-double\">\n<td colspan=\"1\" rowspan=\"1\" valign=\"top\"><strong>\u00a0 Capacidad de carga nominal (kg)<\/strong><\/td>\n<td colspan=\"1\" rowspan=\"1\" align=\"center\" valign=\"top\"><strong>3460<\/strong><\/td>\n<\/tr>\n<tr class=\"ue-table-interlace-color-single\">\n<td colspan=\"1\" rowspan=\"1\" valign=\"top\"><strong>\u00a0 Caja de cambios<\/strong><\/td>\n<td colspan=\"1\" rowspan=\"1\" align=\"center\" valign=\"top\"><strong>Autom\u00e1tico de 6 velocidades<\/strong><\/td>\n<\/tr>\n<tr class=\"ue-table-interlace-color-double\">\n<td valign=\"top\" width=\"743\"><strong>\u00a0 Masa total (kg)<\/strong><\/td>\n<td align=\"center\" valign=\"top\" width=\"743\"><strong>7360<\/strong><\/td>\n<\/tr>\n<tr class=\"ue-table-interlace-color-single\">\n<td valign=\"top\" width=\"743\"><strong>\u00a0 Peso en vac\u00edo (kg)<\/strong><\/td>\n<td align=\"center\" valign=\"top\" width=\"743\"><strong>3770<\/strong><\/td>\n<\/tr>\n<tr class=\"ue-table-interlace-color-double\">\n<td colspan=\"1\" rowspan=\"1\" valign=\"top\"><strong>\u00a0 Velocidad m\u00e1xima (km\/h)<\/strong><\/td>\n<td colspan=\"1\" rowspan=\"1\" align=\"center\" valign=\"top\"><strong>110<\/strong><\/td>\n<\/tr>\n<tr class=\"ue-table-interlace-color-single\">\n<td colspan=\"1\" rowspan=\"1\" valign=\"top\"><strong>\u00a0 Especificaciones de los neum\u00e1ticos<\/strong><\/td>\n<td colspan=\"1\" rowspan=\"1\" align=\"center\" valign=\"top\"><strong>7.00R16<\/strong><\/td>\n<\/tr>\n<\/tbody>\n<\/table>\n<p><img fetchpriority=\"high\" decoding=\"async\" class=\"aligncenter wp-image-3967 size-full\" title=\"Diagrama de an\u00e1lisis de contenedores de salto\" src=\"https:\/\/ac-truck.com\/wp-content\/uploads\/2025\/09\/6-250FQA100620.png\" alt=\"Diagrama de an\u00e1lisis de contenedores de salto\" width=\"1555\" height=\"1071\" srcset=\"https:\/\/ac-truck.com\/wp-content\/uploads\/2025\/09\/6-250FQA100620.png 1555w, https:\/\/ac-truck.com\/wp-content\/uploads\/2025\/09\/6-250FQA100620-300x207.png 300w, https:\/\/ac-truck.com\/wp-content\/uploads\/2025\/09\/6-250FQA100620-1024x705.png 1024w, https:\/\/ac-truck.com\/wp-content\/uploads\/2025\/09\/6-250FQA100620-768x529.png 768w, https:\/\/ac-truck.com\/wp-content\/uploads\/2025\/09\/6-250FQA100620-1536x1058.png 1536w, https:\/\/ac-truck.com\/wp-content\/uploads\/2025\/09\/6-250FQA100620-18x12.png 18w, https:\/\/ac-truck.com\/wp-content\/uploads\/2025\/09\/6-250FQA100620-600x413.png 600w, https:\/\/ac-truck.com\/wp-content\/uploads\/2025\/09\/6-250FQA100620-150x103.png 150w\" sizes=\"(max-width: 1555px) 100vw, 1555px\" \/> <img decoding=\"async\" class=\"aligncenter wp-image-3965 size-full\" title=\"Gr\u00e1fico de escena de contenedores de basura\" src=\"https:\/\/ac-truck.com\/wp-content\/uploads\/2025\/09\/6-250FQ45533542.png\" alt=\"Gr\u00e1fico de escena de contenedores de basura\" width=\"1555\" height=\"2161\" srcset=\"https:\/\/ac-truck.com\/wp-content\/uploads\/2025\/09\/6-250FQ45533542.png 1555w, https:\/\/ac-truck.com\/wp-content\/uploads\/2025\/09\/6-250FQ45533542-216x300.png 216w, https:\/\/ac-truck.com\/wp-content\/uploads\/2025\/09\/6-250FQ45533542-737x1024.png 737w, https:\/\/ac-truck.com\/wp-content\/uploads\/2025\/09\/6-250FQ45533542-768x1067.png 768w, https:\/\/ac-truck.com\/wp-content\/uploads\/2025\/09\/6-250FQ45533542-1105x1536.png 1105w, https:\/\/ac-truck.com\/wp-content\/uploads\/2025\/09\/6-250FQ45533542-1474x2048.png 1474w, https:\/\/ac-truck.com\/wp-content\/uploads\/2025\/09\/6-250FQ45533542-9x12.png 9w, https:\/\/ac-truck.com\/wp-content\/uploads\/2025\/09\/6-250FQ45533542-600x834.png 600w, https:\/\/ac-truck.com\/wp-content\/uploads\/2025\/09\/6-250FQ45533542-150x208.png 150w\" sizes=\"(max-width: 1555px) 100vw, 1555px\" \/> <img decoding=\"async\" class=\"aligncenter wp-image-3966 size-full\" title=\"Piezas de contenedores de basura\" src=\"https:\/\/ac-truck.com\/wp-content\/uploads\/2025\/09\/6-250FQ45541553.png\" alt=\"Piezas de contenedores de basura\" width=\"1555\" height=\"2039\" srcset=\"https:\/\/ac-truck.com\/wp-content\/uploads\/2025\/09\/6-250FQ45541553.png 1555w, https:\/\/ac-truck.com\/wp-content\/uploads\/2025\/09\/6-250FQ45541553-229x300.png 229w, https:\/\/ac-truck.com\/wp-content\/uploads\/2025\/09\/6-250FQ45541553-781x1024.png 781w, https:\/\/ac-truck.com\/wp-content\/uploads\/2025\/09\/6-250FQ45541553-768x1007.png 768w, https:\/\/ac-truck.com\/wp-content\/uploads\/2025\/09\/6-250FQ45541553-1171x1536.png 1171w, https:\/\/ac-truck.com\/wp-content\/uploads\/2025\/09\/6-250FQ45541553-9x12.png 9w, https:\/\/ac-truck.com\/wp-content\/uploads\/2025\/09\/6-250FQ45541553-600x787.png 600w, https:\/\/ac-truck.com\/wp-content\/uploads\/2025\/09\/6-250FQ45541553-150x197.png 150w\" sizes=\"(max-width: 1555px) 100vw, 1555px\" \/> <img loading=\"lazy\" decoding=\"async\" class=\"aligncenter wp-image-3964 size-full\" title=\"Proceso de producci\u00f3n de contenedores de basura\" src=\"https:\/\/ac-truck.com\/wp-content\/uploads\/2025\/09\/6-250F2103405637.png\" alt=\"Proceso de producci\u00f3n de contenedores de basura\" width=\"1555\" height=\"2086\" srcset=\"https:\/\/ac-truck.com\/wp-content\/uploads\/2025\/09\/6-250F2103405637.png 1555w, https:\/\/ac-truck.com\/wp-content\/uploads\/2025\/09\/6-250F2103405637-224x300.png 224w, https:\/\/ac-truck.com\/wp-content\/uploads\/2025\/09\/6-250F2103405637-763x1024.png 763w, https:\/\/ac-truck.com\/wp-content\/uploads\/2025\/09\/6-250F2103405637-768x1030.png 768w, https:\/\/ac-truck.com\/wp-content\/uploads\/2025\/09\/6-250F2103405637-1145x1536.png 1145w, https:\/\/ac-truck.com\/wp-content\/uploads\/2025\/09\/6-250F2103405637-1527x2048.png 1527w, https:\/\/ac-truck.com\/wp-content\/uploads\/2025\/09\/6-250F2103405637-9x12.png 9w, https:\/\/ac-truck.com\/wp-content\/uploads\/2025\/09\/6-250F2103405637-600x805.png 600w, https:\/\/ac-truck.com\/wp-content\/uploads\/2025\/09\/6-250F2103405637-150x201.png 150w\" sizes=\"(max-width: 1555px) 100vw, 1555px\" \/><\/p>","protected":false},"excerpt":{"rendered":"<p>Compactador de basura, recolector de residuos, compactador de basura, cami\u00f3n compactador de residuos, cami\u00f3n compactador de basura, compactador de basura, cami\u00f3n recolector de basura, cami\u00f3n compactador de basura<\/p>","protected":false},"featured_media":3957,"template":"","meta":[],"product_brand":[],"product_cat":[192],"product_tag":[198,199],"class_list":{"0":"post-3956","1":"product","2":"type-product","3":"status-publish","4":"has-post-thumbnail","6":"product_cat-garbage-trucks","7":"product_tag-skip-containers","8":"product_tag-6m","10":"first","11":"instock","12":"shipping-taxable","13":"product-type-simple"},"_links":{"self":[{"href":"https:\/\/ac-truck.com\/es\/wp-json\/wp\/v2\/product\/3956","targetHints":{"allow":["GET"]}}],"collection":[{"href":"https:\/\/ac-truck.com\/es\/wp-json\/wp\/v2\/product"}],"about":[{"href":"https:\/\/ac-truck.com\/es\/wp-json\/wp\/v2\/types\/product"}],"version-history":[{"count":2,"href":"https:\/\/ac-truck.com\/es\/wp-json\/wp\/v2\/product\/3956\/revisions"}],"predecessor-version":[{"id":7927,"href":"https:\/\/ac-truck.com\/es\/wp-json\/wp\/v2\/product\/3956\/revisions\/7927"}],"wp:featuredmedia":[{"embeddable":true,"href":"https:\/\/ac-truck.com\/es\/wp-json\/wp\/v2\/media\/3957"}],"wp:attachment":[{"href":"https:\/\/ac-truck.com\/es\/wp-json\/wp\/v2\/media?parent=3956"}],"wp:term":[{"taxonomy":"product_brand","embeddable":true,"href":"https:\/\/ac-truck.com\/es\/wp-json\/wp\/v2\/product_brand?post=3956"},{"taxonomy":"product_cat","embeddable":true,"href":"https:\/\/ac-truck.com\/es\/wp-json\/wp\/v2\/product_cat?post=3956"},{"taxonomy":"product_tag","embeddable":true,"href":"https:\/\/ac-truck.com\/es\/wp-json\/wp\/v2\/product_tag?post=3956"}],"curies":[{"name":"wp","href":"https:\/\/api.w.org\/{rel}","templated":true}]}}