{"id":4183,"date":"2025-09-08T16:11:42","date_gmt":"2025-09-08T08:11:42","guid":{"rendered":"https:\/\/ac-truck.com\/?post_type=product&#038;p=4183"},"modified":"2025-09-10T11:36:12","modified_gmt":"2025-09-10T03:36:12","slug":"sprinkler-truck-sinotruk-11000l","status":"publish","type":"product","link":"https:\/\/ac-truck.com\/es\/sprinkler-truck-sinotruk-11000l.html","title":{"rendered":"Cami\u00f3n rociador Sinotruk 11000L"},"content":{"rendered":"<table>\n<tbody>\n<tr class=\"firstRow\">\n<td valign=\"top\" width=\"653\"><strong>Marca del chasis<\/strong><\/td>\n<td align=\"center\" valign=\"top\" width=\"833\"><a href=\"http:\/\/sinotruk.com\"><strong>Sinotruk<\/strong><\/a><\/td>\n<\/tr>\n<tr>\n<td colspan=\"1\" rowspan=\"1\" valign=\"top\" width=\"653\"><strong>Dimensiones totales (mm)<\/strong><\/td>\n<td colspan=\"1\" rowspan=\"1\" align=\"center\" valign=\"top\" width=\"90\"><strong>8500*2550*3200<\/strong><\/td>\n<\/tr>\n<tr>\n<td colspan=\"1\" rowspan=\"1\" valign=\"top\" width=\"653\"><strong>Tama\u00f1o del tanque de agua (mm)<\/strong><\/td>\n<td colspan=\"1\" rowspan=\"1\" align=\"center\" valign=\"top\" width=\"90\"><strong>5000*2300*1520<\/strong><\/td>\n<\/tr>\n<tr>\n<td colspan=\"1\" rowspan=\"1\" valign=\"top\" width=\"653\"><strong><a href=\"http:\/\/ac-truck.com\/es\/\">Tanque<\/a> volumen(L)<\/strong><\/td>\n<td colspan=\"1\" rowspan=\"1\" align=\"center\" valign=\"top\" width=\"90\"><strong>11000<\/strong><\/td>\n<\/tr>\n<tr>\n<td colspan=\"1\" rowspan=\"1\" valign=\"top\" width=\"653\"><strong>Masa total (kg)<\/strong><\/td>\n<td colspan=\"1\" rowspan=\"1\" align=\"center\" valign=\"top\" width=\"90\"><strong>18000<\/strong><\/td>\n<\/tr>\n<tr>\n<td colspan=\"1\" rowspan=\"1\" valign=\"top\" width=\"653\"><strong>Masa del veh\u00edculo vac\u00edo (kg)<\/strong><\/td>\n<td colspan=\"1\" rowspan=\"1\" align=\"center\" valign=\"top\" width=\"90\"><strong>6910<\/strong><\/td>\n<\/tr>\n<tr>\n<td colspan=\"1\" rowspan=\"1\" valign=\"top\" width=\"653\"><strong>Masa de carga nominal (kg)<\/strong><\/td>\n<td colspan=\"1\" rowspan=\"1\" align=\"center\" valign=\"top\" width=\"90\"><strong>10960<\/strong><\/td>\n<\/tr>\n<tr>\n<td colspan=\"1\" rowspan=\"1\" valign=\"top\" width=\"653\"><strong>Distancia entre ejes (mm)<\/strong><\/td>\n<td colspan=\"1\" rowspan=\"1\" align=\"center\" valign=\"top\" width=\"90\"><strong>4500<\/strong><\/td>\n<\/tr>\n<tr>\n<td colspan=\"1\" rowspan=\"1\" valign=\"top\" width=\"653\"><strong>Modelo de motor<\/strong><\/td>\n<td colspan=\"1\" rowspan=\"1\" align=\"center\" valign=\"top\" width=\"90\"><strong>WeiChai, 140 kW<br \/>\n<\/strong><\/td>\n<\/tr>\n<tr>\n<td colspan=\"1\" rowspan=\"1\" valign=\"top\" width=\"653\"><strong>Cilindrada del motor (ml)<\/strong><\/td>\n<td colspan=\"1\" rowspan=\"1\" align=\"center\" valign=\"top\" width=\"90\"><strong>4100<\/strong><\/td>\n<\/tr>\n<tr>\n<td colspan=\"1\" rowspan=\"1\" valign=\"top\" width=\"653\"><strong>Caja de cambios<\/strong><\/td>\n<td colspan=\"1\" rowspan=\"1\" align=\"center\" valign=\"top\" width=\"90\"><strong>HOWO de 8 velocidades<\/strong><\/td>\n<\/tr>\n<tr>\n<td colspan=\"1\" rowspan=\"1\" valign=\"top\" width=\"653\"><strong>Ejes delantero y trasero (T)<\/strong><\/td>\n<td colspan=\"1\" rowspan=\"1\" align=\"center\" valign=\"top\" width=\"90\"><strong>3.2\/8<\/strong><\/td>\n<\/tr>\n<tr>\n<td colspan=\"1\" rowspan=\"1\" valign=\"top\" width=\"653\"><strong>Freno<\/strong><\/td>\n<td colspan=\"1\" rowspan=\"1\" align=\"center\" valign=\"top\" width=\"90\"><strong>Freno de aire<\/strong><\/td>\n<\/tr>\n<tr>\n<td colspan=\"1\" rowspan=\"1\" valign=\"top\" width=\"653\"><strong>Normas de emisi\u00f3n<\/strong><\/td>\n<td colspan=\"1\" rowspan=\"1\" align=\"center\" valign=\"top\" width=\"90\"><strong>Euro 6 (se pueden seleccionar Euro 2~5)<\/strong><\/td>\n<\/tr>\n<tr>\n<td colspan=\"1\" rowspan=\"1\" valign=\"top\" width=\"653\"><strong>Alcance del ca\u00f1\u00f3n de agua (m)<\/strong><\/td>\n<td colspan=\"1\" rowspan=\"1\" align=\"center\" valign=\"top\" width=\"90\"><strong>30<\/strong><\/td>\n<\/tr>\n<tr>\n<td colspan=\"1\" rowspan=\"1\" valign=\"top\" width=\"653\"><strong>Ancho del aspersor (m)<\/strong><\/td>\n<td colspan=\"1\" rowspan=\"1\" align=\"center\" valign=\"top\" width=\"90\"><strong>&gt;15<\/strong><\/td>\n<\/tr>\n<tr>\n<td colspan=\"1\" rowspan=\"1\" valign=\"top\" width=\"653\"><strong>Elevaci\u00f3n de succi\u00f3n vertical (m)<\/strong><\/td>\n<td colspan=\"1\" rowspan=\"1\" align=\"center\" valign=\"top\" width=\"90\"><strong>&gt;7<\/strong><\/td>\n<\/tr>\n<tr>\n<td colspan=\"1\" rowspan=\"1\" valign=\"top\" width=\"653\"><strong>caudal de la bomba de agua (m\u00b3\/h)\/(l\/min)<\/strong><\/td>\n<td colspan=\"1\" rowspan=\"1\" align=\"center\" valign=\"top\" width=\"90\"><strong>60\/1000<\/strong><\/td>\n<\/tr>\n<tr>\n<td colspan=\"1\" rowspan=\"1\" valign=\"top\" width=\"653\"><strong>alcance de la bomba de agua (m)<\/strong><\/td>\n<td colspan=\"1\" rowspan=\"1\" align=\"center\" valign=\"top\" width=\"90\"><strong>35<\/strong><\/td>\n<\/tr>\n<tr>\n<td colspan=\"1\" rowspan=\"1\" valign=\"top\" width=\"653\" height=\"36\"><strong>Tama\u00f1o de los neum\u00e1ticos<\/strong><\/td>\n<td colspan=\"1\" rowspan=\"1\" align=\"center\" valign=\"top\" width=\"90\" height=\"36\"><strong>275\/80R22.5 18PR<\/strong><\/td>\n<\/tr>\n<tr>\n<td colspan=\"1\" rowspan=\"1\" valign=\"top\" width=\"653\"><strong>Configuraci\u00f3n est\u00e1ndar:<\/strong><\/td>\n<td colspan=\"1\" rowspan=\"1\" align=\"center\" valign=\"top\" width=\"90\"><strong>El cuerpo del tanque est\u00e1 fabricado en acero de alta calidad de 4 mm, con bomba de aspersi\u00f3n, ca\u00f1\u00f3n de aspersi\u00f3n, plataforma de trabajo, toma de fuerza, lavado frontal, aspersor trasero, boquilla universal, v\u00e1lvula de gravedad, filtro, v\u00e1lvula de distribuci\u00f3n, cabezal de aspersi\u00f3n, con funci\u00f3n autocebante y autodrenante.<\/strong><\/td>\n<\/tr>\n<tr>\n<td colspan=\"1\" rowspan=\"1\" valign=\"top\" width=\"653\"><strong>Equipamiento opcional:<\/strong><\/td>\n<td colspan=\"1\" rowspan=\"1\" align=\"center\" valign=\"top\" width=\"90\"><strong>Bandeja de poci\u00f3n en aerosol, bomba de poci\u00f3n, anticorrosi\u00f3n y antioxidante dentro del tanque de agua, juntas de entrada y salida de agua multidireccionales, v\u00e1lvulas solenoides, v\u00e1lvulas neum\u00e1ticas, etc. para satisfacer las necesidades de diferentes usuarios.<\/strong><\/td>\n<\/tr>\n<\/tbody>\n<\/table>\n<p><img fetchpriority=\"high\" decoding=\"async\" class=\"aligncenter wp-image-4180\" src=\"https:\/\/ac-truck.com\/wp-content\/uploads\/2025\/09\/6-250320154049D4-scaled.png\" alt=\"Water truck working diagram\" width=\"1242\" height=\"4555\" srcset=\"https:\/\/ac-truck.com\/wp-content\/uploads\/2025\/09\/6-250320154049D4-scaled.png 698w, https:\/\/ac-truck.com\/wp-content\/uploads\/2025\/09\/6-250320154049D4-82x300.png 82w, https:\/\/ac-truck.com\/wp-content\/uploads\/2025\/09\/6-250320154049D4-279x1024.png 279w, https:\/\/ac-truck.com\/wp-content\/uploads\/2025\/09\/6-250320154049D4-768x2818.png 768w, https:\/\/ac-truck.com\/wp-content\/uploads\/2025\/09\/6-250320154049D4-419x1536.png 419w, https:\/\/ac-truck.com\/wp-content\/uploads\/2025\/09\/6-250320154049D4-3x12.png 3w, https:\/\/ac-truck.com\/wp-content\/uploads\/2025\/09\/6-250320154049D4-600x2201.png 600w, https:\/\/ac-truck.com\/wp-content\/uploads\/2025\/09\/6-250320154049D4-150x550.png 150w\" sizes=\"(max-width: 1242px) 100vw, 1242px\" \/> <img decoding=\"async\" class=\"aligncenter wp-image-4181\" src=\"https:\/\/ac-truck.com\/wp-content\/uploads\/2025\/09\/6-250320154320W8-scaled.png\" alt=\"Water truck structure diagram\" width=\"1242\" height=\"4760\" srcset=\"https:\/\/ac-truck.com\/wp-content\/uploads\/2025\/09\/6-250320154320W8-scaled.png 668w, https:\/\/ac-truck.com\/wp-content\/uploads\/2025\/09\/6-250320154320W8-78x300.png 78w, https:\/\/ac-truck.com\/wp-content\/uploads\/2025\/09\/6-250320154320W8-267x1024.png 267w, https:\/\/ac-truck.com\/wp-content\/uploads\/2025\/09\/6-250320154320W8-768x2944.png 768w, https:\/\/ac-truck.com\/wp-content\/uploads\/2025\/09\/6-250320154320W8-401x1536.png 401w, https:\/\/ac-truck.com\/wp-content\/uploads\/2025\/09\/6-250320154320W8-534x2048.png 534w, https:\/\/ac-truck.com\/wp-content\/uploads\/2025\/09\/6-250320154320W8-3x12.png 3w, https:\/\/ac-truck.com\/wp-content\/uploads\/2025\/09\/6-250320154320W8-600x2300.png 600w, https:\/\/ac-truck.com\/wp-content\/uploads\/2025\/09\/6-250320154320W8-150x575.png 150w\" sizes=\"(max-width: 1242px) 100vw, 1242px\" \/><\/p>","protected":false},"excerpt":{"rendered":"<p>Chassis brand Sinotruk Overall dimensions(mm) 8500*2550*3200 Water tank size(mm) 5000*2300*1520 Tank volume(L) 11000 Total mass(kg) 18000 Empty vehicle mass(kg) 6910<\/p>","protected":false},"featured_media":4190,"template":"","meta":[],"product_brand":[217],"product_cat":[191],"product_tag":[214,218,219],"class_list":{"0":"post-4183","1":"product","2":"type-product","3":"status-publish","4":"has-post-thumbnail","6":"product_brand-sinotruk","7":"product_cat-water-trucks","8":"product_tag-water-truck","9":"product_tag-11000l","10":"product_tag-sprinkler-truck","12":"first","13":"instock","14":"featured","15":"shipping-taxable","16":"product-type-simple"},"_links":{"self":[{"href":"https:\/\/ac-truck.com\/es\/wp-json\/wp\/v2\/product\/4183","targetHints":{"allow":["GET"]}}],"collection":[{"href":"https:\/\/ac-truck.com\/es\/wp-json\/wp\/v2\/product"}],"about":[{"href":"https:\/\/ac-truck.com\/es\/wp-json\/wp\/v2\/types\/product"}],"version-history":[{"count":1,"href":"https:\/\/ac-truck.com\/es\/wp-json\/wp\/v2\/product\/4183\/revisions"}],"predecessor-version":[{"id":4191,"href":"https:\/\/ac-truck.com\/es\/wp-json\/wp\/v2\/product\/4183\/revisions\/4191"}],"wp:featuredmedia":[{"embeddable":true,"href":"https:\/\/ac-truck.com\/es\/wp-json\/wp\/v2\/media\/4190"}],"wp:attachment":[{"href":"https:\/\/ac-truck.com\/es\/wp-json\/wp\/v2\/media?parent=4183"}],"wp:term":[{"taxonomy":"product_brand","embeddable":true,"href":"https:\/\/ac-truck.com\/es\/wp-json\/wp\/v2\/product_brand?post=4183"},{"taxonomy":"product_cat","embeddable":true,"href":"https:\/\/ac-truck.com\/es\/wp-json\/wp\/v2\/product_cat?post=4183"},{"taxonomy":"product_tag","embeddable":true,"href":"https:\/\/ac-truck.com\/es\/wp-json\/wp\/v2\/product_tag?post=4183"}],"curies":[{"name":"wp","href":"https:\/\/api.w.org\/{rel}","templated":true}]}}