{"id":4468,"date":"2025-09-13T15:37:34","date_gmt":"2025-09-13T07:37:34","guid":{"rendered":"https:\/\/ac-truck.com\/?post_type=product&#038;p=4468"},"modified":"2025-09-13T15:48:19","modified_gmt":"2025-09-13T07:48:19","slug":"airport-fire-truck-man-6x6","status":"publish","type":"product","link":"https:\/\/ac-truck.com\/es\/airport-fire-truck-man-6x6.html","title":{"rendered":"Cami\u00f3n de bomberos del aeropuerto MAN 6X6"},"content":{"rendered":"<table data-sort=\"sortDisabled\">\n<tbody>\n<tr class=\"firstRow\">\n<td colspan=\"1\" rowspan=\"1\" align=\"center\" valign=\"top\"><strong>Modelo de chasis<\/strong><\/td>\n<td colspan=\"1\" rowspan=\"1\" align=\"center\" valign=\"top\"><a href=\"http:\/\/man.com\">MAN<\/a> TGS 33.510 6\u00d76 all-wheel drive<\/td>\n<\/tr>\n<tr>\n<td colspan=\"1\" rowspan=\"1\" align=\"center\" valign=\"top\"><strong>Modelo\/tipo de motor<\/strong><\/td>\n<td colspan=\"1\" rowspan=\"1\" align=\"center\" valign=\"top\">Motor di\u00e9sel turboalimentado con intercooler de 6 cilindros en l\u00ednea D2676LF98<\/td>\n<\/tr>\n<tr>\n<td colspan=\"1\" rowspan=\"1\" align=\"center\" valign=\"top\"><strong>Desplazamiento<\/strong><\/td>\n<td colspan=\"1\" rowspan=\"1\" align=\"center\" valign=\"top\">12.4 liters<\/td>\n<\/tr>\n<tr>\n<td colspan=\"1\" rowspan=\"1\" align=\"center\" valign=\"top\"><strong>Potencia neta m\u00e1xima del motor<\/strong><\/td>\n<td colspan=\"1\" rowspan=\"1\" align=\"center\" valign=\"top\">375 kW\/510 hp<\/td>\n<\/tr>\n<tr>\n<td colspan=\"1\" rowspan=\"1\" align=\"center\" valign=\"top\"><strong>Par m\u00e1ximo del motor<\/strong><\/td>\n<td colspan=\"1\" rowspan=\"1\" align=\"center\" valign=\"top\">2600Nm\/930-1350rpm<\/td>\n<\/tr>\n<tr>\n<td colspan=\"1\" rowspan=\"1\" align=\"center\" valign=\"top\"><strong>Velocidad m\u00e1xima a plena carga<\/strong><\/td>\n<td colspan=\"1\" rowspan=\"1\" align=\"center\" valign=\"top\">100km\/h<\/td>\n<\/tr>\n<tr>\n<td colspan=\"1\" rowspan=\"1\" align=\"center\" valign=\"top\"><strong>Emisi\u00f3n<\/strong><\/td>\n<td colspan=\"1\" rowspan=\"1\" align=\"center\" valign=\"top\">Euro VI<\/td>\n<\/tr>\n<tr>\n<td align=\"center\" valign=\"top\" width=\"760\"><strong>Transmisi\u00f3n<\/strong><\/td>\n<td align=\"center\" valign=\"top\" width=\"760\">Transmisi\u00f3n manual MAN TipMatic\u00ae, disposici\u00f3n de marchas: 12 marchas adelante + 2 marchas atr\u00e1s, caja de transferencia: G172<\/td>\n<\/tr>\n<tr>\n<td align=\"center\" valign=\"top\" width=\"760\"><strong>Distancia entre ejes<\/strong><\/td>\n<td align=\"center\" valign=\"top\" width=\"760\">4200mm+1400mm<\/td>\n<\/tr>\n<tr>\n<td align=\"center\" valign=\"top\" width=\"760\"><strong>Rendimiento de aceleraci\u00f3n<\/strong><\/td>\n<td align=\"center\" valign=\"top\" width=\"760\">Tiempo de aceleraci\u00f3n de 0 a 80 km\/h a plena carga \u226435 segundos<\/td>\n<\/tr>\n<tr>\n<td align=\"center\" valign=\"top\" width=\"760\"><strong>Capacidad de l\u00edquido<\/strong><\/td>\n<td align=\"center\" valign=\"top\" width=\"760\">agua 11000L, espuma 2000L<\/td>\n<\/tr>\n<tr>\n<td align=\"center\" valign=\"top\" width=\"760\"><a href=\"https:\/\/ac-truck.com\/es\/product-category\/emergency-rescue\/fire-trucks.html\/\"><strong>Bomba contra incendios<\/strong><\/a><\/td>\n<td align=\"center\" valign=\"top\" width=\"760\">Bomba contra incendios USA Hill CB10\/100-RSD<\/td>\n<\/tr>\n<tr>\n<td align=\"center\" valign=\"top\" width=\"760\"><strong>Flujo de la bomba<\/strong><\/td>\n<td align=\"center\" valign=\"top\" width=\"760\">6000L\/min, presi\u00f3n: 1,0MPa<\/td>\n<\/tr>\n<tr>\n<td align=\"center\" valign=\"top\" width=\"760\"><strong>Ca\u00f1\u00f3n de fuego de techo<\/strong><\/td>\n<td align=\"center\" valign=\"top\" width=\"760\">Ca\u00f1\u00f3n de fuego de techo el\u00e9ctrico con control remoto USA Elk PLKD10\/80-7200EXM<\/td>\n<\/tr>\n<tr>\n<td align=\"center\" valign=\"top\" width=\"760\"><strong>Campo de tiro de ca\u00f1ones de fuego de tejado<\/strong><\/td>\n<td align=\"center\" valign=\"top\" width=\"760\">agua \u226585m, espuma \u226575m<\/td>\n<\/tr>\n<tr>\n<td align=\"center\" valign=\"top\" width=\"760\"><strong>Ca\u00f1\u00f3n de fuego frontal<\/strong><\/td>\n<td align=\"center\" valign=\"top\" width=\"760\">Ca\u00f1\u00f3n de fuego frontal con control remoto el\u00e9ctrico USA Elk PLKD10\/24-7100EXM<\/td>\n<\/tr>\n<tr>\n<td align=\"center\" valign=\"top\" width=\"760\"><strong>Campo de tiro de ca\u00f1ones de fuego frontal<\/strong><\/td>\n<td align=\"center\" valign=\"top\" width=\"760\">agua \u226555m, espuma \u226542m<\/td>\n<\/tr>\n<tr>\n<td colspan=\"2\" rowspan=\"1\" align=\"center\" valign=\"top\"><strong>otro<\/strong>El principal cami\u00f3n de bomberos de espuma del aeropuerto tiene un dise\u00f1o innovador que combina conceptos de dise\u00f1o avanzados nacionales e internacionales con las necesidades reales de extinci\u00f3n de incendios.<\/p>\n<p>Todo el veh\u00edculo cuenta con m\u00faltiples medidas de protecci\u00f3n de seguridad y sus par\u00e1metros t\u00e9cnicos y de rendimiento est\u00e1n a un nivel avanzado.<\/p>\n<p>Utiliza un chasis todoterreno Mercedes-Benz 6\u00d76 con tracci\u00f3n en las cuatro ruedas, una gran capacidad de l\u00edquido y est\u00e1 equipado con un sistema de espuma convencional de clase B, especialmente dise\u00f1ado para combatir incendios de clase A y clase B en aeropuertos. El veh\u00edculo ofrece un excelente rendimiento de aceleraci\u00f3n (tiempo de aceleraci\u00f3n de 0 a 80 km\/h en cambios continuos \u226435 segundos), y la cabina est\u00e1 equipada con un bot\u00f3n para controlar r\u00e1pidamente el agua y la espuma. La carrocer\u00eda de aleaci\u00f3n de aluminio es ligera, robusta y resistente a la corrosi\u00f3n. Puede transportar diversos equipos de rescate de emergencia; es la opci\u00f3n preferida para la extinci\u00f3n de incendios en aeropuertos.<\/td>\n<\/tr>\n<\/tbody>\n<\/table>\n<p><img fetchpriority=\"high\" decoding=\"async\" class=\"aligncenter wp-image-4718 size-full\" src=\"https:\/\/ac-truck.com\/wp-content\/uploads\/2025\/09\/6-250F111125X09.jpg\" alt=\"cami\u00f3n de bomberos\" width=\"1400\" height=\"766\" srcset=\"https:\/\/ac-truck.com\/wp-content\/uploads\/2025\/09\/6-250F111125X09.jpg 1400w, https:\/\/ac-truck.com\/wp-content\/uploads\/2025\/09\/6-250F111125X09-300x164.jpg 300w, https:\/\/ac-truck.com\/wp-content\/uploads\/2025\/09\/6-250F111125X09-1024x560.jpg 1024w, https:\/\/ac-truck.com\/wp-content\/uploads\/2025\/09\/6-250F111125X09-768x420.jpg 768w, https:\/\/ac-truck.com\/wp-content\/uploads\/2025\/09\/6-250F111125X09-18x10.jpg 18w, https:\/\/ac-truck.com\/wp-content\/uploads\/2025\/09\/6-250F111125X09-600x328.jpg 600w, https:\/\/ac-truck.com\/wp-content\/uploads\/2025\/09\/6-250F111125X09-150x82.jpg 150w\" sizes=\"(max-width: 1400px) 100vw, 1400px\" \/> <img decoding=\"async\" class=\"aligncenter wp-image-4720\" src=\"https:\/\/ac-truck.com\/wp-content\/uploads\/2025\/09\/6-250F11113032S.png\" alt=\"Fire truck key components\" width=\"1400\" height=\"1316\" srcset=\"https:\/\/ac-truck.com\/wp-content\/uploads\/2025\/09\/6-250F11113032S.png 1230w, https:\/\/ac-truck.com\/wp-content\/uploads\/2025\/09\/6-250F11113032S-300x282.png 300w, https:\/\/ac-truck.com\/wp-content\/uploads\/2025\/09\/6-250F11113032S-1024x962.png 1024w, https:\/\/ac-truck.com\/wp-content\/uploads\/2025\/09\/6-250F11113032S-768x722.png 768w, https:\/\/ac-truck.com\/wp-content\/uploads\/2025\/09\/6-250F11113032S-13x12.png 13w, https:\/\/ac-truck.com\/wp-content\/uploads\/2025\/09\/6-250F11113032S-600x564.png 600w, https:\/\/ac-truck.com\/wp-content\/uploads\/2025\/09\/6-250F11113032S-150x141.png 150w\" sizes=\"(max-width: 1400px) 100vw, 1400px\" \/> <img decoding=\"async\" class=\"aligncenter wp-image-4719\" src=\"https:\/\/ac-truck.com\/wp-content\/uploads\/2025\/09\/6-250F111130W19.png\" alt=\"Fire truck key components\" width=\"1400\" height=\"1298\" srcset=\"https:\/\/ac-truck.com\/wp-content\/uploads\/2025\/09\/6-250F111130W19.png 1230w, https:\/\/ac-truck.com\/wp-content\/uploads\/2025\/09\/6-250F111130W19-300x278.png 300w, https:\/\/ac-truck.com\/wp-content\/uploads\/2025\/09\/6-250F111130W19-1024x949.png 1024w, https:\/\/ac-truck.com\/wp-content\/uploads\/2025\/09\/6-250F111130W19-768x712.png 768w, https:\/\/ac-truck.com\/wp-content\/uploads\/2025\/09\/6-250F111130W19-13x12.png 13w, https:\/\/ac-truck.com\/wp-content\/uploads\/2025\/09\/6-250F111130W19-600x556.png 600w, https:\/\/ac-truck.com\/wp-content\/uploads\/2025\/09\/6-250F111130W19-150x139.png 150w\" sizes=\"(max-width: 1400px) 100vw, 1400px\" \/> <img loading=\"lazy\" decoding=\"async\" class=\"aligncenter wp-image-4721\" src=\"https:\/\/ac-truck.com\/wp-content\/uploads\/2025\/09\/6-250F11113131Y.png\" alt=\"Fire truck key components\" width=\"1400\" height=\"1298\" srcset=\"https:\/\/ac-truck.com\/wp-content\/uploads\/2025\/09\/6-250F11113131Y.png 1230w, https:\/\/ac-truck.com\/wp-content\/uploads\/2025\/09\/6-250F11113131Y-300x278.png 300w, https:\/\/ac-truck.com\/wp-content\/uploads\/2025\/09\/6-250F11113131Y-1024x949.png 1024w, https:\/\/ac-truck.com\/wp-content\/uploads\/2025\/09\/6-250F11113131Y-768x712.png 768w, https:\/\/ac-truck.com\/wp-content\/uploads\/2025\/09\/6-250F11113131Y-13x12.png 13w, https:\/\/ac-truck.com\/wp-content\/uploads\/2025\/09\/6-250F11113131Y-600x556.png 600w, https:\/\/ac-truck.com\/wp-content\/uploads\/2025\/09\/6-250F11113131Y-150x139.png 150w\" sizes=\"(max-width: 1400px) 100vw, 1400px\" \/> <img loading=\"lazy\" decoding=\"async\" class=\"aligncenter wp-image-4722 size-full\" src=\"https:\/\/ac-truck.com\/wp-content\/uploads\/2025\/09\/6-2506301K125131.jpg\" alt=\"Fire truck operation panel\" width=\"1400\" height=\"852\" srcset=\"https:\/\/ac-truck.com\/wp-content\/uploads\/2025\/09\/6-2506301K125131.jpg 1400w, https:\/\/ac-truck.com\/wp-content\/uploads\/2025\/09\/6-2506301K125131-300x183.jpg 300w, https:\/\/ac-truck.com\/wp-content\/uploads\/2025\/09\/6-2506301K125131-1024x623.jpg 1024w, https:\/\/ac-truck.com\/wp-content\/uploads\/2025\/09\/6-2506301K125131-768x467.jpg 768w, https:\/\/ac-truck.com\/wp-content\/uploads\/2025\/09\/6-2506301K125131-18x12.jpg 18w, https:\/\/ac-truck.com\/wp-content\/uploads\/2025\/09\/6-2506301K125131-600x365.jpg 600w, https:\/\/ac-truck.com\/wp-content\/uploads\/2025\/09\/6-2506301K125131-150x91.jpg 150w\" sizes=\"(max-width: 1400px) 100vw, 1400px\" \/><\/p>","protected":false},"excerpt":{"rendered":"<p>Chassis model MAN TGS 33.510 6\u00d76 all-wheel drive Engine model\/type D2676LF98\/inline 6-cylinder turbocharged intercooled diesel engine Displacement 12.4 liters Engine<\/p>","protected":false},"featured_media":4723,"template":"","meta":[],"product_brand":[257],"product_cat":[182],"product_tag":[258,259,260],"class_list":{"0":"post-4468","1":"product","2":"type-product","3":"status-publish","4":"has-post-thumbnail","6":"product_brand-man","7":"product_cat-fire-trucks","8":"product_tag-airport-fire-truck","9":"product_tag-fire-truck","10":"product_tag-6x6","12":"first","13":"instock","14":"shipping-taxable","15":"product-type-simple"},"_links":{"self":[{"href":"https:\/\/ac-truck.com\/es\/wp-json\/wp\/v2\/product\/4468","targetHints":{"allow":["GET"]}}],"collection":[{"href":"https:\/\/ac-truck.com\/es\/wp-json\/wp\/v2\/product"}],"about":[{"href":"https:\/\/ac-truck.com\/es\/wp-json\/wp\/v2\/types\/product"}],"version-history":[{"count":2,"href":"https:\/\/ac-truck.com\/es\/wp-json\/wp\/v2\/product\/4468\/revisions"}],"predecessor-version":[{"id":4736,"href":"https:\/\/ac-truck.com\/es\/wp-json\/wp\/v2\/product\/4468\/revisions\/4736"}],"wp:featuredmedia":[{"embeddable":true,"href":"https:\/\/ac-truck.com\/es\/wp-json\/wp\/v2\/media\/4723"}],"wp:attachment":[{"href":"https:\/\/ac-truck.com\/es\/wp-json\/wp\/v2\/media?parent=4468"}],"wp:term":[{"taxonomy":"product_brand","embeddable":true,"href":"https:\/\/ac-truck.com\/es\/wp-json\/wp\/v2\/product_brand?post=4468"},{"taxonomy":"product_cat","embeddable":true,"href":"https:\/\/ac-truck.com\/es\/wp-json\/wp\/v2\/product_cat?post=4468"},{"taxonomy":"product_tag","embeddable":true,"href":"https:\/\/ac-truck.com\/es\/wp-json\/wp\/v2\/product_tag?post=4468"}],"curies":[{"name":"wp","href":"https:\/\/api.w.org\/{rel}","templated":true}]}}