{"id":4726,"date":"2025-09-13T15:35:54","date_gmt":"2025-09-13T07:35:54","guid":{"rendered":"https:\/\/ac-truck.com\/?post_type=product&#038;p=4726"},"modified":"2025-09-16T15:15:25","modified_gmt":"2025-09-16T07:15:25","slug":"4x4-all-terrain-off-road-fire-truck-shacman","status":"publish","type":"product","link":"https:\/\/ac-truck.com\/es\/4x4-all-terrain-off-road-fire-truck-shacman.html","title":{"rendered":"Cami\u00f3n de bomberos todoterreno 4X4 SHACMAN"},"content":{"rendered":"<table data-sort=\"sortDisabled\">\n<tbody>\n<tr class=\"firstRow\">\n<td align=\"center\" valign=\"top\" width=\"760\"><strong>Dimensiones<\/strong><\/td>\n<td align=\"center\" valign=\"top\" width=\"760\">\u22646400\u00d72400\u00d73200mm<\/td>\n<\/tr>\n<tr>\n<td align=\"center\" valign=\"top\" width=\"760\"><strong>Velocidad m\u00e1xima<\/strong><\/td>\n<td align=\"center\" valign=\"top\" width=\"760\">100km\/h<\/td>\n<\/tr>\n<tr>\n<td align=\"center\" valign=\"top\" width=\"760\"><strong>\u00c1ngulo de aproximaci\u00f3n\/\u00e1ngulo de salida<\/strong><\/td>\n<td align=\"center\" valign=\"top\" width=\"760\">\u226545\/45m<\/td>\n<\/tr>\n<tr>\n<td align=\"center\" valign=\"top\" width=\"760\"><strong>Maximum wading depth<\/strong><\/td>\n<td align=\"center\" valign=\"top\" width=\"760\">\u2265800L\/min<\/td>\n<\/tr>\n<tr>\n<td align=\"center\" valign=\"top\" width=\"760\"><strong>Capacidad del tanque de agua<\/strong><\/td>\n<td align=\"center\" valign=\"top\" width=\"760\">3000L<\/td>\n<\/tr>\n<tr>\n<td align=\"center\" valign=\"top\" width=\"760\"><strong>Capacidad del tanque de espuma<\/strong><\/td>\n<td align=\"center\" valign=\"top\" width=\"760\">300L<\/td>\n<\/tr>\n<tr>\n<td align=\"center\" valign=\"top\" width=\"760\"><strong>Caudal de la bomba\/pistola<\/strong><\/td>\n<td align=\"center\" valign=\"top\" width=\"760\">30L\/s\u00a0 1.0Mpa<\/td>\n<\/tr>\n<tr>\n<td align=\"center\" valign=\"top\" width=\"760\"><strong>Relaci\u00f3n de espuma<\/strong><\/td>\n<td align=\"center\" valign=\"top\" width=\"760\">0.1~3%<\/td>\n<\/tr>\n<tr>\n<td align=\"center\" valign=\"top\" width=\"760\"><strong>Fuerza m\u00e1xima de tracci\u00f3n<\/strong><\/td>\n<td align=\"center\" valign=\"top\" width=\"760\">50kN<\/td>\n<\/tr>\n<tr>\n<td colspan=\"2\" rowspan=\"1\" align=\"center\" valign=\"top\"><strong>otro<\/strong><\/p>\n<p>El cami\u00f3n de bomberos todoterreno de respuesta r\u00e1pida es un veh\u00edculo de rescate digital especial, dise\u00f1ado espec\u00edficamente para carreteras en mal estado, espacios reducidos y camiones de bomberos comunes de dif\u00edcil acceso a tiempo. Incorpora un sistema de tracci\u00f3n en las cuatro ruedas con suspensi\u00f3n independiente, con excelente capacidad de vadeo, gran capacidad para superar obst\u00e1culos, gran potencia, dise\u00f1o compacto y buena maniobrabilidad. La carrocer\u00eda incorpora un sistema compacto de espuma de aire comprimido con un consumo m\u00ednimo de agua, equipado con funciones de articulaci\u00f3n e iluminaci\u00f3n, ideal para operaciones de rescate y extinci\u00f3n de incendios en cualquier clima y terreno.<\/p>\n<p>Debido a su excelente capacidad todoterreno y sus excelentes funciones de extinci\u00f3n de incendios y rescate, es muy adecuado para la extinci\u00f3n de incendios forestales y de pastizales, el transporte de materiales y el rescate, y tambi\u00e9n se puede utilizar para el rescate en lugares con malas condiciones de la carretera, como carriles urbanos, carreteras inundadas y cruces urbano-rurales.<\/td>\n<\/tr>\n<tr>\n<td colspan=\"2\" rowspan=\"1\" align=\"center\" valign=\"top\">Este chasis Shacman 4\u00d74 se puede modificar para convertirlo en: cami\u00f3n de bomberos, RV, veh\u00edculo de rescate, etc.<\/p>\n<p>Se puede personalizar seg\u00fan los requisitos del cliente.<\/p>\n<p>Hay cabinas disponibles de una y dos filas.<\/td>\n<\/tr>\n<\/tbody>\n<\/table>","protected":false},"excerpt":{"rendered":"<p>Dimensions \u22646400\u00d72400\u00d73200mm Maximum speed 100km\/h Approach angle\/departure angle \u226545\/45m Maximum wading depth \u2265800L\/min Water tank capacity 3000L Foam tank capacity<\/p>","protected":false},"featured_media":4727,"template":"","meta":[],"product_brand":[247],"product_cat":[182],"product_tag":[259,278,279],"class_list":{"0":"post-4726","1":"product","2":"type-product","3":"status-publish","4":"has-post-thumbnail","6":"product_brand-shacman","7":"product_cat-fire-trucks","8":"product_tag-fire-truck","9":"product_tag-4x4","10":"product_tag-fire-engine","12":"first","13":"instock","14":"shipping-taxable","15":"product-type-simple"},"_links":{"self":[{"href":"https:\/\/ac-truck.com\/es\/wp-json\/wp\/v2\/product\/4726","targetHints":{"allow":["GET"]}}],"collection":[{"href":"https:\/\/ac-truck.com\/es\/wp-json\/wp\/v2\/product"}],"about":[{"href":"https:\/\/ac-truck.com\/es\/wp-json\/wp\/v2\/types\/product"}],"version-history":[{"count":1,"href":"https:\/\/ac-truck.com\/es\/wp-json\/wp\/v2\/product\/4726\/revisions"}],"predecessor-version":[{"id":4734,"href":"https:\/\/ac-truck.com\/es\/wp-json\/wp\/v2\/product\/4726\/revisions\/4734"}],"wp:featuredmedia":[{"embeddable":true,"href":"https:\/\/ac-truck.com\/es\/wp-json\/wp\/v2\/media\/4727"}],"wp:attachment":[{"href":"https:\/\/ac-truck.com\/es\/wp-json\/wp\/v2\/media?parent=4726"}],"wp:term":[{"taxonomy":"product_brand","embeddable":true,"href":"https:\/\/ac-truck.com\/es\/wp-json\/wp\/v2\/product_brand?post=4726"},{"taxonomy":"product_cat","embeddable":true,"href":"https:\/\/ac-truck.com\/es\/wp-json\/wp\/v2\/product_cat?post=4726"},{"taxonomy":"product_tag","embeddable":true,"href":"https:\/\/ac-truck.com\/es\/wp-json\/wp\/v2\/product_tag?post=4726"}],"curies":[{"name":"wp","href":"https:\/\/api.w.org\/{rel}","templated":true}]}}