{"id":5876,"date":"2025-11-13T12:04:07","date_gmt":"2025-11-13T04:04:07","guid":{"rendered":"https:\/\/ac-truck.com\/?post_type=product&#038;p=5876"},"modified":"2026-04-08T14:28:48","modified_gmt":"2026-04-08T06:28:48","slug":"6m%c2%b3garbage-compression-truck-isuzu","status":"publish","type":"product","link":"https:\/\/ac-truck.com\/es\/6m%C2%B3garbage-compression-truck-isuzu.html","title":{"rendered":"Cami\u00f3n compactador de basura ISUZU de 6 m\u00b3"},"content":{"rendered":"<div style=\"width: 1920px;\" class=\"wp-video\"><!--[if lt IE 9]><script>document.createElement('video');<\/script><![endif]-->\n<video class=\"wp-video-shortcode\" id=\"video-5876-1\" width=\"1920\" height=\"1080\" preload=\"metadata\" controls=\"controls\"><source type=\"video\/mp4\" src=\"https:\/\/ac-truck.com\/wp-content\/uploads\/2025\/12\/\u538b\u7f29\u65e0\u6c34\u5370.mp4?_=1\" \/><a href=\"https:\/\/ac-truck.com\/wp-content\/uploads\/2025\/12\/\u538b\u7f29\u65e0\u6c34\u5370.mp4\">https:\/\/ac-truck.com\/wp-content\/uploads\/2025\/12\/\u538b\u7f29\u65e0\u6c34\u5370.mp4<\/a><\/video><\/div>\n<p><img fetchpriority=\"high\" decoding=\"async\" class=\"aligncenter wp-image-5879\" src=\"https:\/\/ac-truck.com\/wp-content\/uploads\/2025\/11\/\u538b\u7f29\u5783\u573e\u8f66\u8be6\u60c5\u9875_01.webp\" alt=\"\" width=\"1234\" height=\"1685\" srcset=\"https:\/\/ac-truck.com\/wp-content\/uploads\/2025\/11\/\u538b\u7f29\u5783\u573e\u8f66\u8be6\u60c5\u9875_01.webp 752w, https:\/\/ac-truck.com\/wp-content\/uploads\/2025\/11\/\u538b\u7f29\u5783\u573e\u8f66\u8be6\u60c5\u9875_01-220x300.webp 220w, https:\/\/ac-truck.com\/wp-content\/uploads\/2025\/11\/\u538b\u7f29\u5783\u573e\u8f66\u8be6\u60c5\u9875_01-750x1024.webp 750w, https:\/\/ac-truck.com\/wp-content\/uploads\/2025\/11\/\u538b\u7f29\u5783\u573e\u8f66\u8be6\u60c5\u9875_01-9x12.webp 9w, https:\/\/ac-truck.com\/wp-content\/uploads\/2025\/11\/\u538b\u7f29\u5783\u573e\u8f66\u8be6\u60c5\u9875_01-600x819.webp 600w, https:\/\/ac-truck.com\/wp-content\/uploads\/2025\/11\/\u538b\u7f29\u5783\u573e\u8f66\u8be6\u60c5\u9875_01-150x205.webp 150w\" sizes=\"(max-width: 1234px) 100vw, 1234px\" \/><\/p>\n<h1 style=\"text-align: center;\"><strong>PAR\u00c1METROS DEL PRODUCTO<\/strong><\/h1>\n<p><img decoding=\"async\" class=\"aligncenter wp-image-5880\" src=\"https:\/\/ac-truck.com\/wp-content\/uploads\/2025\/11\/\u538b\u7f29\u5783\u573e\u8f66\u8be6\u60c5\u9875_03.webp\" alt=\"\" width=\"1234\" height=\"492\" srcset=\"https:\/\/ac-truck.com\/wp-content\/uploads\/2025\/11\/\u538b\u7f29\u5783\u573e\u8f66\u8be6\u60c5\u9875_03.webp 752w, https:\/\/ac-truck.com\/wp-content\/uploads\/2025\/11\/\u538b\u7f29\u5783\u573e\u8f66\u8be6\u60c5\u9875_03-300x120.webp 300w, https:\/\/ac-truck.com\/wp-content\/uploads\/2025\/11\/\u538b\u7f29\u5783\u573e\u8f66\u8be6\u60c5\u9875_03-18x7.webp 18w, https:\/\/ac-truck.com\/wp-content\/uploads\/2025\/11\/\u538b\u7f29\u5783\u573e\u8f66\u8be6\u60c5\u9875_03-600x239.webp 600w, https:\/\/ac-truck.com\/wp-content\/uploads\/2025\/11\/\u538b\u7f29\u5783\u573e\u8f66\u8be6\u60c5\u9875_03-150x60.webp 150w\" sizes=\"(max-width: 1234px) 100vw, 1234px\" \/><\/p>\n<h2 style=\"text-align: center;\">Cami\u00f3n compactador de basura ISUZU de 6 m\u00b3<\/h2>\n<table>\n<tbody>\n<tr>\n<td width=\"85\"><strong>proyecto<\/strong><\/td>\n<td width=\"296\"><strong>Descripciones<\/strong><\/td>\n<td width=\"317\"><strong>Presupuesto<\/strong><\/td>\n<\/tr>\n<tr>\n<td rowspan=\"4\" width=\"85\"><strong>General<\/strong><\/td>\n<td width=\"296\"><strong>Dimensiones totales (mm)<\/strong><\/td>\n<td width=\"317\"><strong>5995*2050*2520<\/strong><\/td>\n<\/tr>\n<tr>\n<td width=\"296\"><strong>peso en vac\u00edo (Kg)<\/strong><\/td>\n<td width=\"317\"><strong>5280<\/strong><\/td>\n<\/tr>\n<tr>\n<td width=\"296\"><strong>Capacidad de carga (Kg)<\/strong><\/td>\n<td width=\"317\"><strong>1890<\/strong><\/td>\n<\/tr>\n<tr>\n<td width=\"296\"><strong>Masa total (Kg)<\/strong><\/td>\n<td width=\"317\"><strong>7300<\/strong><\/td>\n<\/tr>\n<tr>\n<td rowspan=\"3\" width=\"85\"><strong>Cuerpo<\/strong><\/td>\n<td width=\"296\"><strong>Volumen de la caja (m\u00b3)<\/strong><\/td>\n<td width=\"317\"><strong>6<\/strong><\/td>\n<\/tr>\n<tr>\n<td width=\"296\"><strong>Grosor de la caja<\/strong><\/td>\n<td width=\"317\"><strong>Q235 (la placa de acero al manganeso Q355 es opcional)<\/strong><\/td>\n<\/tr>\n<tr>\n<td width=\"296\"><strong>Grosor de la caja (mm)<\/strong><\/td>\n<td width=\"317\"><strong>Side 4 bottom 5<\/strong><\/td>\n<\/tr>\n<tr>\n<td rowspan=\"8\" width=\"85\"><strong>Chasis<\/strong><\/p>\n<p>&nbsp;<\/td>\n<td width=\"296\"><strong>Marca del chasis<\/strong><\/td>\n<td width=\"317\"><strong>Isuzu<\/strong><\/td>\n<\/tr>\n<tr>\n<td width=\"296\"><strong>Formulario de conductor<\/strong><\/td>\n<td width=\"317\"><strong>4*2<\/strong><\/td>\n<\/tr>\n<tr>\n<td width=\"296\"><strong>Volante<\/strong><\/td>\n<td width=\"317\"><strong>Conducci\u00f3n con volante a la izquierda<\/strong><\/td>\n<\/tr>\n<tr>\n<td width=\"296\"><strong>Distancia entre ejes (mm)<\/strong><\/td>\n<td width=\"317\"><strong>2795<\/strong><\/td>\n<\/tr>\n<tr>\n<td width=\"296\"><strong>Marca y modelo del motor<\/strong><\/td>\n<td width=\"317\"><strong>4KH1CN6LB<\/strong><\/td>\n<\/tr>\n<tr>\n<td width=\"296\"><strong>Potencia m\u00e1xima del motor (kW)<\/strong><\/td>\n<td width=\"317\"><strong>88<\/strong><\/td>\n<\/tr>\n<tr>\n<td width=\"296\"><strong>Normas de emisi\u00f3n<\/strong><\/td>\n<td width=\"317\"><strong>Euro 6<\/strong><\/td>\n<\/tr>\n<tr>\n<td width=\"296\"><strong>Caja de cambios<\/strong><\/td>\n<td width=\"317\"><strong>5-speed gearbox<\/strong><\/td>\n<\/tr>\n<\/tbody>\n<\/table>\n<p>&nbsp;<\/p>\n<h1 style=\"text-align: center;\"><strong>VENTAJAS DE LOS CAMIONES<\/strong><\/h1>\n<h5 style=\"text-align: center;\">ACCESORIOS PRINCIPALES DEL SISTEMA HIDR\u00c1ULICO<\/h5>\n<p><img decoding=\"async\" class=\"aligncenter wp-image-5881\" src=\"https:\/\/ac-truck.com\/wp-content\/uploads\/2025\/11\/\u538b\u7f29\u5783\u573e\u8f66\u8be6\u60c5\u9875_05.webp\" alt=\"\" width=\"1234\" height=\"2353\" srcset=\"https:\/\/ac-truck.com\/wp-content\/uploads\/2025\/11\/\u538b\u7f29\u5783\u573e\u8f66\u8be6\u60c5\u9875_05.webp 752w, https:\/\/ac-truck.com\/wp-content\/uploads\/2025\/11\/\u538b\u7f29\u5783\u573e\u8f66\u8be6\u60c5\u9875_05-157x300.webp 157w, https:\/\/ac-truck.com\/wp-content\/uploads\/2025\/11\/\u538b\u7f29\u5783\u573e\u8f66\u8be6\u60c5\u9875_05-537x1024.webp 537w, https:\/\/ac-truck.com\/wp-content\/uploads\/2025\/11\/\u538b\u7f29\u5783\u573e\u8f66\u8be6\u60c5\u9875_05-6x12.webp 6w, https:\/\/ac-truck.com\/wp-content\/uploads\/2025\/11\/\u538b\u7f29\u5783\u573e\u8f66\u8be6\u60c5\u9875_05-600x1144.webp 600w, https:\/\/ac-truck.com\/wp-content\/uploads\/2025\/11\/\u538b\u7f29\u5783\u573e\u8f66\u8be6\u60c5\u9875_05-150x286.webp 150w\" sizes=\"(max-width: 1234px) 100vw, 1234px\" \/><\/p>\n<p style=\"text-align: left;\"><strong>1.Hydraulic Cylinder: Multiple &#8211; section cylinders extend sequentially to provide a larger compression stroke, enabling multiple compressions of the garbage.<\/strong><br \/>\n<strong>2.Hydraulic Oil Pump: Supplies high &#8211; flow hydraulic oil to ensure a rapid response to the compression action.<\/strong><br \/>\n<strong>3. Colector de presi\u00f3n de aceite: Ajusta la velocidad telesc\u00f3pica del cilindro. Funciona a baja velocidad y alta presi\u00f3n durante la compresi\u00f3n y a alta velocidad y baja presi\u00f3n durante la carrera de retorno para optimizar la eficiencia del ciclo.<\/strong><br \/>\n<strong>4.Back &#8211; pressure Valve: Stabilizes the pressure of the hydraulic system, improves the garbage compression efficiency, and protects the hydraulic components and the system.<\/strong><br \/>\n<strong>5.Special Hydraulic Oil Tank: The large &#8211; capacity tank is equipped with an efficient heat &#8211; dissipation device (air &#8211; cooled \/ water &#8211; cooled) to ensure the stable temperature of the hydraulic oil during continuous operation.<\/strong><\/p>\n<h1 style=\"text-align: center;\"><strong>ACCESORIOS PARA ESTRUCTURAS DE COMPRESI\u00d3N<\/strong><\/h1>\n<p><strong><img loading=\"lazy\" decoding=\"async\" class=\"aligncenter wp-image-5882\" src=\"https:\/\/ac-truck.com\/wp-content\/uploads\/2025\/11\/\u538b\u7f29\u5783\u573e\u8f66\u8be6\u60c5\u9875_07.webp\" alt=\"\" width=\"1234\" height=\"2199\" srcset=\"https:\/\/ac-truck.com\/wp-content\/uploads\/2025\/11\/\u538b\u7f29\u5783\u573e\u8f66\u8be6\u60c5\u9875_07.webp 752w, https:\/\/ac-truck.com\/wp-content\/uploads\/2025\/11\/\u538b\u7f29\u5783\u573e\u8f66\u8be6\u60c5\u9875_07-168x300.webp 168w, https:\/\/ac-truck.com\/wp-content\/uploads\/2025\/11\/\u538b\u7f29\u5783\u573e\u8f66\u8be6\u60c5\u9875_07-575x1024.webp 575w, https:\/\/ac-truck.com\/wp-content\/uploads\/2025\/11\/\u538b\u7f29\u5783\u573e\u8f66\u8be6\u60c5\u9875_07-7x12.webp 7w, https:\/\/ac-truck.com\/wp-content\/uploads\/2025\/11\/\u538b\u7f29\u5783\u573e\u8f66\u8be6\u60c5\u9875_07-600x1069.webp 600w, https:\/\/ac-truck.com\/wp-content\/uploads\/2025\/11\/\u538b\u7f29\u5783\u573e\u8f66\u8be6\u60c5\u9875_07-150x267.webp 150w\" sizes=\"(max-width: 1234px) 100vw, 1234px\" \/><\/strong><\/p>\n<p style=\"text-align: left;\"><strong>High &#8211; strength Push Plate<\/strong><br \/>\n<strong>Dispositivo de raspado vinculado<\/strong><br \/>\n<strong>C\u00e1mara de compresi\u00f3n<\/strong><br \/>\n<strong>Flat &#8211; push Main Cylinder<\/strong><br \/>\n<strong>Forward Movement of the Push &#8211; shovel Cylinder Base<\/strong><\/p>\n<h1 style=\"text-align: center;\"><strong>CONTENEDOR DE BASURA<\/strong><\/h1>\n<p><strong><img loading=\"lazy\" decoding=\"async\" class=\"aligncenter wp-image-5883\" src=\"https:\/\/ac-truck.com\/wp-content\/uploads\/2025\/11\/\u538b\u7f29\u5783\u573e\u8f66\u8be6\u60c5\u9875_09.webp\" alt=\"\" width=\"1234\" height=\"601\" srcset=\"https:\/\/ac-truck.com\/wp-content\/uploads\/2025\/11\/\u538b\u7f29\u5783\u573e\u8f66\u8be6\u60c5\u9875_09.webp 752w, https:\/\/ac-truck.com\/wp-content\/uploads\/2025\/11\/\u538b\u7f29\u5783\u573e\u8f66\u8be6\u60c5\u9875_09-300x146.webp 300w, https:\/\/ac-truck.com\/wp-content\/uploads\/2025\/11\/\u538b\u7f29\u5783\u573e\u8f66\u8be6\u60c5\u9875_09-18x9.webp 18w, https:\/\/ac-truck.com\/wp-content\/uploads\/2025\/11\/\u538b\u7f29\u5783\u573e\u8f66\u8be6\u60c5\u9875_09-600x292.webp 600w, https:\/\/ac-truck.com\/wp-content\/uploads\/2025\/11\/\u538b\u7f29\u5783\u573e\u8f66\u8be6\u60c5\u9875_09-150x73.webp 150w\" sizes=\"(max-width: 1234px) 100vw, 1234px\" \/><\/strong><\/p>\n<p style=\"text-align: left;\"><strong>Arc &#8211; shaped Box: The interior of the garbage bin is made of high &#8211; strength steel, and its surface is treated with anti &#8211; corrosion measures (such as spraying, electrophoretic coating, etc.) to extend its service life.<\/strong><\/p>\n<h1 style=\"text-align: center;\"><strong>ESTRUCTURA DE CARGA TRASERA<\/strong><\/h1>\n<p><strong><img loading=\"lazy\" decoding=\"async\" class=\"aligncenter wp-image-5884\" src=\"https:\/\/ac-truck.com\/wp-content\/uploads\/2025\/11\/\u538b\u7f29\u5783\u573e\u8f66\u8be6\u60c5\u9875_11.webp\" alt=\"\" width=\"1234\" height=\"1014\" srcset=\"https:\/\/ac-truck.com\/wp-content\/uploads\/2025\/11\/\u538b\u7f29\u5783\u573e\u8f66\u8be6\u60c5\u9875_11.webp 752w, https:\/\/ac-truck.com\/wp-content\/uploads\/2025\/11\/\u538b\u7f29\u5783\u573e\u8f66\u8be6\u60c5\u9875_11-300x247.webp 300w, https:\/\/ac-truck.com\/wp-content\/uploads\/2025\/11\/\u538b\u7f29\u5783\u573e\u8f66\u8be6\u60c5\u9875_11-15x12.webp 15w, https:\/\/ac-truck.com\/wp-content\/uploads\/2025\/11\/\u538b\u7f29\u5783\u573e\u8f66\u8be6\u60c5\u9875_11-600x493.webp 600w, https:\/\/ac-truck.com\/wp-content\/uploads\/2025\/11\/\u538b\u7f29\u5783\u573e\u8f66\u8be6\u60c5\u9875_11-150x123.webp 150w\" sizes=\"(max-width: 1234px) 100vw, 1234px\" \/><\/strong><\/p>\n<p style=\"text-align: left;\"><strong>Estructura de cuchar\u00f3n basculante trasero<\/strong><br \/>\n<strong>Estructura de cuchar\u00f3n triangular trasera<\/strong><br \/>\n<strong>Full &#8211; floor Bucket<\/strong><br \/>\n<strong>Rear Swing &#8211; arm Structure<\/strong><\/p>\n<h1 style=\"text-align: center;\"><strong>REDUCIR LA CONTAMINACI\u00d3N SECUNDARIA<\/strong><\/h1>\n<p><strong><img loading=\"lazy\" decoding=\"async\" class=\"aligncenter wp-image-5885\" src=\"https:\/\/ac-truck.com\/wp-content\/uploads\/2025\/11\/\u538b\u7f29\u5783\u573e\u8f66\u8be6\u60c5\u9875_13.webp\" alt=\"\" width=\"1234\" height=\"743\" srcset=\"https:\/\/ac-truck.com\/wp-content\/uploads\/2025\/11\/\u538b\u7f29\u5783\u573e\u8f66\u8be6\u60c5\u9875_13.webp 752w, https:\/\/ac-truck.com\/wp-content\/uploads\/2025\/11\/\u538b\u7f29\u5783\u573e\u8f66\u8be6\u60c5\u9875_13-300x181.webp 300w, https:\/\/ac-truck.com\/wp-content\/uploads\/2025\/11\/\u538b\u7f29\u5783\u573e\u8f66\u8be6\u60c5\u9875_13-18x12.webp 18w, https:\/\/ac-truck.com\/wp-content\/uploads\/2025\/11\/\u538b\u7f29\u5783\u573e\u8f66\u8be6\u60c5\u9875_13-600x361.webp 600w, https:\/\/ac-truck.com\/wp-content\/uploads\/2025\/11\/\u538b\u7f29\u5783\u573e\u8f66\u8be6\u60c5\u9875_13-150x90.webp 150w\" sizes=\"(max-width: 1234px) 100vw, 1234px\" \/><\/strong><\/p>\n<p style=\"text-align: left;\"><strong>tira de sellado<\/strong><br \/>\n<strong>Dise\u00f1o del sistema de alcantarillado<\/strong><\/p>\n<h1 style=\"text-align: center;\"><strong>OPERACI\u00d3N SENCILLA<\/strong><\/h1>\n<p><strong><img loading=\"lazy\" decoding=\"async\" class=\"aligncenter wp-image-5886\" src=\"https:\/\/ac-truck.com\/wp-content\/uploads\/2025\/11\/\u538b\u7f29\u5783\u573e\u8f66\u8be6\u60c5\u9875_15.webp\" alt=\"\" width=\"1234\" height=\"502\" srcset=\"https:\/\/ac-truck.com\/wp-content\/uploads\/2025\/11\/\u538b\u7f29\u5783\u573e\u8f66\u8be6\u60c5\u9875_15.webp 752w, https:\/\/ac-truck.com\/wp-content\/uploads\/2025\/11\/\u538b\u7f29\u5783\u573e\u8f66\u8be6\u60c5\u9875_15-300x122.webp 300w, https:\/\/ac-truck.com\/wp-content\/uploads\/2025\/11\/\u538b\u7f29\u5783\u573e\u8f66\u8be6\u60c5\u9875_15-18x7.webp 18w, https:\/\/ac-truck.com\/wp-content\/uploads\/2025\/11\/\u538b\u7f29\u5783\u573e\u8f66\u8be6\u60c5\u9875_15-600x244.webp 600w, https:\/\/ac-truck.com\/wp-content\/uploads\/2025\/11\/\u538b\u7f29\u5783\u573e\u8f66\u8be6\u60c5\u9875_15-150x61.webp 150w\" sizes=\"(max-width: 1234px) 100vw, 1234px\" \/><\/strong><\/p>\n<p style=\"text-align: left;\"><strong>Supports the switch between&#8221;automatic\/manual&#8221; modes.<\/strong><br \/>\n<strong>En el modo autom\u00e1tico, puede funcionar en un ciclo autom\u00e1tico seg\u00fan par\u00e1metros preestablecidos, mejorando la eficiencia operativa.<\/strong><\/p>\n<h1 style=\"text-align: center;\"><strong>DISE\u00d1O DE PROTECCI\u00d3N DE SEGURIDAD<\/strong><\/h1>\n<p><strong><img loading=\"lazy\" decoding=\"async\" class=\"aligncenter wp-image-5887\" src=\"https:\/\/ac-truck.com\/wp-content\/uploads\/2025\/11\/\u538b\u7f29\u5783\u573e\u8f66\u8be6\u60c5\u9875_17.webp\" alt=\"\" width=\"1234\" height=\"579\" srcset=\"https:\/\/ac-truck.com\/wp-content\/uploads\/2025\/11\/\u538b\u7f29\u5783\u573e\u8f66\u8be6\u60c5\u9875_17.webp 752w, https:\/\/ac-truck.com\/wp-content\/uploads\/2025\/11\/\u538b\u7f29\u5783\u573e\u8f66\u8be6\u60c5\u9875_17-300x141.webp 300w, https:\/\/ac-truck.com\/wp-content\/uploads\/2025\/11\/\u538b\u7f29\u5783\u573e\u8f66\u8be6\u60c5\u9875_17-18x8.webp 18w, https:\/\/ac-truck.com\/wp-content\/uploads\/2025\/11\/\u538b\u7f29\u5783\u573e\u8f66\u8be6\u60c5\u9875_17-600x282.webp 600w, https:\/\/ac-truck.com\/wp-content\/uploads\/2025\/11\/\u538b\u7f29\u5783\u573e\u8f66\u8be6\u60c5\u9875_17-150x70.webp 150w\" sizes=\"(max-width: 1234px) 100vw, 1234px\" \/><\/strong><\/p>\n<p style=\"text-align: left;\"><strong>Bot\u00f3n de parada de emergencia: Responde r\u00e1pidamente en caso de emergencia para garantizar la seguridad.<\/strong><br \/>\n<strong>Two &#8211; way Balance Valve: Achieves two &#8211; way load balancing and two &#8211; way safety locking.<\/strong><\/p>\n<h1 style=\"text-align: center;\"><strong>OTRAS CONFIGURACIONES<\/strong><\/h1>\n<p><strong><img loading=\"lazy\" decoding=\"async\" class=\"aligncenter wp-image-5888\" src=\"https:\/\/ac-truck.com\/wp-content\/uploads\/2025\/11\/\u538b\u7f29\u5783\u573e\u8f66\u8be6\u60c5\u9875_19.webp\" alt=\"\" width=\"1234\" height=\"354\" srcset=\"https:\/\/ac-truck.com\/wp-content\/uploads\/2025\/11\/\u538b\u7f29\u5783\u573e\u8f66\u8be6\u60c5\u9875_19.webp 752w, https:\/\/ac-truck.com\/wp-content\/uploads\/2025\/11\/\u538b\u7f29\u5783\u573e\u8f66\u8be6\u60c5\u9875_19-300x86.webp 300w, https:\/\/ac-truck.com\/wp-content\/uploads\/2025\/11\/\u538b\u7f29\u5783\u573e\u8f66\u8be6\u60c5\u9875_19-18x5.webp 18w, https:\/\/ac-truck.com\/wp-content\/uploads\/2025\/11\/\u538b\u7f29\u5783\u573e\u8f66\u8be6\u60c5\u9875_19-600x172.webp 600w, https:\/\/ac-truck.com\/wp-content\/uploads\/2025\/11\/\u538b\u7f29\u5783\u573e\u8f66\u8be6\u60c5\u9875_19-150x43.webp 150w\" sizes=\"(max-width: 1234px) 100vw, 1234px\" \/><\/strong><\/p>\n<p style=\"text-align: left;\"><strong>1.Hydraulic Oil Pipe: Features excellent oil resistance, corrosion resistance, temperature resistance, strong pressure &#8211; bearing capacity, and flexible bending performance.<\/strong><br \/>\n<strong>2.Hydraulic Oil Gauge: Monitors key parameters of the hydraulic system in real &#8211; time, provides early warning of malfunctions, and reduces downtime losses.<\/strong><br \/>\n<strong>3. Boquilla de engrase: Tiene una interfaz estandarizada, proporciona lubricaci\u00f3n sellada y prolonga la vida \u00fatil de los componentes.<\/strong><\/p>\n<h1 style=\"text-align: center;\"><strong>PROCESO DE PRODUCCI\u00d3N<\/strong><\/h1>\n<p><strong><img loading=\"lazy\" decoding=\"async\" class=\"aligncenter wp-image-5889\" src=\"https:\/\/ac-truck.com\/wp-content\/uploads\/2025\/11\/\u538b\u7f29\u5783\u573e\u8f66\u8be6\u60c5\u9875_21.webp\" alt=\"\" width=\"1234\" height=\"3042\" srcset=\"https:\/\/ac-truck.com\/wp-content\/uploads\/2025\/11\/\u538b\u7f29\u5783\u573e\u8f66\u8be6\u60c5\u9875_21.webp 752w, https:\/\/ac-truck.com\/wp-content\/uploads\/2025\/11\/\u538b\u7f29\u5783\u573e\u8f66\u8be6\u60c5\u9875_21-122x300.webp 122w, https:\/\/ac-truck.com\/wp-content\/uploads\/2025\/11\/\u538b\u7f29\u5783\u573e\u8f66\u8be6\u60c5\u9875_21-415x1024.webp 415w, https:\/\/ac-truck.com\/wp-content\/uploads\/2025\/11\/\u538b\u7f29\u5783\u573e\u8f66\u8be6\u60c5\u9875_21-623x1536.webp 623w, https:\/\/ac-truck.com\/wp-content\/uploads\/2025\/11\/\u538b\u7f29\u5783\u573e\u8f66\u8be6\u60c5\u9875_21-5x12.webp 5w, https:\/\/ac-truck.com\/wp-content\/uploads\/2025\/11\/\u538b\u7f29\u5783\u573e\u8f66\u8be6\u60c5\u9875_21-600x1479.webp 600w, https:\/\/ac-truck.com\/wp-content\/uploads\/2025\/11\/\u538b\u7f29\u5783\u573e\u8f66\u8be6\u60c5\u9875_21-150x370.webp 150w\" sizes=\"(max-width: 1234px) 100vw, 1234px\" \/> <img loading=\"lazy\" decoding=\"async\" class=\"aligncenter wp-image-5890\" src=\"https:\/\/ac-truck.com\/wp-content\/uploads\/2025\/11\/\u538b\u7f29\u5783\u573e\u8f66\u8be6\u60c5\u9875_22.webp\" alt=\"\" width=\"1234\" height=\"3047\" srcset=\"https:\/\/ac-truck.com\/wp-content\/uploads\/2025\/11\/\u538b\u7f29\u5783\u573e\u8f66\u8be6\u60c5\u9875_22.webp 752w, https:\/\/ac-truck.com\/wp-content\/uploads\/2025\/11\/\u538b\u7f29\u5783\u573e\u8f66\u8be6\u60c5\u9875_22-121x300.webp 121w, https:\/\/ac-truck.com\/wp-content\/uploads\/2025\/11\/\u538b\u7f29\u5783\u573e\u8f66\u8be6\u60c5\u9875_22-415x1024.webp 415w, https:\/\/ac-truck.com\/wp-content\/uploads\/2025\/11\/\u538b\u7f29\u5783\u573e\u8f66\u8be6\u60c5\u9875_22-622x1536.webp 622w, https:\/\/ac-truck.com\/wp-content\/uploads\/2025\/11\/\u538b\u7f29\u5783\u573e\u8f66\u8be6\u60c5\u9875_22-5x12.webp 5w, https:\/\/ac-truck.com\/wp-content\/uploads\/2025\/11\/\u538b\u7f29\u5783\u573e\u8f66\u8be6\u60c5\u9875_22-600x1482.webp 600w, https:\/\/ac-truck.com\/wp-content\/uploads\/2025\/11\/\u538b\u7f29\u5783\u573e\u8f66\u8be6\u60c5\u9875_22-150x370.webp 150w\" sizes=\"(max-width: 1234px) 100vw, 1234px\" \/><\/strong><\/p>\n<p style=\"text-align: left;\"><strong>1. Corte de material de producci\u00f3n<\/strong><br \/>\n<strong>2. Soldadura de relleno<\/strong><br \/>\n<strong>3. Soldadura de la carrocer\u00eda<\/strong><br \/>\n<strong>4. Ensamblaje de la carrocer\u00eda<\/strong><br \/>\n<strong>5. Conjunto de llenado<\/strong><br \/>\n<strong>6. Montaje del chasis de la carrocer\u00eda<\/strong><br \/>\n<strong>7. Preparaci\u00f3n para la pintura<\/strong><br \/>\n<strong>8. Finalizaci\u00f3n del veh\u00edculo completo<\/strong><\/p>\n<h1 style=\"text-align: center;\"><strong>ESCENARIOS PR\u00c1CTICOS<\/strong><\/h1>\n<p><strong><img loading=\"lazy\" decoding=\"async\" class=\"aligncenter wp-image-5891\" src=\"https:\/\/ac-truck.com\/wp-content\/uploads\/2025\/11\/\u538b\u7f29\u5783\u573e\u8f66\u8be6\u60c5\u9875_24.webp\" alt=\"\" width=\"1234\" height=\"1237\" srcset=\"https:\/\/ac-truck.com\/wp-content\/uploads\/2025\/11\/\u538b\u7f29\u5783\u573e\u8f66\u8be6\u60c5\u9875_24.webp 752w, https:\/\/ac-truck.com\/wp-content\/uploads\/2025\/11\/\u538b\u7f29\u5783\u573e\u8f66\u8be6\u60c5\u9875_24-300x300.webp 300w, https:\/\/ac-truck.com\/wp-content\/uploads\/2025\/11\/\u538b\u7f29\u5783\u573e\u8f66\u8be6\u60c5\u9875_24-150x150.webp 150w, https:\/\/ac-truck.com\/wp-content\/uploads\/2025\/11\/\u538b\u7f29\u5783\u573e\u8f66\u8be6\u60c5\u9875_24-12x12.webp 12w, https:\/\/ac-truck.com\/wp-content\/uploads\/2025\/11\/\u538b\u7f29\u5783\u573e\u8f66\u8be6\u60c5\u9875_24-600x602.webp 600w\" sizes=\"(max-width: 1234px) 100vw, 1234px\" \/><\/strong><\/p>\n<h1 style=\"text-align: center;\"><strong>EMBALAJE Y TRANSPORTE<\/strong><\/h1>\n<p><strong><img loading=\"lazy\" decoding=\"async\" class=\"aligncenter wp-image-5892\" src=\"https:\/\/ac-truck.com\/wp-content\/uploads\/2025\/11\/\u538b\u7f29\u5783\u573e\u8f66\u8be6\u60c5\u9875_26.webp\" alt=\"\" width=\"1234\" height=\"1923\" srcset=\"https:\/\/ac-truck.com\/wp-content\/uploads\/2025\/11\/\u538b\u7f29\u5783\u573e\u8f66\u8be6\u60c5\u9875_26.webp 752w, https:\/\/ac-truck.com\/wp-content\/uploads\/2025\/11\/\u538b\u7f29\u5783\u573e\u8f66\u8be6\u60c5\u9875_26-192x300.webp 192w, https:\/\/ac-truck.com\/wp-content\/uploads\/2025\/11\/\u538b\u7f29\u5783\u573e\u8f66\u8be6\u60c5\u9875_26-657x1024.webp 657w, https:\/\/ac-truck.com\/wp-content\/uploads\/2025\/11\/\u538b\u7f29\u5783\u573e\u8f66\u8be6\u60c5\u9875_26-8x12.webp 8w, https:\/\/ac-truck.com\/wp-content\/uploads\/2025\/11\/\u538b\u7f29\u5783\u573e\u8f66\u8be6\u60c5\u9875_26-600x935.webp 600w, https:\/\/ac-truck.com\/wp-content\/uploads\/2025\/11\/\u538b\u7f29\u5783\u573e\u8f66\u8be6\u60c5\u9875_26-150x234.webp 150w\" sizes=\"(max-width: 1234px) 100vw, 1234px\" \/><\/strong><\/p>","protected":false},"excerpt":{"rendered":"<p>PRODUCT PARAMETERS 6m\u00b3garbage compression truck ISUZU project Descriptions Specifications General Overall dimensions(mm) 5995*2050*2520 curb weight(Kg) 5280 Loading capacity(Kg) 1890 Total<\/p>","protected":false},"featured_media":5893,"template":"","meta":[],"product_brand":[213],"product_cat":[192],"product_tag":[195,199],"class_list":{"0":"post-5876","1":"product","2":"type-product","3":"status-publish","4":"has-post-thumbnail","6":"product_brand-isuzu","7":"product_cat-garbage-trucks","8":"product_tag-garbage-truck","9":"product_tag-6m","11":"first","12":"instock","13":"shipping-taxable","14":"product-type-simple"},"_links":{"self":[{"href":"https:\/\/ac-truck.com\/es\/wp-json\/wp\/v2\/product\/5876","targetHints":{"allow":["GET"]}}],"collection":[{"href":"https:\/\/ac-truck.com\/es\/wp-json\/wp\/v2\/product"}],"about":[{"href":"https:\/\/ac-truck.com\/es\/wp-json\/wp\/v2\/types\/product"}],"version-history":[{"count":6,"href":"https:\/\/ac-truck.com\/es\/wp-json\/wp\/v2\/product\/5876\/revisions"}],"predecessor-version":[{"id":7903,"href":"https:\/\/ac-truck.com\/es\/wp-json\/wp\/v2\/product\/5876\/revisions\/7903"}],"wp:featuredmedia":[{"embeddable":true,"href":"https:\/\/ac-truck.com\/es\/wp-json\/wp\/v2\/media\/5893"}],"wp:attachment":[{"href":"https:\/\/ac-truck.com\/es\/wp-json\/wp\/v2\/media?parent=5876"}],"wp:term":[{"taxonomy":"product_brand","embeddable":true,"href":"https:\/\/ac-truck.com\/es\/wp-json\/wp\/v2\/product_brand?post=5876"},{"taxonomy":"product_cat","embeddable":true,"href":"https:\/\/ac-truck.com\/es\/wp-json\/wp\/v2\/product_cat?post=5876"},{"taxonomy":"product_tag","embeddable":true,"href":"https:\/\/ac-truck.com\/es\/wp-json\/wp\/v2\/product_tag?post=5876"}],"curies":[{"name":"wp","href":"https:\/\/api.w.org\/{rel}","templated":true}]}}