{"id":5951,"date":"2025-12-26T14:52:50","date_gmt":"2025-12-26T06:52:50","guid":{"rendered":"https:\/\/ac-truck.com\/?post_type=product&#038;p=5951"},"modified":"2026-04-08T14:20:32","modified_gmt":"2026-04-08T06:20:32","slug":"16m%c2%b3garbage-compression-truck-foton","status":"publish","type":"product","link":"https:\/\/ac-truck.com\/es\/16m%C2%B3garbage-compression-truck-foton.html","title":{"rendered":"Cami\u00f3n compactador de basura FOTON de 16 m\u00b3"},"content":{"rendered":"<div style=\"width: 1920px;\" class=\"wp-video\"><!--[if lt IE 9]><script>document.createElement('video');<\/script><![endif]-->\n<video class=\"wp-video-shortcode\" id=\"video-5951-1\" width=\"1920\" height=\"1080\" preload=\"metadata\" controls=\"controls\"><source type=\"video\/mp4\" src=\"https:\/\/ac-truck.com\/wp-content\/uploads\/2025\/12\/\u538b\u7f29\u65e0\u6c34\u5370.mp4?_=1\" \/><a href=\"https:\/\/ac-truck.com\/wp-content\/uploads\/2025\/12\/\u538b\u7f29\u65e0\u6c34\u5370.mp4\">https:\/\/ac-truck.com\/wp-content\/uploads\/2025\/12\/\u538b\u7f29\u65e0\u6c34\u5370.mp4<\/a><\/video><\/div>\n<p><strong><img fetchpriority=\"high\" decoding=\"async\" class=\"aligncenter wp-image-5952\" src=\"https:\/\/ac-truck.com\/wp-content\/uploads\/2025\/11\/1\u4ea7\u54c1\u6d77\u62a5_01-7.webp\" alt=\"\" width=\"1234\" height=\"1601\" srcset=\"https:\/\/ac-truck.com\/wp-content\/uploads\/2025\/11\/1\u4ea7\u54c1\u6d77\u62a5_01-7.webp 790w, https:\/\/ac-truck.com\/wp-content\/uploads\/2025\/11\/1\u4ea7\u54c1\u6d77\u62a5_01-7-231x300.webp 231w, https:\/\/ac-truck.com\/wp-content\/uploads\/2025\/11\/1\u4ea7\u54c1\u6d77\u62a5_01-7-768x996.webp 768w, https:\/\/ac-truck.com\/wp-content\/uploads\/2025\/11\/1\u4ea7\u54c1\u6d77\u62a5_01-7-9x12.webp 9w, https:\/\/ac-truck.com\/wp-content\/uploads\/2025\/11\/1\u4ea7\u54c1\u6d77\u62a5_01-7-600x778.webp 600w, https:\/\/ac-truck.com\/wp-content\/uploads\/2025\/11\/1\u4ea7\u54c1\u6d77\u62a5_01-7-150x195.webp 150w\" sizes=\"(max-width: 1234px) 100vw, 1234px\" \/><\/strong><\/p>\n<h1 style=\"text-align: center;\"><strong>PAR\u00c1METROS DEL PRODUCTO<\/strong><\/h1>\n<p><strong><img decoding=\"async\" class=\"aligncenter wp-image-5953\" src=\"https:\/\/ac-truck.com\/wp-content\/uploads\/2025\/11\/1\u4ea7\u54c1\u6d77\u62a5_03-7.webp\" alt=\"\" width=\"1234\" height=\"483\" srcset=\"https:\/\/ac-truck.com\/wp-content\/uploads\/2025\/11\/1\u4ea7\u54c1\u6d77\u62a5_03-7.webp 790w, https:\/\/ac-truck.com\/wp-content\/uploads\/2025\/11\/1\u4ea7\u54c1\u6d77\u62a5_03-7-300x117.webp 300w, https:\/\/ac-truck.com\/wp-content\/uploads\/2025\/11\/1\u4ea7\u54c1\u6d77\u62a5_03-7-768x300.webp 768w, https:\/\/ac-truck.com\/wp-content\/uploads\/2025\/11\/1\u4ea7\u54c1\u6d77\u62a5_03-7-18x7.webp 18w, https:\/\/ac-truck.com\/wp-content\/uploads\/2025\/11\/1\u4ea7\u54c1\u6d77\u62a5_03-7-600x235.webp 600w, https:\/\/ac-truck.com\/wp-content\/uploads\/2025\/11\/1\u4ea7\u54c1\u6d77\u62a5_03-7-150x59.webp 150w\" sizes=\"(max-width: 1234px) 100vw, 1234px\" \/><\/strong><\/p>\n<h2 style=\"text-align: center;\"><strong>Cami\u00f3n compactador de basura FOTON de 16 m\u00b3 <\/strong><\/h2>\n<table>\n<tbody>\n<tr>\n<td width=\"85\"><strong>proyecto<\/strong><\/td>\n<td width=\"296\"><strong>Descripciones<\/strong><\/td>\n<td width=\"317\"><strong>Presupuesto<\/strong><\/td>\n<\/tr>\n<tr>\n<td rowspan=\"4\" width=\"85\"><strong>General\u00a0<\/strong><\/td>\n<td width=\"296\"><strong>Dimensiones totales (mm)<\/strong><\/td>\n<td width=\"317\"><strong>9310*2500*3400<\/strong><\/td>\n<\/tr>\n<tr>\n<td width=\"296\"><strong>peso en vac\u00edo (Kg)<\/strong><\/td>\n<td width=\"317\"><strong>12300<\/strong><\/td>\n<\/tr>\n<tr>\n<td width=\"296\"><strong>Capacidad de carga (Kg)<\/strong><\/td>\n<td width=\"317\"><strong>5570<\/strong><\/td>\n<\/tr>\n<tr>\n<td width=\"296\"><strong>Masa total (Kg)<\/strong><\/td>\n<td width=\"317\"><strong>18000<\/strong><\/td>\n<\/tr>\n<tr>\n<td rowspan=\"3\" width=\"85\"><strong>Cuerpo<\/strong><\/td>\n<td width=\"296\"><strong>Volumen de la caja (m\u00b3)<\/strong><\/td>\n<td width=\"317\"><strong>16<\/strong><\/td>\n<\/tr>\n<tr>\n<td width=\"296\"><strong>Grosor de la caja<\/strong><\/td>\n<td width=\"317\"><strong>Q235 (la placa de acero al manganeso Q355 es opcional)<\/strong><\/td>\n<\/tr>\n<tr>\n<td width=\"296\"><strong>Grosor de la caja (mm)<\/strong><\/td>\n<td width=\"317\"><strong>Side 4 bottom 5<\/strong><\/td>\n<\/tr>\n<tr>\n<td rowspan=\"8\" width=\"85\"><strong>Chasis<\/strong><\/p>\n<p>&nbsp;<\/td>\n<td width=\"296\"><strong>Marca del chasis<\/strong><\/td>\n<td width=\"317\"><strong>FOT\u00d3N<\/strong><\/td>\n<\/tr>\n<tr>\n<td width=\"296\"><strong>Formulario de conductor<\/strong><\/td>\n<td width=\"317\"><strong>4*2<\/strong><\/td>\n<\/tr>\n<tr>\n<td width=\"296\"><strong>Volante<\/strong><\/td>\n<td width=\"317\"><strong>Conducci\u00f3n con volante a la izquierda<\/strong><\/td>\n<\/tr>\n<tr>\n<td width=\"296\"><strong>Distancia entre ejes (mm)<\/strong><\/td>\n<td width=\"317\"><strong>4700<\/strong><\/td>\n<\/tr>\n<tr>\n<td width=\"296\"><strong>Marca y modelo del motor<\/strong><\/td>\n<td width=\"317\"><strong>YCS06245-60A<\/strong><\/td>\n<\/tr>\n<tr>\n<td width=\"296\"><strong>Potencia m\u00e1xima del motor (kW)<\/strong><\/td>\n<td width=\"317\"><strong>180<\/strong><\/td>\n<\/tr>\n<tr>\n<td width=\"296\"><strong>Normas de emisi\u00f3n<\/strong><\/td>\n<td width=\"317\"><strong>Euro 6<\/strong><\/td>\n<\/tr>\n<tr>\n<td width=\"296\"><strong>Caja de cambios<\/strong><\/td>\n<td width=\"317\"><strong>8-speed gearbox<\/strong><\/td>\n<\/tr>\n<\/tbody>\n<\/table>\n<h1 style=\"text-align: center;\"><strong>VENTAJAS DE LOS CAMIONES<\/strong><\/h1>\n<h5 style=\"text-align: center;\"><strong>ACCESORIOS PRINCIPALES DEL SISTEMA HIDR\u00c1ULICO<\/strong><\/h5>\n<p><strong><img decoding=\"async\" class=\"aligncenter wp-image-5881\" src=\"https:\/\/ac-truck.com\/wp-content\/uploads\/2025\/11\/%E5%8E%8B%E7%BC%A9%E5%9E%83%E5%9C%BE%E8%BD%A6%E8%AF%A6%E6%83%85%E9%A1%B5_05.webp\" sizes=\"(max-width: 1234px) 100vw, 1234px\" srcset=\"https:\/\/ac-truck.com\/wp-content\/uploads\/2025\/11\/\u538b\u7f29\u5783\u573e\u8f66\u8be6\u60c5\u9875_05.webp 752w, https:\/\/ac-truck.com\/wp-content\/uploads\/2025\/11\/\u538b\u7f29\u5783\u573e\u8f66\u8be6\u60c5\u9875_05-157x300.webp 157w, https:\/\/ac-truck.com\/wp-content\/uploads\/2025\/11\/\u538b\u7f29\u5783\u573e\u8f66\u8be6\u60c5\u9875_05-537x1024.webp 537w, https:\/\/ac-truck.com\/wp-content\/uploads\/2025\/11\/\u538b\u7f29\u5783\u573e\u8f66\u8be6\u60c5\u9875_05-6x12.webp 6w, https:\/\/ac-truck.com\/wp-content\/uploads\/2025\/11\/\u538b\u7f29\u5783\u573e\u8f66\u8be6\u60c5\u9875_05-600x1144.webp 600w, https:\/\/ac-truck.com\/wp-content\/uploads\/2025\/11\/\u538b\u7f29\u5783\u573e\u8f66\u8be6\u60c5\u9875_05-150x286.webp 150w\" alt=\"\" width=\"1234\" height=\"2353\" \/><\/strong><\/p>\n<p><strong>1. Cilindro hidr\u00e1ulico: Cilindros de secciones m\u00faltiples que se extienden secuencialmente para proporcionar una carrera de compresi\u00f3n mayor, lo que permite m\u00faltiples compresiones de la basura.<\/strong><br \/>\n<strong>2. Bomba de aceite hidr\u00e1ulico: Suministra aceite hidr\u00e1ulico de alto caudal para garantizar una respuesta r\u00e1pida a la acci\u00f3n de compresi\u00f3n.<\/strong><br \/>\n<strong>3. Colector de presi\u00f3n de aceite: Ajusta la velocidad telesc\u00f3pica del cilindro. Funciona a baja velocidad y alta presi\u00f3n durante la compresi\u00f3n y a alta velocidad y baja presi\u00f3n durante la carrera de retorno para optimizar la eficiencia del ciclo.<\/strong><br \/>\n<strong>4. V\u00e1lvula de contrapresi\u00f3n: Estabiliza la presi\u00f3n del sistema hidr\u00e1ulico, mejora la eficiencia de la compresi\u00f3n de residuos y protege los componentes hidr\u00e1ulicos y el sistema.<\/strong><br \/>\n<strong>5. Dep\u00f3sito especial de aceite hidr\u00e1ulico: El dep\u00f3sito de gran capacidad est\u00e1 equipado con un eficiente dispositivo de disipaci\u00f3n de calor (refrigerado por aire\/refrigerado por agua) para garantizar la temperatura estable del aceite hidr\u00e1ulico durante el funcionamiento continuo.<\/strong><\/p>\n<h1 style=\"text-align: center;\"><strong>ACCESORIOS PARA ESTRUCTURAS DE COMPRESI\u00d3N<\/strong><\/h1>\n<p><strong><img loading=\"lazy\" decoding=\"async\" class=\"aligncenter wp-image-5882\" src=\"https:\/\/ac-truck.com\/wp-content\/uploads\/2025\/11\/%E5%8E%8B%E7%BC%A9%E5%9E%83%E5%9C%BE%E8%BD%A6%E8%AF%A6%E6%83%85%E9%A1%B5_07.webp\" sizes=\"(max-width: 1234px) 100vw, 1234px\" srcset=\"https:\/\/ac-truck.com\/wp-content\/uploads\/2025\/11\/\u538b\u7f29\u5783\u573e\u8f66\u8be6\u60c5\u9875_07.webp 752w, https:\/\/ac-truck.com\/wp-content\/uploads\/2025\/11\/\u538b\u7f29\u5783\u573e\u8f66\u8be6\u60c5\u9875_07-168x300.webp 168w, https:\/\/ac-truck.com\/wp-content\/uploads\/2025\/11\/\u538b\u7f29\u5783\u573e\u8f66\u8be6\u60c5\u9875_07-575x1024.webp 575w, https:\/\/ac-truck.com\/wp-content\/uploads\/2025\/11\/\u538b\u7f29\u5783\u573e\u8f66\u8be6\u60c5\u9875_07-7x12.webp 7w, https:\/\/ac-truck.com\/wp-content\/uploads\/2025\/11\/\u538b\u7f29\u5783\u573e\u8f66\u8be6\u60c5\u9875_07-600x1069.webp 600w, https:\/\/ac-truck.com\/wp-content\/uploads\/2025\/11\/\u538b\u7f29\u5783\u573e\u8f66\u8be6\u60c5\u9875_07-150x267.webp 150w\" alt=\"\" width=\"1234\" height=\"2199\" \/><\/strong><\/p>\n<p><strong>Placa de empuje de alta resistencia<\/strong><br \/>\n<strong>Dispositivo de raspado vinculado<\/strong><br \/>\n<strong>C\u00e1mara de compresi\u00f3n<\/strong><br \/>\n<strong>Cilindro principal plano \u2013 empujar<\/strong><br \/>\n<strong>Movimiento hacia adelante de la base del cilindro de empuje de la pala<\/strong><\/p>\n<h1 style=\"text-align: center;\"><strong>CONTENEDOR DE BASURA<\/strong><\/h1>\n<p><strong><img loading=\"lazy\" decoding=\"async\" class=\"aligncenter wp-image-5883\" src=\"https:\/\/ac-truck.com\/wp-content\/uploads\/2025\/11\/%E5%8E%8B%E7%BC%A9%E5%9E%83%E5%9C%BE%E8%BD%A6%E8%AF%A6%E6%83%85%E9%A1%B5_09.webp\" sizes=\"(max-width: 1234px) 100vw, 1234px\" srcset=\"https:\/\/ac-truck.com\/wp-content\/uploads\/2025\/11\/\u538b\u7f29\u5783\u573e\u8f66\u8be6\u60c5\u9875_09.webp 752w, https:\/\/ac-truck.com\/wp-content\/uploads\/2025\/11\/\u538b\u7f29\u5783\u573e\u8f66\u8be6\u60c5\u9875_09-300x146.webp 300w, https:\/\/ac-truck.com\/wp-content\/uploads\/2025\/11\/\u538b\u7f29\u5783\u573e\u8f66\u8be6\u60c5\u9875_09-18x9.webp 18w, https:\/\/ac-truck.com\/wp-content\/uploads\/2025\/11\/\u538b\u7f29\u5783\u573e\u8f66\u8be6\u60c5\u9875_09-600x292.webp 600w, https:\/\/ac-truck.com\/wp-content\/uploads\/2025\/11\/\u538b\u7f29\u5783\u573e\u8f66\u8be6\u60c5\u9875_09-150x73.webp 150w\" alt=\"\" width=\"1234\" height=\"601\" \/><\/strong><\/p>\n<p><strong>Contenedor en forma de arco: El interior del contenedor est\u00e1 fabricado en acero de alta resistencia y su superficie est\u00e1 tratada con medidas anticorrosivas (como pulverizaci\u00f3n, recubrimiento electrofor\u00e9tico, etc.) para prolongar su vida \u00fatil.<\/strong><\/p>\n<h1 style=\"text-align: center;\"><strong>ESTRUCTURA DE CARGA TRASERA<\/strong><\/h1>\n<p><strong><img loading=\"lazy\" decoding=\"async\" class=\"aligncenter wp-image-5884\" src=\"https:\/\/ac-truck.com\/wp-content\/uploads\/2025\/11\/%E5%8E%8B%E7%BC%A9%E5%9E%83%E5%9C%BE%E8%BD%A6%E8%AF%A6%E6%83%85%E9%A1%B5_11.webp\" sizes=\"(max-width: 1234px) 100vw, 1234px\" srcset=\"https:\/\/ac-truck.com\/wp-content\/uploads\/2025\/11\/\u538b\u7f29\u5783\u573e\u8f66\u8be6\u60c5\u9875_11.webp 752w, https:\/\/ac-truck.com\/wp-content\/uploads\/2025\/11\/\u538b\u7f29\u5783\u573e\u8f66\u8be6\u60c5\u9875_11-300x247.webp 300w, https:\/\/ac-truck.com\/wp-content\/uploads\/2025\/11\/\u538b\u7f29\u5783\u573e\u8f66\u8be6\u60c5\u9875_11-15x12.webp 15w, https:\/\/ac-truck.com\/wp-content\/uploads\/2025\/11\/\u538b\u7f29\u5783\u573e\u8f66\u8be6\u60c5\u9875_11-600x493.webp 600w, https:\/\/ac-truck.com\/wp-content\/uploads\/2025\/11\/\u538b\u7f29\u5783\u573e\u8f66\u8be6\u60c5\u9875_11-150x123.webp 150w\" alt=\"\" width=\"1234\" height=\"1014\" \/><\/strong><\/p>\n<p><strong>Estructura de cuchar\u00f3n basculante trasero<\/strong><br \/>\n<strong>Estructura de cuchar\u00f3n triangular trasera<\/strong><br \/>\n<strong>Cubo de suelo lleno<\/strong><br \/>\n<strong>Estructura del brazo del basculante trasero<\/strong><\/p>\n<h1 style=\"text-align: center;\"><strong>REDUCIR LA CONTAMINACI\u00d3N SECUNDARIA<\/strong><\/h1>\n<p><strong><img loading=\"lazy\" decoding=\"async\" class=\"aligncenter wp-image-5885\" src=\"https:\/\/ac-truck.com\/wp-content\/uploads\/2025\/11\/%E5%8E%8B%E7%BC%A9%E5%9E%83%E5%9C%BE%E8%BD%A6%E8%AF%A6%E6%83%85%E9%A1%B5_13.webp\" sizes=\"(max-width: 1234px) 100vw, 1234px\" srcset=\"https:\/\/ac-truck.com\/wp-content\/uploads\/2025\/11\/\u538b\u7f29\u5783\u573e\u8f66\u8be6\u60c5\u9875_13.webp 752w, https:\/\/ac-truck.com\/wp-content\/uploads\/2025\/11\/\u538b\u7f29\u5783\u573e\u8f66\u8be6\u60c5\u9875_13-300x181.webp 300w, https:\/\/ac-truck.com\/wp-content\/uploads\/2025\/11\/\u538b\u7f29\u5783\u573e\u8f66\u8be6\u60c5\u9875_13-18x12.webp 18w, https:\/\/ac-truck.com\/wp-content\/uploads\/2025\/11\/\u538b\u7f29\u5783\u573e\u8f66\u8be6\u60c5\u9875_13-600x361.webp 600w, https:\/\/ac-truck.com\/wp-content\/uploads\/2025\/11\/\u538b\u7f29\u5783\u573e\u8f66\u8be6\u60c5\u9875_13-150x90.webp 150w\" alt=\"\" width=\"1234\" height=\"743\" \/><\/strong><\/p>\n<p><strong>tira de sellado<\/strong><br \/>\n<strong>Dise\u00f1o del sistema de alcantarillado<\/strong><\/p>\n<h1 style=\"text-align: center;\"><strong>OPERACI\u00d3N SENCILLA<\/strong><\/h1>\n<p><strong><img loading=\"lazy\" decoding=\"async\" class=\"aligncenter wp-image-5886\" src=\"https:\/\/ac-truck.com\/wp-content\/uploads\/2025\/11\/%E5%8E%8B%E7%BC%A9%E5%9E%83%E5%9C%BE%E8%BD%A6%E8%AF%A6%E6%83%85%E9%A1%B5_15.webp\" sizes=\"(max-width: 1234px) 100vw, 1234px\" srcset=\"https:\/\/ac-truck.com\/wp-content\/uploads\/2025\/11\/\u538b\u7f29\u5783\u573e\u8f66\u8be6\u60c5\u9875_15.webp 752w, https:\/\/ac-truck.com\/wp-content\/uploads\/2025\/11\/\u538b\u7f29\u5783\u573e\u8f66\u8be6\u60c5\u9875_15-300x122.webp 300w, https:\/\/ac-truck.com\/wp-content\/uploads\/2025\/11\/\u538b\u7f29\u5783\u573e\u8f66\u8be6\u60c5\u9875_15-18x7.webp 18w, https:\/\/ac-truck.com\/wp-content\/uploads\/2025\/11\/\u538b\u7f29\u5783\u573e\u8f66\u8be6\u60c5\u9875_15-600x244.webp 600w, https:\/\/ac-truck.com\/wp-content\/uploads\/2025\/11\/\u538b\u7f29\u5783\u573e\u8f66\u8be6\u60c5\u9875_15-150x61.webp 150w\" alt=\"\" width=\"1234\" height=\"502\" \/><\/strong><\/p>\n<p><strong>Admite el cambio entre los modos \u201cautom\u00e1tico\/manual\u201d.<\/strong><br \/>\n<strong>En el modo autom\u00e1tico, puede funcionar en un ciclo autom\u00e1tico seg\u00fan par\u00e1metros preestablecidos, mejorando la eficiencia operativa.<\/strong><\/p>\n<h1 style=\"text-align: center;\"><strong>DISE\u00d1O DE PROTECCI\u00d3N DE SEGURIDAD<\/strong><\/h1>\n<p><strong><img loading=\"lazy\" decoding=\"async\" class=\"aligncenter wp-image-5887\" src=\"https:\/\/ac-truck.com\/wp-content\/uploads\/2025\/11\/%E5%8E%8B%E7%BC%A9%E5%9E%83%E5%9C%BE%E8%BD%A6%E8%AF%A6%E6%83%85%E9%A1%B5_17.webp\" sizes=\"(max-width: 1234px) 100vw, 1234px\" srcset=\"https:\/\/ac-truck.com\/wp-content\/uploads\/2025\/11\/\u538b\u7f29\u5783\u573e\u8f66\u8be6\u60c5\u9875_17.webp 752w, https:\/\/ac-truck.com\/wp-content\/uploads\/2025\/11\/\u538b\u7f29\u5783\u573e\u8f66\u8be6\u60c5\u9875_17-300x141.webp 300w, https:\/\/ac-truck.com\/wp-content\/uploads\/2025\/11\/\u538b\u7f29\u5783\u573e\u8f66\u8be6\u60c5\u9875_17-18x8.webp 18w, https:\/\/ac-truck.com\/wp-content\/uploads\/2025\/11\/\u538b\u7f29\u5783\u573e\u8f66\u8be6\u60c5\u9875_17-600x282.webp 600w, https:\/\/ac-truck.com\/wp-content\/uploads\/2025\/11\/\u538b\u7f29\u5783\u573e\u8f66\u8be6\u60c5\u9875_17-150x70.webp 150w\" alt=\"\" width=\"1234\" height=\"579\" \/><\/strong><\/p>\n<p><strong>Bot\u00f3n de parada de emergencia: Responde r\u00e1pidamente en caso de emergencia para garantizar la seguridad.<\/strong><br \/>\n<strong>V\u00e1lvula de equilibrio bidireccional: Logra el equilibrio de carga bidireccional y el bloqueo de seguridad bidireccional.<\/strong><\/p>\n<h1 style=\"text-align: center;\"><strong>OTRAS CONFIGURACIONES<\/strong><\/h1>\n<p><strong><img loading=\"lazy\" decoding=\"async\" class=\"aligncenter wp-image-5888\" src=\"https:\/\/ac-truck.com\/wp-content\/uploads\/2025\/11\/%E5%8E%8B%E7%BC%A9%E5%9E%83%E5%9C%BE%E8%BD%A6%E8%AF%A6%E6%83%85%E9%A1%B5_19.webp\" sizes=\"(max-width: 1234px) 100vw, 1234px\" srcset=\"https:\/\/ac-truck.com\/wp-content\/uploads\/2025\/11\/\u538b\u7f29\u5783\u573e\u8f66\u8be6\u60c5\u9875_19.webp 752w, https:\/\/ac-truck.com\/wp-content\/uploads\/2025\/11\/\u538b\u7f29\u5783\u573e\u8f66\u8be6\u60c5\u9875_19-300x86.webp 300w, https:\/\/ac-truck.com\/wp-content\/uploads\/2025\/11\/\u538b\u7f29\u5783\u573e\u8f66\u8be6\u60c5\u9875_19-18x5.webp 18w, https:\/\/ac-truck.com\/wp-content\/uploads\/2025\/11\/\u538b\u7f29\u5783\u573e\u8f66\u8be6\u60c5\u9875_19-600x172.webp 600w, https:\/\/ac-truck.com\/wp-content\/uploads\/2025\/11\/\u538b\u7f29\u5783\u573e\u8f66\u8be6\u60c5\u9875_19-150x43.webp 150w\" alt=\"\" width=\"1234\" height=\"354\" \/><\/strong><\/p>\n<p><strong>1. Tuber\u00eda de aceite hidr\u00e1ulico: Presenta una excelente resistencia al aceite, a la corrosi\u00f3n, a la temperatura, una gran capacidad de carga de presi\u00f3n y un excelente rendimiento de flexi\u00f3n.<\/strong><br \/>\n<strong>2. Man\u00f3metro de aceite hidr\u00e1ulico: Monitorea par\u00e1metros clave del sistema hidr\u00e1ulico en tiempo real, proporciona una alerta temprana de fallas y reduce las p\u00e9rdidas por tiempo de inactividad.<\/strong><br \/>\n<strong>3. Boquilla de engrase: Tiene una interfaz estandarizada, proporciona lubricaci\u00f3n sellada y prolonga la vida \u00fatil de los componentes.<\/strong><\/p>\n<h1 style=\"text-align: center;\"><strong>PROCESO DE PRODUCCI\u00d3N<\/strong><\/h1>\n<p><strong><img loading=\"lazy\" decoding=\"async\" class=\"aligncenter wp-image-5889\" src=\"https:\/\/ac-truck.com\/wp-content\/uploads\/2025\/11\/%E5%8E%8B%E7%BC%A9%E5%9E%83%E5%9C%BE%E8%BD%A6%E8%AF%A6%E6%83%85%E9%A1%B5_21.webp\" sizes=\"(max-width: 1234px) 100vw, 1234px\" srcset=\"https:\/\/ac-truck.com\/wp-content\/uploads\/2025\/11\/\u538b\u7f29\u5783\u573e\u8f66\u8be6\u60c5\u9875_21.webp 752w, https:\/\/ac-truck.com\/wp-content\/uploads\/2025\/11\/\u538b\u7f29\u5783\u573e\u8f66\u8be6\u60c5\u9875_21-122x300.webp 122w, https:\/\/ac-truck.com\/wp-content\/uploads\/2025\/11\/\u538b\u7f29\u5783\u573e\u8f66\u8be6\u60c5\u9875_21-415x1024.webp 415w, https:\/\/ac-truck.com\/wp-content\/uploads\/2025\/11\/\u538b\u7f29\u5783\u573e\u8f66\u8be6\u60c5\u9875_21-623x1536.webp 623w, https:\/\/ac-truck.com\/wp-content\/uploads\/2025\/11\/\u538b\u7f29\u5783\u573e\u8f66\u8be6\u60c5\u9875_21-5x12.webp 5w, https:\/\/ac-truck.com\/wp-content\/uploads\/2025\/11\/\u538b\u7f29\u5783\u573e\u8f66\u8be6\u60c5\u9875_21-600x1479.webp 600w, https:\/\/ac-truck.com\/wp-content\/uploads\/2025\/11\/\u538b\u7f29\u5783\u573e\u8f66\u8be6\u60c5\u9875_21-150x370.webp 150w\" alt=\"\" width=\"1234\" height=\"3042\" \/><img loading=\"lazy\" decoding=\"async\" class=\"aligncenter wp-image-5890\" src=\"https:\/\/ac-truck.com\/wp-content\/uploads\/2025\/11\/%E5%8E%8B%E7%BC%A9%E5%9E%83%E5%9C%BE%E8%BD%A6%E8%AF%A6%E6%83%85%E9%A1%B5_22.webp\" sizes=\"(max-width: 1234px) 100vw, 1234px\" srcset=\"https:\/\/ac-truck.com\/wp-content\/uploads\/2025\/11\/\u538b\u7f29\u5783\u573e\u8f66\u8be6\u60c5\u9875_22.webp 752w, https:\/\/ac-truck.com\/wp-content\/uploads\/2025\/11\/\u538b\u7f29\u5783\u573e\u8f66\u8be6\u60c5\u9875_22-121x300.webp 121w, https:\/\/ac-truck.com\/wp-content\/uploads\/2025\/11\/\u538b\u7f29\u5783\u573e\u8f66\u8be6\u60c5\u9875_22-415x1024.webp 415w, https:\/\/ac-truck.com\/wp-content\/uploads\/2025\/11\/\u538b\u7f29\u5783\u573e\u8f66\u8be6\u60c5\u9875_22-622x1536.webp 622w, https:\/\/ac-truck.com\/wp-content\/uploads\/2025\/11\/\u538b\u7f29\u5783\u573e\u8f66\u8be6\u60c5\u9875_22-5x12.webp 5w, https:\/\/ac-truck.com\/wp-content\/uploads\/2025\/11\/\u538b\u7f29\u5783\u573e\u8f66\u8be6\u60c5\u9875_22-600x1482.webp 600w, https:\/\/ac-truck.com\/wp-content\/uploads\/2025\/11\/\u538b\u7f29\u5783\u573e\u8f66\u8be6\u60c5\u9875_22-150x370.webp 150w\" alt=\"\" width=\"1234\" height=\"3047\" \/><\/strong><\/p>\n<p><strong>1. Corte de material de producci\u00f3n<\/strong><br \/>\n<strong>2. Soldadura de relleno<\/strong><br \/>\n<strong>3. Soldadura de la carrocer\u00eda<\/strong><br \/>\n<strong>4. Ensamblaje de la carrocer\u00eda<\/strong><br \/>\n<strong>5. Conjunto de llenado<\/strong><br \/>\n<strong>6. Montaje del chasis de la carrocer\u00eda<\/strong><br \/>\n<strong>7. Preparaci\u00f3n para la pintura<\/strong><br \/>\n<strong>8. Finalizaci\u00f3n del veh\u00edculo completo<\/strong><\/p>\n<h1 style=\"text-align: center;\"><strong>ESCENARIOS PR\u00c1CTICOS<\/strong><\/h1>\n<p><strong><img loading=\"lazy\" decoding=\"async\" class=\"aligncenter wp-image-5891\" src=\"https:\/\/ac-truck.com\/wp-content\/uploads\/2025\/11\/%E5%8E%8B%E7%BC%A9%E5%9E%83%E5%9C%BE%E8%BD%A6%E8%AF%A6%E6%83%85%E9%A1%B5_24.webp\" sizes=\"(max-width: 1234px) 100vw, 1234px\" srcset=\"https:\/\/ac-truck.com\/wp-content\/uploads\/2025\/11\/\u538b\u7f29\u5783\u573e\u8f66\u8be6\u60c5\u9875_24.webp 752w, https:\/\/ac-truck.com\/wp-content\/uploads\/2025\/11\/\u538b\u7f29\u5783\u573e\u8f66\u8be6\u60c5\u9875_24-300x300.webp 300w, https:\/\/ac-truck.com\/wp-content\/uploads\/2025\/11\/\u538b\u7f29\u5783\u573e\u8f66\u8be6\u60c5\u9875_24-150x150.webp 150w, https:\/\/ac-truck.com\/wp-content\/uploads\/2025\/11\/\u538b\u7f29\u5783\u573e\u8f66\u8be6\u60c5\u9875_24-12x12.webp 12w, https:\/\/ac-truck.com\/wp-content\/uploads\/2025\/11\/\u538b\u7f29\u5783\u573e\u8f66\u8be6\u60c5\u9875_24-600x602.webp 600w\" alt=\"\" width=\"1234\" height=\"1237\" \/><\/strong><\/p>\n<h1 style=\"text-align: center;\"><strong>EMBALAJE Y TRANSPORTE<\/strong><\/h1>\n<p><strong><img loading=\"lazy\" decoding=\"async\" class=\"aligncenter wp-image-5892\" src=\"https:\/\/ac-truck.com\/wp-content\/uploads\/2025\/11\/%E5%8E%8B%E7%BC%A9%E5%9E%83%E5%9C%BE%E8%BD%A6%E8%AF%A6%E6%83%85%E9%A1%B5_26.webp\" sizes=\"(max-width: 1234px) 100vw, 1234px\" srcset=\"https:\/\/ac-truck.com\/wp-content\/uploads\/2025\/11\/\u538b\u7f29\u5783\u573e\u8f66\u8be6\u60c5\u9875_26.webp 752w, https:\/\/ac-truck.com\/wp-content\/uploads\/2025\/11\/\u538b\u7f29\u5783\u573e\u8f66\u8be6\u60c5\u9875_26-192x300.webp 192w, https:\/\/ac-truck.com\/wp-content\/uploads\/2025\/11\/\u538b\u7f29\u5783\u573e\u8f66\u8be6\u60c5\u9875_26-657x1024.webp 657w, https:\/\/ac-truck.com\/wp-content\/uploads\/2025\/11\/\u538b\u7f29\u5783\u573e\u8f66\u8be6\u60c5\u9875_26-8x12.webp 8w, https:\/\/ac-truck.com\/wp-content\/uploads\/2025\/11\/\u538b\u7f29\u5783\u573e\u8f66\u8be6\u60c5\u9875_26-600x935.webp 600w, https:\/\/ac-truck.com\/wp-content\/uploads\/2025\/11\/\u538b\u7f29\u5783\u573e\u8f66\u8be6\u60c5\u9875_26-150x234.webp 150w\" alt=\"\" width=\"1234\" height=\"1923\" \/><\/strong><\/p>","protected":false},"excerpt":{"rendered":"<p>PRODUCT PARAMETERS 16m\u00b3garbage compression truck FOTON project Descriptions Specifications General\u00a0 Overall dimensions(mm) 9310*2500*3400 curb weight(Kg) 12300 Loading capacity(Kg) 5570 Total<\/p>","protected":false},"featured_media":5954,"template":"","meta":[],"product_brand":[234],"product_cat":[192],"product_tag":[195,307],"class_list":{"0":"post-5951","1":"product","2":"type-product","3":"status-publish","4":"has-post-thumbnail","6":"product_brand-foton","7":"product_cat-garbage-trucks","8":"product_tag-garbage-truck","9":"product_tag-16m","11":"first","12":"instock","13":"shipping-taxable","14":"product-type-simple"},"_links":{"self":[{"href":"https:\/\/ac-truck.com\/es\/wp-json\/wp\/v2\/product\/5951","targetHints":{"allow":["GET"]}}],"collection":[{"href":"https:\/\/ac-truck.com\/es\/wp-json\/wp\/v2\/product"}],"about":[{"href":"https:\/\/ac-truck.com\/es\/wp-json\/wp\/v2\/types\/product"}],"version-history":[{"count":3,"href":"https:\/\/ac-truck.com\/es\/wp-json\/wp\/v2\/product\/5951\/revisions"}],"predecessor-version":[{"id":7894,"href":"https:\/\/ac-truck.com\/es\/wp-json\/wp\/v2\/product\/5951\/revisions\/7894"}],"wp:featuredmedia":[{"embeddable":true,"href":"https:\/\/ac-truck.com\/es\/wp-json\/wp\/v2\/media\/5954"}],"wp:attachment":[{"href":"https:\/\/ac-truck.com\/es\/wp-json\/wp\/v2\/media?parent=5951"}],"wp:term":[{"taxonomy":"product_brand","embeddable":true,"href":"https:\/\/ac-truck.com\/es\/wp-json\/wp\/v2\/product_brand?post=5951"},{"taxonomy":"product_cat","embeddable":true,"href":"https:\/\/ac-truck.com\/es\/wp-json\/wp\/v2\/product_cat?post=5951"},{"taxonomy":"product_tag","embeddable":true,"href":"https:\/\/ac-truck.com\/es\/wp-json\/wp\/v2\/product_tag?post=5951"}],"curies":[{"name":"wp","href":"https:\/\/api.w.org\/{rel}","templated":true}]}}