{"id":6219,"date":"2025-11-22T11:59:01","date_gmt":"2025-11-22T03:59:01","guid":{"rendered":"https:\/\/ac-truck.com\/?post_type=product&#038;p=6219"},"modified":"2025-12-20T14:03:56","modified_gmt":"2025-12-20T06:03:56","slug":"3380-liters-water-tank-fire-truck-isuzu","status":"publish","type":"product","link":"https:\/\/ac-truck.com\/es\/3380-liters-water-tank-fire-truck-isuzu.html","title":{"rendered":"Cami\u00f3n de bomberos ISUZU con tanque de agua de 3380 litros"},"content":{"rendered":"<p><img fetchpriority=\"high\" decoding=\"async\" class=\"aligncenter wp-image-6220\" src=\"https:\/\/ac-truck.com\/wp-content\/uploads\/2025\/11\/\u4ea7\u54c1\u6d77\u62a5_01-14.webp\" alt=\"\" width=\"1234\" height=\"1604\" srcset=\"https:\/\/ac-truck.com\/wp-content\/uploads\/2025\/11\/\u4ea7\u54c1\u6d77\u62a5_01-14.webp 790w, https:\/\/ac-truck.com\/wp-content\/uploads\/2025\/11\/\u4ea7\u54c1\u6d77\u62a5_01-14-231x300.webp 231w, https:\/\/ac-truck.com\/wp-content\/uploads\/2025\/11\/\u4ea7\u54c1\u6d77\u62a5_01-14-788x1024.webp 788w, https:\/\/ac-truck.com\/wp-content\/uploads\/2025\/11\/\u4ea7\u54c1\u6d77\u62a5_01-14-768x998.webp 768w, https:\/\/ac-truck.com\/wp-content\/uploads\/2025\/11\/\u4ea7\u54c1\u6d77\u62a5_01-14-9x12.webp 9w, https:\/\/ac-truck.com\/wp-content\/uploads\/2025\/11\/\u4ea7\u54c1\u6d77\u62a5_01-14-600x780.webp 600w, https:\/\/ac-truck.com\/wp-content\/uploads\/2025\/11\/\u4ea7\u54c1\u6d77\u62a5_01-14-150x195.webp 150w\" sizes=\"(max-width: 1234px) 100vw, 1234px\" \/><\/p>\n<h1 style=\"text-align: center;\">PAR\u00c1METROS DEL PRODUCTO<\/h1>\n<p><img decoding=\"async\" class=\"aligncenter wp-image-6221\" src=\"https:\/\/ac-truck.com\/wp-content\/uploads\/2025\/11\/\u4ea7\u54c1\u6d77\u62a5_03-14.webp\" alt=\"\" width=\"1234\" height=\"483\" srcset=\"https:\/\/ac-truck.com\/wp-content\/uploads\/2025\/11\/\u4ea7\u54c1\u6d77\u62a5_03-14.webp 790w, https:\/\/ac-truck.com\/wp-content\/uploads\/2025\/11\/\u4ea7\u54c1\u6d77\u62a5_03-14-300x117.webp 300w, https:\/\/ac-truck.com\/wp-content\/uploads\/2025\/11\/\u4ea7\u54c1\u6d77\u62a5_03-14-768x300.webp 768w, https:\/\/ac-truck.com\/wp-content\/uploads\/2025\/11\/\u4ea7\u54c1\u6d77\u62a5_03-14-18x7.webp 18w, https:\/\/ac-truck.com\/wp-content\/uploads\/2025\/11\/\u4ea7\u54c1\u6d77\u62a5_03-14-600x235.webp 600w, https:\/\/ac-truck.com\/wp-content\/uploads\/2025\/11\/\u4ea7\u54c1\u6d77\u62a5_03-14-150x59.webp 150w\" sizes=\"(max-width: 1234px) 100vw, 1234px\" \/><\/p>\n<h2 style=\"text-align: center;\">Cami\u00f3n de bomberos ISUZU con tanque de agua de 3380 litros<\/h2>\n<table>\n<tbody>\n<tr>\n<td width=\"85\"><strong>proyecto<\/strong><\/td>\n<td colspan=\"2\" width=\"296\"><strong>Descripciones<\/strong><\/td>\n<td width=\"317\"><strong>Presupuesto<\/strong><\/td>\n<\/tr>\n<tr>\n<td rowspan=\"4\" width=\"85\"><strong>B\u00e1sico<\/strong><\/td>\n<td colspan=\"2\" width=\"296\"><strong>Dimensiones totales (mm)<\/strong><\/td>\n<td width=\"317\"><strong>6860\u00d72290\u00d73050<\/strong><\/td>\n<\/tr>\n<tr>\n<td colspan=\"2\" width=\"296\"><strong>peso en vac\u00edo (Kg)<\/strong><\/td>\n<td width=\"317\"><strong>5870<\/strong><\/td>\n<\/tr>\n<tr>\n<td colspan=\"2\" width=\"296\"><strong>Capacidad de carga (Kg)<\/strong><\/td>\n<td width=\"317\"><strong>3380<\/strong><\/td>\n<\/tr>\n<tr>\n<td colspan=\"2\" width=\"296\"><strong>Masa total (Kg)<\/strong><\/td>\n<td width=\"317\"><strong>9700<\/strong><\/td>\n<\/tr>\n<tr>\n<td rowspan=\"5\" width=\"85\"><strong>Cuerpo<\/strong><\/td>\n<td colspan=\"2\" width=\"296\"><strong>Volumen del tanque (m\u00b3)<\/strong><\/td>\n<td width=\"317\"><strong>3.38Water<\/strong><\/td>\n<\/tr>\n<tr>\n<td colspan=\"2\" width=\"296\"><strong>Material del tanque<\/strong><\/td>\n<td width=\"317\"><strong>Acero al carbono Q235 (acero inoxidable opcional)<\/strong><\/td>\n<\/tr>\n<tr>\n<td width=\"83\"><strong>Fire pumps<\/strong><\/td>\n<td width=\"214\"><strong>Fire Pump Model<\/strong><\/td>\n<td width=\"317\"><strong>CB10\/30-RS low-pressure vehicle fire pump<\/strong><\/td>\n<\/tr>\n<tr>\n<td width=\"83\"><strong>Monitor de incendios<\/strong><\/td>\n<td width=\"214\"><strong>Modelo de monitor de incendios<\/strong><\/td>\n<td width=\"317\"><strong>PS8\/30W<\/strong><\/td>\n<\/tr>\n<tr>\n<td width=\"83\"><strong>Toma de fuerza<\/strong><\/td>\n<td width=\"214\"><strong>Tipo de toma de fuerza<\/strong><\/td>\n<td width=\"317\"><strong>S\u00e1ndwich (potencia m\u00e1xima)<\/strong><\/td>\n<\/tr>\n<tr>\n<td rowspan=\"6\" width=\"85\"><strong>Chasis<\/strong><\/p>\n<p>&nbsp;<\/td>\n<td colspan=\"2\" width=\"296\"><strong>Marca del chasis<\/strong><\/td>\n<td width=\"317\"><strong>Isuzu<\/strong><\/td>\n<\/tr>\n<tr>\n<td colspan=\"2\" width=\"296\"><strong>Formulario de conductor<\/strong><\/td>\n<td width=\"317\"><strong>4*2<\/strong><\/td>\n<\/tr>\n<tr>\n<td colspan=\"2\" width=\"296\"><strong>Volante<\/strong><\/td>\n<td width=\"317\"><strong>Conducci\u00f3n con volante a la izquierda<\/strong><\/td>\n<\/tr>\n<tr>\n<td colspan=\"2\" width=\"296\"><strong>Marca y modelo del motor<\/strong><\/td>\n<td width=\"317\"><strong>4HK1-TCG61<\/strong><\/td>\n<\/tr>\n<tr>\n<td colspan=\"2\" width=\"296\"><strong>Potencia del motor (hp)<\/strong><\/td>\n<td width=\"317\"><strong>190<\/strong><\/td>\n<\/tr>\n<tr>\n<td colspan=\"2\" width=\"296\"><strong>Caja de cambios<\/strong><\/td>\n<td width=\"317\"><strong>6-speed gearbox<\/strong><\/td>\n<\/tr>\n<\/tbody>\n<\/table>\n<h1 style=\"text-align: center;\">VENTAJAS DEL VEH\u00cdCULO<\/h1>\n<h2 style=\"text-align: center;\">MOTOR DE POTENCIA<br \/>\nSOPORTE ESTABLE<\/h2>\n<p><img decoding=\"async\" class=\"aligncenter wp-image-6150\" src=\"https:\/\/ac-truck.com\/wp-content\/uploads\/2025\/11\/%E6%B6%88%E9%98%B2%E8%BD%A6%E8%AF%A6%E6%83%85%E9%A1%B5_05.webp\" sizes=\"(max-width: 1234px) 100vw, 1234px\" srcset=\"https:\/\/ac-truck.com\/wp-content\/uploads\/2025\/11\/\u6d88\u9632\u8f66\u8be6\u60c5\u9875_05.webp 790w, https:\/\/ac-truck.com\/wp-content\/uploads\/2025\/11\/\u6d88\u9632\u8f66\u8be6\u60c5\u9875_05-234x300.webp 234w, https:\/\/ac-truck.com\/wp-content\/uploads\/2025\/11\/\u6d88\u9632\u8f66\u8be6\u60c5\u9875_05-768x984.webp 768w, https:\/\/ac-truck.com\/wp-content\/uploads\/2025\/11\/\u6d88\u9632\u8f66\u8be6\u60c5\u9875_05-9x12.webp 9w, https:\/\/ac-truck.com\/wp-content\/uploads\/2025\/11\/\u6d88\u9632\u8f66\u8be6\u60c5\u9875_05-600x769.webp 600w, https:\/\/ac-truck.com\/wp-content\/uploads\/2025\/11\/\u6d88\u9632\u8f66\u8be6\u60c5\u9875_05-150x192.webp 150w\" alt=\"\" width=\"1234\" height=\"1581\" \/><\/p>\n<p><strong>High \u2013 power engine: With dual protection, it has stronger adaptabilityTransmission PTO: lt enables efficient power transmission with a fastresponse speed.<\/strong><\/p>\n<h1 style=\"text-align: center;\">EXTINCI\u00d3N DE INCENDIOS TOTAL<br \/>\nOPERACI\u00d3N DE ALTA EFICIENCIA<\/h1>\n<p><img loading=\"lazy\" decoding=\"async\" class=\"aligncenter wp-image-6151\" src=\"https:\/\/ac-truck.com\/wp-content\/uploads\/2025\/11\/%E6%B6%88%E9%98%B2%E8%BD%A6%E8%AF%A6%E6%83%85%E9%A1%B5_07.webp\" sizes=\"(max-width: 1234px) 100vw, 1234px\" srcset=\"https:\/\/ac-truck.com\/wp-content\/uploads\/2025\/11\/\u6d88\u9632\u8f66\u8be6\u60c5\u9875_07.webp 790w, https:\/\/ac-truck.com\/wp-content\/uploads\/2025\/11\/\u6d88\u9632\u8f66\u8be6\u60c5\u9875_07-161x300.webp 161w, https:\/\/ac-truck.com\/wp-content\/uploads\/2025\/11\/\u6d88\u9632\u8f66\u8be6\u60c5\u9875_07-548x1024.webp 548w, https:\/\/ac-truck.com\/wp-content\/uploads\/2025\/11\/\u6d88\u9632\u8f66\u8be6\u60c5\u9875_07-768x1435.webp 768w, https:\/\/ac-truck.com\/wp-content\/uploads\/2025\/11\/\u6d88\u9632\u8f66\u8be6\u60c5\u9875_07-6x12.webp 6w, https:\/\/ac-truck.com\/wp-content\/uploads\/2025\/11\/\u6d88\u9632\u8f66\u8be6\u60c5\u9875_07-600x1121.webp 600w, https:\/\/ac-truck.com\/wp-content\/uploads\/2025\/11\/\u6d88\u9632\u8f66\u8be6\u60c5\u9875_07-150x280.webp 150w\" alt=\"\" width=\"1234\" height=\"2306\" \/><\/p>\n<p><strong>1. Bomba contra incendios dedicada: con succi\u00f3n s\u00faper fuerte, es compatible con varios agentes.<\/strong><br \/>\n<strong>2. Entrada de bomba contra incendios: Dise\u00f1o de doble canal con tecnolog\u00eda antibloqueo.<\/strong><br \/>\n<strong>3. Salida de bomba contra incendios: Salida de alta presi\u00f3n con interfaces de conexi\u00f3n r\u00e1pida.<\/strong><br \/>\n<strong>4. Monitor de incendios: Control inteligente para pulverizaci\u00f3n multifuncional.<\/strong><br \/>\n<strong>5. Tanque de polvo seco: Extinci\u00f3n de incendios de alta eficiencia con materiales respetuosos con el medio ambiente.<\/strong><br \/>\n<strong>6. Controlador del tanque de polvo seco: Cambio con un bot\u00f3n para una medici\u00f3n precisa.<\/strong><\/p>\n<h1 style=\"text-align: center;\">PANTALLA DE FUNCIONES<\/h1>\n<p><img loading=\"lazy\" decoding=\"async\" class=\"aligncenter wp-image-6152\" src=\"https:\/\/ac-truck.com\/wp-content\/uploads\/2025\/11\/%E6%B6%88%E9%98%B2%E8%BD%A6%E8%AF%A6%E6%83%85%E9%A1%B5_09.webp\" sizes=\"(max-width: 1234px) 100vw, 1234px\" srcset=\"https:\/\/ac-truck.com\/wp-content\/uploads\/2025\/11\/\u6d88\u9632\u8f66\u8be6\u60c5\u9875_09.webp 790w, https:\/\/ac-truck.com\/wp-content\/uploads\/2025\/11\/\u6d88\u9632\u8f66\u8be6\u60c5\u9875_09-149x300.webp 149w, https:\/\/ac-truck.com\/wp-content\/uploads\/2025\/11\/\u6d88\u9632\u8f66\u8be6\u60c5\u9875_09-508x1024.webp 508w, https:\/\/ac-truck.com\/wp-content\/uploads\/2025\/11\/\u6d88\u9632\u8f66\u8be6\u60c5\u9875_09-768x1550.webp 768w, https:\/\/ac-truck.com\/wp-content\/uploads\/2025\/11\/\u6d88\u9632\u8f66\u8be6\u60c5\u9875_09-761x1536.webp 761w, https:\/\/ac-truck.com\/wp-content\/uploads\/2025\/11\/\u6d88\u9632\u8f66\u8be6\u60c5\u9875_09-6x12.webp 6w, https:\/\/ac-truck.com\/wp-content\/uploads\/2025\/11\/\u6d88\u9632\u8f66\u8be6\u60c5\u9875_09-600x1211.webp 600w, https:\/\/ac-truck.com\/wp-content\/uploads\/2025\/11\/\u6d88\u9632\u8f66\u8be6\u60c5\u9875_09-150x303.webp 150w\" alt=\"\" width=\"1234\" height=\"2490\" \/><\/p>\n<p><strong>Fumigaci\u00f3n contra incendios de tanques de agua<\/strong><br \/>\n<strong>Pulverizaci\u00f3n de incendios con tanques de espuma<\/strong><br \/>\n<strong>Pulverizaci\u00f3n contra incendios de tanques de polvo seco<\/strong><\/p>\n<h1 style=\"text-align: center;\">INTEGRACI\u00d3N INTELIGENTE<br \/>\nCONTROL CON UN SOLO BOT\u00d3N<\/h1>\n<p><img loading=\"lazy\" decoding=\"async\" class=\"aligncenter wp-image-6153\" src=\"https:\/\/ac-truck.com\/wp-content\/uploads\/2025\/11\/%E6%B6%88%E9%98%B2%E8%BD%A6%E8%AF%A6%E6%83%85%E9%A1%B5_11.webp\" sizes=\"(max-width: 1234px) 100vw, 1234px\" srcset=\"https:\/\/ac-truck.com\/wp-content\/uploads\/2025\/11\/\u6d88\u9632\u8f66\u8be6\u60c5\u9875_11.webp 790w, https:\/\/ac-truck.com\/wp-content\/uploads\/2025\/11\/\u6d88\u9632\u8f66\u8be6\u60c5\u9875_11-251x300.webp 251w, https:\/\/ac-truck.com\/wp-content\/uploads\/2025\/11\/\u6d88\u9632\u8f66\u8be6\u60c5\u9875_11-768x918.webp 768w, https:\/\/ac-truck.com\/wp-content\/uploads\/2025\/11\/\u6d88\u9632\u8f66\u8be6\u60c5\u9875_11-10x12.webp 10w, https:\/\/ac-truck.com\/wp-content\/uploads\/2025\/11\/\u6d88\u9632\u8f66\u8be6\u60c5\u9875_11-600x717.webp 600w, https:\/\/ac-truck.com\/wp-content\/uploads\/2025\/11\/\u6d88\u9632\u8f66\u8be6\u60c5\u9875_11-150x179.webp 150w\" alt=\"\" width=\"1234\" height=\"1475\" \/><\/p>\n<p><strong>1. Control de llave de conducci\u00f3n del chasis: cambie el modo de conducci\u00f3n del chasis con un bot\u00f3n para adaptarse a las diferentes condiciones de la carretera.<\/strong><br \/>\n<strong>2. Control de llave de toma de fuerza (PTO): Control integrado de la toma de fuerza, que se puede iniciar con un bot\u00f3n.<\/strong><br \/>\n<strong>3. Panel de control de incendios: no necesita operaciones complejas, cambie las operaciones con un bot\u00f3n.<\/strong><br \/>\n<strong>4. Visualizaci\u00f3n del caudal medio: Monitorea en tiempo real y muestra datos del caudal medio.<\/strong><\/p>\n<h1 style=\"text-align: center;\">FUNCIONES MEJORADAS<br \/>\nCAPACIDADES DE RESCATE TOTALES<\/h1>\n<p><img loading=\"lazy\" decoding=\"async\" class=\"aligncenter wp-image-6154\" src=\"https:\/\/ac-truck.com\/wp-content\/uploads\/2025\/11\/%E6%B6%88%E9%98%B2%E8%BD%A6%E8%AF%A6%E6%83%85%E9%A1%B5_13.webp\" sizes=\"(max-width: 1234px) 100vw, 1234px\" srcset=\"https:\/\/ac-truck.com\/wp-content\/uploads\/2025\/11\/\u6d88\u9632\u8f66\u8be6\u60c5\u9875_13.webp 790w, https:\/\/ac-truck.com\/wp-content\/uploads\/2025\/11\/\u6d88\u9632\u8f66\u8be6\u60c5\u9875_13-135x300.webp 135w, https:\/\/ac-truck.com\/wp-content\/uploads\/2025\/11\/\u6d88\u9632\u8f66\u8be6\u60c5\u9875_13-462x1024.webp 462w, https:\/\/ac-truck.com\/wp-content\/uploads\/2025\/11\/\u6d88\u9632\u8f66\u8be6\u60c5\u9875_13-768x1701.webp 768w, https:\/\/ac-truck.com\/wp-content\/uploads\/2025\/11\/\u6d88\u9632\u8f66\u8be6\u60c5\u9875_13-693x1536.webp 693w, https:\/\/ac-truck.com\/wp-content\/uploads\/2025\/11\/\u6d88\u9632\u8f66\u8be6\u60c5\u9875_13-5x12.webp 5w, https:\/\/ac-truck.com\/wp-content\/uploads\/2025\/11\/\u6d88\u9632\u8f66\u8be6\u60c5\u9875_13-600x1329.webp 600w, https:\/\/ac-truck.com\/wp-content\/uploads\/2025\/11\/\u6d88\u9632\u8f66\u8be6\u60c5\u9875_13-150x332.webp 150w\" alt=\"\" width=\"1234\" height=\"2734\" \/><\/p>\n<p><strong>1. Equipo de extinci\u00f3n de incendios<\/strong><br \/>\n<strong>2. Equipo de rescate de emergencia<\/strong><br \/>\n<strong>3. Manguera contra incendios<\/strong><br \/>\n<strong>L\u00e1mpara de iluminaci\u00f3n de emergencia de 4.360\u00b0<\/strong><br \/>\n<strong>5. Luz de advertencia de incendio<\/strong><\/p>\n<h1 style=\"text-align: center;\">Seguro y estable<br \/>\nDuradero y de larga duraci\u00f3n<\/h1>\n<p><img loading=\"lazy\" decoding=\"async\" class=\"aligncenter wp-image-6155\" src=\"https:\/\/ac-truck.com\/wp-content\/uploads\/2025\/11\/%E6%B6%88%E9%98%B2%E8%BD%A6%E8%AF%A6%E6%83%85%E9%A1%B5_15.webp\" sizes=\"(max-width: 1234px) 100vw, 1234px\" srcset=\"https:\/\/ac-truck.com\/wp-content\/uploads\/2025\/11\/\u6d88\u9632\u8f66\u8be6\u60c5\u9875_15.webp 790w, https:\/\/ac-truck.com\/wp-content\/uploads\/2025\/11\/\u6d88\u9632\u8f66\u8be6\u60c5\u9875_15-178x300.webp 178w, https:\/\/ac-truck.com\/wp-content\/uploads\/2025\/11\/\u6d88\u9632\u8f66\u8be6\u60c5\u9875_15-606x1024.webp 606w, https:\/\/ac-truck.com\/wp-content\/uploads\/2025\/11\/\u6d88\u9632\u8f66\u8be6\u60c5\u9875_15-768x1297.webp 768w, https:\/\/ac-truck.com\/wp-content\/uploads\/2025\/11\/\u6d88\u9632\u8f66\u8be6\u60c5\u9875_15-7x12.webp 7w, https:\/\/ac-truck.com\/wp-content\/uploads\/2025\/11\/\u6d88\u9632\u8f66\u8be6\u60c5\u9875_15-600x1013.webp 600w, https:\/\/ac-truck.com\/wp-content\/uploads\/2025\/11\/\u6d88\u9632\u8f66\u8be6\u60c5\u9875_15-150x253.webp 150w\" alt=\"\" width=\"1234\" height=\"2084\" \/><\/p>\n<p><strong>Cerradura de puerta de persiana enrollable<\/strong><br \/>\n<strong>Pedal antideslizante<\/strong><br \/>\n<strong>Escalera telesc\u00f3pica<\/strong><br \/>\n<strong>Placa superior antideslizante a cuadros<\/strong><\/p>\n<h1 style=\"text-align: center;\">PROCESO DE PRODUCCI\u00d3N<\/h1>\n<p><img loading=\"lazy\" decoding=\"async\" class=\"aligncenter wp-image-6156\" src=\"https:\/\/ac-truck.com\/wp-content\/uploads\/2025\/11\/%E6%B6%88%E9%98%B2%E8%BD%A6%E8%AF%A6%E6%83%85%E9%A1%B5_17.webp\" sizes=\"(max-width: 1234px) 100vw, 1234px\" srcset=\"https:\/\/ac-truck.com\/wp-content\/uploads\/2025\/11\/\u6d88\u9632\u8f66\u8be6\u60c5\u9875_17.webp 790w, https:\/\/ac-truck.com\/wp-content\/uploads\/2025\/11\/\u6d88\u9632\u8f66\u8be6\u60c5\u9875_17-124x300.webp 124w, https:\/\/ac-truck.com\/wp-content\/uploads\/2025\/11\/\u6d88\u9632\u8f66\u8be6\u60c5\u9875_17-425x1024.webp 425w, https:\/\/ac-truck.com\/wp-content\/uploads\/2025\/11\/\u6d88\u9632\u8f66\u8be6\u60c5\u9875_17-768x1851.webp 768w, https:\/\/ac-truck.com\/wp-content\/uploads\/2025\/11\/\u6d88\u9632\u8f66\u8be6\u60c5\u9875_17-637x1536.webp 637w, https:\/\/ac-truck.com\/wp-content\/uploads\/2025\/11\/\u6d88\u9632\u8f66\u8be6\u60c5\u9875_17-5x12.webp 5w, https:\/\/ac-truck.com\/wp-content\/uploads\/2025\/11\/\u6d88\u9632\u8f66\u8be6\u60c5\u9875_17-600x1446.webp 600w, https:\/\/ac-truck.com\/wp-content\/uploads\/2025\/11\/\u6d88\u9632\u8f66\u8be6\u60c5\u9875_17-150x362.webp 150w\" alt=\"\" width=\"1234\" height=\"2974\" \/><img loading=\"lazy\" decoding=\"async\" class=\"aligncenter wp-image-6157\" src=\"https:\/\/ac-truck.com\/wp-content\/uploads\/2025\/11\/%E6%B6%88%E9%98%B2%E8%BD%A6%E8%AF%A6%E6%83%85%E9%A1%B5_18.webp\" sizes=\"(max-width: 1234px) 100vw, 1234px\" srcset=\"https:\/\/ac-truck.com\/wp-content\/uploads\/2025\/11\/\u6d88\u9632\u8f66\u8be6\u60c5\u9875_18.webp 790w, https:\/\/ac-truck.com\/wp-content\/uploads\/2025\/11\/\u6d88\u9632\u8f66\u8be6\u60c5\u9875_18-125x300.webp 125w, https:\/\/ac-truck.com\/wp-content\/uploads\/2025\/11\/\u6d88\u9632\u8f66\u8be6\u60c5\u9875_18-426x1024.webp 426w, https:\/\/ac-truck.com\/wp-content\/uploads\/2025\/11\/\u6d88\u9632\u8f66\u8be6\u60c5\u9875_18-768x1847.webp 768w, https:\/\/ac-truck.com\/wp-content\/uploads\/2025\/11\/\u6d88\u9632\u8f66\u8be6\u60c5\u9875_18-639x1536.webp 639w, https:\/\/ac-truck.com\/wp-content\/uploads\/2025\/11\/\u6d88\u9632\u8f66\u8be6\u60c5\u9875_18-5x12.webp 5w, https:\/\/ac-truck.com\/wp-content\/uploads\/2025\/11\/\u6d88\u9632\u8f66\u8be6\u60c5\u9875_18-600x1443.webp 600w, https:\/\/ac-truck.com\/wp-content\/uploads\/2025\/11\/\u6d88\u9632\u8f66\u8be6\u60c5\u9875_18-150x361.webp 150w\" alt=\"\" width=\"1234\" height=\"2968\" \/><\/p>\n<p><strong>1. Preparaci\u00f3n del material de producci\u00f3n<\/strong><br \/>\n<strong>2. Soldadura de caja<\/strong><br \/>\n<strong>3.Soldadura y conformado de cajas<\/strong><br \/>\n<strong>4. Montaje de la caja en el chasis<\/strong><br \/>\n<strong>5.Montaje de detalles interiores<\/strong><br \/>\n<strong>6. Finalizaci\u00f3n del cebador<\/strong><br \/>\n<strong>7. Terminaci\u00f3n de pintura ign\u00edfuga<\/strong><br \/>\n<strong>8.Finalizaci\u00f3n de la producci\u00f3n del veh\u00edculo<\/strong><\/p>\n<h1 style=\"text-align: center;\">ESCENARIOS DE APLICACI\u00d3N<\/h1>\n<p><img loading=\"lazy\" decoding=\"async\" class=\"aligncenter wp-image-6158\" src=\"https:\/\/ac-truck.com\/wp-content\/uploads\/2025\/11\/%E6%B6%88%E9%98%B2%E8%BD%A6%E8%AF%A6%E6%83%85%E9%A1%B5_20.webp\" sizes=\"(max-width: 1234px) 100vw, 1234px\" srcset=\"https:\/\/ac-truck.com\/wp-content\/uploads\/2025\/11\/\u6d88\u9632\u8f66\u8be6\u60c5\u9875_20.webp 790w, https:\/\/ac-truck.com\/wp-content\/uploads\/2025\/11\/\u6d88\u9632\u8f66\u8be6\u60c5\u9875_20-150x300.webp 150w, https:\/\/ac-truck.com\/wp-content\/uploads\/2025\/11\/\u6d88\u9632\u8f66\u8be6\u60c5\u9875_20-512x1024.webp 512w, https:\/\/ac-truck.com\/wp-content\/uploads\/2025\/11\/\u6d88\u9632\u8f66\u8be6\u60c5\u9875_20-768x1536.webp 768w, https:\/\/ac-truck.com\/wp-content\/uploads\/2025\/11\/\u6d88\u9632\u8f66\u8be6\u60c5\u9875_20-6x12.webp 6w, https:\/\/ac-truck.com\/wp-content\/uploads\/2025\/11\/\u6d88\u9632\u8f66\u8be6\u60c5\u9875_20-600x1200.webp 600w\" alt=\"\" width=\"1234\" height=\"2468\" \/><\/p>\n<h1 style=\"text-align: center;\">EMBALAJE Y TRANSPORTE<\/h1>\n<p><img loading=\"lazy\" decoding=\"async\" class=\"aligncenter wp-image-6159\" src=\"https:\/\/ac-truck.com\/wp-content\/uploads\/2025\/11\/%E6%B6%88%E9%98%B2%E8%BD%A6%E8%AF%A6%E6%83%85%E9%A1%B5_22.webp\" sizes=\"(max-width: 1234px) 100vw, 1234px\" srcset=\"https:\/\/ac-truck.com\/wp-content\/uploads\/2025\/11\/\u6d88\u9632\u8f66\u8be6\u60c5\u9875_22.webp 790w, https:\/\/ac-truck.com\/wp-content\/uploads\/2025\/11\/\u6d88\u9632\u8f66\u8be6\u60c5\u9875_22-157x300.webp 157w, https:\/\/ac-truck.com\/wp-content\/uploads\/2025\/11\/\u6d88\u9632\u8f66\u8be6\u60c5\u9875_22-538x1024.webp 538w, https:\/\/ac-truck.com\/wp-content\/uploads\/2025\/11\/\u6d88\u9632\u8f66\u8be6\u60c5\u9875_22-768x1463.webp 768w, https:\/\/ac-truck.com\/wp-content\/uploads\/2025\/11\/\u6d88\u9632\u8f66\u8be6\u60c5\u9875_22-6x12.webp 6w, https:\/\/ac-truck.com\/wp-content\/uploads\/2025\/11\/\u6d88\u9632\u8f66\u8be6\u60c5\u9875_22-600x1143.webp 600w, https:\/\/ac-truck.com\/wp-content\/uploads\/2025\/11\/\u6d88\u9632\u8f66\u8be6\u60c5\u9875_22-150x286.webp 150w\" alt=\"\" width=\"1234\" height=\"2351\" \/><\/p>","protected":false},"excerpt":{"rendered":"<p>PRODUCTPARAMETERS 3380 Liters Water Tank Fire Truck ISUZU project Descriptions Specifications Basic Overall dimensions(mm) 6860\u00d72290\u00d73050 curb weight(Kg) 5870 Loading capacity(Kg)<\/p>","protected":false},"featured_media":6222,"template":"","meta":[],"product_brand":[213],"product_cat":[182],"product_tag":[259,279,282,322],"class_list":{"0":"post-6219","1":"product","2":"type-product","3":"status-publish","4":"has-post-thumbnail","6":"product_brand-isuzu","7":"product_cat-fire-trucks","8":"product_tag-fire-truck","9":"product_tag-fire-engine","10":"product_tag-water-tank-fire-truck","11":"product_tag-3380l","13":"first","14":"instock","15":"shipping-taxable","16":"product-type-simple"},"_links":{"self":[{"href":"https:\/\/ac-truck.com\/es\/wp-json\/wp\/v2\/product\/6219","targetHints":{"allow":["GET"]}}],"collection":[{"href":"https:\/\/ac-truck.com\/es\/wp-json\/wp\/v2\/product"}],"about":[{"href":"https:\/\/ac-truck.com\/es\/wp-json\/wp\/v2\/types\/product"}],"version-history":[{"count":2,"href":"https:\/\/ac-truck.com\/es\/wp-json\/wp\/v2\/product\/6219\/revisions"}],"predecessor-version":[{"id":6684,"href":"https:\/\/ac-truck.com\/es\/wp-json\/wp\/v2\/product\/6219\/revisions\/6684"}],"wp:featuredmedia":[{"embeddable":true,"href":"https:\/\/ac-truck.com\/es\/wp-json\/wp\/v2\/media\/6222"}],"wp:attachment":[{"href":"https:\/\/ac-truck.com\/es\/wp-json\/wp\/v2\/media?parent=6219"}],"wp:term":[{"taxonomy":"product_brand","embeddable":true,"href":"https:\/\/ac-truck.com\/es\/wp-json\/wp\/v2\/product_brand?post=6219"},{"taxonomy":"product_cat","embeddable":true,"href":"https:\/\/ac-truck.com\/es\/wp-json\/wp\/v2\/product_cat?post=6219"},{"taxonomy":"product_tag","embeddable":true,"href":"https:\/\/ac-truck.com\/es\/wp-json\/wp\/v2\/product_tag?post=6219"}],"curies":[{"name":"wp","href":"https:\/\/api.w.org\/{rel}","templated":true}]}}