{"id":6522,"date":"2025-12-11T14:06:00","date_gmt":"2025-12-11T06:06:00","guid":{"rendered":"https:\/\/ac-truck.com\/?post_type=product&#038;p=6522"},"modified":"2025-12-11T14:06:01","modified_gmt":"2025-12-11T06:06:01","slug":"5t-tow-truck-faw","status":"publish","type":"product","link":"https:\/\/ac-truck.com\/es\/5t-tow-truck-faw.html","title":{"rendered":"Gr\u00faa de auxilio 5T FAW"},"content":{"rendered":"<p><img fetchpriority=\"high\" decoding=\"async\" class=\"aligncenter wp-image-6523\" src=\"https:\/\/ac-truck.com\/wp-content\/uploads\/2025\/12\/\u4ea7\u54c1\u6d77\u62a5_01-4.webp\" alt=\"\" width=\"1234\" height=\"1614\" srcset=\"https:\/\/ac-truck.com\/wp-content\/uploads\/2025\/12\/\u4ea7\u54c1\u6d77\u62a5_01-4.webp 790w, https:\/\/ac-truck.com\/wp-content\/uploads\/2025\/12\/\u4ea7\u54c1\u6d77\u62a5_01-4-229x300.webp 229w, https:\/\/ac-truck.com\/wp-content\/uploads\/2025\/12\/\u4ea7\u54c1\u6d77\u62a5_01-4-783x1024.webp 783w, https:\/\/ac-truck.com\/wp-content\/uploads\/2025\/12\/\u4ea7\u54c1\u6d77\u62a5_01-4-768x1004.webp 768w, https:\/\/ac-truck.com\/wp-content\/uploads\/2025\/12\/\u4ea7\u54c1\u6d77\u62a5_01-4-9x12.webp 9w, https:\/\/ac-truck.com\/wp-content\/uploads\/2025\/12\/\u4ea7\u54c1\u6d77\u62a5_01-4-600x785.webp 600w, https:\/\/ac-truck.com\/wp-content\/uploads\/2025\/12\/\u4ea7\u54c1\u6d77\u62a5_01-4-150x196.webp 150w\" sizes=\"(max-width: 1234px) 100vw, 1234px\" \/><\/p>\n<h1 style=\"text-align: center;\">PAR\u00c1METROS DEL PRODUCTO<\/h1>\n<p><img decoding=\"async\" class=\"aligncenter wp-image-6524\" src=\"https:\/\/ac-truck.com\/wp-content\/uploads\/2025\/12\/\u4ea7\u54c1\u6d77\u62a5_03-4.webp\" alt=\"\" width=\"1234\" height=\"473\" srcset=\"https:\/\/ac-truck.com\/wp-content\/uploads\/2025\/12\/\u4ea7\u54c1\u6d77\u62a5_03-4.webp 790w, https:\/\/ac-truck.com\/wp-content\/uploads\/2025\/12\/\u4ea7\u54c1\u6d77\u62a5_03-4-300x115.webp 300w, https:\/\/ac-truck.com\/wp-content\/uploads\/2025\/12\/\u4ea7\u54c1\u6d77\u62a5_03-4-768x295.webp 768w, https:\/\/ac-truck.com\/wp-content\/uploads\/2025\/12\/\u4ea7\u54c1\u6d77\u62a5_03-4-18x7.webp 18w, https:\/\/ac-truck.com\/wp-content\/uploads\/2025\/12\/\u4ea7\u54c1\u6d77\u62a5_03-4-600x230.webp 600w, https:\/\/ac-truck.com\/wp-content\/uploads\/2025\/12\/\u4ea7\u54c1\u6d77\u62a5_03-4-150x58.webp 150w\" sizes=\"(max-width: 1234px) 100vw, 1234px\" \/><\/p>\n<h2 style=\"text-align: center;\">Gr\u00faa de auxilio 5T FAW<\/h2>\n<table>\n<tbody>\n<tr>\n<td width=\"86\"><strong>proyecto<\/strong><\/td>\n<td width=\"296\"><strong>Descripciones<\/strong><\/td>\n<td width=\"316\"><strong>Presupuesto<\/strong><\/td>\n<\/tr>\n<tr>\n<td rowspan=\"3\" width=\"86\"><strong>General<\/strong><\/td>\n<td width=\"296\"><strong>Dimensiones totales (mm)<\/strong><\/td>\n<td width=\"316\"><strong>5995\u00d72400\u00d72320<\/strong><\/td>\n<\/tr>\n<tr>\n<td width=\"296\"><strong>peso en vac\u00edo (Kg)<\/strong><\/td>\n<td width=\"316\"><strong>2800<\/strong><\/td>\n<\/tr>\n<tr>\n<td width=\"296\"><strong>Masa total (Kg)<\/strong><\/td>\n<td width=\"316\"><strong>7970<\/strong><\/td>\n<\/tr>\n<tr>\n<td rowspan=\"6\" width=\"86\"><strong>Cuerpo<\/strong><\/td>\n<td width=\"296\"><strong>Dimensiones de la plataforma (mm)<\/strong><\/td>\n<td width=\"316\"><strong>5600&#215;2400<\/strong><\/td>\n<\/tr>\n<tr>\n<td width=\"296\"><strong>Material de cama plana<\/strong><\/td>\n<td width=\"316\"><strong>Q235<\/strong><\/td>\n<\/tr>\n<tr>\n<td width=\"296\"><strong>\u00a0Espesor de la placa de patr\u00f3n (mm)<\/strong><\/td>\n<td width=\"316\"><strong>5<\/strong><\/td>\n<\/tr>\n<tr>\n<td width=\"296\"><strong>Carga m\u00e1xima de plataforma (kg)<\/strong><\/td>\n<td width=\"316\"><strong>5000<\/strong><\/td>\n<\/tr>\n<tr>\n<td width=\"296\"><strong>Capacidad m\u00e1xima de elevaci\u00f3n (Kg)<\/strong><\/td>\n<td width=\"316\"><strong>3000<\/strong><\/td>\n<\/tr>\n<tr>\n<td width=\"296\"><strong>Capacidad de tracci\u00f3n del cabrestante (Kg)<\/strong><\/td>\n<td width=\"316\"><strong>4000<\/strong><\/td>\n<\/tr>\n<tr>\n<td rowspan=\"7\" width=\"86\"><strong>Chasis<\/strong><\/p>\n<p>&nbsp;<\/td>\n<td width=\"296\"><strong>Marca del chasis<\/strong><\/td>\n<td width=\"316\"><strong>FAW<\/strong><\/td>\n<\/tr>\n<tr>\n<td width=\"296\"><strong>Formulario de conductor<\/strong><\/td>\n<td width=\"316\"><strong>4\u00d72<\/strong><\/td>\n<\/tr>\n<tr>\n<td width=\"296\"><strong>Volante<\/strong><\/td>\n<td width=\"316\"><strong>Conducci\u00f3n con volante a la derecha<\/strong><\/td>\n<\/tr>\n<tr>\n<td width=\"296\"><strong>Marca y modelo del motor<\/strong><\/td>\n<td width=\"316\"><strong>Yuchai\u00a0 YC4D130-33<\/strong><\/td>\n<\/tr>\n<tr>\n<td width=\"296\"><strong>Potencia m\u00e1xima del motor (kW)<\/strong><\/td>\n<td width=\"316\"><strong>96<\/strong><\/td>\n<\/tr>\n<tr>\n<td width=\"296\"><strong>Normas de emisi\u00f3n<\/strong><\/td>\n<td width=\"316\"><strong>Euro3<\/strong><\/td>\n<\/tr>\n<tr>\n<td width=\"296\"><strong>Caja de cambios<\/strong><\/td>\n<td width=\"316\"><strong>6-speed gearbox<\/strong><\/td>\n<\/tr>\n<\/tbody>\n<\/table>\n<h1 style=\"text-align: center;\">VENTAJAS DEL VEH\u00cdCULO<\/h1>\n<h2 style=\"text-align: center;\">POTENTE CONFIGURACI\u00d3N DE REMOLQUE<\/h2>\n<p><img decoding=\"async\" class=\"aligncenter wp-image-6466\" src=\"https:\/\/ac-truck.com\/wp-content\/uploads\/2025\/12\/%E6%B8%85%E9%9A%9C%E8%BD%A6%E8%AF%A6%E6%83%85%E9%A1%B5_05.webp\" sizes=\"(max-width: 1234px) 100vw, 1234px\" srcset=\"https:\/\/ac-truck.com\/wp-content\/uploads\/2025\/12\/\u6e05\u969c\u8f66\u8be6\u60c5\u9875_05.webp 790w, https:\/\/ac-truck.com\/wp-content\/uploads\/2025\/12\/\u6e05\u969c\u8f66\u8be6\u60c5\u9875_05-183x300.webp 183w, https:\/\/ac-truck.com\/wp-content\/uploads\/2025\/12\/\u6e05\u969c\u8f66\u8be6\u60c5\u9875_05-624x1024.webp 624w, https:\/\/ac-truck.com\/wp-content\/uploads\/2025\/12\/\u6e05\u969c\u8f66\u8be6\u60c5\u9875_05-768x1260.webp 768w, https:\/\/ac-truck.com\/wp-content\/uploads\/2025\/12\/\u6e05\u969c\u8f66\u8be6\u60c5\u9875_05-7x12.webp 7w, https:\/\/ac-truck.com\/wp-content\/uploads\/2025\/12\/\u6e05\u969c\u8f66\u8be6\u60c5\u9875_05-600x984.webp 600w, https:\/\/ac-truck.com\/wp-content\/uploads\/2025\/12\/\u6e05\u969c\u8f66\u8be6\u60c5\u9875_05-150x246.webp 150w\" alt=\"\" width=\"1234\" height=\"2024\" \/><\/p>\n<p><strong>1. Estructura de fijaci\u00f3n de alambre de acero<\/strong><br \/>\n<strong>2. Cabrestante hidr\u00e1ulico<\/strong><br \/>\n<strong>3. Polea de alambre de acero<\/strong><br \/>\n<strong>4. Rueda tensora de alambre de acero<\/strong><br \/>\n<strong>5. Gancho principal<\/strong><br \/>\n<strong>6. Brazo de remolque trasero<\/strong><\/p>\n<h1 style=\"text-align: center;\">SISTEMA HIDR\u00c1ULICO<\/h1>\n<p><img loading=\"lazy\" decoding=\"async\" class=\"aligncenter wp-image-6467\" src=\"https:\/\/ac-truck.com\/wp-content\/uploads\/2025\/12\/%E6%B8%85%E9%9A%9C%E8%BD%A6%E8%AF%A6%E6%83%85%E9%A1%B5_07.webp\" sizes=\"(max-width: 1234px) 100vw, 1234px\" srcset=\"https:\/\/ac-truck.com\/wp-content\/uploads\/2025\/12\/\u6e05\u969c\u8f66\u8be6\u60c5\u9875_07.webp 790w, https:\/\/ac-truck.com\/wp-content\/uploads\/2025\/12\/\u6e05\u969c\u8f66\u8be6\u60c5\u9875_07-194x300.webp 194w, https:\/\/ac-truck.com\/wp-content\/uploads\/2025\/12\/\u6e05\u969c\u8f66\u8be6\u60c5\u9875_07-663x1024.webp 663w, https:\/\/ac-truck.com\/wp-content\/uploads\/2025\/12\/\u6e05\u969c\u8f66\u8be6\u60c5\u9875_07-768x1186.webp 768w, https:\/\/ac-truck.com\/wp-content\/uploads\/2025\/12\/\u6e05\u969c\u8f66\u8be6\u60c5\u9875_07-8x12.webp 8w, https:\/\/ac-truck.com\/wp-content\/uploads\/2025\/12\/\u6e05\u969c\u8f66\u8be6\u60c5\u9875_07-600x927.webp 600w, https:\/\/ac-truck.com\/wp-content\/uploads\/2025\/12\/\u6e05\u969c\u8f66\u8be6\u60c5\u9875_07-150x232.webp 150w\" alt=\"\" width=\"1234\" height=\"1906\" \/><\/p>\n<p><strong>1. Bomba de aceite hidr\u00e1ulica: Resistente al impacto y a la alta presi\u00f3n, tiene una potencia de salida estable y puede responder r\u00e1pidamente a los comandos de acci\u00f3n del cabrestante y del brazo de remolque, evitando atascos operativos.<\/strong><br \/>\n<strong>2. Tanque de aceite hidr\u00e1ulico: Equipado con una pantalla de filtro interna y un elemento de filtro de succi\u00f3n de aceite para evitar que las impurezas ingresen al circuito de aceite.<\/strong><br \/>\n<strong>3. Cilindro hidr\u00e1ulico: tiene un excelente rendimiento de sellado, es resistente al desgaste y a la corrosi\u00f3n, puede soportar alta presi\u00f3n y fuerza de impacto durante el funcionamiento y garantiza acciones de elevaci\u00f3n y remolque suaves y precisas.<\/strong><br \/>\n<strong>TRUG<\/strong><br \/>\n<strong>4. Tuber\u00eda de aceite hidr\u00e1ulico: Se utilizan mangueras de caucho trenzado con alambre de acero de alta presi\u00f3n, y algunas capas exteriores est\u00e1n equipadas con mangas protectoras para mejorar la durabilidad.<\/strong><br \/>\n<strong>5. V\u00e1lvula multiv\u00eda de alta calidad: el funcionamiento es suave y sin atascos, y puede lograr un ajuste fino del control de las acciones. Tiene un excelente rendimiento de sellado, es resistente a la alta presi\u00f3n y al desgaste, y tiene una larga vida \u00fatil.<\/strong><\/p>\n<h1 style=\"text-align: center;\">PODER PODEROSO<\/h1>\n<p><img loading=\"lazy\" decoding=\"async\" class=\"aligncenter wp-image-6468\" src=\"https:\/\/ac-truck.com\/wp-content\/uploads\/2025\/12\/%E6%B8%85%E9%9A%9C%E8%BD%A6%E8%AF%A6%E6%83%85%E9%A1%B5_09.webp\" sizes=\"(max-width: 1234px) 100vw, 1234px\" srcset=\"https:\/\/ac-truck.com\/wp-content\/uploads\/2025\/12\/\u6e05\u969c\u8f66\u8be6\u60c5\u9875_09.webp 790w, https:\/\/ac-truck.com\/wp-content\/uploads\/2025\/12\/\u6e05\u969c\u8f66\u8be6\u60c5\u9875_09-214x300.webp 214w, https:\/\/ac-truck.com\/wp-content\/uploads\/2025\/12\/\u6e05\u969c\u8f66\u8be6\u60c5\u9875_09-730x1024.webp 730w, https:\/\/ac-truck.com\/wp-content\/uploads\/2025\/12\/\u6e05\u969c\u8f66\u8be6\u60c5\u9875_09-768x1077.webp 768w, https:\/\/ac-truck.com\/wp-content\/uploads\/2025\/12\/\u6e05\u969c\u8f66\u8be6\u60c5\u9875_09-9x12.webp 9w, https:\/\/ac-truck.com\/wp-content\/uploads\/2025\/12\/\u6e05\u969c\u8f66\u8be6\u60c5\u9875_09-600x842.webp 600w, https:\/\/ac-truck.com\/wp-content\/uploads\/2025\/12\/\u6e05\u969c\u8f66\u8be6\u60c5\u9875_09-150x210.webp 150w\" alt=\"\" width=\"1234\" height=\"1731\" \/><\/p>\n<p><strong>1. Toma de fuerza de m\u00e1xima potencia: ofrece una potencia de salida m\u00e1s suficiente, tiene una conexi\u00f3n precisa con el sistema hidr\u00e1ulico, es f\u00e1cil de operar y tiene una baja tasa de fallas.<\/strong><br \/>\n<strong>2. Motor de alta potencia: su alto torque proporciona una amplia base de potencia para la toma de fuerza y \u200b\u200bel sistema hidr\u00e1ulico, lo que permite un remolque y una elevaci\u00f3n m\u00e1s potentes.<\/strong><\/p>\n<h1 style=\"text-align: center;\">DIVERSIDAD DE ESTRUCTURAS DE PLACA PLANA<\/h1>\n<p><img loading=\"lazy\" decoding=\"async\" class=\"aligncenter wp-image-6469\" src=\"https:\/\/ac-truck.com\/wp-content\/uploads\/2025\/12\/%E6%B8%85%E9%9A%9C%E8%BD%A6%E8%AF%A6%E6%83%85%E9%A1%B5_11.webp\" sizes=\"(max-width: 1234px) 100vw, 1234px\" srcset=\"https:\/\/ac-truck.com\/wp-content\/uploads\/2025\/12\/\u6e05\u969c\u8f66\u8be6\u60c5\u9875_11.webp 790w, https:\/\/ac-truck.com\/wp-content\/uploads\/2025\/12\/\u6e05\u969c\u8f66\u8be6\u60c5\u9875_11-300x232.webp 300w, https:\/\/ac-truck.com\/wp-content\/uploads\/2025\/12\/\u6e05\u969c\u8f66\u8be6\u60c5\u9875_11-768x595.webp 768w, https:\/\/ac-truck.com\/wp-content\/uploads\/2025\/12\/\u6e05\u969c\u8f66\u8be6\u60c5\u9875_11-15x12.webp 15w, https:\/\/ac-truck.com\/wp-content\/uploads\/2025\/12\/\u6e05\u969c\u8f66\u8be6\u60c5\u9875_11-600x465.webp 600w, https:\/\/ac-truck.com\/wp-content\/uploads\/2025\/12\/\u6e05\u969c\u8f66\u8be6\u60c5\u9875_11-150x116.webp 150w\" alt=\"\" width=\"1234\" height=\"956\" \/><\/p>\n<p><strong>1. Gr\u00faa de plataforma con aterrizaje completo: La plataforma puede aterrizar completamente. Al rescatar veh\u00edculos con chasis bajo, se reduce la dificultad para subir a la plataforma y se minimizan los da\u00f1os al veh\u00edculo averiado.<\/strong><br \/>\n<strong>2. Cami\u00f3n de remolque de plataforma plana con plataforma trasera: Se agrega una plataforma trasera retr\u00e1ctil en la parte trasera. Puede reducir la pendiente entre la plataforma plana y el suelo, lo que facilita que el veh\u00edculo averiado suba a la plataforma plana.<\/strong><br \/>\n<strong>3. Gr\u00faa de plataforma con gr\u00faa: Se instala una gr\u00faa, que puede utilizarse para levantar veh\u00edculos averiados que han ca\u00eddo en zanjas o r\u00edos y que son dif\u00edciles de manejar con el m\u00e9todo de remolque de plataforma.<\/strong><br \/>\n<strong>4. Gr\u00faa de plataforma: Se utiliza para remolcar o transportar veh\u00edculos averiados. La plataforma se eleva e inclina mediante el sistema hidr\u00e1ulico, lo que facilita la subida y bajada del veh\u00edculo.<\/strong><\/p>\n<h1 style=\"text-align: center;\">F\u00c1CIL DE OPERAR<\/h1>\n<p><img loading=\"lazy\" decoding=\"async\" class=\"aligncenter wp-image-6470\" src=\"https:\/\/ac-truck.com\/wp-content\/uploads\/2025\/12\/%E6%B8%85%E9%9A%9C%E8%BD%A6%E8%AF%A6%E6%83%85%E9%A1%B5_13.webp\" sizes=\"(max-width: 1234px) 100vw, 1234px\" srcset=\"https:\/\/ac-truck.com\/wp-content\/uploads\/2025\/12\/\u6e05\u969c\u8f66\u8be6\u60c5\u9875_13.webp 790w, https:\/\/ac-truck.com\/wp-content\/uploads\/2025\/12\/\u6e05\u969c\u8f66\u8be6\u60c5\u9875_13-261x300.webp 261w, https:\/\/ac-truck.com\/wp-content\/uploads\/2025\/12\/\u6e05\u969c\u8f66\u8be6\u60c5\u9875_13-768x883.webp 768w, https:\/\/ac-truck.com\/wp-content\/uploads\/2025\/12\/\u6e05\u969c\u8f66\u8be6\u60c5\u9875_13-10x12.webp 10w, https:\/\/ac-truck.com\/wp-content\/uploads\/2025\/12\/\u6e05\u969c\u8f66\u8be6\u60c5\u9875_13-600x690.webp 600w, https:\/\/ac-truck.com\/wp-content\/uploads\/2025\/12\/\u6e05\u969c\u8f66\u8be6\u60c5\u9875_13-150x172.webp 150w\" alt=\"\" width=\"1234\" height=\"1418\" \/><\/p>\n<p><strong>1. Palanca de operaci\u00f3n directa: El dise\u00f1o de la palanca de operaci\u00f3n es ergon\u00f3mico, con un agarre c\u00f3modo y un recorrido apropiado. Puede controlar con precisi\u00f3n la amplitud de la acci\u00f3n y evitar el impacto operativo.<\/strong><br \/>\n<strong>2. Control remoto inal\u00e1mbrico: Los operadores pueden mantenerse alejados del \u00e1rea de operaci\u00f3n peligrosa para evitar riesgos. Cuentan con un campo de visi\u00f3n m\u00e1s amplio, lo cual facilita la observaci\u00f3n de los detalles de la operaci\u00f3n y mejora la precisi\u00f3n.<\/strong><\/p>\n<h1 style=\"text-align: center;\">PROCESO DE PRODUCCI\u00d3N<\/h1>\n<p><img loading=\"lazy\" decoding=\"async\" class=\"aligncenter wp-image-6471\" src=\"https:\/\/ac-truck.com\/wp-content\/uploads\/2025\/12\/%E6%B8%85%E9%9A%9C%E8%BD%A6%E8%AF%A6%E6%83%85%E9%A1%B5_15.webp\" sizes=\"(max-width: 1234px) 100vw, 1234px\" srcset=\"https:\/\/ac-truck.com\/wp-content\/uploads\/2025\/12\/\u6e05\u969c\u8f66\u8be6\u60c5\u9875_15.webp 790w, https:\/\/ac-truck.com\/wp-content\/uploads\/2025\/12\/\u6e05\u969c\u8f66\u8be6\u60c5\u9875_15-132x300.webp 132w, https:\/\/ac-truck.com\/wp-content\/uploads\/2025\/12\/\u6e05\u969c\u8f66\u8be6\u60c5\u9875_15-449x1024.webp 449w, https:\/\/ac-truck.com\/wp-content\/uploads\/2025\/12\/\u6e05\u969c\u8f66\u8be6\u60c5\u9875_15-768x1750.webp 768w, https:\/\/ac-truck.com\/wp-content\/uploads\/2025\/12\/\u6e05\u969c\u8f66\u8be6\u60c5\u9875_15-674x1536.webp 674w, https:\/\/ac-truck.com\/wp-content\/uploads\/2025\/12\/\u6e05\u969c\u8f66\u8be6\u60c5\u9875_15-5x12.webp 5w, https:\/\/ac-truck.com\/wp-content\/uploads\/2025\/12\/\u6e05\u969c\u8f66\u8be6\u60c5\u9875_15-600x1367.webp 600w, https:\/\/ac-truck.com\/wp-content\/uploads\/2025\/12\/\u6e05\u969c\u8f66\u8be6\u60c5\u9875_15-150x342.webp 150w\" alt=\"\" width=\"1234\" height=\"2812\" \/><img loading=\"lazy\" decoding=\"async\" class=\"aligncenter wp-image-6472\" src=\"https:\/\/ac-truck.com\/wp-content\/uploads\/2025\/12\/%E6%B8%85%E9%9A%9C%E8%BD%A6%E8%AF%A6%E6%83%85%E9%A1%B5_16.webp\" sizes=\"(max-width: 1234px) 100vw, 1234px\" srcset=\"https:\/\/ac-truck.com\/wp-content\/uploads\/2025\/12\/\u6e05\u969c\u8f66\u8be6\u60c5\u9875_16.webp 790w, https:\/\/ac-truck.com\/wp-content\/uploads\/2025\/12\/\u6e05\u969c\u8f66\u8be6\u60c5\u9875_16-98x300.webp 98w, https:\/\/ac-truck.com\/wp-content\/uploads\/2025\/12\/\u6e05\u969c\u8f66\u8be6\u60c5\u9875_16-334x1024.webp 334w, https:\/\/ac-truck.com\/wp-content\/uploads\/2025\/12\/\u6e05\u969c\u8f66\u8be6\u60c5\u9875_16-768x2356.webp 768w, https:\/\/ac-truck.com\/wp-content\/uploads\/2025\/12\/\u6e05\u969c\u8f66\u8be6\u60c5\u9875_16-501x1536.webp 501w, https:\/\/ac-truck.com\/wp-content\/uploads\/2025\/12\/\u6e05\u969c\u8f66\u8be6\u60c5\u9875_16-4x12.webp 4w, https:\/\/ac-truck.com\/wp-content\/uploads\/2025\/12\/\u6e05\u969c\u8f66\u8be6\u60c5\u9875_16-600x1841.webp 600w, https:\/\/ac-truck.com\/wp-content\/uploads\/2025\/12\/\u6e05\u969c\u8f66\u8be6\u60c5\u9875_16-150x460.webp 150w\" alt=\"\" width=\"1234\" height=\"3786\" \/><\/p>\n<p><strong>1. Preparaci\u00f3n de los materiales del bastidor auxiliar, del bastidor del p\u00f3rtico y del brazo de remolque<\/strong><br \/>\n<strong>2. Preparaci\u00f3n de materiales de lecho plano<\/strong><br \/>\n<strong>3. Preparaci\u00f3n y producci\u00f3n de protectores laterales, guardabarros y materiales accesorios.<\/strong><br \/>\n<strong>4. Soldadura de bancada plana y p\u00f3rtico<\/strong><br \/>\n<strong>5. Montaje del subchasis, brazo de apoyo trasero y accesorios<\/strong><br \/>\n<strong>6.Instalaci\u00f3n de la superestructura de la plataforma<\/strong><br \/>\n<strong>7. Pintura de todo el veh\u00edculo<\/strong><br \/>\n<strong>8. Finalizaci\u00f3n de la producci\u00f3n del veh\u00edculo<\/strong><\/p>\n<h1 style=\"text-align: center;\">ESCENARIOS DE APLICACI\u00d3N<\/h1>\n<p><img loading=\"lazy\" decoding=\"async\" class=\"aligncenter wp-image-6473\" src=\"https:\/\/ac-truck.com\/wp-content\/uploads\/2025\/12\/%E6%B8%85%E9%9A%9C%E8%BD%A6%E8%AF%A6%E6%83%85%E9%A1%B5_18.webp\" sizes=\"(max-width: 1234px) 100vw, 1234px\" srcset=\"https:\/\/ac-truck.com\/wp-content\/uploads\/2025\/12\/\u6e05\u969c\u8f66\u8be6\u60c5\u9875_18.webp 790w, https:\/\/ac-truck.com\/wp-content\/uploads\/2025\/12\/\u6e05\u969c\u8f66\u8be6\u60c5\u9875_18-156x300.webp 156w, https:\/\/ac-truck.com\/wp-content\/uploads\/2025\/12\/\u6e05\u969c\u8f66\u8be6\u60c5\u9875_18-532x1024.webp 532w, https:\/\/ac-truck.com\/wp-content\/uploads\/2025\/12\/\u6e05\u969c\u8f66\u8be6\u60c5\u9875_18-768x1478.webp 768w, https:\/\/ac-truck.com\/wp-content\/uploads\/2025\/12\/\u6e05\u969c\u8f66\u8be6\u60c5\u9875_18-6x12.webp 6w, https:\/\/ac-truck.com\/wp-content\/uploads\/2025\/12\/\u6e05\u969c\u8f66\u8be6\u60c5\u9875_18-600x1154.webp 600w, https:\/\/ac-truck.com\/wp-content\/uploads\/2025\/12\/\u6e05\u969c\u8f66\u8be6\u60c5\u9875_18-150x289.webp 150w\" alt=\"\" width=\"1234\" height=\"2374\" \/><\/p>\n<h1 style=\"text-align: center;\">EMBALAJE Y TRANSPORTE<\/h1>\n<p><img loading=\"lazy\" decoding=\"async\" class=\"aligncenter wp-image-6474\" src=\"https:\/\/ac-truck.com\/wp-content\/uploads\/2025\/12\/%E6%B8%85%E9%9A%9C%E8%BD%A6%E8%AF%A6%E6%83%85%E9%A1%B5_20.webp\" sizes=\"(max-width: 1234px) 100vw, 1234px\" srcset=\"https:\/\/ac-truck.com\/wp-content\/uploads\/2025\/12\/\u6e05\u969c\u8f66\u8be6\u60c5\u9875_20.webp 790w, https:\/\/ac-truck.com\/wp-content\/uploads\/2025\/12\/\u6e05\u969c\u8f66\u8be6\u60c5\u9875_20-144x300.webp 144w, https:\/\/ac-truck.com\/wp-content\/uploads\/2025\/12\/\u6e05\u969c\u8f66\u8be6\u60c5\u9875_20-490x1024.webp 490w, https:\/\/ac-truck.com\/wp-content\/uploads\/2025\/12\/\u6e05\u969c\u8f66\u8be6\u60c5\u9875_20-768x1604.webp 768w, https:\/\/ac-truck.com\/wp-content\/uploads\/2025\/12\/\u6e05\u969c\u8f66\u8be6\u60c5\u9875_20-735x1536.webp 735w, https:\/\/ac-truck.com\/wp-content\/uploads\/2025\/12\/\u6e05\u969c\u8f66\u8be6\u60c5\u9875_20-6x12.webp 6w, https:\/\/ac-truck.com\/wp-content\/uploads\/2025\/12\/\u6e05\u969c\u8f66\u8be6\u60c5\u9875_20-600x1253.webp 600w, https:\/\/ac-truck.com\/wp-content\/uploads\/2025\/12\/\u6e05\u969c\u8f66\u8be6\u60c5\u9875_20-150x313.webp 150w\" alt=\"\" width=\"1234\" height=\"2577\" \/><\/p>","protected":false},"excerpt":{"rendered":"<p>PRODUCT PARAMETERS 5T Tow truck FAW project Descriptions Specifications General Overall dimensions(mm) 5995\u00d72400\u00d72320 curb weight(Kg) 2800 Total mass(Kg) 7970 Body<\/p>","protected":false},"featured_media":6525,"template":"","meta":[],"product_brand":[221],"product_cat":[174],"product_tag":[253,254,337],"class_list":{"0":"post-6522","1":"product","2":"type-product","3":"status-publish","4":"has-post-thumbnail","6":"product_brand-faw","7":"product_cat-tow-trucks","8":"product_tag-car-recovery","9":"product_tag-rollback-truck","10":"product_tag-wrecker-truck","12":"first","13":"instock","14":"shipping-taxable","15":"product-type-simple"},"_links":{"self":[{"href":"https:\/\/ac-truck.com\/es\/wp-json\/wp\/v2\/product\/6522","targetHints":{"allow":["GET"]}}],"collection":[{"href":"https:\/\/ac-truck.com\/es\/wp-json\/wp\/v2\/product"}],"about":[{"href":"https:\/\/ac-truck.com\/es\/wp-json\/wp\/v2\/types\/product"}],"version-history":[{"count":1,"href":"https:\/\/ac-truck.com\/es\/wp-json\/wp\/v2\/product\/6522\/revisions"}],"predecessor-version":[{"id":6531,"href":"https:\/\/ac-truck.com\/es\/wp-json\/wp\/v2\/product\/6522\/revisions\/6531"}],"wp:featuredmedia":[{"embeddable":true,"href":"https:\/\/ac-truck.com\/es\/wp-json\/wp\/v2\/media\/6525"}],"wp:attachment":[{"href":"https:\/\/ac-truck.com\/es\/wp-json\/wp\/v2\/media?parent=6522"}],"wp:term":[{"taxonomy":"product_brand","embeddable":true,"href":"https:\/\/ac-truck.com\/es\/wp-json\/wp\/v2\/product_brand?post=6522"},{"taxonomy":"product_cat","embeddable":true,"href":"https:\/\/ac-truck.com\/es\/wp-json\/wp\/v2\/product_cat?post=6522"},{"taxonomy":"product_tag","embeddable":true,"href":"https:\/\/ac-truck.com\/es\/wp-json\/wp\/v2\/product_tag?post=6522"}],"curies":[{"name":"wp","href":"https:\/\/api.w.org\/{rel}","templated":true}]}}