{"id":6641,"date":"2025-12-11T16:59:21","date_gmt":"2025-12-11T08:59:21","guid":{"rendered":"https:\/\/ac-truck.com\/?post_type=product&#038;p=6641"},"modified":"2025-12-11T16:59:22","modified_gmt":"2025-12-11T08:59:22","slug":"7000-liters-water-truck-isuzu","status":"publish","type":"product","link":"https:\/\/ac-truck.com\/es\/7000-liters-water-truck-isuzu.html","title":{"rendered":"Cami\u00f3n Regador Agua ISUZU de 7000 litros"},"content":{"rendered":"<p><img fetchpriority=\"high\" decoding=\"async\" class=\"aligncenter wp-image-6642\" src=\"https:\/\/ac-truck.com\/wp-content\/uploads\/2025\/12\/\u4ea7\u54c1\u6d77\u62a5_01-14.webp\" alt=\"\" width=\"1234\" height=\"1614\" srcset=\"https:\/\/ac-truck.com\/wp-content\/uploads\/2025\/12\/\u4ea7\u54c1\u6d77\u62a5_01-14.webp 790w, https:\/\/ac-truck.com\/wp-content\/uploads\/2025\/12\/\u4ea7\u54c1\u6d77\u62a5_01-14-229x300.webp 229w, https:\/\/ac-truck.com\/wp-content\/uploads\/2025\/12\/\u4ea7\u54c1\u6d77\u62a5_01-14-783x1024.webp 783w, https:\/\/ac-truck.com\/wp-content\/uploads\/2025\/12\/\u4ea7\u54c1\u6d77\u62a5_01-14-768x1004.webp 768w, https:\/\/ac-truck.com\/wp-content\/uploads\/2025\/12\/\u4ea7\u54c1\u6d77\u62a5_01-14-9x12.webp 9w, https:\/\/ac-truck.com\/wp-content\/uploads\/2025\/12\/\u4ea7\u54c1\u6d77\u62a5_01-14-600x785.webp 600w, https:\/\/ac-truck.com\/wp-content\/uploads\/2025\/12\/\u4ea7\u54c1\u6d77\u62a5_01-14-150x196.webp 150w\" sizes=\"(max-width: 1234px) 100vw, 1234px\" \/><\/p>\n<h1 style=\"text-align: center;\">PAR\u00c1METROS DEL PRODUCTO<\/h1>\n<p><img decoding=\"async\" class=\"aligncenter wp-image-6643\" src=\"https:\/\/ac-truck.com\/wp-content\/uploads\/2025\/12\/\u4ea7\u54c1\u6d77\u62a5_03-14.webp\" alt=\"\" width=\"1234\" height=\"483\" srcset=\"https:\/\/ac-truck.com\/wp-content\/uploads\/2025\/12\/\u4ea7\u54c1\u6d77\u62a5_03-14.webp 790w, https:\/\/ac-truck.com\/wp-content\/uploads\/2025\/12\/\u4ea7\u54c1\u6d77\u62a5_03-14-300x117.webp 300w, https:\/\/ac-truck.com\/wp-content\/uploads\/2025\/12\/\u4ea7\u54c1\u6d77\u62a5_03-14-768x300.webp 768w, https:\/\/ac-truck.com\/wp-content\/uploads\/2025\/12\/\u4ea7\u54c1\u6d77\u62a5_03-14-18x7.webp 18w, https:\/\/ac-truck.com\/wp-content\/uploads\/2025\/12\/\u4ea7\u54c1\u6d77\u62a5_03-14-600x235.webp 600w, https:\/\/ac-truck.com\/wp-content\/uploads\/2025\/12\/\u4ea7\u54c1\u6d77\u62a5_03-14-150x59.webp 150w\" sizes=\"(max-width: 1234px) 100vw, 1234px\" \/><\/p>\n<h2 style=\"text-align: center;\">Cami\u00f3n Regador Agua ISUZU de 7000 litros<\/h2>\n<table>\n<tbody>\n<tr>\n<td width=\"86\"><strong>proyecto<\/strong><\/td>\n<td width=\"296\"><strong>Descripciones<\/strong><\/td>\n<td width=\"317\"><strong>Presupuesto<\/strong><\/td>\n<\/tr>\n<tr>\n<td rowspan=\"4\" width=\"86\"><strong>B\u00e1sico<\/strong><\/td>\n<td width=\"296\"><strong>Dimensiones totales (mm)<\/strong><\/td>\n<td width=\"317\"><strong>7370*2250*2700<\/strong><\/td>\n<\/tr>\n<tr>\n<td width=\"296\"><strong>peso en vac\u00edo (Kg)<\/strong><\/td>\n<td width=\"317\"><strong>4755<\/strong><\/td>\n<\/tr>\n<tr>\n<td width=\"296\"><strong>Capacidad de carga (Kg)<\/strong><\/td>\n<td width=\"317\"><strong>5600<\/strong><\/td>\n<\/tr>\n<tr>\n<td width=\"296\"><strong>Masa total (Kg)<\/strong><\/td>\n<td width=\"317\"><strong>10550<\/strong><\/td>\n<\/tr>\n<tr>\n<td rowspan=\"4\" width=\"86\"><strong>Cuerpo<\/strong><\/td>\n<td width=\"296\"><strong>Volumen del tanque (m\u00b3)<\/strong><\/td>\n<td width=\"317\"><strong>7<\/strong><\/td>\n<\/tr>\n<tr>\n<td width=\"296\"><strong>Material del tanque<\/strong><\/td>\n<td width=\"317\"><strong>Q235\/carbon steel<\/strong><\/td>\n<\/tr>\n<tr>\n<td width=\"296\"><strong>Espesor del tanque (mm)<\/strong><\/td>\n<td width=\"317\"><strong>4<\/strong><\/td>\n<\/tr>\n<tr>\n<td width=\"296\"><strong>Modelo de bomba de agua<\/strong><\/td>\n<td width=\"317\"><strong>65QZ40\/50N(S)<\/strong><\/td>\n<\/tr>\n<tr>\n<td rowspan=\"7\" width=\"86\"><strong>Chasis<\/strong><\/p>\n<p>&nbsp;<\/td>\n<td width=\"296\"><strong>Marca del chasis<\/strong><\/td>\n<td width=\"317\"><strong>Isuzu<\/strong><\/td>\n<\/tr>\n<tr>\n<td width=\"296\"><strong>Formulario de conductor<\/strong><\/td>\n<td width=\"317\"><strong>4*2<\/strong><\/td>\n<\/tr>\n<tr>\n<td width=\"296\"><strong>Volante<\/strong><\/td>\n<td width=\"317\"><strong>Conducci\u00f3n con volante a la izquierda<\/strong><\/td>\n<\/tr>\n<tr>\n<td width=\"296\"><strong>Marca y modelo del motor<\/strong><\/td>\n<td width=\"317\"><strong>4KK1N6HD<\/strong><\/td>\n<\/tr>\n<tr>\n<td width=\"296\"><strong>Normas de emisi\u00f3n<\/strong><\/td>\n<td width=\"317\"><strong>Euro 6<\/strong><\/td>\n<\/tr>\n<tr>\n<td width=\"296\"><strong>tipo de combustible<\/strong><\/td>\n<td width=\"317\"><strong>Diesel<\/strong><\/td>\n<\/tr>\n<tr>\n<td width=\"296\"><strong>Caja de cambios<\/strong><\/td>\n<td width=\"317\"><strong>6-speed gearbox<\/strong><\/td>\n<\/tr>\n<\/tbody>\n<\/table>\n<h1 style=\"text-align: center;\">VENTAJAS DEL VEH\u00cdCULO<\/h1>\n<h4 style=\"text-align: center;\">TAMA\u00d1O DE TANQUE PERSONALIZABLE<\/h4>\n<p style=\"text-align: center;\"><img decoding=\"async\" class=\"aligncenter wp-image-6575\" src=\"https:\/\/ac-truck.com\/wp-content\/uploads\/2025\/12\/%E6%B4%92%E6%B0%B4%E8%BD%A6%E8%AF%A6%E6%83%85%E9%A1%B5_05.webp\" sizes=\"(max-width: 1234px) 100vw, 1234px\" srcset=\"https:\/\/ac-truck.com\/wp-content\/uploads\/2025\/12\/\u6d12\u6c34\u8f66\u8be6\u60c5\u9875_05.webp 790w, https:\/\/ac-truck.com\/wp-content\/uploads\/2025\/12\/\u6d12\u6c34\u8f66\u8be6\u60c5\u9875_05-300x185.webp 300w, https:\/\/ac-truck.com\/wp-content\/uploads\/2025\/12\/\u6d12\u6c34\u8f66\u8be6\u60c5\u9875_05-768x472.webp 768w, https:\/\/ac-truck.com\/wp-content\/uploads\/2025\/12\/\u6d12\u6c34\u8f66\u8be6\u60c5\u9875_05-18x12.webp 18w, https:\/\/ac-truck.com\/wp-content\/uploads\/2025\/12\/\u6d12\u6c34\u8f66\u8be6\u60c5\u9875_05-600x369.webp 600w, https:\/\/ac-truck.com\/wp-content\/uploads\/2025\/12\/\u6d12\u6c34\u8f66\u8be6\u60c5\u9875_05-150x92.webp 150w\" alt=\"\" width=\"1234\" height=\"759\" \/><\/p>\n<h1 style=\"text-align: center;\">ESTRUCTURA PRINCIPAL DEL TANQUE<\/h1>\n<p><img loading=\"lazy\" decoding=\"async\" class=\"aligncenter wp-image-6576\" src=\"https:\/\/ac-truck.com\/wp-content\/uploads\/2025\/12\/%E6%B4%92%E6%B0%B4%E8%BD%A6%E8%AF%A6%E6%83%85%E9%A1%B5_07.webp\" sizes=\"(max-width: 1234px) 100vw, 1234px\" srcset=\"https:\/\/ac-truck.com\/wp-content\/uploads\/2025\/12\/\u6d12\u6c34\u8f66\u8be6\u60c5\u9875_07.webp 790w, https:\/\/ac-truck.com\/wp-content\/uploads\/2025\/12\/\u6d12\u6c34\u8f66\u8be6\u60c5\u9875_07-272x300.webp 272w, https:\/\/ac-truck.com\/wp-content\/uploads\/2025\/12\/\u6d12\u6c34\u8f66\u8be6\u60c5\u9875_07-768x846.webp 768w, https:\/\/ac-truck.com\/wp-content\/uploads\/2025\/12\/\u6d12\u6c34\u8f66\u8be6\u60c5\u9875_07-11x12.webp 11w, https:\/\/ac-truck.com\/wp-content\/uploads\/2025\/12\/\u6d12\u6c34\u8f66\u8be6\u60c5\u9875_07-600x661.webp 600w, https:\/\/ac-truck.com\/wp-content\/uploads\/2025\/12\/\u6d12\u6c34\u8f66\u8be6\u60c5\u9875_07-150x165.webp 150w\" alt=\"\" width=\"1234\" height=\"1359\" \/><\/p>\n<p><strong>1. Construcci\u00f3n del tanque: El cuerpo del tanque est\u00e1 hecho de acero al carbono o acero inoxidable de alta calidad, formado en un solo proceso de conformado de rollos y luego soldado para evitar fugas.<\/strong><br \/>\n<strong>2. Escalera: Esta escalera te permite llegar a la parte superior del tanque.<\/strong><br \/>\n<strong>3. Puerto de llenado: Este puerto de llenado le permite observar el contenido del tanque y agregar agua.<\/strong><br \/>\n<strong>4. Tubo medidor: Este tubo permite comprobar la cantidad de l\u00edquido que hay dentro del tanque.<\/strong><\/p>\n<h1 style=\"text-align: center;\">CONFIGURACI\u00d3N EST\u00c1NDAR<\/h1>\n<p><img loading=\"lazy\" decoding=\"async\" class=\"aligncenter wp-image-6577\" src=\"https:\/\/ac-truck.com\/wp-content\/uploads\/2025\/12\/%E6%B4%92%E6%B0%B4%E8%BD%A6%E8%AF%A6%E6%83%85%E9%A1%B5_09.webp\" sizes=\"(max-width: 1234px) 100vw, 1234px\" srcset=\"https:\/\/ac-truck.com\/wp-content\/uploads\/2025\/12\/\u6d12\u6c34\u8f66\u8be6\u60c5\u9875_09.webp 790w, https:\/\/ac-truck.com\/wp-content\/uploads\/2025\/12\/\u6d12\u6c34\u8f66\u8be6\u60c5\u9875_09-134x300.webp 134w, https:\/\/ac-truck.com\/wp-content\/uploads\/2025\/12\/\u6d12\u6c34\u8f66\u8be6\u60c5\u9875_09-457x1024.webp 457w, https:\/\/ac-truck.com\/wp-content\/uploads\/2025\/12\/\u6d12\u6c34\u8f66\u8be6\u60c5\u9875_09-768x1721.webp 768w, https:\/\/ac-truck.com\/wp-content\/uploads\/2025\/12\/\u6d12\u6c34\u8f66\u8be6\u60c5\u9875_09-686x1536.webp 686w, https:\/\/ac-truck.com\/wp-content\/uploads\/2025\/12\/\u6d12\u6c34\u8f66\u8be6\u60c5\u9875_09-5x12.webp 5w, https:\/\/ac-truck.com\/wp-content\/uploads\/2025\/12\/\u6d12\u6c34\u8f66\u8be6\u60c5\u9875_09-600x1344.webp 600w, https:\/\/ac-truck.com\/wp-content\/uploads\/2025\/12\/\u6d12\u6c34\u8f66\u8be6\u60c5\u9875_09-150x336.webp 150w\" alt=\"\" width=\"1234\" height=\"2765\" \/><\/p>\n<p><strong>1. V\u00e1lvula de cuatro v\u00edas y tres v\u00edas: \u00c1brala al a\u00f1adir agua. Cuando la manija est\u00e1 paralela a la tuber\u00eda, est\u00e1 abierta; cuando est\u00e1 perpendicular, est\u00e1 cerrada.<\/strong><br \/>\n<strong>2. Entrada de agua: Se puede utilizar para extraer agua de una fuente de agua exterior cercana y tambi\u00e9n se puede utilizar como salida de drenaje por gravedad.<\/strong><br \/>\n<strong>3. Conexi\u00f3n de manguera: Conecte una manguera externa para drenaje presurizado y tambi\u00e9n se puede utilizar para la entrada de agua.<\/strong><br \/>\n<strong>4. V\u00e1lvula de bola de gran di\u00e1metro: aumenta el flujo de agua en la tuber\u00eda.<\/strong><br \/>\n<strong>5. Dispositivo de pulverizaci\u00f3n de agua frontal: se utiliza para rociar agua en la carretera para reducir el polvo.<\/strong><br \/>\n<strong>6. Dispositivo de pulverizaci\u00f3n de agua trasero: el \u00e1ngulo de funcionamiento se puede ajustar seg\u00fan sea necesario.<\/strong><br \/>\n<strong>7. Dispositivo de pulverizaci\u00f3n de agua lateral: La niebla de agua pulverizada por la boquilla tiene un \u00e1rea grande y dispersa.<\/strong><br \/>\n<strong>8. Dispositivo de pulverizaci\u00f3n de agua a alta presi\u00f3n: se puede ajustar en varios modos de pulverizaci\u00f3n, como columna, tipo lluvia y tipo niebla.<\/strong><br \/>\n<strong>9. Aspersor de posici\u00f3n alta: El aspersor de posici\u00f3n alta puede proporcionar una pulverizaci\u00f3n m\u00e1s uniforme y un \u00e1rea de cobertura m\u00e1s amplia.<\/strong><\/p>\n<h1 style=\"text-align: center;\">VISUALIZACI\u00d3N DEL ESTADO DE TRABAJO<\/h1>\n<p><img loading=\"lazy\" decoding=\"async\" class=\"aligncenter wp-image-6578\" src=\"https:\/\/ac-truck.com\/wp-content\/uploads\/2025\/12\/%E6%B4%92%E6%B0%B4%E8%BD%A6%E8%AF%A6%E6%83%85%E9%A1%B5_11.webp\" sizes=\"(max-width: 1234px) 100vw, 1234px\" srcset=\"https:\/\/ac-truck.com\/wp-content\/uploads\/2025\/12\/\u6d12\u6c34\u8f66\u8be6\u60c5\u9875_11.webp 790w, https:\/\/ac-truck.com\/wp-content\/uploads\/2025\/12\/\u6d12\u6c34\u8f66\u8be6\u60c5\u9875_11-106x300.webp 106w, https:\/\/ac-truck.com\/wp-content\/uploads\/2025\/12\/\u6d12\u6c34\u8f66\u8be6\u60c5\u9875_11-363x1024.webp 363w, https:\/\/ac-truck.com\/wp-content\/uploads\/2025\/12\/\u6d12\u6c34\u8f66\u8be6\u60c5\u9875_11-768x2166.webp 768w, https:\/\/ac-truck.com\/wp-content\/uploads\/2025\/12\/\u6d12\u6c34\u8f66\u8be6\u60c5\u9875_11-545x1536.webp 545w, https:\/\/ac-truck.com\/wp-content\/uploads\/2025\/12\/\u6d12\u6c34\u8f66\u8be6\u60c5\u9875_11-726x2048.webp 726w, https:\/\/ac-truck.com\/wp-content\/uploads\/2025\/12\/\u6d12\u6c34\u8f66\u8be6\u60c5\u9875_11-4x12.webp 4w, https:\/\/ac-truck.com\/wp-content\/uploads\/2025\/12\/\u6d12\u6c34\u8f66\u8be6\u60c5\u9875_11-600x1692.webp 600w, https:\/\/ac-truck.com\/wp-content\/uploads\/2025\/12\/\u6d12\u6c34\u8f66\u8be6\u60c5\u9875_11-150x423.webp 150w\" alt=\"\" width=\"1234\" height=\"3480\" \/><\/p>\n<p><strong>1. Dispositivo universal de lavado frontal<\/strong><br \/>\n<strong>2. Aspersor trasero en forma de abanico (dispositivo)<\/strong><br \/>\n<strong>3. Rociador lateral (dispositivo)<\/strong><br \/>\n<strong>4. Pistola de agua de alta presi\u00f3n montada en la parte trasera<\/strong><br \/>\n<strong>5. Aspersor de posici\u00f3n alta<\/strong><\/p>\n<h1 style=\"text-align: center;\">PROCESO DE PRODUCCI\u00d3N<\/h1>\n<p><img loading=\"lazy\" decoding=\"async\" class=\"aligncenter wp-image-6579\" src=\"https:\/\/ac-truck.com\/wp-content\/uploads\/2025\/12\/%E6%B4%92%E6%B0%B4%E8%BD%A6%E8%AF%A6%E6%83%85%E9%A1%B5_13.webp\" sizes=\"(max-width: 1234px) 100vw, 1234px\" srcset=\"https:\/\/ac-truck.com\/wp-content\/uploads\/2025\/12\/\u6d12\u6c34\u8f66\u8be6\u60c5\u9875_13.webp 790w, https:\/\/ac-truck.com\/wp-content\/uploads\/2025\/12\/\u6d12\u6c34\u8f66\u8be6\u60c5\u9875_13-121x300.webp 121w, https:\/\/ac-truck.com\/wp-content\/uploads\/2025\/12\/\u6d12\u6c34\u8f66\u8be6\u60c5\u9875_13-412x1024.webp 412w, https:\/\/ac-truck.com\/wp-content\/uploads\/2025\/12\/\u6d12\u6c34\u8f66\u8be6\u60c5\u9875_13-768x1908.webp 768w, https:\/\/ac-truck.com\/wp-content\/uploads\/2025\/12\/\u6d12\u6c34\u8f66\u8be6\u60c5\u9875_13-618x1536.webp 618w, https:\/\/ac-truck.com\/wp-content\/uploads\/2025\/12\/\u6d12\u6c34\u8f66\u8be6\u60c5\u9875_13-5x12.webp 5w, https:\/\/ac-truck.com\/wp-content\/uploads\/2025\/12\/\u6d12\u6c34\u8f66\u8be6\u60c5\u9875_13-600x1491.webp 600w, https:\/\/ac-truck.com\/wp-content\/uploads\/2025\/12\/\u6d12\u6c34\u8f66\u8be6\u60c5\u9875_13-150x373.webp 150w\" alt=\"\" width=\"1234\" height=\"3066\" \/><img loading=\"lazy\" decoding=\"async\" class=\"aligncenter wp-image-6580\" src=\"https:\/\/ac-truck.com\/wp-content\/uploads\/2025\/12\/%E6%B4%92%E6%B0%B4%E8%BD%A6%E8%AF%A6%E6%83%85%E9%A1%B5_14.webp\" sizes=\"(max-width: 1234px) 100vw, 1234px\" srcset=\"https:\/\/ac-truck.com\/wp-content\/uploads\/2025\/12\/\u6d12\u6c34\u8f66\u8be6\u60c5\u9875_14.webp 790w, https:\/\/ac-truck.com\/wp-content\/uploads\/2025\/12\/\u6d12\u6c34\u8f66\u8be6\u60c5\u9875_14-120x300.webp 120w, https:\/\/ac-truck.com\/wp-content\/uploads\/2025\/12\/\u6d12\u6c34\u8f66\u8be6\u60c5\u9875_14-409x1024.webp 409w, https:\/\/ac-truck.com\/wp-content\/uploads\/2025\/12\/\u6d12\u6c34\u8f66\u8be6\u60c5\u9875_14-768x1921.webp 768w, https:\/\/ac-truck.com\/wp-content\/uploads\/2025\/12\/\u6d12\u6c34\u8f66\u8be6\u60c5\u9875_14-614x1536.webp 614w, https:\/\/ac-truck.com\/wp-content\/uploads\/2025\/12\/\u6d12\u6c34\u8f66\u8be6\u60c5\u9875_14-5x12.webp 5w, https:\/\/ac-truck.com\/wp-content\/uploads\/2025\/12\/\u6d12\u6c34\u8f66\u8be6\u60c5\u9875_14-600x1501.webp 600w, https:\/\/ac-truck.com\/wp-content\/uploads\/2025\/12\/\u6d12\u6c34\u8f66\u8be6\u60c5\u9875_14-150x375.webp 150w\" alt=\"\" width=\"1234\" height=\"3087\" \/><\/p>\n<p><strong>1.Preparaci\u00f3n de los materiales del tanque<\/strong><br \/>\n<strong>2. Los materiales del tanque ingresan al equipo.<\/strong><br \/>\n<strong>3. Rodaje del tanque completado<\/strong><br \/>\n<strong>4.Tratamiento de taponamiento de tanques<\/strong><br \/>\n<strong>5. Tratamiento de pintura antioxidante del tanque<\/strong><br \/>\n<strong>6.Conjunto de chasis y tuber\u00edas<\/strong><br \/>\n<strong>7.Montaje del tanque y el chasis<\/strong><br \/>\n<strong>8.Montaje del veh\u00edculo completado<\/strong><\/p>\n<h1 style=\"text-align: center;\">ESCENARIOS DE APLICACI\u00d3N<\/h1>\n<p><img loading=\"lazy\" decoding=\"async\" class=\"aligncenter wp-image-6581\" src=\"https:\/\/ac-truck.com\/wp-content\/uploads\/2025\/12\/%E6%B4%92%E6%B0%B4%E8%BD%A6%E8%AF%A6%E6%83%85%E9%A1%B5_16.webp\" sizes=\"(max-width: 1234px) 100vw, 1234px\" srcset=\"https:\/\/ac-truck.com\/wp-content\/uploads\/2025\/12\/\u6d12\u6c34\u8f66\u8be6\u60c5\u9875_16.webp 790w, https:\/\/ac-truck.com\/wp-content\/uploads\/2025\/12\/\u6d12\u6c34\u8f66\u8be6\u60c5\u9875_16-156x300.webp 156w, https:\/\/ac-truck.com\/wp-content\/uploads\/2025\/12\/\u6d12\u6c34\u8f66\u8be6\u60c5\u9875_16-534x1024.webp 534w, https:\/\/ac-truck.com\/wp-content\/uploads\/2025\/12\/\u6d12\u6c34\u8f66\u8be6\u60c5\u9875_16-768x1474.webp 768w, https:\/\/ac-truck.com\/wp-content\/uploads\/2025\/12\/\u6d12\u6c34\u8f66\u8be6\u60c5\u9875_16-6x12.webp 6w, https:\/\/ac-truck.com\/wp-content\/uploads\/2025\/12\/\u6d12\u6c34\u8f66\u8be6\u60c5\u9875_16-600x1151.webp 600w, https:\/\/ac-truck.com\/wp-content\/uploads\/2025\/12\/\u6d12\u6c34\u8f66\u8be6\u60c5\u9875_16-150x288.webp 150w\" alt=\"\" width=\"1234\" height=\"2368\" \/><\/p>\n<h1 style=\"text-align: center;\">EMBALAJE Y TRANSPORTE<\/h1>\n<p><img loading=\"lazy\" decoding=\"async\" class=\"aligncenter wp-image-6582\" src=\"https:\/\/ac-truck.com\/wp-content\/uploads\/2025\/12\/%E6%B4%92%E6%B0%B4%E8%BD%A6%E8%AF%A6%E6%83%85%E9%A1%B5_18.webp\" sizes=\"(max-width: 1234px) 100vw, 1234px\" srcset=\"https:\/\/ac-truck.com\/wp-content\/uploads\/2025\/12\/\u6d12\u6c34\u8f66\u8be6\u60c5\u9875_18.webp 790w, https:\/\/ac-truck.com\/wp-content\/uploads\/2025\/12\/\u6d12\u6c34\u8f66\u8be6\u60c5\u9875_18-142x300.webp 142w, https:\/\/ac-truck.com\/wp-content\/uploads\/2025\/12\/\u6d12\u6c34\u8f66\u8be6\u60c5\u9875_18-484x1024.webp 484w, https:\/\/ac-truck.com\/wp-content\/uploads\/2025\/12\/\u6d12\u6c34\u8f66\u8be6\u60c5\u9875_18-768x1625.webp 768w, https:\/\/ac-truck.com\/wp-content\/uploads\/2025\/12\/\u6d12\u6c34\u8f66\u8be6\u60c5\u9875_18-726x1536.webp 726w, https:\/\/ac-truck.com\/wp-content\/uploads\/2025\/12\/\u6d12\u6c34\u8f66\u8be6\u60c5\u9875_18-6x12.webp 6w, https:\/\/ac-truck.com\/wp-content\/uploads\/2025\/12\/\u6d12\u6c34\u8f66\u8be6\u60c5\u9875_18-600x1270.webp 600w, https:\/\/ac-truck.com\/wp-content\/uploads\/2025\/12\/\u6d12\u6c34\u8f66\u8be6\u60c5\u9875_18-150x317.webp 150w\" alt=\"\" width=\"1234\" height=\"2612\" \/><\/p>","protected":false},"excerpt":{"rendered":"<p>PRODUCT PARAMETERS 7000 Liters Water Truck ISUZU project Descriptions Specifications Basic Overall dimensions(mm) 7370*2250*2700 curb weight(Kg) 4755 Loading capacity(Kg) 5600<\/p>","protected":false},"featured_media":6644,"template":"","meta":[],"product_brand":[213],"product_cat":[191],"product_tag":[214,216,219,339],"class_list":{"0":"post-6641","1":"product","2":"type-product","3":"status-publish","4":"has-post-thumbnail","6":"product_brand-isuzu","7":"product_cat-water-trucks","8":"product_tag-water-truck","9":"product_tag-water-tanker-truck","10":"product_tag-sprinkler-truck","11":"product_tag-7000l","13":"first","14":"instock","15":"shipping-taxable","16":"product-type-simple"},"_links":{"self":[{"href":"https:\/\/ac-truck.com\/es\/wp-json\/wp\/v2\/product\/6641","targetHints":{"allow":["GET"]}}],"collection":[{"href":"https:\/\/ac-truck.com\/es\/wp-json\/wp\/v2\/product"}],"about":[{"href":"https:\/\/ac-truck.com\/es\/wp-json\/wp\/v2\/types\/product"}],"version-history":[{"count":1,"href":"https:\/\/ac-truck.com\/es\/wp-json\/wp\/v2\/product\/6641\/revisions"}],"predecessor-version":[{"id":6650,"href":"https:\/\/ac-truck.com\/es\/wp-json\/wp\/v2\/product\/6641\/revisions\/6650"}],"wp:featuredmedia":[{"embeddable":true,"href":"https:\/\/ac-truck.com\/es\/wp-json\/wp\/v2\/media\/6644"}],"wp:attachment":[{"href":"https:\/\/ac-truck.com\/es\/wp-json\/wp\/v2\/media?parent=6641"}],"wp:term":[{"taxonomy":"product_brand","embeddable":true,"href":"https:\/\/ac-truck.com\/es\/wp-json\/wp\/v2\/product_brand?post=6641"},{"taxonomy":"product_cat","embeddable":true,"href":"https:\/\/ac-truck.com\/es\/wp-json\/wp\/v2\/product_cat?post=6641"},{"taxonomy":"product_tag","embeddable":true,"href":"https:\/\/ac-truck.com\/es\/wp-json\/wp\/v2\/product_tag?post=6641"}],"curies":[{"name":"wp","href":"https:\/\/api.w.org\/{rel}","templated":true}]}}