{"id":6723,"date":"2025-12-22T16:00:27","date_gmt":"2025-12-22T08:00:27","guid":{"rendered":"https:\/\/ac-truck.com\/?post_type=product&#038;p=6723"},"modified":"2025-12-22T16:00:27","modified_gmt":"2025-12-22T08:00:27","slug":"9m%c2%b3-road-sweeper-truck-jac","status":"publish","type":"product","link":"https:\/\/ac-truck.com\/es\/9m%C2%B3-road-sweeper-truck-jac.html","title":{"rendered":"Cami\u00f3n barredor de carreteras JAC de 9 m\u00b3"},"content":{"rendered":"<p><img fetchpriority=\"high\" decoding=\"async\" class=\"aligncenter wp-image-6724\" src=\"https:\/\/ac-truck.com\/wp-content\/uploads\/2025\/12\/\u4ea7\u54c1\u6d77\u62a5_01-18.webp\" alt=\"\" width=\"1234\" height=\"1617\" srcset=\"https:\/\/ac-truck.com\/wp-content\/uploads\/2025\/12\/\u4ea7\u54c1\u6d77\u62a5_01-18.webp 790w, https:\/\/ac-truck.com\/wp-content\/uploads\/2025\/12\/\u4ea7\u54c1\u6d77\u62a5_01-18-229x300.webp 229w, https:\/\/ac-truck.com\/wp-content\/uploads\/2025\/12\/\u4ea7\u54c1\u6d77\u62a5_01-18-782x1024.webp 782w, https:\/\/ac-truck.com\/wp-content\/uploads\/2025\/12\/\u4ea7\u54c1\u6d77\u62a5_01-18-768x1006.webp 768w, https:\/\/ac-truck.com\/wp-content\/uploads\/2025\/12\/\u4ea7\u54c1\u6d77\u62a5_01-18-9x12.webp 9w, https:\/\/ac-truck.com\/wp-content\/uploads\/2025\/12\/\u4ea7\u54c1\u6d77\u62a5_01-18-600x786.webp 600w, https:\/\/ac-truck.com\/wp-content\/uploads\/2025\/12\/\u4ea7\u54c1\u6d77\u62a5_01-18-150x197.webp 150w\" sizes=\"(max-width: 1234px) 100vw, 1234px\" \/><\/p>\n<h1 style=\"text-align: center;\">PAR\u00c1METROS DEL PRODUCTO<\/h1>\n<p><img decoding=\"async\" class=\"aligncenter wp-image-6725\" src=\"https:\/\/ac-truck.com\/wp-content\/uploads\/2025\/12\/\u4ea7\u54c1\u6d77\u62a5_03-18.webp\" alt=\"\" width=\"1234\" height=\"480\" srcset=\"https:\/\/ac-truck.com\/wp-content\/uploads\/2025\/12\/\u4ea7\u54c1\u6d77\u62a5_03-18.webp 790w, https:\/\/ac-truck.com\/wp-content\/uploads\/2025\/12\/\u4ea7\u54c1\u6d77\u62a5_03-18-300x117.webp 300w, https:\/\/ac-truck.com\/wp-content\/uploads\/2025\/12\/\u4ea7\u54c1\u6d77\u62a5_03-18-768x298.webp 768w, https:\/\/ac-truck.com\/wp-content\/uploads\/2025\/12\/\u4ea7\u54c1\u6d77\u62a5_03-18-18x7.webp 18w, https:\/\/ac-truck.com\/wp-content\/uploads\/2025\/12\/\u4ea7\u54c1\u6d77\u62a5_03-18-600x233.webp 600w, https:\/\/ac-truck.com\/wp-content\/uploads\/2025\/12\/\u4ea7\u54c1\u6d77\u62a5_03-18-150x58.webp 150w\" sizes=\"(max-width: 1234px) 100vw, 1234px\" \/><\/p>\n<h2 style=\"text-align: center;\">Cami\u00f3n barredor de carreteras JAC de 9 m\u00b3<\/h2>\n<p>&nbsp;<\/p>\n<table>\n<tbody>\n<tr>\n<td width=\"86\"><strong>proyecto<\/strong><\/td>\n<td width=\"315\"><strong>Descripciones<\/strong><\/td>\n<td width=\"285\"><strong>Presupuesto<\/strong><\/td>\n<\/tr>\n<tr>\n<td rowspan=\"8\" width=\"86\"><strong>General<\/strong><\/td>\n<td width=\"315\"><strong>Dimensiones totales (mm)<\/strong><\/td>\n<td width=\"285\"><strong>7100\u00d72380\u00d72700<\/strong><\/td>\n<\/tr>\n<tr>\n<td width=\"315\"><strong>peso en vac\u00edo (Kg)<\/strong><\/td>\n<td width=\"285\"><strong>7120<\/strong><\/td>\n<\/tr>\n<tr>\n<td width=\"315\"><strong>Capacidad de carga (Kg)<\/strong><\/td>\n<td width=\"285\"><strong>4605<\/strong><\/td>\n<\/tr>\n<tr>\n<td width=\"315\"><strong>Masa total (Kg)<\/strong><\/td>\n<td width=\"285\"><strong>11920<\/strong><\/td>\n<\/tr>\n<tr>\n<td width=\"315\"><strong>Capacidad m\u00e1xima de barrido (m\u00b2\/h)<\/strong><\/td>\n<td width=\"285\"><strong>56000<\/strong><\/td>\n<\/tr>\n<tr>\n<td width=\"315\"><strong>Volumen del tanque de basura (m\u00b3)<\/strong><\/td>\n<td width=\"285\"><strong>5<\/strong><\/td>\n<\/tr>\n<tr>\n<td width=\"315\"><strong>Volumen del tanque de agua (m\u00b3)<\/strong><\/td>\n<td width=\"285\"><strong>4<\/strong><\/td>\n<\/tr>\n<tr>\n<td width=\"315\"><strong>Material del tanque<\/strong><\/td>\n<td width=\"285\"><strong>Acero inoxidable<\/strong><\/td>\n<\/tr>\n<tr>\n<td rowspan=\"7\" width=\"86\"><strong>Chasis<\/strong><\/p>\n<p>&nbsp;<\/td>\n<td width=\"315\"><strong>Marca del chasis<\/strong><\/td>\n<td width=\"285\"><strong>JAC<\/strong><\/td>\n<\/tr>\n<tr>\n<td width=\"315\"><strong>Formulario de unidad<\/strong><\/td>\n<td width=\"285\"><strong>4*2<\/strong><\/td>\n<\/tr>\n<tr>\n<td width=\"315\"><strong>Volante<\/strong><\/td>\n<td width=\"285\"><strong>Conducci\u00f3n con volante a la izquierda<\/strong><\/td>\n<\/tr>\n<tr>\n<td width=\"315\"><strong>Marca y modelo del motor<\/strong><\/td>\n<td width=\"285\"><strong>Yunnei power\/D30TCIF2<\/strong><\/td>\n<\/tr>\n<tr>\n<td width=\"315\"><strong>Potencia m\u00e1xima del motor (kW)<\/strong><\/td>\n<td width=\"285\"><strong>120<\/strong><\/td>\n<\/tr>\n<tr>\n<td width=\"315\"><strong>Normas de emisi\u00f3n<\/strong><\/td>\n<td width=\"285\"><strong>Euro 6<\/strong><\/td>\n<\/tr>\n<tr>\n<td width=\"315\"><strong>Caja de cambios<\/strong><\/td>\n<td width=\"285\"><strong>LC6T55,6speed forward 1 reverse<\/strong><\/td>\n<\/tr>\n<\/tbody>\n<\/table>\n<h1 style=\"text-align: center;\">VENTAJAS DEL VEH\u00cdCULO<\/h1>\n<h4 style=\"text-align: center;\">SELECCI\u00d3N DEL VOLUMEN DE LA CAJA<\/h4>\n<p style=\"text-align: center;\"><img decoding=\"async\" class=\"aligncenter wp-image-6695\" src=\"https:\/\/ac-truck.com\/wp-content\/uploads\/2025\/12\/%E6%B4%97%E6%89%AB%E8%BD%A6%E8%AF%A6%E6%83%85%E9%A1%B5_05.webp\" sizes=\"(max-width: 1234px) 100vw, 1234px\" srcset=\"https:\/\/ac-truck.com\/wp-content\/uploads\/2025\/12\/\u6d17\u626b\u8f66\u8be6\u60c5\u9875_05.webp 790w, https:\/\/ac-truck.com\/wp-content\/uploads\/2025\/12\/\u6d17\u626b\u8f66\u8be6\u60c5\u9875_05-248x300.webp 248w, https:\/\/ac-truck.com\/wp-content\/uploads\/2025\/12\/\u6d17\u626b\u8f66\u8be6\u60c5\u9875_05-768x929.webp 768w, https:\/\/ac-truck.com\/wp-content\/uploads\/2025\/12\/\u6d17\u626b\u8f66\u8be6\u60c5\u9875_05-10x12.webp 10w, https:\/\/ac-truck.com\/wp-content\/uploads\/2025\/12\/\u6d17\u626b\u8f66\u8be6\u60c5\u9875_05-600x726.webp 600w, https:\/\/ac-truck.com\/wp-content\/uploads\/2025\/12\/\u6d17\u626b\u8f66\u8be6\u60c5\u9875_05-150x182.webp 150w\" alt=\"\" width=\"1234\" height=\"1493\" \/><\/p>\n<h1 style=\"text-align: center;\">SELECCI\u00d3N RIGUROSA DE MATERIALES<\/h1>\n<p><img loading=\"lazy\" decoding=\"async\" class=\"aligncenter wp-image-6696\" src=\"https:\/\/ac-truck.com\/wp-content\/uploads\/2025\/12\/%E6%B4%97%E6%89%AB%E8%BD%A6%E8%AF%A6%E6%83%85%E9%A1%B5_07.webp\" sizes=\"(max-width: 1234px) 100vw, 1234px\" srcset=\"https:\/\/ac-truck.com\/wp-content\/uploads\/2025\/12\/\u6d17\u626b\u8f66\u8be6\u60c5\u9875_07.webp 790w, https:\/\/ac-truck.com\/wp-content\/uploads\/2025\/12\/\u6d17\u626b\u8f66\u8be6\u60c5\u9875_07-141x300.webp 141w, https:\/\/ac-truck.com\/wp-content\/uploads\/2025\/12\/\u6d17\u626b\u8f66\u8be6\u60c5\u9875_07-482x1024.webp 482w, https:\/\/ac-truck.com\/wp-content\/uploads\/2025\/12\/\u6d17\u626b\u8f66\u8be6\u60c5\u9875_07-768x1633.webp 768w, https:\/\/ac-truck.com\/wp-content\/uploads\/2025\/12\/\u6d17\u626b\u8f66\u8be6\u60c5\u9875_07-722x1536.webp 722w, https:\/\/ac-truck.com\/wp-content\/uploads\/2025\/12\/\u6d17\u626b\u8f66\u8be6\u60c5\u9875_07-6x12.webp 6w, https:\/\/ac-truck.com\/wp-content\/uploads\/2025\/12\/\u6d17\u626b\u8f66\u8be6\u60c5\u9875_07-600x1276.webp 600w, https:\/\/ac-truck.com\/wp-content\/uploads\/2025\/12\/\u6d17\u626b\u8f66\u8be6\u60c5\u9875_07-150x319.webp 150w\" alt=\"\" width=\"1234\" height=\"2624\" \/><\/p>\n<p><strong>Estructura rectangular corrugada fabricada en acero inoxidable. Componentes el\u00e9ctricos.<\/strong><br \/>\n<strong>Motor auxiliar<\/strong><br \/>\n<strong>Bomba de agua de alta presi\u00f3n, componentes hidr\u00e1ulicos<\/strong><br \/>\n<strong>Ventilador especial de alta eficiencia<\/strong><\/p>\n<h1 style=\"text-align: center;\">DISE\u00d1O PROFESIONAL<\/h1>\n<p><img loading=\"lazy\" decoding=\"async\" class=\"aligncenter wp-image-6697\" src=\"https:\/\/ac-truck.com\/wp-content\/uploads\/2025\/12\/%E6%B4%97%E6%89%AB%E8%BD%A6%E8%AF%A6%E6%83%85%E9%A1%B5_09.webp\" sizes=\"(max-width: 1234px) 100vw, 1234px\" srcset=\"https:\/\/ac-truck.com\/wp-content\/uploads\/2025\/12\/\u6d17\u626b\u8f66\u8be6\u60c5\u9875_09.webp 790w, https:\/\/ac-truck.com\/wp-content\/uploads\/2025\/12\/\u6d17\u626b\u8f66\u8be6\u60c5\u9875_09-300x258.webp 300w, https:\/\/ac-truck.com\/wp-content\/uploads\/2025\/12\/\u6d17\u626b\u8f66\u8be6\u60c5\u9875_09-768x661.webp 768w, https:\/\/ac-truck.com\/wp-content\/uploads\/2025\/12\/\u6d17\u626b\u8f66\u8be6\u60c5\u9875_09-14x12.webp 14w, https:\/\/ac-truck.com\/wp-content\/uploads\/2025\/12\/\u6d17\u626b\u8f66\u8be6\u60c5\u9875_09-600x516.webp 600w, https:\/\/ac-truck.com\/wp-content\/uploads\/2025\/12\/\u6d17\u626b\u8f66\u8be6\u60c5\u9875_09-150x129.webp 150w\" alt=\"\" width=\"1234\" height=\"1062\" \/><\/p>\n<p><strong>1. Dise\u00f1o de doble dep\u00f3sito: El dep\u00f3sito de agua limpia y el cubo de basura est\u00e1n dispuestos por separado.<\/strong><br \/>\n<strong>2. Dispositivo de descarga de aguas residuales: Durante el funcionamiento, las aguas residuales se pueden descargar a trav\u00e9s del dispositivo de descarga de aguas residuales.<\/strong><br \/>\n<strong>3. Configuraci\u00f3n de doble cilindro: El contenedor de basura utiliza un sistema de autodescarga de doble cilindro para el vaciado.<\/strong><br \/>\n<strong>4. Dispositivo de pulverizaci\u00f3n de agua a alta presi\u00f3n: Adem\u00e1s, se instala un sistema de pulverizaci\u00f3n de agua a alta presi\u00f3n y alto caudal en el contenedor, que permite eliminar r\u00e1pidamente la basura.<\/strong><\/p>\n<h1 style=\"text-align: center;\">UN VEH\u00cdCULO CON M\u00daLTIPLES FUNCIONES<\/h1>\n<p><img loading=\"lazy\" decoding=\"async\" class=\"aligncenter wp-image-6698\" src=\"https:\/\/ac-truck.com\/wp-content\/uploads\/2025\/12\/%E6%B4%97%E6%89%AB%E8%BD%A6%E8%AF%A6%E6%83%85%E9%A1%B5_11.webp\" sizes=\"(max-width: 1234px) 100vw, 1234px\" srcset=\"https:\/\/ac-truck.com\/wp-content\/uploads\/2025\/12\/\u6d17\u626b\u8f66\u8be6\u60c5\u9875_11.webp 790w, https:\/\/ac-truck.com\/wp-content\/uploads\/2025\/12\/\u6d17\u626b\u8f66\u8be6\u60c5\u9875_11-224x300.webp 224w, https:\/\/ac-truck.com\/wp-content\/uploads\/2025\/12\/\u6d17\u626b\u8f66\u8be6\u60c5\u9875_11-763x1024.webp 763w, https:\/\/ac-truck.com\/wp-content\/uploads\/2025\/12\/\u6d17\u626b\u8f66\u8be6\u60c5\u9875_11-768x1030.webp 768w, https:\/\/ac-truck.com\/wp-content\/uploads\/2025\/12\/\u6d17\u626b\u8f66\u8be6\u60c5\u9875_11-9x12.webp 9w, https:\/\/ac-truck.com\/wp-content\/uploads\/2025\/12\/\u6d17\u626b\u8f66\u8be6\u60c5\u9875_11-600x805.webp 600w, https:\/\/ac-truck.com\/wp-content\/uploads\/2025\/12\/\u6d17\u626b\u8f66\u8be6\u60c5\u9875_11-150x201.webp 150w\" alt=\"\" width=\"1234\" height=\"1656\" \/><\/p>\n<p><strong>Barrido de carreteras<\/strong><br \/>\n<strong>enjuague hacia adelante<\/strong><br \/>\n<strong>pulverizaci\u00f3n lateral<\/strong><br \/>\n<strong>pulverizaci\u00f3n de niebla frontal<\/strong><br \/>\n<strong>pulverizaci\u00f3n de niebla trasera<\/strong><\/p>\n<p><img loading=\"lazy\" decoding=\"async\" class=\"aligncenter wp-image-6699\" src=\"https:\/\/ac-truck.com\/wp-content\/uploads\/2025\/12\/%E6%B4%97%E6%89%AB%E8%BD%A6%E8%AF%A6%E6%83%85%E9%A1%B5_13.webp\" sizes=\"(max-width: 1234px) 100vw, 1234px\" srcset=\"https:\/\/ac-truck.com\/wp-content\/uploads\/2025\/12\/\u6d17\u626b\u8f66\u8be6\u60c5\u9875_13.webp 790w, https:\/\/ac-truck.com\/wp-content\/uploads\/2025\/12\/\u6d17\u626b\u8f66\u8be6\u60c5\u9875_13-300x196.webp 300w, https:\/\/ac-truck.com\/wp-content\/uploads\/2025\/12\/\u6d17\u626b\u8f66\u8be6\u60c5\u9875_13-768x502.webp 768w, https:\/\/ac-truck.com\/wp-content\/uploads\/2025\/12\/\u6d17\u626b\u8f66\u8be6\u60c5\u9875_13-18x12.webp 18w, https:\/\/ac-truck.com\/wp-content\/uploads\/2025\/12\/\u6d17\u626b\u8f66\u8be6\u60c5\u9875_13-600x392.webp 600w, https:\/\/ac-truck.com\/wp-content\/uploads\/2025\/12\/\u6d17\u626b\u8f66\u8be6\u60c5\u9875_13-150x98.webp 150w\" alt=\"\" width=\"1234\" height=\"806\" \/><\/p>\n<p><strong>Est\u00e1 equipada con una pistola de agua a alta presi\u00f3n, que puede limpiar los rincones dif\u00edciles de la v\u00eda p\u00fablica, eliminar los carteles publicitarios ilegales y limpiar el propio veh\u00edculo.<\/strong><\/p>\n<p><img loading=\"lazy\" decoding=\"async\" class=\"aligncenter wp-image-6700\" src=\"https:\/\/ac-truck.com\/wp-content\/uploads\/2025\/12\/%E6%B4%97%E6%89%AB%E8%BD%A6%E8%AF%A6%E6%83%85%E9%A1%B5_15.webp\" sizes=\"(max-width: 1234px) 100vw, 1234px\" srcset=\"https:\/\/ac-truck.com\/wp-content\/uploads\/2025\/12\/\u6d17\u626b\u8f66\u8be6\u60c5\u9875_15.webp 790w, https:\/\/ac-truck.com\/wp-content\/uploads\/2025\/12\/\u6d17\u626b\u8f66\u8be6\u60c5\u9875_15-300x195.webp 300w, https:\/\/ac-truck.com\/wp-content\/uploads\/2025\/12\/\u6d17\u626b\u8f66\u8be6\u60c5\u9875_15-768x500.webp 768w, https:\/\/ac-truck.com\/wp-content\/uploads\/2025\/12\/\u6d17\u626b\u8f66\u8be6\u60c5\u9875_15-18x12.webp 18w, https:\/\/ac-truck.com\/wp-content\/uploads\/2025\/12\/\u6d17\u626b\u8f66\u8be6\u60c5\u9875_15-600x390.webp 600w, https:\/\/ac-truck.com\/wp-content\/uploads\/2025\/12\/\u6d17\u626b\u8f66\u8be6\u60c5\u9875_15-150x98.webp 150w\" alt=\"\" width=\"1234\" height=\"803\" \/><\/p>\n<p><strong>La estructura de funcionamiento est\u00e1 compuesta por \u201cdos discos de barrido situados en el centro + una boquilla de succi\u00f3n ancha situada en el centro + una barra de pulverizaci\u00f3n principal de alta presi\u00f3n instalada internamente + barras de pulverizaci\u00f3n laterales de alta presi\u00f3n a izquierda y derecha\u201d.<\/strong><\/p>\n<h1 style=\"text-align: center;\">SEGURO, INTELIGENTE Y F\u00c1CIL DE OPERAR<\/h1>\n<p><img loading=\"lazy\" decoding=\"async\" class=\"aligncenter wp-image-6701\" src=\"https:\/\/ac-truck.com\/wp-content\/uploads\/2025\/12\/%E6%B4%97%E6%89%AB%E8%BD%A6%E8%AF%A6%E6%83%85%E9%A1%B5_17.webp\" sizes=\"(max-width: 1234px) 100vw, 1234px\" srcset=\"https:\/\/ac-truck.com\/wp-content\/uploads\/2025\/12\/\u6d17\u626b\u8f66\u8be6\u60c5\u9875_17.webp 790w, https:\/\/ac-truck.com\/wp-content\/uploads\/2025\/12\/\u6d17\u626b\u8f66\u8be6\u60c5\u9875_17-300x223.webp 300w, https:\/\/ac-truck.com\/wp-content\/uploads\/2025\/12\/\u6d17\u626b\u8f66\u8be6\u60c5\u9875_17-768x570.webp 768w, https:\/\/ac-truck.com\/wp-content\/uploads\/2025\/12\/\u6d17\u626b\u8f66\u8be6\u60c5\u9875_17-16x12.webp 16w, https:\/\/ac-truck.com\/wp-content\/uploads\/2025\/12\/\u6d17\u626b\u8f66\u8be6\u60c5\u9875_17-600x445.webp 600w, https:\/\/ac-truck.com\/wp-content\/uploads\/2025\/12\/\u6d17\u626b\u8f66\u8be6\u60c5\u9875_17-150x111.webp 150w\" alt=\"\" width=\"1234\" height=\"915\" \/><\/p>\n<p><strong>1. Pantalla inteligente con bus CAN<\/strong><br \/>\n<strong>2. Indicaci\u00f3n inteligente del estado del dep\u00f3sito de agua.<\/strong><br \/>\n<strong>3. Sensor de escasez de agua<\/strong><br \/>\n<strong>4. Sistema de monitoreo de visi\u00f3n trasera<\/strong><\/p>\n<h1 style=\"text-align: center;\">PROCESO DE PRODUCCI\u00d3N<\/h1>\n<p><img loading=\"lazy\" decoding=\"async\" class=\"aligncenter wp-image-6702\" src=\"https:\/\/ac-truck.com\/wp-content\/uploads\/2025\/12\/%E6%B4%97%E6%89%AB%E8%BD%A6%E8%AF%A6%E6%83%85%E9%A1%B5_19.webp\" sizes=\"(max-width: 1234px) 100vw, 1234px\" srcset=\"https:\/\/ac-truck.com\/wp-content\/uploads\/2025\/12\/\u6d17\u626b\u8f66\u8be6\u60c5\u9875_19.webp 790w, https:\/\/ac-truck.com\/wp-content\/uploads\/2025\/12\/\u6d17\u626b\u8f66\u8be6\u60c5\u9875_19-165x300.webp 165w, https:\/\/ac-truck.com\/wp-content\/uploads\/2025\/12\/\u6d17\u626b\u8f66\u8be6\u60c5\u9875_19-562x1024.webp 562w, https:\/\/ac-truck.com\/wp-content\/uploads\/2025\/12\/\u6d17\u626b\u8f66\u8be6\u60c5\u9875_19-768x1400.webp 768w, https:\/\/ac-truck.com\/wp-content\/uploads\/2025\/12\/\u6d17\u626b\u8f66\u8be6\u60c5\u9875_19-7x12.webp 7w, https:\/\/ac-truck.com\/wp-content\/uploads\/2025\/12\/\u6d17\u626b\u8f66\u8be6\u60c5\u9875_19-600x1094.webp 600w, https:\/\/ac-truck.com\/wp-content\/uploads\/2025\/12\/\u6d17\u626b\u8f66\u8be6\u60c5\u9875_19-150x273.webp 150w\" alt=\"\" width=\"1234\" height=\"2249\" \/><img loading=\"lazy\" decoding=\"async\" class=\"aligncenter wp-image-6703\" src=\"https:\/\/ac-truck.com\/wp-content\/uploads\/2025\/12\/%E6%B4%97%E6%89%AB%E8%BD%A6%E8%AF%A6%E6%83%85%E9%A1%B5_20.webp\" sizes=\"(max-width: 1234px) 100vw, 1234px\" srcset=\"https:\/\/ac-truck.com\/wp-content\/uploads\/2025\/12\/\u6d17\u626b\u8f66\u8be6\u60c5\u9875_20.webp 790w, https:\/\/ac-truck.com\/wp-content\/uploads\/2025\/12\/\u6d17\u626b\u8f66\u8be6\u60c5\u9875_20-122x300.webp 122w, https:\/\/ac-truck.com\/wp-content\/uploads\/2025\/12\/\u6d17\u626b\u8f66\u8be6\u60c5\u9875_20-416x1024.webp 416w, https:\/\/ac-truck.com\/wp-content\/uploads\/2025\/12\/\u6d17\u626b\u8f66\u8be6\u60c5\u9875_20-768x1891.webp 768w, https:\/\/ac-truck.com\/wp-content\/uploads\/2025\/12\/\u6d17\u626b\u8f66\u8be6\u60c5\u9875_20-624x1536.webp 624w, https:\/\/ac-truck.com\/wp-content\/uploads\/2025\/12\/\u6d17\u626b\u8f66\u8be6\u60c5\u9875_20-5x12.webp 5w, https:\/\/ac-truck.com\/wp-content\/uploads\/2025\/12\/\u6d17\u626b\u8f66\u8be6\u60c5\u9875_20-600x1477.webp 600w, https:\/\/ac-truck.com\/wp-content\/uploads\/2025\/12\/\u6d17\u626b\u8f66\u8be6\u60c5\u9875_20-150x369.webp 150w\" alt=\"\" width=\"1234\" height=\"3038\" \/><\/p>\n<p><strong>1. Dise\u00f1o del plano del producto<\/strong><br \/>\n<strong>2. Preparaci\u00f3n del material<\/strong><br \/>\n<strong>3. Fabricaci\u00f3n de carrocer\u00edas tipo caja<\/strong><br \/>\n<strong>4. Instalaci\u00f3n de componentes<\/strong><br \/>\n<strong>5. Montaje del veh\u00edculo<\/strong><br \/>\n<strong>6. Pruebas de camiones 7. Inspecci\u00f3n de productos<\/strong><\/p>\n<h1 style=\"text-align: center;\">ESCENARIOS DE APLICACI\u00d3N<\/h1>\n<p><img loading=\"lazy\" decoding=\"async\" class=\"aligncenter wp-image-6704\" src=\"https:\/\/ac-truck.com\/wp-content\/uploads\/2025\/12\/%E6%B4%97%E6%89%AB%E8%BD%A6%E8%AF%A6%E6%83%85%E9%A1%B5_22.webp\" sizes=\"(max-width: 1234px) 100vw, 1234px\" srcset=\"https:\/\/ac-truck.com\/wp-content\/uploads\/2025\/12\/\u6d17\u626b\u8f66\u8be6\u60c5\u9875_22.webp 790w, https:\/\/ac-truck.com\/wp-content\/uploads\/2025\/12\/\u6d17\u626b\u8f66\u8be6\u60c5\u9875_22-156x300.webp 156w, https:\/\/ac-truck.com\/wp-content\/uploads\/2025\/12\/\u6d17\u626b\u8f66\u8be6\u60c5\u9875_22-534x1024.webp 534w, https:\/\/ac-truck.com\/wp-content\/uploads\/2025\/12\/\u6d17\u626b\u8f66\u8be6\u60c5\u9875_22-768x1473.webp 768w, https:\/\/ac-truck.com\/wp-content\/uploads\/2025\/12\/\u6d17\u626b\u8f66\u8be6\u60c5\u9875_22-6x12.webp 6w, https:\/\/ac-truck.com\/wp-content\/uploads\/2025\/12\/\u6d17\u626b\u8f66\u8be6\u60c5\u9875_22-600x1151.webp 600w, https:\/\/ac-truck.com\/wp-content\/uploads\/2025\/12\/\u6d17\u626b\u8f66\u8be6\u60c5\u9875_22-150x288.webp 150w\" alt=\"\" width=\"1234\" height=\"2366\" \/><\/p>\n<h1 style=\"text-align: center;\">EMBALAJE Y TRANSPORTE<\/h1>\n<p><img loading=\"lazy\" decoding=\"async\" class=\"aligncenter wp-image-6705\" src=\"https:\/\/ac-truck.com\/wp-content\/uploads\/2025\/12\/%E6%B4%97%E6%89%AB%E8%BD%A6%E8%AF%A6%E6%83%85%E9%A1%B5_24.webp\" sizes=\"(max-width: 1234px) 100vw, 1234px\" srcset=\"https:\/\/ac-truck.com\/wp-content\/uploads\/2025\/12\/\u6d17\u626b\u8f66\u8be6\u60c5\u9875_24.webp 790w, https:\/\/ac-truck.com\/wp-content\/uploads\/2025\/12\/\u6d17\u626b\u8f66\u8be6\u60c5\u9875_24-142x300.webp 142w, https:\/\/ac-truck.com\/wp-content\/uploads\/2025\/12\/\u6d17\u626b\u8f66\u8be6\u60c5\u9875_24-484x1024.webp 484w, https:\/\/ac-truck.com\/wp-content\/uploads\/2025\/12\/\u6d17\u626b\u8f66\u8be6\u60c5\u9875_24-768x1623.webp 768w, https:\/\/ac-truck.com\/wp-content\/uploads\/2025\/12\/\u6d17\u626b\u8f66\u8be6\u60c5\u9875_24-727x1536.webp 727w, https:\/\/ac-truck.com\/wp-content\/uploads\/2025\/12\/\u6d17\u626b\u8f66\u8be6\u60c5\u9875_24-6x12.webp 6w, https:\/\/ac-truck.com\/wp-content\/uploads\/2025\/12\/\u6d17\u626b\u8f66\u8be6\u60c5\u9875_24-600x1268.webp 600w, https:\/\/ac-truck.com\/wp-content\/uploads\/2025\/12\/\u6d17\u626b\u8f66\u8be6\u60c5\u9875_24-150x317.webp 150w\" alt=\"\" width=\"1234\" height=\"2609\" \/><\/p>","protected":false},"excerpt":{"rendered":"<p>PRODUCT PARAMETERS 9m\u00b3 Road Sweeper Truck JAC &nbsp; project Descriptions Specifications General Overall dimensions(mm) 7100\u00d72380\u00d72700 curb weight(Kg) 7120 Loading capacity(Kg)<\/p>","protected":false},"featured_media":6726,"template":"","meta":[],"product_brand":[227],"product_cat":[193],"product_tag":[224,229,340,342],"class_list":{"0":"post-6723","1":"product","2":"type-product","3":"status-publish","4":"has-post-thumbnail","6":"product_brand-jac","7":"product_cat-road-sweeper","8":"product_tag-truck-mounted-sweepers","9":"product_tag-road-sweeper-truck","10":"product_tag-street-sweeper-truck","11":"product_tag-9m","13":"first","14":"instock","15":"shipping-taxable","16":"product-type-simple"},"_links":{"self":[{"href":"https:\/\/ac-truck.com\/es\/wp-json\/wp\/v2\/product\/6723","targetHints":{"allow":["GET"]}}],"collection":[{"href":"https:\/\/ac-truck.com\/es\/wp-json\/wp\/v2\/product"}],"about":[{"href":"https:\/\/ac-truck.com\/es\/wp-json\/wp\/v2\/types\/product"}],"version-history":[{"count":1,"href":"https:\/\/ac-truck.com\/es\/wp-json\/wp\/v2\/product\/6723\/revisions"}],"predecessor-version":[{"id":6732,"href":"https:\/\/ac-truck.com\/es\/wp-json\/wp\/v2\/product\/6723\/revisions\/6732"}],"wp:featuredmedia":[{"embeddable":true,"href":"https:\/\/ac-truck.com\/es\/wp-json\/wp\/v2\/media\/6726"}],"wp:attachment":[{"href":"https:\/\/ac-truck.com\/es\/wp-json\/wp\/v2\/media?parent=6723"}],"wp:term":[{"taxonomy":"product_brand","embeddable":true,"href":"https:\/\/ac-truck.com\/es\/wp-json\/wp\/v2\/product_brand?post=6723"},{"taxonomy":"product_cat","embeddable":true,"href":"https:\/\/ac-truck.com\/es\/wp-json\/wp\/v2\/product_cat?post=6723"},{"taxonomy":"product_tag","embeddable":true,"href":"https:\/\/ac-truck.com\/es\/wp-json\/wp\/v2\/product_tag?post=6723"}],"curies":[{"name":"wp","href":"https:\/\/api.w.org\/{rel}","templated":true}]}}