{"id":6822,"date":"2025-12-23T13:30:36","date_gmt":"2025-12-23T05:30:36","guid":{"rendered":"https:\/\/ac-truck.com\/?post_type=product&#038;p=6822"},"modified":"2025-12-23T13:30:36","modified_gmt":"2025-12-23T05:30:36","slug":"14500l-milk-tank-truck-isuzu","status":"publish","type":"product","link":"https:\/\/ac-truck.com\/es\/14500l-milk-tank-truck-isuzu.html","title":{"rendered":"Cami\u00f3n cisterna para leche de 14500 litros ISUZU"},"content":{"rendered":"<p><img fetchpriority=\"high\" decoding=\"async\" class=\"aligncenter wp-image-6823\" src=\"https:\/\/ac-truck.com\/wp-content\/uploads\/2025\/12\/\u9c9c\u5976\u8fd0\u8f93\u8f66\u8be6\u60c5\u9875_01.webp\" alt=\"\" width=\"1234\" height=\"1601\" srcset=\"https:\/\/ac-truck.com\/wp-content\/uploads\/2025\/12\/\u9c9c\u5976\u8fd0\u8f93\u8f66\u8be6\u60c5\u9875_01.webp 790w, https:\/\/ac-truck.com\/wp-content\/uploads\/2025\/12\/\u9c9c\u5976\u8fd0\u8f93\u8f66\u8be6\u60c5\u9875_01-231x300.webp 231w, https:\/\/ac-truck.com\/wp-content\/uploads\/2025\/12\/\u9c9c\u5976\u8fd0\u8f93\u8f66\u8be6\u60c5\u9875_01-768x996.webp 768w, https:\/\/ac-truck.com\/wp-content\/uploads\/2025\/12\/\u9c9c\u5976\u8fd0\u8f93\u8f66\u8be6\u60c5\u9875_01-9x12.webp 9w, https:\/\/ac-truck.com\/wp-content\/uploads\/2025\/12\/\u9c9c\u5976\u8fd0\u8f93\u8f66\u8be6\u60c5\u9875_01-600x778.webp 600w, https:\/\/ac-truck.com\/wp-content\/uploads\/2025\/12\/\u9c9c\u5976\u8fd0\u8f93\u8f66\u8be6\u60c5\u9875_01-150x195.webp 150w\" sizes=\"(max-width: 1234px) 100vw, 1234px\" \/><\/p>\n<h1 style=\"text-align: center;\">PAR\u00c1METROS DEL PRODUCTO<\/h1>\n<p><img decoding=\"async\" class=\"aligncenter wp-image-6824\" src=\"https:\/\/ac-truck.com\/wp-content\/uploads\/2025\/12\/\u9c9c\u5976\u8fd0\u8f93\u8f66\u8be6\u60c5\u9875_03.webp\" alt=\"\" width=\"1234\" height=\"484\" srcset=\"https:\/\/ac-truck.com\/wp-content\/uploads\/2025\/12\/\u9c9c\u5976\u8fd0\u8f93\u8f66\u8be6\u60c5\u9875_03.webp 790w, https:\/\/ac-truck.com\/wp-content\/uploads\/2025\/12\/\u9c9c\u5976\u8fd0\u8f93\u8f66\u8be6\u60c5\u9875_03-300x118.webp 300w, https:\/\/ac-truck.com\/wp-content\/uploads\/2025\/12\/\u9c9c\u5976\u8fd0\u8f93\u8f66\u8be6\u60c5\u9875_03-768x301.webp 768w, https:\/\/ac-truck.com\/wp-content\/uploads\/2025\/12\/\u9c9c\u5976\u8fd0\u8f93\u8f66\u8be6\u60c5\u9875_03-18x7.webp 18w, https:\/\/ac-truck.com\/wp-content\/uploads\/2025\/12\/\u9c9c\u5976\u8fd0\u8f93\u8f66\u8be6\u60c5\u9875_03-600x235.webp 600w, https:\/\/ac-truck.com\/wp-content\/uploads\/2025\/12\/\u9c9c\u5976\u8fd0\u8f93\u8f66\u8be6\u60c5\u9875_03-150x59.webp 150w\" sizes=\"(max-width: 1234px) 100vw, 1234px\" \/><\/p>\n<h2 style=\"text-align: center;\">Cami\u00f3n cisterna para leche de 14500 litros ISUZU<\/h2>\n<p>&nbsp;<\/p>\n<table>\n<tbody>\n<tr>\n<td width=\"86\"><strong>proyecto<\/strong><\/td>\n<td width=\"296\"><strong>Descripciones<\/strong><\/td>\n<td width=\"317\"><strong>Presupuesto<\/strong><\/td>\n<\/tr>\n<tr>\n<td rowspan=\"4\" width=\"86\"><strong>General<\/strong><\/td>\n<td width=\"296\"><strong>Dimensiones totales (mm)<\/strong><\/td>\n<td width=\"317\"><strong>8990*2550*3650<\/strong><\/td>\n<\/tr>\n<tr>\n<td width=\"296\"><strong>peso en vac\u00edo (Kg)<\/strong><\/td>\n<td width=\"317\"><strong>10900<\/strong><\/td>\n<\/tr>\n<tr>\n<td width=\"296\"><strong>Capacidad de carga (Kg)<\/strong><\/td>\n<td width=\"317\"><strong>14100<\/strong><\/td>\n<\/tr>\n<tr>\n<td width=\"296\"><strong>Masa total (Kg)<\/strong><\/td>\n<td width=\"317\"><strong>25000<\/strong><\/td>\n<\/tr>\n<tr>\n<td rowspan=\"3\" width=\"86\"><strong>Cuerpo<\/strong><\/td>\n<td width=\"296\"><strong>Volumen del tanque (m\u00b3)<\/strong><\/td>\n<td width=\"317\"><strong>14.5<\/strong><\/td>\n<\/tr>\n<tr>\n<td width=\"296\"><strong>Material del tanque<\/strong><\/td>\n<td width=\"317\"><strong>SUS304-2B<\/strong><\/td>\n<\/tr>\n<tr>\n<td width=\"296\"><strong>Temperature control performance<\/strong><\/td>\n<td width=\"317\"><strong>Temperature not exceeding 2\u2103 in 24 hours<\/strong><\/td>\n<\/tr>\n<tr>\n<td rowspan=\"7\" width=\"86\"><strong>Chasis<\/strong><\/p>\n<p>&nbsp;<\/td>\n<td width=\"296\"><strong>Marca del chasis<\/strong><\/td>\n<td width=\"317\"><strong>Isuzu<\/strong><\/td>\n<\/tr>\n<tr>\n<td width=\"296\"><strong>Formulario de conductor<\/strong><\/td>\n<td width=\"317\"><strong>6*4<\/strong><\/td>\n<\/tr>\n<tr>\n<td width=\"296\"><strong>Volante<\/strong><\/td>\n<td width=\"317\"><strong>Conducci\u00f3n con volante a la izquierda<\/strong><\/td>\n<\/tr>\n<tr>\n<td width=\"296\"><strong>Marca y modelo del motor<\/strong><\/td>\n<td width=\"317\"><strong>6UZ1-TCG61<\/strong><\/td>\n<\/tr>\n<tr>\n<td width=\"296\"><strong>Potencia m\u00e1xima del motor (kW)<\/strong><\/td>\n<td width=\"317\"><strong>279<\/strong><\/td>\n<\/tr>\n<tr>\n<td width=\"296\"><strong>Normas de emisi\u00f3n<\/strong><\/td>\n<td width=\"317\"><strong>Euro 6<\/strong><\/td>\n<\/tr>\n<tr>\n<td width=\"296\"><strong>Caja de cambios<\/strong><\/td>\n<td width=\"317\"><strong>caja de cambios de 12 velocidades<\/strong><\/td>\n<\/tr>\n<\/tbody>\n<\/table>\n<h1 style=\"text-align: center;\">VENTAJAS DEL VEH\u00cdCULO<\/h1>\n<h5 style=\"text-align: center;\">PROCESO DE PRODUCCI\u00d3N DE TANQUES<\/h5>\n<p><img decoding=\"async\" class=\"aligncenter wp-image-6825\" src=\"https:\/\/ac-truck.com\/wp-content\/uploads\/2025\/12\/\u9c9c\u5976\u8fd0\u8f93\u8f66\u8be6\u60c5\u9875_05.webp\" alt=\"\" width=\"1234\" height=\"2607\" srcset=\"https:\/\/ac-truck.com\/wp-content\/uploads\/2025\/12\/\u9c9c\u5976\u8fd0\u8f93\u8f66\u8be6\u60c5\u9875_05.webp 790w, https:\/\/ac-truck.com\/wp-content\/uploads\/2025\/12\/\u9c9c\u5976\u8fd0\u8f93\u8f66\u8be6\u60c5\u9875_05-142x300.webp 142w, https:\/\/ac-truck.com\/wp-content\/uploads\/2025\/12\/\u9c9c\u5976\u8fd0\u8f93\u8f66\u8be6\u60c5\u9875_05-485x1024.webp 485w, https:\/\/ac-truck.com\/wp-content\/uploads\/2025\/12\/\u9c9c\u5976\u8fd0\u8f93\u8f66\u8be6\u60c5\u9875_05-768x1623.webp 768w, https:\/\/ac-truck.com\/wp-content\/uploads\/2025\/12\/\u9c9c\u5976\u8fd0\u8f93\u8f66\u8be6\u60c5\u9875_05-727x1536.webp 727w, https:\/\/ac-truck.com\/wp-content\/uploads\/2025\/12\/\u9c9c\u5976\u8fd0\u8f93\u8f66\u8be6\u60c5\u9875_05-6x12.webp 6w, https:\/\/ac-truck.com\/wp-content\/uploads\/2025\/12\/\u9c9c\u5976\u8fd0\u8f93\u8f66\u8be6\u60c5\u9875_05-600x1268.webp 600w, https:\/\/ac-truck.com\/wp-content\/uploads\/2025\/12\/\u9c9c\u5976\u8fd0\u8f93\u8f66\u8be6\u60c5\u9875_05-150x317.webp 150w\" sizes=\"(max-width: 1234px) 100vw, 1234px\" \/><\/p>\n<p><strong>1. Tecnolog\u00eda de moldeo integrado: El tanque est\u00e1 fabricado con acero inoxidable de alta resistencia y se moldea en una sola pieza mediante m\u00e1quinas laminadoras de gran tama\u00f1o, m\u00e1quinas de soldadura autom\u00e1ticas y otros equipos. Al tener menos soldaduras, presenta una superficie lisa y uniforme, lo que reduce significativamente los puntos de dif\u00edcil acceso para la limpieza.<\/strong><br \/>\n<strong>2. Proceso de pasivaci\u00f3n avanzado: La pel\u00edcula de pasivaci\u00f3n es altamente estable. Forma una capa de \u00f3xido en la superficie del acero inoxidable para evitar la oxidaci\u00f3n del tanque. Puede soportar peque\u00f1as fricciones durante el transporte y los impactos de la limpieza, prolongando as\u00ed la vida \u00fatil del tanque.<\/strong><br \/>\n<strong>3. Multi &#8211; layer Insulation Structure Design:The &#8220;polyurethane integral foaming&#8221; process is adopted. With excellentthermal insulation performance, it ensures that the milk remains in therefrigerated state of0 -4\u00b0C throughout the whole process, maximizingfreshness.<\/strong><br \/>\n<strong>4. CIP System Integrated Design:Pipelines and interfaces for ClP cleaning balls are pre &#8211; installed in theproduction process. This ensures 360 _degree spray coverage withoutdead angles,enabling automatic and high -standard cleaning and disin-fection, and preventing cross -contamination between batches.<\/strong><\/p>\n<h1 style=\"text-align: center;\">DISE\u00d1O ESTRUCTURAL Y SEGURIDAD<\/h1>\n<p><img loading=\"lazy\" decoding=\"async\" class=\"aligncenter wp-image-6826\" src=\"https:\/\/ac-truck.com\/wp-content\/uploads\/2025\/12\/\u9c9c\u5976\u8fd0\u8f93\u8f66\u8be6\u60c5\u9875_07.webp\" alt=\"\" width=\"1234\" height=\"1036\" srcset=\"https:\/\/ac-truck.com\/wp-content\/uploads\/2025\/12\/\u9c9c\u5976\u8fd0\u8f93\u8f66\u8be6\u60c5\u9875_07.webp 790w, https:\/\/ac-truck.com\/wp-content\/uploads\/2025\/12\/\u9c9c\u5976\u8fd0\u8f93\u8f66\u8be6\u60c5\u9875_07-300x252.webp 300w, https:\/\/ac-truck.com\/wp-content\/uploads\/2025\/12\/\u9c9c\u5976\u8fd0\u8f93\u8f66\u8be6\u60c5\u9875_07-768x645.webp 768w, https:\/\/ac-truck.com\/wp-content\/uploads\/2025\/12\/\u9c9c\u5976\u8fd0\u8f93\u8f66\u8be6\u60c5\u9875_07-14x12.webp 14w, https:\/\/ac-truck.com\/wp-content\/uploads\/2025\/12\/\u9c9c\u5976\u8fd0\u8f93\u8f66\u8be6\u60c5\u9875_07-600x504.webp 600w, https:\/\/ac-truck.com\/wp-content\/uploads\/2025\/12\/\u9c9c\u5976\u8fd0\u8f93\u8f66\u8be6\u60c5\u9875_07-150x126.webp 150w\" sizes=\"(max-width: 1234px) 100vw, 1234px\" \/><\/p>\n<p><strong>1.High -strength steel: While ensuring load &#8211; bearing capacity and rigidi-ty, it reduces the self &#8211; weight.<\/strong><br \/>\n<strong>2. Hydro &#8211; formed head: lt is formed in one piece without welds,avoidingstress concentration issues. The structural strength is increased by morethan 30% compared to the spliced -type.<\/strong><br \/>\n<strong>3. Soldadura autom\u00e1tica con robot: Ofrece alta precisi\u00f3n y estabilidad en la soldadura, lo que mejora la resistencia estructural y el rendimiento de sellado.<\/strong><br \/>\n<strong>4.Tank stiffeners: They strengthen the tank&#8217;s rigidity while maintainingthe advantage of light weight.<\/strong><\/p>\n<h1 style=\"text-align: center;\">Dise\u00f1o con centro de gravedad bajo y alta estabilidad.<\/h1>\n<p><img loading=\"lazy\" decoding=\"async\" class=\"aligncenter wp-image-6827\" src=\"https:\/\/ac-truck.com\/wp-content\/uploads\/2025\/12\/\u9c9c\u5976\u8fd0\u8f93\u8f66\u8be6\u60c5\u9875_09.webp\" alt=\"\" width=\"1234\" height=\"2371\" srcset=\"https:\/\/ac-truck.com\/wp-content\/uploads\/2025\/12\/\u9c9c\u5976\u8fd0\u8f93\u8f66\u8be6\u60c5\u9875_09.webp 790w, https:\/\/ac-truck.com\/wp-content\/uploads\/2025\/12\/\u9c9c\u5976\u8fd0\u8f93\u8f66\u8be6\u60c5\u9875_09-156x300.webp 156w, https:\/\/ac-truck.com\/wp-content\/uploads\/2025\/12\/\u9c9c\u5976\u8fd0\u8f93\u8f66\u8be6\u60c5\u9875_09-533x1024.webp 533w, https:\/\/ac-truck.com\/wp-content\/uploads\/2025\/12\/\u9c9c\u5976\u8fd0\u8f93\u8f66\u8be6\u60c5\u9875_09-768x1476.webp 768w, https:\/\/ac-truck.com\/wp-content\/uploads\/2025\/12\/\u9c9c\u5976\u8fd0\u8f93\u8f66\u8be6\u60c5\u9875_09-6x12.webp 6w, https:\/\/ac-truck.com\/wp-content\/uploads\/2025\/12\/\u9c9c\u5976\u8fd0\u8f93\u8f66\u8be6\u60c5\u9875_09-600x1153.webp 600w, https:\/\/ac-truck.com\/wp-content\/uploads\/2025\/12\/\u9c9c\u5976\u8fd0\u8f93\u8f66\u8be6\u60c5\u9875_09-150x288.webp 150w\" sizes=\"(max-width: 1234px) 100vw, 1234px\" \/><\/p>\n<p><strong>1.Oval &#8211; shaped tank design: Through the design of an oval cross &#8211; sec-tion, the center of gravity is lowered, the force distribution is optimized,and the space is utilized more effectively, enhancing the driving stabilityand safety of the vehicle.<\/strong><br \/>\n<strong>2. Dise\u00f1o de compartimentos: Permite el transporte independiente de m\u00faltiples lotes, ajusta de forma flexible la capacidad de transporte y garantiza la calidad estable de la leche fresca.<\/strong><br \/>\n<strong>3. Anti &#8211; wave plates: With the reasonable layout of anti &#8211; wave platesinside the tank, it effectively suppresses the violent sloshing of freshmilk during transportation, balancing the stability, light weight, and hy-giene of the tank.<\/strong><\/p>\n<h1 style=\"text-align: center;\">DISE\u00d1O MODULAR Y ESTANDARIZADO<\/h1>\n<p><img loading=\"lazy\" decoding=\"async\" class=\"aligncenter wp-image-6828\" src=\"https:\/\/ac-truck.com\/wp-content\/uploads\/2025\/12\/\u9c9c\u5976\u8fd0\u8f93\u8f66\u8be6\u60c5\u9875_11.webp\" alt=\"\" width=\"1234\" height=\"1593\" srcset=\"https:\/\/ac-truck.com\/wp-content\/uploads\/2025\/12\/\u9c9c\u5976\u8fd0\u8f93\u8f66\u8be6\u60c5\u9875_11.webp 790w, https:\/\/ac-truck.com\/wp-content\/uploads\/2025\/12\/\u9c9c\u5976\u8fd0\u8f93\u8f66\u8be6\u60c5\u9875_11-232x300.webp 232w, https:\/\/ac-truck.com\/wp-content\/uploads\/2025\/12\/\u9c9c\u5976\u8fd0\u8f93\u8f66\u8be6\u60c5\u9875_11-768x992.webp 768w, https:\/\/ac-truck.com\/wp-content\/uploads\/2025\/12\/\u9c9c\u5976\u8fd0\u8f93\u8f66\u8be6\u60c5\u9875_11-9x12.webp 9w, https:\/\/ac-truck.com\/wp-content\/uploads\/2025\/12\/\u9c9c\u5976\u8fd0\u8f93\u8f66\u8be6\u60c5\u9875_11-600x775.webp 600w, https:\/\/ac-truck.com\/wp-content\/uploads\/2025\/12\/\u9c9c\u5976\u8fd0\u8f93\u8f66\u8be6\u60c5\u9875_11-150x194.webp 150w\" sizes=\"(max-width: 1234px) 100vw, 1234px\" \/><\/p>\n<p><strong>1. Sistema de bloqueo de seguridad integrado: Controla los permisos de funcionamiento, previene los riesgos de fugas y protege la seguridad del personal.<\/strong><br \/>\n<strong>2. Anti &#8211; slip walkway on the upper platform: Features strong anti &#8211; slipperformance, load -bearing capacity and durability, and is suitable forsafety protection.<\/strong><\/p>\n<h1 style=\"text-align: center;\">EFICIENTE E HIGI\u00c9NICO<br \/>\nSISTEMA DE CARGA Y DESCARGA<\/h1>\n<p><img loading=\"lazy\" decoding=\"async\" class=\"aligncenter wp-image-6829\" src=\"https:\/\/ac-truck.com\/wp-content\/uploads\/2025\/12\/\u9c9c\u5976\u8fd0\u8f93\u8f66\u8be6\u60c5\u9875_13.webp\" alt=\"\" width=\"1234\" height=\"1368\" srcset=\"https:\/\/ac-truck.com\/wp-content\/uploads\/2025\/12\/\u9c9c\u5976\u8fd0\u8f93\u8f66\u8be6\u60c5\u9875_13.webp 790w, https:\/\/ac-truck.com\/wp-content\/uploads\/2025\/12\/\u9c9c\u5976\u8fd0\u8f93\u8f66\u8be6\u60c5\u9875_13-271x300.webp 271w, https:\/\/ac-truck.com\/wp-content\/uploads\/2025\/12\/\u9c9c\u5976\u8fd0\u8f93\u8f66\u8be6\u60c5\u9875_13-768x852.webp 768w, https:\/\/ac-truck.com\/wp-content\/uploads\/2025\/12\/\u9c9c\u5976\u8fd0\u8f93\u8f66\u8be6\u60c5\u9875_13-11x12.webp 11w, https:\/\/ac-truck.com\/wp-content\/uploads\/2025\/12\/\u9c9c\u5976\u8fd0\u8f93\u8f66\u8be6\u60c5\u9875_13-600x665.webp 600w, https:\/\/ac-truck.com\/wp-content\/uploads\/2025\/12\/\u9c9c\u5976\u8fd0\u8f93\u8f66\u8be6\u60c5\u9875_13-150x166.webp 150w\" sizes=\"(max-width: 1234px) 100vw, 1234px\" \/><\/p>\n<p><strong>1. Entrada de leche: Adopta un dise\u00f1o de boca acampanada de gran di\u00e1metro, con un borde gu\u00eda antiderrame, lo que facilita la conexi\u00f3n r\u00e1pida del equipo de orde\u00f1o en la granja y reduce las p\u00e9rdidas por salpicaduras durante la alimentaci\u00f3n.<\/strong><br \/>\n<strong>2. Salida de leche: Utiliza un canal de descarga inclinado, equipado con una junta de conexi\u00f3n r\u00e1pida de gran di\u00e1metro, y la velocidad de descarga es un 20% m\u00e1s r\u00e1pida que la de las interfaces convencionales.<\/strong><br \/>\n<strong>3. Dise\u00f1o de la tolva de leche: La tolva tiene forma de embudo, con funciones de transici\u00f3n y amortiguaci\u00f3n, y es adecuada para la filtraci\u00f3n y purificaci\u00f3n.<\/strong><br \/>\n<strong>4. Loading and unloading nozzles: Standardized quick -connect jointsare adopted, which are leak -proof, loss &#8211; free, hygienic and leave no res-idue.<\/strong><\/p>\n<h1 style=\"text-align: center;\">PROCESO DE PRODUCCI\u00d3N<\/h1>\n<p><img loading=\"lazy\" decoding=\"async\" class=\"aligncenter wp-image-6830\" src=\"https:\/\/ac-truck.com\/wp-content\/uploads\/2025\/12\/\u9c9c\u5976\u8fd0\u8f93\u8f66\u8be6\u60c5\u9875_15.webp\" alt=\"\" width=\"1234\" height=\"2998\" srcset=\"https:\/\/ac-truck.com\/wp-content\/uploads\/2025\/12\/\u9c9c\u5976\u8fd0\u8f93\u8f66\u8be6\u60c5\u9875_15.webp 790w, https:\/\/ac-truck.com\/wp-content\/uploads\/2025\/12\/\u9c9c\u5976\u8fd0\u8f93\u8f66\u8be6\u60c5\u9875_15-124x300.webp 124w, https:\/\/ac-truck.com\/wp-content\/uploads\/2025\/12\/\u9c9c\u5976\u8fd0\u8f93\u8f66\u8be6\u60c5\u9875_15-422x1024.webp 422w, https:\/\/ac-truck.com\/wp-content\/uploads\/2025\/12\/\u9c9c\u5976\u8fd0\u8f93\u8f66\u8be6\u60c5\u9875_15-768x1866.webp 768w, https:\/\/ac-truck.com\/wp-content\/uploads\/2025\/12\/\u9c9c\u5976\u8fd0\u8f93\u8f66\u8be6\u60c5\u9875_15-632x1536.webp 632w, https:\/\/ac-truck.com\/wp-content\/uploads\/2025\/12\/\u9c9c\u5976\u8fd0\u8f93\u8f66\u8be6\u60c5\u9875_15-5x12.webp 5w, https:\/\/ac-truck.com\/wp-content\/uploads\/2025\/12\/\u9c9c\u5976\u8fd0\u8f93\u8f66\u8be6\u60c5\u9875_15-600x1457.webp 600w, https:\/\/ac-truck.com\/wp-content\/uploads\/2025\/12\/\u9c9c\u5976\u8fd0\u8f93\u8f66\u8be6\u60c5\u9875_15-150x364.webp 150w\" sizes=\"(max-width: 1234px) 100vw, 1234px\" \/> <img loading=\"lazy\" decoding=\"async\" class=\"aligncenter wp-image-6831\" src=\"https:\/\/ac-truck.com\/wp-content\/uploads\/2025\/12\/\u9c9c\u5976\u8fd0\u8f93\u8f66\u8be6\u60c5\u9875_16.webp\" alt=\"\" width=\"1234\" height=\"2968\" srcset=\"https:\/\/ac-truck.com\/wp-content\/uploads\/2025\/12\/\u9c9c\u5976\u8fd0\u8f93\u8f66\u8be6\u60c5\u9875_16.webp 790w, https:\/\/ac-truck.com\/wp-content\/uploads\/2025\/12\/\u9c9c\u5976\u8fd0\u8f93\u8f66\u8be6\u60c5\u9875_16-125x300.webp 125w, https:\/\/ac-truck.com\/wp-content\/uploads\/2025\/12\/\u9c9c\u5976\u8fd0\u8f93\u8f66\u8be6\u60c5\u9875_16-426x1024.webp 426w, https:\/\/ac-truck.com\/wp-content\/uploads\/2025\/12\/\u9c9c\u5976\u8fd0\u8f93\u8f66\u8be6\u60c5\u9875_16-768x1847.webp 768w, https:\/\/ac-truck.com\/wp-content\/uploads\/2025\/12\/\u9c9c\u5976\u8fd0\u8f93\u8f66\u8be6\u60c5\u9875_16-639x1536.webp 639w, https:\/\/ac-truck.com\/wp-content\/uploads\/2025\/12\/\u9c9c\u5976\u8fd0\u8f93\u8f66\u8be6\u60c5\u9875_16-5x12.webp 5w, https:\/\/ac-truck.com\/wp-content\/uploads\/2025\/12\/\u9c9c\u5976\u8fd0\u8f93\u8f66\u8be6\u60c5\u9875_16-600x1443.webp 600w, https:\/\/ac-truck.com\/wp-content\/uploads\/2025\/12\/\u9c9c\u5976\u8fd0\u8f93\u8f66\u8be6\u60c5\u9875_16-150x361.webp 150w\" sizes=\"(max-width: 1234px) 100vw, 1234px\" \/><\/p>\n<p><strong>1. Preparaci\u00f3n de los materiales para el laminado del tanque.<\/strong><br \/>\n<strong>2. Moldeo integral del cuerpo del tanque.<\/strong><br \/>\n<strong>3. Soldadura y conformado rob\u00f3tico<\/strong><br \/>\n<strong>4. Recubrimiento completo con material aislante de alta densidad.<\/strong><br \/>\n<strong>5. Recubrimiento completo de la capa protectora exterior de acero inoxidable.<\/strong><br \/>\n<strong>6. Soldadura de accesorios para veh\u00edculos<\/strong><br \/>\n<strong>7. Montaje general del veh\u00edculo<\/strong><br \/>\n<strong>8. Finalizaci\u00f3n de la producci\u00f3n de todo el veh\u00edculo.<\/strong><\/p>\n<h1 style=\"text-align: center;\">ESCENARIOS DE APLICACI\u00d3N<\/h1>\n<p><img loading=\"lazy\" decoding=\"async\" class=\"aligncenter wp-image-6832\" src=\"https:\/\/ac-truck.com\/wp-content\/uploads\/2025\/12\/\u9c9c\u5976\u8fd0\u8f93\u8f66\u8be6\u60c5\u9875_18.webp\" alt=\"\" width=\"1234\" height=\"2449\" srcset=\"https:\/\/ac-truck.com\/wp-content\/uploads\/2025\/12\/\u9c9c\u5976\u8fd0\u8f93\u8f66\u8be6\u60c5\u9875_18.webp 790w, https:\/\/ac-truck.com\/wp-content\/uploads\/2025\/12\/\u9c9c\u5976\u8fd0\u8f93\u8f66\u8be6\u60c5\u9875_18-151x300.webp 151w, https:\/\/ac-truck.com\/wp-content\/uploads\/2025\/12\/\u9c9c\u5976\u8fd0\u8f93\u8f66\u8be6\u60c5\u9875_18-516x1024.webp 516w, https:\/\/ac-truck.com\/wp-content\/uploads\/2025\/12\/\u9c9c\u5976\u8fd0\u8f93\u8f66\u8be6\u60c5\u9875_18-768x1524.webp 768w, https:\/\/ac-truck.com\/wp-content\/uploads\/2025\/12\/\u9c9c\u5976\u8fd0\u8f93\u8f66\u8be6\u60c5\u9875_18-774x1536.webp 774w, https:\/\/ac-truck.com\/wp-content\/uploads\/2025\/12\/\u9c9c\u5976\u8fd0\u8f93\u8f66\u8be6\u60c5\u9875_18-6x12.webp 6w, https:\/\/ac-truck.com\/wp-content\/uploads\/2025\/12\/\u9c9c\u5976\u8fd0\u8f93\u8f66\u8be6\u60c5\u9875_18-600x1191.webp 600w, https:\/\/ac-truck.com\/wp-content\/uploads\/2025\/12\/\u9c9c\u5976\u8fd0\u8f93\u8f66\u8be6\u60c5\u9875_18-150x298.webp 150w\" sizes=\"(max-width: 1234px) 100vw, 1234px\" \/><\/p>\n<h1 style=\"text-align: center;\">EMBALAJE Y TRANSPORTE<\/h1>\n<p><img loading=\"lazy\" decoding=\"async\" class=\"aligncenter wp-image-6833\" src=\"https:\/\/ac-truck.com\/wp-content\/uploads\/2025\/12\/\u9c9c\u5976\u8fd0\u8f93\u8f66\u8be6\u60c5\u9875_20.webp\" alt=\"\" width=\"1234\" height=\"2349\" srcset=\"https:\/\/ac-truck.com\/wp-content\/uploads\/2025\/12\/\u9c9c\u5976\u8fd0\u8f93\u8f66\u8be6\u60c5\u9875_20.webp 790w, https:\/\/ac-truck.com\/wp-content\/uploads\/2025\/12\/\u9c9c\u5976\u8fd0\u8f93\u8f66\u8be6\u60c5\u9875_20-158x300.webp 158w, https:\/\/ac-truck.com\/wp-content\/uploads\/2025\/12\/\u9c9c\u5976\u8fd0\u8f93\u8f66\u8be6\u60c5\u9875_20-538x1024.webp 538w, https:\/\/ac-truck.com\/wp-content\/uploads\/2025\/12\/\u9c9c\u5976\u8fd0\u8f93\u8f66\u8be6\u60c5\u9875_20-768x1462.webp 768w, https:\/\/ac-truck.com\/wp-content\/uploads\/2025\/12\/\u9c9c\u5976\u8fd0\u8f93\u8f66\u8be6\u60c5\u9875_20-6x12.webp 6w, https:\/\/ac-truck.com\/wp-content\/uploads\/2025\/12\/\u9c9c\u5976\u8fd0\u8f93\u8f66\u8be6\u60c5\u9875_20-600x1142.webp 600w, https:\/\/ac-truck.com\/wp-content\/uploads\/2025\/12\/\u9c9c\u5976\u8fd0\u8f93\u8f66\u8be6\u60c5\u9875_20-150x286.webp 150w\" sizes=\"(max-width: 1234px) 100vw, 1234px\" \/><\/p>","protected":false},"excerpt":{"rendered":"<p>PRODUCT PARAMETERS 14500L Milk Tank Truck ISUZU &nbsp; project Descriptions Specifications General Overall dimensions(mm) 8990*2550*3650 curb weight(Kg) 10900 Loading capacity(Kg)<\/p>","protected":false},"featured_media":6834,"template":"","meta":[],"product_brand":[213],"product_cat":[345],"product_tag":[346,347,348,349],"class_list":{"0":"post-6822","1":"product","2":"type-product","3":"status-publish","4":"has-post-thumbnail","6":"product_brand-isuzu","7":"product_cat-milk-tank-trucks","8":"product_tag-milk-tank-truck","9":"product_tag-milk-transport-truck","10":"product_tag-milk-collection-truck","11":"product_tag-14-5m","13":"first","14":"instock","15":"shipping-taxable","16":"product-type-simple"},"_links":{"self":[{"href":"https:\/\/ac-truck.com\/es\/wp-json\/wp\/v2\/product\/6822","targetHints":{"allow":["GET"]}}],"collection":[{"href":"https:\/\/ac-truck.com\/es\/wp-json\/wp\/v2\/product"}],"about":[{"href":"https:\/\/ac-truck.com\/es\/wp-json\/wp\/v2\/types\/product"}],"version-history":[{"count":1,"href":"https:\/\/ac-truck.com\/es\/wp-json\/wp\/v2\/product\/6822\/revisions"}],"predecessor-version":[{"id":6840,"href":"https:\/\/ac-truck.com\/es\/wp-json\/wp\/v2\/product\/6822\/revisions\/6840"}],"wp:featuredmedia":[{"embeddable":true,"href":"https:\/\/ac-truck.com\/es\/wp-json\/wp\/v2\/media\/6834"}],"wp:attachment":[{"href":"https:\/\/ac-truck.com\/es\/wp-json\/wp\/v2\/media?parent=6822"}],"wp:term":[{"taxonomy":"product_brand","embeddable":true,"href":"https:\/\/ac-truck.com\/es\/wp-json\/wp\/v2\/product_brand?post=6822"},{"taxonomy":"product_cat","embeddable":true,"href":"https:\/\/ac-truck.com\/es\/wp-json\/wp\/v2\/product_cat?post=6822"},{"taxonomy":"product_tag","embeddable":true,"href":"https:\/\/ac-truck.com\/es\/wp-json\/wp\/v2\/product_tag?post=6822"}],"curies":[{"name":"wp","href":"https:\/\/api.w.org\/{rel}","templated":true}]}}