{"id":6871,"date":"2025-12-23T14:32:13","date_gmt":"2025-12-23T06:32:13","guid":{"rendered":"https:\/\/ac-truck.com\/?post_type=product&#038;p=6871"},"modified":"2025-12-23T16:07:39","modified_gmt":"2025-12-23T08:07:39","slug":"33000l-milk-transport-semi-trailer","status":"publish","type":"product","link":"https:\/\/ac-truck.com\/es\/33000l-milk-transport-semi-trailer.html","title":{"rendered":"Semirremolque para transporte de leche de 33000 litros"},"content":{"rendered":"<h2><img fetchpriority=\"high\" decoding=\"async\" class=\"aligncenter wp-image-6925\" src=\"https:\/\/ac-truck.com\/wp-content\/uploads\/2025\/12\/\u4ea7\u54c1\u6d77\u62a5_01-36.webp\" alt=\"\" width=\"1234\" height=\"1600\" srcset=\"https:\/\/ac-truck.com\/wp-content\/uploads\/2025\/12\/\u4ea7\u54c1\u6d77\u62a5_01-36.webp 790w, https:\/\/ac-truck.com\/wp-content\/uploads\/2025\/12\/\u4ea7\u54c1\u6d77\u62a5_01-36-231x300.webp 231w, https:\/\/ac-truck.com\/wp-content\/uploads\/2025\/12\/\u4ea7\u54c1\u6d77\u62a5_01-36-768x995.webp 768w, https:\/\/ac-truck.com\/wp-content\/uploads\/2025\/12\/\u4ea7\u54c1\u6d77\u62a5_01-36-9x12.webp 9w, https:\/\/ac-truck.com\/wp-content\/uploads\/2025\/12\/\u4ea7\u54c1\u6d77\u62a5_01-36-600x778.webp 600w, https:\/\/ac-truck.com\/wp-content\/uploads\/2025\/12\/\u4ea7\u54c1\u6d77\u62a5_01-36-150x194.webp 150w\" sizes=\"(max-width: 1234px) 100vw, 1234px\" \/><\/h2>\n<h1 style=\"text-align: center;\">PAR\u00c1METROS DEL PRODUCTO<\/h1>\n<h2><img decoding=\"async\" class=\"aligncenter wp-image-6926\" src=\"https:\/\/ac-truck.com\/wp-content\/uploads\/2025\/12\/\u4ea7\u54c1\u6d77\u62a5_03-36.webp\" alt=\"\" width=\"1234\" height=\"484\" srcset=\"https:\/\/ac-truck.com\/wp-content\/uploads\/2025\/12\/\u4ea7\u54c1\u6d77\u62a5_03-36.webp 790w, https:\/\/ac-truck.com\/wp-content\/uploads\/2025\/12\/\u4ea7\u54c1\u6d77\u62a5_03-36-300x118.webp 300w, https:\/\/ac-truck.com\/wp-content\/uploads\/2025\/12\/\u4ea7\u54c1\u6d77\u62a5_03-36-768x301.webp 768w, https:\/\/ac-truck.com\/wp-content\/uploads\/2025\/12\/\u4ea7\u54c1\u6d77\u62a5_03-36-18x7.webp 18w, https:\/\/ac-truck.com\/wp-content\/uploads\/2025\/12\/\u4ea7\u54c1\u6d77\u62a5_03-36-600x235.webp 600w, https:\/\/ac-truck.com\/wp-content\/uploads\/2025\/12\/\u4ea7\u54c1\u6d77\u62a5_03-36-150x59.webp 150w\" sizes=\"(max-width: 1234px) 100vw, 1234px\" \/><\/h2>\n<h2 style=\"text-align: center;\">Semirremolque para transporte de leche de 33000 litros<\/h2>\n<p>&nbsp;<\/p>\n<table>\n<tbody>\n<tr>\n<td width=\"86\"><strong>proyecto<\/strong><\/td>\n<td width=\"296\"><strong>Descripciones<\/strong><\/td>\n<td width=\"317\"><strong>Presupuesto<\/strong><\/td>\n<\/tr>\n<tr>\n<td rowspan=\"4\" width=\"86\"><strong>General\u00a0<\/strong><\/td>\n<td width=\"296\"><strong>Dimensiones totales (mm)<\/strong><\/td>\n<td width=\"317\"><strong>10550*2500*3650<\/strong><\/td>\n<\/tr>\n<tr>\n<td width=\"296\"><strong>peso en vac\u00edo (Kg)<\/strong><\/td>\n<td width=\"317\"><strong>7800<\/strong><\/td>\n<\/tr>\n<tr>\n<td width=\"296\"><strong>Capacidad de carga (Kg)<\/strong><\/td>\n<td width=\"317\"><strong>33000<\/strong><\/td>\n<\/tr>\n<tr>\n<td width=\"296\"><strong>Masa total (Kg)<\/strong><\/td>\n<td width=\"317\"><strong>25000<\/strong><\/td>\n<\/tr>\n<tr>\n<td rowspan=\"4\" width=\"86\"><strong>Cuerpo<\/strong><\/td>\n<td width=\"296\"><strong>Volumen del tanque (m\u00b3)<\/strong><\/td>\n<td width=\"317\"><strong>40800<\/strong><\/td>\n<\/tr>\n<tr>\n<td width=\"296\"><strong>Tank dimensions(mm)<\/strong><\/td>\n<td width=\"317\"><strong>10210*2500*2060<\/strong><\/td>\n<\/tr>\n<tr>\n<td width=\"296\"><strong>Material del tanque<\/strong><\/td>\n<td width=\"317\"><strong>SUS304-2B<\/strong><\/td>\n<\/tr>\n<tr>\n<td width=\"296\"><strong>Temperature control performance<\/strong><\/td>\n<td width=\"317\"><strong>Temperature not exceeding 2\u2103 in 24 hours<\/strong><\/td>\n<\/tr>\n<tr>\n<td rowspan=\"3\" width=\"86\"><strong>Chasis<\/strong><\/td>\n<td width=\"296\"><strong>Axle(T)<\/strong><\/td>\n<td width=\"317\"><strong>3*10<\/strong><\/td>\n<\/tr>\n<tr>\n<td width=\"296\"><strong>Brake pads(T)<\/strong><\/td>\n<td width=\"317\"><strong>16<\/strong><\/td>\n<\/tr>\n<tr>\n<td width=\"296\"><strong>Tama\u00f1o de ruedas y neum\u00e1ticos<\/strong><\/td>\n<td width=\"317\"><strong>12\/(12R22.5)tubeless tires<\/strong><\/td>\n<\/tr>\n<\/tbody>\n<\/table>\n<h1 style=\"text-align: center;\">VENTAJAS DEL VEH\u00cdCULO<\/h1>\n<h5 style=\"text-align: center;\">PROCESO DE PRODUCCI\u00d3N DE TANQUES<\/h5>\n<p><img decoding=\"async\" class=\"aligncenter wp-image-6825\" src=\"https:\/\/ac-truck.com\/wp-content\/uploads\/2025\/12\/%E9%B2%9C%E5%A5%B6%E8%BF%90%E8%BE%93%E8%BD%A6%E8%AF%A6%E6%83%85%E9%A1%B5_05.webp\" sizes=\"(max-width: 1234px) 100vw, 1234px\" srcset=\"https:\/\/ac-truck.com\/wp-content\/uploads\/2025\/12\/\u9c9c\u5976\u8fd0\u8f93\u8f66\u8be6\u60c5\u9875_05.webp 790w, https:\/\/ac-truck.com\/wp-content\/uploads\/2025\/12\/\u9c9c\u5976\u8fd0\u8f93\u8f66\u8be6\u60c5\u9875_05-142x300.webp 142w, https:\/\/ac-truck.com\/wp-content\/uploads\/2025\/12\/\u9c9c\u5976\u8fd0\u8f93\u8f66\u8be6\u60c5\u9875_05-485x1024.webp 485w, https:\/\/ac-truck.com\/wp-content\/uploads\/2025\/12\/\u9c9c\u5976\u8fd0\u8f93\u8f66\u8be6\u60c5\u9875_05-768x1623.webp 768w, https:\/\/ac-truck.com\/wp-content\/uploads\/2025\/12\/\u9c9c\u5976\u8fd0\u8f93\u8f66\u8be6\u60c5\u9875_05-727x1536.webp 727w, https:\/\/ac-truck.com\/wp-content\/uploads\/2025\/12\/\u9c9c\u5976\u8fd0\u8f93\u8f66\u8be6\u60c5\u9875_05-6x12.webp 6w, https:\/\/ac-truck.com\/wp-content\/uploads\/2025\/12\/\u9c9c\u5976\u8fd0\u8f93\u8f66\u8be6\u60c5\u9875_05-600x1268.webp 600w, https:\/\/ac-truck.com\/wp-content\/uploads\/2025\/12\/\u9c9c\u5976\u8fd0\u8f93\u8f66\u8be6\u60c5\u9875_05-150x317.webp 150w\" alt=\"\" width=\"1234\" height=\"2607\" \/><\/p>\n<p><strong>1. Tecnolog\u00eda de moldeo integrado: El tanque est\u00e1 fabricado con acero inoxidable de alta resistencia y se moldea en una sola pieza mediante m\u00e1quinas laminadoras de gran tama\u00f1o, m\u00e1quinas de soldadura autom\u00e1ticas y otros equipos. Al tener menos soldaduras, presenta una superficie lisa y uniforme, lo que reduce significativamente los puntos de dif\u00edcil acceso para la limpieza.<\/strong><br \/>\n<strong>2. Proceso de pasivaci\u00f3n avanzado: La pel\u00edcula de pasivaci\u00f3n es altamente estable. Forma una capa de \u00f3xido en la superficie del acero inoxidable para evitar la oxidaci\u00f3n del tanque. Puede soportar peque\u00f1as fricciones durante el transporte y los impactos de la limpieza, prolongando as\u00ed la vida \u00fatil del tanque.<\/strong><br \/>\n<strong>3. Dise\u00f1o de estructura de aislamiento multicapa: Se utiliza el proceso de \u201cespumado integral de poliuretano\u201d. Gracias a su excelente rendimiento de aislamiento t\u00e9rmico, garantiza que la leche se mantenga en estado refrigerado a una temperatura de 0-4 \u00b0C durante todo el proceso, maximizando as\u00ed su frescura.<\/strong><br \/>\n<strong>4. Dise\u00f1o integrado del sistema CIP: Las tuber\u00edas e interfaces para las bolas de limpieza CIP est\u00e1n preinstaladas en el proceso de producci\u00f3n. Esto garantiza una cobertura de pulverizaci\u00f3n de 360 \u200b\u200bgrados sin \u00e1ngulos muertos, lo que permite una limpieza y desinfecci\u00f3n autom\u00e1ticas y de alto nivel, y previene la contaminaci\u00f3n cruzada entre lotes.<\/strong><\/p>\n<h1 style=\"text-align: center;\">DISE\u00d1O ESTRUCTURAL Y SEGURIDAD<\/h1>\n<p><img loading=\"lazy\" decoding=\"async\" class=\"aligncenter wp-image-6826\" src=\"https:\/\/ac-truck.com\/wp-content\/uploads\/2025\/12\/%E9%B2%9C%E5%A5%B6%E8%BF%90%E8%BE%93%E8%BD%A6%E8%AF%A6%E6%83%85%E9%A1%B5_07.webp\" sizes=\"(max-width: 1234px) 100vw, 1234px\" srcset=\"https:\/\/ac-truck.com\/wp-content\/uploads\/2025\/12\/\u9c9c\u5976\u8fd0\u8f93\u8f66\u8be6\u60c5\u9875_07.webp 790w, https:\/\/ac-truck.com\/wp-content\/uploads\/2025\/12\/\u9c9c\u5976\u8fd0\u8f93\u8f66\u8be6\u60c5\u9875_07-300x252.webp 300w, https:\/\/ac-truck.com\/wp-content\/uploads\/2025\/12\/\u9c9c\u5976\u8fd0\u8f93\u8f66\u8be6\u60c5\u9875_07-768x645.webp 768w, https:\/\/ac-truck.com\/wp-content\/uploads\/2025\/12\/\u9c9c\u5976\u8fd0\u8f93\u8f66\u8be6\u60c5\u9875_07-14x12.webp 14w, https:\/\/ac-truck.com\/wp-content\/uploads\/2025\/12\/\u9c9c\u5976\u8fd0\u8f93\u8f66\u8be6\u60c5\u9875_07-600x504.webp 600w, https:\/\/ac-truck.com\/wp-content\/uploads\/2025\/12\/\u9c9c\u5976\u8fd0\u8f93\u8f66\u8be6\u60c5\u9875_07-150x126.webp 150w\" alt=\"\" width=\"1234\" height=\"1036\" \/><\/p>\n<p><strong>1. Acero de alta resistencia: Si bien garantiza la capacidad de carga y la rigidez, reduce el peso propio.<\/strong><br \/>\n<strong>2. Cabezal hidroformado: Est\u00e1 fabricado en una sola pieza sin soldaduras, lo que evita problemas de concentraci\u00f3n de tensiones. Su resistencia estructural aumenta en m\u00e1s de un 30% en comparaci\u00f3n con los cabezales de tipo ensamblado.<\/strong><br \/>\n<strong>3. Soldadura autom\u00e1tica con robot: Ofrece alta precisi\u00f3n y estabilidad en la soldadura, lo que mejora la resistencia estructural y el rendimiento de sellado.<\/strong><br \/>\n<strong>4. Refuerzos del tanque: Refuerzan la rigidez del tanque manteniendo al mismo tiempo la ventaja del bajo peso.<\/strong><\/p>\n<h1 style=\"text-align: center;\">Dise\u00f1o con centro de gravedad bajo y alta estabilidad.<\/h1>\n<p><img loading=\"lazy\" decoding=\"async\" class=\"aligncenter wp-image-6827\" src=\"https:\/\/ac-truck.com\/wp-content\/uploads\/2025\/12\/%E9%B2%9C%E5%A5%B6%E8%BF%90%E8%BE%93%E8%BD%A6%E8%AF%A6%E6%83%85%E9%A1%B5_09.webp\" sizes=\"(max-width: 1234px) 100vw, 1234px\" srcset=\"https:\/\/ac-truck.com\/wp-content\/uploads\/2025\/12\/\u9c9c\u5976\u8fd0\u8f93\u8f66\u8be6\u60c5\u9875_09.webp 790w, https:\/\/ac-truck.com\/wp-content\/uploads\/2025\/12\/\u9c9c\u5976\u8fd0\u8f93\u8f66\u8be6\u60c5\u9875_09-156x300.webp 156w, https:\/\/ac-truck.com\/wp-content\/uploads\/2025\/12\/\u9c9c\u5976\u8fd0\u8f93\u8f66\u8be6\u60c5\u9875_09-533x1024.webp 533w, https:\/\/ac-truck.com\/wp-content\/uploads\/2025\/12\/\u9c9c\u5976\u8fd0\u8f93\u8f66\u8be6\u60c5\u9875_09-768x1476.webp 768w, https:\/\/ac-truck.com\/wp-content\/uploads\/2025\/12\/\u9c9c\u5976\u8fd0\u8f93\u8f66\u8be6\u60c5\u9875_09-6x12.webp 6w, https:\/\/ac-truck.com\/wp-content\/uploads\/2025\/12\/\u9c9c\u5976\u8fd0\u8f93\u8f66\u8be6\u60c5\u9875_09-600x1153.webp 600w, https:\/\/ac-truck.com\/wp-content\/uploads\/2025\/12\/\u9c9c\u5976\u8fd0\u8f93\u8f66\u8be6\u60c5\u9875_09-150x288.webp 150w\" alt=\"\" width=\"1234\" height=\"2371\" \/><\/p>\n<p><strong>1. Dise\u00f1o del tanque con forma ovalada: Gracias al dise\u00f1o de una secci\u00f3n transversal ovalada, se reduce el centro de gravedad, se optimiza la distribuci\u00f3n de la fuerza y \u200b\u200bse aprovecha el espacio de forma m\u00e1s eficaz, lo que mejora la estabilidad y la seguridad del veh\u00edculo durante la conducci\u00f3n.<\/strong><br \/>\n<strong>2. Dise\u00f1o de compartimentos: Permite el transporte independiente de m\u00faltiples lotes, ajusta de forma flexible la capacidad de transporte y garantiza la calidad estable de la leche fresca.<\/strong><br \/>\n<strong>3. Placas antivibraci\u00f3n: Gracias a la disposici\u00f3n adecuada de las placas antivibraci\u00f3n dentro del tanque, se suprime eficazmente el movimiento brusco de la leche fresca durante el transporte, lo que garantiza la estabilidad, la ligereza y la higiene del tanque.<\/strong><\/p>\n<h1 style=\"text-align: center;\">DISE\u00d1O MODULAR Y ESTANDARIZADO<\/h1>\n<p><img loading=\"lazy\" decoding=\"async\" class=\"aligncenter wp-image-6828\" src=\"https:\/\/ac-truck.com\/wp-content\/uploads\/2025\/12\/%E9%B2%9C%E5%A5%B6%E8%BF%90%E8%BE%93%E8%BD%A6%E8%AF%A6%E6%83%85%E9%A1%B5_11.webp\" sizes=\"(max-width: 1234px) 100vw, 1234px\" srcset=\"https:\/\/ac-truck.com\/wp-content\/uploads\/2025\/12\/\u9c9c\u5976\u8fd0\u8f93\u8f66\u8be6\u60c5\u9875_11.webp 790w, https:\/\/ac-truck.com\/wp-content\/uploads\/2025\/12\/\u9c9c\u5976\u8fd0\u8f93\u8f66\u8be6\u60c5\u9875_11-232x300.webp 232w, https:\/\/ac-truck.com\/wp-content\/uploads\/2025\/12\/\u9c9c\u5976\u8fd0\u8f93\u8f66\u8be6\u60c5\u9875_11-768x992.webp 768w, https:\/\/ac-truck.com\/wp-content\/uploads\/2025\/12\/\u9c9c\u5976\u8fd0\u8f93\u8f66\u8be6\u60c5\u9875_11-9x12.webp 9w, https:\/\/ac-truck.com\/wp-content\/uploads\/2025\/12\/\u9c9c\u5976\u8fd0\u8f93\u8f66\u8be6\u60c5\u9875_11-600x775.webp 600w, https:\/\/ac-truck.com\/wp-content\/uploads\/2025\/12\/\u9c9c\u5976\u8fd0\u8f93\u8f66\u8be6\u60c5\u9875_11-150x194.webp 150w\" alt=\"\" width=\"1234\" height=\"1593\" \/><\/p>\n<p><strong>1. Sistema de bloqueo de seguridad integrado: Controla los permisos de funcionamiento, previene los riesgos de fugas y protege la seguridad del personal.<\/strong><br \/>\n<strong>2. Pasarela antideslizante en la plataforma superior: Presenta un excelente rendimiento antideslizante, gran capacidad de carga y durabilidad, y es adecuada para garantizar la seguridad.<\/strong><\/p>\n<h1 style=\"text-align: center;\">EFICIENTE E HIGI\u00c9NICO<br \/>\nSISTEMA DE CARGA Y DESCARGA<\/h1>\n<p><img loading=\"lazy\" decoding=\"async\" class=\"aligncenter wp-image-6829\" src=\"https:\/\/ac-truck.com\/wp-content\/uploads\/2025\/12\/%E9%B2%9C%E5%A5%B6%E8%BF%90%E8%BE%93%E8%BD%A6%E8%AF%A6%E6%83%85%E9%A1%B5_13.webp\" sizes=\"(max-width: 1234px) 100vw, 1234px\" srcset=\"https:\/\/ac-truck.com\/wp-content\/uploads\/2025\/12\/\u9c9c\u5976\u8fd0\u8f93\u8f66\u8be6\u60c5\u9875_13.webp 790w, https:\/\/ac-truck.com\/wp-content\/uploads\/2025\/12\/\u9c9c\u5976\u8fd0\u8f93\u8f66\u8be6\u60c5\u9875_13-271x300.webp 271w, https:\/\/ac-truck.com\/wp-content\/uploads\/2025\/12\/\u9c9c\u5976\u8fd0\u8f93\u8f66\u8be6\u60c5\u9875_13-768x852.webp 768w, https:\/\/ac-truck.com\/wp-content\/uploads\/2025\/12\/\u9c9c\u5976\u8fd0\u8f93\u8f66\u8be6\u60c5\u9875_13-11x12.webp 11w, https:\/\/ac-truck.com\/wp-content\/uploads\/2025\/12\/\u9c9c\u5976\u8fd0\u8f93\u8f66\u8be6\u60c5\u9875_13-600x665.webp 600w, https:\/\/ac-truck.com\/wp-content\/uploads\/2025\/12\/\u9c9c\u5976\u8fd0\u8f93\u8f66\u8be6\u60c5\u9875_13-150x166.webp 150w\" alt=\"\" width=\"1234\" height=\"1368\" \/><\/p>\n<p><strong>1. Entrada de leche: Adopta un dise\u00f1o de boca acampanada de gran di\u00e1metro, con un borde gu\u00eda antiderrame, lo que facilita la conexi\u00f3n r\u00e1pida del equipo de orde\u00f1o en la granja y reduce las p\u00e9rdidas por salpicaduras durante la alimentaci\u00f3n.<\/strong><br \/>\n<strong>2. Salida de leche: Utiliza un canal de descarga inclinado, equipado con una junta de conexi\u00f3n r\u00e1pida de gran di\u00e1metro, y la velocidad de descarga es un 20% m\u00e1s r\u00e1pida que la de las interfaces convencionales.<\/strong><br \/>\n<strong>3. Dise\u00f1o de la tolva de leche: La tolva tiene forma de embudo, con funciones de transici\u00f3n y amortiguaci\u00f3n, y es adecuada para la filtraci\u00f3n y purificaci\u00f3n.<\/strong><br \/>\n<strong>4. Boquillas de carga y descarga: Se utilizan acoplamientos r\u00e1pidos estandarizados, que son a prueba de fugas, no generan p\u00e9rdidas, son higi\u00e9nicos y no dejan residuos.<\/strong><\/p>\n<h1 style=\"text-align: center;\">PROCESO DE PRODUCCI\u00d3N<\/h1>\n<p><img loading=\"lazy\" decoding=\"async\" class=\"aligncenter wp-image-6830\" src=\"https:\/\/ac-truck.com\/wp-content\/uploads\/2025\/12\/%E9%B2%9C%E5%A5%B6%E8%BF%90%E8%BE%93%E8%BD%A6%E8%AF%A6%E6%83%85%E9%A1%B5_15.webp\" sizes=\"(max-width: 1234px) 100vw, 1234px\" srcset=\"https:\/\/ac-truck.com\/wp-content\/uploads\/2025\/12\/\u9c9c\u5976\u8fd0\u8f93\u8f66\u8be6\u60c5\u9875_15.webp 790w, https:\/\/ac-truck.com\/wp-content\/uploads\/2025\/12\/\u9c9c\u5976\u8fd0\u8f93\u8f66\u8be6\u60c5\u9875_15-124x300.webp 124w, https:\/\/ac-truck.com\/wp-content\/uploads\/2025\/12\/\u9c9c\u5976\u8fd0\u8f93\u8f66\u8be6\u60c5\u9875_15-422x1024.webp 422w, https:\/\/ac-truck.com\/wp-content\/uploads\/2025\/12\/\u9c9c\u5976\u8fd0\u8f93\u8f66\u8be6\u60c5\u9875_15-768x1866.webp 768w, https:\/\/ac-truck.com\/wp-content\/uploads\/2025\/12\/\u9c9c\u5976\u8fd0\u8f93\u8f66\u8be6\u60c5\u9875_15-632x1536.webp 632w, https:\/\/ac-truck.com\/wp-content\/uploads\/2025\/12\/\u9c9c\u5976\u8fd0\u8f93\u8f66\u8be6\u60c5\u9875_15-5x12.webp 5w, https:\/\/ac-truck.com\/wp-content\/uploads\/2025\/12\/\u9c9c\u5976\u8fd0\u8f93\u8f66\u8be6\u60c5\u9875_15-600x1457.webp 600w, https:\/\/ac-truck.com\/wp-content\/uploads\/2025\/12\/\u9c9c\u5976\u8fd0\u8f93\u8f66\u8be6\u60c5\u9875_15-150x364.webp 150w\" alt=\"\" width=\"1234\" height=\"2998\" \/><img loading=\"lazy\" decoding=\"async\" class=\"aligncenter wp-image-6831\" src=\"https:\/\/ac-truck.com\/wp-content\/uploads\/2025\/12\/%E9%B2%9C%E5%A5%B6%E8%BF%90%E8%BE%93%E8%BD%A6%E8%AF%A6%E6%83%85%E9%A1%B5_16.webp\" sizes=\"(max-width: 1234px) 100vw, 1234px\" srcset=\"https:\/\/ac-truck.com\/wp-content\/uploads\/2025\/12\/\u9c9c\u5976\u8fd0\u8f93\u8f66\u8be6\u60c5\u9875_16.webp 790w, https:\/\/ac-truck.com\/wp-content\/uploads\/2025\/12\/\u9c9c\u5976\u8fd0\u8f93\u8f66\u8be6\u60c5\u9875_16-125x300.webp 125w, https:\/\/ac-truck.com\/wp-content\/uploads\/2025\/12\/\u9c9c\u5976\u8fd0\u8f93\u8f66\u8be6\u60c5\u9875_16-426x1024.webp 426w, https:\/\/ac-truck.com\/wp-content\/uploads\/2025\/12\/\u9c9c\u5976\u8fd0\u8f93\u8f66\u8be6\u60c5\u9875_16-768x1847.webp 768w, https:\/\/ac-truck.com\/wp-content\/uploads\/2025\/12\/\u9c9c\u5976\u8fd0\u8f93\u8f66\u8be6\u60c5\u9875_16-639x1536.webp 639w, https:\/\/ac-truck.com\/wp-content\/uploads\/2025\/12\/\u9c9c\u5976\u8fd0\u8f93\u8f66\u8be6\u60c5\u9875_16-5x12.webp 5w, https:\/\/ac-truck.com\/wp-content\/uploads\/2025\/12\/\u9c9c\u5976\u8fd0\u8f93\u8f66\u8be6\u60c5\u9875_16-600x1443.webp 600w, https:\/\/ac-truck.com\/wp-content\/uploads\/2025\/12\/\u9c9c\u5976\u8fd0\u8f93\u8f66\u8be6\u60c5\u9875_16-150x361.webp 150w\" alt=\"\" width=\"1234\" height=\"2968\" \/><\/p>\n<p><strong>1. Preparaci\u00f3n de los materiales para el laminado del tanque.<\/strong><br \/>\n<strong>2. Moldeo integral del cuerpo del tanque.<\/strong><br \/>\n<strong>3. Soldadura y conformado rob\u00f3tico<\/strong><br \/>\n<strong>4. Recubrimiento completo con material aislante de alta densidad.<\/strong><br \/>\n<strong>5. Recubrimiento completo de la capa protectora exterior de acero inoxidable.<\/strong><br \/>\n<strong>6. Soldadura de accesorios para veh\u00edculos<\/strong><br \/>\n<strong>7. Montaje general del veh\u00edculo<\/strong><br \/>\n<strong>8. Finalizaci\u00f3n de la producci\u00f3n de todo el veh\u00edculo.<\/strong><\/p>\n<h1 style=\"text-align: center;\">ESCENARIOS DE APLICACI\u00d3N<\/h1>\n<p><img loading=\"lazy\" decoding=\"async\" class=\"aligncenter wp-image-6832\" src=\"https:\/\/ac-truck.com\/wp-content\/uploads\/2025\/12\/%E9%B2%9C%E5%A5%B6%E8%BF%90%E8%BE%93%E8%BD%A6%E8%AF%A6%E6%83%85%E9%A1%B5_18.webp\" sizes=\"(max-width: 1234px) 100vw, 1234px\" srcset=\"https:\/\/ac-truck.com\/wp-content\/uploads\/2025\/12\/\u9c9c\u5976\u8fd0\u8f93\u8f66\u8be6\u60c5\u9875_18.webp 790w, https:\/\/ac-truck.com\/wp-content\/uploads\/2025\/12\/\u9c9c\u5976\u8fd0\u8f93\u8f66\u8be6\u60c5\u9875_18-151x300.webp 151w, https:\/\/ac-truck.com\/wp-content\/uploads\/2025\/12\/\u9c9c\u5976\u8fd0\u8f93\u8f66\u8be6\u60c5\u9875_18-516x1024.webp 516w, https:\/\/ac-truck.com\/wp-content\/uploads\/2025\/12\/\u9c9c\u5976\u8fd0\u8f93\u8f66\u8be6\u60c5\u9875_18-768x1524.webp 768w, https:\/\/ac-truck.com\/wp-content\/uploads\/2025\/12\/\u9c9c\u5976\u8fd0\u8f93\u8f66\u8be6\u60c5\u9875_18-774x1536.webp 774w, https:\/\/ac-truck.com\/wp-content\/uploads\/2025\/12\/\u9c9c\u5976\u8fd0\u8f93\u8f66\u8be6\u60c5\u9875_18-6x12.webp 6w, https:\/\/ac-truck.com\/wp-content\/uploads\/2025\/12\/\u9c9c\u5976\u8fd0\u8f93\u8f66\u8be6\u60c5\u9875_18-600x1191.webp 600w, https:\/\/ac-truck.com\/wp-content\/uploads\/2025\/12\/\u9c9c\u5976\u8fd0\u8f93\u8f66\u8be6\u60c5\u9875_18-150x298.webp 150w\" alt=\"\" width=\"1234\" height=\"2449\" \/><\/p>\n<h1 style=\"text-align: center;\">EMBALAJE Y TRANSPORTE<\/h1>\n<p><img loading=\"lazy\" decoding=\"async\" class=\"aligncenter wp-image-6833\" src=\"https:\/\/ac-truck.com\/wp-content\/uploads\/2025\/12\/%E9%B2%9C%E5%A5%B6%E8%BF%90%E8%BE%93%E8%BD%A6%E8%AF%A6%E6%83%85%E9%A1%B5_20.webp\" sizes=\"(max-width: 1234px) 100vw, 1234px\" srcset=\"https:\/\/ac-truck.com\/wp-content\/uploads\/2025\/12\/\u9c9c\u5976\u8fd0\u8f93\u8f66\u8be6\u60c5\u9875_20.webp 790w, https:\/\/ac-truck.com\/wp-content\/uploads\/2025\/12\/\u9c9c\u5976\u8fd0\u8f93\u8f66\u8be6\u60c5\u9875_20-158x300.webp 158w, https:\/\/ac-truck.com\/wp-content\/uploads\/2025\/12\/\u9c9c\u5976\u8fd0\u8f93\u8f66\u8be6\u60c5\u9875_20-538x1024.webp 538w, https:\/\/ac-truck.com\/wp-content\/uploads\/2025\/12\/\u9c9c\u5976\u8fd0\u8f93\u8f66\u8be6\u60c5\u9875_20-768x1462.webp 768w, https:\/\/ac-truck.com\/wp-content\/uploads\/2025\/12\/\u9c9c\u5976\u8fd0\u8f93\u8f66\u8be6\u60c5\u9875_20-6x12.webp 6w, https:\/\/ac-truck.com\/wp-content\/uploads\/2025\/12\/\u9c9c\u5976\u8fd0\u8f93\u8f66\u8be6\u60c5\u9875_20-600x1142.webp 600w, https:\/\/ac-truck.com\/wp-content\/uploads\/2025\/12\/\u9c9c\u5976\u8fd0\u8f93\u8f66\u8be6\u60c5\u9875_20-150x286.webp 150w\" alt=\"\" width=\"1234\" height=\"2349\" \/><\/p>","protected":false},"excerpt":{"rendered":"<p>PRODUCT PARAMETERS 33000L Milk Transport Semi-Trailer &nbsp; project Descriptions Specifications General\u00a0 Overall dimensions(mm) 10550*2500*3650 curb weight(Kg) 7800 Loading capacity(Kg) 33000<\/p>","protected":false},"featured_media":6927,"template":"","meta":[],"product_brand":[352],"product_cat":[345],"product_tag":[346,347,348,353],"class_list":{"0":"post-6871","1":"product","2":"type-product","3":"status-publish","4":"has-post-thumbnail","6":"product_brand-semi-trailer","7":"product_cat-milk-tank-trucks","8":"product_tag-milk-tank-truck","9":"product_tag-milk-transport-truck","10":"product_tag-milk-collection-truck","11":"product_tag-33m","13":"first","14":"instock","15":"shipping-taxable","16":"product-type-simple"},"_links":{"self":[{"href":"https:\/\/ac-truck.com\/es\/wp-json\/wp\/v2\/product\/6871","targetHints":{"allow":["GET"]}}],"collection":[{"href":"https:\/\/ac-truck.com\/es\/wp-json\/wp\/v2\/product"}],"about":[{"href":"https:\/\/ac-truck.com\/es\/wp-json\/wp\/v2\/types\/product"}],"version-history":[{"count":3,"href":"https:\/\/ac-truck.com\/es\/wp-json\/wp\/v2\/product\/6871\/revisions"}],"predecessor-version":[{"id":6933,"href":"https:\/\/ac-truck.com\/es\/wp-json\/wp\/v2\/product\/6871\/revisions\/6933"}],"wp:featuredmedia":[{"embeddable":true,"href":"https:\/\/ac-truck.com\/es\/wp-json\/wp\/v2\/media\/6927"}],"wp:attachment":[{"href":"https:\/\/ac-truck.com\/es\/wp-json\/wp\/v2\/media?parent=6871"}],"wp:term":[{"taxonomy":"product_brand","embeddable":true,"href":"https:\/\/ac-truck.com\/es\/wp-json\/wp\/v2\/product_brand?post=6871"},{"taxonomy":"product_cat","embeddable":true,"href":"https:\/\/ac-truck.com\/es\/wp-json\/wp\/v2\/product_cat?post=6871"},{"taxonomy":"product_tag","embeddable":true,"href":"https:\/\/ac-truck.com\/es\/wp-json\/wp\/v2\/product_tag?post=6871"}],"curies":[{"name":"wp","href":"https:\/\/api.w.org\/{rel}","templated":true}]}}