{"id":7030,"date":"2025-12-26T11:58:17","date_gmt":"2025-12-26T03:58:17","guid":{"rendered":"https:\/\/ac-truck.com\/?post_type=product&#038;p=7030"},"modified":"2026-04-08T14:36:39","modified_gmt":"2026-04-08T06:36:39","slug":"5m%c2%b3-hookloader-garbage-truck-jmc","status":"publish","type":"product","link":"https:\/\/ac-truck.com\/es\/5m%C2%B3-hookloader-garbage-truck-jmc.html","title":{"rendered":"Cami\u00f3n recolector de basura con sistema de gancho de 5 m\u00b3 JMC"},"content":{"rendered":"<div style=\"width: 1920px;\" class=\"wp-video\"><!--[if lt IE 9]><script>document.createElement('video');<\/script><![endif]-->\n<video class=\"wp-video-shortcode\" id=\"video-7030-1\" width=\"1920\" height=\"1080\" preload=\"metadata\" controls=\"controls\"><source type=\"video\/mp4\" src=\"https:\/\/ac-truck.com\/wp-content\/uploads\/2025\/12\/\u538b\u7f29\u65e0\u6c34\u5370.mp4?_=1\" \/><a href=\"https:\/\/ac-truck.com\/wp-content\/uploads\/2025\/12\/\u538b\u7f29\u65e0\u6c34\u5370.mp4\">https:\/\/ac-truck.com\/wp-content\/uploads\/2025\/12\/\u538b\u7f29\u65e0\u6c34\u5370.mp4<\/a><\/video><\/div>\n<p><img fetchpriority=\"high\" decoding=\"async\" class=\"aligncenter wp-image-7031\" src=\"https:\/\/ac-truck.com\/wp-content\/uploads\/2025\/12\/\u4ea7\u54c1\u6d77\u62a5_01-45.webp\" alt=\"\" width=\"1234\" height=\"1617\" srcset=\"https:\/\/ac-truck.com\/wp-content\/uploads\/2025\/12\/\u4ea7\u54c1\u6d77\u62a5_01-45.webp 790w, https:\/\/ac-truck.com\/wp-content\/uploads\/2025\/12\/\u4ea7\u54c1\u6d77\u62a5_01-45-229x300.webp 229w, https:\/\/ac-truck.com\/wp-content\/uploads\/2025\/12\/\u4ea7\u54c1\u6d77\u62a5_01-45-782x1024.webp 782w, https:\/\/ac-truck.com\/wp-content\/uploads\/2025\/12\/\u4ea7\u54c1\u6d77\u62a5_01-45-768x1006.webp 768w, https:\/\/ac-truck.com\/wp-content\/uploads\/2025\/12\/\u4ea7\u54c1\u6d77\u62a5_01-45-9x12.webp 9w, https:\/\/ac-truck.com\/wp-content\/uploads\/2025\/12\/\u4ea7\u54c1\u6d77\u62a5_01-45-600x786.webp 600w, https:\/\/ac-truck.com\/wp-content\/uploads\/2025\/12\/\u4ea7\u54c1\u6d77\u62a5_01-45-150x197.webp 150w\" sizes=\"(max-width: 1234px) 100vw, 1234px\" \/><\/p>\n<h1 style=\"text-align: center;\">PAR\u00c1METROS DEL PRODUCTO<\/h1>\n<p><img decoding=\"async\" class=\"aligncenter wp-image-7032\" src=\"https:\/\/ac-truck.com\/wp-content\/uploads\/2025\/12\/\u4ea7\u54c1\u6d77\u62a5_03-45.webp\" alt=\"\" width=\"1234\" height=\"486\" srcset=\"https:\/\/ac-truck.com\/wp-content\/uploads\/2025\/12\/\u4ea7\u54c1\u6d77\u62a5_03-45.webp 790w, https:\/\/ac-truck.com\/wp-content\/uploads\/2025\/12\/\u4ea7\u54c1\u6d77\u62a5_03-45-300x118.webp 300w, https:\/\/ac-truck.com\/wp-content\/uploads\/2025\/12\/\u4ea7\u54c1\u6d77\u62a5_03-45-768x302.webp 768w, https:\/\/ac-truck.com\/wp-content\/uploads\/2025\/12\/\u4ea7\u54c1\u6d77\u62a5_03-45-18x7.webp 18w, https:\/\/ac-truck.com\/wp-content\/uploads\/2025\/12\/\u4ea7\u54c1\u6d77\u62a5_03-45-600x236.webp 600w, https:\/\/ac-truck.com\/wp-content\/uploads\/2025\/12\/\u4ea7\u54c1\u6d77\u62a5_03-45-150x59.webp 150w\" sizes=\"(max-width: 1234px) 100vw, 1234px\" \/><\/p>\n<h2 style=\"text-align: center;\">Cami\u00f3n recolector de basura con sistema de gancho de 5 m\u00b3 JMC<\/h2>\n<p>&nbsp;<\/p>\n<table>\n<tbody>\n<tr>\n<td width=\"127\"><strong>proyecto<\/strong><\/td>\n<td width=\"269\"><strong>Descripciones<\/strong><\/td>\n<td width=\"303\"><strong>\u00a0\u00a0\u00a0 Presupuesto<\/strong><\/td>\n<\/tr>\n<tr>\n<td rowspan=\"4\" width=\"127\"><strong>General\u00a0<\/strong><\/td>\n<td width=\"269\"><strong>Dimensiones totales (mm)<\/strong><\/td>\n<td width=\"303\"><strong>5515\u00d71980\u00d72190<\/strong><\/td>\n<\/tr>\n<tr>\n<td width=\"269\"><strong>peso en vac\u00edo (Kg)<\/strong><\/td>\n<td width=\"303\"><strong>3080<\/strong><\/td>\n<\/tr>\n<tr>\n<td width=\"269\"><strong>Capacidad de carga (Kg)<\/strong><\/td>\n<td width=\"303\"><strong>4090<\/strong><\/td>\n<\/tr>\n<tr>\n<td width=\"269\"><strong>Masa total (Kg)<\/strong><\/td>\n<td width=\"303\"><strong>7300<\/strong><\/td>\n<\/tr>\n<tr>\n<td rowspan=\"3\" width=\"127\"><strong>Superestructura<\/strong><\/td>\n<td width=\"269\"><strong>Capacidad de elevaci\u00f3n (toneladas)<\/strong><\/td>\n<td width=\"303\"><strong>6-8<\/strong><\/td>\n<\/tr>\n<tr>\n<td width=\"269\"><strong>Volumen del contenedor de basura correspondiente (m\u00b3)<\/strong><\/td>\n<td width=\"303\"><strong>5-7<\/strong><\/td>\n<\/tr>\n<tr>\n<td width=\"269\"><strong>Material del brazo del gancho<\/strong><\/td>\n<td width=\"303\"><strong>Acero de alta resistencia Q40, Q50<\/strong><\/td>\n<\/tr>\n<tr>\n<td rowspan=\"7\" width=\"127\"><strong>Chasis<\/strong><\/p>\n<p>&nbsp;<\/td>\n<td width=\"269\"><strong>Marca del chasis<\/strong><\/td>\n<td width=\"303\"><strong>JMC<\/strong><\/td>\n<\/tr>\n<tr>\n<td width=\"269\"><strong>Formulario de conductor<\/strong><\/td>\n<td width=\"303\"><strong>4*2<\/strong><\/td>\n<\/tr>\n<tr>\n<td width=\"269\"><strong>Volante<\/strong><\/td>\n<td width=\"303\"><strong>Conducci\u00f3n con volante a la izquierda<\/strong><\/td>\n<\/tr>\n<tr>\n<td width=\"269\"><strong>Distancia entre ejes (mm)<\/strong><\/td>\n<td width=\"303\"><strong>3360<\/strong><\/td>\n<\/tr>\n<tr>\n<td width=\"269\"><strong>Potencia m\u00e1xima del motor (kW)<\/strong><\/td>\n<td width=\"303\"><strong>85<\/strong><\/td>\n<\/tr>\n<tr>\n<td width=\"269\"><strong>Normas de emisi\u00f3n<\/strong><\/td>\n<td width=\"303\"><strong>Euro 6<\/strong><\/td>\n<\/tr>\n<tr>\n<td width=\"269\"><strong>Caja de cambios<\/strong><\/td>\n<td width=\"303\"><strong>5-speed gearbox<\/strong><\/td>\n<\/tr>\n<\/tbody>\n<\/table>\n<h1 style=\"text-align: center;\">VENTAJAS DEL VEH\u00cdCULO<\/h1>\n<h5 style=\"text-align: center;\">ALTA RESISTENCIA Y CAPACIDAD DE CARGA<\/h5>\n<p style=\"text-align: center;\"><img decoding=\"async\" class=\"aligncenter wp-image-6937\" src=\"https:\/\/ac-truck.com\/wp-content\/uploads\/2025\/12\/%E9%92%A9%E8%87%82%E5%9E%83%E5%9C%BE%E8%BD%A6%E8%AF%A6%E6%83%85%E9%A1%B5_05.webp\" sizes=\"(max-width: 1234px) 100vw, 1234px\" srcset=\"https:\/\/ac-truck.com\/wp-content\/uploads\/2025\/12\/\u94a9\u81c2\u5783\u573e\u8f66\u8be6\u60c5\u9875_05.webp 790w, https:\/\/ac-truck.com\/wp-content\/uploads\/2025\/12\/\u94a9\u81c2\u5783\u573e\u8f66\u8be6\u60c5\u9875_05-300x216.webp 300w, https:\/\/ac-truck.com\/wp-content\/uploads\/2025\/12\/\u94a9\u81c2\u5783\u573e\u8f66\u8be6\u60c5\u9875_05-768x554.webp 768w, https:\/\/ac-truck.com\/wp-content\/uploads\/2025\/12\/\u94a9\u81c2\u5783\u573e\u8f66\u8be6\u60c5\u9875_05-18x12.webp 18w, https:\/\/ac-truck.com\/wp-content\/uploads\/2025\/12\/\u94a9\u81c2\u5783\u573e\u8f66\u8be6\u60c5\u9875_05-600x433.webp 600w, https:\/\/ac-truck.com\/wp-content\/uploads\/2025\/12\/\u94a9\u81c2\u5783\u573e\u8f66\u8be6\u60c5\u9875_05-150x108.webp 150w\" alt=\"\" width=\"1234\" height=\"890\" \/><\/p>\n<h1 style=\"text-align: center;\">COMPONENTES PRINCIPALES DEL BRAZO DE GANCHO<\/h1>\n<p><img loading=\"lazy\" decoding=\"async\" class=\"aligncenter wp-image-6938\" src=\"https:\/\/ac-truck.com\/wp-content\/uploads\/2025\/12\/%E9%92%A9%E8%87%82%E5%9E%83%E5%9C%BE%E8%BD%A6%E8%AF%A6%E6%83%85%E9%A1%B5_07.webp\" sizes=\"(max-width: 1234px) 100vw, 1234px\" srcset=\"https:\/\/ac-truck.com\/wp-content\/uploads\/2025\/12\/\u94a9\u81c2\u5783\u573e\u8f66\u8be6\u60c5\u9875_07.webp 790w, https:\/\/ac-truck.com\/wp-content\/uploads\/2025\/12\/\u94a9\u81c2\u5783\u573e\u8f66\u8be6\u60c5\u9875_07-183x300.webp 183w, https:\/\/ac-truck.com\/wp-content\/uploads\/2025\/12\/\u94a9\u81c2\u5783\u573e\u8f66\u8be6\u60c5\u9875_07-626x1024.webp 626w, https:\/\/ac-truck.com\/wp-content\/uploads\/2025\/12\/\u94a9\u81c2\u5783\u573e\u8f66\u8be6\u60c5\u9875_07-768x1257.webp 768w, https:\/\/ac-truck.com\/wp-content\/uploads\/2025\/12\/\u94a9\u81c2\u5783\u573e\u8f66\u8be6\u60c5\u9875_07-7x12.webp 7w, https:\/\/ac-truck.com\/wp-content\/uploads\/2025\/12\/\u94a9\u81c2\u5783\u573e\u8f66\u8be6\u60c5\u9875_07-600x982.webp 600w, https:\/\/ac-truck.com\/wp-content\/uploads\/2025\/12\/\u94a9\u81c2\u5783\u573e\u8f66\u8be6\u60c5\u9875_07-150x246.webp 150w\" alt=\"\" width=\"1234\" height=\"2020\" \/><\/p>\n<p><strong>1. Gancho \u2013 cuerpo principal del brazo (brazo principal + brazo telesc\u00f3pico + gancho): Engancha, sujeta y levanta directamente el contenedor de basura. El brazo telesc\u00f3pico se adapta a contenedores de diferentes longitudes.<\/strong><br \/>\n<strong>2. Cilindro principal de aceite: Proporciona potencia hidr\u00e1ulica para la rotaci\u00f3n y extensi\u00f3n del brazo del gancho, y controla la velocidad y la fuerza de los movimientos.<\/strong><br \/>\n<strong>3. Mecanismo de bloqueo: Bloquea el contenedor despu\u00e9s de engancharlo para evitar que se suelte durante el transporte; se fija de forma articulada durante la descarga.<\/strong><br \/>\n<strong>4. Estructura de giro: Conecta el brazo de gancho con la estructura auxiliar, permite el levantamiento y la descarga general y soporta el momento de vuelco.<\/strong><br \/>\n<strong>5. Bastidor auxiliar: Soporta el mecanismo de gancho y brazo y el contenedor, y distribuye el peso a la viga del chasis.<\/strong><\/p>\n<h1 style=\"text-align: center;\">SISTEMA Y MONTAJE HIDR\u00c1ULICO<\/h1>\n<p><img loading=\"lazy\" decoding=\"async\" class=\"aligncenter wp-image-6939\" src=\"https:\/\/ac-truck.com\/wp-content\/uploads\/2025\/12\/%E9%92%A9%E8%87%82%E5%9E%83%E5%9C%BE%E8%BD%A6%E8%AF%A6%E6%83%85%E9%A1%B5_09.webp\" sizes=\"(max-width: 1234px) 100vw, 1234px\" srcset=\"https:\/\/ac-truck.com\/wp-content\/uploads\/2025\/12\/\u94a9\u81c2\u5783\u573e\u8f66\u8be6\u60c5\u9875_09.webp 790w, https:\/\/ac-truck.com\/wp-content\/uploads\/2025\/12\/\u94a9\u81c2\u5783\u573e\u8f66\u8be6\u60c5\u9875_09-170x300.webp 170w, https:\/\/ac-truck.com\/wp-content\/uploads\/2025\/12\/\u94a9\u81c2\u5783\u573e\u8f66\u8be6\u60c5\u9875_09-581x1024.webp 581w, https:\/\/ac-truck.com\/wp-content\/uploads\/2025\/12\/\u94a9\u81c2\u5783\u573e\u8f66\u8be6\u60c5\u9875_09-768x1354.webp 768w, https:\/\/ac-truck.com\/wp-content\/uploads\/2025\/12\/\u94a9\u81c2\u5783\u573e\u8f66\u8be6\u60c5\u9875_09-7x12.webp 7w, https:\/\/ac-truck.com\/wp-content\/uploads\/2025\/12\/\u94a9\u81c2\u5783\u573e\u8f66\u8be6\u60c5\u9875_09-600x1058.webp 600w, https:\/\/ac-truck.com\/wp-content\/uploads\/2025\/12\/\u94a9\u81c2\u5783\u573e\u8f66\u8be6\u60c5\u9875_09-150x264.webp 150w\" alt=\"\" width=\"1234\" height=\"2176\" \/><\/p>\n<p><strong>1. Toma de fuerza (PTO)<\/strong><br \/>\n<strong>2. Bomba de aceite hidr\u00e1ulico<\/strong><br \/>\n<strong>3. Dep\u00f3sito de aceite hidr\u00e1ulico<\/strong><br \/>\n<strong>4. Cilindro principal de elevaci\u00f3n<\/strong><br \/>\n<strong>5. Cilindro telesc\u00f3pico integrado<\/strong><br \/>\n<strong>6. Cilindro de bloqueo<\/strong><br \/>\n<strong>7. V\u00e1lvula hidr\u00e1ulica multiv\u00eda<\/strong><br \/>\n<strong>8. Man\u00f3metro de presi\u00f3n hidr\u00e1ulica<\/strong><br \/>\n<strong>9. V\u00e1lvula de equilibrio<\/strong><br \/>\n<strong>10. Tuber\u00eda de aceite hidr\u00e1ulico<\/strong><\/p>\n<h1 style=\"text-align: center;\">F\u00c1CIL E INTELIGENTE DE USAR<\/h1>\n<p><img loading=\"lazy\" decoding=\"async\" class=\"aligncenter wp-image-6940\" src=\"https:\/\/ac-truck.com\/wp-content\/uploads\/2025\/12\/%E9%92%A9%E8%87%82%E5%9E%83%E5%9C%BE%E8%BD%A6%E8%AF%A6%E6%83%85%E9%A1%B5_11.webp\" sizes=\"(max-width: 1234px) 100vw, 1234px\" srcset=\"https:\/\/ac-truck.com\/wp-content\/uploads\/2025\/12\/\u94a9\u81c2\u5783\u573e\u8f66\u8be6\u60c5\u9875_11.webp 790w, https:\/\/ac-truck.com\/wp-content\/uploads\/2025\/12\/\u94a9\u81c2\u5783\u573e\u8f66\u8be6\u60c5\u9875_11-300x120.webp 300w, https:\/\/ac-truck.com\/wp-content\/uploads\/2025\/12\/\u94a9\u81c2\u5783\u573e\u8f66\u8be6\u60c5\u9875_11-768x306.webp 768w, https:\/\/ac-truck.com\/wp-content\/uploads\/2025\/12\/\u94a9\u81c2\u5783\u573e\u8f66\u8be6\u60c5\u9875_11-18x7.webp 18w, https:\/\/ac-truck.com\/wp-content\/uploads\/2025\/12\/\u94a9\u81c2\u5783\u573e\u8f66\u8be6\u60c5\u9875_11-600x239.webp 600w, https:\/\/ac-truck.com\/wp-content\/uploads\/2025\/12\/\u94a9\u81c2\u5783\u573e\u8f66\u8be6\u60c5\u9875_11-150x60.webp 150w\" alt=\"\" width=\"1234\" height=\"492\" \/><\/p>\n<p><strong>1. Control remoto: Permite el manejo por una sola persona a distancia.<\/strong><br \/>\n<strong>2. Palanca de accionamiento manual: Dise\u00f1ada con retorno autom\u00e1tico a la posici\u00f3n neutra y sistema de bloqueo de seguridad para garantizar un funcionamiento preciso y seguro.<\/strong><\/p>\n<h1 style=\"text-align: center;\">COINCIDENCIA DE CONTENEDORES<\/h1>\n<p><img loading=\"lazy\" decoding=\"async\" class=\"aligncenter wp-image-6941\" src=\"https:\/\/ac-truck.com\/wp-content\/uploads\/2025\/12\/%E9%92%A9%E8%87%82%E5%9E%83%E5%9C%BE%E8%BD%A6%E8%AF%A6%E6%83%85%E9%A1%B5_13.webp\" sizes=\"(max-width: 1234px) 100vw, 1234px\" srcset=\"https:\/\/ac-truck.com\/wp-content\/uploads\/2025\/12\/\u94a9\u81c2\u5783\u573e\u8f66\u8be6\u60c5\u9875_13.webp 790w, https:\/\/ac-truck.com\/wp-content\/uploads\/2025\/12\/\u94a9\u81c2\u5783\u573e\u8f66\u8be6\u60c5\u9875_13-268x300.webp 268w, https:\/\/ac-truck.com\/wp-content\/uploads\/2025\/12\/\u94a9\u81c2\u5783\u573e\u8f66\u8be6\u60c5\u9875_13-768x860.webp 768w, https:\/\/ac-truck.com\/wp-content\/uploads\/2025\/12\/\u94a9\u81c2\u5783\u573e\u8f66\u8be6\u60c5\u9875_13-11x12.webp 11w, https:\/\/ac-truck.com\/wp-content\/uploads\/2025\/12\/\u94a9\u81c2\u5783\u573e\u8f66\u8be6\u60c5\u9875_13-600x672.webp 600w, https:\/\/ac-truck.com\/wp-content\/uploads\/2025\/12\/\u94a9\u81c2\u5783\u573e\u8f66\u8be6\u60c5\u9875_13-150x168.webp 150w\" alt=\"\" width=\"1234\" height=\"1382\" \/><\/p>\n<p><strong>1. Cubo de basura dom\u00e9stico<\/strong><br \/>\n<strong>2. Estaci\u00f3n m\u00f3vil de residuos<\/strong><br \/>\n<strong>3. Contenedor de residuos de construcci\u00f3n<\/strong><br \/>\n<strong>4. Contenedor de basura para lodos<\/strong><br \/>\n<strong>5. Contenedor de basura cubierto con una lona.<\/strong><br \/>\n<strong>6. Ala \u2013 apertura del cubo de basura<\/strong><\/p>\n<h1 style=\"text-align: center;\">PROCESO DE PRODUCCI\u00d3N<\/h1>\n<p><img loading=\"lazy\" decoding=\"async\" class=\"aligncenter wp-image-6942\" src=\"https:\/\/ac-truck.com\/wp-content\/uploads\/2025\/12\/%E9%92%A9%E8%87%82%E5%9E%83%E5%9C%BE%E8%BD%A6%E8%AF%A6%E6%83%85%E9%A1%B5_15.webp\" sizes=\"(max-width: 1234px) 100vw, 1234px\" srcset=\"https:\/\/ac-truck.com\/wp-content\/uploads\/2025\/12\/\u94a9\u81c2\u5783\u573e\u8f66\u8be6\u60c5\u9875_15.webp 790w, https:\/\/ac-truck.com\/wp-content\/uploads\/2025\/12\/\u94a9\u81c2\u5783\u573e\u8f66\u8be6\u60c5\u9875_15-123x300.webp 123w, https:\/\/ac-truck.com\/wp-content\/uploads\/2025\/12\/\u94a9\u81c2\u5783\u573e\u8f66\u8be6\u60c5\u9875_15-418x1024.webp 418w, https:\/\/ac-truck.com\/wp-content\/uploads\/2025\/12\/\u94a9\u81c2\u5783\u573e\u8f66\u8be6\u60c5\u9875_15-768x1879.webp 768w, https:\/\/ac-truck.com\/wp-content\/uploads\/2025\/12\/\u94a9\u81c2\u5783\u573e\u8f66\u8be6\u60c5\u9875_15-628x1536.webp 628w, https:\/\/ac-truck.com\/wp-content\/uploads\/2025\/12\/\u94a9\u81c2\u5783\u573e\u8f66\u8be6\u60c5\u9875_15-5x12.webp 5w, https:\/\/ac-truck.com\/wp-content\/uploads\/2025\/12\/\u94a9\u81c2\u5783\u573e\u8f66\u8be6\u60c5\u9875_15-600x1468.webp 600w, https:\/\/ac-truck.com\/wp-content\/uploads\/2025\/12\/\u94a9\u81c2\u5783\u573e\u8f66\u8be6\u60c5\u9875_15-150x367.webp 150w\" alt=\"\" width=\"1234\" height=\"3019\" \/><img loading=\"lazy\" decoding=\"async\" class=\"aligncenter wp-image-6943\" src=\"https:\/\/ac-truck.com\/wp-content\/uploads\/2025\/12\/%E9%92%A9%E8%87%82%E5%9E%83%E5%9C%BE%E8%BD%A6%E8%AF%A6%E6%83%85%E9%A1%B5_16.webp\" sizes=\"(max-width: 1234px) 100vw, 1234px\" srcset=\"https:\/\/ac-truck.com\/wp-content\/uploads\/2025\/12\/\u94a9\u81c2\u5783\u573e\u8f66\u8be6\u60c5\u9875_16.webp 790w, https:\/\/ac-truck.com\/wp-content\/uploads\/2025\/12\/\u94a9\u81c2\u5783\u573e\u8f66\u8be6\u60c5\u9875_16-163x300.webp 163w, https:\/\/ac-truck.com\/wp-content\/uploads\/2025\/12\/\u94a9\u81c2\u5783\u573e\u8f66\u8be6\u60c5\u9875_16-556x1024.webp 556w, https:\/\/ac-truck.com\/wp-content\/uploads\/2025\/12\/\u94a9\u81c2\u5783\u573e\u8f66\u8be6\u60c5\u9875_16-768x1415.webp 768w, https:\/\/ac-truck.com\/wp-content\/uploads\/2025\/12\/\u94a9\u81c2\u5783\u573e\u8f66\u8be6\u60c5\u9875_16-7x12.webp 7w, https:\/\/ac-truck.com\/wp-content\/uploads\/2025\/12\/\u94a9\u81c2\u5783\u573e\u8f66\u8be6\u60c5\u9875_16-600x1106.webp 600w, https:\/\/ac-truck.com\/wp-content\/uploads\/2025\/12\/\u94a9\u81c2\u5783\u573e\u8f66\u8be6\u60c5\u9875_16-150x276.webp 150w\" alt=\"\" width=\"1234\" height=\"2274\" \/><\/p>\n<p><strong>1. Troquelado de producci\u00f3n<\/strong><br \/>\n<strong>2. Fabricaci\u00f3n de bastidores auxiliares<\/strong><br \/>\n<strong>3. Gancho \u2013 conjunto del cuerpo principal del brazo<\/strong><br \/>\n<strong>4. Montaje de componentes hidr\u00e1ulicos<\/strong><br \/>\n<strong>5. Instalaci\u00f3n del bastidor auxiliar<\/strong><br \/>\n<strong>6. Mecanismo de gancho y brazo y conjunto de cilindro.<\/strong><br \/>\n<strong>7. Finalizaci\u00f3n de la instalaci\u00f3n de la superestructura del veh\u00edculo.<\/strong><\/p>\n<h1 style=\"text-align: center;\">ESCENARIOS DE APLICACI\u00d3N<\/h1>\n<p><img loading=\"lazy\" decoding=\"async\" class=\"aligncenter wp-image-6944\" src=\"https:\/\/ac-truck.com\/wp-content\/uploads\/2025\/12\/%E9%92%A9%E8%87%82%E5%9E%83%E5%9C%BE%E8%BD%A6%E8%AF%A6%E6%83%85%E9%A1%B5_18.webp\" sizes=\"(max-width: 1234px) 100vw, 1234px\" srcset=\"https:\/\/ac-truck.com\/wp-content\/uploads\/2025\/12\/\u94a9\u81c2\u5783\u573e\u8f66\u8be6\u60c5\u9875_18.webp 790w, https:\/\/ac-truck.com\/wp-content\/uploads\/2025\/12\/\u94a9\u81c2\u5783\u573e\u8f66\u8be6\u60c5\u9875_18-156x300.webp 156w, https:\/\/ac-truck.com\/wp-content\/uploads\/2025\/12\/\u94a9\u81c2\u5783\u573e\u8f66\u8be6\u60c5\u9875_18-532x1024.webp 532w, https:\/\/ac-truck.com\/wp-content\/uploads\/2025\/12\/\u94a9\u81c2\u5783\u573e\u8f66\u8be6\u60c5\u9875_18-768x1478.webp 768w, https:\/\/ac-truck.com\/wp-content\/uploads\/2025\/12\/\u94a9\u81c2\u5783\u573e\u8f66\u8be6\u60c5\u9875_18-6x12.webp 6w, https:\/\/ac-truck.com\/wp-content\/uploads\/2025\/12\/\u94a9\u81c2\u5783\u573e\u8f66\u8be6\u60c5\u9875_18-600x1154.webp 600w, https:\/\/ac-truck.com\/wp-content\/uploads\/2025\/12\/\u94a9\u81c2\u5783\u573e\u8f66\u8be6\u60c5\u9875_18-150x289.webp 150w\" alt=\"\" width=\"1234\" height=\"2374\" \/><\/p>\n<h1 style=\"text-align: center;\">EMBALAJE Y TRANSPORTE<\/h1>\n<p><img loading=\"lazy\" decoding=\"async\" class=\"aligncenter wp-image-6945\" src=\"https:\/\/ac-truck.com\/wp-content\/uploads\/2025\/12\/%E9%92%A9%E8%87%82%E5%9E%83%E5%9C%BE%E8%BD%A6%E8%AF%A6%E6%83%85%E9%A1%B5_20.webp\" sizes=\"(max-width: 1234px) 100vw, 1234px\" srcset=\"https:\/\/ac-truck.com\/wp-content\/uploads\/2025\/12\/\u94a9\u81c2\u5783\u573e\u8f66\u8be6\u60c5\u9875_20.webp 790w, https:\/\/ac-truck.com\/wp-content\/uploads\/2025\/12\/\u94a9\u81c2\u5783\u573e\u8f66\u8be6\u60c5\u9875_20-168x300.webp 168w, https:\/\/ac-truck.com\/wp-content\/uploads\/2025\/12\/\u94a9\u81c2\u5783\u573e\u8f66\u8be6\u60c5\u9875_20-573x1024.webp 573w, https:\/\/ac-truck.com\/wp-content\/uploads\/2025\/12\/\u94a9\u81c2\u5783\u573e\u8f66\u8be6\u60c5\u9875_20-768x1373.webp 768w, https:\/\/ac-truck.com\/wp-content\/uploads\/2025\/12\/\u94a9\u81c2\u5783\u573e\u8f66\u8be6\u60c5\u9875_20-7x12.webp 7w, https:\/\/ac-truck.com\/wp-content\/uploads\/2025\/12\/\u94a9\u81c2\u5783\u573e\u8f66\u8be6\u60c5\u9875_20-600x1072.webp 600w, https:\/\/ac-truck.com\/wp-content\/uploads\/2025\/12\/\u94a9\u81c2\u5783\u573e\u8f66\u8be6\u60c5\u9875_20-150x268.webp 150w\" alt=\"\" width=\"1234\" height=\"2206\" \/><\/p>","protected":false},"excerpt":{"rendered":"<p>PRODUCT PARAMETERS 5m\u00b3 Hookloader Garbage Truck JMC &nbsp; project Descriptions \u00a0\u00a0\u00a0 Specifications General\u00a0 Overall dimensions(mm) 5515\u00d71980\u00d72190 curb weight(Kg) 3080 Loading<\/p>","protected":false},"featured_media":7033,"template":"","meta":[],"product_brand":[211],"product_cat":[192],"product_tag":[200,204,226,355],"class_list":{"0":"post-7030","1":"product","2":"type-product","3":"status-publish","4":"has-post-thumbnail","6":"product_brand-jmc","7":"product_cat-garbage-trucks","8":"product_tag-hookloader","9":"product_tag-skiploader","10":"product_tag-5m","11":"product_tag-hooklifts","13":"first","14":"instock","15":"shipping-taxable","16":"product-type-simple"},"_links":{"self":[{"href":"https:\/\/ac-truck.com\/es\/wp-json\/wp\/v2\/product\/7030","targetHints":{"allow":["GET"]}}],"collection":[{"href":"https:\/\/ac-truck.com\/es\/wp-json\/wp\/v2\/product"}],"about":[{"href":"https:\/\/ac-truck.com\/es\/wp-json\/wp\/v2\/types\/product"}],"version-history":[{"count":3,"href":"https:\/\/ac-truck.com\/es\/wp-json\/wp\/v2\/product\/7030\/revisions"}],"predecessor-version":[{"id":7914,"href":"https:\/\/ac-truck.com\/es\/wp-json\/wp\/v2\/product\/7030\/revisions\/7914"}],"wp:featuredmedia":[{"embeddable":true,"href":"https:\/\/ac-truck.com\/es\/wp-json\/wp\/v2\/media\/7033"}],"wp:attachment":[{"href":"https:\/\/ac-truck.com\/es\/wp-json\/wp\/v2\/media?parent=7030"}],"wp:term":[{"taxonomy":"product_brand","embeddable":true,"href":"https:\/\/ac-truck.com\/es\/wp-json\/wp\/v2\/product_brand?post=7030"},{"taxonomy":"product_cat","embeddable":true,"href":"https:\/\/ac-truck.com\/es\/wp-json\/wp\/v2\/product_cat?post=7030"},{"taxonomy":"product_tag","embeddable":true,"href":"https:\/\/ac-truck.com\/es\/wp-json\/wp\/v2\/product_tag?post=7030"}],"curies":[{"name":"wp","href":"https:\/\/api.w.org\/{rel}","templated":true}]}}