{"id":7142,"date":"2026-01-07T10:53:57","date_gmt":"2026-01-07T02:53:57","guid":{"rendered":"https:\/\/ac-truck.com\/?post_type=product&#038;p=7142"},"modified":"2026-01-07T10:53:57","modified_gmt":"2026-01-07T02:53:57","slug":"25t-heavy-towing-truck-howo","status":"publish","type":"product","link":"https:\/\/ac-truck.com\/es\/25t-heavy-towing-truck-howo.html","title":{"rendered":"Cami\u00f3n gr\u00faa de remolque pesado de 25 toneladas HOWO"},"content":{"rendered":"<p><img fetchpriority=\"high\" decoding=\"async\" class=\"aligncenter wp-image-7143\" src=\"https:\/\/ac-truck.com\/wp-content\/uploads\/2026\/01\/\u4ea7\u54c1\u6d77\u62a5_01-8.webp\" alt=\"\" width=\"1234\" height=\"1620\" srcset=\"https:\/\/ac-truck.com\/wp-content\/uploads\/2026\/01\/\u4ea7\u54c1\u6d77\u62a5_01-8.webp 790w, https:\/\/ac-truck.com\/wp-content\/uploads\/2026\/01\/\u4ea7\u54c1\u6d77\u62a5_01-8-229x300.webp 229w, https:\/\/ac-truck.com\/wp-content\/uploads\/2026\/01\/\u4ea7\u54c1\u6d77\u62a5_01-8-780x1024.webp 780w, https:\/\/ac-truck.com\/wp-content\/uploads\/2026\/01\/\u4ea7\u54c1\u6d77\u62a5_01-8-768x1008.webp 768w, https:\/\/ac-truck.com\/wp-content\/uploads\/2026\/01\/\u4ea7\u54c1\u6d77\u62a5_01-8-9x12.webp 9w, https:\/\/ac-truck.com\/wp-content\/uploads\/2026\/01\/\u4ea7\u54c1\u6d77\u62a5_01-8-600x788.webp 600w, https:\/\/ac-truck.com\/wp-content\/uploads\/2026\/01\/\u4ea7\u54c1\u6d77\u62a5_01-8-150x197.webp 150w\" sizes=\"(max-width: 1234px) 100vw, 1234px\" \/><\/p>\n<h1 style=\"text-align: center;\">PAR\u00c1METROS DEL PRODUCTO<\/h1>\n<p><img decoding=\"async\" class=\"aligncenter wp-image-7144\" src=\"https:\/\/ac-truck.com\/wp-content\/uploads\/2026\/01\/\u4ea7\u54c1\u6d77\u62a5_03-8.webp\" alt=\"\" width=\"1234\" height=\"476\" srcset=\"https:\/\/ac-truck.com\/wp-content\/uploads\/2026\/01\/\u4ea7\u54c1\u6d77\u62a5_03-8.webp 790w, https:\/\/ac-truck.com\/wp-content\/uploads\/2026\/01\/\u4ea7\u54c1\u6d77\u62a5_03-8-300x116.webp 300w, https:\/\/ac-truck.com\/wp-content\/uploads\/2026\/01\/\u4ea7\u54c1\u6d77\u62a5_03-8-768x297.webp 768w, https:\/\/ac-truck.com\/wp-content\/uploads\/2026\/01\/\u4ea7\u54c1\u6d77\u62a5_03-8-18x7.webp 18w, https:\/\/ac-truck.com\/wp-content\/uploads\/2026\/01\/\u4ea7\u54c1\u6d77\u62a5_03-8-600x232.webp 600w, https:\/\/ac-truck.com\/wp-content\/uploads\/2026\/01\/\u4ea7\u54c1\u6d77\u62a5_03-8-150x58.webp 150w\" sizes=\"(max-width: 1234px) 100vw, 1234px\" \/><\/p>\n<h2 style=\"text-align: center;\">Cami\u00f3n gr\u00faa de remolque pesado de 25 toneladas HOWO<\/h2>\n<table>\n<tbody>\n<tr>\n<td width=\"79\"><strong>proyecto<\/strong><\/td>\n<td colspan=\"2\" width=\"319\"><strong>Descripciones<\/strong><\/td>\n<td width=\"288\"><strong>Presupuesto<\/strong><\/td>\n<\/tr>\n<tr>\n<td rowspan=\"3\" width=\"79\"><strong>B\u00e1sico<\/strong><\/td>\n<td colspan=\"2\" width=\"319\"><strong>Dimensiones totales (mm)<\/strong><\/td>\n<td width=\"288\"><strong>11550\u00d72550\u00d73280<\/strong><\/td>\n<\/tr>\n<tr>\n<td colspan=\"2\" width=\"319\"><strong>peso en vac\u00edo (Kg)<\/strong><\/td>\n<td width=\"288\"><strong>24000<\/strong><\/td>\n<\/tr>\n<tr>\n<td colspan=\"2\" width=\"319\"><strong>Masa total (Kg)<\/strong><\/td>\n<td width=\"288\"><strong>44000<\/strong><\/td>\n<\/tr>\n<tr>\n<td rowspan=\"5\" width=\"79\"><strong>Cuerpo<\/strong><\/td>\n<td colspan=\"2\" width=\"319\"><strong>Capacidad m\u00e1xima de remolque (kg)<\/strong><\/td>\n<td width=\"288\"><strong>40000<\/strong><\/td>\n<\/tr>\n<tr>\n<td rowspan=\"2\" width=\"69\"><strong>Sistema de elevaci\u00f3n trasera<\/strong><\/td>\n<td width=\"250\"><strong>Capacidad m\u00e1xima de elevaci\u00f3n (kg)<\/strong><\/td>\n<td width=\"288\"><strong>25000<\/strong><\/td>\n<\/tr>\n<tr>\n<td width=\"250\"><strong>Capacidad m\u00e1xima de elevaci\u00f3n con el brazo completamente extendido (kg)<\/strong><\/td>\n<td width=\"288\"><strong>8800<\/strong><\/td>\n<\/tr>\n<tr>\n<td rowspan=\"2\" width=\"69\"><strong>Sistema de gr\u00faa<\/strong><\/td>\n<td width=\"250\"><strong>Capacidad m\u00e1xima de elevaci\u00f3n (kg)<\/strong><\/td>\n<td width=\"288\"><strong>20000<\/strong><\/td>\n<\/tr>\n<tr>\n<td width=\"250\"><strong>Altura m\u00e1xima de elevaci\u00f3n (mm)<\/strong><\/td>\n<td width=\"288\"><strong>6700<\/strong><\/td>\n<\/tr>\n<tr>\n<td rowspan=\"7\" width=\"79\"><strong>Chasis<\/strong><\/p>\n<p>&nbsp;<\/td>\n<td colspan=\"2\" width=\"319\"><strong>Marca del chasis<\/strong><\/td>\n<td width=\"288\"><strong>C\u00d3MO<\/strong><\/td>\n<\/tr>\n<tr>\n<td colspan=\"2\" width=\"319\"><strong>Formulario de unidad<\/strong><\/td>\n<td width=\"288\"><strong>8\u00d74<\/strong><\/td>\n<\/tr>\n<tr>\n<td colspan=\"2\" width=\"319\"><strong>Volante<\/strong><\/td>\n<td width=\"288\"><strong>Conducci\u00f3n con volante a la izquierda<\/strong><\/td>\n<\/tr>\n<tr>\n<td colspan=\"2\" width=\"319\"><strong>Marca y modelo del motor<\/strong><\/td>\n<td width=\"288\"><strong>Sinotruk\/MC11.40-60<\/strong><\/td>\n<\/tr>\n<tr>\n<td colspan=\"2\" width=\"319\"><strong>Potencia m\u00e1xima del motor (kW)<\/strong><\/td>\n<td width=\"288\"><strong>294<\/strong><\/td>\n<\/tr>\n<tr>\n<td colspan=\"2\" width=\"319\"><strong>Normas de emisi\u00f3n<\/strong><\/td>\n<td width=\"288\"><strong>Euro 5<\/strong><\/td>\n<\/tr>\n<tr>\n<td colspan=\"2\" width=\"319\"><strong>Caja de cambios<\/strong><\/td>\n<td width=\"288\"><strong>HOWO10-speed manual<\/strong><\/td>\n<\/tr>\n<\/tbody>\n<\/table>\n<h1 style=\"text-align: center;\">VENTAJAS DEL VEH\u00cdCULO<\/h1>\n<h5 style=\"text-align: center;\">CAPACIDAD DE REMOLQUE PARA TODOS LOS TONELAJES<\/h5>\n<p><img decoding=\"async\" class=\"aligncenter wp-image-7057\" src=\"https:\/\/ac-truck.com\/wp-content\/uploads\/2026\/01\/%E9%87%8D%E5%9E%8B%E6%B8%85%E9%9A%9C%E8%BD%A6%E8%AF%A6%E6%83%85%E9%A1%B5_05.webp\" sizes=\"(max-width: 1234px) 100vw, 1234px\" srcset=\"https:\/\/ac-truck.com\/wp-content\/uploads\/2026\/01\/\u91cd\u578b\u6e05\u969c\u8f66\u8be6\u60c5\u9875_05.webp 790w, https:\/\/ac-truck.com\/wp-content\/uploads\/2026\/01\/\u91cd\u578b\u6e05\u969c\u8f66\u8be6\u60c5\u9875_05-216x300.webp 216w, https:\/\/ac-truck.com\/wp-content\/uploads\/2026\/01\/\u91cd\u578b\u6e05\u969c\u8f66\u8be6\u60c5\u9875_05-737x1024.webp 737w, https:\/\/ac-truck.com\/wp-content\/uploads\/2026\/01\/\u91cd\u578b\u6e05\u969c\u8f66\u8be6\u60c5\u9875_05-768x1067.webp 768w, https:\/\/ac-truck.com\/wp-content\/uploads\/2026\/01\/\u91cd\u578b\u6e05\u969c\u8f66\u8be6\u60c5\u9875_05-9x12.webp 9w, https:\/\/ac-truck.com\/wp-content\/uploads\/2026\/01\/\u91cd\u578b\u6e05\u969c\u8f66\u8be6\u60c5\u9875_05-600x834.webp 600w, https:\/\/ac-truck.com\/wp-content\/uploads\/2026\/01\/\u91cd\u578b\u6e05\u969c\u8f66\u8be6\u60c5\u9875_05-150x208.webp 150w\" alt=\"\" width=\"1234\" height=\"1715\" \/><img loading=\"lazy\" decoding=\"async\" class=\"aligncenter wp-image-7058\" src=\"https:\/\/ac-truck.com\/wp-content\/uploads\/2026\/01\/%E9%87%8D%E5%9E%8B%E6%B8%85%E9%9A%9C%E8%BD%A6%E8%AF%A6%E6%83%85%E9%A1%B5_06.webp\" sizes=\"(max-width: 1234px) 100vw, 1234px\" srcset=\"https:\/\/ac-truck.com\/wp-content\/uploads\/2026\/01\/\u91cd\u578b\u6e05\u969c\u8f66\u8be6\u60c5\u9875_06.webp 790w, https:\/\/ac-truck.com\/wp-content\/uploads\/2026\/01\/\u91cd\u578b\u6e05\u969c\u8f66\u8be6\u60c5\u9875_06-124x300.webp 124w, https:\/\/ac-truck.com\/wp-content\/uploads\/2026\/01\/\u91cd\u578b\u6e05\u969c\u8f66\u8be6\u60c5\u9875_06-423x1024.webp 423w, https:\/\/ac-truck.com\/wp-content\/uploads\/2026\/01\/\u91cd\u578b\u6e05\u969c\u8f66\u8be6\u60c5\u9875_06-768x1861.webp 768w, https:\/\/ac-truck.com\/wp-content\/uploads\/2026\/01\/\u91cd\u578b\u6e05\u969c\u8f66\u8be6\u60c5\u9875_06-634x1536.webp 634w, https:\/\/ac-truck.com\/wp-content\/uploads\/2026\/01\/\u91cd\u578b\u6e05\u969c\u8f66\u8be6\u60c5\u9875_06-5x12.webp 5w, https:\/\/ac-truck.com\/wp-content\/uploads\/2026\/01\/\u91cd\u578b\u6e05\u969c\u8f66\u8be6\u60c5\u9875_06-600x1454.webp 600w, https:\/\/ac-truck.com\/wp-content\/uploads\/2026\/01\/\u91cd\u578b\u6e05\u969c\u8f66\u8be6\u60c5\u9875_06-150x363.webp 150w\" alt=\"\" width=\"1234\" height=\"2990\" \/><\/p>\n<p>1. Brazos telesc\u00f3picos principal y auxiliar: No se deforman ni se doblan bajo cargas pesadas. Gracias a su dise\u00f1o telesc\u00f3pico de m\u00faltiples secciones, ofrecen un radio de operaci\u00f3n m\u00e1s amplio, lo que les permite afrontar situaciones como vuelcos de veh\u00edculos pesados, ca\u00eddas en zanjas y remolque a larga distancia. Proporcionan soporte directo.<br \/>\n2. Brazo de soporte trasero de alta capacidad de carga: Est\u00e1 forjado integralmente con mayor grosor y anchura. Permite el telescopaje de m\u00faltiples etapas y la inclinaci\u00f3n en m\u00faltiples \u00e1ngulos (0-90\u00b0), y es adecuado para veh\u00edculos pesados \u200b\u200bcon diferentes distancias entre ejes y diversas posiciones de aver\u00eda (ruedas bloqueadas, vuelco, eje roto). Permite el levantamiento y transporte completo del veh\u00edculo.<br \/>\n3. Cabrestante hidr\u00e1ulico de gran tonelaje: Utiliza cables de acero de alta resistencia y resistentes al desgaste. Incorpora funci\u00f3n de freno con autobloqueo y descenso lento. No se desliza ni retrocede durante el remolque de cargas pesadas y es adecuado para condiciones de trabajo extremas, como el remolque de emergencia de veh\u00edculos pesados.<\/p>\n<h1 style=\"text-align: center;\">N\u00daCLEO DE APOYO A LA SEGURIDAD<\/h1>\n<p><img loading=\"lazy\" decoding=\"async\" class=\"aligncenter wp-image-7059\" src=\"https:\/\/ac-truck.com\/wp-content\/uploads\/2026\/01\/%E9%87%8D%E5%9E%8B%E6%B8%85%E9%9A%9C%E8%BD%A6%E8%AF%A6%E6%83%85%E9%A1%B5_08.webp\" sizes=\"(max-width: 1234px) 100vw, 1234px\" srcset=\"https:\/\/ac-truck.com\/wp-content\/uploads\/2026\/01\/\u91cd\u578b\u6e05\u969c\u8f66\u8be6\u60c5\u9875_08.webp 790w, https:\/\/ac-truck.com\/wp-content\/uploads\/2026\/01\/\u91cd\u578b\u6e05\u969c\u8f66\u8be6\u60c5\u9875_08-97x300.webp 97w, https:\/\/ac-truck.com\/wp-content\/uploads\/2026\/01\/\u91cd\u578b\u6e05\u969c\u8f66\u8be6\u60c5\u9875_08-768x2365.webp 768w, https:\/\/ac-truck.com\/wp-content\/uploads\/2026\/01\/\u91cd\u578b\u6e05\u969c\u8f66\u8be6\u60c5\u9875_08-499x1536.webp 499w, https:\/\/ac-truck.com\/wp-content\/uploads\/2026\/01\/\u91cd\u578b\u6e05\u969c\u8f66\u8be6\u60c5\u9875_08-665x2048.webp 665w, https:\/\/ac-truck.com\/wp-content\/uploads\/2026\/01\/\u91cd\u578b\u6e05\u969c\u8f66\u8be6\u60c5\u9875_08-4x12.webp 4w, https:\/\/ac-truck.com\/wp-content\/uploads\/2026\/01\/\u91cd\u578b\u6e05\u969c\u8f66\u8be6\u60c5\u9875_08-600x1848.webp 600w, https:\/\/ac-truck.com\/wp-content\/uploads\/2026\/01\/\u91cd\u578b\u6e05\u969c\u8f66\u8be6\u60c5\u9875_08-150x462.webp 150w\" alt=\"\" width=\"1234\" height=\"3800\" \/><\/p>\n<p>1. Chasis especial de alta resistencia<br \/>\n2. Estabilizadores hidr\u00e1ulicos delanteros y traseros.<br \/>\n3. Resistente: soporte hidr\u00e1ulico para el estabilizador delantero.<br \/>\n4. Estabilizador trasero hidr\u00e1ulico de gran resistencia.<\/p>\n<h1 style=\"text-align: center;\">SISTEMA HIDR\u00c1ULICO PRINCIPAL<\/h1>\n<p><img loading=\"lazy\" decoding=\"async\" class=\"aligncenter wp-image-7060\" src=\"https:\/\/ac-truck.com\/wp-content\/uploads\/2026\/01\/%E9%87%8D%E5%9E%8B%E6%B8%85%E9%9A%9C%E8%BD%A6%E8%AF%A6%E6%83%85%E9%A1%B5_10.webp\" sizes=\"(max-width: 1234px) 100vw, 1234px\" srcset=\"https:\/\/ac-truck.com\/wp-content\/uploads\/2026\/01\/\u91cd\u578b\u6e05\u969c\u8f66\u8be6\u60c5\u9875_10.webp 790w, https:\/\/ac-truck.com\/wp-content\/uploads\/2026\/01\/\u91cd\u578b\u6e05\u969c\u8f66\u8be6\u60c5\u9875_10-123x300.webp 123w, https:\/\/ac-truck.com\/wp-content\/uploads\/2026\/01\/\u91cd\u578b\u6e05\u969c\u8f66\u8be6\u60c5\u9875_10-420x1024.webp 420w, https:\/\/ac-truck.com\/wp-content\/uploads\/2026\/01\/\u91cd\u578b\u6e05\u969c\u8f66\u8be6\u60c5\u9875_10-768x1874.webp 768w, https:\/\/ac-truck.com\/wp-content\/uploads\/2026\/01\/\u91cd\u578b\u6e05\u969c\u8f66\u8be6\u60c5\u9875_10-629x1536.webp 629w, https:\/\/ac-truck.com\/wp-content\/uploads\/2026\/01\/\u91cd\u578b\u6e05\u969c\u8f66\u8be6\u60c5\u9875_10-5x12.webp 5w, https:\/\/ac-truck.com\/wp-content\/uploads\/2026\/01\/\u91cd\u578b\u6e05\u969c\u8f66\u8be6\u60c5\u9875_10-600x1464.webp 600w, https:\/\/ac-truck.com\/wp-content\/uploads\/2026\/01\/\u91cd\u578b\u6e05\u969c\u8f66\u8be6\u60c5\u9875_10-150x366.webp 150w\" alt=\"\" width=\"1234\" height=\"3012\" \/><\/p>\n<p>1. Dep\u00f3sito de aceite hidr\u00e1ulico de gran capacidad.<br \/>\n2. Tuber\u00eda sellada de alta presi\u00f3n<br \/>\n3. V\u00e1lvula inversora multidireccional de alta presi\u00f3n<br \/>\n4. Cilindro hidr\u00e1ulico con gran di\u00e1metro de orificio.<br \/>\n5. Cilindro hidr\u00e1ulico del brazo de soporte trasero.<br \/>\n6. Motor rotativo hidr\u00e1ulico<\/p>\n<h1 style=\"text-align: center;\">HERRAMIENTAS DE USO ESPECIAL<\/h1>\n<p><img loading=\"lazy\" decoding=\"async\" class=\"aligncenter wp-image-7061\" src=\"https:\/\/ac-truck.com\/wp-content\/uploads\/2026\/01\/%E9%87%8D%E5%9E%8B%E6%B8%85%E9%9A%9C%E8%BD%A6%E8%AF%A6%E6%83%85%E9%A1%B5_12.webp\" sizes=\"(max-width: 1234px) 100vw, 1234px\" srcset=\"https:\/\/ac-truck.com\/wp-content\/uploads\/2026\/01\/\u91cd\u578b\u6e05\u969c\u8f66\u8be6\u60c5\u9875_12.webp 790w, https:\/\/ac-truck.com\/wp-content\/uploads\/2026\/01\/\u91cd\u578b\u6e05\u969c\u8f66\u8be6\u60c5\u9875_12-300x164.webp 300w, https:\/\/ac-truck.com\/wp-content\/uploads\/2026\/01\/\u91cd\u578b\u6e05\u969c\u8f66\u8be6\u60c5\u9875_12-768x420.webp 768w, https:\/\/ac-truck.com\/wp-content\/uploads\/2026\/01\/\u91cd\u578b\u6e05\u969c\u8f66\u8be6\u60c5\u9875_12-18x10.webp 18w, https:\/\/ac-truck.com\/wp-content\/uploads\/2026\/01\/\u91cd\u578b\u6e05\u969c\u8f66\u8be6\u60c5\u9875_12-600x328.webp 600w, https:\/\/ac-truck.com\/wp-content\/uploads\/2026\/01\/\u91cd\u578b\u6e05\u969c\u8f66\u8be6\u60c5\u9875_12-150x82.webp 150w\" alt=\"\" width=\"1234\" height=\"675\" \/><\/p>\n<h1 style=\"text-align: center;\">PROCESO DE PRODUCCI\u00d3N<\/h1>\n<p><img loading=\"lazy\" decoding=\"async\" class=\"aligncenter wp-image-7062\" src=\"https:\/\/ac-truck.com\/wp-content\/uploads\/2026\/01\/%E9%87%8D%E5%9E%8B%E6%B8%85%E9%9A%9C%E8%BD%A6%E8%AF%A6%E6%83%85%E9%A1%B5_14-scaled.webp\" sizes=\"(max-width: 1234px) 100vw, 1234px\" srcset=\"https:\/\/ac-truck.com\/wp-content\/uploads\/2026\/01\/\u91cd\u578b\u6e05\u969c\u8f66\u8be6\u60c5\u9875_14-scaled.webp 750w, https:\/\/ac-truck.com\/wp-content\/uploads\/2026\/01\/\u91cd\u578b\u6e05\u969c\u8f66\u8be6\u60c5\u9875_14-88x300.webp 88w, https:\/\/ac-truck.com\/wp-content\/uploads\/2026\/01\/\u91cd\u578b\u6e05\u969c\u8f66\u8be6\u60c5\u9875_14-300x1024.webp 300w, https:\/\/ac-truck.com\/wp-content\/uploads\/2026\/01\/\u91cd\u578b\u6e05\u969c\u8f66\u8be6\u60c5\u9875_14-768x2620.webp 768w, https:\/\/ac-truck.com\/wp-content\/uploads\/2026\/01\/\u91cd\u578b\u6e05\u969c\u8f66\u8be6\u60c5\u9875_14-450x1536.webp 450w, https:\/\/ac-truck.com\/wp-content\/uploads\/2026\/01\/\u91cd\u578b\u6e05\u969c\u8f66\u8be6\u60c5\u9875_14-600x2047.webp 600w, https:\/\/ac-truck.com\/wp-content\/uploads\/2026\/01\/\u91cd\u578b\u6e05\u969c\u8f66\u8be6\u60c5\u9875_14-150x512.webp 150w\" alt=\"\" width=\"1234\" height=\"4212\" \/><\/p>\n<p>1. Los componentes estructurales se tratan con pintura electrofor\u00e9tica.<br \/>\n2. El carro, los brazos principal y auxiliar se preensamblan despu\u00e9s de la electroforesis.<br \/>\n3. El carro, los brazos principales y los brazos auxiliares se ensamblan despu\u00e9s del proceso de pintado al horno.<br \/>\n4. Instale los accesorios y los elementos de control.<br \/>\n5. El montaje general del veh\u00edculo est\u00e1 completado.<\/p>\n<h1 style=\"text-align: center;\">ESCENARIOS DE APLICACI\u00d3N<\/h1>\n<p><img loading=\"lazy\" decoding=\"async\" class=\"aligncenter wp-image-7063\" src=\"https:\/\/ac-truck.com\/wp-content\/uploads\/2026\/01\/%E9%87%8D%E5%9E%8B%E6%B8%85%E9%9A%9C%E8%BD%A6%E8%AF%A6%E6%83%85%E9%A1%B5_16.webp\" sizes=\"(max-width: 1234px) 100vw, 1234px\" srcset=\"https:\/\/ac-truck.com\/wp-content\/uploads\/2026\/01\/\u91cd\u578b\u6e05\u969c\u8f66\u8be6\u60c5\u9875_16.webp 790w, https:\/\/ac-truck.com\/wp-content\/uploads\/2026\/01\/\u91cd\u578b\u6e05\u969c\u8f66\u8be6\u60c5\u9875_16-156x300.webp 156w, https:\/\/ac-truck.com\/wp-content\/uploads\/2026\/01\/\u91cd\u578b\u6e05\u969c\u8f66\u8be6\u60c5\u9875_16-534x1024.webp 534w, https:\/\/ac-truck.com\/wp-content\/uploads\/2026\/01\/\u91cd\u578b\u6e05\u969c\u8f66\u8be6\u60c5\u9875_16-768x1474.webp 768w, https:\/\/ac-truck.com\/wp-content\/uploads\/2026\/01\/\u91cd\u578b\u6e05\u969c\u8f66\u8be6\u60c5\u9875_16-6x12.webp 6w, https:\/\/ac-truck.com\/wp-content\/uploads\/2026\/01\/\u91cd\u578b\u6e05\u969c\u8f66\u8be6\u60c5\u9875_16-600x1151.webp 600w, https:\/\/ac-truck.com\/wp-content\/uploads\/2026\/01\/\u91cd\u578b\u6e05\u969c\u8f66\u8be6\u60c5\u9875_16-150x288.webp 150w\" alt=\"\" width=\"1234\" height=\"2368\" \/><\/p>\n<h1 style=\"text-align: center;\">EMBALAJE Y TRANSPORTE<\/h1>\n<p><img loading=\"lazy\" decoding=\"async\" class=\"aligncenter wp-image-7064\" src=\"https:\/\/ac-truck.com\/wp-content\/uploads\/2026\/01\/%E9%87%8D%E5%9E%8B%E6%B8%85%E9%9A%9C%E8%BD%A6%E8%AF%A6%E6%83%85%E9%A1%B5_18.webp\" sizes=\"(max-width: 1234px) 100vw, 1234px\" srcset=\"https:\/\/ac-truck.com\/wp-content\/uploads\/2026\/01\/\u91cd\u578b\u6e05\u969c\u8f66\u8be6\u60c5\u9875_18.webp 790w, https:\/\/ac-truck.com\/wp-content\/uploads\/2026\/01\/\u91cd\u578b\u6e05\u969c\u8f66\u8be6\u60c5\u9875_18-143x300.webp 143w, https:\/\/ac-truck.com\/wp-content\/uploads\/2026\/01\/\u91cd\u578b\u6e05\u969c\u8f66\u8be6\u60c5\u9875_18-486x1024.webp 486w, https:\/\/ac-truck.com\/wp-content\/uploads\/2026\/01\/\u91cd\u578b\u6e05\u969c\u8f66\u8be6\u60c5\u9875_18-768x1617.webp 768w, https:\/\/ac-truck.com\/wp-content\/uploads\/2026\/01\/\u91cd\u578b\u6e05\u969c\u8f66\u8be6\u60c5\u9875_18-730x1536.webp 730w, https:\/\/ac-truck.com\/wp-content\/uploads\/2026\/01\/\u91cd\u578b\u6e05\u969c\u8f66\u8be6\u60c5\u9875_18-6x12.webp 6w, https:\/\/ac-truck.com\/wp-content\/uploads\/2026\/01\/\u91cd\u578b\u6e05\u969c\u8f66\u8be6\u60c5\u9875_18-600x1263.webp 600w, https:\/\/ac-truck.com\/wp-content\/uploads\/2026\/01\/\u91cd\u578b\u6e05\u969c\u8f66\u8be6\u60c5\u9875_18-150x316.webp 150w\" alt=\"\" width=\"1234\" height=\"2598\" \/><\/p>","protected":false},"excerpt":{"rendered":"<p>PRODUCT PARAMETERS 25T Heavy Towing Truck HOWO project Descriptions Specifications Basic Overall dimensions(mm) 11550\u00d72550\u00d73280 curb weight(Kg) 24000 Total mass(Kg) 44000<\/p>","protected":false},"featured_media":7145,"template":"","meta":[],"product_brand":[217,220],"product_cat":[174],"product_tag":[239,360,361],"class_list":{"0":"post-7142","1":"product","2":"type-product","3":"status-publish","4":"has-post-thumbnail","6":"product_brand-sinotruk","7":"product_brand-howo","8":"product_cat-tow-trucks","9":"product_tag-25-tons","10":"product_tag-heavy-towing-truck","11":"product_tag-towing-truck","13":"first","14":"instock","15":"shipping-taxable","16":"product-type-simple"},"_links":{"self":[{"href":"https:\/\/ac-truck.com\/es\/wp-json\/wp\/v2\/product\/7142","targetHints":{"allow":["GET"]}}],"collection":[{"href":"https:\/\/ac-truck.com\/es\/wp-json\/wp\/v2\/product"}],"about":[{"href":"https:\/\/ac-truck.com\/es\/wp-json\/wp\/v2\/types\/product"}],"version-history":[{"count":1,"href":"https:\/\/ac-truck.com\/es\/wp-json\/wp\/v2\/product\/7142\/revisions"}],"predecessor-version":[{"id":7151,"href":"https:\/\/ac-truck.com\/es\/wp-json\/wp\/v2\/product\/7142\/revisions\/7151"}],"wp:featuredmedia":[{"embeddable":true,"href":"https:\/\/ac-truck.com\/es\/wp-json\/wp\/v2\/media\/7145"}],"wp:attachment":[{"href":"https:\/\/ac-truck.com\/es\/wp-json\/wp\/v2\/media?parent=7142"}],"wp:term":[{"taxonomy":"product_brand","embeddable":true,"href":"https:\/\/ac-truck.com\/es\/wp-json\/wp\/v2\/product_brand?post=7142"},{"taxonomy":"product_cat","embeddable":true,"href":"https:\/\/ac-truck.com\/es\/wp-json\/wp\/v2\/product_cat?post=7142"},{"taxonomy":"product_tag","embeddable":true,"href":"https:\/\/ac-truck.com\/es\/wp-json\/wp\/v2\/product_tag?post=7142"}],"curies":[{"name":"wp","href":"https:\/\/api.w.org\/{rel}","templated":true}]}}