{"id":7184,"date":"2026-01-07T16:06:12","date_gmt":"2026-01-07T08:06:12","guid":{"rendered":"https:\/\/ac-truck.com\/?post_type=product&#038;p=7184"},"modified":"2026-01-07T16:06:12","modified_gmt":"2026-01-07T08:06:12","slug":"4-2m-chick-delivery-truck-isuzu","status":"publish","type":"product","link":"https:\/\/ac-truck.com\/es\/4-2m-chick-delivery-truck-isuzu.html","title":{"rendered":"Cami\u00f3n de reparto de pollitos de 4,2 m ISUZU"},"content":{"rendered":"<p><img fetchpriority=\"high\" decoding=\"async\" class=\"aligncenter wp-image-7185\" src=\"https:\/\/ac-truck.com\/wp-content\/uploads\/2026\/01\/1\u4ea7\u54c1\u6d77\u62a5_01.webp\" alt=\"\" width=\"1234\" height=\"1617\" srcset=\"https:\/\/ac-truck.com\/wp-content\/uploads\/2026\/01\/1\u4ea7\u54c1\u6d77\u62a5_01.webp 790w, https:\/\/ac-truck.com\/wp-content\/uploads\/2026\/01\/1\u4ea7\u54c1\u6d77\u62a5_01-229x300.webp 229w, https:\/\/ac-truck.com\/wp-content\/uploads\/2026\/01\/1\u4ea7\u54c1\u6d77\u62a5_01-782x1024.webp 782w, https:\/\/ac-truck.com\/wp-content\/uploads\/2026\/01\/1\u4ea7\u54c1\u6d77\u62a5_01-768x1006.webp 768w, https:\/\/ac-truck.com\/wp-content\/uploads\/2026\/01\/1\u4ea7\u54c1\u6d77\u62a5_01-9x12.webp 9w, https:\/\/ac-truck.com\/wp-content\/uploads\/2026\/01\/1\u4ea7\u54c1\u6d77\u62a5_01-600x786.webp 600w, https:\/\/ac-truck.com\/wp-content\/uploads\/2026\/01\/1\u4ea7\u54c1\u6d77\u62a5_01-150x197.webp 150w\" sizes=\"(max-width: 1234px) 100vw, 1234px\" \/><\/p>\n<h1 style=\"text-align: center;\">PAR\u00c1METROS DEL PRODUCTO<\/h1>\n<p><img decoding=\"async\" class=\"aligncenter wp-image-7186\" src=\"https:\/\/ac-truck.com\/wp-content\/uploads\/2026\/01\/1\u4ea7\u54c1\u6d77\u62a5_03.webp\" alt=\"\" width=\"1234\" height=\"489\" srcset=\"https:\/\/ac-truck.com\/wp-content\/uploads\/2026\/01\/1\u4ea7\u54c1\u6d77\u62a5_03.webp 790w, https:\/\/ac-truck.com\/wp-content\/uploads\/2026\/01\/1\u4ea7\u54c1\u6d77\u62a5_03-300x119.webp 300w, https:\/\/ac-truck.com\/wp-content\/uploads\/2026\/01\/1\u4ea7\u54c1\u6d77\u62a5_03-768x304.webp 768w, https:\/\/ac-truck.com\/wp-content\/uploads\/2026\/01\/1\u4ea7\u54c1\u6d77\u62a5_03-18x7.webp 18w, https:\/\/ac-truck.com\/wp-content\/uploads\/2026\/01\/1\u4ea7\u54c1\u6d77\u62a5_03-600x238.webp 600w, https:\/\/ac-truck.com\/wp-content\/uploads\/2026\/01\/1\u4ea7\u54c1\u6d77\u62a5_03-150x59.webp 150w\" sizes=\"(max-width: 1234px) 100vw, 1234px\" \/><\/p>\n<h2 style=\"text-align: center;\">Cami\u00f3n de reparto de pollitos de 4,2 m ISUZU<\/h2>\n<table>\n<tbody>\n<tr>\n<td width=\"114\"><strong> proyecto<\/strong><\/td>\n<td width=\"290\"><strong>Descripciones<\/strong><\/td>\n<td width=\"295\"><strong>Presupuesto<\/strong><\/td>\n<\/tr>\n<tr>\n<td rowspan=\"4\" width=\"114\"><strong>General<\/strong><\/td>\n<td width=\"290\"><strong>Dimensiones totales (mm)<\/strong><\/td>\n<td width=\"295\"><strong>5995*2270*3400<\/strong><\/td>\n<\/tr>\n<tr>\n<td width=\"290\"><strong>peso en vac\u00edo (Kg)<\/strong><\/td>\n<td width=\"295\"><strong>3210<\/strong><\/td>\n<\/tr>\n<tr>\n<td width=\"290\"><strong>Capacidad de carga (Kg)<\/strong><\/td>\n<td width=\"295\"><strong>4260<\/strong><\/td>\n<\/tr>\n<tr>\n<td width=\"290\"><strong>Masa total (Kg)<\/strong><\/td>\n<td width=\"295\"><strong>7600<\/strong><\/td>\n<\/tr>\n<tr>\n<td rowspan=\"2\" width=\"114\"><strong>Caja refrigerada<\/strong><\/td>\n<td width=\"290\"><strong>Tama\u00f1o de la caja de carga (mm)<\/strong><\/td>\n<td width=\"295\"><strong>4125*2100*2200<\/strong><\/td>\n<\/tr>\n<tr>\n<td width=\"290\"><strong>Volumen de la caja (m\u00b3)<\/strong><\/td>\n<td width=\"295\"><strong>19<\/strong><\/td>\n<\/tr>\n<tr>\n<td width=\"114\"><strong>Unidad de refrigeraci\u00f3n<\/strong><\/td>\n<td width=\"290\"><strong>Marca de refrigerador<\/strong><\/td>\n<td width=\"295\"><strong>Unidades Thermo King<\/strong><\/td>\n<\/tr>\n<tr>\n<td rowspan=\"7\" width=\"114\"><strong>Chasis<\/strong><\/p>\n<p>&nbsp;<\/td>\n<td width=\"290\"><strong>Marca del chasis<\/strong><\/td>\n<td width=\"295\"><strong>SITRAK<\/strong><\/td>\n<\/tr>\n<tr>\n<td width=\"290\"><strong>Formulario de conductor<\/strong><\/td>\n<td width=\"295\"><strong>4*2<\/strong><\/td>\n<\/tr>\n<tr>\n<td width=\"290\"><strong>Volante<\/strong><\/td>\n<td width=\"295\"><strong>Conducci\u00f3n con volante a la derecha<\/strong><\/td>\n<\/tr>\n<tr>\n<td width=\"290\"><strong>Marca y modelo del motor<\/strong><\/td>\n<td width=\"295\"><strong>4KK1N6LB<\/strong><\/td>\n<\/tr>\n<tr>\n<td width=\"290\"><strong>Potencia m\u00e1xima del motor (kW)<\/strong><\/td>\n<td width=\"295\"><strong>88<\/strong><\/td>\n<\/tr>\n<tr>\n<td width=\"290\"><strong>Normas de emisi\u00f3n<\/strong><\/td>\n<td width=\"295\"><strong>Euro 3<\/strong><\/td>\n<\/tr>\n<tr>\n<td width=\"290\"><strong>Caja de cambios<\/strong><\/td>\n<td width=\"295\"><strong>5-speed automatic<\/strong><\/td>\n<\/tr>\n<\/tbody>\n<\/table>\n<h1 style=\"text-align: center;\">VENTAJAS DEL VEH\u00cdCULO<\/h1>\n<h2 style=\"text-align: center;\">EXPOSITOR DE CAJAS<\/h2>\n<p><img decoding=\"async\" class=\"aligncenter wp-image-7165\" src=\"https:\/\/ac-truck.com\/wp-content\/uploads\/2026\/01\/%E9%9B%8F%E7%A6%BD%E8%BF%90%E8%BE%93%E8%BD%A6%E8%AF%A6%E6%83%85%E9%A1%B5_05.webp\" sizes=\"(max-width: 1234px) 100vw, 1234px\" srcset=\"https:\/\/ac-truck.com\/wp-content\/uploads\/2026\/01\/\u96cf\u79bd\u8fd0\u8f93\u8f66\u8be6\u60c5\u9875_05.webp 790w, https:\/\/ac-truck.com\/wp-content\/uploads\/2026\/01\/\u96cf\u79bd\u8fd0\u8f93\u8f66\u8be6\u60c5\u9875_05-300x262.webp 300w, https:\/\/ac-truck.com\/wp-content\/uploads\/2026\/01\/\u96cf\u79bd\u8fd0\u8f93\u8f66\u8be6\u60c5\u9875_05-768x671.webp 768w, https:\/\/ac-truck.com\/wp-content\/uploads\/2026\/01\/\u96cf\u79bd\u8fd0\u8f93\u8f66\u8be6\u60c5\u9875_05-14x12.webp 14w, https:\/\/ac-truck.com\/wp-content\/uploads\/2026\/01\/\u96cf\u79bd\u8fd0\u8f93\u8f66\u8be6\u60c5\u9875_05-600x524.webp 600w, https:\/\/ac-truck.com\/wp-content\/uploads\/2026\/01\/\u96cf\u79bd\u8fd0\u8f93\u8f66\u8be6\u60c5\u9875_05-150x131.webp 150w\" alt=\"\" width=\"1234\" height=\"1078\" \/><\/p>\n<p>1. La pared est\u00e1 hecha de material aislante de poliuretano con una densidad de 42 kg\/m\u00b3, que es m\u00e1s grueso.<br \/>\n2. Est\u00e1 unido con adhesivo estructural y curado mediante un proceso de vac\u00edo para garantizar una mayor adherencia.<br \/>\n3. La puerta viene con juntas de goma integradas, que cumplen con los est\u00e1ndares de los frigor\u00edficos.<\/p>\n<h1 style=\"text-align: center;\">VISUALIZACI\u00d3N INTERNA DE LA CAJA<\/h1>\n<p><img loading=\"lazy\" decoding=\"async\" class=\"aligncenter wp-image-7166\" src=\"https:\/\/ac-truck.com\/wp-content\/uploads\/2026\/01\/%E9%9B%8F%E7%A6%BD%E8%BF%90%E8%BE%93%E8%BD%A6%E8%AF%A6%E6%83%85%E9%A1%B5_07.webp\" sizes=\"(max-width: 1234px) 100vw, 1234px\" srcset=\"https:\/\/ac-truck.com\/wp-content\/uploads\/2026\/01\/\u96cf\u79bd\u8fd0\u8f93\u8f66\u8be6\u60c5\u9875_07.webp 790w, https:\/\/ac-truck.com\/wp-content\/uploads\/2026\/01\/\u96cf\u79bd\u8fd0\u8f93\u8f66\u8be6\u60c5\u9875_07-188x300.webp 188w, https:\/\/ac-truck.com\/wp-content\/uploads\/2026\/01\/\u96cf\u79bd\u8fd0\u8f93\u8f66\u8be6\u60c5\u9875_07-641x1024.webp 641w, https:\/\/ac-truck.com\/wp-content\/uploads\/2026\/01\/\u96cf\u79bd\u8fd0\u8f93\u8f66\u8be6\u60c5\u9875_07-768x1227.webp 768w, https:\/\/ac-truck.com\/wp-content\/uploads\/2026\/01\/\u96cf\u79bd\u8fd0\u8f93\u8f66\u8be6\u60c5\u9875_07-8x12.webp 8w, https:\/\/ac-truck.com\/wp-content\/uploads\/2026\/01\/\u96cf\u79bd\u8fd0\u8f93\u8f66\u8be6\u60c5\u9875_07-600x958.webp 600w, https:\/\/ac-truck.com\/wp-content\/uploads\/2026\/01\/\u96cf\u79bd\u8fd0\u8f93\u8f66\u8be6\u60c5\u9875_07-150x240.webp 150w\" alt=\"\" width=\"1234\" height=\"1971\" \/><\/p>\n<p>Sistema de carga por capas: rieles gu\u00eda de aleaci\u00f3n de aluminio + separadores elevables, dise\u00f1ados para sujetar la mercanc\u00eda y facilitar la carga y descarga.<br \/>\nSuelo de pl\u00e1stico altamente resistente a la humedad y antideslizante.<\/p>\n<h1 style=\"text-align: center;\">SISTEMA DE VENTILACI\u00d3N<\/h1>\n<p><img loading=\"lazy\" decoding=\"async\" class=\"aligncenter wp-image-7167\" src=\"https:\/\/ac-truck.com\/wp-content\/uploads\/2026\/01\/%E9%9B%8F%E7%A6%BD%E8%BF%90%E8%BE%93%E8%BD%A6%E8%AF%A6%E6%83%85%E9%A1%B5_09.webp\" sizes=\"(max-width: 1234px) 100vw, 1234px\" srcset=\"https:\/\/ac-truck.com\/wp-content\/uploads\/2026\/01\/\u96cf\u79bd\u8fd0\u8f93\u8f66\u8be6\u60c5\u9875_09.webp 790w, https:\/\/ac-truck.com\/wp-content\/uploads\/2026\/01\/\u96cf\u79bd\u8fd0\u8f93\u8f66\u8be6\u60c5\u9875_09-184x300.webp 184w, https:\/\/ac-truck.com\/wp-content\/uploads\/2026\/01\/\u96cf\u79bd\u8fd0\u8f93\u8f66\u8be6\u60c5\u9875_09-629x1024.webp 629w, https:\/\/ac-truck.com\/wp-content\/uploads\/2026\/01\/\u96cf\u79bd\u8fd0\u8f93\u8f66\u8be6\u60c5\u9875_09-768x1251.webp 768w, https:\/\/ac-truck.com\/wp-content\/uploads\/2026\/01\/\u96cf\u79bd\u8fd0\u8f93\u8f66\u8be6\u60c5\u9875_09-7x12.webp 7w, https:\/\/ac-truck.com\/wp-content\/uploads\/2026\/01\/\u96cf\u79bd\u8fd0\u8f93\u8f66\u8be6\u60c5\u9875_09-600x977.webp 600w, https:\/\/ac-truck.com\/wp-content\/uploads\/2026\/01\/\u96cf\u79bd\u8fd0\u8f93\u8f66\u8be6\u60c5\u9875_09-150x244.webp 150w\" alt=\"\" width=\"1234\" height=\"2010\" \/><img loading=\"lazy\" decoding=\"async\" class=\"aligncenter wp-image-7168\" src=\"https:\/\/ac-truck.com\/wp-content\/uploads\/2026\/01\/%E9%9B%8F%E7%A6%BD%E8%BF%90%E8%BE%93%E8%BD%A6%E8%AF%A6%E6%83%85%E9%A1%B5_10.webp\" sizes=\"(max-width: 1234px) 100vw, 1234px\" srcset=\"https:\/\/ac-truck.com\/wp-content\/uploads\/2026\/01\/\u96cf\u79bd\u8fd0\u8f93\u8f66\u8be6\u60c5\u9875_10.webp 790w, https:\/\/ac-truck.com\/wp-content\/uploads\/2026\/01\/\u96cf\u79bd\u8fd0\u8f93\u8f66\u8be6\u60c5\u9875_10-235x300.webp 235w, https:\/\/ac-truck.com\/wp-content\/uploads\/2026\/01\/\u96cf\u79bd\u8fd0\u8f93\u8f66\u8be6\u60c5\u9875_10-768x982.webp 768w, https:\/\/ac-truck.com\/wp-content\/uploads\/2026\/01\/\u96cf\u79bd\u8fd0\u8f93\u8f66\u8be6\u60c5\u9875_10-9x12.webp 9w, https:\/\/ac-truck.com\/wp-content\/uploads\/2026\/01\/\u96cf\u79bd\u8fd0\u8f93\u8f66\u8be6\u60c5\u9875_10-600x767.webp 600w, https:\/\/ac-truck.com\/wp-content\/uploads\/2026\/01\/\u96cf\u79bd\u8fd0\u8f93\u8f66\u8be6\u60c5\u9875_10-150x192.webp 150w\" alt=\"\" width=\"1234\" height=\"1578\" \/><\/p>\n<p>Sistema de ventilaci\u00f3n: Equipado con deflectores de aire superiores, ventiladores silenciosos de alta velocidad de doble cara y una estructura de ventilaci\u00f3n tipo t\u00fanel frontal-trasera, que permite de 8 a 10 renovaciones de aire por hora para mantener el aire fresco en el interior y evitar la acumulaci\u00f3n de gases nocivos.<\/p>\n<h1 style=\"text-align: center;\">SISTEMA DE CONTROL DE TEMPERATURA<\/h1>\n<p><img loading=\"lazy\" decoding=\"async\" class=\"aligncenter wp-image-7169\" src=\"https:\/\/ac-truck.com\/wp-content\/uploads\/2026\/01\/%E9%9B%8F%E7%A6%BD%E8%BF%90%E8%BE%93%E8%BD%A6%E8%AF%A6%E6%83%85%E9%A1%B5_12.webp\" sizes=\"(max-width: 1234px) 100vw, 1234px\" srcset=\"https:\/\/ac-truck.com\/wp-content\/uploads\/2026\/01\/\u96cf\u79bd\u8fd0\u8f93\u8f66\u8be6\u60c5\u9875_12.webp 790w, https:\/\/ac-truck.com\/wp-content\/uploads\/2026\/01\/\u96cf\u79bd\u8fd0\u8f93\u8f66\u8be6\u60c5\u9875_12-300x121.webp 300w, https:\/\/ac-truck.com\/wp-content\/uploads\/2026\/01\/\u96cf\u79bd\u8fd0\u8f93\u8f66\u8be6\u60c5\u9875_12-768x309.webp 768w, https:\/\/ac-truck.com\/wp-content\/uploads\/2026\/01\/\u96cf\u79bd\u8fd0\u8f93\u8f66\u8be6\u60c5\u9875_12-18x7.webp 18w, https:\/\/ac-truck.com\/wp-content\/uploads\/2026\/01\/\u96cf\u79bd\u8fd0\u8f93\u8f66\u8be6\u60c5\u9875_12-600x242.webp 600w, https:\/\/ac-truck.com\/wp-content\/uploads\/2026\/01\/\u96cf\u79bd\u8fd0\u8f93\u8f66\u8be6\u60c5\u9875_12-150x60.webp 150w\" alt=\"\" width=\"1234\" height=\"497\" \/><\/p>\n<p>1. Radiador de gran capacidad fabricado con tubos de acero inoxidable.<br \/>\n2. Amortiguador de gas calentado<br \/>\nModo de calefacci\u00f3n: Alimentado por la recirculaci\u00f3n de los gases de escape del cami\u00f3n o por un quemador di\u00e9sel independiente.<\/p>\n<p><img loading=\"lazy\" decoding=\"async\" class=\"aligncenter wp-image-7170\" src=\"https:\/\/ac-truck.com\/wp-content\/uploads\/2026\/01\/%E9%9B%8F%E7%A6%BD%E8%BF%90%E8%BE%93%E8%BD%A6%E8%AF%A6%E6%83%85%E9%A1%B5_14.webp\" sizes=\"(max-width: 1234px) 100vw, 1234px\" srcset=\"https:\/\/ac-truck.com\/wp-content\/uploads\/2026\/01\/\u96cf\u79bd\u8fd0\u8f93\u8f66\u8be6\u60c5\u9875_14.webp 790w, https:\/\/ac-truck.com\/wp-content\/uploads\/2026\/01\/\u96cf\u79bd\u8fd0\u8f93\u8f66\u8be6\u60c5\u9875_14-300x226.webp 300w, https:\/\/ac-truck.com\/wp-content\/uploads\/2026\/01\/\u96cf\u79bd\u8fd0\u8f93\u8f66\u8be6\u60c5\u9875_14-768x579.webp 768w, https:\/\/ac-truck.com\/wp-content\/uploads\/2026\/01\/\u96cf\u79bd\u8fd0\u8f93\u8f66\u8be6\u60c5\u9875_14-16x12.webp 16w, https:\/\/ac-truck.com\/wp-content\/uploads\/2026\/01\/\u96cf\u79bd\u8fd0\u8f93\u8f66\u8be6\u60c5\u9875_14-600x453.webp 600w, https:\/\/ac-truck.com\/wp-content\/uploads\/2026\/01\/\u96cf\u79bd\u8fd0\u8f93\u8f66\u8be6\u60c5\u9875_14-150x113.webp 150w\" alt=\"\" width=\"1234\" height=\"931\" \/><\/p>\n<h1 style=\"text-align: center;\">SISTEMA DE HUMIDIFICACI\u00d3N<\/h1>\n<p><img loading=\"lazy\" decoding=\"async\" class=\"aligncenter wp-image-7171\" src=\"https:\/\/ac-truck.com\/wp-content\/uploads\/2026\/01\/%E9%9B%8F%E7%A6%BD%E8%BF%90%E8%BE%93%E8%BD%A6%E8%AF%A6%E6%83%85%E9%A1%B5_16.webp\" sizes=\"(max-width: 1234px) 100vw, 1234px\" srcset=\"https:\/\/ac-truck.com\/wp-content\/uploads\/2026\/01\/\u96cf\u79bd\u8fd0\u8f93\u8f66\u8be6\u60c5\u9875_16.webp 790w, https:\/\/ac-truck.com\/wp-content\/uploads\/2026\/01\/\u96cf\u79bd\u8fd0\u8f93\u8f66\u8be6\u60c5\u9875_16-300x191.webp 300w, https:\/\/ac-truck.com\/wp-content\/uploads\/2026\/01\/\u96cf\u79bd\u8fd0\u8f93\u8f66\u8be6\u60c5\u9875_16-768x489.webp 768w, https:\/\/ac-truck.com\/wp-content\/uploads\/2026\/01\/\u96cf\u79bd\u8fd0\u8f93\u8f66\u8be6\u60c5\u9875_16-18x12.webp 18w, https:\/\/ac-truck.com\/wp-content\/uploads\/2026\/01\/\u96cf\u79bd\u8fd0\u8f93\u8f66\u8be6\u60c5\u9875_16-600x382.webp 600w, https:\/\/ac-truck.com\/wp-content\/uploads\/2026\/01\/\u96cf\u79bd\u8fd0\u8f93\u8f66\u8be6\u60c5\u9875_16-150x96.webp 150w\" alt=\"\" width=\"1234\" height=\"786\" \/><\/p>\n<p>1. Boquillas humidificadoras: El sistema de humidificaci\u00f3n utiliza boquillas de alta presi\u00f3n antigoteo, lo que reduce eficazmente el consumo de agua y evita el desperdicio de la misma.<br \/>\n2. V\u00e1lvulas de humidificaci\u00f3n: Se utilizan componentes neum\u00e1ticos e hidr\u00e1ulicos de primera calidad para garantizar un funcionamiento estable y seguro durante todo el proceso de transporte.<br \/>\n3. Filtro: Sistema de filtraci\u00f3n integrado con sensor de flujo de agua en el dep\u00f3sito para el monitoreo en tiempo real del caudal de agua.<br \/>\n4. Tanque de agua a presi\u00f3n: Tanques humidificadores opcionales con capacidades de 150L y 300L, construidos con acero inoxidable y aluminio naval para mayor resistencia a la corrosi\u00f3n y durabilidad.<\/p>\n<h2 style=\"text-align: center;\">FUNCIONAMIENTO M\u00c1S SENCILLO E INTELIGENTE<\/h2>\n<p><img loading=\"lazy\" decoding=\"async\" class=\"aligncenter wp-image-7172\" src=\"https:\/\/ac-truck.com\/wp-content\/uploads\/2026\/01\/%E9%9B%8F%E7%A6%BD%E8%BF%90%E8%BE%93%E8%BD%A6%E8%AF%A6%E6%83%85%E9%A1%B5_18.webp\" sizes=\"(max-width: 1234px) 100vw, 1234px\" srcset=\"https:\/\/ac-truck.com\/wp-content\/uploads\/2026\/01\/\u96cf\u79bd\u8fd0\u8f93\u8f66\u8be6\u60c5\u9875_18.webp 790w, https:\/\/ac-truck.com\/wp-content\/uploads\/2026\/01\/\u96cf\u79bd\u8fd0\u8f93\u8f66\u8be6\u60c5\u9875_18-291x300.webp 291w, https:\/\/ac-truck.com\/wp-content\/uploads\/2026\/01\/\u96cf\u79bd\u8fd0\u8f93\u8f66\u8be6\u60c5\u9875_18-768x792.webp 768w, https:\/\/ac-truck.com\/wp-content\/uploads\/2026\/01\/\u96cf\u79bd\u8fd0\u8f93\u8f66\u8be6\u60c5\u9875_18-12x12.webp 12w, https:\/\/ac-truck.com\/wp-content\/uploads\/2026\/01\/\u96cf\u79bd\u8fd0\u8f93\u8f66\u8be6\u60c5\u9875_18-600x619.webp 600w, https:\/\/ac-truck.com\/wp-content\/uploads\/2026\/01\/\u96cf\u79bd\u8fd0\u8f93\u8f66\u8be6\u60c5\u9875_18-150x155.webp 150w\" alt=\"\" width=\"1234\" height=\"1273\" \/><\/p>\n<p>1. Sistema de monitoreo<br \/>\n2. Sensor de temperatura y humedad<br \/>\n3. Interruptor de control independiente del ventilador de ventilaci\u00f3n.<\/p>\n<h1 style=\"text-align: center;\">PROCESO DE PRODUCCI\u00d3N<\/h1>\n<p><img loading=\"lazy\" decoding=\"async\" class=\"aligncenter wp-image-7173\" src=\"https:\/\/ac-truck.com\/wp-content\/uploads\/2026\/01\/%E9%9B%8F%E7%A6%BD%E8%BF%90%E8%BE%93%E8%BD%A6%E8%AF%A6%E6%83%85%E9%A1%B5_20.webp\" sizes=\"(max-width: 1234px) 100vw, 1234px\" srcset=\"https:\/\/ac-truck.com\/wp-content\/uploads\/2026\/01\/\u96cf\u79bd\u8fd0\u8f93\u8f66\u8be6\u60c5\u9875_20.webp 790w, https:\/\/ac-truck.com\/wp-content\/uploads\/2026\/01\/\u96cf\u79bd\u8fd0\u8f93\u8f66\u8be6\u60c5\u9875_20-108x300.webp 108w, https:\/\/ac-truck.com\/wp-content\/uploads\/2026\/01\/\u96cf\u79bd\u8fd0\u8f93\u8f66\u8be6\u60c5\u9875_20-369x1024.webp 369w, https:\/\/ac-truck.com\/wp-content\/uploads\/2026\/01\/\u96cf\u79bd\u8fd0\u8f93\u8f66\u8be6\u60c5\u9875_20-768x2132.webp 768w, https:\/\/ac-truck.com\/wp-content\/uploads\/2026\/01\/\u96cf\u79bd\u8fd0\u8f93\u8f66\u8be6\u60c5\u9875_20-553x1536.webp 553w, https:\/\/ac-truck.com\/wp-content\/uploads\/2026\/01\/\u96cf\u79bd\u8fd0\u8f93\u8f66\u8be6\u60c5\u9875_20-738x2048.webp 738w, https:\/\/ac-truck.com\/wp-content\/uploads\/2026\/01\/\u96cf\u79bd\u8fd0\u8f93\u8f66\u8be6\u60c5\u9875_20-4x12.webp 4w, https:\/\/ac-truck.com\/wp-content\/uploads\/2026\/01\/\u96cf\u79bd\u8fd0\u8f93\u8f66\u8be6\u60c5\u9875_20-600x1666.webp 600w, https:\/\/ac-truck.com\/wp-content\/uploads\/2026\/01\/\u96cf\u79bd\u8fd0\u8f93\u8f66\u8be6\u60c5\u9875_20-150x416.webp 150w\" alt=\"\" width=\"1234\" height=\"3426\" \/><img loading=\"lazy\" decoding=\"async\" class=\"aligncenter wp-image-7174\" src=\"https:\/\/ac-truck.com\/wp-content\/uploads\/2026\/01\/%E9%9B%8F%E7%A6%BD%E8%BF%90%E8%BE%93%E8%BD%A6%E8%AF%A6%E6%83%85%E9%A1%B5_21.webp\" sizes=\"(max-width: 1234px) 100vw, 1234px\" srcset=\"https:\/\/ac-truck.com\/wp-content\/uploads\/2026\/01\/\u96cf\u79bd\u8fd0\u8f93\u8f66\u8be6\u60c5\u9875_21.webp 790w, https:\/\/ac-truck.com\/wp-content\/uploads\/2026\/01\/\u96cf\u79bd\u8fd0\u8f93\u8f66\u8be6\u60c5\u9875_21-143x300.webp 143w, https:\/\/ac-truck.com\/wp-content\/uploads\/2026\/01\/\u96cf\u79bd\u8fd0\u8f93\u8f66\u8be6\u60c5\u9875_21-487x1024.webp 487w, https:\/\/ac-truck.com\/wp-content\/uploads\/2026\/01\/\u96cf\u79bd\u8fd0\u8f93\u8f66\u8be6\u60c5\u9875_21-768x1616.webp 768w, https:\/\/ac-truck.com\/wp-content\/uploads\/2026\/01\/\u96cf\u79bd\u8fd0\u8f93\u8f66\u8be6\u60c5\u9875_21-730x1536.webp 730w, https:\/\/ac-truck.com\/wp-content\/uploads\/2026\/01\/\u96cf\u79bd\u8fd0\u8f93\u8f66\u8be6\u60c5\u9875_21-6x12.webp 6w, https:\/\/ac-truck.com\/wp-content\/uploads\/2026\/01\/\u96cf\u79bd\u8fd0\u8f93\u8f66\u8be6\u60c5\u9875_21-600x1262.webp 600w, https:\/\/ac-truck.com\/wp-content\/uploads\/2026\/01\/\u96cf\u79bd\u8fd0\u8f93\u8f66\u8be6\u60c5\u9875_21-150x316.webp 150w\" alt=\"\" width=\"1234\" height=\"2596\" \/><\/p>\n<p>1. Fabricaci\u00f3n del marco interior de la caja de carga.<br \/>\n2. Producci\u00f3n de paneles para cajas de carga<br \/>\n3. Montaje de los paneles de la carrocer\u00eda del veh\u00edculo<br \/>\n4. Fabricaci\u00f3n de la caja de carga finalizada.<br \/>\n5. Instalaci\u00f3n de componentes internos (estructuras de acero inoxidable\/aire acondicionado)<br \/>\n6. Caja de carga completa montada en el chasis.<br \/>\n7. Montaje completo del veh\u00edculo finalizado.<\/p>\n<h1 style=\"text-align: center;\">ESCENARIOS DE APLICACI\u00d3N<\/h1>\n<p><img loading=\"lazy\" decoding=\"async\" class=\"aligncenter wp-image-7175\" src=\"https:\/\/ac-truck.com\/wp-content\/uploads\/2026\/01\/%E9%9B%8F%E7%A6%BD%E8%BF%90%E8%BE%93%E8%BD%A6%E8%AF%A6%E6%83%85%E9%A1%B5_23.webp\" sizes=\"(max-width: 1234px) 100vw, 1234px\" srcset=\"https:\/\/ac-truck.com\/wp-content\/uploads\/2026\/01\/\u96cf\u79bd\u8fd0\u8f93\u8f66\u8be6\u60c5\u9875_23.webp 790w, https:\/\/ac-truck.com\/wp-content\/uploads\/2026\/01\/\u96cf\u79bd\u8fd0\u8f93\u8f66\u8be6\u60c5\u9875_23-204x300.webp 204w, https:\/\/ac-truck.com\/wp-content\/uploads\/2026\/01\/\u96cf\u79bd\u8fd0\u8f93\u8f66\u8be6\u60c5\u9875_23-697x1024.webp 697w, https:\/\/ac-truck.com\/wp-content\/uploads\/2026\/01\/\u96cf\u79bd\u8fd0\u8f93\u8f66\u8be6\u60c5\u9875_23-768x1128.webp 768w, https:\/\/ac-truck.com\/wp-content\/uploads\/2026\/01\/\u96cf\u79bd\u8fd0\u8f93\u8f66\u8be6\u60c5\u9875_23-8x12.webp 8w, https:\/\/ac-truck.com\/wp-content\/uploads\/2026\/01\/\u96cf\u79bd\u8fd0\u8f93\u8f66\u8be6\u60c5\u9875_23-600x881.webp 600w, https:\/\/ac-truck.com\/wp-content\/uploads\/2026\/01\/\u96cf\u79bd\u8fd0\u8f93\u8f66\u8be6\u60c5\u9875_23-150x220.webp 150w\" alt=\"\" width=\"1234\" height=\"1812\" \/><\/p>\n<h1 style=\"text-align: center;\">EMBALAJE Y TRANSPORTE<\/h1>\n<p><img loading=\"lazy\" decoding=\"async\" class=\"aligncenter wp-image-7176\" src=\"https:\/\/ac-truck.com\/wp-content\/uploads\/2026\/01\/%E9%9B%8F%E7%A6%BD%E8%BF%90%E8%BE%93%E8%BD%A6%E8%AF%A6%E6%83%85%E9%A1%B5_25.webp\" sizes=\"(max-width: 1234px) 100vw, 1234px\" srcset=\"https:\/\/ac-truck.com\/wp-content\/uploads\/2026\/01\/\u96cf\u79bd\u8fd0\u8f93\u8f66\u8be6\u60c5\u9875_25.webp 790w, https:\/\/ac-truck.com\/wp-content\/uploads\/2026\/01\/\u96cf\u79bd\u8fd0\u8f93\u8f66\u8be6\u60c5\u9875_25-215x300.webp 215w, https:\/\/ac-truck.com\/wp-content\/uploads\/2026\/01\/\u96cf\u79bd\u8fd0\u8f93\u8f66\u8be6\u60c5\u9875_25-734x1024.webp 734w, https:\/\/ac-truck.com\/wp-content\/uploads\/2026\/01\/\u96cf\u79bd\u8fd0\u8f93\u8f66\u8be6\u60c5\u9875_25-768x1071.webp 768w, https:\/\/ac-truck.com\/wp-content\/uploads\/2026\/01\/\u96cf\u79bd\u8fd0\u8f93\u8f66\u8be6\u60c5\u9875_25-9x12.webp 9w, https:\/\/ac-truck.com\/wp-content\/uploads\/2026\/01\/\u96cf\u79bd\u8fd0\u8f93\u8f66\u8be6\u60c5\u9875_25-600x837.webp 600w, https:\/\/ac-truck.com\/wp-content\/uploads\/2026\/01\/\u96cf\u79bd\u8fd0\u8f93\u8f66\u8be6\u60c5\u9875_25-150x209.webp 150w\" alt=\"\" width=\"1234\" height=\"1721\" \/><\/p>","protected":false},"excerpt":{"rendered":"<p>PRODUCT PARAMETERS 4.2m Chick Delivery Truck ISUZU project Descriptions Specifications General Overall dimensions(mm) 5995*2270*3400 curb weight(Kg) 3210 Loading capacity(Kg) 4260<\/p>","protected":false},"featured_media":7187,"template":"","meta":[],"product_brand":[213],"product_cat":[177],"product_tag":[365,366,367],"class_list":{"0":"post-7184","1":"product","2":"type-product","3":"status-publish","4":"has-post-thumbnail","6":"product_brand-isuzu","7":"product_cat-box-trucks","8":"product_tag-day-old-chick-transport-truck","9":"product_tag-live-chick-transport-truck","10":"product_tag-chick-delivery-truck","12":"first","13":"instock","14":"shipping-taxable","15":"product-type-simple"},"_links":{"self":[{"href":"https:\/\/ac-truck.com\/es\/wp-json\/wp\/v2\/product\/7184","targetHints":{"allow":["GET"]}}],"collection":[{"href":"https:\/\/ac-truck.com\/es\/wp-json\/wp\/v2\/product"}],"about":[{"href":"https:\/\/ac-truck.com\/es\/wp-json\/wp\/v2\/types\/product"}],"version-history":[{"count":1,"href":"https:\/\/ac-truck.com\/es\/wp-json\/wp\/v2\/product\/7184\/revisions"}],"predecessor-version":[{"id":7193,"href":"https:\/\/ac-truck.com\/es\/wp-json\/wp\/v2\/product\/7184\/revisions\/7193"}],"wp:featuredmedia":[{"embeddable":true,"href":"https:\/\/ac-truck.com\/es\/wp-json\/wp\/v2\/media\/7187"}],"wp:attachment":[{"href":"https:\/\/ac-truck.com\/es\/wp-json\/wp\/v2\/media?parent=7184"}],"wp:term":[{"taxonomy":"product_brand","embeddable":true,"href":"https:\/\/ac-truck.com\/es\/wp-json\/wp\/v2\/product_brand?post=7184"},{"taxonomy":"product_cat","embeddable":true,"href":"https:\/\/ac-truck.com\/es\/wp-json\/wp\/v2\/product_cat?post=7184"},{"taxonomy":"product_tag","embeddable":true,"href":"https:\/\/ac-truck.com\/es\/wp-json\/wp\/v2\/product_tag?post=7184"}],"curies":[{"name":"wp","href":"https:\/\/api.w.org\/{rel}","templated":true}]}}