{"id":7250,"date":"2026-01-20T15:28:43","date_gmt":"2026-01-20T07:28:43","guid":{"rendered":"https:\/\/ac-truck.com\/?post_type=product&#038;p=7250"},"modified":"2026-01-20T15:28:44","modified_gmt":"2026-01-20T07:28:44","slug":"jetting-truck-combination-tanker-21000l-howo","status":"publish","type":"product","link":"https:\/\/ac-truck.com\/es\/jetting-truck-combination-tanker-21000l-howo.html","title":{"rendered":"Cami\u00f3n cisterna combinado HOWO de 21000 l con inyecci\u00f3n"},"content":{"rendered":"<p><img fetchpriority=\"high\" decoding=\"async\" class=\"aligncenter wp-image-7251\" src=\"https:\/\/ac-truck.com\/wp-content\/uploads\/2026\/01\/\u4ea7\u54c1\u6d77\u62a5_01-10.webp\" alt=\"\" width=\"1234\" height=\"1601\" srcset=\"https:\/\/ac-truck.com\/wp-content\/uploads\/2026\/01\/\u4ea7\u54c1\u6d77\u62a5_01-10.webp 790w, https:\/\/ac-truck.com\/wp-content\/uploads\/2026\/01\/\u4ea7\u54c1\u6d77\u62a5_01-10-231x300.webp 231w, https:\/\/ac-truck.com\/wp-content\/uploads\/2026\/01\/\u4ea7\u54c1\u6d77\u62a5_01-10-768x996.webp 768w, https:\/\/ac-truck.com\/wp-content\/uploads\/2026\/01\/\u4ea7\u54c1\u6d77\u62a5_01-10-9x12.webp 9w, https:\/\/ac-truck.com\/wp-content\/uploads\/2026\/01\/\u4ea7\u54c1\u6d77\u62a5_01-10-600x778.webp 600w, https:\/\/ac-truck.com\/wp-content\/uploads\/2026\/01\/\u4ea7\u54c1\u6d77\u62a5_01-10-150x195.webp 150w\" sizes=\"(max-width: 1234px) 100vw, 1234px\" \/><\/p>\n<h1 style=\"text-align: center;\">PAR\u00c1METROS DEL PRODUCTO<\/h1>\n<p><img decoding=\"async\" class=\"aligncenter wp-image-7252\" src=\"https:\/\/ac-truck.com\/wp-content\/uploads\/2026\/01\/\u4ea7\u54c1\u6d77\u62a5_03-10.webp\" alt=\"\" width=\"1234\" height=\"483\" srcset=\"https:\/\/ac-truck.com\/wp-content\/uploads\/2026\/01\/\u4ea7\u54c1\u6d77\u62a5_03-10.webp 790w, https:\/\/ac-truck.com\/wp-content\/uploads\/2026\/01\/\u4ea7\u54c1\u6d77\u62a5_03-10-300x117.webp 300w, https:\/\/ac-truck.com\/wp-content\/uploads\/2026\/01\/\u4ea7\u54c1\u6d77\u62a5_03-10-768x300.webp 768w, https:\/\/ac-truck.com\/wp-content\/uploads\/2026\/01\/\u4ea7\u54c1\u6d77\u62a5_03-10-18x7.webp 18w, https:\/\/ac-truck.com\/wp-content\/uploads\/2026\/01\/\u4ea7\u54c1\u6d77\u62a5_03-10-600x235.webp 600w, https:\/\/ac-truck.com\/wp-content\/uploads\/2026\/01\/\u4ea7\u54c1\u6d77\u62a5_03-10-150x59.webp 150w\" sizes=\"(max-width: 1234px) 100vw, 1234px\" \/><\/p>\n<h2 style=\"text-align: center;\">Cami\u00f3n cisterna combinado HOWO de 21000 l con inyecci\u00f3n<\/h2>\n<p>&nbsp;<\/p>\n<table>\n<tbody>\n<tr>\n<td width=\"79\"><strong>proyecto<\/strong><\/td>\n<td width=\"319\"><strong>Descripciones<\/strong><\/td>\n<td width=\"288\"><strong>Presupuesto<\/strong><\/td>\n<\/tr>\n<tr>\n<td rowspan=\"4\" width=\"79\"><strong>B\u00e1sico<\/strong><\/td>\n<td width=\"319\"><strong>Dimensiones totales (mm)<\/strong><\/td>\n<td width=\"288\"><strong>10100\u00d72550\u00d73850<\/strong><\/td>\n<\/tr>\n<tr>\n<td width=\"319\"><strong>peso en vac\u00edo (Kg)<\/strong><\/td>\n<td width=\"288\"><strong>17375<\/strong><\/td>\n<\/tr>\n<tr>\n<td width=\"319\"><strong>Capacidad de carga (Kg)<\/strong><\/td>\n<td width=\"288\"><strong>7625<\/strong><\/td>\n<\/tr>\n<tr>\n<td width=\"319\"><strong>Masa total (Kg)<\/strong><\/td>\n<td width=\"288\"><strong>25000<\/strong><\/td>\n<\/tr>\n<tr>\n<td rowspan=\"5\" width=\"79\"><strong>Cuerpo<\/strong><\/td>\n<td width=\"319\"><strong>Volumen total del tanque (L)<\/strong><\/td>\n<td width=\"288\"><strong>21000<\/strong><\/td>\n<\/tr>\n<tr>\n<td width=\"319\"><strong>Capacidad del tanque de agua limpia (L)<\/strong><\/td>\n<td width=\"288\"><strong>4000<\/strong><\/td>\n<\/tr>\n<tr>\n<td width=\"319\"><strong>Volumen del tanque de succi\u00f3n (L)<\/strong><\/td>\n<td width=\"288\"><strong>17000<\/strong><\/td>\n<\/tr>\n<tr>\n<td width=\"319\"><strong>Material del tanque<\/strong><\/td>\n<td width=\"288\"><strong>Acero al carbono Q235<\/strong><\/td>\n<\/tr>\n<tr>\n<td width=\"319\"><strong>Espesor del tanque (mm)<\/strong><\/td>\n<td width=\"288\"><strong>8<\/strong><\/td>\n<\/tr>\n<tr>\n<td rowspan=\"6\" width=\"79\"><strong>Chasis<\/strong><\/p>\n<p>&nbsp;<\/td>\n<td width=\"319\"><strong>Marca del chasis<\/strong><\/td>\n<td width=\"288\"><strong>C\u00d3MO<\/strong><\/td>\n<\/tr>\n<tr>\n<td width=\"319\"><strong>Formulario de unidad<\/strong><\/td>\n<td width=\"288\"><strong>6*4<\/strong><\/td>\n<\/tr>\n<tr>\n<td width=\"319\"><strong>Volante<\/strong><\/td>\n<td width=\"288\"><strong>Conducci\u00f3n con volante a la izquierda<\/strong><\/td>\n<\/tr>\n<tr>\n<td width=\"319\"><strong>Potencia m\u00e1xima del motor (kW)<\/strong><\/td>\n<td width=\"288\"><strong>257<\/strong><\/td>\n<\/tr>\n<tr>\n<td width=\"319\"><strong>Normas de emisi\u00f3n<\/strong><\/td>\n<td width=\"288\"><strong>Euro 6<\/strong><\/td>\n<\/tr>\n<tr>\n<td width=\"319\"><strong>Caja de cambios<\/strong><\/td>\n<td width=\"288\"><strong>12-speed manual transmission<\/strong><\/td>\n<\/tr>\n<\/tbody>\n<\/table>\n<p style=\"text-align: center;\"><strong style=\"color: #1b1919; font-size: 28px;\">VENTAJAS DEL VEH\u00cdCULO<\/strong><\/p>\n<h5 style=\"text-align: center;\">POTENTES CAPACIDADES DE SUCCI\u00d3N Y DRENAJE DE AGUAS RESIDUALES<\/h5>\n<p><img decoding=\"async\" class=\"aligncenter wp-image-7253\" src=\"https:\/\/ac-truck.com\/wp-content\/uploads\/2026\/01\/\u6e05\u6d17\u5438\u6c61\u8f66\u8be6\u60c5\u9875_05.webp\" alt=\"\" width=\"1234\" height=\"3743\" srcset=\"https:\/\/ac-truck.com\/wp-content\/uploads\/2026\/01\/\u6e05\u6d17\u5438\u6c61\u8f66\u8be6\u60c5\u9875_05.webp 790w, https:\/\/ac-truck.com\/wp-content\/uploads\/2026\/01\/\u6e05\u6d17\u5438\u6c61\u8f66\u8be6\u60c5\u9875_05-99x300.webp 99w, https:\/\/ac-truck.com\/wp-content\/uploads\/2026\/01\/\u6e05\u6d17\u5438\u6c61\u8f66\u8be6\u60c5\u9875_05-338x1024.webp 338w, https:\/\/ac-truck.com\/wp-content\/uploads\/2026\/01\/\u6e05\u6d17\u5438\u6c61\u8f66\u8be6\u60c5\u9875_05-768x2329.webp 768w, https:\/\/ac-truck.com\/wp-content\/uploads\/2026\/01\/\u6e05\u6d17\u5438\u6c61\u8f66\u8be6\u60c5\u9875_05-506x1536.webp 506w, https:\/\/ac-truck.com\/wp-content\/uploads\/2026\/01\/\u6e05\u6d17\u5438\u6c61\u8f66\u8be6\u60c5\u9875_05-675x2048.webp 675w, https:\/\/ac-truck.com\/wp-content\/uploads\/2026\/01\/\u6e05\u6d17\u5438\u6c61\u8f66\u8be6\u60c5\u9875_05-4x12.webp 4w, https:\/\/ac-truck.com\/wp-content\/uploads\/2026\/01\/\u6e05\u6d17\u5438\u6c61\u8f66\u8be6\u60c5\u9875_05-600x1820.webp 600w, https:\/\/ac-truck.com\/wp-content\/uploads\/2026\/01\/\u6e05\u6d17\u5438\u6c61\u8f66\u8be6\u60c5\u9875_05-150x455.webp 150w\" sizes=\"(max-width: 1234px) 100vw, 1234px\" \/><\/p>\n<p><strong>1. Bomba de vac\u00edo de ciclo de agua: presenta bajo consumo y alta eficiencia, con un poder de succi\u00f3n fuerte y estable.<\/strong><br \/>\n<strong>2. M\u00faltiples puertos de succi\u00f3n: con m\u00faltiples puertos de succi\u00f3n simult\u00e1neamente, la eficiencia operativa se duplica.<\/strong><br \/>\n<strong>3. Puerto de descarga hidr\u00e1ulica en la parte trasera del tanque: con la ayuda de energ\u00eda hidr\u00e1ulica, la descarga es r\u00e1pida y completa.<\/strong><br \/>\n<strong>4. Ball &#8211; valve drain port at the bottom of the tank: Controlled by a ball valve,it offers convenient drainage and prevents leakage.<\/strong><br \/>\n<strong>5. Tuber\u00eda de succi\u00f3n de aguas residuales: es flexible y duradera, adecuada para condiciones de trabajo complejas.<\/strong><\/p>\n<h1 style=\"text-align: center;\">CONFIGURACI\u00d3N DE LIMPIEZA A ALTA PRESI\u00d3N<\/h1>\n<p><img loading=\"lazy\" decoding=\"async\" class=\"aligncenter wp-image-7254\" src=\"https:\/\/ac-truck.com\/wp-content\/uploads\/2026\/01\/\u6e05\u6d17\u5438\u6c61\u8f66\u8be6\u60c5\u9875_07.webp\" alt=\"\" width=\"1234\" height=\"2768\" srcset=\"https:\/\/ac-truck.com\/wp-content\/uploads\/2026\/01\/\u6e05\u6d17\u5438\u6c61\u8f66\u8be6\u60c5\u9875_07.webp 790w, https:\/\/ac-truck.com\/wp-content\/uploads\/2026\/01\/\u6e05\u6d17\u5438\u6c61\u8f66\u8be6\u60c5\u9875_07-134x300.webp 134w, https:\/\/ac-truck.com\/wp-content\/uploads\/2026\/01\/\u6e05\u6d17\u5438\u6c61\u8f66\u8be6\u60c5\u9875_07-457x1024.webp 457w, https:\/\/ac-truck.com\/wp-content\/uploads\/2026\/01\/\u6e05\u6d17\u5438\u6c61\u8f66\u8be6\u60c5\u9875_07-768x1723.webp 768w, https:\/\/ac-truck.com\/wp-content\/uploads\/2026\/01\/\u6e05\u6d17\u5438\u6c61\u8f66\u8be6\u60c5\u9875_07-685x1536.webp 685w, https:\/\/ac-truck.com\/wp-content\/uploads\/2026\/01\/\u6e05\u6d17\u5438\u6c61\u8f66\u8be6\u60c5\u9875_07-5x12.webp 5w, https:\/\/ac-truck.com\/wp-content\/uploads\/2026\/01\/\u6e05\u6d17\u5438\u6c61\u8f66\u8be6\u60c5\u9875_07-600x1346.webp 600w, https:\/\/ac-truck.com\/wp-content\/uploads\/2026\/01\/\u6e05\u6d17\u5438\u6c61\u8f66\u8be6\u60c5\u9875_07-150x336.webp 150w\" sizes=\"(max-width: 1234px) 100vw, 1234px\" \/><\/p>\n<p><strong>1.High -pressure pump: With high -pressure and powerful performance, itenables efficient and labor &#8211; saving dredging.<\/strong><br \/>\n<strong>2. Bomba de \u00e9mbolo: resistente a alta presi\u00f3n y desgaste, estable en funcionamiento y duradera en uso. <\/strong><br \/>\n<strong>3. Tanque de agua circulante: proporciona suministro de agua circulante, lo que es pr\u00e1ctico para la conservaci\u00f3n del agua y la reducci\u00f3n del consumo de energ\u00eda.<\/strong><br \/>\n<strong>4. Entradas de agua en ambos lados del tanque de agua: con entradas de agua en ambos lados, la reposici\u00f3n de agua es r\u00e1pida y conveniente.<\/strong><br \/>\n<strong>5.Clean water inlet and outlet: The inlet and outlet are unobstructed, makingthe operation simple and worry &#8211; free.<\/strong><\/p>\n<h1 style=\"text-align: center;\">TANQUE DE ALMACENAMIENTO DE ALTA RESISTENCIA<\/h1>\n<p><img loading=\"lazy\" decoding=\"async\" class=\"aligncenter wp-image-7255\" src=\"https:\/\/ac-truck.com\/wp-content\/uploads\/2026\/01\/\u6e05\u6d17\u5438\u6c61\u8f66\u8be6\u60c5\u9875_09.webp\" alt=\"\" width=\"1234\" height=\"2562\" srcset=\"https:\/\/ac-truck.com\/wp-content\/uploads\/2026\/01\/\u6e05\u6d17\u5438\u6c61\u8f66\u8be6\u60c5\u9875_09.webp 790w, https:\/\/ac-truck.com\/wp-content\/uploads\/2026\/01\/\u6e05\u6d17\u5438\u6c61\u8f66\u8be6\u60c5\u9875_09-145x300.webp 145w, https:\/\/ac-truck.com\/wp-content\/uploads\/2026\/01\/\u6e05\u6d17\u5438\u6c61\u8f66\u8be6\u60c5\u9875_09-493x1024.webp 493w, https:\/\/ac-truck.com\/wp-content\/uploads\/2026\/01\/\u6e05\u6d17\u5438\u6c61\u8f66\u8be6\u60c5\u9875_09-768x1594.webp 768w, https:\/\/ac-truck.com\/wp-content\/uploads\/2026\/01\/\u6e05\u6d17\u5438\u6c61\u8f66\u8be6\u60c5\u9875_09-740x1536.webp 740w, https:\/\/ac-truck.com\/wp-content\/uploads\/2026\/01\/\u6e05\u6d17\u5438\u6c61\u8f66\u8be6\u60c5\u9875_09-6x12.webp 6w, https:\/\/ac-truck.com\/wp-content\/uploads\/2026\/01\/\u6e05\u6d17\u5438\u6c61\u8f66\u8be6\u60c5\u9875_09-600x1246.webp 600w, https:\/\/ac-truck.com\/wp-content\/uploads\/2026\/01\/\u6e05\u6d17\u5438\u6c61\u8f66\u8be6\u60c5\u9875_09-150x311.webp 150w\" sizes=\"(max-width: 1234px) 100vw, 1234px\" \/><\/p>\n<p><strong>1.High -strength storage tank: It is pressure -resistant and corrosion &#8211; resis-tant, sturdy, durable and able to withstand harsh conditions.<\/strong><br \/>\n<strong>2.Interconnection between the clean water tank and the sewage tank: Theinter- flow is smooth, which is water &#8211; saving, efficient and convenient.<\/strong><br \/>\n<strong>3. Dispositivo de bloqueo: se bloquea firmemente y proporciona un sellado confiable para evitar fugas.<\/strong><\/p>\n<h1 style=\"text-align: center;\">OTROS DETALLES<\/h1>\n<p><img loading=\"lazy\" decoding=\"async\" class=\"aligncenter wp-image-7256\" src=\"https:\/\/ac-truck.com\/wp-content\/uploads\/2026\/01\/\u6e05\u6d17\u5438\u6c61\u8f66\u8be6\u60c5\u9875_11.webp\" alt=\"\" width=\"1234\" height=\"2218\" srcset=\"https:\/\/ac-truck.com\/wp-content\/uploads\/2026\/01\/\u6e05\u6d17\u5438\u6c61\u8f66\u8be6\u60c5\u9875_11.webp 790w, https:\/\/ac-truck.com\/wp-content\/uploads\/2026\/01\/\u6e05\u6d17\u5438\u6c61\u8f66\u8be6\u60c5\u9875_11-167x300.webp 167w, https:\/\/ac-truck.com\/wp-content\/uploads\/2026\/01\/\u6e05\u6d17\u5438\u6c61\u8f66\u8be6\u60c5\u9875_11-570x1024.webp 570w, https:\/\/ac-truck.com\/wp-content\/uploads\/2026\/01\/\u6e05\u6d17\u5438\u6c61\u8f66\u8be6\u60c5\u9875_11-768x1380.webp 768w, https:\/\/ac-truck.com\/wp-content\/uploads\/2026\/01\/\u6e05\u6d17\u5438\u6c61\u8f66\u8be6\u60c5\u9875_11-7x12.webp 7w, https:\/\/ac-truck.com\/wp-content\/uploads\/2026\/01\/\u6e05\u6d17\u5438\u6c61\u8f66\u8be6\u60c5\u9875_11-600x1078.webp 600w, https:\/\/ac-truck.com\/wp-content\/uploads\/2026\/01\/\u6e05\u6d17\u5438\u6c61\u8f66\u8be6\u60c5\u9875_11-150x270.webp 150w\" sizes=\"(max-width: 1234px) 100vw, 1234px\" \/><\/p>\n<p><strong>1.180 carretes<\/strong><br \/>\n<strong>2. Visible sewage &#8211; volume tube <\/strong><br \/>\n<strong>3. Escalera<\/strong><br \/>\n<strong>4. Caja de herramientas<\/strong><br \/>\n<strong>5. Varilla de operaci\u00f3n manual<\/strong><br \/>\n<strong>6. Man\u00f3metro grande <\/strong><br \/>\n<strong>7. Deflector de contaminaci\u00f3n<\/strong><br \/>\n<strong>8. Dispositivo para lavarse las manos<\/strong><\/p>\n<h1 style=\"text-align: center;\">PROCESO DE PRODUCCI\u00d3N<\/h1>\n<p><img loading=\"lazy\" decoding=\"async\" class=\"aligncenter wp-image-7257\" src=\"https:\/\/ac-truck.com\/wp-content\/uploads\/2026\/01\/\u6e05\u6d17\u5438\u6c61\u8f66\u8be6\u60c5\u9875_13.webp\" alt=\"\" width=\"1234\" height=\"3993\" srcset=\"https:\/\/ac-truck.com\/wp-content\/uploads\/2026\/01\/\u6e05\u6d17\u5438\u6c61\u8f66\u8be6\u60c5\u9875_13.webp 790w, https:\/\/ac-truck.com\/wp-content\/uploads\/2026\/01\/\u6e05\u6d17\u5438\u6c61\u8f66\u8be6\u60c5\u9875_13-93x300.webp 93w, https:\/\/ac-truck.com\/wp-content\/uploads\/2026\/01\/\u6e05\u6d17\u5438\u6c61\u8f66\u8be6\u60c5\u9875_13-316x1024.webp 316w, https:\/\/ac-truck.com\/wp-content\/uploads\/2026\/01\/\u6e05\u6d17\u5438\u6c61\u8f66\u8be6\u60c5\u9875_13-768x2485.webp 768w, https:\/\/ac-truck.com\/wp-content\/uploads\/2026\/01\/\u6e05\u6d17\u5438\u6c61\u8f66\u8be6\u60c5\u9875_13-475x1536.webp 475w, https:\/\/ac-truck.com\/wp-content\/uploads\/2026\/01\/\u6e05\u6d17\u5438\u6c61\u8f66\u8be6\u60c5\u9875_13-633x2048.webp 633w, https:\/\/ac-truck.com\/wp-content\/uploads\/2026\/01\/\u6e05\u6d17\u5438\u6c61\u8f66\u8be6\u60c5\u9875_13-4x12.webp 4w, https:\/\/ac-truck.com\/wp-content\/uploads\/2026\/01\/\u6e05\u6d17\u5438\u6c61\u8f66\u8be6\u60c5\u9875_13-600x1941.webp 600w, https:\/\/ac-truck.com\/wp-content\/uploads\/2026\/01\/\u6e05\u6d17\u5438\u6c61\u8f66\u8be6\u60c5\u9875_13-150x485.webp 150w\" sizes=\"(max-width: 1234px) 100vw, 1234px\" \/><\/p>\n<p><strong>1. Laminado de placas para la formaci\u00f3n de tanques<\/strong><br \/>\n<strong>2. Soldadura del tanque<\/strong><br \/>\n<strong>3. Detalle de soldadura del cuerpo del tanque<\/strong><br \/>\n<strong>4. Montaje del cuerpo del tanque en el chasis <\/strong><br \/>\n<strong>5. Tratamiento de pulverizaci\u00f3n anticorrosi\u00f3n del cuerpo del tanque.<\/strong><br \/>\n<strong>6. Completion of the vehicle&#8217;s upper &#8211; body installation<\/strong><\/p>\n<h1 style=\"text-align: center;\">ESCENARIOS DE APLICACI\u00d3N<\/h1>\n<p><img loading=\"lazy\" decoding=\"async\" class=\"aligncenter wp-image-7258\" src=\"https:\/\/ac-truck.com\/wp-content\/uploads\/2026\/01\/\u6e05\u6d17\u5438\u6c61\u8f66\u8be6\u60c5\u9875_15.webp\" alt=\"\" width=\"1234\" height=\"2281\" srcset=\"https:\/\/ac-truck.com\/wp-content\/uploads\/2026\/01\/\u6e05\u6d17\u5438\u6c61\u8f66\u8be6\u60c5\u9875_15.webp 790w, https:\/\/ac-truck.com\/wp-content\/uploads\/2026\/01\/\u6e05\u6d17\u5438\u6c61\u8f66\u8be6\u60c5\u9875_15-162x300.webp 162w, https:\/\/ac-truck.com\/wp-content\/uploads\/2026\/01\/\u6e05\u6d17\u5438\u6c61\u8f66\u8be6\u60c5\u9875_15-554x1024.webp 554w, https:\/\/ac-truck.com\/wp-content\/uploads\/2026\/01\/\u6e05\u6d17\u5438\u6c61\u8f66\u8be6\u60c5\u9875_15-768x1419.webp 768w, https:\/\/ac-truck.com\/wp-content\/uploads\/2026\/01\/\u6e05\u6d17\u5438\u6c61\u8f66\u8be6\u60c5\u9875_15-6x12.webp 6w, https:\/\/ac-truck.com\/wp-content\/uploads\/2026\/01\/\u6e05\u6d17\u5438\u6c61\u8f66\u8be6\u60c5\u9875_15-600x1109.webp 600w, https:\/\/ac-truck.com\/wp-content\/uploads\/2026\/01\/\u6e05\u6d17\u5438\u6c61\u8f66\u8be6\u60c5\u9875_15-150x277.webp 150w\" sizes=\"(max-width: 1234px) 100vw, 1234px\" \/><\/p>\n<h1 style=\"text-align: center;\">EMBALAJE Y TRANSPORTE<\/h1>\n<p><img loading=\"lazy\" decoding=\"async\" class=\"aligncenter wp-image-7259\" src=\"https:\/\/ac-truck.com\/wp-content\/uploads\/2026\/01\/\u6e05\u6d17\u5438\u6c61\u8f66\u8be6\u60c5\u9875_17.webp\" alt=\"\" width=\"1234\" height=\"3087\" srcset=\"https:\/\/ac-truck.com\/wp-content\/uploads\/2026\/01\/\u6e05\u6d17\u5438\u6c61\u8f66\u8be6\u60c5\u9875_17.webp 790w, https:\/\/ac-truck.com\/wp-content\/uploads\/2026\/01\/\u6e05\u6d17\u5438\u6c61\u8f66\u8be6\u60c5\u9875_17-120x300.webp 120w, https:\/\/ac-truck.com\/wp-content\/uploads\/2026\/01\/\u6e05\u6d17\u5438\u6c61\u8f66\u8be6\u60c5\u9875_17-409x1024.webp 409w, https:\/\/ac-truck.com\/wp-content\/uploads\/2026\/01\/\u6e05\u6d17\u5438\u6c61\u8f66\u8be6\u60c5\u9875_17-768x1921.webp 768w, https:\/\/ac-truck.com\/wp-content\/uploads\/2026\/01\/\u6e05\u6d17\u5438\u6c61\u8f66\u8be6\u60c5\u9875_17-614x1536.webp 614w, https:\/\/ac-truck.com\/wp-content\/uploads\/2026\/01\/\u6e05\u6d17\u5438\u6c61\u8f66\u8be6\u60c5\u9875_17-5x12.webp 5w, https:\/\/ac-truck.com\/wp-content\/uploads\/2026\/01\/\u6e05\u6d17\u5438\u6c61\u8f66\u8be6\u60c5\u9875_17-600x1501.webp 600w, https:\/\/ac-truck.com\/wp-content\/uploads\/2026\/01\/\u6e05\u6d17\u5438\u6c61\u8f66\u8be6\u60c5\u9875_17-150x375.webp 150w\" sizes=\"(max-width: 1234px) 100vw, 1234px\" \/><\/p>","protected":false},"excerpt":{"rendered":"<p>PRODUCT PARAMETERS Jetting Truck Combination Tanker 21000L HOWO &nbsp; project Descriptions Specifications Basic Overall dimensions(mm) 10100\u00d72550\u00d73850 curb weight(Kg) 17375 Loading<\/p>","protected":false},"featured_media":7260,"template":"","meta":[],"product_brand":[220],"product_cat":[194],"product_tag":[230,368,369],"class_list":{"0":"post-7250","1":"product","2":"type-product","3":"status-publish","4":"has-post-thumbnail","6":"product_brand-howo","7":"product_cat-septic-trucks","8":"product_tag-sewer-cleaning-truck","9":"product_tag-sewer-jetter-truck","10":"product_tag-sewer-jetting-vacuum-truck","12":"first","13":"instock","14":"shipping-taxable","15":"product-type-simple"},"_links":{"self":[{"href":"https:\/\/ac-truck.com\/es\/wp-json\/wp\/v2\/product\/7250","targetHints":{"allow":["GET"]}}],"collection":[{"href":"https:\/\/ac-truck.com\/es\/wp-json\/wp\/v2\/product"}],"about":[{"href":"https:\/\/ac-truck.com\/es\/wp-json\/wp\/v2\/types\/product"}],"version-history":[{"count":1,"href":"https:\/\/ac-truck.com\/es\/wp-json\/wp\/v2\/product\/7250\/revisions"}],"predecessor-version":[{"id":7266,"href":"https:\/\/ac-truck.com\/es\/wp-json\/wp\/v2\/product\/7250\/revisions\/7266"}],"wp:featuredmedia":[{"embeddable":true,"href":"https:\/\/ac-truck.com\/es\/wp-json\/wp\/v2\/media\/7260"}],"wp:attachment":[{"href":"https:\/\/ac-truck.com\/es\/wp-json\/wp\/v2\/media?parent=7250"}],"wp:term":[{"taxonomy":"product_brand","embeddable":true,"href":"https:\/\/ac-truck.com\/es\/wp-json\/wp\/v2\/product_brand?post=7250"},{"taxonomy":"product_cat","embeddable":true,"href":"https:\/\/ac-truck.com\/es\/wp-json\/wp\/v2\/product_cat?post=7250"},{"taxonomy":"product_tag","embeddable":true,"href":"https:\/\/ac-truck.com\/es\/wp-json\/wp\/v2\/product_tag?post=7250"}],"curies":[{"name":"wp","href":"https:\/\/api.w.org\/{rel}","templated":true}]}}