{"id":7307,"date":"2026-01-20T16:54:10","date_gmt":"2026-01-20T08:54:10","guid":{"rendered":"https:\/\/ac-truck.com\/?post_type=product&#038;p=7307"},"modified":"2026-01-20T16:54:10","modified_gmt":"2026-01-20T08:54:10","slug":"jetting-truck-combination-tanker-15000l-isuzu","status":"publish","type":"product","link":"https:\/\/ac-truck.com\/es\/jetting-truck-combination-tanker-15000l-isuzu.html","title":{"rendered":"Cami\u00f3n cisterna combinado ISUZU de 15.000 l con inyecci\u00f3n directa"},"content":{"rendered":"<p><img fetchpriority=\"high\" decoding=\"async\" class=\"aligncenter wp-image-7308\" src=\"https:\/\/ac-truck.com\/wp-content\/uploads\/2026\/01\/\u4ea7\u54c1\u6d77\u62a5_01-14.webp\" alt=\"\" width=\"1234\" height=\"1607\" srcset=\"https:\/\/ac-truck.com\/wp-content\/uploads\/2026\/01\/\u4ea7\u54c1\u6d77\u62a5_01-14.webp 790w, https:\/\/ac-truck.com\/wp-content\/uploads\/2026\/01\/\u4ea7\u54c1\u6d77\u62a5_01-14-230x300.webp 230w, https:\/\/ac-truck.com\/wp-content\/uploads\/2026\/01\/\u4ea7\u54c1\u6d77\u62a5_01-14-786x1024.webp 786w, https:\/\/ac-truck.com\/wp-content\/uploads\/2026\/01\/\u4ea7\u54c1\u6d77\u62a5_01-14-768x1000.webp 768w, https:\/\/ac-truck.com\/wp-content\/uploads\/2026\/01\/\u4ea7\u54c1\u6d77\u62a5_01-14-9x12.webp 9w, https:\/\/ac-truck.com\/wp-content\/uploads\/2026\/01\/\u4ea7\u54c1\u6d77\u62a5_01-14-600x782.webp 600w, https:\/\/ac-truck.com\/wp-content\/uploads\/2026\/01\/\u4ea7\u54c1\u6d77\u62a5_01-14-150x195.webp 150w\" sizes=\"(max-width: 1234px) 100vw, 1234px\" \/><\/p>\n<h1 style=\"text-align: center;\">PAR\u00c1METROS DEL PRODUCTO<\/h1>\n<p><img decoding=\"async\" class=\"aligncenter wp-image-7309\" src=\"https:\/\/ac-truck.com\/wp-content\/uploads\/2026\/01\/\u4ea7\u54c1\u6d77\u62a5_03-14.webp\" alt=\"\" width=\"1234\" height=\"486\" srcset=\"https:\/\/ac-truck.com\/wp-content\/uploads\/2026\/01\/\u4ea7\u54c1\u6d77\u62a5_03-14.webp 790w, https:\/\/ac-truck.com\/wp-content\/uploads\/2026\/01\/\u4ea7\u54c1\u6d77\u62a5_03-14-300x118.webp 300w, https:\/\/ac-truck.com\/wp-content\/uploads\/2026\/01\/\u4ea7\u54c1\u6d77\u62a5_03-14-768x302.webp 768w, https:\/\/ac-truck.com\/wp-content\/uploads\/2026\/01\/\u4ea7\u54c1\u6d77\u62a5_03-14-18x7.webp 18w, https:\/\/ac-truck.com\/wp-content\/uploads\/2026\/01\/\u4ea7\u54c1\u6d77\u62a5_03-14-600x236.webp 600w, https:\/\/ac-truck.com\/wp-content\/uploads\/2026\/01\/\u4ea7\u54c1\u6d77\u62a5_03-14-150x59.webp 150w\" sizes=\"(max-width: 1234px) 100vw, 1234px\" \/><\/p>\n<h1 style=\"text-align: center;\"><strong>VENTAJAS DEL VEH\u00cdCULO<\/strong><\/h1>\n<h5 style=\"text-align: center;\">POTENTES CAPACIDADES DE SUCCI\u00d3N Y DRENAJE DE AGUAS RESIDUALES<\/h5>\n<p><img decoding=\"async\" class=\"aligncenter wp-image-7253\" src=\"https:\/\/ac-truck.com\/wp-content\/uploads\/2026\/01\/%E6%B8%85%E6%B4%97%E5%90%B8%E6%B1%A1%E8%BD%A6%E8%AF%A6%E6%83%85%E9%A1%B5_05.webp\" sizes=\"(max-width: 1234px) 100vw, 1234px\" srcset=\"https:\/\/ac-truck.com\/wp-content\/uploads\/2026\/01\/\u6e05\u6d17\u5438\u6c61\u8f66\u8be6\u60c5\u9875_05.webp 790w, https:\/\/ac-truck.com\/wp-content\/uploads\/2026\/01\/\u6e05\u6d17\u5438\u6c61\u8f66\u8be6\u60c5\u9875_05-99x300.webp 99w, https:\/\/ac-truck.com\/wp-content\/uploads\/2026\/01\/\u6e05\u6d17\u5438\u6c61\u8f66\u8be6\u60c5\u9875_05-338x1024.webp 338w, https:\/\/ac-truck.com\/wp-content\/uploads\/2026\/01\/\u6e05\u6d17\u5438\u6c61\u8f66\u8be6\u60c5\u9875_05-768x2329.webp 768w, https:\/\/ac-truck.com\/wp-content\/uploads\/2026\/01\/\u6e05\u6d17\u5438\u6c61\u8f66\u8be6\u60c5\u9875_05-506x1536.webp 506w, https:\/\/ac-truck.com\/wp-content\/uploads\/2026\/01\/\u6e05\u6d17\u5438\u6c61\u8f66\u8be6\u60c5\u9875_05-675x2048.webp 675w, https:\/\/ac-truck.com\/wp-content\/uploads\/2026\/01\/\u6e05\u6d17\u5438\u6c61\u8f66\u8be6\u60c5\u9875_05-4x12.webp 4w, https:\/\/ac-truck.com\/wp-content\/uploads\/2026\/01\/\u6e05\u6d17\u5438\u6c61\u8f66\u8be6\u60c5\u9875_05-600x1820.webp 600w, https:\/\/ac-truck.com\/wp-content\/uploads\/2026\/01\/\u6e05\u6d17\u5438\u6c61\u8f66\u8be6\u60c5\u9875_05-150x455.webp 150w\" alt=\"\" width=\"1234\" height=\"3743\" \/><\/p>\n<p><strong>1. Bomba de vac\u00edo de ciclo de agua: presenta bajo consumo y alta eficiencia, con un poder de succi\u00f3n fuerte y estable.<\/strong><br \/>\n<strong>2. M\u00faltiples puertos de succi\u00f3n: con m\u00faltiples puertos de succi\u00f3n simult\u00e1neamente, la eficiencia operativa se duplica.<\/strong><br \/>\n<strong>3. Puerto de descarga hidr\u00e1ulica en la parte trasera del tanque: con la ayuda de energ\u00eda hidr\u00e1ulica, la descarga es r\u00e1pida y completa.<\/strong><br \/>\n<strong>4. Puerto de drenaje con v\u00e1lvula de bola en la parte inferior del tanque: controlado por una v\u00e1lvula de bola, ofrece un drenaje conveniente y evita fugas.<\/strong><br \/>\n<strong>5. Tuber\u00eda de succi\u00f3n de aguas residuales: es flexible y duradera, adecuada para condiciones de trabajo complejas.<\/strong><\/p>\n<h1 style=\"text-align: center;\">CONFIGURACI\u00d3N DE LIMPIEZA A ALTA PRESI\u00d3N<\/h1>\n<p><img loading=\"lazy\" decoding=\"async\" class=\"aligncenter wp-image-7254\" src=\"https:\/\/ac-truck.com\/wp-content\/uploads\/2026\/01\/%E6%B8%85%E6%B4%97%E5%90%B8%E6%B1%A1%E8%BD%A6%E8%AF%A6%E6%83%85%E9%A1%B5_07.webp\" sizes=\"(max-width: 1234px) 100vw, 1234px\" srcset=\"https:\/\/ac-truck.com\/wp-content\/uploads\/2026\/01\/\u6e05\u6d17\u5438\u6c61\u8f66\u8be6\u60c5\u9875_07.webp 790w, https:\/\/ac-truck.com\/wp-content\/uploads\/2026\/01\/\u6e05\u6d17\u5438\u6c61\u8f66\u8be6\u60c5\u9875_07-134x300.webp 134w, https:\/\/ac-truck.com\/wp-content\/uploads\/2026\/01\/\u6e05\u6d17\u5438\u6c61\u8f66\u8be6\u60c5\u9875_07-457x1024.webp 457w, https:\/\/ac-truck.com\/wp-content\/uploads\/2026\/01\/\u6e05\u6d17\u5438\u6c61\u8f66\u8be6\u60c5\u9875_07-768x1723.webp 768w, https:\/\/ac-truck.com\/wp-content\/uploads\/2026\/01\/\u6e05\u6d17\u5438\u6c61\u8f66\u8be6\u60c5\u9875_07-685x1536.webp 685w, https:\/\/ac-truck.com\/wp-content\/uploads\/2026\/01\/\u6e05\u6d17\u5438\u6c61\u8f66\u8be6\u60c5\u9875_07-5x12.webp 5w, https:\/\/ac-truck.com\/wp-content\/uploads\/2026\/01\/\u6e05\u6d17\u5438\u6c61\u8f66\u8be6\u60c5\u9875_07-600x1346.webp 600w, https:\/\/ac-truck.com\/wp-content\/uploads\/2026\/01\/\u6e05\u6d17\u5438\u6c61\u8f66\u8be6\u60c5\u9875_07-150x336.webp 150w\" alt=\"\" width=\"1234\" height=\"2768\" \/><\/p>\n<p><strong>1. Bomba de alta presi\u00f3n: con alta presi\u00f3n y un rendimiento potente, permite un dragado eficiente y que ahorra mano de obra.<\/strong><br \/>\n<strong>2. Bomba de \u00e9mbolo: resistente a alta presi\u00f3n y desgaste, estable en funcionamiento y duradera en uso.<\/strong><br \/>\n<strong>3. Tanque de agua circulante: proporciona suministro de agua circulante, lo que es pr\u00e1ctico para la conservaci\u00f3n del agua y la reducci\u00f3n del consumo de energ\u00eda.<\/strong><br \/>\n<strong>4. Entradas de agua en ambos lados del tanque de agua: con entradas de agua en ambos lados, la reposici\u00f3n de agua es r\u00e1pida y conveniente.<\/strong><br \/>\n<strong>5. Entrada y salida de agua limpia: la entrada y la salida no tienen obstrucciones, lo que hace que la operaci\u00f3n sea sencilla y sin preocupaciones.<\/strong><\/p>\n<h1 style=\"text-align: center;\">TANQUE DE ALMACENAMIENTO DE ALTA RESISTENCIA<\/h1>\n<p><img loading=\"lazy\" decoding=\"async\" class=\"aligncenter wp-image-7255\" src=\"https:\/\/ac-truck.com\/wp-content\/uploads\/2026\/01\/%E6%B8%85%E6%B4%97%E5%90%B8%E6%B1%A1%E8%BD%A6%E8%AF%A6%E6%83%85%E9%A1%B5_09.webp\" sizes=\"(max-width: 1234px) 100vw, 1234px\" srcset=\"https:\/\/ac-truck.com\/wp-content\/uploads\/2026\/01\/\u6e05\u6d17\u5438\u6c61\u8f66\u8be6\u60c5\u9875_09.webp 790w, https:\/\/ac-truck.com\/wp-content\/uploads\/2026\/01\/\u6e05\u6d17\u5438\u6c61\u8f66\u8be6\u60c5\u9875_09-145x300.webp 145w, https:\/\/ac-truck.com\/wp-content\/uploads\/2026\/01\/\u6e05\u6d17\u5438\u6c61\u8f66\u8be6\u60c5\u9875_09-493x1024.webp 493w, https:\/\/ac-truck.com\/wp-content\/uploads\/2026\/01\/\u6e05\u6d17\u5438\u6c61\u8f66\u8be6\u60c5\u9875_09-768x1594.webp 768w, https:\/\/ac-truck.com\/wp-content\/uploads\/2026\/01\/\u6e05\u6d17\u5438\u6c61\u8f66\u8be6\u60c5\u9875_09-740x1536.webp 740w, https:\/\/ac-truck.com\/wp-content\/uploads\/2026\/01\/\u6e05\u6d17\u5438\u6c61\u8f66\u8be6\u60c5\u9875_09-6x12.webp 6w, https:\/\/ac-truck.com\/wp-content\/uploads\/2026\/01\/\u6e05\u6d17\u5438\u6c61\u8f66\u8be6\u60c5\u9875_09-600x1246.webp 600w, https:\/\/ac-truck.com\/wp-content\/uploads\/2026\/01\/\u6e05\u6d17\u5438\u6c61\u8f66\u8be6\u60c5\u9875_09-150x311.webp 150w\" alt=\"\" width=\"1234\" height=\"2562\" \/><\/p>\n<p><strong>1. Tanque de almacenamiento de alta resistencia: es resistente a la presi\u00f3n y a la corrosi\u00f3n, robusto, duradero y capaz de soportar condiciones adversas.<\/strong><br \/>\n<strong>2. Interconexi\u00f3n entre el tanque de agua limpia y el tanque de aguas residuales: el flujo intermedio es suave, lo que ahorra agua, es eficiente y conveniente.<\/strong><br \/>\n<strong>3. Dispositivo de bloqueo: se bloquea firmemente y proporciona un sellado confiable para evitar fugas.<\/strong><\/p>\n<h1 style=\"text-align: center;\">OTROS DETALLES<\/h1>\n<p><img loading=\"lazy\" decoding=\"async\" class=\"aligncenter wp-image-7256\" src=\"https:\/\/ac-truck.com\/wp-content\/uploads\/2026\/01\/%E6%B8%85%E6%B4%97%E5%90%B8%E6%B1%A1%E8%BD%A6%E8%AF%A6%E6%83%85%E9%A1%B5_11.webp\" sizes=\"(max-width: 1234px) 100vw, 1234px\" srcset=\"https:\/\/ac-truck.com\/wp-content\/uploads\/2026\/01\/\u6e05\u6d17\u5438\u6c61\u8f66\u8be6\u60c5\u9875_11.webp 790w, https:\/\/ac-truck.com\/wp-content\/uploads\/2026\/01\/\u6e05\u6d17\u5438\u6c61\u8f66\u8be6\u60c5\u9875_11-167x300.webp 167w, https:\/\/ac-truck.com\/wp-content\/uploads\/2026\/01\/\u6e05\u6d17\u5438\u6c61\u8f66\u8be6\u60c5\u9875_11-570x1024.webp 570w, https:\/\/ac-truck.com\/wp-content\/uploads\/2026\/01\/\u6e05\u6d17\u5438\u6c61\u8f66\u8be6\u60c5\u9875_11-768x1380.webp 768w, https:\/\/ac-truck.com\/wp-content\/uploads\/2026\/01\/\u6e05\u6d17\u5438\u6c61\u8f66\u8be6\u60c5\u9875_11-7x12.webp 7w, https:\/\/ac-truck.com\/wp-content\/uploads\/2026\/01\/\u6e05\u6d17\u5438\u6c61\u8f66\u8be6\u60c5\u9875_11-600x1078.webp 600w, https:\/\/ac-truck.com\/wp-content\/uploads\/2026\/01\/\u6e05\u6d17\u5438\u6c61\u8f66\u8be6\u60c5\u9875_11-150x270.webp 150w\" alt=\"\" width=\"1234\" height=\"2218\" \/><\/p>\n<p><strong>1.180 carretes<\/strong><br \/>\n<strong>2. Aguas residuales visibles \u2013 tubo de volumen<\/strong><br \/>\n<strong>3. Escalera<\/strong><br \/>\n<strong>4. Caja de herramientas<\/strong><br \/>\n<strong>5. Varilla de operaci\u00f3n manual<\/strong><br \/>\n<strong>6. Man\u00f3metro grande<\/strong><br \/>\n<strong>7. Deflector de contaminaci\u00f3n<\/strong><br \/>\n<strong>8. Dispositivo para lavarse las manos<\/strong><\/p>\n<h1 style=\"text-align: center;\">PROCESO DE PRODUCCI\u00d3N<\/h1>\n<p><img loading=\"lazy\" decoding=\"async\" class=\"aligncenter wp-image-7257\" src=\"https:\/\/ac-truck.com\/wp-content\/uploads\/2026\/01\/%E6%B8%85%E6%B4%97%E5%90%B8%E6%B1%A1%E8%BD%A6%E8%AF%A6%E6%83%85%E9%A1%B5_13.webp\" sizes=\"(max-width: 1234px) 100vw, 1234px\" srcset=\"https:\/\/ac-truck.com\/wp-content\/uploads\/2026\/01\/\u6e05\u6d17\u5438\u6c61\u8f66\u8be6\u60c5\u9875_13.webp 790w, https:\/\/ac-truck.com\/wp-content\/uploads\/2026\/01\/\u6e05\u6d17\u5438\u6c61\u8f66\u8be6\u60c5\u9875_13-93x300.webp 93w, https:\/\/ac-truck.com\/wp-content\/uploads\/2026\/01\/\u6e05\u6d17\u5438\u6c61\u8f66\u8be6\u60c5\u9875_13-316x1024.webp 316w, https:\/\/ac-truck.com\/wp-content\/uploads\/2026\/01\/\u6e05\u6d17\u5438\u6c61\u8f66\u8be6\u60c5\u9875_13-768x2485.webp 768w, https:\/\/ac-truck.com\/wp-content\/uploads\/2026\/01\/\u6e05\u6d17\u5438\u6c61\u8f66\u8be6\u60c5\u9875_13-475x1536.webp 475w, https:\/\/ac-truck.com\/wp-content\/uploads\/2026\/01\/\u6e05\u6d17\u5438\u6c61\u8f66\u8be6\u60c5\u9875_13-633x2048.webp 633w, https:\/\/ac-truck.com\/wp-content\/uploads\/2026\/01\/\u6e05\u6d17\u5438\u6c61\u8f66\u8be6\u60c5\u9875_13-4x12.webp 4w, https:\/\/ac-truck.com\/wp-content\/uploads\/2026\/01\/\u6e05\u6d17\u5438\u6c61\u8f66\u8be6\u60c5\u9875_13-600x1941.webp 600w, https:\/\/ac-truck.com\/wp-content\/uploads\/2026\/01\/\u6e05\u6d17\u5438\u6c61\u8f66\u8be6\u60c5\u9875_13-150x485.webp 150w\" alt=\"\" width=\"1234\" height=\"3993\" \/><\/p>\n<p><strong>1. Laminado de placas para la formaci\u00f3n de tanques<\/strong><br \/>\n<strong>2. Soldadura del tanque<\/strong><br \/>\n<strong>3. Detalle de soldadura del cuerpo del tanque<\/strong><br \/>\n<strong>4. Montaje del cuerpo del tanque en el chasis<\/strong><br \/>\n<strong>5. Tratamiento de pulverizaci\u00f3n anticorrosi\u00f3n del cuerpo del tanque.<\/strong><br \/>\n<strong>6. Finalizaci\u00f3n de la instalaci\u00f3n de la parte superior de la carrocer\u00eda del veh\u00edculo<\/strong><\/p>\n<h1 style=\"text-align: center;\">ESCENARIOS DE APLICACI\u00d3N<\/h1>\n<p><img loading=\"lazy\" decoding=\"async\" class=\"aligncenter wp-image-7258\" src=\"https:\/\/ac-truck.com\/wp-content\/uploads\/2026\/01\/%E6%B8%85%E6%B4%97%E5%90%B8%E6%B1%A1%E8%BD%A6%E8%AF%A6%E6%83%85%E9%A1%B5_15.webp\" sizes=\"(max-width: 1234px) 100vw, 1234px\" srcset=\"https:\/\/ac-truck.com\/wp-content\/uploads\/2026\/01\/\u6e05\u6d17\u5438\u6c61\u8f66\u8be6\u60c5\u9875_15.webp 790w, https:\/\/ac-truck.com\/wp-content\/uploads\/2026\/01\/\u6e05\u6d17\u5438\u6c61\u8f66\u8be6\u60c5\u9875_15-162x300.webp 162w, https:\/\/ac-truck.com\/wp-content\/uploads\/2026\/01\/\u6e05\u6d17\u5438\u6c61\u8f66\u8be6\u60c5\u9875_15-554x1024.webp 554w, https:\/\/ac-truck.com\/wp-content\/uploads\/2026\/01\/\u6e05\u6d17\u5438\u6c61\u8f66\u8be6\u60c5\u9875_15-768x1419.webp 768w, https:\/\/ac-truck.com\/wp-content\/uploads\/2026\/01\/\u6e05\u6d17\u5438\u6c61\u8f66\u8be6\u60c5\u9875_15-6x12.webp 6w, https:\/\/ac-truck.com\/wp-content\/uploads\/2026\/01\/\u6e05\u6d17\u5438\u6c61\u8f66\u8be6\u60c5\u9875_15-600x1109.webp 600w, https:\/\/ac-truck.com\/wp-content\/uploads\/2026\/01\/\u6e05\u6d17\u5438\u6c61\u8f66\u8be6\u60c5\u9875_15-150x277.webp 150w\" alt=\"\" width=\"1234\" height=\"2281\" \/><\/p>\n<h1 style=\"text-align: center;\">EMBALAJE Y TRANSPORTE<\/h1>\n<p><img loading=\"lazy\" decoding=\"async\" class=\"aligncenter wp-image-7259\" src=\"https:\/\/ac-truck.com\/wp-content\/uploads\/2026\/01\/%E6%B8%85%E6%B4%97%E5%90%B8%E6%B1%A1%E8%BD%A6%E8%AF%A6%E6%83%85%E9%A1%B5_17.webp\" sizes=\"(max-width: 1234px) 100vw, 1234px\" srcset=\"https:\/\/ac-truck.com\/wp-content\/uploads\/2026\/01\/\u6e05\u6d17\u5438\u6c61\u8f66\u8be6\u60c5\u9875_17.webp 790w, https:\/\/ac-truck.com\/wp-content\/uploads\/2026\/01\/\u6e05\u6d17\u5438\u6c61\u8f66\u8be6\u60c5\u9875_17-120x300.webp 120w, https:\/\/ac-truck.com\/wp-content\/uploads\/2026\/01\/\u6e05\u6d17\u5438\u6c61\u8f66\u8be6\u60c5\u9875_17-409x1024.webp 409w, https:\/\/ac-truck.com\/wp-content\/uploads\/2026\/01\/\u6e05\u6d17\u5438\u6c61\u8f66\u8be6\u60c5\u9875_17-768x1921.webp 768w, https:\/\/ac-truck.com\/wp-content\/uploads\/2026\/01\/\u6e05\u6d17\u5438\u6c61\u8f66\u8be6\u60c5\u9875_17-614x1536.webp 614w, https:\/\/ac-truck.com\/wp-content\/uploads\/2026\/01\/\u6e05\u6d17\u5438\u6c61\u8f66\u8be6\u60c5\u9875_17-5x12.webp 5w, https:\/\/ac-truck.com\/wp-content\/uploads\/2026\/01\/\u6e05\u6d17\u5438\u6c61\u8f66\u8be6\u60c5\u9875_17-600x1501.webp 600w, https:\/\/ac-truck.com\/wp-content\/uploads\/2026\/01\/\u6e05\u6d17\u5438\u6c61\u8f66\u8be6\u60c5\u9875_17-150x375.webp 150w\" alt=\"\" width=\"1234\" height=\"3087\" \/><\/p>","protected":false},"excerpt":{"rendered":"<p>PRODUCT PARAMETERS VEHICLE ADVANTAGES POWERFUL SEWAGE SUCTION AND DRAINAGE CAPABILITIES 1. Water cycle vacuum pump: It features low consumption and<\/p>","protected":false},"featured_media":7310,"template":"","meta":[],"product_brand":[213],"product_cat":[194],"product_tag":[230,368,369],"class_list":{"0":"post-7307","1":"product","2":"type-product","3":"status-publish","4":"has-post-thumbnail","6":"product_brand-isuzu","7":"product_cat-septic-trucks","8":"product_tag-sewer-cleaning-truck","9":"product_tag-sewer-jetter-truck","10":"product_tag-sewer-jetting-vacuum-truck","12":"first","13":"instock","14":"shipping-taxable","15":"product-type-simple"},"_links":{"self":[{"href":"https:\/\/ac-truck.com\/es\/wp-json\/wp\/v2\/product\/7307","targetHints":{"allow":["GET"]}}],"collection":[{"href":"https:\/\/ac-truck.com\/es\/wp-json\/wp\/v2\/product"}],"about":[{"href":"https:\/\/ac-truck.com\/es\/wp-json\/wp\/v2\/types\/product"}],"version-history":[{"count":1,"href":"https:\/\/ac-truck.com\/es\/wp-json\/wp\/v2\/product\/7307\/revisions"}],"predecessor-version":[{"id":7316,"href":"https:\/\/ac-truck.com\/es\/wp-json\/wp\/v2\/product\/7307\/revisions\/7316"}],"wp:featuredmedia":[{"embeddable":true,"href":"https:\/\/ac-truck.com\/es\/wp-json\/wp\/v2\/media\/7310"}],"wp:attachment":[{"href":"https:\/\/ac-truck.com\/es\/wp-json\/wp\/v2\/media?parent=7307"}],"wp:term":[{"taxonomy":"product_brand","embeddable":true,"href":"https:\/\/ac-truck.com\/es\/wp-json\/wp\/v2\/product_brand?post=7307"},{"taxonomy":"product_cat","embeddable":true,"href":"https:\/\/ac-truck.com\/es\/wp-json\/wp\/v2\/product_cat?post=7307"},{"taxonomy":"product_tag","embeddable":true,"href":"https:\/\/ac-truck.com\/es\/wp-json\/wp\/v2\/product_tag?post=7307"}],"curies":[{"name":"wp","href":"https:\/\/api.w.org\/{rel}","templated":true}]}}