{"id":7476,"date":"2026-01-23T10:22:30","date_gmt":"2026-01-23T02:22:30","guid":{"rendered":"https:\/\/ac-truck.com\/?post_type=product&#038;p=7476"},"modified":"2026-01-23T10:22:30","modified_gmt":"2026-01-23T02:22:30","slug":"monitoring-ambulance-maxus","status":"publish","type":"product","link":"https:\/\/ac-truck.com\/es\/monitoring-ambulance-maxus.html","title":{"rendered":"Monitoreo de ambulancia Maxus"},"content":{"rendered":"<p><img fetchpriority=\"high\" decoding=\"async\" class=\"aligncenter wp-image-7477\" src=\"https:\/\/ac-truck.com\/wp-content\/uploads\/2026\/01\/1\u4ea7\u54c1\u6d77\u62a5_01-6.webp\" alt=\"\" width=\"1234\" height=\"1617\" srcset=\"https:\/\/ac-truck.com\/wp-content\/uploads\/2026\/01\/1\u4ea7\u54c1\u6d77\u62a5_01-6.webp 790w, https:\/\/ac-truck.com\/wp-content\/uploads\/2026\/01\/1\u4ea7\u54c1\u6d77\u62a5_01-6-229x300.webp 229w, https:\/\/ac-truck.com\/wp-content\/uploads\/2026\/01\/1\u4ea7\u54c1\u6d77\u62a5_01-6-782x1024.webp 782w, https:\/\/ac-truck.com\/wp-content\/uploads\/2026\/01\/1\u4ea7\u54c1\u6d77\u62a5_01-6-768x1006.webp 768w, https:\/\/ac-truck.com\/wp-content\/uploads\/2026\/01\/1\u4ea7\u54c1\u6d77\u62a5_01-6-9x12.webp 9w, https:\/\/ac-truck.com\/wp-content\/uploads\/2026\/01\/1\u4ea7\u54c1\u6d77\u62a5_01-6-600x786.webp 600w, https:\/\/ac-truck.com\/wp-content\/uploads\/2026\/01\/1\u4ea7\u54c1\u6d77\u62a5_01-6-150x197.webp 150w\" sizes=\"(max-width: 1234px) 100vw, 1234px\" \/><\/p>\n<h1 style=\"text-align: center;\">PAR\u00c1METROS DEL PRODUCTO<\/h1>\n<p><img decoding=\"async\" class=\"aligncenter wp-image-7478\" src=\"https:\/\/ac-truck.com\/wp-content\/uploads\/2026\/01\/1\u4ea7\u54c1\u6d77\u62a5_03-6.webp\" alt=\"\" width=\"1234\" height=\"486\" srcset=\"https:\/\/ac-truck.com\/wp-content\/uploads\/2026\/01\/1\u4ea7\u54c1\u6d77\u62a5_03-6.webp 790w, https:\/\/ac-truck.com\/wp-content\/uploads\/2026\/01\/1\u4ea7\u54c1\u6d77\u62a5_03-6-300x118.webp 300w, https:\/\/ac-truck.com\/wp-content\/uploads\/2026\/01\/1\u4ea7\u54c1\u6d77\u62a5_03-6-768x302.webp 768w, https:\/\/ac-truck.com\/wp-content\/uploads\/2026\/01\/1\u4ea7\u54c1\u6d77\u62a5_03-6-18x7.webp 18w, https:\/\/ac-truck.com\/wp-content\/uploads\/2026\/01\/1\u4ea7\u54c1\u6d77\u62a5_03-6-600x236.webp 600w, https:\/\/ac-truck.com\/wp-content\/uploads\/2026\/01\/1\u4ea7\u54c1\u6d77\u62a5_03-6-150x59.webp 150w\" sizes=\"(max-width: 1234px) 100vw, 1234px\" \/><\/p>\n<h2 style=\"text-align: center;\">Monitoreo de ambulancia Maxus<\/h2>\n<table>\n<tbody>\n<tr>\n<td width=\"114\"><strong>proyecto<\/strong><\/td>\n<td width=\"290\"><strong>Descripciones<\/strong><\/td>\n<td width=\"295\"><strong>Presupuesto<\/strong><\/td>\n<\/tr>\n<tr>\n<td rowspan=\"3\" width=\"114\"><strong>General<\/strong><\/td>\n<td width=\"290\"><strong>Dimensiones totales (mm)<\/strong><\/td>\n<td width=\"295\"><strong>5035 x 1998 x 2530<\/strong><\/td>\n<\/tr>\n<tr>\n<td width=\"290\"><strong>Masa total (Kg)<\/strong><\/td>\n<td width=\"295\"><strong>3800<\/strong><\/td>\n<\/tr>\n<tr>\n<td width=\"290\"><strong>peso en vac\u00edo (Kg)<\/strong><\/td>\n<td width=\"295\"><strong>2560<\/strong><\/td>\n<\/tr>\n<tr>\n<td rowspan=\"2\" width=\"114\"><strong>Cuerpo<\/strong><\/p>\n<p>&nbsp;<\/td>\n<td width=\"290\"><strong>Camilla autom\u00e1tica (juego)<\/strong><\/td>\n<td width=\"295\"><strong>1<\/strong><\/td>\n<\/tr>\n<tr>\n<td width=\"290\"><strong>Botella de ox\u00edgeno de 10L (juego)<\/strong><\/td>\n<td width=\"295\"><strong>2<\/strong><\/td>\n<\/tr>\n<tr>\n<td rowspan=\"10\" width=\"114\"><strong>Chasis<\/strong><\/td>\n<td width=\"290\"><strong>Nombre de marca<\/strong><\/td>\n<td width=\"295\"><strong>Maxus<\/strong><\/td>\n<\/tr>\n<tr>\n<td width=\"290\"><strong>Formulario de unidad<\/strong><\/td>\n<td width=\"295\"><strong>4X2<\/strong><\/td>\n<\/tr>\n<tr>\n<td width=\"290\"><strong>Volante<\/strong><\/td>\n<td width=\"295\"><strong>Left rudder<\/strong><\/td>\n<\/tr>\n<tr>\n<td width=\"290\"><strong>Modelo de motor<\/strong><\/td>\n<td width=\"295\"><strong>SC20M125.1Q6<\/strong><\/td>\n<\/tr>\n<tr>\n<td width=\"290\"><strong>Potencia m\u00e1xima del motor (kW)<\/strong><\/td>\n<td width=\"295\"><strong>93<\/strong><\/td>\n<\/tr>\n<tr>\n<td width=\"290\"><strong>Cilindrada del motor (ml)<\/strong><\/td>\n<td width=\"295\"><strong>1996<\/strong><\/td>\n<\/tr>\n<tr>\n<td width=\"290\"><strong>Norma de emisiones del motor<\/strong><\/td>\n<td width=\"295\"><strong>Euro 5<\/strong><\/td>\n<\/tr>\n<tr>\n<td width=\"290\"><strong>tipo de combustible<\/strong><\/td>\n<td width=\"295\"><strong>gas\u00f3leo<\/strong><\/td>\n<\/tr>\n<tr>\n<td width=\"290\"><strong>Caja de cambios<\/strong><\/td>\n<td width=\"295\"><strong>6-speed manual transmission<\/strong><\/td>\n<\/tr>\n<tr>\n<td width=\"290\"><strong>Tama\u00f1o de ruedas y neum\u00e1ticos<\/strong><\/td>\n<td width=\"295\"><strong>4\/(215\/75R16LT)<\/strong><\/td>\n<\/tr>\n<\/tbody>\n<\/table>\n<h1 style=\"text-align: center;\">VENTAJAS DEL VEH\u00cdCULO<\/h1>\n<h2 style=\"text-align: center;\">SELECCI\u00d3N DEL MODELO DE VEH\u00cdCULO<\/h2>\n<p><img decoding=\"async\" class=\"aligncenter wp-image-7350\" src=\"https:\/\/ac-truck.com\/wp-content\/uploads\/2026\/01\/%E6%95%91%E6%8A%A4%E8%BD%A6%E8%AF%A6%E6%83%85%E9%A1%B5_05.webp\" sizes=\"(max-width: 1234px) 100vw, 1234px\" srcset=\"https:\/\/ac-truck.com\/wp-content\/uploads\/2026\/01\/\u6551\u62a4\u8f66\u8be6\u60c5\u9875_05.webp 790w, https:\/\/ac-truck.com\/wp-content\/uploads\/2026\/01\/\u6551\u62a4\u8f66\u8be6\u60c5\u9875_05-229x300.webp 229w, https:\/\/ac-truck.com\/wp-content\/uploads\/2026\/01\/\u6551\u62a4\u8f66\u8be6\u60c5\u9875_05-780x1024.webp 780w, https:\/\/ac-truck.com\/wp-content\/uploads\/2026\/01\/\u6551\u62a4\u8f66\u8be6\u60c5\u9875_05-768x1008.webp 768w, https:\/\/ac-truck.com\/wp-content\/uploads\/2026\/01\/\u6551\u62a4\u8f66\u8be6\u60c5\u9875_05-9x12.webp 9w, https:\/\/ac-truck.com\/wp-content\/uploads\/2026\/01\/\u6551\u62a4\u8f66\u8be6\u60c5\u9875_05-600x788.webp 600w, https:\/\/ac-truck.com\/wp-content\/uploads\/2026\/01\/\u6551\u62a4\u8f66\u8be6\u60c5\u9875_05-150x197.webp 150w\" alt=\"\" width=\"1234\" height=\"1620\" \/><\/p>\n<p><strong>1. Cami\u00f3n ambulancia tipo traslado: con equipo m\u00e9dico b\u00e1sico y amplio espacio, se utiliza para el traslado de pacientes comunes y la recogida y entrega de pacientes dados de alta.<\/strong><br \/>\n<strong>2. Cami\u00f3n ambulancia tipo monitor: Equipado con un conjunto completo de equipos de primeros auxilios y una cabina de presi\u00f3n negativa, es adecuado para el tratamiento de emergencia y el traslado de pacientes en estado cr\u00edtico.<\/strong><br \/>\n<strong>3. Cami\u00f3n ambulancia de presi\u00f3n negativa: equipado con un sistema de aislamiento de presi\u00f3n negativa para evitar la propagaci\u00f3n, se utiliza para el traslado de pacientes con enfermedades infecciosas y la prevenci\u00f3n y control de epidemias.<\/strong><\/p>\n<h1 style=\"text-align: center;\">CONFIGURACI\u00d3N B\u00c1SICA DE SEGURIDAD<\/h1>\n<p><img loading=\"lazy\" decoding=\"async\" class=\"aligncenter wp-image-7351\" src=\"https:\/\/ac-truck.com\/wp-content\/uploads\/2026\/01\/%E6%95%91%E6%8A%A4%E8%BD%A6%E8%AF%A6%E6%83%85%E9%A1%B5_07.webp\" sizes=\"(max-width: 1234px) 100vw, 1234px\" srcset=\"https:\/\/ac-truck.com\/wp-content\/uploads\/2026\/01\/\u6551\u62a4\u8f66\u8be6\u60c5\u9875_07.webp 790w, https:\/\/ac-truck.com\/wp-content\/uploads\/2026\/01\/\u6551\u62a4\u8f66\u8be6\u60c5\u9875_07-149x300.webp 149w, https:\/\/ac-truck.com\/wp-content\/uploads\/2026\/01\/\u6551\u62a4\u8f66\u8be6\u60c5\u9875_07-509x1024.webp 509w, https:\/\/ac-truck.com\/wp-content\/uploads\/2026\/01\/\u6551\u62a4\u8f66\u8be6\u60c5\u9875_07-768x1546.webp 768w, https:\/\/ac-truck.com\/wp-content\/uploads\/2026\/01\/\u6551\u62a4\u8f66\u8be6\u60c5\u9875_07-763x1536.webp 763w, https:\/\/ac-truck.com\/wp-content\/uploads\/2026\/01\/\u6551\u62a4\u8f66\u8be6\u60c5\u9875_07-6x12.webp 6w, https:\/\/ac-truck.com\/wp-content\/uploads\/2026\/01\/\u6551\u62a4\u8f66\u8be6\u60c5\u9875_07-600x1208.webp 600w, https:\/\/ac-truck.com\/wp-content\/uploads\/2026\/01\/\u6551\u62a4\u8f66\u8be6\u60c5\u9875_07-150x302.webp 150w\" alt=\"\" width=\"1234\" height=\"2484\" \/><\/p>\n<p><strong>1. Mampara de cabina m\u00e9dica (antibacteriana y resistente al fuego)<\/strong><br \/>\n<strong>2. Piso (piso m\u00e9dico de cuero antideslizante y antibacteriano)<\/strong><br \/>\n<strong>3. Pasamanos (pasamanos antibacteriano)<\/strong><br \/>\n<strong>4. Cinturones de seguridad (cinturones de seguridad para personal m\u00e9dico)<\/strong><br \/>\n<strong>5. Extintor de incendios<\/strong><br \/>\n<strong>6. Martillo de seguridad<\/strong><\/p>\n<h1 style=\"text-align: center;\">CONFIGURACI\u00d3N M\u00c9DICA PRINCIPAL<\/h1>\n<p><img loading=\"lazy\" decoding=\"async\" class=\"aligncenter wp-image-7352\" src=\"https:\/\/ac-truck.com\/wp-content\/uploads\/2026\/01\/%E6%95%91%E6%8A%A4%E8%BD%A6%E8%AF%A6%E6%83%85%E9%A1%B5_09.webp\" sizes=\"(max-width: 1234px) 100vw, 1234px\" srcset=\"https:\/\/ac-truck.com\/wp-content\/uploads\/2026\/01\/\u6551\u62a4\u8f66\u8be6\u60c5\u9875_09.webp 790w, https:\/\/ac-truck.com\/wp-content\/uploads\/2026\/01\/\u6551\u62a4\u8f66\u8be6\u60c5\u9875_09-174x300.webp 174w, https:\/\/ac-truck.com\/wp-content\/uploads\/2026\/01\/\u6551\u62a4\u8f66\u8be6\u60c5\u9875_09-595x1024.webp 595w, https:\/\/ac-truck.com\/wp-content\/uploads\/2026\/01\/\u6551\u62a4\u8f66\u8be6\u60c5\u9875_09-768x1322.webp 768w, https:\/\/ac-truck.com\/wp-content\/uploads\/2026\/01\/\u6551\u62a4\u8f66\u8be6\u60c5\u9875_09-7x12.webp 7w, https:\/\/ac-truck.com\/wp-content\/uploads\/2026\/01\/\u6551\u62a4\u8f66\u8be6\u60c5\u9875_09-600x1033.webp 600w, https:\/\/ac-truck.com\/wp-content\/uploads\/2026\/01\/\u6551\u62a4\u8f66\u8be6\u60c5\u9875_09-150x258.webp 150w\" alt=\"\" width=\"1234\" height=\"2124\" \/><\/p>\n<p><strong>1. Cilindro de ox\u00edgeno: capacidad suficiente, que proporciona un suministro de ox\u00edgeno estable y duradero.<\/strong><br \/>\n<strong>2. Toma de 24 V e interfaz de suministro de ox\u00edgeno: Interfaz de uso dual con gran adaptabilidad.<\/strong><br \/>\n<strong>3. Inversor: Conversi\u00f3n de alta eficiencia y funcionamiento estable.<\/strong><br \/>\n<strong>4. Focos: Luz enfocada, asegurando una visi\u00f3n clara para las operaciones.<\/strong><br \/>\n<strong>5.Camilla: Ajustable en altura, evitando lesiones secundarias durante el traslado.<\/strong><br \/>\n<strong>6. Dispositivo de fijaci\u00f3n de la camilla: Bloqueo seguro, evitando que se desplace.<\/strong><br \/>\n<strong>Colocaci\u00f3n debido a golpes.<\/strong><br \/>\n<strong>7. Deslizador de camilla: Empuja y tira suavemente, ahorrando esfuerzo y<\/strong><br \/>\n<strong>aumentando la velocidad.<\/strong><br \/>\n<strong>8. Soportes para equipos: Soportes especiales para monitores\/desfibriladores\/ventiladores<\/strong><br \/>\n<strong>9. Soporte de infusi\u00f3n: ajustable, lo que permite un ajuste flexible de la altura de infusi\u00f3n.<\/strong><\/p>\n<h1 style=\"text-align: center;\">CONFIGURACIONES DE COMODIDAD Y CONVENIENCIA<\/h1>\n<p><img loading=\"lazy\" decoding=\"async\" class=\"aligncenter wp-image-7353\" src=\"https:\/\/ac-truck.com\/wp-content\/uploads\/2026\/01\/%E6%95%91%E6%8A%A4%E8%BD%A6%E8%AF%A6%E6%83%85%E9%A1%B5_11.webp\" sizes=\"(max-width: 1234px) 100vw, 1234px\" srcset=\"https:\/\/ac-truck.com\/wp-content\/uploads\/2026\/01\/\u6551\u62a4\u8f66\u8be6\u60c5\u9875_11.webp 790w, https:\/\/ac-truck.com\/wp-content\/uploads\/2026\/01\/\u6551\u62a4\u8f66\u8be6\u60c5\u9875_11-94x300.webp 94w, https:\/\/ac-truck.com\/wp-content\/uploads\/2026\/01\/\u6551\u62a4\u8f66\u8be6\u60c5\u9875_11-322x1024.webp 322w, https:\/\/ac-truck.com\/wp-content\/uploads\/2026\/01\/\u6551\u62a4\u8f66\u8be6\u60c5\u9875_11-768x2446.webp 768w, https:\/\/ac-truck.com\/wp-content\/uploads\/2026\/01\/\u6551\u62a4\u8f66\u8be6\u60c5\u9875_11-482x1536.webp 482w, https:\/\/ac-truck.com\/wp-content\/uploads\/2026\/01\/\u6551\u62a4\u8f66\u8be6\u60c5\u9875_11-643x2048.webp 643w, https:\/\/ac-truck.com\/wp-content\/uploads\/2026\/01\/\u6551\u62a4\u8f66\u8be6\u60c5\u9875_11-4x12.webp 4w, https:\/\/ac-truck.com\/wp-content\/uploads\/2026\/01\/\u6551\u62a4\u8f66\u8be6\u60c5\u9875_11-600x1911.webp 600w, https:\/\/ac-truck.com\/wp-content\/uploads\/2026\/01\/\u6551\u62a4\u8f66\u8be6\u60c5\u9875_11-150x478.webp 150w\" alt=\"\" width=\"1234\" height=\"3930\" \/><\/p>\n<p><strong>1. Rejillas de ventilaci\u00f3n del aire acondicionado y l\u00e1mpara de desinfecci\u00f3n<\/strong><br \/>\n<strong>2. Ventilador de escape<\/strong><br \/>\n<strong>3. Focos<\/strong><br \/>\n<strong>4. Asientos para el personal m\u00e9dico<\/strong><br \/>\n<strong>5. Armarios de almacenamiento<\/strong><br \/>\n<strong>6. Panel de control<\/strong><br \/>\n<strong>7. Control remoto<\/strong><br \/>\n<strong>8.Intercom<\/strong><br \/>\n<strong>9. Cubo de basura<\/strong><\/p>\n<h1 style=\"text-align: center;\">OTROS DETALLES<\/h1>\n<p><img loading=\"lazy\" decoding=\"async\" class=\"aligncenter wp-image-7354\" src=\"https:\/\/ac-truck.com\/wp-content\/uploads\/2026\/01\/%E6%95%91%E6%8A%A4%E8%BD%A6%E8%AF%A6%E6%83%85%E9%A1%B5_13.webp\" sizes=\"(max-width: 1234px) 100vw, 1234px\" srcset=\"https:\/\/ac-truck.com\/wp-content\/uploads\/2026\/01\/\u6551\u62a4\u8f66\u8be6\u60c5\u9875_13.webp 790w, https:\/\/ac-truck.com\/wp-content\/uploads\/2026\/01\/\u6551\u62a4\u8f66\u8be6\u60c5\u9875_13-266x300.webp 266w, https:\/\/ac-truck.com\/wp-content\/uploads\/2026\/01\/\u6551\u62a4\u8f66\u8be6\u60c5\u9875_13-768x867.webp 768w, https:\/\/ac-truck.com\/wp-content\/uploads\/2026\/01\/\u6551\u62a4\u8f66\u8be6\u60c5\u9875_13-11x12.webp 11w, https:\/\/ac-truck.com\/wp-content\/uploads\/2026\/01\/\u6551\u62a4\u8f66\u8be6\u60c5\u9875_13-600x677.webp 600w, https:\/\/ac-truck.com\/wp-content\/uploads\/2026\/01\/\u6551\u62a4\u8f66\u8be6\u60c5\u9875_13-150x169.webp 150w\" alt=\"\" width=\"1234\" height=\"1393\" \/><\/p>\n<p><strong>1. Luces de alarma<\/strong><br \/>\n<strong>2. luces estrobosc\u00f3picas<\/strong><br \/>\n<strong>3. luces laterales de advertencia<\/strong><\/p>\n<h1 style=\"text-align: center;\">PROCESO DE PRODUCCI\u00d3N<\/h1>\n<p><img loading=\"lazy\" decoding=\"async\" class=\"aligncenter wp-image-7355\" src=\"https:\/\/ac-truck.com\/wp-content\/uploads\/2026\/01\/%E6%95%91%E6%8A%A4%E8%BD%A6%E8%AF%A6%E6%83%85%E9%A1%B5_15.webp\" sizes=\"(max-width: 1234px) 100vw, 1234px\" srcset=\"https:\/\/ac-truck.com\/wp-content\/uploads\/2026\/01\/\u6551\u62a4\u8f66\u8be6\u60c5\u9875_15.webp 790w, https:\/\/ac-truck.com\/wp-content\/uploads\/2026\/01\/\u6551\u62a4\u8f66\u8be6\u60c5\u9875_15-110x300.webp 110w, https:\/\/ac-truck.com\/wp-content\/uploads\/2026\/01\/\u6551\u62a4\u8f66\u8be6\u60c5\u9875_15-374x1024.webp 374w, https:\/\/ac-truck.com\/wp-content\/uploads\/2026\/01\/\u6551\u62a4\u8f66\u8be6\u60c5\u9875_15-768x2102.webp 768w, https:\/\/ac-truck.com\/wp-content\/uploads\/2026\/01\/\u6551\u62a4\u8f66\u8be6\u60c5\u9875_15-561x1536.webp 561w, https:\/\/ac-truck.com\/wp-content\/uploads\/2026\/01\/\u6551\u62a4\u8f66\u8be6\u60c5\u9875_15-748x2048.webp 748w, https:\/\/ac-truck.com\/wp-content\/uploads\/2026\/01\/\u6551\u62a4\u8f66\u8be6\u60c5\u9875_15-4x12.webp 4w, https:\/\/ac-truck.com\/wp-content\/uploads\/2026\/01\/\u6551\u62a4\u8f66\u8be6\u60c5\u9875_15-600x1642.webp 600w, https:\/\/ac-truck.com\/wp-content\/uploads\/2026\/01\/\u6551\u62a4\u8f66\u8be6\u60c5\u9875_15-150x411.webp 150w\" alt=\"\" width=\"1234\" height=\"3377\" \/><img loading=\"lazy\" decoding=\"async\" class=\"aligncenter wp-image-7356\" src=\"https:\/\/ac-truck.com\/wp-content\/uploads\/2026\/01\/%E6%95%91%E6%8A%A4%E8%BD%A6%E8%AF%A6%E6%83%85%E9%A1%B5_16.webp\" sizes=\"(max-width: 1234px) 100vw, 1234px\" srcset=\"https:\/\/ac-truck.com\/wp-content\/uploads\/2026\/01\/\u6551\u62a4\u8f66\u8be6\u60c5\u9875_16.webp 790w, https:\/\/ac-truck.com\/wp-content\/uploads\/2026\/01\/\u6551\u62a4\u8f66\u8be6\u60c5\u9875_16-146x300.webp 146w, https:\/\/ac-truck.com\/wp-content\/uploads\/2026\/01\/\u6551\u62a4\u8f66\u8be6\u60c5\u9875_16-498x1024.webp 498w, https:\/\/ac-truck.com\/wp-content\/uploads\/2026\/01\/\u6551\u62a4\u8f66\u8be6\u60c5\u9875_16-768x1578.webp 768w, https:\/\/ac-truck.com\/wp-content\/uploads\/2026\/01\/\u6551\u62a4\u8f66\u8be6\u60c5\u9875_16-748x1536.webp 748w, https:\/\/ac-truck.com\/wp-content\/uploads\/2026\/01\/\u6551\u62a4\u8f66\u8be6\u60c5\u9875_16-6x12.webp 6w, https:\/\/ac-truck.com\/wp-content\/uploads\/2026\/01\/\u6551\u62a4\u8f66\u8be6\u60c5\u9875_16-600x1233.webp 600w, https:\/\/ac-truck.com\/wp-content\/uploads\/2026\/01\/\u6551\u62a4\u8f66\u8be6\u60c5\u9875_16-150x308.webp 150w\" alt=\"\" width=\"1234\" height=\"2535\" \/><\/p>\n<p><strong>1. Preparaci\u00f3n del material del lote<\/strong><br \/>\n<strong>2. Procesamiento de material en l\u00e1minas mediante m\u00e1quina de carga de matrices<\/strong><br \/>\n<strong>3. Construcci\u00f3n y sellado de la estructura de la cabina m\u00e9dica<\/strong><br \/>\n<strong>4. Decoraci\u00f3n interior y construcci\u00f3n de funciones b\u00e1sicas de la cabina m\u00e9dica.<\/strong><br \/>\n<strong>5. Instalaci\u00f3n del sistema m\u00e9dico central<\/strong><br \/>\n<strong>6. Acabado exterior e instalaci\u00f3n del sistema de alerta<\/strong><br \/>\n<strong>7. Finalizaci\u00f3n de la instalaci\u00f3n de la carrocer\u00eda superior del veh\u00edculo<\/strong><\/p>\n<h1 style=\"text-align: center;\">ESCENARIOS DE APLICACI\u00d3N<\/h1>\n<p><img loading=\"lazy\" decoding=\"async\" class=\"aligncenter wp-image-7357\" src=\"https:\/\/ac-truck.com\/wp-content\/uploads\/2026\/01\/%E6%95%91%E6%8A%A4%E8%BD%A6%E8%AF%A6%E6%83%85%E9%A1%B5_18.webp\" sizes=\"(max-width: 1234px) 100vw, 1234px\" srcset=\"https:\/\/ac-truck.com\/wp-content\/uploads\/2026\/01\/\u6551\u62a4\u8f66\u8be6\u60c5\u9875_18.webp 790w, https:\/\/ac-truck.com\/wp-content\/uploads\/2026\/01\/\u6551\u62a4\u8f66\u8be6\u60c5\u9875_18-193x300.webp 193w, https:\/\/ac-truck.com\/wp-content\/uploads\/2026\/01\/\u6551\u62a4\u8f66\u8be6\u60c5\u9875_18-659x1024.webp 659w, https:\/\/ac-truck.com\/wp-content\/uploads\/2026\/01\/\u6551\u62a4\u8f66\u8be6\u60c5\u9875_18-768x1194.webp 768w, https:\/\/ac-truck.com\/wp-content\/uploads\/2026\/01\/\u6551\u62a4\u8f66\u8be6\u60c5\u9875_18-8x12.webp 8w, https:\/\/ac-truck.com\/wp-content\/uploads\/2026\/01\/\u6551\u62a4\u8f66\u8be6\u60c5\u9875_18-600x933.webp 600w, https:\/\/ac-truck.com\/wp-content\/uploads\/2026\/01\/\u6551\u62a4\u8f66\u8be6\u60c5\u9875_18-150x233.webp 150w\" alt=\"\" width=\"1234\" height=\"1918\" \/><\/p>\n<h1 style=\"text-align: center;\">EMBALAJE Y TRANSPORTE<\/h1>\n<p><img loading=\"lazy\" decoding=\"async\" class=\"aligncenter wp-image-7358\" src=\"https:\/\/ac-truck.com\/wp-content\/uploads\/2026\/01\/%E6%95%91%E6%8A%A4%E8%BD%A6%E8%AF%A6%E6%83%85%E9%A1%B5_20.webp\" sizes=\"(max-width: 1234px) 100vw, 1234px\" srcset=\"https:\/\/ac-truck.com\/wp-content\/uploads\/2026\/01\/\u6551\u62a4\u8f66\u8be6\u60c5\u9875_20.webp 790w, https:\/\/ac-truck.com\/wp-content\/uploads\/2026\/01\/\u6551\u62a4\u8f66\u8be6\u60c5\u9875_20-214x300.webp 214w, https:\/\/ac-truck.com\/wp-content\/uploads\/2026\/01\/\u6551\u62a4\u8f66\u8be6\u60c5\u9875_20-732x1024.webp 732w, https:\/\/ac-truck.com\/wp-content\/uploads\/2026\/01\/\u6551\u62a4\u8f66\u8be6\u60c5\u9875_20-768x1074.webp 768w, https:\/\/ac-truck.com\/wp-content\/uploads\/2026\/01\/\u6551\u62a4\u8f66\u8be6\u60c5\u9875_20-9x12.webp 9w, https:\/\/ac-truck.com\/wp-content\/uploads\/2026\/01\/\u6551\u62a4\u8f66\u8be6\u60c5\u9875_20-600x839.webp 600w, https:\/\/ac-truck.com\/wp-content\/uploads\/2026\/01\/\u6551\u62a4\u8f66\u8be6\u60c5\u9875_20-150x210.webp 150w\" alt=\"\" width=\"1234\" height=\"1726\" \/><\/p>","protected":false},"excerpt":{"rendered":"<p>PRODUCT PARAMETERS Monitoring Ambulance Maxus project Descriptions Specifications General Overall dimensions(mm) 5035 x 1998 x 2530 Total mass(Kg) 3800 curb<\/p>","protected":false},"featured_media":7479,"template":"","meta":[],"product_brand":[374],"product_cat":[183],"product_tag":[370,371,372,373],"class_list":{"0":"post-7476","1":"product","2":"type-product","3":"status-publish","4":"has-post-thumbnail","6":"product_brand-maxus","7":"product_cat-ambulance","8":"product_tag-ambulance","9":"product_tag-emergency-ambulance","10":"product_tag-medical-ambulance","11":"product_tag-monitoring-ambulance","13":"first","14":"instock","15":"shipping-taxable","16":"product-type-simple"},"_links":{"self":[{"href":"https:\/\/ac-truck.com\/es\/wp-json\/wp\/v2\/product\/7476","targetHints":{"allow":["GET"]}}],"collection":[{"href":"https:\/\/ac-truck.com\/es\/wp-json\/wp\/v2\/product"}],"about":[{"href":"https:\/\/ac-truck.com\/es\/wp-json\/wp\/v2\/types\/product"}],"version-history":[{"count":1,"href":"https:\/\/ac-truck.com\/es\/wp-json\/wp\/v2\/product\/7476\/revisions"}],"predecessor-version":[{"id":7485,"href":"https:\/\/ac-truck.com\/es\/wp-json\/wp\/v2\/product\/7476\/revisions\/7485"}],"wp:featuredmedia":[{"embeddable":true,"href":"https:\/\/ac-truck.com\/es\/wp-json\/wp\/v2\/media\/7479"}],"wp:attachment":[{"href":"https:\/\/ac-truck.com\/es\/wp-json\/wp\/v2\/media?parent=7476"}],"wp:term":[{"taxonomy":"product_brand","embeddable":true,"href":"https:\/\/ac-truck.com\/es\/wp-json\/wp\/v2\/product_brand?post=7476"},{"taxonomy":"product_cat","embeddable":true,"href":"https:\/\/ac-truck.com\/es\/wp-json\/wp\/v2\/product_cat?post=7476"},{"taxonomy":"product_tag","embeddable":true,"href":"https:\/\/ac-truck.com\/es\/wp-json\/wp\/v2\/product_tag?post=7476"}],"curies":[{"name":"wp","href":"https:\/\/api.w.org\/{rel}","templated":true}]}}