{"id":7622,"date":"2026-01-24T14:35:14","date_gmt":"2026-01-24T06:35:14","guid":{"rendered":"https:\/\/ac-truck.com\/?post_type=product&#038;p=7622"},"modified":"2026-03-16T10:18:00","modified_gmt":"2026-03-16T02:18:00","slug":"asphalt-distributor-truck-10000l-howo","status":"publish","type":"product","link":"https:\/\/ac-truck.com\/es\/asphalt-distributor-truck-10000l-howo.html","title":{"rendered":"Cami\u00f3n distribuidor de asfalto HOWO de 10.000 litros"},"content":{"rendered":"<h1><img fetchpriority=\"high\" decoding=\"async\" class=\"aligncenter wp-image-7803\" src=\"https:\/\/ac-truck.com\/wp-content\/uploads\/2026\/01\/1\u4ea7\u54c1\u6d77\u62a5_01-.webp\" alt=\"\" width=\"1234\" height=\"1614\" srcset=\"https:\/\/ac-truck.com\/wp-content\/uploads\/2026\/01\/1\u4ea7\u54c1\u6d77\u62a5_01-.webp 790w, https:\/\/ac-truck.com\/wp-content\/uploads\/2026\/01\/1\u4ea7\u54c1\u6d77\u62a5_01--229x300.webp 229w, https:\/\/ac-truck.com\/wp-content\/uploads\/2026\/01\/1\u4ea7\u54c1\u6d77\u62a5_01--783x1024.webp 783w, https:\/\/ac-truck.com\/wp-content\/uploads\/2026\/01\/1\u4ea7\u54c1\u6d77\u62a5_01--768x1004.webp 768w, https:\/\/ac-truck.com\/wp-content\/uploads\/2026\/01\/1\u4ea7\u54c1\u6d77\u62a5_01--9x12.webp 9w, https:\/\/ac-truck.com\/wp-content\/uploads\/2026\/01\/1\u4ea7\u54c1\u6d77\u62a5_01--600x785.webp 600w, https:\/\/ac-truck.com\/wp-content\/uploads\/2026\/01\/1\u4ea7\u54c1\u6d77\u62a5_01--150x196.webp 150w\" sizes=\"(max-width: 1234px) 100vw, 1234px\" \/><\/h1>\n<h1 style=\"text-align: center;\">PAR\u00c1METROS DEL PRODUCTO<\/h1>\n<h1><img decoding=\"async\" class=\"aligncenter wp-image-7804\" src=\"https:\/\/ac-truck.com\/wp-content\/uploads\/2026\/01\/1\u4ea7\u54c1\u6d77\u62a5_03-18.webp\" alt=\"\" width=\"1234\" height=\"492\" srcset=\"https:\/\/ac-truck.com\/wp-content\/uploads\/2026\/01\/1\u4ea7\u54c1\u6d77\u62a5_03-18.webp 790w, https:\/\/ac-truck.com\/wp-content\/uploads\/2026\/01\/1\u4ea7\u54c1\u6d77\u62a5_03-18-300x120.webp 300w, https:\/\/ac-truck.com\/wp-content\/uploads\/2026\/01\/1\u4ea7\u54c1\u6d77\u62a5_03-18-768x306.webp 768w, https:\/\/ac-truck.com\/wp-content\/uploads\/2026\/01\/1\u4ea7\u54c1\u6d77\u62a5_03-18-18x7.webp 18w, https:\/\/ac-truck.com\/wp-content\/uploads\/2026\/01\/1\u4ea7\u54c1\u6d77\u62a5_03-18-600x239.webp 600w, https:\/\/ac-truck.com\/wp-content\/uploads\/2026\/01\/1\u4ea7\u54c1\u6d77\u62a5_03-18-150x60.webp 150w\" sizes=\"(max-width: 1234px) 100vw, 1234px\" \/><\/h1>\n<h3 style=\"text-align: center;\">Cami\u00f3n distribuidor de asfalto HOWO de 10.000 litros<\/h3>\n<table>\n<tbody>\n<tr>\n<td width=\"79\"><strong>proyecto<\/strong><\/td>\n<td width=\"319\"><strong>Descripciones<\/strong><\/td>\n<td width=\"288\"><strong>Presupuesto<\/strong><\/td>\n<\/tr>\n<tr>\n<td rowspan=\"4\" width=\"79\"><strong>B\u00e1sico<\/strong><\/td>\n<td width=\"319\"><strong>Dimensiones totales (mm)<\/strong><\/td>\n<td width=\"288\"><strong>7885\u00d72400\u00d72900<\/strong><\/td>\n<\/tr>\n<tr>\n<td width=\"319\"><strong>peso en vac\u00edo (Kg)<\/strong><\/td>\n<td width=\"288\"><strong>8180<\/strong><\/td>\n<\/tr>\n<tr>\n<td width=\"319\"><strong>Capacidad de carga (Kg)<\/strong><\/td>\n<td width=\"288\"><strong>7485<\/strong><\/td>\n<\/tr>\n<tr>\n<td width=\"319\"><strong>Masa total (Kg)<\/strong><\/td>\n<td width=\"288\"><strong>15795<\/strong><\/td>\n<\/tr>\n<tr>\n<td rowspan=\"3\" width=\"79\"><strong>Cuerpo<\/strong><\/td>\n<td width=\"319\"><strong>Volumen total (L)<\/strong><\/td>\n<td width=\"288\"><strong>10000<\/strong><\/td>\n<\/tr>\n<tr>\n<td width=\"319\"><strong>Tank material\u6750\u8d28<\/strong><\/td>\n<td width=\"288\"><strong>Q235<\/strong><\/td>\n<\/tr>\n<tr>\n<td width=\"319\"><strong>Control system\u63a7\u5236\u5668<\/strong><\/td>\n<td width=\"288\"><strong>Sistema de control PLC<\/strong><\/td>\n<\/tr>\n<tr>\n<td rowspan=\"8\" width=\"79\"><strong>Chasis<\/strong><\/p>\n<p>&nbsp;<\/td>\n<td width=\"319\"><strong>Marca del chasis<\/strong><\/td>\n<td width=\"288\"><strong>SINO TRUCK<\/strong><\/td>\n<\/tr>\n<tr>\n<td width=\"319\"><strong>Formulario de unidad<\/strong><\/td>\n<td width=\"288\"><strong>4*2<\/strong><\/td>\n<\/tr>\n<tr>\n<td width=\"319\"><strong>Volante<\/strong><\/td>\n<td width=\"288\"><strong>Conducci\u00f3n con volante a la izquierda<\/strong><\/td>\n<\/tr>\n<tr>\n<td width=\"319\"><strong>Marca y modelo del motor<\/strong><\/td>\n<td width=\"288\"><strong>WP4.1NQ190E61<\/strong><\/td>\n<\/tr>\n<tr>\n<td width=\"319\"><strong>Potencia m\u00e1xima del motor (kW)<\/strong><\/td>\n<td width=\"288\"><strong>140<\/strong><\/td>\n<\/tr>\n<tr>\n<td width=\"319\"><strong>Normas de emisi\u00f3n<\/strong><\/td>\n<td width=\"288\"><strong>Euro 6<\/strong><\/td>\n<\/tr>\n<tr>\n<td width=\"319\"><strong>Caja de cambios<\/strong><\/td>\n<td width=\"288\"><strong>Fast 8 speed forward 1 reverse<\/strong><\/td>\n<\/tr>\n<tr>\n<td width=\"319\"><strong>Eje delantero\/trasero(t)<\/strong><\/td>\n<td width=\"288\"><strong>5.6\/10<\/strong><\/td>\n<\/tr>\n<\/tbody>\n<\/table>\n<h1 style=\"text-align: center;\">VENTAJAS DEL VEH\u00cdCULO<\/h1>\n<h5 style=\"text-align: center;\">SISTEMA DE DISTRIBUCI\u00d3N INTELIGENTE Y PRECISO<\/h5>\n<p><img decoding=\"async\" class=\"aligncenter wp-image-7560\" src=\"https:\/\/ac-truck.com\/wp-content\/uploads\/2026\/01\/%E6%B2%A5%E9%9D%92%E6%B4%92%E5%B8%83%E8%BD%A6%E8%AF%A6%E6%83%85%E9%A1%B5_05.webp\" sizes=\"(max-width: 1234px) 100vw, 1234px\" srcset=\"https:\/\/ac-truck.com\/wp-content\/uploads\/2026\/01\/\u6ca5\u9752\u6d12\u5e03\u8f66\u8be6\u60c5\u9875_05.webp 790w, https:\/\/ac-truck.com\/wp-content\/uploads\/2026\/01\/\u6ca5\u9752\u6d12\u5e03\u8f66\u8be6\u60c5\u9875_05-169x300.webp 169w, https:\/\/ac-truck.com\/wp-content\/uploads\/2026\/01\/\u6ca5\u9752\u6d12\u5e03\u8f66\u8be6\u60c5\u9875_05-578x1024.webp 578w, https:\/\/ac-truck.com\/wp-content\/uploads\/2026\/01\/\u6ca5\u9752\u6d12\u5e03\u8f66\u8be6\u60c5\u9875_05-768x1360.webp 768w, https:\/\/ac-truck.com\/wp-content\/uploads\/2026\/01\/\u6ca5\u9752\u6d12\u5e03\u8f66\u8be6\u60c5\u9875_05-7x12.webp 7w, https:\/\/ac-truck.com\/wp-content\/uploads\/2026\/01\/\u6ca5\u9752\u6d12\u5e03\u8f66\u8be6\u60c5\u9875_05-600x1063.webp 600w, https:\/\/ac-truck.com\/wp-content\/uploads\/2026\/01\/\u6ca5\u9752\u6d12\u5e03\u8f66\u8be6\u60c5\u9875_05-150x266.webp 150w\" alt=\"\" width=\"1234\" height=\"2185\" \/><\/p>\n<p><img loading=\"lazy\" decoding=\"async\" class=\"aligncenter wp-image-7561\" src=\"https:\/\/ac-truck.com\/wp-content\/uploads\/2026\/01\/%E6%B2%A5%E9%9D%92%E6%B4%92%E5%B8%83%E8%BD%A6%E8%AF%A6%E6%83%85%E9%A1%B5_06.webp\" sizes=\"(max-width: 1234px) 100vw, 1234px\" srcset=\"https:\/\/ac-truck.com\/wp-content\/uploads\/2026\/01\/\u6ca5\u9752\u6d12\u5e03\u8f66\u8be6\u60c5\u9875_06.webp 790w, https:\/\/ac-truck.com\/wp-content\/uploads\/2026\/01\/\u6ca5\u9752\u6d12\u5e03\u8f66\u8be6\u60c5\u9875_06-154x300.webp 154w, https:\/\/ac-truck.com\/wp-content\/uploads\/2026\/01\/\u6ca5\u9752\u6d12\u5e03\u8f66\u8be6\u60c5\u9875_06-527x1024.webp 527w, https:\/\/ac-truck.com\/wp-content\/uploads\/2026\/01\/\u6ca5\u9752\u6d12\u5e03\u8f66\u8be6\u60c5\u9875_06-768x1493.webp 768w, https:\/\/ac-truck.com\/wp-content\/uploads\/2026\/01\/\u6ca5\u9752\u6d12\u5e03\u8f66\u8be6\u60c5\u9875_06-6x12.webp 6w, https:\/\/ac-truck.com\/wp-content\/uploads\/2026\/01\/\u6ca5\u9752\u6d12\u5e03\u8f66\u8be6\u60c5\u9875_06-600x1167.webp 600w, https:\/\/ac-truck.com\/wp-content\/uploads\/2026\/01\/\u6ca5\u9752\u6d12\u5e03\u8f66\u8be6\u60c5\u9875_06-150x292.webp 150w\" alt=\"\" width=\"1234\" height=\"2399\" \/><\/p>\n<p><strong>1. Bomba de asfalto: Resistente a altas temperaturas y a la abrasi\u00f3n, transporta de forma estable medios asf\u00e1lticos de alta viscosidad.<\/strong><br \/>\n<strong>2. Tanque de aceite hidr\u00e1ulico: almacena aceite y disipa el calor para garantizar el funcionamiento limpio del sistema hidr\u00e1ulico.<\/strong><br \/>\n<strong>3. Tuber\u00edas de aceite hidr\u00e1ulico: Resistentes a la presi\u00f3n y la corrosi\u00f3n, transmiten eficientemente la potencia hidr\u00e1ulica sin fugas.<\/strong><br \/>\n<strong>4. Filtro de aceite hidr\u00e1ulico: Filtra impurezas para prolongar la vida \u00fatil.<\/strong><br \/>\n<strong>Vida \u00fatil de los componentes hidr\u00e1ulicos.<\/strong><br \/>\n<strong>5. V\u00e1lvulas hidr\u00e1ulicas: Responden r\u00e1pidamente y regulan con precisi\u00f3n la direcci\u00f3n del flujo y la presi\u00f3n del aceite hidr\u00e1ulico.<\/strong><br \/>\n<strong>6.V\u00e1lvula de bola neum\u00e1tica: impulsada por aire, se abre y se cierra r\u00e1pidamente y es adecuada para el control autom\u00e1tico.<\/strong><br \/>\n<strong>7. Man\u00f3metro: Muestra intuitivamente la presi\u00f3n, lo que facilita el monitoreo y ajuste de la presi\u00f3n en el sistema neum\u00e1tico.<\/strong><strong>sistema ic.<\/strong><br \/>\n<strong>8. V\u00e1lvula de contrapresi\u00f3n: estabiliza la presi\u00f3n y evita\u00a0<\/strong><strong>antirreflujo, asegurando una distribuci\u00f3n uniforme y estable del asfalto,<\/strong><br \/>\n<strong>9. Filtro de asfalto: Elimina impurezas para evitar fallas por bloqueo de boquillas y tuber\u00edas.<\/strong><br \/>\n<strong>10. Tuber\u00eda de asfalto: Resistente a altas temperaturas y adherencia, reduce la resistencia y los residuos durante el transporte de asfalto.<\/strong><br \/>\n<strong>11. Grupo de boquillas de acero inoxidable: Resistente a la corrosi\u00f3n y la abrasi\u00f3n, tiene un \u00e1ngulo de pulverizaci\u00f3n preciso y un \u00e1rea de cobertura uniforme.<\/strong><br \/>\n<strong>12. Unidad de control central: Logra un control inteligente de las articulaciones, lo que permite operaciones de esparcimiento precisas y eficientes.<\/strong><\/p>\n<h2 style=\"text-align: center;\">TEMPERATURA INTELIGENTE - SISTEMA DE CALEFACCI\u00d3N CONTROLADO<\/h2>\n<p><img loading=\"lazy\" decoding=\"async\" class=\"aligncenter wp-image-7562\" src=\"https:\/\/ac-truck.com\/wp-content\/uploads\/2026\/01\/%E6%B2%A5%E9%9D%92%E6%B4%92%E5%B8%83%E8%BD%A6%E8%AF%A6%E6%83%85%E9%A1%B5_08.webp\" sizes=\"(max-width: 1234px) 100vw, 1234px\" srcset=\"https:\/\/ac-truck.com\/wp-content\/uploads\/2026\/01\/\u6ca5\u9752\u6d12\u5e03\u8f66\u8be6\u60c5\u9875_08.webp 790w, https:\/\/ac-truck.com\/wp-content\/uploads\/2026\/01\/\u6ca5\u9752\u6d12\u5e03\u8f66\u8be6\u60c5\u9875_08-131x300.webp 131w, https:\/\/ac-truck.com\/wp-content\/uploads\/2026\/01\/\u6ca5\u9752\u6d12\u5e03\u8f66\u8be6\u60c5\u9875_08-446x1024.webp 446w, https:\/\/ac-truck.com\/wp-content\/uploads\/2026\/01\/\u6ca5\u9752\u6d12\u5e03\u8f66\u8be6\u60c5\u9875_08-768x1762.webp 768w, https:\/\/ac-truck.com\/wp-content\/uploads\/2026\/01\/\u6ca5\u9752\u6d12\u5e03\u8f66\u8be6\u60c5\u9875_08-670x1536.webp 670w, https:\/\/ac-truck.com\/wp-content\/uploads\/2026\/01\/\u6ca5\u9752\u6d12\u5e03\u8f66\u8be6\u60c5\u9875_08-5x12.webp 5w, https:\/\/ac-truck.com\/wp-content\/uploads\/2026\/01\/\u6ca5\u9752\u6d12\u5e03\u8f66\u8be6\u60c5\u9875_08-600x1376.webp 600w, https:\/\/ac-truck.com\/wp-content\/uploads\/2026\/01\/\u6ca5\u9752\u6d12\u5e03\u8f66\u8be6\u60c5\u9875_08-150x344.webp 150w\" alt=\"\" width=\"1234\" height=\"2830\" \/><\/p>\n<p><strong>1. Calentador a di\u00e9sel: tiene una fuerte adaptabilidad al combustible, una r\u00e1pida velocidad de calentamiento y suficiente potencia de calentamiento.<\/strong><br \/>\n<strong>2. Bomba de aceite conductora de calor: funciona de manera estable para garantizar la circulaci\u00f3n eficiente del aceite conductor de calor.<\/strong><br \/>\n<strong>3. Filtro de aceite conductor de calor: filtra las impurezas para proteger los componentes centrales del sistema.<\/strong><br \/>\n<strong>4. V\u00e1lvula de tres v\u00edas de aceite conductor de calor: cambia de forma flexible para lograr la conversi\u00f3n entre los modos de calefacci\u00f3n y conservaci\u00f3n del calor.<\/strong><br \/>\n<strong>5. Dispositivo de calentamiento el\u00e9ctrico: es limpio y no contamina, con un control de temperatura preciso, adecuado para precalentamiento auxiliar.<\/strong><br \/>\n<strong>6. Serpent\u00edn de calentamiento en el tanque: permite un intercambio de calor uniforme, evitando la carbonizaci\u00f3n local del asfalto a alta temperatura.<\/strong><br \/>\n<strong>7. Capa de aislamiento t\u00e9rmico del tanque de asfalto: tiene un buen rendimiento de aislamiento t\u00e9rmico, lo que reduce la disipaci\u00f3n de calor y disminuye el consumo de energ\u00eda.<\/strong><\/p>\n<h1 style=\"text-align: center;\">DISE\u00d1O DE OPERACIONES ORIENTADO AL SER HUMANO<\/h1>\n<p><img loading=\"lazy\" decoding=\"async\" class=\"aligncenter wp-image-7563\" src=\"https:\/\/ac-truck.com\/wp-content\/uploads\/2026\/01\/%E6%B2%A5%E9%9D%92%E6%B4%92%E5%B8%83%E8%BD%A6%E8%AF%A6%E6%83%85%E9%A1%B5_10.webp\" sizes=\"(max-width: 1234px) 100vw, 1234px\" srcset=\"https:\/\/ac-truck.com\/wp-content\/uploads\/2026\/01\/\u6ca5\u9752\u6d12\u5e03\u8f66\u8be6\u60c5\u9875_10.webp 790w, https:\/\/ac-truck.com\/wp-content\/uploads\/2026\/01\/\u6ca5\u9752\u6d12\u5e03\u8f66\u8be6\u60c5\u9875_10-217x300.webp 217w, https:\/\/ac-truck.com\/wp-content\/uploads\/2026\/01\/\u6ca5\u9752\u6d12\u5e03\u8f66\u8be6\u60c5\u9875_10-741x1024.webp 741w, https:\/\/ac-truck.com\/wp-content\/uploads\/2026\/01\/\u6ca5\u9752\u6d12\u5e03\u8f66\u8be6\u60c5\u9875_10-768x1062.webp 768w, https:\/\/ac-truck.com\/wp-content\/uploads\/2026\/01\/\u6ca5\u9752\u6d12\u5e03\u8f66\u8be6\u60c5\u9875_10-9x12.webp 9w, https:\/\/ac-truck.com\/wp-content\/uploads\/2026\/01\/\u6ca5\u9752\u6d12\u5e03\u8f66\u8be6\u60c5\u9875_10-600x829.webp 600w, https:\/\/ac-truck.com\/wp-content\/uploads\/2026\/01\/\u6ca5\u9752\u6d12\u5e03\u8f66\u8be6\u60c5\u9875_10-150x207.webp 150w\" alt=\"\" width=\"1234\" height=\"1706\" \/><\/p>\n<p><strong>1. Pantalla t\u00e1ctil inteligente: ofrece una c\u00f3moda interacci\u00f3n humano-m\u00e1quina, con configuraci\u00f3n y monitoreo de par\u00e1metros intuitivos.<\/strong><br \/>\n<strong>2. Consola de operaci\u00f3n manual: Proporciona capacidades flexibles de emergencia y ajuste fino, adapt\u00e1ndose a escenarios de construcci\u00f3n complejos.<\/strong><br \/>\n<strong>3. Sensor de nivel de l\u00edquido de bola flotante: tiene una inducci\u00f3n sensible y estable, que refleja con precisi\u00f3n la cantidad restante de asfalto.<\/strong><br \/>\n<strong>4. Indicador de nivel de l\u00edquido: el indicador mec\u00e1nico es claro y el nivel de l\u00edquido se puede verificar incluso cuando est\u00e1 apagado.<\/strong><br \/>\n<strong>5. V\u00e1lvula de bola de descarga: se abre y se cierra suavemente con un buen sellado, evitando fugas de asfalto.<\/strong><\/p>\n<h1 style=\"text-align: center;\">CUERPO DEL TANQUE DURADERO Y RESISTENTE A LA CORROSI\u00d3N<\/h1>\n<p><img loading=\"lazy\" decoding=\"async\" class=\"aligncenter wp-image-7564\" src=\"https:\/\/ac-truck.com\/wp-content\/uploads\/2026\/01\/%E6%B2%A5%E9%9D%92%E6%B4%92%E5%B8%83%E8%BD%A6%E8%AF%A6%E6%83%85%E9%A1%B5_12.webp\" sizes=\"(max-width: 1234px) 100vw, 1234px\" srcset=\"https:\/\/ac-truck.com\/wp-content\/uploads\/2026\/01\/\u6ca5\u9752\u6d12\u5e03\u8f66\u8be6\u60c5\u9875_12.webp 790w, https:\/\/ac-truck.com\/wp-content\/uploads\/2026\/01\/\u6ca5\u9752\u6d12\u5e03\u8f66\u8be6\u60c5\u9875_12-300x173.webp 300w, https:\/\/ac-truck.com\/wp-content\/uploads\/2026\/01\/\u6ca5\u9752\u6d12\u5e03\u8f66\u8be6\u60c5\u9875_12-768x443.webp 768w, https:\/\/ac-truck.com\/wp-content\/uploads\/2026\/01\/\u6ca5\u9752\u6d12\u5e03\u8f66\u8be6\u60c5\u9875_12-18x10.webp 18w, https:\/\/ac-truck.com\/wp-content\/uploads\/2026\/01\/\u6ca5\u9752\u6d12\u5e03\u8f66\u8be6\u60c5\u9875_12-600x346.webp 600w, https:\/\/ac-truck.com\/wp-content\/uploads\/2026\/01\/\u6ca5\u9752\u6d12\u5e03\u8f66\u8be6\u60c5\u9875_12-150x87.webp 150w\" alt=\"\" width=\"1234\" height=\"712\" \/><\/p>\n<p><strong>Acero al carbono resistente al desgaste con revestimiento anticorrosi\u00f3n de doble capa<\/strong><\/p>\n<h1 style=\"text-align: center;\">PROCESO DE PRODUCCI\u00d3N<\/h1>\n<p><img loading=\"lazy\" decoding=\"async\" class=\"aligncenter wp-image-7565\" src=\"https:\/\/ac-truck.com\/wp-content\/uploads\/2026\/01\/%E6%B2%A5%E9%9D%92%E6%B4%92%E5%B8%83%E8%BD%A6%E8%AF%A6%E6%83%85%E9%A1%B5_14.webp\" sizes=\"(max-width: 1234px) 100vw, 1234px\" srcset=\"https:\/\/ac-truck.com\/wp-content\/uploads\/2026\/01\/\u6ca5\u9752\u6d12\u5e03\u8f66\u8be6\u60c5\u9875_14.webp 790w, https:\/\/ac-truck.com\/wp-content\/uploads\/2026\/01\/\u6ca5\u9752\u6d12\u5e03\u8f66\u8be6\u60c5\u9875_14-163x300.webp 163w, https:\/\/ac-truck.com\/wp-content\/uploads\/2026\/01\/\u6ca5\u9752\u6d12\u5e03\u8f66\u8be6\u60c5\u9875_14-555x1024.webp 555w, https:\/\/ac-truck.com\/wp-content\/uploads\/2026\/01\/\u6ca5\u9752\u6d12\u5e03\u8f66\u8be6\u60c5\u9875_14-768x1417.webp 768w, https:\/\/ac-truck.com\/wp-content\/uploads\/2026\/01\/\u6ca5\u9752\u6d12\u5e03\u8f66\u8be6\u60c5\u9875_14-7x12.webp 7w, https:\/\/ac-truck.com\/wp-content\/uploads\/2026\/01\/\u6ca5\u9752\u6d12\u5e03\u8f66\u8be6\u60c5\u9875_14-600x1107.webp 600w, https:\/\/ac-truck.com\/wp-content\/uploads\/2026\/01\/\u6ca5\u9752\u6d12\u5e03\u8f66\u8be6\u60c5\u9875_14-150x277.webp 150w\" alt=\"\" width=\"1234\" height=\"2277\" \/><img loading=\"lazy\" decoding=\"async\" class=\"aligncenter wp-image-7566\" src=\"https:\/\/ac-truck.com\/wp-content\/uploads\/2026\/01\/%E6%B2%A5%E9%9D%92%E6%B4%92%E5%B8%83%E8%BD%A6%E8%AF%A6%E6%83%85%E9%A1%B5_15.webp\" sizes=\"(max-width: 1234px) 100vw, 1234px\" srcset=\"https:\/\/ac-truck.com\/wp-content\/uploads\/2026\/01\/\u6ca5\u9752\u6d12\u5e03\u8f66\u8be6\u60c5\u9875_15.webp 790w, https:\/\/ac-truck.com\/wp-content\/uploads\/2026\/01\/\u6ca5\u9752\u6d12\u5e03\u8f66\u8be6\u60c5\u9875_15-119x300.webp 119w, https:\/\/ac-truck.com\/wp-content\/uploads\/2026\/01\/\u6ca5\u9752\u6d12\u5e03\u8f66\u8be6\u60c5\u9875_15-407x1024.webp 407w, https:\/\/ac-truck.com\/wp-content\/uploads\/2026\/01\/\u6ca5\u9752\u6d12\u5e03\u8f66\u8be6\u60c5\u9875_15-768x1931.webp 768w, https:\/\/ac-truck.com\/wp-content\/uploads\/2026\/01\/\u6ca5\u9752\u6d12\u5e03\u8f66\u8be6\u60c5\u9875_15-611x1536.webp 611w, https:\/\/ac-truck.com\/wp-content\/uploads\/2026\/01\/\u6ca5\u9752\u6d12\u5e03\u8f66\u8be6\u60c5\u9875_15-5x12.webp 5w, https:\/\/ac-truck.com\/wp-content\/uploads\/2026\/01\/\u6ca5\u9752\u6d12\u5e03\u8f66\u8be6\u60c5\u9875_15-600x1508.webp 600w, https:\/\/ac-truck.com\/wp-content\/uploads\/2026\/01\/\u6ca5\u9752\u6d12\u5e03\u8f66\u8be6\u60c5\u9875_15-150x377.webp 150w\" alt=\"\" width=\"1234\" height=\"3102\" \/><\/p>\n<p><strong>1. Producci\u00f3n inicial y alimentaci\u00f3n<\/strong><br \/>\n<strong>2. Conformaci\u00f3n inicial del cuerpo del tanque<\/strong><br \/>\n<strong>3. Cabeza del cuerpo del tanque<\/strong><br \/>\n<strong>4. Montaje del cuerpo del tanque en el chasis<\/strong><br \/>\n<strong>5. Instalaci\u00f3n de accesorios como boquillas de distribuci\u00f3n en el chasis. 6. Instalaci\u00f3n de la unidad de control central.<\/strong><br \/>\n<strong>7. La parte superior del veh\u00edculo est\u00e1 terminada y el montaje detallado est\u00e1 en progreso.<\/strong><\/p>\n<h1 style=\"text-align: center;\">ESCENARIOS DE APLICACI\u00d3N<\/h1>\n<p><img loading=\"lazy\" decoding=\"async\" class=\"aligncenter wp-image-7567\" src=\"https:\/\/ac-truck.com\/wp-content\/uploads\/2026\/01\/%E6%B2%A5%E9%9D%92%E6%B4%92%E5%B8%83%E8%BD%A6%E8%AF%A6%E6%83%85%E9%A1%B5_17.webp\" sizes=\"(max-width: 1234px) 100vw, 1234px\" srcset=\"https:\/\/ac-truck.com\/wp-content\/uploads\/2026\/01\/\u6ca5\u9752\u6d12\u5e03\u8f66\u8be6\u60c5\u9875_17.webp 790w, https:\/\/ac-truck.com\/wp-content\/uploads\/2026\/01\/\u6ca5\u9752\u6d12\u5e03\u8f66\u8be6\u60c5\u9875_17-167x300.webp 167w, https:\/\/ac-truck.com\/wp-content\/uploads\/2026\/01\/\u6ca5\u9752\u6d12\u5e03\u8f66\u8be6\u60c5\u9875_17-570x1024.webp 570w, https:\/\/ac-truck.com\/wp-content\/uploads\/2026\/01\/\u6ca5\u9752\u6d12\u5e03\u8f66\u8be6\u60c5\u9875_17-768x1379.webp 768w, https:\/\/ac-truck.com\/wp-content\/uploads\/2026\/01\/\u6ca5\u9752\u6d12\u5e03\u8f66\u8be6\u60c5\u9875_17-7x12.webp 7w, https:\/\/ac-truck.com\/wp-content\/uploads\/2026\/01\/\u6ca5\u9752\u6d12\u5e03\u8f66\u8be6\u60c5\u9875_17-600x1078.webp 600w, https:\/\/ac-truck.com\/wp-content\/uploads\/2026\/01\/\u6ca5\u9752\u6d12\u5e03\u8f66\u8be6\u60c5\u9875_17-150x269.webp 150w\" alt=\"\" width=\"1234\" height=\"2217\" \/><\/p>\n<h1 style=\"text-align: center;\">EMBALAJE Y TRANSPORTE<\/h1>\n<p><img loading=\"lazy\" decoding=\"async\" class=\"aligncenter wp-image-7568\" src=\"https:\/\/ac-truck.com\/wp-content\/uploads\/2026\/01\/%E6%B2%A5%E9%9D%92%E6%B4%92%E5%B8%83%E8%BD%A6%E8%AF%A6%E6%83%85%E9%A1%B5_19.webp\" sizes=\"(max-width: 1234px) 100vw, 1234px\" srcset=\"https:\/\/ac-truck.com\/wp-content\/uploads\/2026\/01\/\u6ca5\u9752\u6d12\u5e03\u8f66\u8be6\u60c5\u9875_19.webp 790w, https:\/\/ac-truck.com\/wp-content\/uploads\/2026\/01\/\u6ca5\u9752\u6d12\u5e03\u8f66\u8be6\u60c5\u9875_19-212x300.webp 212w, https:\/\/ac-truck.com\/wp-content\/uploads\/2026\/01\/\u6ca5\u9752\u6d12\u5e03\u8f66\u8be6\u60c5\u9875_19-724x1024.webp 724w, https:\/\/ac-truck.com\/wp-content\/uploads\/2026\/01\/\u6ca5\u9752\u6d12\u5e03\u8f66\u8be6\u60c5\u9875_19-768x1086.webp 768w, https:\/\/ac-truck.com\/wp-content\/uploads\/2026\/01\/\u6ca5\u9752\u6d12\u5e03\u8f66\u8be6\u60c5\u9875_19-8x12.webp 8w, https:\/\/ac-truck.com\/wp-content\/uploads\/2026\/01\/\u6ca5\u9752\u6d12\u5e03\u8f66\u8be6\u60c5\u9875_19-600x848.webp 600w, https:\/\/ac-truck.com\/wp-content\/uploads\/2026\/01\/\u6ca5\u9752\u6d12\u5e03\u8f66\u8be6\u60c5\u9875_19-150x212.webp 150w\" alt=\"\" width=\"1234\" height=\"1745\" \/><\/p>","protected":false},"excerpt":{"rendered":"<p>PRODUCT PARAMETERS Asphalt Distributor Truck 10000L HOWO project Descriptions Specifications Basic Overall dimensions(mm) 7885\u00d72400\u00d72900 curb weight(Kg) 8180 Loading capacity(Kg) 7485<\/p>","protected":false},"featured_media":7826,"template":"","meta":[],"product_brand":[220],"product_cat":[375],"product_tag":[233,376,377,378],"class_list":{"0":"post-7622","1":"product","2":"type-product","3":"status-publish","4":"has-post-thumbnail","6":"product_brand-howo","7":"product_cat-road-machinery","8":"product_tag-10000l","9":"product_tag-asphalt-distributor","10":"product_tag-bitumen-distributor-truck","11":"product_tag-bitumen-sprayer-truck","13":"first","14":"instock","15":"shipping-taxable","16":"product-type-simple"},"_links":{"self":[{"href":"https:\/\/ac-truck.com\/es\/wp-json\/wp\/v2\/product\/7622","targetHints":{"allow":["GET"]}}],"collection":[{"href":"https:\/\/ac-truck.com\/es\/wp-json\/wp\/v2\/product"}],"about":[{"href":"https:\/\/ac-truck.com\/es\/wp-json\/wp\/v2\/types\/product"}],"version-history":[{"count":3,"href":"https:\/\/ac-truck.com\/es\/wp-json\/wp\/v2\/product\/7622\/revisions"}],"predecessor-version":[{"id":7805,"href":"https:\/\/ac-truck.com\/es\/wp-json\/wp\/v2\/product\/7622\/revisions\/7805"}],"wp:featuredmedia":[{"embeddable":true,"href":"https:\/\/ac-truck.com\/es\/wp-json\/wp\/v2\/media\/7826"}],"wp:attachment":[{"href":"https:\/\/ac-truck.com\/es\/wp-json\/wp\/v2\/media?parent=7622"}],"wp:term":[{"taxonomy":"product_brand","embeddable":true,"href":"https:\/\/ac-truck.com\/es\/wp-json\/wp\/v2\/product_brand?post=7622"},{"taxonomy":"product_cat","embeddable":true,"href":"https:\/\/ac-truck.com\/es\/wp-json\/wp\/v2\/product_cat?post=7622"},{"taxonomy":"product_tag","embeddable":true,"href":"https:\/\/ac-truck.com\/es\/wp-json\/wp\/v2\/product_tag?post=7622"}],"curies":[{"name":"wp","href":"https:\/\/api.w.org\/{rel}","templated":true}]}}