{"id":7689,"date":"2026-01-27T16:58:24","date_gmt":"2026-01-27T08:58:24","guid":{"rendered":"https:\/\/ac-truck.com\/?post_type=product&#038;p=7689"},"modified":"2026-04-08T14:32:52","modified_gmt":"2026-04-08T06:32:52","slug":"skip-truck-14m%c2%b3-howo","status":"publish","type":"product","link":"https:\/\/ac-truck.com\/es\/skip-truck-14m%C2%B3-howo.html","title":{"rendered":"Cami\u00f3n volquete 14m\u00b3 HOWO"},"content":{"rendered":"<div style=\"width: 1920px;\" class=\"wp-video\"><!--[if lt IE 9]><script>document.createElement('video');<\/script><![endif]-->\n<video class=\"wp-video-shortcode\" id=\"video-7689-1\" width=\"1920\" height=\"1080\" preload=\"metadata\" controls=\"controls\"><source type=\"video\/mp4\" src=\"https:\/\/ac-truck.com\/wp-content\/uploads\/2025\/12\/\u538b\u7f29\u65e0\u6c34\u5370.mp4?_=1\" \/><a href=\"https:\/\/ac-truck.com\/wp-content\/uploads\/2025\/12\/\u538b\u7f29\u65e0\u6c34\u5370.mp4\">https:\/\/ac-truck.com\/wp-content\/uploads\/2025\/12\/\u538b\u7f29\u65e0\u6c34\u5370.mp4<\/a><\/video><\/div>\n<p><img fetchpriority=\"high\" decoding=\"async\" class=\"aligncenter wp-image-7690\" src=\"https:\/\/ac-truck.com\/wp-content\/uploads\/2026\/01\/\u4ea7\u54c1\u6d77\u62a5_011.webp\" alt=\"\" width=\"1234\" height=\"1607\" srcset=\"https:\/\/ac-truck.com\/wp-content\/uploads\/2026\/01\/\u4ea7\u54c1\u6d77\u62a5_011.webp 790w, https:\/\/ac-truck.com\/wp-content\/uploads\/2026\/01\/\u4ea7\u54c1\u6d77\u62a5_011-230x300.webp 230w, https:\/\/ac-truck.com\/wp-content\/uploads\/2026\/01\/\u4ea7\u54c1\u6d77\u62a5_011-786x1024.webp 786w, https:\/\/ac-truck.com\/wp-content\/uploads\/2026\/01\/\u4ea7\u54c1\u6d77\u62a5_011-768x1000.webp 768w, https:\/\/ac-truck.com\/wp-content\/uploads\/2026\/01\/\u4ea7\u54c1\u6d77\u62a5_011-9x12.webp 9w, https:\/\/ac-truck.com\/wp-content\/uploads\/2026\/01\/\u4ea7\u54c1\u6d77\u62a5_011-600x782.webp 600w, https:\/\/ac-truck.com\/wp-content\/uploads\/2026\/01\/\u4ea7\u54c1\u6d77\u62a5_011-150x195.webp 150w\" sizes=\"(max-width: 1234px) 100vw, 1234px\" \/><\/p>\n<h1 style=\"text-align: center;\">PAR\u00c1METROS DEL PRODUCTO<\/h1>\n<p><img decoding=\"async\" class=\"aligncenter wp-image-7692\" src=\"https:\/\/ac-truck.com\/wp-content\/uploads\/2026\/01\/\u4ea7\u54c1\u6d77\u62a5_031.webp\" alt=\"\" width=\"1234\" height=\"492\" srcset=\"https:\/\/ac-truck.com\/wp-content\/uploads\/2026\/01\/\u4ea7\u54c1\u6d77\u62a5_031.webp 790w, https:\/\/ac-truck.com\/wp-content\/uploads\/2026\/01\/\u4ea7\u54c1\u6d77\u62a5_031-300x120.webp 300w, https:\/\/ac-truck.com\/wp-content\/uploads\/2026\/01\/\u4ea7\u54c1\u6d77\u62a5_031-768x306.webp 768w, https:\/\/ac-truck.com\/wp-content\/uploads\/2026\/01\/\u4ea7\u54c1\u6d77\u62a5_031-18x7.webp 18w, https:\/\/ac-truck.com\/wp-content\/uploads\/2026\/01\/\u4ea7\u54c1\u6d77\u62a5_031-600x239.webp 600w, https:\/\/ac-truck.com\/wp-content\/uploads\/2026\/01\/\u4ea7\u54c1\u6d77\u62a5_031-150x60.webp 150w\" sizes=\"(max-width: 1234px) 100vw, 1234px\" \/><\/p>\n<h2 style=\"text-align: center;\">Cami\u00f3n volquete 14m\u00b3 HOWO<\/h2>\n<table>\n<tbody>\n<tr>\n<td width=\"126\"><strong>proyecto<\/strong><\/td>\n<td width=\"269\"><strong>Descripciones<\/strong><\/td>\n<td width=\"303\"><strong>Presupuesto<\/strong><\/td>\n<\/tr>\n<tr>\n<td rowspan=\"7\" width=\"126\"><strong>General\u00a0<\/strong><\/td>\n<td width=\"269\"><strong>Dimensiones totales (mm)<\/strong><\/td>\n<td width=\"303\"><strong>7850\u00d72550\u00d73800<\/strong><\/td>\n<\/tr>\n<tr>\n<td width=\"269\"><strong>peso en vac\u00edo (Kg)<\/strong><\/td>\n<td width=\"303\"><strong>14850<\/strong><\/td>\n<\/tr>\n<tr>\n<td width=\"269\"><strong>Capacidad de carga (Kg)<\/strong><\/td>\n<td width=\"303\"><strong>10020<\/strong><\/td>\n<\/tr>\n<tr>\n<td width=\"269\"><strong>Masa total (Kg)<\/strong><\/td>\n<td width=\"303\"><strong>18000<\/strong><\/td>\n<\/tr>\n<tr>\n<td width=\"269\"><strong>Volumen del contenedor de basura (m\u00b3)<\/strong><\/td>\n<td width=\"303\"><strong>14<\/strong><\/td>\n<\/tr>\n<tr>\n<td width=\"269\"><strong>Material del contenedor de basura<\/strong><\/td>\n<td width=\"303\"><strong>Acero al carbono Q235<\/strong><\/td>\n<\/tr>\n<tr>\n<td width=\"269\"><strong>Contenedor de basura (mm)<\/strong><\/td>\n<td width=\"303\"><strong>El lado mide 3 mm y la parte inferior mide 5 mm.<\/strong><\/td>\n<\/tr>\n<tr>\n<td rowspan=\"8\" width=\"126\"><strong>Chasis<\/strong><\/p>\n<p>&nbsp;<\/p>\n<p>&nbsp;<\/td>\n<td width=\"269\"><strong>Marca del chasis<\/strong><\/td>\n<td width=\"303\"><strong>C\u00d3MO<\/strong><\/td>\n<\/tr>\n<tr>\n<td width=\"269\"><strong>Formulario de conductor<\/strong><\/td>\n<td width=\"303\"><strong>6*4<\/strong><\/td>\n<\/tr>\n<tr>\n<td width=\"269\"><strong>Volante<\/strong><\/td>\n<td width=\"303\"><strong>Conducci\u00f3n con volante a la izquierda<\/strong><\/td>\n<\/tr>\n<tr>\n<td width=\"269\"><strong>Marca y modelo del motor<\/strong><\/td>\n<td width=\"303\"><strong>WD615.87<\/strong><\/td>\n<\/tr>\n<tr>\n<td width=\"269\"><strong>Potencia m\u00e1xima del motor (kW)<\/strong><\/td>\n<td width=\"303\"><strong>213<\/strong><\/td>\n<\/tr>\n<tr>\n<td width=\"269\"><strong>Normas de emisi\u00f3n<\/strong><\/td>\n<td width=\"303\"><strong>Euro 3<\/strong><\/td>\n<\/tr>\n<tr>\n<td width=\"269\"><strong>Caja de cambios<\/strong><\/td>\n<td width=\"303\"><strong>10-speed gearbox<\/strong><\/td>\n<\/tr>\n<tr>\n<td width=\"269\"><strong>Eje delantero\/trasero(t)<\/strong><\/td>\n<td width=\"303\"><strong>9.5\/16<\/strong><\/td>\n<\/tr>\n<\/tbody>\n<\/table>\n<h1 style=\"text-align: center;\">VENTAJAS DEL VEH\u00cdCULO<\/h1>\n<h4 style=\"text-align: center;\">ESTRUCTURA DE BRAZO OSCILANTE DE ALTA LONGITUD<\/h4>\n<p><img decoding=\"async\" class=\"aligncenter wp-image-7644\" src=\"https:\/\/ac-truck.com\/wp-content\/uploads\/2026\/01\/%E6%91%86%E8%87%82%E5%9E%83%E5%9C%BE%E8%BD%A6%E8%AF%A6%E6%83%85%E9%A1%B5_05.webp\" sizes=\"(max-width: 1234px) 100vw, 1234px\" srcset=\"https:\/\/ac-truck.com\/wp-content\/uploads\/2026\/01\/\u6446\u81c2\u5783\u573e\u8f66\u8be6\u60c5\u9875_05.webp 790w, https:\/\/ac-truck.com\/wp-content\/uploads\/2026\/01\/\u6446\u81c2\u5783\u573e\u8f66\u8be6\u60c5\u9875_05-300x300.webp 300w, https:\/\/ac-truck.com\/wp-content\/uploads\/2026\/01\/\u6446\u81c2\u5783\u573e\u8f66\u8be6\u60c5\u9875_05-150x150.webp 150w, https:\/\/ac-truck.com\/wp-content\/uploads\/2026\/01\/\u6446\u81c2\u5783\u573e\u8f66\u8be6\u60c5\u9875_05-768x768.webp 768w, https:\/\/ac-truck.com\/wp-content\/uploads\/2026\/01\/\u6446\u81c2\u5783\u573e\u8f66\u8be6\u60c5\u9875_05-12x12.webp 12w, https:\/\/ac-truck.com\/wp-content\/uploads\/2026\/01\/\u6446\u81c2\u5783\u573e\u8f66\u8be6\u60c5\u9875_05-600x600.webp 600w\" alt=\"\" width=\"1234\" height=\"1234\" \/><\/p>\n<h1 style=\"text-align: center;\">DETALLES DEL PROCESO<\/h1>\n<p><img loading=\"lazy\" decoding=\"async\" class=\"aligncenter wp-image-7645\" src=\"https:\/\/ac-truck.com\/wp-content\/uploads\/2026\/01\/%E6%91%86%E8%87%82%E5%9E%83%E5%9C%BE%E8%BD%A6%E8%AF%A6%E6%83%85%E9%A1%B5_07.webp\" sizes=\"(max-width: 1234px) 100vw, 1234px\" srcset=\"https:\/\/ac-truck.com\/wp-content\/uploads\/2026\/01\/\u6446\u81c2\u5783\u573e\u8f66\u8be6\u60c5\u9875_07.webp 790w, https:\/\/ac-truck.com\/wp-content\/uploads\/2026\/01\/\u6446\u81c2\u5783\u573e\u8f66\u8be6\u60c5\u9875_07-246x300.webp 246w, https:\/\/ac-truck.com\/wp-content\/uploads\/2026\/01\/\u6446\u81c2\u5783\u573e\u8f66\u8be6\u60c5\u9875_07-768x935.webp 768w, https:\/\/ac-truck.com\/wp-content\/uploads\/2026\/01\/\u6446\u81c2\u5783\u573e\u8f66\u8be6\u60c5\u9875_07-10x12.webp 10w, https:\/\/ac-truck.com\/wp-content\/uploads\/2026\/01\/\u6446\u81c2\u5783\u573e\u8f66\u8be6\u60c5\u9875_07-600x731.webp 600w, https:\/\/ac-truck.com\/wp-content\/uploads\/2026\/01\/\u6446\u81c2\u5783\u573e\u8f66\u8be6\u60c5\u9875_07-150x183.webp 150w\" alt=\"\" width=\"1234\" height=\"1503\" \/><\/p>\n<p><strong>1. El brazo principal est\u00e1 hecho de acero de alta resistencia, con un dise\u00f1o integrado, reforzado, engrosado y reforzado, lo que garantiza que no se deformar\u00e1 ni se romper\u00e1.<\/strong><br \/>\n<strong>2. Para el cilindro hidr\u00e1ulico del brazo principal, la placa de apoyo est\u00e1 soldada con refuerzo y refuerzo de acero.<\/strong><br \/>\n<strong>3. El soporte del cilindro hidr\u00e1ulico principal est\u00e1 reforzado y fortalecido para garantizar un soporte estable.<\/strong><br \/>\n<strong>4. Los cilindros hidr\u00e1ulicos principales funcionan con un sistema de doble cilindro. El di\u00e1metro del cilindro es m\u00e1s grueso, lo que proporciona una fuerza de elevaci\u00f3n m\u00e1s potente.<\/strong><br \/>\n<strong>5. Hay dos estabilizadores hidr\u00e1ulicos en la parte trasera del veh\u00edculo, que proporcionan un soporte estable y tienen alta resistencia.<\/strong><br \/>\n<strong>6. Los pies de los estabilizadores est\u00e1n equipados con engrasadores y pueden adaptarse autom\u00e1ticamente al suelo, teniendo una gran \u00e1rea de contacto.<\/strong><br \/>\n<strong>7. Las orejetas de elevaci\u00f3n de acero de aleaci\u00f3n del brazo principal son altamente resistentes al desgaste, con un dise\u00f1o de soldadura de tipo pasante, lo que da como resultado una alta resistencia.<\/strong><br \/>\n<strong>8. La cadena engrosada con orificios grandes y peque\u00f1os y los anillos de elevaci\u00f3n no se caen ni se deforman f\u00e1cilmente.<\/strong><\/p>\n<h1 style=\"text-align: center;\">CONTENEDORES DE BASURA EN M\u00daLTIPLES ESPECIFICACIONES<\/h1>\n<p><img loading=\"lazy\" decoding=\"async\" class=\"aligncenter wp-image-7646\" src=\"https:\/\/ac-truck.com\/wp-content\/uploads\/2026\/01\/%E6%91%86%E8%87%82%E5%9E%83%E5%9C%BE%E8%BD%A6%E8%AF%A6%E6%83%85%E9%A1%B5_09.webp\" sizes=\"(max-width: 1234px) 100vw, 1234px\" srcset=\"https:\/\/ac-truck.com\/wp-content\/uploads\/2026\/01\/\u6446\u81c2\u5783\u573e\u8f66\u8be6\u60c5\u9875_09.webp 790w, https:\/\/ac-truck.com\/wp-content\/uploads\/2026\/01\/\u6446\u81c2\u5783\u573e\u8f66\u8be6\u60c5\u9875_09-116x300.webp 116w, https:\/\/ac-truck.com\/wp-content\/uploads\/2026\/01\/\u6446\u81c2\u5783\u573e\u8f66\u8be6\u60c5\u9875_09-397x1024.webp 397w, https:\/\/ac-truck.com\/wp-content\/uploads\/2026\/01\/\u6446\u81c2\u5783\u573e\u8f66\u8be6\u60c5\u9875_09-768x1979.webp 768w, https:\/\/ac-truck.com\/wp-content\/uploads\/2026\/01\/\u6446\u81c2\u5783\u573e\u8f66\u8be6\u60c5\u9875_09-596x1536.webp 596w, https:\/\/ac-truck.com\/wp-content\/uploads\/2026\/01\/\u6446\u81c2\u5783\u573e\u8f66\u8be6\u60c5\u9875_09-5x12.webp 5w, https:\/\/ac-truck.com\/wp-content\/uploads\/2026\/01\/\u6446\u81c2\u5783\u573e\u8f66\u8be6\u60c5\u9875_09-600x1546.webp 600w, https:\/\/ac-truck.com\/wp-content\/uploads\/2026\/01\/\u6446\u81c2\u5783\u573e\u8f66\u8be6\u60c5\u9875_09-150x387.webp 150w\" alt=\"\" width=\"1234\" height=\"3180\" \/><\/p>\n<p><strong>1. Contenedor de basura con forma de barco: Con la parte superior abierta, se coloca en el suelo para recoger la basura.<\/strong><br \/>\n<strong>2. Contenedor de basura cuadrado: Opcionalmente equipado con una tapa, se coloca en un pozo para recoger la basura.<\/strong><br \/>\n<strong>3. Contenedor de basura sellado: Con una ventana de carga superior, se coloca en el suelo para recoger la basura.<\/strong><\/p>\n<h1 style=\"text-align: center;\">SISTEMA HIDR\u00c1ULICO DE ALTA EFICIENCIA<\/h1>\n<p><img loading=\"lazy\" decoding=\"async\" class=\"aligncenter wp-image-7647\" src=\"https:\/\/ac-truck.com\/wp-content\/uploads\/2026\/01\/%E6%91%86%E8%87%82%E5%9E%83%E5%9C%BE%E8%BD%A6%E8%AF%A6%E6%83%85%E9%A1%B5_11.webp\" sizes=\"(max-width: 1234px) 100vw, 1234px\" srcset=\"https:\/\/ac-truck.com\/wp-content\/uploads\/2026\/01\/\u6446\u81c2\u5783\u573e\u8f66\u8be6\u60c5\u9875_11.webp 790w, https:\/\/ac-truck.com\/wp-content\/uploads\/2026\/01\/\u6446\u81c2\u5783\u573e\u8f66\u8be6\u60c5\u9875_11-193x300.webp 193w, https:\/\/ac-truck.com\/wp-content\/uploads\/2026\/01\/\u6446\u81c2\u5783\u573e\u8f66\u8be6\u60c5\u9875_11-659x1024.webp 659w, https:\/\/ac-truck.com\/wp-content\/uploads\/2026\/01\/\u6446\u81c2\u5783\u573e\u8f66\u8be6\u60c5\u9875_11-768x1193.webp 768w, https:\/\/ac-truck.com\/wp-content\/uploads\/2026\/01\/\u6446\u81c2\u5783\u573e\u8f66\u8be6\u60c5\u9875_11-8x12.webp 8w, https:\/\/ac-truck.com\/wp-content\/uploads\/2026\/01\/\u6446\u81c2\u5783\u573e\u8f66\u8be6\u60c5\u9875_11-600x932.webp 600w, https:\/\/ac-truck.com\/wp-content\/uploads\/2026\/01\/\u6446\u81c2\u5783\u573e\u8f66\u8be6\u60c5\u9875_11-150x233.webp 150w\" alt=\"\" width=\"1234\" height=\"1917\" \/><\/p>\n<p><strong>1. Tanque de aceite hidr\u00e1ulico<\/strong><br \/>\n<strong>2. Bomba de aceite hidr\u00e1ulico<\/strong><br \/>\n<strong>3. Cilindro hidr\u00e1ulico<\/strong><br \/>\n<strong>4. V\u00e1lvula de control hidr\u00e1ulica multiv\u00eda<\/strong><br \/>\n<strong>5. V\u00e1lvula de equilibrio CAMI\u00d3N<\/strong><br \/>\n<strong>6. Man\u00f3metro hidr\u00e1ulico<\/strong><br \/>\n<strong>7. Tuber\u00eda de aceite hidr\u00e1ulico<\/strong><\/p>\n<h1 style=\"text-align: center;\">PROCESO DE PRODUCCI\u00d3N<\/h1>\n<p><img loading=\"lazy\" decoding=\"async\" class=\"aligncenter wp-image-7648\" src=\"https:\/\/ac-truck.com\/wp-content\/uploads\/2026\/01\/%E6%91%86%E8%87%82%E5%9E%83%E5%9C%BE%E8%BD%A6%E8%AF%A6%E6%83%85%E9%A1%B5_13.webp\" sizes=\"(max-width: 1234px) 100vw, 1234px\" srcset=\"https:\/\/ac-truck.com\/wp-content\/uploads\/2026\/01\/\u6446\u81c2\u5783\u573e\u8f66\u8be6\u60c5\u9875_13.webp 790w, https:\/\/ac-truck.com\/wp-content\/uploads\/2026\/01\/\u6446\u81c2\u5783\u573e\u8f66\u8be6\u60c5\u9875_13-186x300.webp 186w, https:\/\/ac-truck.com\/wp-content\/uploads\/2026\/01\/\u6446\u81c2\u5783\u573e\u8f66\u8be6\u60c5\u9875_13-635x1024.webp 635w, https:\/\/ac-truck.com\/wp-content\/uploads\/2026\/01\/\u6446\u81c2\u5783\u573e\u8f66\u8be6\u60c5\u9875_13-768x1238.webp 768w, https:\/\/ac-truck.com\/wp-content\/uploads\/2026\/01\/\u6446\u81c2\u5783\u573e\u8f66\u8be6\u60c5\u9875_13-7x12.webp 7w, https:\/\/ac-truck.com\/wp-content\/uploads\/2026\/01\/\u6446\u81c2\u5783\u573e\u8f66\u8be6\u60c5\u9875_13-600x967.webp 600w, https:\/\/ac-truck.com\/wp-content\/uploads\/2026\/01\/\u6446\u81c2\u5783\u573e\u8f66\u8be6\u60c5\u9875_13-150x242.webp 150w\" alt=\"\" width=\"1234\" height=\"1988\" \/><img loading=\"lazy\" decoding=\"async\" class=\"aligncenter wp-image-7649\" src=\"https:\/\/ac-truck.com\/wp-content\/uploads\/2026\/01\/%E6%91%86%E8%87%82%E5%9E%83%E5%9C%BE%E8%BD%A6%E8%AF%A6%E6%83%85%E9%A1%B5_14.webp\" sizes=\"(max-width: 1234px) 100vw, 1234px\" srcset=\"https:\/\/ac-truck.com\/wp-content\/uploads\/2026\/01\/\u6446\u81c2\u5783\u573e\u8f66\u8be6\u60c5\u9875_14.webp 790w, https:\/\/ac-truck.com\/wp-content\/uploads\/2026\/01\/\u6446\u81c2\u5783\u573e\u8f66\u8be6\u60c5\u9875_14-179x300.webp 179w, https:\/\/ac-truck.com\/wp-content\/uploads\/2026\/01\/\u6446\u81c2\u5783\u573e\u8f66\u8be6\u60c5\u9875_14-612x1024.webp 612w, https:\/\/ac-truck.com\/wp-content\/uploads\/2026\/01\/\u6446\u81c2\u5783\u573e\u8f66\u8be6\u60c5\u9875_14-768x1284.webp 768w, https:\/\/ac-truck.com\/wp-content\/uploads\/2026\/01\/\u6446\u81c2\u5783\u573e\u8f66\u8be6\u60c5\u9875_14-7x12.webp 7w, https:\/\/ac-truck.com\/wp-content\/uploads\/2026\/01\/\u6446\u81c2\u5783\u573e\u8f66\u8be6\u60c5\u9875_14-600x1003.webp 600w, https:\/\/ac-truck.com\/wp-content\/uploads\/2026\/01\/\u6446\u81c2\u5783\u573e\u8f66\u8be6\u60c5\u9875_14-150x251.webp 150w\" alt=\"\" width=\"1234\" height=\"2063\" \/><\/p>\n<p><strong>1. Corte de material de acero para troquelado.<\/strong><br \/>\n<strong>2. Estampaci\u00f3n y conformaci\u00f3n de componentes<\/strong><br \/>\n<strong>3. Soldadura y montaje del bastidor del veh\u00edculo<\/strong><br \/>\n<strong>4. Preinstalaci\u00f3n del sistema hidr\u00e1ulico<\/strong><br \/>\n<strong>5. Pulverizaci\u00f3n anticorrosiva de la carrocer\u00eda del veh\u00edculo.<\/strong><br \/>\n<strong>6. Finalizaci\u00f3n de la instalaci\u00f3n de la superestructura del veh\u00edculo<\/strong><\/p>\n<h1 style=\"text-align: center;\">ESCENARIOS DE APLICACI\u00d3N<\/h1>\n<p><img loading=\"lazy\" decoding=\"async\" class=\"aligncenter wp-image-7650\" src=\"https:\/\/ac-truck.com\/wp-content\/uploads\/2026\/01\/%E6%91%86%E8%87%82%E5%9E%83%E5%9C%BE%E8%BD%A6%E8%AF%A6%E6%83%85%E9%A1%B5_16.webp\" sizes=\"(max-width: 1234px) 100vw, 1234px\" srcset=\"https:\/\/ac-truck.com\/wp-content\/uploads\/2026\/01\/\u6446\u81c2\u5783\u573e\u8f66\u8be6\u60c5\u9875_16.webp 790w, https:\/\/ac-truck.com\/wp-content\/uploads\/2026\/01\/\u6446\u81c2\u5783\u573e\u8f66\u8be6\u60c5\u9875_16-220x300.webp 220w, https:\/\/ac-truck.com\/wp-content\/uploads\/2026\/01\/\u6446\u81c2\u5783\u573e\u8f66\u8be6\u60c5\u9875_16-751x1024.webp 751w, https:\/\/ac-truck.com\/wp-content\/uploads\/2026\/01\/\u6446\u81c2\u5783\u573e\u8f66\u8be6\u60c5\u9875_16-768x1047.webp 768w, https:\/\/ac-truck.com\/wp-content\/uploads\/2026\/01\/\u6446\u81c2\u5783\u573e\u8f66\u8be6\u60c5\u9875_16-9x12.webp 9w, https:\/\/ac-truck.com\/wp-content\/uploads\/2026\/01\/\u6446\u81c2\u5783\u573e\u8f66\u8be6\u60c5\u9875_16-600x818.webp 600w, https:\/\/ac-truck.com\/wp-content\/uploads\/2026\/01\/\u6446\u81c2\u5783\u573e\u8f66\u8be6\u60c5\u9875_16-150x204.webp 150w\" alt=\"\" width=\"1234\" height=\"1682\" \/><\/p>\n<h1 style=\"text-align: center;\">EMBALAJE Y TRANSPORTE<\/h1>\n<p><img loading=\"lazy\" decoding=\"async\" class=\"aligncenter wp-image-7651\" src=\"https:\/\/ac-truck.com\/wp-content\/uploads\/2026\/01\/%E6%91%86%E8%87%82%E5%9E%83%E5%9C%BE%E8%BD%A6%E8%AF%A6%E6%83%85%E9%A1%B5_18.webp\" sizes=\"(max-width: 1234px) 100vw, 1234px\" srcset=\"https:\/\/ac-truck.com\/wp-content\/uploads\/2026\/01\/\u6446\u81c2\u5783\u573e\u8f66\u8be6\u60c5\u9875_18.webp 790w, https:\/\/ac-truck.com\/wp-content\/uploads\/2026\/01\/\u6446\u81c2\u5783\u573e\u8f66\u8be6\u60c5\u9875_18-157x300.webp 157w, https:\/\/ac-truck.com\/wp-content\/uploads\/2026\/01\/\u6446\u81c2\u5783\u573e\u8f66\u8be6\u60c5\u9875_18-537x1024.webp 537w, https:\/\/ac-truck.com\/wp-content\/uploads\/2026\/01\/\u6446\u81c2\u5783\u573e\u8f66\u8be6\u60c5\u9875_18-768x1465.webp 768w, https:\/\/ac-truck.com\/wp-content\/uploads\/2026\/01\/\u6446\u81c2\u5783\u573e\u8f66\u8be6\u60c5\u9875_18-6x12.webp 6w, https:\/\/ac-truck.com\/wp-content\/uploads\/2026\/01\/\u6446\u81c2\u5783\u573e\u8f66\u8be6\u60c5\u9875_18-600x1145.webp 600w, https:\/\/ac-truck.com\/wp-content\/uploads\/2026\/01\/\u6446\u81c2\u5783\u573e\u8f66\u8be6\u60c5\u9875_18-150x286.webp 150w\" alt=\"\" width=\"1234\" height=\"2354\" \/><\/p>","protected":false},"excerpt":{"rendered":"<p>PRODUCT PARAMETERS Skip Truck 14m\u00b3 HOWO project Descriptions Specifications General\u00a0 Overall dimensions(mm) 7850\u00d72550\u00d73800 curb weight(Kg) 14850 Loading capacity(Kg) 10020 Total<\/p>","protected":false},"featured_media":7694,"template":"","meta":[],"product_brand":[220],"product_cat":[192],"product_tag":[379,380,381],"class_list":{"0":"post-7689","1":"product","2":"type-product","3":"status-publish","4":"has-post-thumbnail","6":"product_brand-howo","7":"product_cat-garbage-trucks","8":"product_tag-skip-loader-truck","9":"product_tag-skip-loader","10":"product_tag-skip-truck","12":"first","13":"instock","14":"shipping-taxable","15":"product-type-simple"},"_links":{"self":[{"href":"https:\/\/ac-truck.com\/es\/wp-json\/wp\/v2\/product\/7689","targetHints":{"allow":["GET"]}}],"collection":[{"href":"https:\/\/ac-truck.com\/es\/wp-json\/wp\/v2\/product"}],"about":[{"href":"https:\/\/ac-truck.com\/es\/wp-json\/wp\/v2\/types\/product"}],"version-history":[{"count":2,"href":"https:\/\/ac-truck.com\/es\/wp-json\/wp\/v2\/product\/7689\/revisions"}],"predecessor-version":[{"id":7908,"href":"https:\/\/ac-truck.com\/es\/wp-json\/wp\/v2\/product\/7689\/revisions\/7908"}],"wp:featuredmedia":[{"embeddable":true,"href":"https:\/\/ac-truck.com\/es\/wp-json\/wp\/v2\/media\/7694"}],"wp:attachment":[{"href":"https:\/\/ac-truck.com\/es\/wp-json\/wp\/v2\/media?parent=7689"}],"wp:term":[{"taxonomy":"product_brand","embeddable":true,"href":"https:\/\/ac-truck.com\/es\/wp-json\/wp\/v2\/product_brand?post=7689"},{"taxonomy":"product_cat","embeddable":true,"href":"https:\/\/ac-truck.com\/es\/wp-json\/wp\/v2\/product_cat?post=7689"},{"taxonomy":"product_tag","embeddable":true,"href":"https:\/\/ac-truck.com\/es\/wp-json\/wp\/v2\/product_tag?post=7689"}],"curies":[{"name":"wp","href":"https:\/\/api.w.org\/{rel}","templated":true}]}}