{"id":7768,"date":"2026-02-07T17:49:05","date_gmt":"2026-02-07T09:49:05","guid":{"rendered":"https:\/\/ac-truck.com\/?post_type=product&#038;p=7768"},"modified":"2026-02-07T17:49:05","modified_gmt":"2026-02-07T09:49:05","slug":"bulk-feed-semi-trailer-50m%c2%b3","status":"publish","type":"product","link":"https:\/\/ac-truck.com\/es\/bulk-feed-semi-trailer-50m%C2%B3.html","title":{"rendered":"Semirremolque para transporte de pienso a granel de 50 m\u00b3"},"content":{"rendered":"<p><img fetchpriority=\"high\" decoding=\"async\" class=\"aligncenter wp-image-7769\" src=\"https:\/\/ac-truck.com\/wp-content\/uploads\/2026\/02\/\u4ea7\u54c1\u6d77\u62a5_01-4.webp\" alt=\"\" width=\"1234\" height=\"1645\" srcset=\"https:\/\/ac-truck.com\/wp-content\/uploads\/2026\/02\/\u4ea7\u54c1\u6d77\u62a5_01-4.webp 790w, https:\/\/ac-truck.com\/wp-content\/uploads\/2026\/02\/\u4ea7\u54c1\u6d77\u62a5_01-4-225x300.webp 225w, https:\/\/ac-truck.com\/wp-content\/uploads\/2026\/02\/\u4ea7\u54c1\u6d77\u62a5_01-4-768x1024.webp 768w, https:\/\/ac-truck.com\/wp-content\/uploads\/2026\/02\/\u4ea7\u54c1\u6d77\u62a5_01-4-9x12.webp 9w, https:\/\/ac-truck.com\/wp-content\/uploads\/2026\/02\/\u4ea7\u54c1\u6d77\u62a5_01-4-600x800.webp 600w, https:\/\/ac-truck.com\/wp-content\/uploads\/2026\/02\/\u4ea7\u54c1\u6d77\u62a5_01-4-150x200.webp 150w\" sizes=\"(max-width: 1234px) 100vw, 1234px\" \/><\/p>\n<h1 style=\"text-align: center;\">PAR\u00c1METROS DEL PRODUCTO<\/h1>\n<p><img decoding=\"async\" class=\"aligncenter wp-image-7770\" src=\"https:\/\/ac-truck.com\/wp-content\/uploads\/2026\/02\/\u4ea7\u54c1\u6d77\u62a5_03-4.webp\" alt=\"\" width=\"1234\" height=\"489\" srcset=\"https:\/\/ac-truck.com\/wp-content\/uploads\/2026\/02\/\u4ea7\u54c1\u6d77\u62a5_03-4.webp 790w, https:\/\/ac-truck.com\/wp-content\/uploads\/2026\/02\/\u4ea7\u54c1\u6d77\u62a5_03-4-300x119.webp 300w, https:\/\/ac-truck.com\/wp-content\/uploads\/2026\/02\/\u4ea7\u54c1\u6d77\u62a5_03-4-768x304.webp 768w, https:\/\/ac-truck.com\/wp-content\/uploads\/2026\/02\/\u4ea7\u54c1\u6d77\u62a5_03-4-18x7.webp 18w, https:\/\/ac-truck.com\/wp-content\/uploads\/2026\/02\/\u4ea7\u54c1\u6d77\u62a5_03-4-600x238.webp 600w, https:\/\/ac-truck.com\/wp-content\/uploads\/2026\/02\/\u4ea7\u54c1\u6d77\u62a5_03-4-150x59.webp 150w\" sizes=\"(max-width: 1234px) 100vw, 1234px\" \/><\/p>\n<h2 style=\"text-align: center;\">Semirremolque para transporte de pienso a granel de 50 m\u00b3<\/h2>\n<table>\n<tbody>\n<tr>\n<td width=\"79\"><strong>proyecto<\/strong><\/td>\n<td width=\"319\"><strong>Descripciones<\/strong><\/td>\n<td width=\"288\"><strong>Presupuesto<\/strong><\/td>\n<\/tr>\n<tr>\n<td rowspan=\"4\" width=\"79\"><strong>B\u00e1sico<\/strong><\/td>\n<td width=\"319\"><strong>Dimensiones totales (mm)<\/strong><\/td>\n<td width=\"288\"><strong>12000\u00d72550\u00d73950<\/strong><\/td>\n<\/tr>\n<tr>\n<td width=\"319\"><strong>peso en vac\u00edo (Kg)<\/strong><\/td>\n<td width=\"288\"><strong>11400<\/strong><\/td>\n<\/tr>\n<tr>\n<td width=\"319\"><strong>Capacidad de carga (Kg)<\/strong><\/td>\n<td width=\"288\"><strong>28600<\/strong><\/td>\n<\/tr>\n<tr>\n<td width=\"319\"><strong>Masa total (Kg)<\/strong><\/td>\n<td width=\"288\"><strong>40000<\/strong><\/td>\n<\/tr>\n<tr>\n<td rowspan=\"4\" width=\"79\"><strong>Cuerpo<\/strong><\/td>\n<td width=\"319\"><strong>Tama\u00f1o del tanque (mm)<\/strong><\/td>\n<td width=\"288\"><strong>11000\u00d72550\u00d72640<\/strong><\/td>\n<\/tr>\n<tr>\n<td width=\"319\"><strong>Volumen del tanque (m\u00b3)<\/strong><\/td>\n<td width=\"288\"><strong>50<\/strong><\/td>\n<\/tr>\n<tr>\n<td width=\"319\"><strong>Material del cuerpo del tanque<\/strong><\/td>\n<td width=\"288\"><strong>aluminum alloy<\/strong><\/td>\n<\/tr>\n<tr>\n<td width=\"319\"><strong>Espesor del tanque (mm)<\/strong><\/td>\n<td width=\"288\"><strong>5<\/strong><\/td>\n<\/tr>\n<tr>\n<td width=\"79\"><strong>Chasis<\/strong><\/p>\n<p>&nbsp;<\/td>\n<td width=\"319\"><strong>Marca del chasis<\/strong><\/td>\n<td width=\"288\"><strong>Howo<\/strong><\/td>\n<\/tr>\n<\/tbody>\n<\/table>\n<h1 style=\"text-align: center;\">VENTAJAS DEL VEH\u00cdCULO<\/h1>\n<h4 style=\"text-align: center;\">Proceso de fabricaci\u00f3n del cuerpo del tanque<\/h4>\n<p><img decoding=\"async\" class=\"aligncenter wp-image-7712\" src=\"https:\/\/ac-truck.com\/wp-content\/uploads\/2026\/02\/%E9%A5%B2%E6%96%99%E8%BF%90%E8%BE%93%E8%BD%A6%E8%AF%A6%E6%83%85%E9%A1%B5_05.webp\" sizes=\"(max-width: 1234px) 100vw, 1234px\" srcset=\"https:\/\/ac-truck.com\/wp-content\/uploads\/2026\/02\/\u9972\u6599\u8fd0\u8f93\u8f66\u8be6\u60c5\u9875_05.webp 790w, https:\/\/ac-truck.com\/wp-content\/uploads\/2026\/02\/\u9972\u6599\u8fd0\u8f93\u8f66\u8be6\u60c5\u9875_05-255x300.webp 255w, https:\/\/ac-truck.com\/wp-content\/uploads\/2026\/02\/\u9972\u6599\u8fd0\u8f93\u8f66\u8be6\u60c5\u9875_05-768x904.webp 768w, https:\/\/ac-truck.com\/wp-content\/uploads\/2026\/02\/\u9972\u6599\u8fd0\u8f93\u8f66\u8be6\u60c5\u9875_05-10x12.webp 10w, https:\/\/ac-truck.com\/wp-content\/uploads\/2026\/02\/\u9972\u6599\u8fd0\u8f93\u8f66\u8be6\u60c5\u9875_05-600x706.webp 600w, https:\/\/ac-truck.com\/wp-content\/uploads\/2026\/02\/\u9972\u6599\u8fd0\u8f93\u8f66\u8be6\u60c5\u9875_05-150x177.webp 150w\" alt=\"\" width=\"1234\" height=\"1453\" \/><img loading=\"lazy\" decoding=\"async\" class=\"aligncenter wp-image-7713\" src=\"https:\/\/ac-truck.com\/wp-content\/uploads\/2026\/02\/%E9%A5%B2%E6%96%99%E8%BF%90%E8%BE%93%E8%BD%A6%E8%AF%A6%E6%83%85%E9%A1%B5_06.webp\" sizes=\"(max-width: 1234px) 100vw, 1234px\" srcset=\"https:\/\/ac-truck.com\/wp-content\/uploads\/2026\/02\/\u9972\u6599\u8fd0\u8f93\u8f66\u8be6\u60c5\u9875_06.webp 790w, https:\/\/ac-truck.com\/wp-content\/uploads\/2026\/02\/\u9972\u6599\u8fd0\u8f93\u8f66\u8be6\u60c5\u9875_06-262x300.webp 262w, https:\/\/ac-truck.com\/wp-content\/uploads\/2026\/02\/\u9972\u6599\u8fd0\u8f93\u8f66\u8be6\u60c5\u9875_06-768x879.webp 768w, https:\/\/ac-truck.com\/wp-content\/uploads\/2026\/02\/\u9972\u6599\u8fd0\u8f93\u8f66\u8be6\u60c5\u9875_06-10x12.webp 10w, https:\/\/ac-truck.com\/wp-content\/uploads\/2026\/02\/\u9972\u6599\u8fd0\u8f93\u8f66\u8be6\u60c5\u9875_06-600x687.webp 600w, https:\/\/ac-truck.com\/wp-content\/uploads\/2026\/02\/\u9972\u6599\u8fd0\u8f93\u8f66\u8be6\u60c5\u9875_06-150x172.webp 150w\" alt=\"\" width=\"1234\" height=\"1412\" \/><\/p>\n<p><strong>1\/2\/3. Selecci\u00f3n de materiales: El cuerpo del tanque est\u00e1 fabricado principalmente con placas de acero al carbono de alta resistencia y calidad (tales como el Q345) o con placas galvanizadas. La capacidad de protecci\u00f3n contra el \u00f3xido y la corrosi\u00f3n de las placas galvanizadas es muy superior a la de las placas de acero ordinario pintado. Esto permite evitar eficazmente que el pienso se humedezca y corroa el cuerpo del tanque, prolongando as\u00ed su vida \u00fatil; resulta especialmente adecuado para entornos h\u00famedos. Proceso de pintura: El cuerpo del tanque suele someterse a un proceso de pintura electrofor\u00e9tica al horno, el cual garantiza una elevada adherencia de la pintura y una gran durabilidad.<\/strong><br \/>\n<strong>4\/5. Proceso de conformado: La secci\u00f3n transversal del cuerpo del tanque adopta, en su mayor parte, un dise\u00f1o de tipo \u00abcuadrado-circular\u00bb o \u00abpoligonal\u00bb. Este dise\u00f1o garantiza un volumen efectivo, incrementa la resistencia estructural y facilita que el material se concentre hacia la salida del sinf\u00edn de descarga por efecto de la gravedad, reduciendo as\u00ed los residuos.<\/strong><br \/>\n<strong>6\/7. Tratamiento de alisado: Las soldaduras del interior del tanque se pulen para quedar planas, y la pared interna se alisa para reducir la adherencia del material a la pared y la formaci\u00f3n de residuos.<\/strong><br \/>\n<strong>8. Dise\u00f1o de compartimentos: El proceso de compartimentaci\u00f3n es maduro y permite dividir el tanque en 2 a 4 compartimentos independientes, seg\u00fan se requiera. Las particiones est\u00e1n firmemente soldadas al cuerpo del tanque para garantizar que los productos transportados en cada compartimento no se mezclen.<\/strong><br \/>\n<strong>9\/10. Dise\u00f1o antipelmazamiento: La uni\u00f3n entre la base del cuerpo del tanque y las placas laterales adopta una transici\u00f3n en arco para evitar zonas muertas y facilitar el flujo del pienso.<\/strong><\/p>\n<h1 style=\"text-align: center;\">Proceso del sistema de transporte<\/h1>\n<p><img loading=\"lazy\" decoding=\"async\" class=\"aligncenter wp-image-7714\" src=\"https:\/\/ac-truck.com\/wp-content\/uploads\/2026\/02\/%E9%A5%B2%E6%96%99%E8%BF%90%E8%BE%93%E8%BD%A6%E8%AF%A6%E6%83%85%E9%A1%B5_08.webp\" sizes=\"(max-width: 1234px) 100vw, 1234px\" srcset=\"https:\/\/ac-truck.com\/wp-content\/uploads\/2026\/02\/\u9972\u6599\u8fd0\u8f93\u8f66\u8be6\u60c5\u9875_08.webp 790w, https:\/\/ac-truck.com\/wp-content\/uploads\/2026\/02\/\u9972\u6599\u8fd0\u8f93\u8f66\u8be6\u60c5\u9875_08-260x300.webp 260w, https:\/\/ac-truck.com\/wp-content\/uploads\/2026\/02\/\u9972\u6599\u8fd0\u8f93\u8f66\u8be6\u60c5\u9875_08-768x885.webp 768w, https:\/\/ac-truck.com\/wp-content\/uploads\/2026\/02\/\u9972\u6599\u8fd0\u8f93\u8f66\u8be6\u60c5\u9875_08-10x12.webp 10w, https:\/\/ac-truck.com\/wp-content\/uploads\/2026\/02\/\u9972\u6599\u8fd0\u8f93\u8f66\u8be6\u60c5\u9875_08-600x691.webp 600w, https:\/\/ac-truck.com\/wp-content\/uploads\/2026\/02\/\u9972\u6599\u8fd0\u8f93\u8f66\u8be6\u60c5\u9875_08-150x173.webp 150w\" alt=\"\" width=\"1234\" height=\"1421\" \/><img loading=\"lazy\" decoding=\"async\" class=\"aligncenter wp-image-7715\" src=\"https:\/\/ac-truck.com\/wp-content\/uploads\/2026\/02\/%E9%A5%B2%E6%96%99%E8%BF%90%E8%BE%93%E8%BD%A6%E8%AF%A6%E6%83%85%E9%A1%B5_09.webp\" sizes=\"(max-width: 1234px) 100vw, 1234px\" srcset=\"https:\/\/ac-truck.com\/wp-content\/uploads\/2026\/02\/\u9972\u6599\u8fd0\u8f93\u8f66\u8be6\u60c5\u9875_09.webp 790w, https:\/\/ac-truck.com\/wp-content\/uploads\/2026\/02\/\u9972\u6599\u8fd0\u8f93\u8f66\u8be6\u60c5\u9875_09-159x300.webp 159w, https:\/\/ac-truck.com\/wp-content\/uploads\/2026\/02\/\u9972\u6599\u8fd0\u8f93\u8f66\u8be6\u60c5\u9875_09-544x1024.webp 544w, https:\/\/ac-truck.com\/wp-content\/uploads\/2026\/02\/\u9972\u6599\u8fd0\u8f93\u8f66\u8be6\u60c5\u9875_09-768x1446.webp 768w, https:\/\/ac-truck.com\/wp-content\/uploads\/2026\/02\/\u9972\u6599\u8fd0\u8f93\u8f66\u8be6\u60c5\u9875_09-6x12.webp 6w, https:\/\/ac-truck.com\/wp-content\/uploads\/2026\/02\/\u9972\u6599\u8fd0\u8f93\u8f66\u8be6\u60c5\u9875_09-600x1129.webp 600w, https:\/\/ac-truck.com\/wp-content\/uploads\/2026\/02\/\u9972\u6599\u8fd0\u8f93\u8f66\u8be6\u60c5\u9875_09-150x282.webp 150w\" alt=\"\" width=\"1234\" height=\"2323\" \/><\/p>\n<p><strong>Utilizando principalmente transporte mediante sinf\u00edn espiral:<\/strong><br \/>\n<strong>1. Las palas del sinf\u00edn est\u00e1n fabricadas en acero aleado de alta resistencia, caracterizado por una excelente resistencia al desgaste. La holgura entre las palas y la pared de la tuber\u00eda se controla adecuadamente para garantizar la eficiencia del transporte, evitando al mismo tiempo una extrusi\u00f3n excesiva y da\u00f1os a los materiales granulares.<\/strong><br \/>\n<strong>2. Proceso de sellado multicapa: En puntos clave, tales como los rodamientos del sinf\u00edn y las bridas de conexi\u00f3n, se emplean m\u00faltiples sellos de aceite o sellos combinados para evitar que las fugas de aceite hidr\u00e1ulico contaminen el alimento, as\u00ed como para impedir la entrada de polvo que pueda provocar el desgaste de los componentes.<\/strong><\/p>\n<h1 style=\"text-align: center;\">Sistema de control hidr\u00e1ulico-electr\u00f3nico<\/h1>\n<p><img loading=\"lazy\" decoding=\"async\" class=\"aligncenter wp-image-7716\" src=\"https:\/\/ac-truck.com\/wp-content\/uploads\/2026\/02\/%E9%A5%B2%E6%96%99%E8%BF%90%E8%BE%93%E8%BD%A6%E8%AF%A6%E6%83%85%E9%A1%B5_11.webp\" sizes=\"(max-width: 1234px) 100vw, 1234px\" srcset=\"https:\/\/ac-truck.com\/wp-content\/uploads\/2026\/02\/\u9972\u6599\u8fd0\u8f93\u8f66\u8be6\u60c5\u9875_11.webp 790w, https:\/\/ac-truck.com\/wp-content\/uploads\/2026\/02\/\u9972\u6599\u8fd0\u8f93\u8f66\u8be6\u60c5\u9875_11-277x300.webp 277w, https:\/\/ac-truck.com\/wp-content\/uploads\/2026\/02\/\u9972\u6599\u8fd0\u8f93\u8f66\u8be6\u60c5\u9875_11-768x832.webp 768w, https:\/\/ac-truck.com\/wp-content\/uploads\/2026\/02\/\u9972\u6599\u8fd0\u8f93\u8f66\u8be6\u60c5\u9875_11-11x12.webp 11w, https:\/\/ac-truck.com\/wp-content\/uploads\/2026\/02\/\u9972\u6599\u8fd0\u8f93\u8f66\u8be6\u60c5\u9875_11-600x650.webp 600w, https:\/\/ac-truck.com\/wp-content\/uploads\/2026\/02\/\u9972\u6599\u8fd0\u8f93\u8f66\u8be6\u60c5\u9875_11-150x163.webp 150w\" alt=\"\" width=\"1234\" height=\"1337\" \/><img loading=\"lazy\" decoding=\"async\" class=\"aligncenter wp-image-7717\" src=\"https:\/\/ac-truck.com\/wp-content\/uploads\/2026\/02\/%E9%A5%B2%E6%96%99%E8%BF%90%E8%BE%93%E8%BD%A6%E8%AF%A6%E6%83%85%E9%A1%B5_12.webp\" sizes=\"(max-width: 1234px) 100vw, 1234px\" srcset=\"https:\/\/ac-truck.com\/wp-content\/uploads\/2026\/02\/\u9972\u6599\u8fd0\u8f93\u8f66\u8be6\u60c5\u9875_12.webp 790w, https:\/\/ac-truck.com\/wp-content\/uploads\/2026\/02\/\u9972\u6599\u8fd0\u8f93\u8f66\u8be6\u60c5\u9875_12-276x300.webp 276w, https:\/\/ac-truck.com\/wp-content\/uploads\/2026\/02\/\u9972\u6599\u8fd0\u8f93\u8f66\u8be6\u60c5\u9875_12-768x836.webp 768w, https:\/\/ac-truck.com\/wp-content\/uploads\/2026\/02\/\u9972\u6599\u8fd0\u8f93\u8f66\u8be6\u60c5\u9875_12-11x12.webp 11w, https:\/\/ac-truck.com\/wp-content\/uploads\/2026\/02\/\u9972\u6599\u8fd0\u8f93\u8f66\u8be6\u60c5\u9875_12-600x653.webp 600w, https:\/\/ac-truck.com\/wp-content\/uploads\/2026\/02\/\u9972\u6599\u8fd0\u8f93\u8f66\u8be6\u60c5\u9875_12-150x163.webp 150w\" alt=\"\" width=\"1234\" height=\"1343\" \/><\/p>\n<p><strong>1. Tanque de aceite hidr\u00e1ulico: Almacena el aceite para el sistema hidr\u00e1ulico.<\/strong><br \/>\n<strong>2. Indicador de nivel de aceite: Muestra el nivel de aceite en el tanque en tiempo real.<\/strong><br \/>\n<strong>3. Bomba hidr\u00e1ulica: Suministra potencia al sistema hidr\u00e1ulico.<\/strong><br \/>\n<strong>4. Motor hidr\u00e1ulico: Convierte la energ\u00eda hidr\u00e1ulica en energ\u00eda mec\u00e1nica.<\/strong><br \/>\n<strong>5. V\u00e1lvula hidr\u00e1ulica mult\u00edv\u00eda: Controla el encendido, el apagado y la direcci\u00f3n del circuito de aceite hidr\u00e1ulico.<\/strong><br \/>\n<strong>6. Radiador: Enfr\u00eda el aceite hidr\u00e1ulico para asegurar el funcionamiento del sistema.<\/strong><br \/>\n<strong>7. Motor del sinf\u00edn: Acciona el sinf\u00edn para transportar el alimento.<\/strong><br \/>\n<strong>8. Motor del sinf\u00edn: Asiste al sinf\u00edn en el transporte del alimento.<\/strong><br \/>\n<strong>9. Motor de rotaci\u00f3n: Acciona el mecanismo para realizar la acci\u00f3n de descarga rotatoria.<\/strong><br \/>\n<strong>10. Tornillo sin fin y rueda helicoidal de 360 \u200b\u200bgrados: Permite el ajuste de rotaci\u00f3n de 360 \u200b\u200bgrados del mecanismo.<\/strong><br \/>\n<strong>11. V\u00e1lvula de control de flujo: Ajusta con precisi\u00f3n el caudal del aceite hidr\u00e1ulico.<\/strong><br \/>\n<strong>12. Palanca de accionamiento manual: Controla manualmente las acciones del sistema hidr\u00e1ulico.<\/strong><\/p>\n<h1 style=\"text-align: center;\">PROCESO DE PRODUCCI\u00d3N<\/h1>\n<p><img loading=\"lazy\" decoding=\"async\" class=\"aligncenter wp-image-7718\" src=\"https:\/\/ac-truck.com\/wp-content\/uploads\/2026\/02\/%E9%A5%B2%E6%96%99%E8%BF%90%E8%BE%93%E8%BD%A6%E8%AF%A6%E6%83%85%E9%A1%B5_14.webp\" sizes=\"(max-width: 1234px) 100vw, 1234px\" srcset=\"https:\/\/ac-truck.com\/wp-content\/uploads\/2026\/02\/\u9972\u6599\u8fd0\u8f93\u8f66\u8be6\u60c5\u9875_14.webp 790w, https:\/\/ac-truck.com\/wp-content\/uploads\/2026\/02\/\u9972\u6599\u8fd0\u8f93\u8f66\u8be6\u60c5\u9875_14-160x300.webp 160w, https:\/\/ac-truck.com\/wp-content\/uploads\/2026\/02\/\u9972\u6599\u8fd0\u8f93\u8f66\u8be6\u60c5\u9875_14-546x1024.webp 546w, https:\/\/ac-truck.com\/wp-content\/uploads\/2026\/02\/\u9972\u6599\u8fd0\u8f93\u8f66\u8be6\u60c5\u9875_14-768x1441.webp 768w, https:\/\/ac-truck.com\/wp-content\/uploads\/2026\/02\/\u9972\u6599\u8fd0\u8f93\u8f66\u8be6\u60c5\u9875_14-6x12.webp 6w, https:\/\/ac-truck.com\/wp-content\/uploads\/2026\/02\/\u9972\u6599\u8fd0\u8f93\u8f66\u8be6\u60c5\u9875_14-600x1126.webp 600w, https:\/\/ac-truck.com\/wp-content\/uploads\/2026\/02\/\u9972\u6599\u8fd0\u8f93\u8f66\u8be6\u60c5\u9875_14-150x281.webp 150w\" alt=\"\" width=\"1234\" height=\"2315\" \/><img loading=\"lazy\" decoding=\"async\" class=\"aligncenter wp-image-7719\" src=\"https:\/\/ac-truck.com\/wp-content\/uploads\/2026\/02\/%E9%A5%B2%E6%96%99%E8%BF%90%E8%BE%93%E8%BD%A6%E8%AF%A6%E6%83%85%E9%A1%B5_15.webp\" sizes=\"(max-width: 1234px) 100vw, 1234px\" srcset=\"https:\/\/ac-truck.com\/wp-content\/uploads\/2026\/02\/\u9972\u6599\u8fd0\u8f93\u8f66\u8be6\u60c5\u9875_15.webp 790w, https:\/\/ac-truck.com\/wp-content\/uploads\/2026\/02\/\u9972\u6599\u8fd0\u8f93\u8f66\u8be6\u60c5\u9875_15-160x300.webp 160w, https:\/\/ac-truck.com\/wp-content\/uploads\/2026\/02\/\u9972\u6599\u8fd0\u8f93\u8f66\u8be6\u60c5\u9875_15-547x1024.webp 547w, https:\/\/ac-truck.com\/wp-content\/uploads\/2026\/02\/\u9972\u6599\u8fd0\u8f93\u8f66\u8be6\u60c5\u9875_15-768x1439.webp 768w, https:\/\/ac-truck.com\/wp-content\/uploads\/2026\/02\/\u9972\u6599\u8fd0\u8f93\u8f66\u8be6\u60c5\u9875_15-6x12.webp 6w, https:\/\/ac-truck.com\/wp-content\/uploads\/2026\/02\/\u9972\u6599\u8fd0\u8f93\u8f66\u8be6\u60c5\u9875_15-600x1124.webp 600w, https:\/\/ac-truck.com\/wp-content\/uploads\/2026\/02\/\u9972\u6599\u8fd0\u8f93\u8f66\u8be6\u60c5\u9875_15-150x281.webp 150w\" alt=\"\" width=\"1234\" height=\"2312\" \/><\/p>\n<p><strong>1. Dise\u00f1o de boceto preliminar<\/strong><br \/>\n<strong>2. Preparaci\u00f3n de materiales antes de la producci\u00f3n<\/strong><br \/>\n<strong>3. Soldadura del cuerpo del tanque<\/strong><br \/>\n<strong>4. Montaje del cuerpo del tanque en el chasis<\/strong><br \/>\n<strong>5. Pretratamiento para la anticorrosi\u00f3n y la prevenci\u00f3n de la oxidaci\u00f3n<\/strong><br \/>\n<strong>6. Finalizaci\u00f3n de la pintura de toda la superestructura del veh\u00edculo.<\/strong><\/p>\n<h1 style=\"text-align: center;\">ESCENARIOS DE APLICACI\u00d3N<\/h1>\n<p><img loading=\"lazy\" decoding=\"async\" class=\"aligncenter wp-image-7720\" src=\"https:\/\/ac-truck.com\/wp-content\/uploads\/2026\/02\/%E9%A5%B2%E6%96%99%E8%BF%90%E8%BE%93%E8%BD%A6%E8%AF%A6%E6%83%85%E9%A1%B5_17.webp\" sizes=\"(max-width: 1234px) 100vw, 1234px\" srcset=\"https:\/\/ac-truck.com\/wp-content\/uploads\/2026\/02\/\u9972\u6599\u8fd0\u8f93\u8f66\u8be6\u60c5\u9875_17.webp 790w, https:\/\/ac-truck.com\/wp-content\/uploads\/2026\/02\/\u9972\u6599\u8fd0\u8f93\u8f66\u8be6\u60c5\u9875_17-157x300.webp 157w, https:\/\/ac-truck.com\/wp-content\/uploads\/2026\/02\/\u9972\u6599\u8fd0\u8f93\u8f66\u8be6\u60c5\u9875_17-535x1024.webp 535w, https:\/\/ac-truck.com\/wp-content\/uploads\/2026\/02\/\u9972\u6599\u8fd0\u8f93\u8f66\u8be6\u60c5\u9875_17-768x1470.webp 768w, https:\/\/ac-truck.com\/wp-content\/uploads\/2026\/02\/\u9972\u6599\u8fd0\u8f93\u8f66\u8be6\u60c5\u9875_17-6x12.webp 6w, https:\/\/ac-truck.com\/wp-content\/uploads\/2026\/02\/\u9972\u6599\u8fd0\u8f93\u8f66\u8be6\u60c5\u9875_17-600x1148.webp 600w, https:\/\/ac-truck.com\/wp-content\/uploads\/2026\/02\/\u9972\u6599\u8fd0\u8f93\u8f66\u8be6\u60c5\u9875_17-150x287.webp 150w\" alt=\"\" width=\"1234\" height=\"2362\" \/><\/p>\n<h1 style=\"text-align: center;\">EMBALAJE Y TRANSPORTE<\/h1>\n<p><img loading=\"lazy\" decoding=\"async\" class=\"aligncenter wp-image-7721\" src=\"https:\/\/ac-truck.com\/wp-content\/uploads\/2026\/02\/%E9%A5%B2%E6%96%99%E8%BF%90%E8%BE%93%E8%BD%A6%E8%AF%A6%E6%83%85%E9%A1%B5_19.webp\" sizes=\"(max-width: 1234px) 100vw, 1234px\" srcset=\"https:\/\/ac-truck.com\/wp-content\/uploads\/2026\/02\/\u9972\u6599\u8fd0\u8f93\u8f66\u8be6\u60c5\u9875_19.webp 790w, https:\/\/ac-truck.com\/wp-content\/uploads\/2026\/02\/\u9972\u6599\u8fd0\u8f93\u8f66\u8be6\u60c5\u9875_19-143x300.webp 143w, https:\/\/ac-truck.com\/wp-content\/uploads\/2026\/02\/\u9972\u6599\u8fd0\u8f93\u8f66\u8be6\u60c5\u9875_19-489x1024.webp 489w, https:\/\/ac-truck.com\/wp-content\/uploads\/2026\/02\/\u9972\u6599\u8fd0\u8f93\u8f66\u8be6\u60c5\u9875_19-768x1609.webp 768w, https:\/\/ac-truck.com\/wp-content\/uploads\/2026\/02\/\u9972\u6599\u8fd0\u8f93\u8f66\u8be6\u60c5\u9875_19-733x1536.webp 733w, https:\/\/ac-truck.com\/wp-content\/uploads\/2026\/02\/\u9972\u6599\u8fd0\u8f93\u8f66\u8be6\u60c5\u9875_19-6x12.webp 6w, https:\/\/ac-truck.com\/wp-content\/uploads\/2026\/02\/\u9972\u6599\u8fd0\u8f93\u8f66\u8be6\u60c5\u9875_19-600x1257.webp 600w, https:\/\/ac-truck.com\/wp-content\/uploads\/2026\/02\/\u9972\u6599\u8fd0\u8f93\u8f66\u8be6\u60c5\u9875_19-150x314.webp 150w\" alt=\"\" width=\"1234\" height=\"2585\" \/><\/p>","protected":false},"excerpt":{"rendered":"<p>PRODUCT PARAMETERS Bulk Feed Semi-trailer 50m\u00b3 project Descriptions Specifications Basic Overall dimensions(mm) 12000\u00d72550\u00d73950 curb weight(Kg) 11400 Loading capacity(Kg) 28600 Total<\/p>","protected":false},"featured_media":7771,"template":"","meta":[],"product_brand":[352],"product_cat":[179],"product_tag":[],"class_list":{"0":"post-7768","1":"product","2":"type-product","3":"status-publish","4":"has-post-thumbnail","6":"product_brand-semi-trailer","7":"product_cat-bulk-feed-trucks","9":"first","10":"instock","11":"shipping-taxable","12":"product-type-simple"},"_links":{"self":[{"href":"https:\/\/ac-truck.com\/es\/wp-json\/wp\/v2\/product\/7768","targetHints":{"allow":["GET"]}}],"collection":[{"href":"https:\/\/ac-truck.com\/es\/wp-json\/wp\/v2\/product"}],"about":[{"href":"https:\/\/ac-truck.com\/es\/wp-json\/wp\/v2\/types\/product"}],"version-history":[{"count":1,"href":"https:\/\/ac-truck.com\/es\/wp-json\/wp\/v2\/product\/7768\/revisions"}],"predecessor-version":[{"id":7777,"href":"https:\/\/ac-truck.com\/es\/wp-json\/wp\/v2\/product\/7768\/revisions\/7777"}],"wp:featuredmedia":[{"embeddable":true,"href":"https:\/\/ac-truck.com\/es\/wp-json\/wp\/v2\/media\/7771"}],"wp:attachment":[{"href":"https:\/\/ac-truck.com\/es\/wp-json\/wp\/v2\/media?parent=7768"}],"wp:term":[{"taxonomy":"product_brand","embeddable":true,"href":"https:\/\/ac-truck.com\/es\/wp-json\/wp\/v2\/product_brand?post=7768"},{"taxonomy":"product_cat","embeddable":true,"href":"https:\/\/ac-truck.com\/es\/wp-json\/wp\/v2\/product_cat?post=7768"},{"taxonomy":"product_tag","embeddable":true,"href":"https:\/\/ac-truck.com\/es\/wp-json\/wp\/v2\/product_tag?post=7768"}],"curies":[{"name":"wp","href":"https:\/\/api.w.org\/{rel}","templated":true}]}}