{"id":7832,"date":"2026-03-16T16:16:48","date_gmt":"2026-03-16T08:16:48","guid":{"rendered":"https:\/\/ac-truck.com\/?post_type=product&#038;p=7832"},"modified":"2026-03-16T16:16:48","modified_gmt":"2026-03-16T08:16:48","slug":"dfh-4x2-asphalt-synchronous-chip-seal-truck","status":"publish","type":"product","link":"https:\/\/ac-truck.com\/es\/dfh-4x2-asphalt-synchronous-chip-seal-truck.html","title":{"rendered":"Cami\u00f3n de sellado sincr\u00f3nico con gravilla y asfalto DFH 4x2"},"content":{"rendered":"<p><img fetchpriority=\"high\" decoding=\"async\" class=\"aligncenter wp-image-7833\" src=\"https:\/\/ac-truck.com\/wp-content\/uploads\/2026\/03\/\u540c\u6b65\u788e\u77f3\u5c01\u5c42\u8be6\u60c5\u9875_01.webp\" alt=\"\" width=\"1234\" height=\"1545\" srcset=\"https:\/\/ac-truck.com\/wp-content\/uploads\/2026\/03\/\u540c\u6b65\u788e\u77f3\u5c01\u5c42\u8be6\u60c5\u9875_01.webp 790w, https:\/\/ac-truck.com\/wp-content\/uploads\/2026\/03\/\u540c\u6b65\u788e\u77f3\u5c01\u5c42\u8be6\u60c5\u9875_01-240x300.webp 240w, https:\/\/ac-truck.com\/wp-content\/uploads\/2026\/03\/\u540c\u6b65\u788e\u77f3\u5c01\u5c42\u8be6\u60c5\u9875_01-768x961.webp 768w, https:\/\/ac-truck.com\/wp-content\/uploads\/2026\/03\/\u540c\u6b65\u788e\u77f3\u5c01\u5c42\u8be6\u60c5\u9875_01-10x12.webp 10w, https:\/\/ac-truck.com\/wp-content\/uploads\/2026\/03\/\u540c\u6b65\u788e\u77f3\u5c01\u5c42\u8be6\u60c5\u9875_01-600x751.webp 600w, https:\/\/ac-truck.com\/wp-content\/uploads\/2026\/03\/\u540c\u6b65\u788e\u77f3\u5c01\u5c42\u8be6\u60c5\u9875_01-150x188.webp 150w\" sizes=\"(max-width: 1234px) 100vw, 1234px\" \/><\/p>\n<h1 style=\"text-align: center;\">PAR\u00c1METROS DEL PRODUCTO<\/h1>\n<p><img decoding=\"async\" class=\"aligncenter wp-image-7834\" src=\"https:\/\/ac-truck.com\/wp-content\/uploads\/2026\/03\/\u540c\u6b65\u788e\u77f3\u5c01\u5c42\u8be6\u60c5\u9875_03.webp\" alt=\"\" width=\"1234\" height=\"498\" srcset=\"https:\/\/ac-truck.com\/wp-content\/uploads\/2026\/03\/\u540c\u6b65\u788e\u77f3\u5c01\u5c42\u8be6\u60c5\u9875_03.webp 790w, https:\/\/ac-truck.com\/wp-content\/uploads\/2026\/03\/\u540c\u6b65\u788e\u77f3\u5c01\u5c42\u8be6\u60c5\u9875_03-300x121.webp 300w, https:\/\/ac-truck.com\/wp-content\/uploads\/2026\/03\/\u540c\u6b65\u788e\u77f3\u5c01\u5c42\u8be6\u60c5\u9875_03-768x310.webp 768w, https:\/\/ac-truck.com\/wp-content\/uploads\/2026\/03\/\u540c\u6b65\u788e\u77f3\u5c01\u5c42\u8be6\u60c5\u9875_03-18x7.webp 18w, https:\/\/ac-truck.com\/wp-content\/uploads\/2026\/03\/\u540c\u6b65\u788e\u77f3\u5c01\u5c42\u8be6\u60c5\u9875_03-600x242.webp 600w, https:\/\/ac-truck.com\/wp-content\/uploads\/2026\/03\/\u540c\u6b65\u788e\u77f3\u5c01\u5c42\u8be6\u60c5\u9875_03-150x61.webp 150w\" sizes=\"(max-width: 1234px) 100vw, 1234px\" \/><\/p>\n<h1 style=\"text-align: center;\">VENTAJAS DEL VEH\u00cdCULO<\/h1>\n<h2 style=\"text-align: center;\"><strong>DFH<\/strong><strong>\u00a0<\/strong><strong>4&#215;2 <\/strong><strong>Asphalt synchronous chip seal <\/strong><strong>truck<\/strong><\/h2>\n<table>\n<tbody>\n<tr>\n<td width=\"79\"><strong>proyecto<\/strong><\/td>\n<td width=\"319\"><strong>Descripciones<\/strong><\/td>\n<td width=\"288\"><strong>Presupuesto<\/strong><\/td>\n<\/tr>\n<tr>\n<td rowspan=\"4\" width=\"79\"><strong>B\u00e1sico<\/strong><\/td>\n<td width=\"319\"><strong>Dimensiones totales (mm)<\/strong><\/td>\n<td width=\"288\"><strong>8880*2550*3560<\/strong><\/td>\n<\/tr>\n<tr>\n<td width=\"319\"><strong>peso en vac\u00edo (Kg)<\/strong><\/td>\n<td width=\"288\"><strong>12080<\/strong><\/td>\n<\/tr>\n<tr>\n<td width=\"319\"><strong>Capacidad de carga (Kg)<\/strong><\/td>\n<td width=\"288\"><strong>5790<\/strong><\/td>\n<\/tr>\n<tr>\n<td width=\"319\"><strong>Masa total (Kg)<\/strong><\/td>\n<td width=\"288\"><strong>18000<\/strong><\/td>\n<\/tr>\n<tr>\n<td rowspan=\"4\" width=\"79\"><strong>Cuerpo<\/strong><\/td>\n<td width=\"319\"><strong>Volumen del tanque de asfalto (m\u00b3)<\/strong><\/td>\n<td width=\"288\"><strong>6<\/strong><\/td>\n<\/tr>\n<tr>\n<td width=\"319\"><strong>Capacidad del contenedor de piedra (m\u00b3)<\/strong><\/td>\n<td width=\"288\"><strong>8<\/strong><\/td>\n<\/tr>\n<tr>\n<td width=\"319\"><strong>Material del tanque<\/strong><\/td>\n<td width=\"288\"><strong>Q235carbon steel<\/strong><\/td>\n<\/tr>\n<tr>\n<td width=\"319\"><strong>Aspecto de tanque<\/strong><\/td>\n<td width=\"288\"><strong>Acero inoxidable (1 mm)<\/strong><\/td>\n<\/tr>\n<tr>\n<td rowspan=\"7\" width=\"79\"><strong>Chasis<\/strong><\/p>\n<p>&nbsp;<\/td>\n<td width=\"319\"><strong>Marca del chasis<\/strong><\/td>\n<td width=\"288\"><strong>DFH<\/strong><\/td>\n<\/tr>\n<tr>\n<td width=\"319\"><strong>Formulario de unidad<\/strong><\/td>\n<td width=\"288\"><strong>4*2<\/strong><\/td>\n<\/tr>\n<tr>\n<td width=\"319\"><strong>Volante<\/strong><\/td>\n<td width=\"288\"><strong>Conducci\u00f3n con volante a la izquierda<\/strong><\/td>\n<\/tr>\n<tr>\n<td width=\"319\"><strong>Steering device<\/strong><\/td>\n<td width=\"288\"><strong>Power assisted steering<\/strong><\/td>\n<\/tr>\n<tr>\n<td width=\"319\"><strong>Marca y modelo del motor<\/strong><\/td>\n<td width=\"288\"><strong>B6.2NS6B230<\/strong><\/td>\n<\/tr>\n<tr>\n<td width=\"319\"><strong>Potencia m\u00e1xima del motor (kW)<\/strong><\/td>\n<td width=\"288\"><strong>169<\/strong><\/td>\n<\/tr>\n<tr>\n<td width=\"319\"><strong>Norma de emisiones del motor<\/strong><\/td>\n<td width=\"288\"><strong>Euro 6<\/strong><\/td>\n<\/tr>\n<\/tbody>\n<\/table>\n<h1 style=\"text-align: center;\">Sistema de extendido de asfalto<\/h1>\n<p><img decoding=\"async\" class=\"aligncenter wp-image-7835\" src=\"https:\/\/ac-truck.com\/wp-content\/uploads\/2026\/03\/\u540c\u6b65\u788e\u77f3\u5c01\u5c42\u8be6\u60c5\u9875_05.webp\" alt=\"\" width=\"1234\" height=\"3380\" srcset=\"https:\/\/ac-truck.com\/wp-content\/uploads\/2026\/03\/\u540c\u6b65\u788e\u77f3\u5c01\u5c42\u8be6\u60c5\u9875_05.webp 790w, https:\/\/ac-truck.com\/wp-content\/uploads\/2026\/03\/\u540c\u6b65\u788e\u77f3\u5c01\u5c42\u8be6\u60c5\u9875_05-110x300.webp 110w, https:\/\/ac-truck.com\/wp-content\/uploads\/2026\/03\/\u540c\u6b65\u788e\u77f3\u5c01\u5c42\u8be6\u60c5\u9875_05-374x1024.webp 374w, https:\/\/ac-truck.com\/wp-content\/uploads\/2026\/03\/\u540c\u6b65\u788e\u77f3\u5c01\u5c42\u8be6\u60c5\u9875_05-768x2104.webp 768w, https:\/\/ac-truck.com\/wp-content\/uploads\/2026\/03\/\u540c\u6b65\u788e\u77f3\u5c01\u5c42\u8be6\u60c5\u9875_05-561x1536.webp 561w, https:\/\/ac-truck.com\/wp-content\/uploads\/2026\/03\/\u540c\u6b65\u788e\u77f3\u5c01\u5c42\u8be6\u60c5\u9875_05-748x2048.webp 748w, https:\/\/ac-truck.com\/wp-content\/uploads\/2026\/03\/\u540c\u6b65\u788e\u77f3\u5c01\u5c42\u8be6\u60c5\u9875_05-4x12.webp 4w, https:\/\/ac-truck.com\/wp-content\/uploads\/2026\/03\/\u540c\u6b65\u788e\u77f3\u5c01\u5c42\u8be6\u60c5\u9875_05-600x1644.webp 600w, https:\/\/ac-truck.com\/wp-content\/uploads\/2026\/03\/\u540c\u6b65\u788e\u77f3\u5c01\u5c42\u8be6\u60c5\u9875_05-150x411.webp 150w\" sizes=\"(max-width: 1234px) 100vw, 1234px\" \/><\/p>\n<p><strong>1.Asphalt pump: Abrasion &#8211; resistant and pressure &#8211; resistant,it can stably and efficiently transport asphalt without leak-age.<\/strong><br \/>\n<strong>2.Asphalt spreading device: The spreading width is adjust-able, the material discharge is uniform and accurate, ensur-ing high &#8211; quality road seal coating.<\/strong><br \/>\n<strong>3. Calentador: Permite elevar la temperatura de manera r\u00e1pida y uniforme, con un control t\u00e9rmico estable que asegura que la viscosidad del asfalto durante la construcci\u00f3n cumpla con los est\u00e1ndares.<\/strong><br \/>\n<strong>4.Heating oil outlet: With stable flow rate, the heat &#8211; conduct-ing oil circulates smoothly, resulting in a good heating effect.<\/strong><br \/>\n<strong>5.Inlet and outlet of asphalt pump: It is anti &#8211; clogging andabrasion &#8211; resistant, with good fluidity, ensuring smooth as-phalt transportation without jamming.<\/strong><br \/>\n<strong>6. Sensor de temperatura: Presenta una respuesta sensible y una medici\u00f3n precisa de la temperatura, proporcionando datos fiables para el control de la temperatura durante la construcci\u00f3n.<\/strong><\/p>\n<h1 style=\"text-align: center;\">Sistema esparcidor de gravilla<\/h1>\n<p><img loading=\"lazy\" decoding=\"async\" class=\"aligncenter wp-image-7836\" src=\"https:\/\/ac-truck.com\/wp-content\/uploads\/2026\/03\/\u540c\u6b65\u788e\u77f3\u5c01\u5c42\u8be6\u60c5\u9875_07.webp\" alt=\"\" width=\"1234\" height=\"1729\" srcset=\"https:\/\/ac-truck.com\/wp-content\/uploads\/2026\/03\/\u540c\u6b65\u788e\u77f3\u5c01\u5c42\u8be6\u60c5\u9875_07.webp 790w, https:\/\/ac-truck.com\/wp-content\/uploads\/2026\/03\/\u540c\u6b65\u788e\u77f3\u5c01\u5c42\u8be6\u60c5\u9875_07-214x300.webp 214w, https:\/\/ac-truck.com\/wp-content\/uploads\/2026\/03\/\u540c\u6b65\u788e\u77f3\u5c01\u5c42\u8be6\u60c5\u9875_07-731x1024.webp 731w, https:\/\/ac-truck.com\/wp-content\/uploads\/2026\/03\/\u540c\u6b65\u788e\u77f3\u5c01\u5c42\u8be6\u60c5\u9875_07-768x1076.webp 768w, https:\/\/ac-truck.com\/wp-content\/uploads\/2026\/03\/\u540c\u6b65\u788e\u77f3\u5c01\u5c42\u8be6\u60c5\u9875_07-9x12.webp 9w, https:\/\/ac-truck.com\/wp-content\/uploads\/2026\/03\/\u540c\u6b65\u788e\u77f3\u5c01\u5c42\u8be6\u60c5\u9875_07-600x841.webp 600w, https:\/\/ac-truck.com\/wp-content\/uploads\/2026\/03\/\u540c\u6b65\u788e\u77f3\u5c01\u5c42\u8be6\u60c5\u9875_07-150x210.webp 150w\" sizes=\"(max-width: 1234px) 100vw, 1234px\" \/><\/p>\n<p><strong>1. Salida de esparcimiento de piedra: Presenta una descarga uniforme del material y una anchura ajustable, lo que garantiza un alto nivel de nivelaci\u00f3n en el esparcimiento de la piedra.<\/strong><br \/>\n<strong>2.Gravel discharge outlet: It is anti &#8211; clogging and abrasion resistant, with smooth material flow, guaranteeing good continuity in gravel spreading.<\/strong><\/p>\n<h1 style=\"text-align: center;\">Estructura de la ubicaci\u00f3n<\/h1>\n<p><img loading=\"lazy\" decoding=\"async\" class=\"aligncenter wp-image-7837\" src=\"https:\/\/ac-truck.com\/wp-content\/uploads\/2026\/03\/\u540c\u6b65\u788e\u77f3\u5c01\u5c42\u8be6\u60c5\u9875_09.webp\" alt=\"\" width=\"1234\" height=\"1707\" srcset=\"https:\/\/ac-truck.com\/wp-content\/uploads\/2026\/03\/\u540c\u6b65\u788e\u77f3\u5c01\u5c42\u8be6\u60c5\u9875_09.webp 790w, https:\/\/ac-truck.com\/wp-content\/uploads\/2026\/03\/\u540c\u6b65\u788e\u77f3\u5c01\u5c42\u8be6\u60c5\u9875_09-217x300.webp 217w, https:\/\/ac-truck.com\/wp-content\/uploads\/2026\/03\/\u540c\u6b65\u788e\u77f3\u5c01\u5c42\u8be6\u60c5\u9875_09-740x1024.webp 740w, https:\/\/ac-truck.com\/wp-content\/uploads\/2026\/03\/\u540c\u6b65\u788e\u77f3\u5c01\u5c42\u8be6\u60c5\u9875_09-768x1063.webp 768w, https:\/\/ac-truck.com\/wp-content\/uploads\/2026\/03\/\u540c\u6b65\u788e\u77f3\u5c01\u5c42\u8be6\u60c5\u9875_09-9x12.webp 9w, https:\/\/ac-truck.com\/wp-content\/uploads\/2026\/03\/\u540c\u6b65\u788e\u77f3\u5c01\u5c42\u8be6\u60c5\u9875_09-600x830.webp 600w, https:\/\/ac-truck.com\/wp-content\/uploads\/2026\/03\/\u540c\u6b65\u788e\u77f3\u5c01\u5c42\u8be6\u60c5\u9875_09-150x208.webp 150w\" sizes=\"(max-width: 1234px) 100vw, 1234px\" \/><\/p>\n<p><strong>1.Asphalt tank: It has good heat preservation performanceand is corrosion &#8211; resistant, effectively ensuring the storagetemperature and cleanliness of asphalt.<\/strong><br \/>\n<strong>2.Gravel tank: It has a sturdy structure, is anti &#8211; clogging anddurable, ensuring smooth and efficient storage and unload-IRUCKing of gravel.<\/strong><\/p>\n<h1 style=\"text-align: center;\">Sistema de control<\/h1>\n<p><img loading=\"lazy\" decoding=\"async\" class=\"aligncenter wp-image-7838\" src=\"https:\/\/ac-truck.com\/wp-content\/uploads\/2026\/03\/\u540c\u6b65\u788e\u77f3\u5c01\u5c42\u8be6\u60c5\u9875_11.webp\" alt=\"\" width=\"1234\" height=\"878\" srcset=\"https:\/\/ac-truck.com\/wp-content\/uploads\/2026\/03\/\u540c\u6b65\u788e\u77f3\u5c01\u5c42\u8be6\u60c5\u9875_11.webp 790w, https:\/\/ac-truck.com\/wp-content\/uploads\/2026\/03\/\u540c\u6b65\u788e\u77f3\u5c01\u5c42\u8be6\u60c5\u9875_11-300x213.webp 300w, https:\/\/ac-truck.com\/wp-content\/uploads\/2026\/03\/\u540c\u6b65\u788e\u77f3\u5c01\u5c42\u8be6\u60c5\u9875_11-768x546.webp 768w, https:\/\/ac-truck.com\/wp-content\/uploads\/2026\/03\/\u540c\u6b65\u788e\u77f3\u5c01\u5c42\u8be6\u60c5\u9875_11-18x12.webp 18w, https:\/\/ac-truck.com\/wp-content\/uploads\/2026\/03\/\u540c\u6b65\u788e\u77f3\u5c01\u5c42\u8be6\u60c5\u9875_11-600x427.webp 600w, https:\/\/ac-truck.com\/wp-content\/uploads\/2026\/03\/\u540c\u6b65\u788e\u77f3\u5c01\u5c42\u8be6\u60c5\u9875_11-150x107.webp 150w\" sizes=\"(max-width: 1234px) 100vw, 1234px\" \/><\/p>\n<p><strong>La gran pantalla de visualizaci\u00f3n en la cabina y los botones de operaci\u00f3n: cuenta con una visualizaci\u00f3n n\u00edtida y datos exhaustivos, lo que hace que los par\u00e1metros de construcci\u00f3n resulten claramente visibles. Su disposici\u00f3n es l\u00f3gica y responden con gran sensibilidad al tacto, lo que permite realizar las operaciones de construcci\u00f3n de manera c\u00f3moda y eficiente.<\/strong><\/p>\n<h1 style=\"text-align: center;\">ESCENARIOS DE APLICACI\u00d3N<\/h1>\n<p><img loading=\"lazy\" decoding=\"async\" class=\"aligncenter wp-image-7839\" src=\"https:\/\/ac-truck.com\/wp-content\/uploads\/2026\/03\/\u540c\u6b65\u788e\u77f3\u5c01\u5c42\u8be6\u60c5\u9875_15.webp\" alt=\"\" width=\"1234\" height=\"3073\" srcset=\"https:\/\/ac-truck.com\/wp-content\/uploads\/2026\/03\/\u540c\u6b65\u788e\u77f3\u5c01\u5c42\u8be6\u60c5\u9875_15.webp 790w, https:\/\/ac-truck.com\/wp-content\/uploads\/2026\/03\/\u540c\u6b65\u788e\u77f3\u5c01\u5c42\u8be6\u60c5\u9875_15-120x300.webp 120w, https:\/\/ac-truck.com\/wp-content\/uploads\/2026\/03\/\u540c\u6b65\u788e\u77f3\u5c01\u5c42\u8be6\u60c5\u9875_15-411x1024.webp 411w, https:\/\/ac-truck.com\/wp-content\/uploads\/2026\/03\/\u540c\u6b65\u788e\u77f3\u5c01\u5c42\u8be6\u60c5\u9875_15-768x1912.webp 768w, https:\/\/ac-truck.com\/wp-content\/uploads\/2026\/03\/\u540c\u6b65\u788e\u77f3\u5c01\u5c42\u8be6\u60c5\u9875_15-617x1536.webp 617w, https:\/\/ac-truck.com\/wp-content\/uploads\/2026\/03\/\u540c\u6b65\u788e\u77f3\u5c01\u5c42\u8be6\u60c5\u9875_15-5x12.webp 5w, https:\/\/ac-truck.com\/wp-content\/uploads\/2026\/03\/\u540c\u6b65\u788e\u77f3\u5c01\u5c42\u8be6\u60c5\u9875_15-600x1494.webp 600w, https:\/\/ac-truck.com\/wp-content\/uploads\/2026\/03\/\u540c\u6b65\u788e\u77f3\u5c01\u5c42\u8be6\u60c5\u9875_15-150x373.webp 150w\" sizes=\"(max-width: 1234px) 100vw, 1234px\" \/><\/p>\n<h1 style=\"text-align: center;\">EMBALAJE Y TRANSPORTE<\/h1>\n<p><img loading=\"lazy\" decoding=\"async\" class=\"aligncenter wp-image-7840\" src=\"https:\/\/ac-truck.com\/wp-content\/uploads\/2026\/03\/\u540c\u6b65\u788e\u77f3\u5c01\u5c42\u8be6\u60c5\u9875_17.webp\" alt=\"\" width=\"1234\" height=\"1892\" srcset=\"https:\/\/ac-truck.com\/wp-content\/uploads\/2026\/03\/\u540c\u6b65\u788e\u77f3\u5c01\u5c42\u8be6\u60c5\u9875_17.webp 790w, https:\/\/ac-truck.com\/wp-content\/uploads\/2026\/03\/\u540c\u6b65\u788e\u77f3\u5c01\u5c42\u8be6\u60c5\u9875_17-196x300.webp 196w, https:\/\/ac-truck.com\/wp-content\/uploads\/2026\/03\/\u540c\u6b65\u788e\u77f3\u5c01\u5c42\u8be6\u60c5\u9875_17-668x1024.webp 668w, https:\/\/ac-truck.com\/wp-content\/uploads\/2026\/03\/\u540c\u6b65\u788e\u77f3\u5c01\u5c42\u8be6\u60c5\u9875_17-768x1177.webp 768w, https:\/\/ac-truck.com\/wp-content\/uploads\/2026\/03\/\u540c\u6b65\u788e\u77f3\u5c01\u5c42\u8be6\u60c5\u9875_17-8x12.webp 8w, https:\/\/ac-truck.com\/wp-content\/uploads\/2026\/03\/\u540c\u6b65\u788e\u77f3\u5c01\u5c42\u8be6\u60c5\u9875_17-600x920.webp 600w, https:\/\/ac-truck.com\/wp-content\/uploads\/2026\/03\/\u540c\u6b65\u788e\u77f3\u5c01\u5c42\u8be6\u60c5\u9875_17-150x230.webp 150w\" sizes=\"(max-width: 1234px) 100vw, 1234px\" \/><\/p>","protected":false},"excerpt":{"rendered":"<p>PRODUCT PARAMETERS VEHICLE ADVANTAGES DFH\u00a04&#215;2 Asphalt synchronous chip seal truck project Descriptions Specifications Basic Overall dimensions(mm) 8880*2550*3560 curb weight(Kg) 12080<\/p>","protected":false},"featured_media":7841,"template":"","meta":[],"product_brand":[],"product_cat":[375],"product_tag":[383,384,385],"class_list":{"0":"post-7832","1":"product","2":"type-product","3":"status-publish","4":"has-post-thumbnail","6":"product_cat-road-machinery","7":"product_tag-chipsealer","8":"product_tag-synchronous-chip-sealer","9":"product_tag-chip-seal-truck","11":"first","12":"instock","13":"shipping-taxable","14":"product-type-simple"},"_links":{"self":[{"href":"https:\/\/ac-truck.com\/es\/wp-json\/wp\/v2\/product\/7832","targetHints":{"allow":["GET"]}}],"collection":[{"href":"https:\/\/ac-truck.com\/es\/wp-json\/wp\/v2\/product"}],"about":[{"href":"https:\/\/ac-truck.com\/es\/wp-json\/wp\/v2\/types\/product"}],"version-history":[{"count":1,"href":"https:\/\/ac-truck.com\/es\/wp-json\/wp\/v2\/product\/7832\/revisions"}],"predecessor-version":[{"id":7847,"href":"https:\/\/ac-truck.com\/es\/wp-json\/wp\/v2\/product\/7832\/revisions\/7847"}],"wp:featuredmedia":[{"embeddable":true,"href":"https:\/\/ac-truck.com\/es\/wp-json\/wp\/v2\/media\/7841"}],"wp:attachment":[{"href":"https:\/\/ac-truck.com\/es\/wp-json\/wp\/v2\/media?parent=7832"}],"wp:term":[{"taxonomy":"product_brand","embeddable":true,"href":"https:\/\/ac-truck.com\/es\/wp-json\/wp\/v2\/product_brand?post=7832"},{"taxonomy":"product_cat","embeddable":true,"href":"https:\/\/ac-truck.com\/es\/wp-json\/wp\/v2\/product_cat?post=7832"},{"taxonomy":"product_tag","embeddable":true,"href":"https:\/\/ac-truck.com\/es\/wp-json\/wp\/v2\/product_tag?post=7832"}],"curies":[{"name":"wp","href":"https:\/\/api.w.org\/{rel}","templated":true}]}}