{"id":7869,"date":"2026-03-17T10:52:43","date_gmt":"2026-03-17T02:52:43","guid":{"rendered":"https:\/\/ac-truck.com\/?post_type=product&#038;p=7869"},"modified":"2026-03-17T10:52:44","modified_gmt":"2026-03-17T02:52:44","slug":"synchronous-chip-sealer-howo-6x4","status":"publish","type":"product","link":"https:\/\/ac-truck.com\/es\/synchronous-chip-sealer-howo-6x4.html","title":{"rendered":"Sellador de asfalto y gravilla s\u00edncrono HOWO 6\u00d74"},"content":{"rendered":"<h1 style=\"text-align: center;\"><img fetchpriority=\"high\" decoding=\"async\" class=\"aligncenter wp-image-7870\" src=\"https:\/\/ac-truck.com\/wp-content\/uploads\/2026\/03\/\u4ea7\u54c1\u6d77\u62a5_01-2.webp\" alt=\"\" width=\"1234\" height=\"1532\" srcset=\"https:\/\/ac-truck.com\/wp-content\/uploads\/2026\/03\/\u4ea7\u54c1\u6d77\u62a5_01-2.webp 790w, https:\/\/ac-truck.com\/wp-content\/uploads\/2026\/03\/\u4ea7\u54c1\u6d77\u62a5_01-2-242x300.webp 242w, https:\/\/ac-truck.com\/wp-content\/uploads\/2026\/03\/\u4ea7\u54c1\u6d77\u62a5_01-2-768x954.webp 768w, https:\/\/ac-truck.com\/wp-content\/uploads\/2026\/03\/\u4ea7\u54c1\u6d77\u62a5_01-2-10x12.webp 10w, https:\/\/ac-truck.com\/wp-content\/uploads\/2026\/03\/\u4ea7\u54c1\u6d77\u62a5_01-2-600x745.webp 600w, https:\/\/ac-truck.com\/wp-content\/uploads\/2026\/03\/\u4ea7\u54c1\u6d77\u62a5_01-2-150x186.webp 150w\" sizes=\"(max-width: 1234px) 100vw, 1234px\" \/> PAR\u00c1METROS DEL PRODUCTO<img decoding=\"async\" class=\"aligncenter wp-image-7871\" src=\"https:\/\/ac-truck.com\/wp-content\/uploads\/2026\/03\/\u4ea7\u54c1\u6d77\u62a5_03-2.webp\" alt=\"\" width=\"1234\" height=\"489\" srcset=\"https:\/\/ac-truck.com\/wp-content\/uploads\/2026\/03\/\u4ea7\u54c1\u6d77\u62a5_03-2.webp 790w, https:\/\/ac-truck.com\/wp-content\/uploads\/2026\/03\/\u4ea7\u54c1\u6d77\u62a5_03-2-300x119.webp 300w, https:\/\/ac-truck.com\/wp-content\/uploads\/2026\/03\/\u4ea7\u54c1\u6d77\u62a5_03-2-768x304.webp 768w, https:\/\/ac-truck.com\/wp-content\/uploads\/2026\/03\/\u4ea7\u54c1\u6d77\u62a5_03-2-18x7.webp 18w, https:\/\/ac-truck.com\/wp-content\/uploads\/2026\/03\/\u4ea7\u54c1\u6d77\u62a5_03-2-600x238.webp 600w, https:\/\/ac-truck.com\/wp-content\/uploads\/2026\/03\/\u4ea7\u54c1\u6d77\u62a5_03-2-150x59.webp 150w\" sizes=\"(max-width: 1234px) 100vw, 1234px\" \/><\/h1>\n<h2 style=\"text-align: center;\">Sellador de asfalto y gravilla s\u00edncrono HOWO 6\u00d74<\/h2>\n<table>\n<tbody>\n<tr>\n<td width=\"79\"><strong>proyecto<\/strong><\/td>\n<td width=\"319\"><strong>Descripciones<\/strong><\/td>\n<td width=\"288\"><strong>Presupuesto<\/strong><\/td>\n<\/tr>\n<tr>\n<td rowspan=\"4\" width=\"79\"><strong>B\u00e1sico<\/strong><\/td>\n<td width=\"319\"><strong>Dimensiones totales (mm)<\/strong><\/td>\n<td width=\"288\"><strong>10040*2550*3840<\/strong><\/td>\n<\/tr>\n<tr>\n<td width=\"319\"><strong>peso en vac\u00edo (Kg)<\/strong><\/td>\n<td width=\"288\"><strong>17800<\/strong><\/td>\n<\/tr>\n<tr>\n<td width=\"319\"><strong>Capacidad de carga (Kg)<\/strong><\/td>\n<td width=\"288\"><strong>7100<\/strong><\/td>\n<\/tr>\n<tr>\n<td width=\"319\"><strong>Masa total (Kg)<\/strong><\/td>\n<td width=\"288\"><strong>25000<\/strong><\/td>\n<\/tr>\n<tr>\n<td rowspan=\"4\" width=\"79\"><strong>Cuerpo<\/strong><\/td>\n<td width=\"319\"><strong>Volumen del tanque de asfalto (m\u00b3)<\/strong><\/td>\n<td width=\"288\"><strong>8<\/strong><\/td>\n<\/tr>\n<tr>\n<td width=\"319\"><strong>Capacidad del contenedor de piedra (m\u00b3)<\/strong><\/td>\n<td width=\"288\"><strong>12<\/strong><\/td>\n<\/tr>\n<tr>\n<td width=\"319\"><strong>Material del tanque<\/strong><\/td>\n<td width=\"288\"><strong>Q235carbon steel<\/strong><\/td>\n<\/tr>\n<tr>\n<td width=\"319\"><strong>Aspecto de tanque<\/strong><\/td>\n<td width=\"288\"><strong>Acero inoxidable (1 mm)<\/strong><\/td>\n<\/tr>\n<tr>\n<td rowspan=\"7\" width=\"79\"><strong>Chasis<\/strong><\/p>\n<p>&nbsp;<\/td>\n<td width=\"319\"><strong>Marca del chasis<\/strong><\/td>\n<td width=\"288\"><strong>C\u00d3MO<\/strong><\/td>\n<\/tr>\n<tr>\n<td width=\"319\"><strong>Formulario de unidad<\/strong><\/td>\n<td width=\"288\"><strong>6*4<\/strong><\/td>\n<\/tr>\n<tr>\n<td width=\"319\"><strong>Volante<\/strong><\/td>\n<td width=\"288\"><strong>Conducci\u00f3n con volante a la izquierda<\/strong><\/td>\n<\/tr>\n<tr>\n<td width=\"319\"><strong>Marca y modelo del motor<\/strong><\/td>\n<td width=\"288\"><strong>MC07H.35-60<\/strong><\/td>\n<\/tr>\n<tr>\n<td width=\"319\"><strong>Potencia m\u00e1xima del motor (kW)<\/strong><\/td>\n<td width=\"288\"><strong>257<\/strong><\/td>\n<\/tr>\n<tr>\n<td width=\"319\"><strong>Norma de emisiones del motor<\/strong><\/td>\n<td width=\"288\"><strong>Euro 6<\/strong><\/td>\n<\/tr>\n<tr>\n<td width=\"319\"><strong>Caja de cambios<\/strong><\/td>\n<td width=\"288\"><strong>12-Speed Manual<\/strong><\/td>\n<\/tr>\n<\/tbody>\n<\/table>\n<h1 style=\"text-align: center;\">VENTAJAS DEL VEH\u00cdCULO<\/h1>\n<h1 style=\"text-align: center;\">Sistema de extendido de asfalto<\/h1>\n<p><img decoding=\"async\" class=\"aligncenter wp-image-7835\" src=\"https:\/\/ac-truck.com\/wp-content\/uploads\/2026\/03\/%E5%90%8C%E6%AD%A5%E7%A2%8E%E7%9F%B3%E5%B0%81%E5%B1%82%E8%AF%A6%E6%83%85%E9%A1%B5_05.webp\" sizes=\"(max-width: 1234px) 100vw, 1234px\" srcset=\"https:\/\/ac-truck.com\/wp-content\/uploads\/2026\/03\/\u540c\u6b65\u788e\u77f3\u5c01\u5c42\u8be6\u60c5\u9875_05.webp 790w, https:\/\/ac-truck.com\/wp-content\/uploads\/2026\/03\/\u540c\u6b65\u788e\u77f3\u5c01\u5c42\u8be6\u60c5\u9875_05-110x300.webp 110w, https:\/\/ac-truck.com\/wp-content\/uploads\/2026\/03\/\u540c\u6b65\u788e\u77f3\u5c01\u5c42\u8be6\u60c5\u9875_05-374x1024.webp 374w, https:\/\/ac-truck.com\/wp-content\/uploads\/2026\/03\/\u540c\u6b65\u788e\u77f3\u5c01\u5c42\u8be6\u60c5\u9875_05-768x2104.webp 768w, https:\/\/ac-truck.com\/wp-content\/uploads\/2026\/03\/\u540c\u6b65\u788e\u77f3\u5c01\u5c42\u8be6\u60c5\u9875_05-561x1536.webp 561w, https:\/\/ac-truck.com\/wp-content\/uploads\/2026\/03\/\u540c\u6b65\u788e\u77f3\u5c01\u5c42\u8be6\u60c5\u9875_05-748x2048.webp 748w, https:\/\/ac-truck.com\/wp-content\/uploads\/2026\/03\/\u540c\u6b65\u788e\u77f3\u5c01\u5c42\u8be6\u60c5\u9875_05-4x12.webp 4w, https:\/\/ac-truck.com\/wp-content\/uploads\/2026\/03\/\u540c\u6b65\u788e\u77f3\u5c01\u5c42\u8be6\u60c5\u9875_05-600x1644.webp 600w, https:\/\/ac-truck.com\/wp-content\/uploads\/2026\/03\/\u540c\u6b65\u788e\u77f3\u5c01\u5c42\u8be6\u60c5\u9875_05-150x411.webp 150w\" alt=\"\" width=\"1234\" height=\"3380\" \/><\/p>\n<p><strong>1. Bomba de asfalto: Resistente a la abrasi\u00f3n y a la presi\u00f3n, puede transportar asfalto de manera estable y eficiente, sin fugas.<\/strong><br \/>\n<strong>2. Dispositivo de extendido de asfalto: La anchura de extendido es ajustable y la descarga del material es uniforme y precisa, lo que garantiza un recubrimiento de sellado vial de alta calidad.<\/strong><br \/>\n<strong>3. Calentador: Permite elevar la temperatura de manera r\u00e1pida y uniforme, con un control t\u00e9rmico estable que asegura que la viscosidad del asfalto durante la construcci\u00f3n cumpla con los est\u00e1ndares.<\/strong><br \/>\n<strong>4. Salida de aceite t\u00e9rmico: Con un caudal estable, el aceite termoconductor circula con fluidez, lo que resulta en un buen efecto de calentamiento.<\/strong><br \/>\n<strong>5. Entrada y salida de la bomba de asfalto: Es antiobstrucci\u00f3n y resistente a la abrasi\u00f3n, con buena fluidez, lo que garantiza un transporte fluido del asfalto sin atascos.<\/strong><br \/>\n<strong>6. Sensor de temperatura: Presenta una respuesta sensible y una medici\u00f3n precisa de la temperatura, proporcionando datos fiables para el control de la temperatura durante la construcci\u00f3n.<\/strong><\/p>\n<h1 style=\"text-align: center;\">Sistema esparcidor de gravilla<\/h1>\n<p><img loading=\"lazy\" decoding=\"async\" class=\"aligncenter wp-image-7836\" src=\"https:\/\/ac-truck.com\/wp-content\/uploads\/2026\/03\/%E5%90%8C%E6%AD%A5%E7%A2%8E%E7%9F%B3%E5%B0%81%E5%B1%82%E8%AF%A6%E6%83%85%E9%A1%B5_07.webp\" sizes=\"(max-width: 1234px) 100vw, 1234px\" srcset=\"https:\/\/ac-truck.com\/wp-content\/uploads\/2026\/03\/\u540c\u6b65\u788e\u77f3\u5c01\u5c42\u8be6\u60c5\u9875_07.webp 790w, https:\/\/ac-truck.com\/wp-content\/uploads\/2026\/03\/\u540c\u6b65\u788e\u77f3\u5c01\u5c42\u8be6\u60c5\u9875_07-214x300.webp 214w, https:\/\/ac-truck.com\/wp-content\/uploads\/2026\/03\/\u540c\u6b65\u788e\u77f3\u5c01\u5c42\u8be6\u60c5\u9875_07-731x1024.webp 731w, https:\/\/ac-truck.com\/wp-content\/uploads\/2026\/03\/\u540c\u6b65\u788e\u77f3\u5c01\u5c42\u8be6\u60c5\u9875_07-768x1076.webp 768w, https:\/\/ac-truck.com\/wp-content\/uploads\/2026\/03\/\u540c\u6b65\u788e\u77f3\u5c01\u5c42\u8be6\u60c5\u9875_07-9x12.webp 9w, https:\/\/ac-truck.com\/wp-content\/uploads\/2026\/03\/\u540c\u6b65\u788e\u77f3\u5c01\u5c42\u8be6\u60c5\u9875_07-600x841.webp 600w, https:\/\/ac-truck.com\/wp-content\/uploads\/2026\/03\/\u540c\u6b65\u788e\u77f3\u5c01\u5c42\u8be6\u60c5\u9875_07-150x210.webp 150w\" alt=\"\" width=\"1234\" height=\"1729\" \/><\/p>\n<p><strong>1. Salida de esparcimiento de piedra: Presenta una descarga uniforme del material y una anchura ajustable, lo que garantiza un alto nivel de nivelaci\u00f3n en el esparcimiento de la piedra.<\/strong><br \/>\n<strong>2. Salida de descarga de grava: Es antiobstrucci\u00f3n y resistente a la abrasi\u00f3n, con un flujo de material fluido, lo que garantiza una buena continuidad en la distribuci\u00f3n de la grava.<\/strong><\/p>\n<h1 style=\"text-align: center;\">Estructura de la ubicaci\u00f3n<\/h1>\n<p><img loading=\"lazy\" decoding=\"async\" class=\"aligncenter wp-image-7837\" src=\"https:\/\/ac-truck.com\/wp-content\/uploads\/2026\/03\/%E5%90%8C%E6%AD%A5%E7%A2%8E%E7%9F%B3%E5%B0%81%E5%B1%82%E8%AF%A6%E6%83%85%E9%A1%B5_09.webp\" sizes=\"(max-width: 1234px) 100vw, 1234px\" srcset=\"https:\/\/ac-truck.com\/wp-content\/uploads\/2026\/03\/\u540c\u6b65\u788e\u77f3\u5c01\u5c42\u8be6\u60c5\u9875_09.webp 790w, https:\/\/ac-truck.com\/wp-content\/uploads\/2026\/03\/\u540c\u6b65\u788e\u77f3\u5c01\u5c42\u8be6\u60c5\u9875_09-217x300.webp 217w, https:\/\/ac-truck.com\/wp-content\/uploads\/2026\/03\/\u540c\u6b65\u788e\u77f3\u5c01\u5c42\u8be6\u60c5\u9875_09-740x1024.webp 740w, https:\/\/ac-truck.com\/wp-content\/uploads\/2026\/03\/\u540c\u6b65\u788e\u77f3\u5c01\u5c42\u8be6\u60c5\u9875_09-768x1063.webp 768w, https:\/\/ac-truck.com\/wp-content\/uploads\/2026\/03\/\u540c\u6b65\u788e\u77f3\u5c01\u5c42\u8be6\u60c5\u9875_09-9x12.webp 9w, https:\/\/ac-truck.com\/wp-content\/uploads\/2026\/03\/\u540c\u6b65\u788e\u77f3\u5c01\u5c42\u8be6\u60c5\u9875_09-600x830.webp 600w, https:\/\/ac-truck.com\/wp-content\/uploads\/2026\/03\/\u540c\u6b65\u788e\u77f3\u5c01\u5c42\u8be6\u60c5\u9875_09-150x208.webp 150w\" alt=\"\" width=\"1234\" height=\"1707\" \/><\/p>\n<p><strong>1. Tanque de asfalto: Posee un buen rendimiento de conservaci\u00f3n del calor y es resistente a la corrosi\u00f3n, garantizando eficazmente la temperatura de almacenamiento y la limpieza del asfalto.<\/strong><br \/>\n<strong>2. Tanque de grava: Cuenta con una estructura robusta, es antiobstrucciones y duradero, lo que garantiza un almacenamiento y una descarga de grava fluidos y eficientes.<\/strong><\/p>\n<h1 style=\"text-align: center;\">Sistema de control<\/h1>\n<p><img loading=\"lazy\" decoding=\"async\" class=\"aligncenter wp-image-7838\" src=\"https:\/\/ac-truck.com\/wp-content\/uploads\/2026\/03\/%E5%90%8C%E6%AD%A5%E7%A2%8E%E7%9F%B3%E5%B0%81%E5%B1%82%E8%AF%A6%E6%83%85%E9%A1%B5_11.webp\" sizes=\"(max-width: 1234px) 100vw, 1234px\" srcset=\"https:\/\/ac-truck.com\/wp-content\/uploads\/2026\/03\/\u540c\u6b65\u788e\u77f3\u5c01\u5c42\u8be6\u60c5\u9875_11.webp 790w, https:\/\/ac-truck.com\/wp-content\/uploads\/2026\/03\/\u540c\u6b65\u788e\u77f3\u5c01\u5c42\u8be6\u60c5\u9875_11-300x213.webp 300w, https:\/\/ac-truck.com\/wp-content\/uploads\/2026\/03\/\u540c\u6b65\u788e\u77f3\u5c01\u5c42\u8be6\u60c5\u9875_11-768x546.webp 768w, https:\/\/ac-truck.com\/wp-content\/uploads\/2026\/03\/\u540c\u6b65\u788e\u77f3\u5c01\u5c42\u8be6\u60c5\u9875_11-18x12.webp 18w, https:\/\/ac-truck.com\/wp-content\/uploads\/2026\/03\/\u540c\u6b65\u788e\u77f3\u5c01\u5c42\u8be6\u60c5\u9875_11-600x427.webp 600w, https:\/\/ac-truck.com\/wp-content\/uploads\/2026\/03\/\u540c\u6b65\u788e\u77f3\u5c01\u5c42\u8be6\u60c5\u9875_11-150x107.webp 150w\" alt=\"\" width=\"1234\" height=\"878\" \/><\/p>\n<p><strong>La gran pantalla de visualizaci\u00f3n en la cabina y los botones de operaci\u00f3n: cuenta con una visualizaci\u00f3n n\u00edtida y datos exhaustivos, lo que hace que los par\u00e1metros de construcci\u00f3n resulten claramente visibles. Su disposici\u00f3n es l\u00f3gica y responden con gran sensibilidad al tacto, lo que permite realizar las operaciones de construcci\u00f3n de manera c\u00f3moda y eficiente.<\/strong><\/p>\n<h1 style=\"text-align: center;\">ESCENARIOS DE APLICACI\u00d3N<\/h1>\n<p><img loading=\"lazy\" decoding=\"async\" class=\"aligncenter wp-image-7839\" src=\"https:\/\/ac-truck.com\/wp-content\/uploads\/2026\/03\/%E5%90%8C%E6%AD%A5%E7%A2%8E%E7%9F%B3%E5%B0%81%E5%B1%82%E8%AF%A6%E6%83%85%E9%A1%B5_15.webp\" sizes=\"(max-width: 1234px) 100vw, 1234px\" srcset=\"https:\/\/ac-truck.com\/wp-content\/uploads\/2026\/03\/\u540c\u6b65\u788e\u77f3\u5c01\u5c42\u8be6\u60c5\u9875_15.webp 790w, https:\/\/ac-truck.com\/wp-content\/uploads\/2026\/03\/\u540c\u6b65\u788e\u77f3\u5c01\u5c42\u8be6\u60c5\u9875_15-120x300.webp 120w, https:\/\/ac-truck.com\/wp-content\/uploads\/2026\/03\/\u540c\u6b65\u788e\u77f3\u5c01\u5c42\u8be6\u60c5\u9875_15-411x1024.webp 411w, https:\/\/ac-truck.com\/wp-content\/uploads\/2026\/03\/\u540c\u6b65\u788e\u77f3\u5c01\u5c42\u8be6\u60c5\u9875_15-768x1912.webp 768w, https:\/\/ac-truck.com\/wp-content\/uploads\/2026\/03\/\u540c\u6b65\u788e\u77f3\u5c01\u5c42\u8be6\u60c5\u9875_15-617x1536.webp 617w, https:\/\/ac-truck.com\/wp-content\/uploads\/2026\/03\/\u540c\u6b65\u788e\u77f3\u5c01\u5c42\u8be6\u60c5\u9875_15-5x12.webp 5w, https:\/\/ac-truck.com\/wp-content\/uploads\/2026\/03\/\u540c\u6b65\u788e\u77f3\u5c01\u5c42\u8be6\u60c5\u9875_15-600x1494.webp 600w, https:\/\/ac-truck.com\/wp-content\/uploads\/2026\/03\/\u540c\u6b65\u788e\u77f3\u5c01\u5c42\u8be6\u60c5\u9875_15-150x373.webp 150w\" alt=\"\" width=\"1234\" height=\"3073\" \/><\/p>\n<h1 style=\"text-align: center;\">EMBALAJE Y TRANSPORTE<\/h1>\n<p><img loading=\"lazy\" decoding=\"async\" class=\"aligncenter wp-image-7840\" src=\"https:\/\/ac-truck.com\/wp-content\/uploads\/2026\/03\/%E5%90%8C%E6%AD%A5%E7%A2%8E%E7%9F%B3%E5%B0%81%E5%B1%82%E8%AF%A6%E6%83%85%E9%A1%B5_17.webp\" sizes=\"(max-width: 1234px) 100vw, 1234px\" srcset=\"https:\/\/ac-truck.com\/wp-content\/uploads\/2026\/03\/\u540c\u6b65\u788e\u77f3\u5c01\u5c42\u8be6\u60c5\u9875_17.webp 790w, https:\/\/ac-truck.com\/wp-content\/uploads\/2026\/03\/\u540c\u6b65\u788e\u77f3\u5c01\u5c42\u8be6\u60c5\u9875_17-196x300.webp 196w, https:\/\/ac-truck.com\/wp-content\/uploads\/2026\/03\/\u540c\u6b65\u788e\u77f3\u5c01\u5c42\u8be6\u60c5\u9875_17-668x1024.webp 668w, https:\/\/ac-truck.com\/wp-content\/uploads\/2026\/03\/\u540c\u6b65\u788e\u77f3\u5c01\u5c42\u8be6\u60c5\u9875_17-768x1177.webp 768w, https:\/\/ac-truck.com\/wp-content\/uploads\/2026\/03\/\u540c\u6b65\u788e\u77f3\u5c01\u5c42\u8be6\u60c5\u9875_17-8x12.webp 8w, https:\/\/ac-truck.com\/wp-content\/uploads\/2026\/03\/\u540c\u6b65\u788e\u77f3\u5c01\u5c42\u8be6\u60c5\u9875_17-600x920.webp 600w, https:\/\/ac-truck.com\/wp-content\/uploads\/2026\/03\/\u540c\u6b65\u788e\u77f3\u5c01\u5c42\u8be6\u60c5\u9875_17-150x230.webp 150w\" alt=\"\" width=\"1234\" height=\"1892\" \/><\/p>","protected":false},"excerpt":{"rendered":"<p>PRODUCT PARAMETERS Synchronous Chip Sealer HOWO 6&#215;4 project Descriptions Specifications Basic Overall dimensions(mm) 10040*2550*3840 curb weight(Kg) 17800 Loading capacity(Kg) 7100<\/p>","protected":false},"featured_media":7872,"template":"","meta":[],"product_brand":[217,220],"product_cat":[375],"product_tag":[383,384,385],"class_list":{"0":"post-7869","1":"product","2":"type-product","3":"status-publish","4":"has-post-thumbnail","6":"product_brand-sinotruk","7":"product_brand-howo","8":"product_cat-road-machinery","9":"product_tag-chipsealer","10":"product_tag-synchronous-chip-sealer","11":"product_tag-chip-seal-truck","13":"first","14":"instock","15":"shipping-taxable","16":"product-type-simple"},"_links":{"self":[{"href":"https:\/\/ac-truck.com\/es\/wp-json\/wp\/v2\/product\/7869","targetHints":{"allow":["GET"]}}],"collection":[{"href":"https:\/\/ac-truck.com\/es\/wp-json\/wp\/v2\/product"}],"about":[{"href":"https:\/\/ac-truck.com\/es\/wp-json\/wp\/v2\/types\/product"}],"version-history":[{"count":1,"href":"https:\/\/ac-truck.com\/es\/wp-json\/wp\/v2\/product\/7869\/revisions"}],"predecessor-version":[{"id":7878,"href":"https:\/\/ac-truck.com\/es\/wp-json\/wp\/v2\/product\/7869\/revisions\/7878"}],"wp:featuredmedia":[{"embeddable":true,"href":"https:\/\/ac-truck.com\/es\/wp-json\/wp\/v2\/media\/7872"}],"wp:attachment":[{"href":"https:\/\/ac-truck.com\/es\/wp-json\/wp\/v2\/media?parent=7869"}],"wp:term":[{"taxonomy":"product_brand","embeddable":true,"href":"https:\/\/ac-truck.com\/es\/wp-json\/wp\/v2\/product_brand?post=7869"},{"taxonomy":"product_cat","embeddable":true,"href":"https:\/\/ac-truck.com\/es\/wp-json\/wp\/v2\/product_cat?post=7869"},{"taxonomy":"product_tag","embeddable":true,"href":"https:\/\/ac-truck.com\/es\/wp-json\/wp\/v2\/product_tag?post=7869"}],"curies":[{"name":"wp","href":"https:\/\/api.w.org\/{rel}","templated":true}]}}