{"id":3983,"date":"2025-09-04T11:06:55","date_gmt":"2025-09-04T03:06:55","guid":{"rendered":"https:\/\/ac-truck.com\/?post_type=product&#038;p=3983"},"modified":"2026-04-08T14:43:41","modified_gmt":"2026-04-08T06:43:41","slug":"hookloader-garbage-truck-12m%c2%b3","status":"publish","type":"product","link":"https:\/\/ac-truck.com\/fr\/hookloader-garbage-truck-12m%C2%B3.html","title":{"rendered":"Camion poubelle \u00e0 crochet 12 m\u00b3"},"content":{"rendered":"<div style=\"width: 1920px;\" class=\"wp-video\"><!--[if lt IE 9]><script>document.createElement('video');<\/script><![endif]-->\n<video class=\"wp-video-shortcode\" id=\"video-3983-1\" width=\"1920\" height=\"1080\" preload=\"metadata\" controls=\"controls\"><source type=\"video\/mp4\" src=\"https:\/\/ac-truck.com\/wp-content\/uploads\/2025\/12\/\u538b\u7f29\u65e0\u6c34\u5370.mp4?_=1\" \/><a href=\"https:\/\/ac-truck.com\/wp-content\/uploads\/2025\/12\/\u538b\u7f29\u65e0\u6c34\u5370.mp4\">https:\/\/ac-truck.com\/wp-content\/uploads\/2025\/12\/\u538b\u7f29\u65e0\u6c34\u5370.mp4<\/a><\/video><\/div>\n<table>\n<tbody>\n<tr class=\"ue-table-interlace-color-single firstRow\">\n<td valign=\"top\" width=\"743\"><strong>Nom de marque<\/strong><\/td>\n<td align=\"center\" valign=\"top\" width=\"743\"><a href=\"http:\/\/www.dongfeng.com\"><strong>Dong Feng<\/strong><\/a><\/td>\n<\/tr>\n<tr class=\"ue-table-interlace-color-double\">\n<td valign=\"top\" width=\"743\"><strong>\u00a0 Dimensions hors tout (mm)<\/strong><\/td>\n<td align=\"center\" valign=\"top\" width=\"743\"><strong>7050,7250,7210\u00d72510\u00d73130,3230,3360(mm)<\/strong><\/td>\n<\/tr>\n<tr class=\"ue-table-interlace-color-single\">\n<td valign=\"top\" width=\"743\"><strong>\u00a0 Volume de la bo\u00eete de collecte des d\u00e9chets correspondante (m\u00b3)<\/strong><\/td>\n<td align=\"center\" valign=\"top\" width=\"743\"><strong>13<\/strong><\/td>\n<\/tr>\n<tr class=\"ue-table-interlace-color-double\">\n<td colspan=\"1\" rowspan=\"1\" valign=\"top\"><strong>\u00a0 Temps de cycle unique (s)<\/strong><\/td>\n<td colspan=\"1\" rowspan=\"1\" align=\"center\" valign=\"top\"><strong>Monter et descendre une fois, temps de cycle de travail \u2264 40 s<\/strong><\/td>\n<\/tr>\n<tr class=\"ue-table-interlace-color-single\">\n<td colspan=\"1\" rowspan=\"1\" valign=\"top\"><strong>\u00a0 Temps de d\u00e9chargement (s)<\/strong><\/td>\n<td colspan=\"1\" rowspan=\"1\" align=\"center\" valign=\"top\"><strong>\u226430<\/strong><\/td>\n<\/tr>\n<tr class=\"ue-table-interlace-color-double\">\n<td colspan=\"1\" rowspan=\"1\" valign=\"top\"><strong>\u00a0 Configuration standard<\/strong><\/td>\n<td colspan=\"1\" rowspan=\"1\" align=\"center\" valign=\"top\"><strong>V\u00e9rin \u00e0 double barre, commande hydraulique \u00e0 vanne multivoies<\/strong><\/td>\n<\/tr>\n<tr class=\"ue-table-interlace-color-single\">\n<td colspan=\"1\" rowspan=\"1\" valign=\"top\"><strong>\u00a0 <a href=\"http:\/\/ac-truck.com\/fr\/\">Moteur<\/a> pouvoir<\/strong><\/td>\n<td colspan=\"1\" rowspan=\"1\" align=\"center\" valign=\"top\"><strong>169 kW<\/strong><\/td>\n<\/tr>\n<tr class=\"ue-table-interlace-color-double\">\n<td colspan=\"1\" rowspan=\"1\" valign=\"top\"><strong>\u00a0 Capacit\u00e9 de charge nominale (kg)<\/strong><\/td>\n<td colspan=\"1\" rowspan=\"1\" align=\"center\" valign=\"top\"><strong>9675<\/strong><\/td>\n<\/tr>\n<tr class=\"ue-table-interlace-color-single\">\n<td colspan=\"1\" rowspan=\"1\" valign=\"top\"><strong>\u00a0 Bo\u00eete de vitesse<\/strong><\/td>\n<td colspan=\"1\" rowspan=\"1\" align=\"center\" valign=\"top\"><strong>Automatique \u00e0 8 vitesses<\/strong><\/td>\n<\/tr>\n<tr class=\"ue-table-interlace-color-double\">\n<td valign=\"top\" width=\"743\"><strong>\u00a0 Masse totale (kg)<\/strong><\/td>\n<td align=\"center\" valign=\"top\" width=\"743\"><strong>18000<\/strong><\/td>\n<\/tr>\n<tr class=\"ue-table-interlace-color-single\">\n<td valign=\"top\" width=\"743\"><strong>\u00a0 Poids \u00e0 vide (kg)<\/strong><\/td>\n<td align=\"center\" valign=\"top\" width=\"743\"><strong>8130<\/strong><\/td>\n<\/tr>\n<tr class=\"ue-table-interlace-color-double\">\n<td colspan=\"1\" rowspan=\"1\" valign=\"top\"><strong>\u00a0 Vitesse maximale (km\/h)<\/strong><\/td>\n<td colspan=\"1\" rowspan=\"1\" align=\"center\" valign=\"top\"><strong>88<\/strong><\/td>\n<\/tr>\n<tr class=\"ue-table-interlace-color-single\">\n<td colspan=\"1\" rowspan=\"1\" valign=\"top\"><strong>\u00a0 Sp\u00e9cifications des pneus<\/strong><\/td>\n<td colspan=\"1\" rowspan=\"1\" align=\"center\" valign=\"top\"><strong>10.00R20 18PR<\/strong><\/td>\n<\/tr>\n<\/tbody>\n<\/table>\n<p><img fetchpriority=\"high\" decoding=\"async\" class=\"aligncenter wp-image-3979 size-full\" title=\"Diagramme d&#039;analyse du chargeur \u00e0 crochet\" src=\"https:\/\/ac-truck.com\/wp-content\/uploads\/2025\/09\/6-250F21032363M.png\" alt=\"Diagramme d&#039;analyse du chargeur \u00e0 crochet\" width=\"1420\" height=\"1007\" srcset=\"https:\/\/ac-truck.com\/wp-content\/uploads\/2025\/09\/6-250F21032363M.png 1420w, https:\/\/ac-truck.com\/wp-content\/uploads\/2025\/09\/6-250F21032363M-300x213.png 300w, https:\/\/ac-truck.com\/wp-content\/uploads\/2025\/09\/6-250F21032363M-1024x726.png 1024w, https:\/\/ac-truck.com\/wp-content\/uploads\/2025\/09\/6-250F21032363M-768x545.png 768w, https:\/\/ac-truck.com\/wp-content\/uploads\/2025\/09\/6-250F21032363M-18x12.png 18w, https:\/\/ac-truck.com\/wp-content\/uploads\/2025\/09\/6-250F21032363M-600x425.png 600w, https:\/\/ac-truck.com\/wp-content\/uploads\/2025\/09\/6-250F21032363M-150x106.png 150w\" sizes=\"(max-width: 1420px) 100vw, 1420px\" \/> <img decoding=\"async\" class=\"aligncenter wp-image-3980 size-full\" src=\"https:\/\/ac-truck.com\/wp-content\/uploads\/2025\/09\/6-250F21050494A.png\" alt=\"D\u00e9tails du chargeur \u00e0 crochet\" width=\"1420\" height=\"1881\" srcset=\"https:\/\/ac-truck.com\/wp-content\/uploads\/2025\/09\/6-250F21050494A.png 1420w, https:\/\/ac-truck.com\/wp-content\/uploads\/2025\/09\/6-250F21050494A-226x300.png 226w, https:\/\/ac-truck.com\/wp-content\/uploads\/2025\/09\/6-250F21050494A-773x1024.png 773w, https:\/\/ac-truck.com\/wp-content\/uploads\/2025\/09\/6-250F21050494A-768x1017.png 768w, https:\/\/ac-truck.com\/wp-content\/uploads\/2025\/09\/6-250F21050494A-1160x1536.png 1160w, https:\/\/ac-truck.com\/wp-content\/uploads\/2025\/09\/6-250F21050494A-9x12.png 9w, https:\/\/ac-truck.com\/wp-content\/uploads\/2025\/09\/6-250F21050494A-600x795.png 600w, https:\/\/ac-truck.com\/wp-content\/uploads\/2025\/09\/6-250F21050494A-150x199.png 150w\" sizes=\"(max-width: 1420px) 100vw, 1420px\" \/> <img decoding=\"async\" class=\"aligncenter wp-image-3978 size-full\" src=\"https:\/\/ac-truck.com\/wp-content\/uploads\/2025\/09\/6-250F2111435L3.png\" alt=\"Configuration optionnelle du chargeur \u00e0 crochet\" width=\"1420\" height=\"1370\" srcset=\"https:\/\/ac-truck.com\/wp-content\/uploads\/2025\/09\/6-250F2111435L3.png 1420w, https:\/\/ac-truck.com\/wp-content\/uploads\/2025\/09\/6-250F2111435L3-300x289.png 300w, https:\/\/ac-truck.com\/wp-content\/uploads\/2025\/09\/6-250F2111435L3-1024x988.png 1024w, https:\/\/ac-truck.com\/wp-content\/uploads\/2025\/09\/6-250F2111435L3-768x741.png 768w, https:\/\/ac-truck.com\/wp-content\/uploads\/2025\/09\/6-250F2111435L3-12x12.png 12w, https:\/\/ac-truck.com\/wp-content\/uploads\/2025\/09\/6-250F2111435L3-600x579.png 600w, https:\/\/ac-truck.com\/wp-content\/uploads\/2025\/09\/6-250F2111435L3-150x145.png 150w\" sizes=\"(max-width: 1420px) 100vw, 1420px\" \/> <img loading=\"lazy\" decoding=\"async\" class=\"aligncenter wp-image-3981 size-full\" src=\"https:\/\/ac-truck.com\/wp-content\/uploads\/2025\/09\/6-250F2105430151.png\" alt=\"Composants du chargeur \u00e0 crochet\" width=\"1420\" height=\"1877\" srcset=\"https:\/\/ac-truck.com\/wp-content\/uploads\/2025\/09\/6-250F2105430151.png 1420w, https:\/\/ac-truck.com\/wp-content\/uploads\/2025\/09\/6-250F2105430151-227x300.png 227w, https:\/\/ac-truck.com\/wp-content\/uploads\/2025\/09\/6-250F2105430151-775x1024.png 775w, https:\/\/ac-truck.com\/wp-content\/uploads\/2025\/09\/6-250F2105430151-768x1015.png 768w, https:\/\/ac-truck.com\/wp-content\/uploads\/2025\/09\/6-250F2105430151-1162x1536.png 1162w, https:\/\/ac-truck.com\/wp-content\/uploads\/2025\/09\/6-250F2105430151-9x12.png 9w, https:\/\/ac-truck.com\/wp-content\/uploads\/2025\/09\/6-250F2105430151-600x793.png 600w, https:\/\/ac-truck.com\/wp-content\/uploads\/2025\/09\/6-250F2105430151-150x198.png 150w\" sizes=\"(max-width: 1420px) 100vw, 1420px\" \/> <img loading=\"lazy\" decoding=\"async\" class=\"aligncenter wp-image-3964 size-full\" src=\"https:\/\/ac-truck.com\/wp-content\/uploads\/2025\/09\/6-250F2103405637.png\" alt=\"Processus de production de conteneurs \u00e0 benne basculante\" width=\"1555\" height=\"2086\" srcset=\"https:\/\/ac-truck.com\/wp-content\/uploads\/2025\/09\/6-250F2103405637.png 1555w, https:\/\/ac-truck.com\/wp-content\/uploads\/2025\/09\/6-250F2103405637-224x300.png 224w, https:\/\/ac-truck.com\/wp-content\/uploads\/2025\/09\/6-250F2103405637-763x1024.png 763w, https:\/\/ac-truck.com\/wp-content\/uploads\/2025\/09\/6-250F2103405637-768x1030.png 768w, https:\/\/ac-truck.com\/wp-content\/uploads\/2025\/09\/6-250F2103405637-1145x1536.png 1145w, https:\/\/ac-truck.com\/wp-content\/uploads\/2025\/09\/6-250F2103405637-1527x2048.png 1527w, https:\/\/ac-truck.com\/wp-content\/uploads\/2025\/09\/6-250F2103405637-9x12.png 9w, https:\/\/ac-truck.com\/wp-content\/uploads\/2025\/09\/6-250F2103405637-600x805.png 600w, https:\/\/ac-truck.com\/wp-content\/uploads\/2025\/09\/6-250F2103405637-150x201.png 150w\" sizes=\"(max-width: 1555px) 100vw, 1555px\" \/><\/p>","protected":false},"excerpt":{"rendered":"<p>Brand name Dong Feng \u00a0 Overall Dimensions\uff08mm\uff09 7050,7250,7210\u00d72510\u00d73130,3230,3360(mm) \u00a0 Matching garbage collection box volume (m\u00b3) 13 \u00a0 Single cycle time\uff08s\uff09<\/p>","protected":false},"featured_media":3984,"template":"","meta":[],"product_brand":[],"product_cat":[192],"product_tag":[],"class_list":{"0":"post-3983","1":"product","2":"type-product","3":"status-publish","4":"has-post-thumbnail","6":"product_cat-garbage-trucks","8":"first","9":"instock","10":"shipping-taxable","11":"product-type-simple"},"_links":{"self":[{"href":"https:\/\/ac-truck.com\/fr\/wp-json\/wp\/v2\/product\/3983","targetHints":{"allow":["GET"]}}],"collection":[{"href":"https:\/\/ac-truck.com\/fr\/wp-json\/wp\/v2\/product"}],"about":[{"href":"https:\/\/ac-truck.com\/fr\/wp-json\/wp\/v2\/types\/product"}],"version-history":[{"count":2,"href":"https:\/\/ac-truck.com\/fr\/wp-json\/wp\/v2\/product\/3983\/revisions"}],"predecessor-version":[{"id":7926,"href":"https:\/\/ac-truck.com\/fr\/wp-json\/wp\/v2\/product\/3983\/revisions\/7926"}],"wp:featuredmedia":[{"embeddable":true,"href":"https:\/\/ac-truck.com\/fr\/wp-json\/wp\/v2\/media\/3984"}],"wp:attachment":[{"href":"https:\/\/ac-truck.com\/fr\/wp-json\/wp\/v2\/media?parent=3983"}],"wp:term":[{"taxonomy":"product_brand","embeddable":true,"href":"https:\/\/ac-truck.com\/fr\/wp-json\/wp\/v2\/product_brand?post=3983"},{"taxonomy":"product_cat","embeddable":true,"href":"https:\/\/ac-truck.com\/fr\/wp-json\/wp\/v2\/product_cat?post=3983"},{"taxonomy":"product_tag","embeddable":true,"href":"https:\/\/ac-truck.com\/fr\/wp-json\/wp\/v2\/product_tag?post=3983"}],"curies":[{"name":"wp","href":"https:\/\/api.w.org\/{rel}","templated":true}]}}