{"id":4153,"date":"2025-09-08T15:17:07","date_gmt":"2025-09-08T07:17:07","guid":{"rendered":"https:\/\/ac-truck.com\/?post_type=product&#038;p=4153"},"modified":"2026-04-08T14:31:24","modified_gmt":"2026-04-08T06:31:24","slug":"refuse-garbage-compaction-truck-dongfeng-6x4","status":"publish","type":"product","link":"https:\/\/ac-truck.com\/fr\/refuse-garbage-compaction-truck-dongfeng-6x4.html","title":{"rendered":"Camion de compactage des ordures m\u00e9nag\u00e8res Dongfeng 6\u00d74"},"content":{"rendered":"<div style=\"width: 1920px;\" class=\"wp-video\"><!--[if lt IE 9]><script>document.createElement('video');<\/script><![endif]-->\n<video class=\"wp-video-shortcode\" id=\"video-4153-1\" width=\"1920\" height=\"1080\" preload=\"metadata\" controls=\"controls\"><source type=\"video\/mp4\" src=\"https:\/\/ac-truck.com\/wp-content\/uploads\/2025\/12\/\u538b\u7f29\u65e0\u6c34\u5370.mp4?_=1\" \/><a href=\"https:\/\/ac-truck.com\/wp-content\/uploads\/2025\/12\/\u538b\u7f29\u65e0\u6c34\u5370.mp4\">https:\/\/ac-truck.com\/wp-content\/uploads\/2025\/12\/\u538b\u7f29\u65e0\u6c34\u5370.mp4<\/a><\/video><\/div>\n<table>\n<tbody>\n<tr class=\"firstRow\">\n<td valign=\"top\" width=\"743\"><strong>Nom de marque<\/strong><\/td>\n<td align=\"center\" valign=\"top\" width=\"743\"><a href=\"http:\/\/dongfeng.com\"><strong>Dongfeng<\/strong><\/a><\/td>\n<\/tr>\n<tr>\n<td valign=\"top\" width=\"743\"><strong>Dimensions hors tout (mm)<\/strong><\/td>\n<td align=\"center\" valign=\"top\" width=\"743\"><strong>10385X2550X3450<\/strong><\/td>\n<\/tr>\n<tr>\n<td colspan=\"1\" rowspan=\"1\" valign=\"top\"><strong>Empattement (mm)<\/strong><\/td>\n<td colspan=\"1\" rowspan=\"1\" align=\"center\" valign=\"top\"><strong>4350+1350<\/strong><\/td>\n<\/tr>\n<tr>\n<td valign=\"top\" width=\"743\"><strong><a href=\"http:\/\/ac-truck.com\/fr\/\">Volume de la bo\u00eete<\/a>\uff08m\u00b3\uff09<\/strong><\/td>\n<td align=\"center\" valign=\"top\" width=\"743\"><strong>18<\/strong><\/td>\n<\/tr>\n<tr>\n<td colspan=\"1\" rowspan=\"1\" valign=\"top\"><strong>Dur\u00e9e d&#039;un cycle d&#039;alimentation (s)<\/strong><\/td>\n<td colspan=\"1\" rowspan=\"1\" align=\"center\" valign=\"top\"><strong>12~25<\/strong><\/td>\n<\/tr>\n<tr>\n<td colspan=\"1\" rowspan=\"1\" valign=\"top\"><strong>Temps de d\u00e9chargement (s)<\/strong><\/td>\n<td colspan=\"1\" rowspan=\"1\" align=\"center\" valign=\"top\"><strong>\u226460<\/strong><\/td>\n<\/tr>\n<tr>\n<td colspan=\"1\" rowspan=\"1\" valign=\"top\"><strong>Mode de fonctionnement<\/strong><\/td>\n<td colspan=\"1\" rowspan=\"1\" align=\"center\" valign=\"top\"><strong>Commande \u00e9lectrique\/manuelle\/t\u00e9l\u00e9commande<\/strong><\/td>\n<\/tr>\n<tr>\n<td colspan=\"1\" rowspan=\"1\" valign=\"top\"><strong>Structure de la queue<\/strong><\/td>\n<td colspan=\"1\" rowspan=\"1\" align=\"center\" valign=\"top\"><strong>Godet \u00e0 plaque basculante\/godet triangulaire\/godet de sol\/bras pivotant<\/strong><\/td>\n<\/tr>\n<tr>\n<td colspan=\"1\" rowspan=\"1\" valign=\"top\"><strong>Type de godet<\/strong><\/td>\n<td colspan=\"1\" rowspan=\"1\" align=\"center\" valign=\"top\"><strong>120L\/240L (un support de 660L peut \u00eatre ajout\u00e9)<\/strong><\/td>\n<\/tr>\n<tr>\n<td colspan=\"1\" rowspan=\"1\" valign=\"top\"><strong>Puissance du moteur (kW)<\/strong><\/td>\n<td colspan=\"1\" rowspan=\"1\" align=\"center\" valign=\"top\"><strong>D6.7NS6B290,213 kW<\/strong><\/td>\n<\/tr>\n<tr>\n<td colspan=\"1\" rowspan=\"1\" valign=\"top\"><strong>Cylindr\u00e9e du moteur (ml)<\/strong><\/td>\n<td colspan=\"1\" rowspan=\"1\" align=\"center\" valign=\"top\"><strong>6700<\/strong><\/td>\n<\/tr>\n<tr>\n<td colspan=\"1\" rowspan=\"1\" valign=\"top\"><strong>Bo\u00eete de vitesse<\/strong><\/td>\n<td colspan=\"1\" rowspan=\"1\" align=\"center\" valign=\"top\"><strong>Automatique \u00e0 8 vitesses<\/strong><\/td>\n<\/tr>\n<tr>\n<td valign=\"top\" width=\"743\"><strong>Masse totale (kg)<\/strong><\/td>\n<td align=\"center\" valign=\"top\" width=\"743\"><strong>25000<\/strong><\/td>\n<\/tr>\n<tr>\n<td valign=\"top\" width=\"743\"><strong>Poids \u00e0 vide (kg)<\/strong><\/td>\n<td align=\"center\" valign=\"top\" width=\"743\"><strong>14780<\/strong><\/td>\n<\/tr>\n<tr>\n<td colspan=\"1\" rowspan=\"1\" valign=\"top\"><strong>Essieu avant\/essieu arri\u00e8re<\/strong><\/td>\n<td colspan=\"1\" rowspan=\"1\" align=\"center\" valign=\"top\"><strong>5,5\/10X2<\/strong><\/td>\n<\/tr>\n<tr>\n<td colspan=\"1\" rowspan=\"1\" valign=\"top\"><strong>Vitesse maximale (km\/h)<\/strong><\/td>\n<td colspan=\"1\" rowspan=\"1\" align=\"center\" valign=\"top\"><strong>89<\/strong><\/td>\n<\/tr>\n<tr>\n<td colspan=\"1\" rowspan=\"1\" valign=\"top\"><strong>Sp\u00e9cifications des pneus<\/strong><\/td>\n<td colspan=\"1\" rowspan=\"1\" align=\"center\" valign=\"top\"><strong>295\/80R22.5 18PR<\/strong><\/td>\n<\/tr>\n<\/tbody>\n<\/table>\n<p><img fetchpriority=\"high\" decoding=\"async\" class=\"aligncenter wp-image-3950\" src=\"https:\/\/ac-truck.com\/wp-content\/uploads\/2025\/09\/6-250F3160504a8.png\" alt=\"\" width=\"1046\" height=\"674\" srcset=\"https:\/\/ac-truck.com\/wp-content\/uploads\/2025\/09\/6-250F3160504a8.png 1884w, https:\/\/ac-truck.com\/wp-content\/uploads\/2025\/09\/6-250F3160504a8-300x193.png 300w, https:\/\/ac-truck.com\/wp-content\/uploads\/2025\/09\/6-250F3160504a8-1024x660.png 1024w, https:\/\/ac-truck.com\/wp-content\/uploads\/2025\/09\/6-250F3160504a8-768x495.png 768w, https:\/\/ac-truck.com\/wp-content\/uploads\/2025\/09\/6-250F3160504a8-1536x990.png 1536w, https:\/\/ac-truck.com\/wp-content\/uploads\/2025\/09\/6-250F3160504a8-18x12.png 18w, https:\/\/ac-truck.com\/wp-content\/uploads\/2025\/09\/6-250F3160504a8-600x387.png 600w, https:\/\/ac-truck.com\/wp-content\/uploads\/2025\/09\/6-250F3160504a8-150x97.png 150w\" sizes=\"(max-width: 1046px) 100vw, 1046px\" \/> <img decoding=\"async\" class=\"aligncenter wp-image-3949 size-full\" src=\"https:\/\/ac-truck.com\/wp-content\/uploads\/2025\/09\/6-250F316053X57.png\" alt=\"\" width=\"1075\" height=\"1426\" srcset=\"https:\/\/ac-truck.com\/wp-content\/uploads\/2025\/09\/6-250F316053X57.png 1075w, https:\/\/ac-truck.com\/wp-content\/uploads\/2025\/09\/6-250F316053X57-226x300.png 226w, https:\/\/ac-truck.com\/wp-content\/uploads\/2025\/09\/6-250F316053X57-772x1024.png 772w, https:\/\/ac-truck.com\/wp-content\/uploads\/2025\/09\/6-250F316053X57-768x1019.png 768w, https:\/\/ac-truck.com\/wp-content\/uploads\/2025\/09\/6-250F316053X57-9x12.png 9w, https:\/\/ac-truck.com\/wp-content\/uploads\/2025\/09\/6-250F316053X57-600x796.png 600w, https:\/\/ac-truck.com\/wp-content\/uploads\/2025\/09\/6-250F316053X57-150x199.png 150w\" sizes=\"(max-width: 1075px) 100vw, 1075px\" \/> <img decoding=\"async\" class=\"aligncenter wp-image-3952 size-full\" src=\"https:\/\/ac-truck.com\/wp-content\/uploads\/2025\/09\/6-250F31636114V.png\" alt=\"\" width=\"1103\" height=\"1480\" srcset=\"https:\/\/ac-truck.com\/wp-content\/uploads\/2025\/09\/6-250F31636114V.png 1103w, https:\/\/ac-truck.com\/wp-content\/uploads\/2025\/09\/6-250F31636114V-224x300.png 224w, https:\/\/ac-truck.com\/wp-content\/uploads\/2025\/09\/6-250F31636114V-763x1024.png 763w, https:\/\/ac-truck.com\/wp-content\/uploads\/2025\/09\/6-250F31636114V-768x1030.png 768w, https:\/\/ac-truck.com\/wp-content\/uploads\/2025\/09\/6-250F31636114V-9x12.png 9w, https:\/\/ac-truck.com\/wp-content\/uploads\/2025\/09\/6-250F31636114V-600x805.png 600w, https:\/\/ac-truck.com\/wp-content\/uploads\/2025\/09\/6-250F31636114V-150x201.png 150w\" sizes=\"(max-width: 1103px) 100vw, 1103px\" \/> <img loading=\"lazy\" decoding=\"async\" class=\"aligncenter wp-image-3951 size-full\" src=\"https:\/\/ac-truck.com\/wp-content\/uploads\/2025\/09\/6-250F3160601F8.png\" alt=\"\" width=\"1102\" height=\"1485\" srcset=\"https:\/\/ac-truck.com\/wp-content\/uploads\/2025\/09\/6-250F3160601F8.png 1102w, https:\/\/ac-truck.com\/wp-content\/uploads\/2025\/09\/6-250F3160601F8-223x300.png 223w, https:\/\/ac-truck.com\/wp-content\/uploads\/2025\/09\/6-250F3160601F8-760x1024.png 760w, https:\/\/ac-truck.com\/wp-content\/uploads\/2025\/09\/6-250F3160601F8-768x1035.png 768w, https:\/\/ac-truck.com\/wp-content\/uploads\/2025\/09\/6-250F3160601F8-9x12.png 9w, https:\/\/ac-truck.com\/wp-content\/uploads\/2025\/09\/6-250F3160601F8-600x809.png 600w, https:\/\/ac-truck.com\/wp-content\/uploads\/2025\/09\/6-250F3160601F8-150x202.png 150w\" sizes=\"(max-width: 1102px) 100vw, 1102px\" \/><\/p>","protected":false},"excerpt":{"rendered":"<p>Brand name Dong feng Overall Dimensions\uff08mm\uff09 10385X2550X3450 Wheelbase\uff08mm\uff09 4350+1350 Box volume\uff08m\u00b3\uff09 18 One feeding cycle time\uff08s\uff09 12~25 Unloading time\uff08s\uff09 \u226460<\/p>","protected":false},"featured_media":4154,"template":"","meta":[],"product_brand":[],"product_cat":[192],"product_tag":[203,207,210],"class_list":{"0":"post-4153","1":"product","2":"type-product","3":"status-publish","4":"has-post-thumbnail","6":"product_cat-garbage-trucks","7":"product_tag-dongfeng","8":"product_tag-refuse-garbage-compaction-truck","9":"product_tag-garbage-compaction-truck","11":"first","12":"instock","13":"shipping-taxable","14":"product-type-simple"},"_links":{"self":[{"href":"https:\/\/ac-truck.com\/fr\/wp-json\/wp\/v2\/product\/4153","targetHints":{"allow":["GET"]}}],"collection":[{"href":"https:\/\/ac-truck.com\/fr\/wp-json\/wp\/v2\/product"}],"about":[{"href":"https:\/\/ac-truck.com\/fr\/wp-json\/wp\/v2\/types\/product"}],"version-history":[{"count":2,"href":"https:\/\/ac-truck.com\/fr\/wp-json\/wp\/v2\/product\/4153\/revisions"}],"predecessor-version":[{"id":7905,"href":"https:\/\/ac-truck.com\/fr\/wp-json\/wp\/v2\/product\/4153\/revisions\/7905"}],"wp:featuredmedia":[{"embeddable":true,"href":"https:\/\/ac-truck.com\/fr\/wp-json\/wp\/v2\/media\/4154"}],"wp:attachment":[{"href":"https:\/\/ac-truck.com\/fr\/wp-json\/wp\/v2\/media?parent=4153"}],"wp:term":[{"taxonomy":"product_brand","embeddable":true,"href":"https:\/\/ac-truck.com\/fr\/wp-json\/wp\/v2\/product_brand?post=4153"},{"taxonomy":"product_cat","embeddable":true,"href":"https:\/\/ac-truck.com\/fr\/wp-json\/wp\/v2\/product_cat?post=4153"},{"taxonomy":"product_tag","embeddable":true,"href":"https:\/\/ac-truck.com\/fr\/wp-json\/wp\/v2\/product_tag?post=4153"}],"curies":[{"name":"wp","href":"https:\/\/api.w.org\/{rel}","templated":true}]}}