{"id":4201,"date":"2025-09-08T17:19:42","date_gmt":"2025-09-08T09:19:42","guid":{"rendered":"https:\/\/ac-truck.com\/?post_type=product&#038;p=4201"},"modified":"2025-09-08T17:19:43","modified_gmt":"2025-09-08T09:19:43","slug":"water-truck-12m%c2%b3-faw","status":"publish","type":"product","link":"https:\/\/ac-truck.com\/fr\/water-truck-12m%C2%B3-faw.html","title":{"rendered":"Camion-citerne 12 m\u00b3 FAW"},"content":{"rendered":"<table>\n<tbody>\n<tr class=\"firstRow\">\n<td valign=\"top\" width=\"672\"><strong>Marque du ch\u00e2ssis<\/strong><\/td>\n<td align=\"center\" valign=\"top\" width=\"814\"><strong><a href=\"http:\/\/FAW.COM\">CLA<\/a>\u00a0<\/strong><\/td>\n<\/tr>\n<tr>\n<td colspan=\"1\" rowspan=\"1\" valign=\"top\" width=\"672\"><strong>Dimensions hors tout : L*l*H(mm)<\/strong><\/td>\n<td colspan=\"1\" rowspan=\"1\" align=\"center\" valign=\"top\" width=\"71\"><strong>8050*2500*3300<\/strong><\/td>\n<\/tr>\n<tr>\n<td colspan=\"1\" rowspan=\"1\" valign=\"top\" width=\"672\"><strong><a href=\"http:\/\/AC-TRUCK.COM\">R\u00e9servoir d&#039;eau<\/a> taille (mm)<\/strong><\/td>\n<td colspan=\"1\" rowspan=\"1\" align=\"center\" valign=\"top\" width=\"71\"><strong>4600*2350*1450<\/strong><\/td>\n<\/tr>\n<tr>\n<td colspan=\"1\" rowspan=\"1\" valign=\"top\" width=\"672\"><strong>Volume du r\u00e9servoir (L)<\/strong><\/td>\n<td colspan=\"1\" rowspan=\"1\" align=\"center\" valign=\"top\" width=\"71\"><strong>11000L<\/strong><\/td>\n<\/tr>\n<tr>\n<td colspan=\"1\" rowspan=\"1\" valign=\"top\" width=\"672\"><strong>Masse totale (kg)<\/strong><\/td>\n<td colspan=\"1\" rowspan=\"1\" align=\"center\" valign=\"top\" width=\"71\"><strong>18000<\/strong><\/td>\n<\/tr>\n<tr>\n<td colspan=\"1\" rowspan=\"1\" valign=\"top\" width=\"672\"><strong>Masse du v\u00e9hicule \u00e0 vide (kg)<\/strong><\/td>\n<td colspan=\"1\" rowspan=\"1\" align=\"center\" valign=\"top\" width=\"71\"><strong>6910<\/strong><\/td>\n<\/tr>\n<tr>\n<td colspan=\"1\" rowspan=\"1\" valign=\"top\" width=\"672\"><strong>Masse de charge nominale (kg)<\/strong><\/td>\n<td colspan=\"1\" rowspan=\"1\" align=\"center\" valign=\"top\" width=\"71\"><strong>10960<\/strong><\/td>\n<\/tr>\n<tr>\n<td colspan=\"1\" rowspan=\"1\" valign=\"top\" width=\"672\"><strong>Empattement (mm)<\/strong><\/td>\n<td colspan=\"1\" rowspan=\"1\" align=\"center\" valign=\"top\" width=\"71\"><strong>5300<\/strong><\/td>\n<\/tr>\n<tr>\n<td colspan=\"1\" rowspan=\"1\" valign=\"top\" width=\"672\"><strong>Mod\u00e8le de moteur<\/strong><\/td>\n<td colspan=\"1\" rowspan=\"1\" align=\"center\" valign=\"top\" width=\"71\"><strong>CA6DH1-22E6, 165 kW<br \/>\n<\/strong><\/td>\n<\/tr>\n<tr>\n<td colspan=\"1\" rowspan=\"1\" valign=\"top\" width=\"672\"><strong>Cylindr\u00e9e du moteur (ml)<\/strong><\/td>\n<td colspan=\"1\" rowspan=\"1\" align=\"center\" valign=\"top\" width=\"71\"><strong>4800<\/strong><\/td>\n<\/tr>\n<tr>\n<td colspan=\"1\" rowspan=\"1\" valign=\"top\" width=\"672\"><strong>Bo\u00eete de vitesse<\/strong><\/td>\n<td colspan=\"1\" rowspan=\"1\" align=\"center\" valign=\"top\" width=\"71\"><strong>CA6T138, 6 vitesses<\/strong><\/td>\n<\/tr>\n<tr>\n<td colspan=\"1\" rowspan=\"1\" valign=\"top\" width=\"672\"><strong>Essieux arri\u00e8re (T)<\/strong><\/td>\n<td colspan=\"1\" rowspan=\"1\" align=\"center\" valign=\"top\" width=\"71\"><strong>13<\/strong><\/td>\n<\/tr>\n<tr>\n<td colspan=\"1\" rowspan=\"1\" valign=\"top\" width=\"672\"><strong>Frein<\/strong><\/td>\n<td colspan=\"1\" rowspan=\"1\" align=\"center\" valign=\"top\" width=\"71\"><strong>Frein \u00e0 air<\/strong><\/td>\n<\/tr>\n<tr>\n<td colspan=\"1\" rowspan=\"1\" valign=\"top\" width=\"672\"><strong>Normes d&#039;\u00e9mission<\/strong><\/td>\n<td colspan=\"1\" rowspan=\"1\" align=\"center\" valign=\"top\" width=\"71\"><strong>Euro 6 (Euro 2 \u00e0 5 peuvent \u00eatre s\u00e9lectionn\u00e9s)<\/strong><\/td>\n<\/tr>\n<tr>\n<td colspan=\"1\" rowspan=\"1\" valign=\"top\" width=\"672\"><strong>Port\u00e9e du canon \u00e0 eau (m)<\/strong><\/td>\n<td colspan=\"1\" rowspan=\"1\" align=\"center\" valign=\"top\" width=\"71\"><strong>30<\/strong><\/td>\n<\/tr>\n<tr>\n<td colspan=\"1\" rowspan=\"1\" valign=\"top\" width=\"672\"><strong>Largeur de l&#039;arroseur (m)<\/strong><\/td>\n<td colspan=\"1\" rowspan=\"1\" align=\"center\" valign=\"top\" width=\"71\"><strong>15<\/strong><\/td>\n<\/tr>\n<tr>\n<td colspan=\"1\" rowspan=\"1\" valign=\"top\" width=\"672\"><strong>Hauteur d&#039;aspiration verticale (m)<\/strong><\/td>\n<td colspan=\"1\" rowspan=\"1\" align=\"center\" valign=\"top\" width=\"71\"><strong>7<\/strong><\/td>\n<\/tr>\n<tr>\n<td colspan=\"1\" rowspan=\"1\" valign=\"top\" width=\"672\"><strong>d\u00e9bit de la pompe \u00e0 eau (m\u00b3\/h)<\/strong><\/td>\n<td colspan=\"1\" rowspan=\"1\" align=\"center\" valign=\"top\" width=\"71\"><strong>20<\/strong><\/td>\n<\/tr>\n<tr>\n<td colspan=\"1\" rowspan=\"1\" valign=\"top\" width=\"672\"><strong>port\u00e9e de la pompe \u00e0 eau (m)<\/strong><\/td>\n<td colspan=\"1\" rowspan=\"1\" align=\"center\" valign=\"top\" width=\"71\"><strong>30~35<\/strong><\/td>\n<\/tr>\n<tr>\n<td colspan=\"1\" rowspan=\"1\" valign=\"top\" width=\"672\"><strong>Taille des pneus<\/strong><\/td>\n<td colspan=\"1\" rowspan=\"1\" align=\"center\" valign=\"top\" width=\"71\"><strong>10.00R20<\/strong><\/td>\n<\/tr>\n<tr>\n<td colspan=\"1\" rowspan=\"1\" valign=\"top\" width=\"672\"><strong>Configuration standard :<\/strong><\/td>\n<td colspan=\"1\" rowspan=\"1\" align=\"center\" valign=\"top\" width=\"71\"><strong>Le corps du r\u00e9servoir est en acier de haute qualit\u00e9 de 4 mm, avec une pompe d&#039;arrosage, un canon d&#039;arrosage, une plate-forme de travail, une prise de force, un rin\u00e7age avant, un arroseur arri\u00e8re, une buse universelle, une vanne de gravit\u00e9, un filtre, une vanne de distribution, une t\u00eate d&#039;arrosage, avec fonction d&#039;auto-amor\u00e7age et d&#039;auto-vidange.<\/strong><\/td>\n<\/tr>\n<tr>\n<td colspan=\"1\" rowspan=\"1\" valign=\"top\" width=\"672\"><strong>\u00c9quipement optionnel :<\/strong><\/td>\n<td colspan=\"1\" rowspan=\"1\" align=\"center\" valign=\"top\" width=\"71\"><strong>Plateau de potion de pulv\u00e9risation, pompe de potion, anti-corrosion et antirouille \u00e0 l&#039;int\u00e9rieur du r\u00e9servoir d&#039;eau, joints d&#039;entr\u00e9e et de sortie d&#039;eau multidirectionnels, \u00e9lectrovannes, vannes pneumatiques, etc. pour r\u00e9pondre aux besoins des diff\u00e9rents utilisateurs.<\/strong><\/td>\n<\/tr>\n<\/tbody>\n<\/table>\n<p><img fetchpriority=\"high\" decoding=\"async\" class=\"aligncenter wp-image-4180\" src=\"https:\/\/ac-truck.com\/wp-content\/uploads\/2025\/09\/6-250320154049D4-scaled.png\" alt=\"Water truck working diagram\" width=\"1242\" height=\"4555\" srcset=\"https:\/\/ac-truck.com\/wp-content\/uploads\/2025\/09\/6-250320154049D4-scaled.png 698w, https:\/\/ac-truck.com\/wp-content\/uploads\/2025\/09\/6-250320154049D4-82x300.png 82w, https:\/\/ac-truck.com\/wp-content\/uploads\/2025\/09\/6-250320154049D4-279x1024.png 279w, https:\/\/ac-truck.com\/wp-content\/uploads\/2025\/09\/6-250320154049D4-768x2818.png 768w, https:\/\/ac-truck.com\/wp-content\/uploads\/2025\/09\/6-250320154049D4-419x1536.png 419w, https:\/\/ac-truck.com\/wp-content\/uploads\/2025\/09\/6-250320154049D4-3x12.png 3w, https:\/\/ac-truck.com\/wp-content\/uploads\/2025\/09\/6-250320154049D4-600x2201.png 600w, https:\/\/ac-truck.com\/wp-content\/uploads\/2025\/09\/6-250320154049D4-150x550.png 150w\" sizes=\"(max-width: 1242px) 100vw, 1242px\" \/> <img decoding=\"async\" class=\"aligncenter wp-image-4181\" src=\"https:\/\/ac-truck.com\/wp-content\/uploads\/2025\/09\/6-250320154320W8-scaled.png\" alt=\"Water truck structure diagram\" width=\"1242\" height=\"4760\" srcset=\"https:\/\/ac-truck.com\/wp-content\/uploads\/2025\/09\/6-250320154320W8-scaled.png 668w, https:\/\/ac-truck.com\/wp-content\/uploads\/2025\/09\/6-250320154320W8-78x300.png 78w, https:\/\/ac-truck.com\/wp-content\/uploads\/2025\/09\/6-250320154320W8-267x1024.png 267w, https:\/\/ac-truck.com\/wp-content\/uploads\/2025\/09\/6-250320154320W8-768x2944.png 768w, https:\/\/ac-truck.com\/wp-content\/uploads\/2025\/09\/6-250320154320W8-401x1536.png 401w, https:\/\/ac-truck.com\/wp-content\/uploads\/2025\/09\/6-250320154320W8-534x2048.png 534w, https:\/\/ac-truck.com\/wp-content\/uploads\/2025\/09\/6-250320154320W8-3x12.png 3w, https:\/\/ac-truck.com\/wp-content\/uploads\/2025\/09\/6-250320154320W8-600x2300.png 600w, https:\/\/ac-truck.com\/wp-content\/uploads\/2025\/09\/6-250320154320W8-150x575.png 150w\" sizes=\"(max-width: 1242px) 100vw, 1242px\" \/><\/p>","protected":false},"excerpt":{"rendered":"<p>Chassis brand FAW\u00a0 Overall dimensions: L*W*H(mm) 8050*2500*3300 Water tank size(mm) 4600*2350*1450 Tank volume(L) 11000L Total mass(kg) 18000 Empty vehicle mass(kg)<\/p>","protected":false},"featured_media":4208,"template":"","meta":[],"product_brand":[221],"product_cat":[191],"product_tag":[214,219,222],"class_list":{"0":"post-4201","1":"product","2":"type-product","3":"status-publish","4":"has-post-thumbnail","6":"product_brand-faw","7":"product_cat-water-trucks","8":"product_tag-water-truck","9":"product_tag-sprinkler-truck","10":"product_tag-12m","12":"first","13":"instock","14":"shipping-taxable","15":"product-type-simple"},"_links":{"self":[{"href":"https:\/\/ac-truck.com\/fr\/wp-json\/wp\/v2\/product\/4201","targetHints":{"allow":["GET"]}}],"collection":[{"href":"https:\/\/ac-truck.com\/fr\/wp-json\/wp\/v2\/product"}],"about":[{"href":"https:\/\/ac-truck.com\/fr\/wp-json\/wp\/v2\/types\/product"}],"version-history":[{"count":1,"href":"https:\/\/ac-truck.com\/fr\/wp-json\/wp\/v2\/product\/4201\/revisions"}],"predecessor-version":[{"id":4209,"href":"https:\/\/ac-truck.com\/fr\/wp-json\/wp\/v2\/product\/4201\/revisions\/4209"}],"wp:featuredmedia":[{"embeddable":true,"href":"https:\/\/ac-truck.com\/fr\/wp-json\/wp\/v2\/media\/4208"}],"wp:attachment":[{"href":"https:\/\/ac-truck.com\/fr\/wp-json\/wp\/v2\/media?parent=4201"}],"wp:term":[{"taxonomy":"product_brand","embeddable":true,"href":"https:\/\/ac-truck.com\/fr\/wp-json\/wp\/v2\/product_brand?post=4201"},{"taxonomy":"product_cat","embeddable":true,"href":"https:\/\/ac-truck.com\/fr\/wp-json\/wp\/v2\/product_cat?post=4201"},{"taxonomy":"product_tag","embeddable":true,"href":"https:\/\/ac-truck.com\/fr\/wp-json\/wp\/v2\/product_tag?post=4201"}],"curies":[{"name":"wp","href":"https:\/\/api.w.org\/{rel}","templated":true}]}}