{"id":4354,"date":"2025-09-10T11:19:07","date_gmt":"2025-09-10T03:19:07","guid":{"rendered":"https:\/\/ac-truck.com\/?post_type=product&#038;p=4354"},"modified":"2026-01-22T17:56:11","modified_gmt":"2026-01-22T09:56:11","slug":"refrigerated-truck-sitrak-56m%c2%b3","status":"publish","type":"product","link":"https:\/\/ac-truck.com\/fr\/refrigerated-truck-sitrak-56m%C2%B3.html","title":{"rendered":"Camion frigorifique SITRAK 30 tonnes 56 m\u00b3"},"content":{"rendered":"<div data-elementor-type=\"product-post\" data-elementor-id=\"4354\" class=\"elementor elementor-4354\" data-elementor-post-type=\"product\">\n\t\t\t\t<div class=\"wd-negative-gap elementor-element elementor-element-735dff93 e-flex e-con-boxed e-con e-parent\" data-id=\"735dff93\" data-element_type=\"container\" data-e-type=\"container\">\n\t\t\t\t\t<div class=\"e-con-inner\">\n\t\t<div class=\"elementor-element elementor-element-6533c36 e-con-full e-flex e-con e-child\" data-id=\"6533c36\" data-element_type=\"container\" data-e-type=\"container\">\n\t\t\t\t<div class=\"elementor-element elementor-element-e071305 wd-width-100 elementor-widget elementor-widget-wd_video\" data-id=\"e071305\" data-element_type=\"widget\" data-e-type=\"widget\" data-widget_type=\"wd_video.default\">\n\t\t\t\t<div class=\"elementor-widget-container\">\n\t\t\t\t\t\n\t\t<div class=\"wd-el-video wd-action-without wd-video-hosted wd-with-aspect-ratio\">\n\t\t\t\t\t\t\t<video src=\"https:\/\/ac-truck.com\/wp-content\/uploads\/2025\/11\/VIDEO_20260122_161416.mp4\" playsinline controls preload=\"metadata\"><\/video>\t\t\t\n\t\t\t\n\t\t\t\n\t\t\t\t\t<\/div>\n\t\t\t\t\t\t<\/div>\n\t\t\t\t<\/div>\n\t\t\t\t<\/div>\n\t\t\t\t<div class=\"elementor-element elementor-element-62dbab87 color-scheme-inherit text-left elementor-widget elementor-widget-text-editor\" data-id=\"62dbab87\" data-element_type=\"widget\" data-e-type=\"widget\" data-widget_type=\"text-editor.default\">\n\t\t\t\t<div class=\"elementor-widget-container\">\n\t\t\t\t\t\t\t\t\t<table width=\"979\">\r\n<tbody>\r\n<tr>\r\n<td width=\"464\"><strong>Marque du ch\u00e2ssis<\/strong><\/td>\r\n<td width=\"464\"><strong>SITRAK<\/strong><\/td>\r\n<\/tr>\r\n<tr>\r\n<td width=\"464\"><strong>Dimensions hors tout<\/strong><\/td>\r\n<td width=\"464\"><strong>12000*2550*3950<\/strong><\/td>\r\n<\/tr>\r\n<tr>\r\n<td width=\"464\"><strong>Taille de la bo\u00eete<\/strong><\/td>\r\n<td width=\"464\"><strong>9450*2450*2450mm<\/strong><\/td>\r\n<\/tr>\r\n<tr>\r\n<td width=\"464\"><strong>Volume de la bo\u00eete<\/strong><\/td>\r\n<td width=\"464\"><strong>56m\u00b3<\/strong><\/td>\r\n<\/tr>\r\n<tr>\r\n<td width=\"464\"><strong>Plage de temp\u00e9rature de r\u00e9frig\u00e9ration<\/strong><\/td>\r\n<td width=\"464\"><strong>2~~ -20\u2103<\/strong><\/td>\r\n<\/tr>\r\n<tr>\r\n<td width=\"464\"><strong>Capacit\u00e9 de r\u00e9frig\u00e9ration<\/strong><\/td>\r\n<td width=\"464\"><strong>11300w<\/strong><\/td>\r\n<\/tr>\r\n<tr>\r\n<td width=\"464\"><strong>Taille du condenseur<\/strong><\/td>\r\n<td width=\"464\"><strong>1880*919*688mm<\/strong><\/td>\r\n<\/tr>\r\n<tr>\r\n<td width=\"464\"><strong>Taille de l&#039;\u00e9vaporateur<\/strong><\/td>\r\n<td width=\"464\"><strong>1376*662*253mm<\/strong><\/td>\r\n<\/tr>\r\n<tr>\r\n<td width=\"464\"><strong>Mat\u00e9riau de la couche isolante de la bo\u00eete<\/strong><\/td>\r\n<td width=\"464\"><strong>Mousse de polyur\u00e9thane<\/strong><\/td>\r\n<\/tr>\r\n<tr>\r\n<td width=\"464\"><strong>\u00c9paisseur de l&#039;isolation<\/strong><\/td>\r\n<td width=\"464\"><strong>80 mm<\/strong><\/td>\r\n<\/tr>\r\n<tr>\r\n<td width=\"464\"><strong>Type de carburant<\/strong><\/td>\r\n<td width=\"464\"><strong>Diesel<\/strong><\/td>\r\n<\/tr>\r\n<tr>\r\n<td width=\"464\"><strong>Bo\u00eete de vitesse<\/strong><\/td>\r\n<td width=\"464\"><strong>12 vitesses HW25712XSTCL<\/strong><\/td>\r\n<\/tr>\r\n<tr>\r\n<td width=\"464\"><strong>Taille des pneus<\/strong><\/td>\r\n<td width=\"464\"><strong>295\/80R22.5<\/strong><\/td>\r\n<\/tr>\r\n<\/tbody>\r\n<\/table>\r\n<img fetchpriority=\"high\" decoding=\"async\" src=\"https:\/\/ac-truck.com\/wp-content\/uploads\/2025\/09\/6-250626102550504-2.png\" alt=\"\" width=\"1242\" height=\"1691\" \/> <img decoding=\"async\" src=\"https:\/\/ac-truck.com\/wp-content\/uploads\/2025\/09\/6-250626101P94F.png\" alt=\"\" width=\"1242\" height=\"698\" \/> \u00a0<img decoding=\"async\" src=\"https:\/\/ac-truck.com\/wp-content\/uploads\/2025\/09\/Internal-structure-of-the-refrigerator-scaled.png\" alt=\"Internal-structure-of-the-refrigerator-scaled\" width=\"1234\" height=\"2560\" \/><img loading=\"lazy\" decoding=\"async\" src=\"https:\/\/ac-truck.com\/wp-content\/uploads\/2025\/09\/Refrigerated-truck-configuration-diagram-scaled.png\" alt=\"Refrigerated-truck-configuration-diagram-scaled\" width=\"1234\" height=\"2560\" \/> <img loading=\"lazy\" decoding=\"async\" src=\"https:\/\/ac-truck.com\/wp-content\/uploads\/2025\/09\/Refrigerated-box-material.png\" alt=\"Refrigerated-box-material\" width=\"1242\" height=\"1949\" \/> <img loading=\"lazy\" decoding=\"async\" src=\"https:\/\/ac-truck.com\/wp-content\/uploads\/2025\/09\/Refrigerated-box-details-scaled.png\" alt=\"Refrigerated-box-details-scaled\" width=\"1061\" height=\"2560\" \/>\t\t\t\t\t\t\t\t<\/div>\n\t\t\t\t<\/div>\n\t\t\t\t\t<\/div>\n\t\t\t\t<\/div>\n\t\t\t\t<\/div>","protected":false},"excerpt":{"rendered":"<p>Chassis brand SITRAK Overall Dimensions 12000*2550*3950 Box Size 9450*2450*2450mm Box Volume 56m\u00b3 Refrigeration Temperature Range 2~~ -20\u2103 Refrigeration Capacity 11300w<\/p>","protected":false},"featured_media":4355,"template":"","meta":[],"product_brand":[217],"product_cat":[178],"product_tag":[236,237],"class_list":{"0":"post-4354","1":"product","2":"type-product","3":"status-publish","4":"has-post-thumbnail","6":"product_brand-sinotruk","7":"product_cat-reefer-trucks","8":"product_tag-refrigerated-truck","9":"product_tag-reefer-truck","11":"first","12":"instock","13":"shipping-taxable","14":"product-type-simple"},"_links":{"self":[{"href":"https:\/\/ac-truck.com\/fr\/wp-json\/wp\/v2\/product\/4354","targetHints":{"allow":["GET"]}}],"collection":[{"href":"https:\/\/ac-truck.com\/fr\/wp-json\/wp\/v2\/product"}],"about":[{"href":"https:\/\/ac-truck.com\/fr\/wp-json\/wp\/v2\/types\/product"}],"version-history":[{"count":13,"href":"https:\/\/ac-truck.com\/fr\/wp-json\/wp\/v2\/product\/4354\/revisions"}],"predecessor-version":[{"id":7449,"href":"https:\/\/ac-truck.com\/fr\/wp-json\/wp\/v2\/product\/4354\/revisions\/7449"}],"wp:featuredmedia":[{"embeddable":true,"href":"https:\/\/ac-truck.com\/fr\/wp-json\/wp\/v2\/media\/4355"}],"wp:attachment":[{"href":"https:\/\/ac-truck.com\/fr\/wp-json\/wp\/v2\/media?parent=4354"}],"wp:term":[{"taxonomy":"product_brand","embeddable":true,"href":"https:\/\/ac-truck.com\/fr\/wp-json\/wp\/v2\/product_brand?post=4354"},{"taxonomy":"product_cat","embeddable":true,"href":"https:\/\/ac-truck.com\/fr\/wp-json\/wp\/v2\/product_cat?post=4354"},{"taxonomy":"product_tag","embeddable":true,"href":"https:\/\/ac-truck.com\/fr\/wp-json\/wp\/v2\/product_tag?post=4354"}],"curies":[{"name":"wp","href":"https:\/\/api.w.org\/{rel}","templated":true}]}}