{"id":4430,"date":"2025-09-11T11:28:27","date_gmt":"2025-09-11T03:28:27","guid":{"rendered":"https:\/\/ac-truck.com\/?post_type=product&#038;p=4430"},"modified":"2025-09-11T11:28:28","modified_gmt":"2025-09-11T03:28:28","slug":"fuel-tanker-sinotruk-30000l","status":"publish","type":"product","link":"https:\/\/ac-truck.com\/fr\/fuel-tanker-sinotruk-30000l.html","title":{"rendered":"Citerne \u00e0 carburant Sinotruk 30\u00a0000 L"},"content":{"rendered":"<table>\n<tbody>\n<tr class=\"firstRow\">\n<td colspan=\"1\" rowspan=\"1\" valign=\"top\" width=\"694\"><strong>Marque du ch\u00e2ssis<\/strong><\/td>\n<td colspan=\"1\" rowspan=\"1\" align=\"center\" valign=\"top\" width=\"49\"><a href=\"http:\/\/sinotruck.com\"><strong>Sinotruk<\/strong><\/a><\/td>\n<\/tr>\n<tr>\n<td colspan=\"1\" rowspan=\"1\" valign=\"top\" width=\"694\"><strong>Dimensions du corps (mm)<\/strong><\/td>\n<td colspan=\"1\" rowspan=\"1\" align=\"center\" valign=\"top\" width=\"49\"><strong>11920*2500*3200<\/strong><\/td>\n<\/tr>\n<tr>\n<td colspan=\"1\" rowspan=\"1\" valign=\"top\" width=\"694\"><strong><a href=\"http:\/\/ac-truck.com\/fr\/\">R\u00e9servoir<\/a> taille (mm)<\/strong><\/td>\n<td colspan=\"1\" rowspan=\"1\" align=\"center\" valign=\"top\" width=\"49\"><strong>8950*2490*1650<\/strong><\/td>\n<\/tr>\n<tr>\n<td colspan=\"1\" rowspan=\"1\" valign=\"top\" width=\"694\"><strong>Masse totale (kg)<\/strong><\/td>\n<td colspan=\"1\" rowspan=\"1\" align=\"center\" valign=\"top\" width=\"49\"><strong>32000<\/strong><\/td>\n<\/tr>\n<tr>\n<td colspan=\"1\" rowspan=\"1\" valign=\"top\" width=\"694\"><strong>Qualit\u00e9 du v\u00e9hicule (kg)<\/strong><\/td>\n<td colspan=\"1\" rowspan=\"1\" align=\"center\" valign=\"top\" width=\"49\"><strong>11250<\/strong><\/td>\n<\/tr>\n<tr>\n<td colspan=\"1\" rowspan=\"1\" valign=\"top\" width=\"694\"><strong>Masse de charge nominale (kg)<\/strong><\/td>\n<td colspan=\"1\" rowspan=\"1\" align=\"center\" valign=\"top\" width=\"49\"><strong>20620<\/strong><\/td>\n<\/tr>\n<tr>\n<td colspan=\"1\" rowspan=\"1\" valign=\"top\" width=\"694\"><strong>Mod\u00e8le de moteur<\/strong><\/td>\n<td colspan=\"1\" rowspan=\"1\" align=\"center\" valign=\"top\" width=\"49\"><strong>MC07H.35-60, 275 kW<\/strong><\/td>\n<\/tr>\n<tr>\n<td colspan=\"1\" rowspan=\"1\" valign=\"top\" width=\"694\"><strong>Cylindr\u00e9e du moteur (ml)<\/strong><\/td>\n<td colspan=\"1\" rowspan=\"1\" align=\"center\" valign=\"top\" width=\"49\"><strong>7360<\/strong><\/td>\n<\/tr>\n<tr>\n<td colspan=\"1\" rowspan=\"1\" valign=\"top\" width=\"694\"><strong>Bo\u00eete de vitesse<\/strong><\/td>\n<td colspan=\"1\" rowspan=\"1\" align=\"center\" valign=\"top\" width=\"49\"><strong>Bo\u00eete de vitesses HW13709XSTC2 + prise de force \u00e0 bride HW70<\/strong><\/td>\n<\/tr>\n<tr>\n<td colspan=\"1\" rowspan=\"1\" valign=\"top\" width=\"694\"><strong>Nombre de feuilles de printemps :<\/strong><\/td>\n<td colspan=\"1\" rowspan=\"1\" align=\"center\" valign=\"top\" width=\"49\"><strong>Suspension pneumatique 3\/3\/-\/-<\/strong><\/td>\n<\/tr>\n<tr>\n<td colspan=\"1\" rowspan=\"1\" valign=\"top\" width=\"694\"><strong>Sp\u00e9cifications des pneus :<\/strong><\/td>\n<td colspan=\"1\" rowspan=\"1\" align=\"center\" valign=\"top\" width=\"49\"><strong>295\/80R22.5<\/strong><\/td>\n<\/tr>\n<tr>\n<td valign=\"top\" width=\"694\"><strong>Volume du r\u00e9servoir (m\u00b3)<\/strong><\/td>\n<td align=\"center\" valign=\"top\" width=\"792\"><strong>26<\/strong><\/td>\n<\/tr>\n<tr>\n<td colspan=\"1\" rowspan=\"1\" valign=\"top\" width=\"694\"><strong>\u00c9paisseur du r\u00e9servoir (mm)<\/strong><\/td>\n<td colspan=\"1\" rowspan=\"1\" align=\"center\" valign=\"top\" width=\"49\"><strong>5 \/ 6<\/strong><\/td>\n<\/tr>\n<tr>\n<td colspan=\"1\" rowspan=\"1\" valign=\"top\" width=\"694\"><strong>Mat\u00e9riau du corps du r\u00e9servoir<\/strong><\/td>\n<td colspan=\"1\" rowspan=\"1\" align=\"center\" valign=\"top\" width=\"49\"><strong>Acier inoxydable 304\/Acier au carbone Q235<\/strong><\/td>\n<\/tr>\n<tr>\n<td colspan=\"1\" rowspan=\"1\" valign=\"top\" width=\"694\"><strong>plaque anti-ondes<\/strong><\/td>\n<td colspan=\"1\" rowspan=\"1\" align=\"center\" valign=\"top\" width=\"49\"><strong>Oui<\/strong><\/td>\n<\/tr>\n<tr>\n<td colspan=\"1\" rowspan=\"1\" valign=\"top\" width=\"694\"><strong>Unit\u00e9 de r\u00e9cup\u00e9ration de gaz de p\u00e9trole<\/strong><\/td>\n<td colspan=\"1\" rowspan=\"1\" align=\"center\" valign=\"top\" width=\"49\"><strong>Oui<\/strong><\/td>\n<\/tr>\n<tr>\n<td colspan=\"1\" rowspan=\"1\" valign=\"top\" width=\"694\"><strong>Vanne d&#039;arr\u00eat d&#039;urgence<\/strong><\/td>\n<td colspan=\"1\" rowspan=\"1\" align=\"center\" valign=\"top\" width=\"49\"><strong>Oui<\/strong><\/td>\n<\/tr>\n<tr>\n<td colspan=\"1\" rowspan=\"1\" valign=\"top\" width=\"694\"><strong>Dispositif d&#039;alarme anti-d\u00e9bordement<\/strong><\/td>\n<td colspan=\"1\" rowspan=\"1\" align=\"center\" valign=\"top\" width=\"49\"><strong>Oui<\/strong><\/td>\n<\/tr>\n<tr>\n<td colspan=\"1\" rowspan=\"1\" valign=\"top\" width=\"694\"><strong>Temp\u00e9rature ambiante de fonctionnement (\u00b0C)<\/strong><\/td>\n<td colspan=\"1\" rowspan=\"1\" align=\"center\" valign=\"top\" width=\"49\"><strong>-20~~45<\/strong><\/td>\n<\/tr>\n<tr>\n<td colspan=\"1\" rowspan=\"1\" valign=\"top\" width=\"694\"><strong>D\u00e9bit de la pompe \u00e0 huile \u00e0 engrenages (m\u00b3\/h)<\/strong><\/td>\n<td colspan=\"1\" rowspan=\"1\" align=\"center\" valign=\"top\" width=\"49\"><strong>60<\/strong><\/td>\n<\/tr>\n<tr>\n<td colspan=\"1\" rowspan=\"1\" valign=\"top\" width=\"694\"><strong>M\u00e9thode de chargement du carburant<\/strong><\/td>\n<td colspan=\"1\" rowspan=\"1\" align=\"center\" valign=\"top\" width=\"49\"><strong>Remplissage par le bas<\/strong><\/td>\n<\/tr>\n<tr>\n<td colspan=\"1\" rowspan=\"1\" valign=\"top\" width=\"694\"><strong>Bo\u00eete \u00e0 outils<\/strong><\/td>\n<td colspan=\"1\" rowspan=\"1\" align=\"center\" valign=\"top\" width=\"49\"><strong>Personnalis\u00e9 selon vos besoins<\/strong><\/td>\n<\/tr>\n<tr>\n<td colspan=\"1\" rowspan=\"1\" valign=\"top\" width=\"694\"><strong>Bouche du r\u00e9servoir<\/strong><\/td>\n<td colspan=\"1\" rowspan=\"1\" align=\"center\" valign=\"top\" width=\"49\"><strong>norme europ\u00e9enne<\/strong><\/td>\n<\/tr>\n<\/tbody>\n<\/table>\n<p><img fetchpriority=\"high\" decoding=\"async\" class=\"aligncenter wp-image-4418\" src=\"https:\/\/ac-truck.com\/wp-content\/uploads\/2025\/09\/6-250315122149409-scaled.png\" alt=\"Tank truck structure diagram\" width=\"1242\" height=\"4854\" srcset=\"https:\/\/ac-truck.com\/wp-content\/uploads\/2025\/09\/6-250315122149409-scaled.png 655w, https:\/\/ac-truck.com\/wp-content\/uploads\/2025\/09\/6-250315122149409-77x300.png 77w, https:\/\/ac-truck.com\/wp-content\/uploads\/2025\/09\/6-250315122149409-262x1024.png 262w, https:\/\/ac-truck.com\/wp-content\/uploads\/2025\/09\/6-250315122149409-768x3003.png 768w, https:\/\/ac-truck.com\/wp-content\/uploads\/2025\/09\/6-250315122149409-393x1536.png 393w, https:\/\/ac-truck.com\/wp-content\/uploads\/2025\/09\/6-250315122149409-524x2048.png 524w, https:\/\/ac-truck.com\/wp-content\/uploads\/2025\/09\/6-250315122149409-3x12.png 3w, https:\/\/ac-truck.com\/wp-content\/uploads\/2025\/09\/6-250315122149409-600x2346.png 600w, https:\/\/ac-truck.com\/wp-content\/uploads\/2025\/09\/6-250315122149409-150x587.png 150w\" sizes=\"(max-width: 1242px) 100vw, 1242px\" \/> <img decoding=\"async\" class=\"aligncenter wp-image-4420\" src=\"https:\/\/ac-truck.com\/wp-content\/uploads\/2025\/09\/6-250315122301305-scaled.png\" alt=\"Tank truck manufacturing process\" width=\"1242\" height=\"4478\" srcset=\"https:\/\/ac-truck.com\/wp-content\/uploads\/2025\/09\/6-250315122301305-scaled.png 710w, https:\/\/ac-truck.com\/wp-content\/uploads\/2025\/09\/6-250315122301305-83x300.png 83w, https:\/\/ac-truck.com\/wp-content\/uploads\/2025\/09\/6-250315122301305-284x1024.png 284w, https:\/\/ac-truck.com\/wp-content\/uploads\/2025\/09\/6-250315122301305-768x2768.png 768w, https:\/\/ac-truck.com\/wp-content\/uploads\/2025\/09\/6-250315122301305-426x1536.png 426w, https:\/\/ac-truck.com\/wp-content\/uploads\/2025\/09\/6-250315122301305-568x2048.png 568w, https:\/\/ac-truck.com\/wp-content\/uploads\/2025\/09\/6-250315122301305-3x12.png 3w, https:\/\/ac-truck.com\/wp-content\/uploads\/2025\/09\/6-250315122301305-600x2163.png 600w, https:\/\/ac-truck.com\/wp-content\/uploads\/2025\/09\/6-250315122301305-150x541.png 150w\" sizes=\"(max-width: 1242px) 100vw, 1242px\" \/><\/p>","protected":false},"excerpt":{"rendered":"<p>Chassis brand Sinotruk Body dimensions(mm) 11920*2500*3200 Tank size(mm) 8950*2490*1650 Total mass(kg) 32000 Vehicle quality(kg) 11250 Rated load mass(kg) 20620 Engine<\/p>","protected":false},"featured_media":4431,"template":"","meta":[],"product_brand":[217],"product_cat":[176],"product_tag":[242,243,245],"class_list":{"0":"post-4430","1":"product","2":"type-product","3":"status-publish","4":"has-post-thumbnail","6":"product_brand-sinotruk","7":"product_cat-tanker-trucks","8":"product_tag-fuel-tanker","9":"product_tag-oil-tanker-truck","10":"product_tag-30000l","12":"first","13":"instock","14":"shipping-taxable","15":"product-type-simple"},"_links":{"self":[{"href":"https:\/\/ac-truck.com\/fr\/wp-json\/wp\/v2\/product\/4430","targetHints":{"allow":["GET"]}}],"collection":[{"href":"https:\/\/ac-truck.com\/fr\/wp-json\/wp\/v2\/product"}],"about":[{"href":"https:\/\/ac-truck.com\/fr\/wp-json\/wp\/v2\/types\/product"}],"version-history":[{"count":1,"href":"https:\/\/ac-truck.com\/fr\/wp-json\/wp\/v2\/product\/4430\/revisions"}],"predecessor-version":[{"id":4438,"href":"https:\/\/ac-truck.com\/fr\/wp-json\/wp\/v2\/product\/4430\/revisions\/4438"}],"wp:featuredmedia":[{"embeddable":true,"href":"https:\/\/ac-truck.com\/fr\/wp-json\/wp\/v2\/media\/4431"}],"wp:attachment":[{"href":"https:\/\/ac-truck.com\/fr\/wp-json\/wp\/v2\/media?parent=4430"}],"wp:term":[{"taxonomy":"product_brand","embeddable":true,"href":"https:\/\/ac-truck.com\/fr\/wp-json\/wp\/v2\/product_brand?post=4430"},{"taxonomy":"product_cat","embeddable":true,"href":"https:\/\/ac-truck.com\/fr\/wp-json\/wp\/v2\/product_cat?post=4430"},{"taxonomy":"product_tag","embeddable":true,"href":"https:\/\/ac-truck.com\/fr\/wp-json\/wp\/v2\/product_tag?post=4430"}],"curies":[{"name":"wp","href":"https:\/\/api.w.org\/{rel}","templated":true}]}}