{"id":4468,"date":"2025-09-13T15:37:34","date_gmt":"2025-09-13T07:37:34","guid":{"rendered":"https:\/\/ac-truck.com\/?post_type=product&#038;p=4468"},"modified":"2025-09-13T15:48:19","modified_gmt":"2025-09-13T07:48:19","slug":"airport-fire-truck-man-6x6","status":"publish","type":"product","link":"https:\/\/ac-truck.com\/fr\/airport-fire-truck-man-6x6.html","title":{"rendered":"Airport Fire Truck MAN 6X6"},"content":{"rendered":"<table data-sort=\"sortDisabled\">\n<tbody>\n<tr class=\"firstRow\">\n<td colspan=\"1\" rowspan=\"1\" align=\"center\" valign=\"top\"><strong>Mod\u00e8le de ch\u00e2ssis<\/strong><\/td>\n<td colspan=\"1\" rowspan=\"1\" align=\"center\" valign=\"top\"><a href=\"http:\/\/man.com\">MAN<\/a> TGS 33.510 6\u00d76 all-wheel drive<\/td>\n<\/tr>\n<tr>\n<td colspan=\"1\" rowspan=\"1\" align=\"center\" valign=\"top\"><strong>Mod\u00e8le\/type de moteur<\/strong><\/td>\n<td colspan=\"1\" rowspan=\"1\" align=\"center\" valign=\"top\">Moteur diesel turbocompress\u00e9 \u00e0 6 cylindres en ligne D2676LF98\/refroidi par air<\/td>\n<\/tr>\n<tr>\n<td colspan=\"1\" rowspan=\"1\" align=\"center\" valign=\"top\"><strong>D\u00e9placement<\/strong><\/td>\n<td colspan=\"1\" rowspan=\"1\" align=\"center\" valign=\"top\">12.4 liters<\/td>\n<\/tr>\n<tr>\n<td colspan=\"1\" rowspan=\"1\" align=\"center\" valign=\"top\"><strong>Puissance nette maximale du moteur<\/strong><\/td>\n<td colspan=\"1\" rowspan=\"1\" align=\"center\" valign=\"top\">375 kW\/510 hp<\/td>\n<\/tr>\n<tr>\n<td colspan=\"1\" rowspan=\"1\" align=\"center\" valign=\"top\"><strong>Couple maximal du moteur<\/strong><\/td>\n<td colspan=\"1\" rowspan=\"1\" align=\"center\" valign=\"top\">2600Nm\/930-1350rpm<\/td>\n<\/tr>\n<tr>\n<td colspan=\"1\" rowspan=\"1\" align=\"center\" valign=\"top\"><strong>Vitesse maximale \u00e0 pleine charge<\/strong><\/td>\n<td colspan=\"1\" rowspan=\"1\" align=\"center\" valign=\"top\">100km\/h<\/td>\n<\/tr>\n<tr>\n<td colspan=\"1\" rowspan=\"1\" align=\"center\" valign=\"top\"><strong>\u00c9mission<\/strong><\/td>\n<td colspan=\"1\" rowspan=\"1\" align=\"center\" valign=\"top\">Euro VI<\/td>\n<\/tr>\n<tr>\n<td align=\"center\" valign=\"top\" width=\"760\"><strong>Transmission<\/strong><\/td>\n<td align=\"center\" valign=\"top\" width=\"760\">Bo\u00eete de vitesses manuelle MAN TipMatic\u00ae, disposition des vitesses : 12 vitesses avant + 2 vitesses arri\u00e8re, bo\u00eete de transfert : G172<\/td>\n<\/tr>\n<tr>\n<td align=\"center\" valign=\"top\" width=\"760\"><strong>Empattement<\/strong><\/td>\n<td align=\"center\" valign=\"top\" width=\"760\">4200mm+1400mm<\/td>\n<\/tr>\n<tr>\n<td align=\"center\" valign=\"top\" width=\"760\"><strong>Performances d'acc\u00e9l\u00e9ration<\/strong><\/td>\n<td align=\"center\" valign=\"top\" width=\"760\">pleine charge 0~80 km\/h temps d'acc\u00e9l\u00e9ration \u226435 secondes<\/td>\n<\/tr>\n<tr>\n<td align=\"center\" valign=\"top\" width=\"760\"><strong>Capacit\u00e9 liquide<\/strong><\/td>\n<td align=\"center\" valign=\"top\" width=\"760\">eau 11000L, mousse 2000L<\/td>\n<\/tr>\n<tr>\n<td align=\"center\" valign=\"top\" width=\"760\"><a href=\"https:\/\/ac-truck.com\/fr\/product-category\/emergency-rescue\/fire-trucks.html\/\"><strong>Pompe \u00e0 incendie<\/strong><\/a><\/td>\n<td align=\"center\" valign=\"top\" width=\"760\">Pompe \u00e0 incendie USA Hill CB10\/100-RSD<\/td>\n<\/tr>\n<tr>\n<td align=\"center\" valign=\"top\" width=\"760\"><strong>D\u00e9bit de la pompe<\/strong><\/td>\n<td align=\"center\" valign=\"top\" width=\"760\">6000L\/min, pression : 1,0MPa<\/td>\n<\/tr>\n<tr>\n<td align=\"center\" valign=\"top\" width=\"760\"><strong>Canon \u00e0 incendie sur le toit<\/strong><\/td>\n<td align=\"center\" valign=\"top\" width=\"760\">Canon \u00e0 incendie de toit \u00e9lectrique \u00e0 t\u00e9l\u00e9commande USA Elk PLKD10\/80-7200EXM<\/td>\n<\/tr>\n<tr>\n<td align=\"center\" valign=\"top\" width=\"760\"><strong>Champ de tir de canons sur le toit<\/strong><\/td>\n<td align=\"center\" valign=\"top\" width=\"760\">eau \u2265 85 m, mousse \u2265 75 m<\/td>\n<\/tr>\n<tr>\n<td align=\"center\" valign=\"top\" width=\"760\"><strong>Canon \u00e0 tir frontal<\/strong><\/td>\n<td align=\"center\" valign=\"top\" width=\"760\">Canon \u00e9lectrique \u00e0 tir frontal t\u00e9l\u00e9command\u00e9 USA Elk PLKD10\/24-7100EXM<\/td>\n<\/tr>\n<tr>\n<td align=\"center\" valign=\"top\" width=\"760\"><strong>Port\u00e9e des canons \u00e0 tir frontal<\/strong><\/td>\n<td align=\"center\" valign=\"top\" width=\"760\">eau \u2265 55 m, mousse \u2265 42 m<\/td>\n<\/tr>\n<tr>\n<td colspan=\"2\" rowspan=\"1\" align=\"center\" valign=\"top\"><strong>autre<\/strong>Le principal camion de pompiers \u00e0 mousse de l\u2019a\u00e9roport est con\u00e7u de mani\u00e8re innovante en combinant des concepts de conception avanc\u00e9s au pays et \u00e0 l\u2019\u00e9tranger avec les besoins r\u00e9els de la lutte contre les incendies.<\/p>\n<p>L'ensemble du v\u00e9hicule dispose de multiples mesures de protection de s\u00e9curit\u00e9 et ses param\u00e8tres techniques et de performance sont \u00e0 un niveau avanc\u00e9.<\/p>\n<p>Il est \u00e9quip\u00e9 d'un ch\u00e2ssis tout-terrain Mercedes-Benz 6\u00d76 \u00e0 transmission int\u00e9grale, d'une grande capacit\u00e9 de liquide et d'un syst\u00e8me de mousse classique de classe B, sp\u00e9cialement con\u00e7u pour lutter contre les incendies de classes A et B dans les a\u00e9roports. Ce v\u00e9hicule offre d'excellentes performances d'acc\u00e9l\u00e9ration (temps d'acc\u00e9l\u00e9ration continu de 0 \u00e0 80 km\/h \u2264 35 secondes), et sa cabine est \u00e9quip\u00e9e d'un syst\u00e8me de commande rapide d'eau et de mousse par simple pression d'un bouton. Sa carrosserie tout en alliage d'aluminium est l\u00e9g\u00e8re, tr\u00e8s robuste et r\u00e9sistante \u00e0 la corrosion. Il peut transporter divers \u00e9quipements de secours\u00a0; c'est le choix id\u00e9al pour l'extinction des incendies dans les a\u00e9roports.<\/td>\n<\/tr>\n<\/tbody>\n<\/table>\n<p><img fetchpriority=\"high\" decoding=\"async\" class=\"aligncenter wp-image-4718 size-full\" src=\"https:\/\/ac-truck.com\/wp-content\/uploads\/2025\/09\/6-250F111125X09.jpg\" alt=\"camion de pompiers\" width=\"1400\" height=\"766\" srcset=\"https:\/\/ac-truck.com\/wp-content\/uploads\/2025\/09\/6-250F111125X09.jpg 1400w, https:\/\/ac-truck.com\/wp-content\/uploads\/2025\/09\/6-250F111125X09-300x164.jpg 300w, https:\/\/ac-truck.com\/wp-content\/uploads\/2025\/09\/6-250F111125X09-1024x560.jpg 1024w, https:\/\/ac-truck.com\/wp-content\/uploads\/2025\/09\/6-250F111125X09-768x420.jpg 768w, https:\/\/ac-truck.com\/wp-content\/uploads\/2025\/09\/6-250F111125X09-18x10.jpg 18w, https:\/\/ac-truck.com\/wp-content\/uploads\/2025\/09\/6-250F111125X09-600x328.jpg 600w, https:\/\/ac-truck.com\/wp-content\/uploads\/2025\/09\/6-250F111125X09-150x82.jpg 150w\" sizes=\"(max-width: 1400px) 100vw, 1400px\" \/> <img decoding=\"async\" class=\"aligncenter wp-image-4720\" src=\"https:\/\/ac-truck.com\/wp-content\/uploads\/2025\/09\/6-250F11113032S.png\" alt=\"Fire truck key components\" width=\"1400\" height=\"1316\" srcset=\"https:\/\/ac-truck.com\/wp-content\/uploads\/2025\/09\/6-250F11113032S.png 1230w, https:\/\/ac-truck.com\/wp-content\/uploads\/2025\/09\/6-250F11113032S-300x282.png 300w, https:\/\/ac-truck.com\/wp-content\/uploads\/2025\/09\/6-250F11113032S-1024x962.png 1024w, https:\/\/ac-truck.com\/wp-content\/uploads\/2025\/09\/6-250F11113032S-768x722.png 768w, https:\/\/ac-truck.com\/wp-content\/uploads\/2025\/09\/6-250F11113032S-13x12.png 13w, https:\/\/ac-truck.com\/wp-content\/uploads\/2025\/09\/6-250F11113032S-600x564.png 600w, https:\/\/ac-truck.com\/wp-content\/uploads\/2025\/09\/6-250F11113032S-150x141.png 150w\" sizes=\"(max-width: 1400px) 100vw, 1400px\" \/> <img decoding=\"async\" class=\"aligncenter wp-image-4719\" src=\"https:\/\/ac-truck.com\/wp-content\/uploads\/2025\/09\/6-250F111130W19.png\" alt=\"Fire truck key components\" width=\"1400\" height=\"1298\" srcset=\"https:\/\/ac-truck.com\/wp-content\/uploads\/2025\/09\/6-250F111130W19.png 1230w, https:\/\/ac-truck.com\/wp-content\/uploads\/2025\/09\/6-250F111130W19-300x278.png 300w, https:\/\/ac-truck.com\/wp-content\/uploads\/2025\/09\/6-250F111130W19-1024x949.png 1024w, https:\/\/ac-truck.com\/wp-content\/uploads\/2025\/09\/6-250F111130W19-768x712.png 768w, https:\/\/ac-truck.com\/wp-content\/uploads\/2025\/09\/6-250F111130W19-13x12.png 13w, https:\/\/ac-truck.com\/wp-content\/uploads\/2025\/09\/6-250F111130W19-600x556.png 600w, https:\/\/ac-truck.com\/wp-content\/uploads\/2025\/09\/6-250F111130W19-150x139.png 150w\" sizes=\"(max-width: 1400px) 100vw, 1400px\" \/> <img loading=\"lazy\" decoding=\"async\" class=\"aligncenter wp-image-4721\" src=\"https:\/\/ac-truck.com\/wp-content\/uploads\/2025\/09\/6-250F11113131Y.png\" alt=\"Fire truck key components\" width=\"1400\" height=\"1298\" srcset=\"https:\/\/ac-truck.com\/wp-content\/uploads\/2025\/09\/6-250F11113131Y.png 1230w, https:\/\/ac-truck.com\/wp-content\/uploads\/2025\/09\/6-250F11113131Y-300x278.png 300w, https:\/\/ac-truck.com\/wp-content\/uploads\/2025\/09\/6-250F11113131Y-1024x949.png 1024w, https:\/\/ac-truck.com\/wp-content\/uploads\/2025\/09\/6-250F11113131Y-768x712.png 768w, https:\/\/ac-truck.com\/wp-content\/uploads\/2025\/09\/6-250F11113131Y-13x12.png 13w, https:\/\/ac-truck.com\/wp-content\/uploads\/2025\/09\/6-250F11113131Y-600x556.png 600w, https:\/\/ac-truck.com\/wp-content\/uploads\/2025\/09\/6-250F11113131Y-150x139.png 150w\" sizes=\"(max-width: 1400px) 100vw, 1400px\" \/> <img loading=\"lazy\" decoding=\"async\" class=\"aligncenter wp-image-4722 size-full\" src=\"https:\/\/ac-truck.com\/wp-content\/uploads\/2025\/09\/6-2506301K125131.jpg\" alt=\"Fire truck operation panel\" width=\"1400\" height=\"852\" srcset=\"https:\/\/ac-truck.com\/wp-content\/uploads\/2025\/09\/6-2506301K125131.jpg 1400w, https:\/\/ac-truck.com\/wp-content\/uploads\/2025\/09\/6-2506301K125131-300x183.jpg 300w, https:\/\/ac-truck.com\/wp-content\/uploads\/2025\/09\/6-2506301K125131-1024x623.jpg 1024w, https:\/\/ac-truck.com\/wp-content\/uploads\/2025\/09\/6-2506301K125131-768x467.jpg 768w, https:\/\/ac-truck.com\/wp-content\/uploads\/2025\/09\/6-2506301K125131-18x12.jpg 18w, https:\/\/ac-truck.com\/wp-content\/uploads\/2025\/09\/6-2506301K125131-600x365.jpg 600w, https:\/\/ac-truck.com\/wp-content\/uploads\/2025\/09\/6-2506301K125131-150x91.jpg 150w\" sizes=\"(max-width: 1400px) 100vw, 1400px\" \/><\/p>","protected":false},"excerpt":{"rendered":"<p>Chassis model MAN TGS 33.510 6\u00d76 all-wheel drive Engine model\/type D2676LF98\/inline 6-cylinder turbocharged intercooled diesel engine Displacement 12.4 liters Engine<\/p>","protected":false},"featured_media":4723,"template":"","meta":[],"product_brand":[257],"product_cat":[182],"product_tag":[258,259,260],"class_list":{"0":"post-4468","1":"product","2":"type-product","3":"status-publish","4":"has-post-thumbnail","6":"product_brand-man","7":"product_cat-fire-trucks","8":"product_tag-airport-fire-truck","9":"product_tag-fire-truck","10":"product_tag-6x6","12":"first","13":"instock","14":"shipping-taxable","15":"product-type-simple"},"_links":{"self":[{"href":"https:\/\/ac-truck.com\/fr\/wp-json\/wp\/v2\/product\/4468","targetHints":{"allow":["GET"]}}],"collection":[{"href":"https:\/\/ac-truck.com\/fr\/wp-json\/wp\/v2\/product"}],"about":[{"href":"https:\/\/ac-truck.com\/fr\/wp-json\/wp\/v2\/types\/product"}],"version-history":[{"count":2,"href":"https:\/\/ac-truck.com\/fr\/wp-json\/wp\/v2\/product\/4468\/revisions"}],"predecessor-version":[{"id":4736,"href":"https:\/\/ac-truck.com\/fr\/wp-json\/wp\/v2\/product\/4468\/revisions\/4736"}],"wp:featuredmedia":[{"embeddable":true,"href":"https:\/\/ac-truck.com\/fr\/wp-json\/wp\/v2\/media\/4723"}],"wp:attachment":[{"href":"https:\/\/ac-truck.com\/fr\/wp-json\/wp\/v2\/media?parent=4468"}],"wp:term":[{"taxonomy":"product_brand","embeddable":true,"href":"https:\/\/ac-truck.com\/fr\/wp-json\/wp\/v2\/product_brand?post=4468"},{"taxonomy":"product_cat","embeddable":true,"href":"https:\/\/ac-truck.com\/fr\/wp-json\/wp\/v2\/product_cat?post=4468"},{"taxonomy":"product_tag","embeddable":true,"href":"https:\/\/ac-truck.com\/fr\/wp-json\/wp\/v2\/product_tag?post=4468"}],"curies":[{"name":"wp","href":"https:\/\/api.w.org\/{rel}","templated":true}]}}