{"id":4491,"date":"2025-09-11T17:27:16","date_gmt":"2025-09-11T09:27:16","guid":{"rendered":"https:\/\/ac-truck.com\/?post_type=product&#038;p=4491"},"modified":"2025-09-11T17:27:17","modified_gmt":"2025-09-11T09:27:17","slug":"fuel-tanker-faw-6200l","status":"publish","type":"product","link":"https:\/\/ac-truck.com\/fr\/fuel-tanker-faw-6200l.html","title":{"rendered":"Citerne \u00e0 carburant FAW 6200L"},"content":{"rendered":"<table>\n<tbody>\n<tr class=\"firstRow\">\n<td colspan=\"1\" rowspan=\"1\" valign=\"top\" width=\"699\"><strong>Marque du ch\u00e2ssis<\/strong><\/td>\n<td colspan=\"1\" rowspan=\"1\" align=\"center\" valign=\"top\" width=\"44\"><a href=\"http:\/\/faw.com\"><strong>CLA<\/strong><\/a><\/td>\n<\/tr>\n<tr>\n<td colspan=\"1\" rowspan=\"1\" valign=\"top\" width=\"699\"><strong>Dimensions du corps (mm)<\/strong><\/td>\n<td colspan=\"1\" rowspan=\"1\" align=\"center\" valign=\"top\" width=\"44\"><strong>6230*2030*2750<\/strong><\/td>\n<\/tr>\n<tr>\n<td colspan=\"1\" rowspan=\"1\" valign=\"top\" width=\"699\"><strong><a href=\"http:\/\/ac-truck.com\/fr\/\">R\u00e9servoir<\/a> taille (mm)<\/strong><\/td>\n<td colspan=\"1\" rowspan=\"1\" align=\"center\" valign=\"top\" width=\"44\"><strong>3800*1700*1200<\/strong><\/td>\n<\/tr>\n<tr>\n<td colspan=\"1\" rowspan=\"1\" valign=\"top\" width=\"699\"><strong>Masse totale (kg)<\/strong><\/td>\n<td colspan=\"1\" rowspan=\"1\" align=\"center\" valign=\"top\" width=\"44\"><strong>9100<\/strong><\/td>\n<\/tr>\n<tr>\n<td colspan=\"1\" rowspan=\"1\" valign=\"top\" width=\"699\"><strong>Qualit\u00e9 du v\u00e9hicule (kg)<\/strong><\/td>\n<td colspan=\"1\" rowspan=\"1\" align=\"center\" valign=\"top\" width=\"44\"><strong>4000<\/strong><\/td>\n<\/tr>\n<tr>\n<td colspan=\"1\" rowspan=\"1\" valign=\"top\" width=\"699\"><strong>Masse de charge nominale (kg)<\/strong><\/td>\n<td colspan=\"1\" rowspan=\"1\" align=\"center\" valign=\"top\" width=\"44\"><strong>4905<\/strong><\/td>\n<\/tr>\n<tr>\n<td colspan=\"1\" rowspan=\"1\" valign=\"top\" width=\"699\"><strong>Mod\u00e8le de moteur<\/strong><\/td>\n<td colspan=\"1\" rowspan=\"1\" align=\"center\" valign=\"top\" width=\"44\"><strong>CA, 100 kW<\/strong><\/td>\n<\/tr>\n<tr>\n<td colspan=\"1\" rowspan=\"1\" valign=\"top\" width=\"699\"><strong>Cylindr\u00e9e du moteur (ml)<\/strong><\/td>\n<td colspan=\"1\" rowspan=\"1\" align=\"center\" valign=\"top\" width=\"44\"><strong>2207<\/strong><\/td>\n<\/tr>\n<tr>\n<td colspan=\"1\" rowspan=\"1\" valign=\"top\" width=\"699\"><strong>Bo\u00eete de vitesse<\/strong><\/td>\n<td colspan=\"1\" rowspan=\"1\" align=\"center\" valign=\"top\" width=\"44\"><strong>6 vitesses<\/strong><\/td>\n<\/tr>\n<tr>\n<td colspan=\"1\" rowspan=\"1\" valign=\"top\" width=\"699\"><strong>Empattement (mm)<\/strong><\/td>\n<td colspan=\"1\" rowspan=\"1\" align=\"center\" valign=\"top\" width=\"44\"><strong>3600<\/strong><\/td>\n<\/tr>\n<tr>\n<td colspan=\"1\" rowspan=\"1\" valign=\"top\" width=\"699\"><strong>Nombre de feuilles de printemps :<\/strong><\/td>\n<td colspan=\"1\" rowspan=\"1\" align=\"center\" valign=\"top\" width=\"44\"><strong>2\/3<\/strong><\/td>\n<\/tr>\n<tr>\n<td colspan=\"1\" rowspan=\"1\" valign=\"top\" width=\"699\"><strong>Freinage de la roue avant<\/strong><\/td>\n<td colspan=\"1\" rowspan=\"1\" align=\"center\" valign=\"top\" width=\"44\"><strong>Freins \u00e0 disque<\/strong><\/td>\n<\/tr>\n<tr>\n<td colspan=\"1\" rowspan=\"1\" valign=\"top\" width=\"699\"><strong>Sp\u00e9cifications des pneus :<\/strong><\/td>\n<td colspan=\"1\" rowspan=\"1\" align=\"center\" valign=\"top\" width=\"44\"><strong>7.5R16<\/strong><\/td>\n<\/tr>\n<tr>\n<td valign=\"top\" width=\"699\"><strong>Volume du r\u00e9servoir (m\u00b3)<\/strong><\/td>\n<td align=\"center\" valign=\"top\" width=\"787\"><strong>6200L<\/strong><\/td>\n<\/tr>\n<tr>\n<td colspan=\"1\" rowspan=\"1\" valign=\"top\" width=\"699\"><strong>\u00c9paisseur du r\u00e9servoir (mm)<\/strong><\/td>\n<td colspan=\"1\" rowspan=\"1\" align=\"center\" valign=\"top\" width=\"44\"><strong>5\u00a0\u00a0<\/strong><\/td>\n<\/tr>\n<tr>\n<td colspan=\"1\" rowspan=\"1\" valign=\"top\" width=\"699\"><strong>Mat\u00e9riau du corps du r\u00e9servoir<\/strong><\/td>\n<td colspan=\"1\" rowspan=\"1\" align=\"center\" valign=\"top\" width=\"44\"><strong>Acier au carbone Q235<\/strong><\/td>\n<\/tr>\n<tr>\n<td colspan=\"1\" rowspan=\"1\" valign=\"top\" width=\"699\"><strong>plaque anti-ondes<\/strong><\/td>\n<td colspan=\"1\" rowspan=\"1\" align=\"center\" valign=\"top\" width=\"44\"><strong>Oui<\/strong><\/td>\n<\/tr>\n<tr>\n<td colspan=\"1\" rowspan=\"1\" valign=\"top\" width=\"699\"><strong>Unit\u00e9 de r\u00e9cup\u00e9ration de gaz de p\u00e9trole<\/strong><\/td>\n<td colspan=\"1\" rowspan=\"1\" align=\"center\" valign=\"top\" width=\"44\"><strong>Oui<\/strong><\/td>\n<\/tr>\n<tr>\n<td colspan=\"1\" rowspan=\"1\" valign=\"top\" width=\"699\"><strong>Vanne d&#039;arr\u00eat d&#039;urgence<\/strong><\/td>\n<td colspan=\"1\" rowspan=\"1\" align=\"center\" valign=\"top\" width=\"44\"><strong>Oui<\/strong><\/td>\n<\/tr>\n<tr>\n<td colspan=\"1\" rowspan=\"1\" valign=\"top\" width=\"699\"><strong>Dispositif d&#039;alarme anti-d\u00e9bordement<\/strong><\/td>\n<td colspan=\"1\" rowspan=\"1\" align=\"center\" valign=\"top\" width=\"44\"><strong>Oui<\/strong><\/td>\n<\/tr>\n<tr>\n<td colspan=\"1\" rowspan=\"1\" valign=\"top\" width=\"699\"><strong>Temp\u00e9rature ambiante de fonctionnement (\u00b0C)<\/strong><\/td>\n<td colspan=\"1\" rowspan=\"1\" align=\"center\" valign=\"top\" width=\"44\"><strong>-20~~45<\/strong><\/td>\n<\/tr>\n<tr>\n<td colspan=\"1\" rowspan=\"1\" valign=\"top\" width=\"699\"><strong>D\u00e9bit de la pompe \u00e0 huile \u00e0 engrenages (m\u00b3\/h)<\/strong><\/td>\n<td colspan=\"1\" rowspan=\"1\" align=\"center\" valign=\"top\" width=\"44\"><strong>30<\/strong><\/td>\n<\/tr>\n<tr>\n<td colspan=\"1\" rowspan=\"1\" valign=\"top\" width=\"699\"><strong>M\u00e9thode de chargement du carburant<\/strong><\/td>\n<td colspan=\"1\" rowspan=\"1\" align=\"center\" valign=\"top\" width=\"44\"><strong>Remplissage par le bas<\/strong><\/td>\n<\/tr>\n<tr>\n<td colspan=\"1\" rowspan=\"1\" valign=\"top\" width=\"699\"><strong>Bo\u00eete \u00e0 outils<\/strong><\/td>\n<td colspan=\"1\" rowspan=\"1\" align=\"center\" valign=\"top\" width=\"44\"><strong>Personnalis\u00e9 selon vos besoins<\/strong><\/td>\n<\/tr>\n<tr>\n<td colspan=\"1\" rowspan=\"1\" valign=\"top\" width=\"699\"><strong>Bouche du r\u00e9servoir<\/strong><\/td>\n<td colspan=\"1\" rowspan=\"1\" align=\"center\" valign=\"top\" width=\"44\"><strong>norme europ\u00e9enne<\/strong><\/td>\n<\/tr>\n<tr>\n<td colspan=\"1\" rowspan=\"1\" valign=\"top\" width=\"699\"><strong>Vitesse maximale (km\/h)<\/strong><\/td>\n<td colspan=\"1\" rowspan=\"1\" align=\"center\" valign=\"top\" width=\"44\"><strong>80<\/strong><\/td>\n<\/tr>\n<\/tbody>\n<\/table>\n<p><img fetchpriority=\"high\" decoding=\"async\" class=\"aligncenter wp-image-4418\" src=\"https:\/\/ac-truck.com\/wp-content\/uploads\/2025\/09\/6-250315122149409-scaled.png\" alt=\"Tank truck structure diagram\" width=\"1242\" height=\"4854\" srcset=\"https:\/\/ac-truck.com\/wp-content\/uploads\/2025\/09\/6-250315122149409-scaled.png 655w, https:\/\/ac-truck.com\/wp-content\/uploads\/2025\/09\/6-250315122149409-77x300.png 77w, https:\/\/ac-truck.com\/wp-content\/uploads\/2025\/09\/6-250315122149409-262x1024.png 262w, https:\/\/ac-truck.com\/wp-content\/uploads\/2025\/09\/6-250315122149409-768x3003.png 768w, https:\/\/ac-truck.com\/wp-content\/uploads\/2025\/09\/6-250315122149409-393x1536.png 393w, https:\/\/ac-truck.com\/wp-content\/uploads\/2025\/09\/6-250315122149409-524x2048.png 524w, https:\/\/ac-truck.com\/wp-content\/uploads\/2025\/09\/6-250315122149409-3x12.png 3w, https:\/\/ac-truck.com\/wp-content\/uploads\/2025\/09\/6-250315122149409-600x2346.png 600w, https:\/\/ac-truck.com\/wp-content\/uploads\/2025\/09\/6-250315122149409-150x587.png 150w\" sizes=\"(max-width: 1242px) 100vw, 1242px\" \/> <img decoding=\"async\" class=\"aligncenter wp-image-4420\" src=\"https:\/\/ac-truck.com\/wp-content\/uploads\/2025\/09\/6-250315122301305-scaled.png\" alt=\"Tank truck manufacturing process\" width=\"1242\" height=\"4478\" srcset=\"https:\/\/ac-truck.com\/wp-content\/uploads\/2025\/09\/6-250315122301305-scaled.png 710w, https:\/\/ac-truck.com\/wp-content\/uploads\/2025\/09\/6-250315122301305-83x300.png 83w, https:\/\/ac-truck.com\/wp-content\/uploads\/2025\/09\/6-250315122301305-284x1024.png 284w, https:\/\/ac-truck.com\/wp-content\/uploads\/2025\/09\/6-250315122301305-768x2768.png 768w, https:\/\/ac-truck.com\/wp-content\/uploads\/2025\/09\/6-250315122301305-426x1536.png 426w, https:\/\/ac-truck.com\/wp-content\/uploads\/2025\/09\/6-250315122301305-568x2048.png 568w, https:\/\/ac-truck.com\/wp-content\/uploads\/2025\/09\/6-250315122301305-3x12.png 3w, https:\/\/ac-truck.com\/wp-content\/uploads\/2025\/09\/6-250315122301305-600x2163.png 600w, https:\/\/ac-truck.com\/wp-content\/uploads\/2025\/09\/6-250315122301305-150x541.png 150w\" sizes=\"(max-width: 1242px) 100vw, 1242px\" \/><\/p>","protected":false},"excerpt":{"rendered":"<p>Chassis brand FAW Body dimensions(mm) 6230*2030*2750 Tank size(mm) 3800*1700*1200 Total mass(kg) 9100 Vehicle quality(kg) 4000 Rated load mass(kg) 4905 Engine<\/p>","protected":false},"featured_media":4496,"template":"","meta":[],"product_brand":[221],"product_cat":[176],"product_tag":[242,243,248,249],"class_list":{"0":"post-4491","1":"product","2":"type-product","3":"status-publish","4":"has-post-thumbnail","6":"product_brand-faw","7":"product_cat-tanker-trucks","8":"product_tag-fuel-tanker","9":"product_tag-oil-tanker-truck","10":"product_tag-6200l","11":"product_tag-tanker-truck","13":"first","14":"instock","15":"shipping-taxable","16":"product-type-simple"},"_links":{"self":[{"href":"https:\/\/ac-truck.com\/fr\/wp-json\/wp\/v2\/product\/4491","targetHints":{"allow":["GET"]}}],"collection":[{"href":"https:\/\/ac-truck.com\/fr\/wp-json\/wp\/v2\/product"}],"about":[{"href":"https:\/\/ac-truck.com\/fr\/wp-json\/wp\/v2\/types\/product"}],"version-history":[{"count":1,"href":"https:\/\/ac-truck.com\/fr\/wp-json\/wp\/v2\/product\/4491\/revisions"}],"predecessor-version":[{"id":4502,"href":"https:\/\/ac-truck.com\/fr\/wp-json\/wp\/v2\/product\/4491\/revisions\/4502"}],"wp:featuredmedia":[{"embeddable":true,"href":"https:\/\/ac-truck.com\/fr\/wp-json\/wp\/v2\/media\/4496"}],"wp:attachment":[{"href":"https:\/\/ac-truck.com\/fr\/wp-json\/wp\/v2\/media?parent=4491"}],"wp:term":[{"taxonomy":"product_brand","embeddable":true,"href":"https:\/\/ac-truck.com\/fr\/wp-json\/wp\/v2\/product_brand?post=4491"},{"taxonomy":"product_cat","embeddable":true,"href":"https:\/\/ac-truck.com\/fr\/wp-json\/wp\/v2\/product_cat?post=4491"},{"taxonomy":"product_tag","embeddable":true,"href":"https:\/\/ac-truck.com\/fr\/wp-json\/wp\/v2\/product_tag?post=4491"}],"curies":[{"name":"wp","href":"https:\/\/api.w.org\/{rel}","templated":true}]}}