{"id":4726,"date":"2025-09-13T15:35:54","date_gmt":"2025-09-13T07:35:54","guid":{"rendered":"https:\/\/ac-truck.com\/?post_type=product&#038;p=4726"},"modified":"2025-09-16T15:15:25","modified_gmt":"2025-09-16T07:15:25","slug":"4x4-all-terrain-off-road-fire-truck-shacman","status":"publish","type":"product","link":"https:\/\/ac-truck.com\/fr\/4x4-all-terrain-off-road-fire-truck-shacman.html","title":{"rendered":"Camion de pompiers tout-terrain 4X4 SHACMAN"},"content":{"rendered":"<table data-sort=\"sortDisabled\">\n<tbody>\n<tr class=\"firstRow\">\n<td align=\"center\" valign=\"top\" width=\"760\"><strong>Dimensions<\/strong><\/td>\n<td align=\"center\" valign=\"top\" width=\"760\">\u22646400\u00d72400\u00d73200mm<\/td>\n<\/tr>\n<tr>\n<td align=\"center\" valign=\"top\" width=\"760\"><strong>Vitesse maximale<\/strong><\/td>\n<td align=\"center\" valign=\"top\" width=\"760\">100km\/h<\/td>\n<\/tr>\n<tr>\n<td align=\"center\" valign=\"top\" width=\"760\"><strong>Angle d'approche\/angle de d\u00e9part<\/strong><\/td>\n<td align=\"center\" valign=\"top\" width=\"760\">\u226545\/45m<\/td>\n<\/tr>\n<tr>\n<td align=\"center\" valign=\"top\" width=\"760\"><strong>Maximum wading depth<\/strong><\/td>\n<td align=\"center\" valign=\"top\" width=\"760\">\u2265800L\/min<\/td>\n<\/tr>\n<tr>\n<td align=\"center\" valign=\"top\" width=\"760\"><strong>Capacit\u00e9 du r\u00e9servoir d'eau<\/strong><\/td>\n<td align=\"center\" valign=\"top\" width=\"760\">3000L<\/td>\n<\/tr>\n<tr>\n<td align=\"center\" valign=\"top\" width=\"760\"><strong>Capacit\u00e9 du r\u00e9servoir de mousse<\/strong><\/td>\n<td align=\"center\" valign=\"top\" width=\"760\">300L<\/td>\n<\/tr>\n<tr>\n<td align=\"center\" valign=\"top\" width=\"760\"><strong>D\u00e9bit de la pompe\/du pistolet<\/strong><\/td>\n<td align=\"center\" valign=\"top\" width=\"760\">30L\/s\u00a0 1.0Mpa<\/td>\n<\/tr>\n<tr>\n<td align=\"center\" valign=\"top\" width=\"760\"><strong>Rapport de mousse<\/strong><\/td>\n<td align=\"center\" valign=\"top\" width=\"760\">0.1~3%<\/td>\n<\/tr>\n<tr>\n<td align=\"center\" valign=\"top\" width=\"760\"><strong>Force de traction maximale<\/strong><\/td>\n<td align=\"center\" valign=\"top\" width=\"760\">50kN<\/td>\n<\/tr>\n<tr>\n<td colspan=\"2\" rowspan=\"1\" align=\"center\" valign=\"top\"><strong>autre<\/strong><\/p>\n<p>Le camion de pompiers tout-terrain \u00e0 intervention rapide est un v\u00e9hicule de secours num\u00e9rique sp\u00e9cialement con\u00e7u pour les routes en mauvais \u00e9tat, les espaces restreints et les camions de pompiers ordinaires difficiles d'acc\u00e8s \u00e0 temps. Il est dot\u00e9 d'une suspension ind\u00e9pendante et d'une transmission int\u00e9grale, offrant une excellente aptitude au passage \u00e0 gu\u00e9, une excellente aptitude au franchissement d'obstacles, une puissance \u00e9lev\u00e9e, une compacit\u00e9 et une bonne maniabilit\u00e9. Sa partie sup\u00e9rieure est \u00e9quip\u00e9e d'un syst\u00e8me compact de mousse \u00e0 air comprim\u00e9 \u00e0 faible consommation d'eau, d'articulations et d'\u00e9clairage, et convient aux op\u00e9rations de sauvetage et de lutte contre les incendies par tous les temps et sur tous les terrains.<\/p>\n<p>En raison de son excellente capacit\u00e9 tout-terrain et de ses excellentes fonctions de lutte contre les incendies et de sauvetage, il est tr\u00e8s adapt\u00e9 \u00e0 la lutte contre les incendies de for\u00eat et de prairie, au transport de mat\u00e9riaux et au sauvetage, et peut \u00e9galement \u00eatre utilis\u00e9 pour le sauvetage dans des endroits o\u00f9 les conditions routi\u00e8res sont mauvaises, comme les voies urbaines, les routes inond\u00e9es et les jonctions urbaines-rurales.<\/td>\n<\/tr>\n<tr>\n<td colspan=\"2\" rowspan=\"1\" align=\"center\" valign=\"top\">Ce ch\u00e2ssis Shacman 4\u00d74 peut \u00eatre modifi\u00e9 en : camion de pompiers, camping-car, v\u00e9hicule de sauvetage, etc.<\/p>\n<p>Il peut \u00eatre personnalis\u00e9 selon les exigences du client<\/p>\n<p>Des cabines \u00e0 une ou deux rang\u00e9es sont disponibles<\/td>\n<\/tr>\n<\/tbody>\n<\/table>","protected":false},"excerpt":{"rendered":"<p>Dimensions \u22646400\u00d72400\u00d73200mm Maximum speed 100km\/h Approach angle\/departure angle \u226545\/45m Maximum wading depth \u2265800L\/min Water tank capacity 3000L Foam tank capacity<\/p>","protected":false},"featured_media":4727,"template":"","meta":[],"product_brand":[247],"product_cat":[182],"product_tag":[259,278,279],"class_list":{"0":"post-4726","1":"product","2":"type-product","3":"status-publish","4":"has-post-thumbnail","6":"product_brand-shacman","7":"product_cat-fire-trucks","8":"product_tag-fire-truck","9":"product_tag-4x4","10":"product_tag-fire-engine","12":"first","13":"instock","14":"shipping-taxable","15":"product-type-simple"},"_links":{"self":[{"href":"https:\/\/ac-truck.com\/fr\/wp-json\/wp\/v2\/product\/4726","targetHints":{"allow":["GET"]}}],"collection":[{"href":"https:\/\/ac-truck.com\/fr\/wp-json\/wp\/v2\/product"}],"about":[{"href":"https:\/\/ac-truck.com\/fr\/wp-json\/wp\/v2\/types\/product"}],"version-history":[{"count":1,"href":"https:\/\/ac-truck.com\/fr\/wp-json\/wp\/v2\/product\/4726\/revisions"}],"predecessor-version":[{"id":4734,"href":"https:\/\/ac-truck.com\/fr\/wp-json\/wp\/v2\/product\/4726\/revisions\/4734"}],"wp:featuredmedia":[{"embeddable":true,"href":"https:\/\/ac-truck.com\/fr\/wp-json\/wp\/v2\/media\/4727"}],"wp:attachment":[{"href":"https:\/\/ac-truck.com\/fr\/wp-json\/wp\/v2\/media?parent=4726"}],"wp:term":[{"taxonomy":"product_brand","embeddable":true,"href":"https:\/\/ac-truck.com\/fr\/wp-json\/wp\/v2\/product_brand?post=4726"},{"taxonomy":"product_cat","embeddable":true,"href":"https:\/\/ac-truck.com\/fr\/wp-json\/wp\/v2\/product_cat?post=4726"},{"taxonomy":"product_tag","embeddable":true,"href":"https:\/\/ac-truck.com\/fr\/wp-json\/wp\/v2\/product_tag?post=4726"}],"curies":[{"name":"wp","href":"https:\/\/api.w.org\/{rel}","templated":true}]}}