{"id":4738,"date":"2025-09-15T09:18:26","date_gmt":"2025-09-15T01:18:26","guid":{"rendered":"https:\/\/ac-truck.com\/?post_type=product&#038;p=4738"},"modified":"2025-10-29T16:45:31","modified_gmt":"2025-10-29T08:45:31","slug":"juka-rear-double-bridge-foam-fire-truck-isuzu","status":"publish","type":"product","link":"https:\/\/ac-truck.com\/fr\/foam-fire-truck-isuzu.html","title":{"rendered":"Camion de pompiers en mousse ISUZU"},"content":{"rendered":"<table data-sort=\"sortDisabled\">\n<tbody>\n<tr class=\"firstRow\">\n<td colspan=\"1\" rowspan=\"1\" align=\"center\" valign=\"top\"><strong>Mod\u00e8le de ch\u00e2ssis<\/strong><\/td>\n<td colspan=\"1\" rowspan=\"1\" align=\"center\" valign=\"top\">Isuzu<\/td>\n<\/tr>\n<tr>\n<td colspan=\"1\" rowspan=\"1\" align=\"center\" valign=\"top\"><strong>Mod\u00e8le de moteur<\/strong><\/td>\n<td colspan=\"1\" rowspan=\"1\" align=\"center\" valign=\"top\">6UZ1-TCG61<\/td>\n<\/tr>\n<tr>\n<td colspan=\"1\" rowspan=\"1\" align=\"center\" valign=\"top\"><strong>Puissance du moteur<\/strong><\/td>\n<td colspan=\"1\" rowspan=\"1\" align=\"center\" valign=\"top\">279kw<\/td>\n<\/tr>\n<tr>\n<td align=\"center\" valign=\"top\" width=\"760\"><strong>D\u00e9bit de la pompe<\/strong><\/td>\n<td align=\"center\" valign=\"top\" width=\"760\">60L\/s 1.0MPa<\/td>\n<\/tr>\n<tr>\n<td align=\"center\" valign=\"top\" width=\"760\"><strong>D\u00e9bit du moniteur d'incendie<\/strong><\/td>\n<td align=\"center\" valign=\"top\" width=\"760\">32L\/s 0.8MPa<\/td>\n<\/tr>\n<tr>\n<td align=\"center\" valign=\"top\" width=\"760\"><strong>Gamme de moniteurs d'incendie<\/strong><\/td>\n<td align=\"center\" valign=\"top\" width=\"760\">eau \u2265 70 m; mousse \u2265 60 m<\/td>\n<\/tr>\n<tr>\n<td align=\"center\" valign=\"top\" width=\"760\"><strong>Capacidad del tanque de l\u00edquido<\/strong><\/td>\n<td align=\"center\" valign=\"top\" width=\"760\">eau 13000 litres, mousse 3000 litres<\/td>\n<\/tr>\n<tr>\n<td align=\"center\" valign=\"top\" width=\"760\"><strong>Conditions de travail applicables<\/strong><\/td>\n<td align=\"center\" valign=\"top\" width=\"760\">Lutte contre les incendies, approvisionnement en eau et distribution d'eau, bataille principale urbaine<\/td>\n<\/tr>\n<tr>\n<td colspan=\"2\" rowspan=\"1\" align=\"center\" valign=\"top\"><strong>autre\u00a0<\/strong><\/p>\n<p>Le camion-citerne \u00e0 mousse est un v\u00e9hicule de lutte contre les incendies dot\u00e9 d'une grande capacit\u00e9 de chargement et assurant l'approvisionnement en eau et l'extinction des incendies. Ce produit offre non seulement une fonction de combat individuel basse pression et haut d\u00e9bit pour r\u00e9pondre aux besoins de lutte contre les incendies dans les villes, les mines, les usines, les ports, et notamment les entrep\u00f4ts logistiques, mais peut \u00e9galement \u00eatre \u00e9quip\u00e9 d'un ensemble de camions-citerne et utilis\u00e9 conjointement pour r\u00e9pondre aux besoins de lutte contre les incendies d'immeubles de grande hauteur ou pour leur approvisionnement en eau.<\/td>\n<\/tr>\n<\/tbody>\n<\/table>\n<p><img fetchpriority=\"high\" decoding=\"async\" class=\"alignnone wp-image-4718 size-full\" src=\"https:\/\/ac-truck.com\/wp-content\/uploads\/2025\/09\/6-250F111125X09.jpg\" alt=\"camion de pompiers\" width=\"1400\" height=\"766\" srcset=\"https:\/\/ac-truck.com\/wp-content\/uploads\/2025\/09\/6-250F111125X09.jpg 1400w, https:\/\/ac-truck.com\/wp-content\/uploads\/2025\/09\/6-250F111125X09-300x164.jpg 300w, https:\/\/ac-truck.com\/wp-content\/uploads\/2025\/09\/6-250F111125X09-1024x560.jpg 1024w, https:\/\/ac-truck.com\/wp-content\/uploads\/2025\/09\/6-250F111125X09-768x420.jpg 768w, https:\/\/ac-truck.com\/wp-content\/uploads\/2025\/09\/6-250F111125X09-18x10.jpg 18w, https:\/\/ac-truck.com\/wp-content\/uploads\/2025\/09\/6-250F111125X09-600x328.jpg 600w, https:\/\/ac-truck.com\/wp-content\/uploads\/2025\/09\/6-250F111125X09-150x82.jpg 150w\" sizes=\"(max-width: 1400px) 100vw, 1400px\" \/> <img decoding=\"async\" class=\"alignnone wp-image-4724\" src=\"https:\/\/ac-truck.com\/wp-content\/uploads\/2025\/09\/4105-202412191703232285.jpg\" alt=\"Fire truck structure diagram\" width=\"1400\" height=\"1015\" srcset=\"https:\/\/ac-truck.com\/wp-content\/uploads\/2025\/09\/4105-202412191703232285.jpg 1440w, https:\/\/ac-truck.com\/wp-content\/uploads\/2025\/09\/4105-202412191703232285-300x218.jpg 300w, https:\/\/ac-truck.com\/wp-content\/uploads\/2025\/09\/4105-202412191703232285-1024x742.jpg 1024w, https:\/\/ac-truck.com\/wp-content\/uploads\/2025\/09\/4105-202412191703232285-768x557.jpg 768w, https:\/\/ac-truck.com\/wp-content\/uploads\/2025\/09\/4105-202412191703232285-18x12.jpg 18w, https:\/\/ac-truck.com\/wp-content\/uploads\/2025\/09\/4105-202412191703232285-600x435.jpg 600w, https:\/\/ac-truck.com\/wp-content\/uploads\/2025\/09\/4105-202412191703232285-150x109.jpg 150w\" sizes=\"(max-width: 1400px) 100vw, 1400px\" \/> <img decoding=\"async\" class=\"alignnone wp-image-4720\" src=\"https:\/\/ac-truck.com\/wp-content\/uploads\/2025\/09\/6-250F11113032S.png\" alt=\"Fire truck key components\" width=\"1400\" height=\"1316\" srcset=\"https:\/\/ac-truck.com\/wp-content\/uploads\/2025\/09\/6-250F11113032S.png 1230w, https:\/\/ac-truck.com\/wp-content\/uploads\/2025\/09\/6-250F11113032S-300x282.png 300w, https:\/\/ac-truck.com\/wp-content\/uploads\/2025\/09\/6-250F11113032S-1024x962.png 1024w, https:\/\/ac-truck.com\/wp-content\/uploads\/2025\/09\/6-250F11113032S-768x722.png 768w, https:\/\/ac-truck.com\/wp-content\/uploads\/2025\/09\/6-250F11113032S-13x12.png 13w, https:\/\/ac-truck.com\/wp-content\/uploads\/2025\/09\/6-250F11113032S-600x564.png 600w, https:\/\/ac-truck.com\/wp-content\/uploads\/2025\/09\/6-250F11113032S-150x141.png 150w\" sizes=\"(max-width: 1400px) 100vw, 1400px\" \/> <img loading=\"lazy\" decoding=\"async\" class=\"alignnone wp-image-4719\" src=\"https:\/\/ac-truck.com\/wp-content\/uploads\/2025\/09\/6-250F111130W19.png\" alt=\"Fire truck key components\" width=\"1400\" height=\"1298\" srcset=\"https:\/\/ac-truck.com\/wp-content\/uploads\/2025\/09\/6-250F111130W19.png 1230w, https:\/\/ac-truck.com\/wp-content\/uploads\/2025\/09\/6-250F111130W19-300x278.png 300w, https:\/\/ac-truck.com\/wp-content\/uploads\/2025\/09\/6-250F111130W19-1024x949.png 1024w, https:\/\/ac-truck.com\/wp-content\/uploads\/2025\/09\/6-250F111130W19-768x712.png 768w, https:\/\/ac-truck.com\/wp-content\/uploads\/2025\/09\/6-250F111130W19-13x12.png 13w, https:\/\/ac-truck.com\/wp-content\/uploads\/2025\/09\/6-250F111130W19-600x556.png 600w, https:\/\/ac-truck.com\/wp-content\/uploads\/2025\/09\/6-250F111130W19-150x139.png 150w\" sizes=\"(max-width: 1400px) 100vw, 1400px\" \/> <img loading=\"lazy\" decoding=\"async\" class=\"alignnone wp-image-4721\" src=\"https:\/\/ac-truck.com\/wp-content\/uploads\/2025\/09\/6-250F11113131Y.png\" alt=\"Fire truck key components\" width=\"1400\" height=\"1298\" srcset=\"https:\/\/ac-truck.com\/wp-content\/uploads\/2025\/09\/6-250F11113131Y.png 1230w, https:\/\/ac-truck.com\/wp-content\/uploads\/2025\/09\/6-250F11113131Y-300x278.png 300w, https:\/\/ac-truck.com\/wp-content\/uploads\/2025\/09\/6-250F11113131Y-1024x949.png 1024w, https:\/\/ac-truck.com\/wp-content\/uploads\/2025\/09\/6-250F11113131Y-768x712.png 768w, https:\/\/ac-truck.com\/wp-content\/uploads\/2025\/09\/6-250F11113131Y-13x12.png 13w, https:\/\/ac-truck.com\/wp-content\/uploads\/2025\/09\/6-250F11113131Y-600x556.png 600w, https:\/\/ac-truck.com\/wp-content\/uploads\/2025\/09\/6-250F11113131Y-150x139.png 150w\" sizes=\"(max-width: 1400px) 100vw, 1400px\" \/> <img loading=\"lazy\" decoding=\"async\" class=\"alignnone size-full wp-image-4722\" src=\"https:\/\/ac-truck.com\/wp-content\/uploads\/2025\/09\/6-2506301K125131.jpg\" alt=\"Fire truck operation panel\" width=\"1400\" height=\"852\" srcset=\"https:\/\/ac-truck.com\/wp-content\/uploads\/2025\/09\/6-2506301K125131.jpg 1400w, https:\/\/ac-truck.com\/wp-content\/uploads\/2025\/09\/6-2506301K125131-300x183.jpg 300w, https:\/\/ac-truck.com\/wp-content\/uploads\/2025\/09\/6-2506301K125131-1024x623.jpg 1024w, https:\/\/ac-truck.com\/wp-content\/uploads\/2025\/09\/6-2506301K125131-768x467.jpg 768w, https:\/\/ac-truck.com\/wp-content\/uploads\/2025\/09\/6-2506301K125131-18x12.jpg 18w, https:\/\/ac-truck.com\/wp-content\/uploads\/2025\/09\/6-2506301K125131-600x365.jpg 600w, https:\/\/ac-truck.com\/wp-content\/uploads\/2025\/09\/6-2506301K125131-150x91.jpg 150w\" sizes=\"(max-width: 1400px) 100vw, 1400px\" \/><\/p>","protected":false},"excerpt":{"rendered":"<p>Chassis model Isuzu Engine model 6UZ1-TCG61 Engine power 279kw Pump flow rate 60L\/s 1.0MPa Fire monitor flow rate 32L\/s 0.8MPa<\/p>","protected":false},"featured_media":4743,"template":"","meta":[],"product_brand":[213],"product_cat":[182],"product_tag":[259,279],"class_list":{"0":"post-4738","1":"product","2":"type-product","3":"status-publish","4":"has-post-thumbnail","6":"product_brand-isuzu","7":"product_cat-fire-trucks","8":"product_tag-fire-truck","9":"product_tag-fire-engine","11":"first","12":"instock","13":"shipping-taxable","14":"product-type-simple"},"_links":{"self":[{"href":"https:\/\/ac-truck.com\/fr\/wp-json\/wp\/v2\/product\/4738","targetHints":{"allow":["GET"]}}],"collection":[{"href":"https:\/\/ac-truck.com\/fr\/wp-json\/wp\/v2\/product"}],"about":[{"href":"https:\/\/ac-truck.com\/fr\/wp-json\/wp\/v2\/types\/product"}],"version-history":[{"count":3,"href":"https:\/\/ac-truck.com\/fr\/wp-json\/wp\/v2\/product\/4738\/revisions"}],"predecessor-version":[{"id":4993,"href":"https:\/\/ac-truck.com\/fr\/wp-json\/wp\/v2\/product\/4738\/revisions\/4993"}],"wp:featuredmedia":[{"embeddable":true,"href":"https:\/\/ac-truck.com\/fr\/wp-json\/wp\/v2\/media\/4743"}],"wp:attachment":[{"href":"https:\/\/ac-truck.com\/fr\/wp-json\/wp\/v2\/media?parent=4738"}],"wp:term":[{"taxonomy":"product_brand","embeddable":true,"href":"https:\/\/ac-truck.com\/fr\/wp-json\/wp\/v2\/product_brand?post=4738"},{"taxonomy":"product_cat","embeddable":true,"href":"https:\/\/ac-truck.com\/fr\/wp-json\/wp\/v2\/product_cat?post=4738"},{"taxonomy":"product_tag","embeddable":true,"href":"https:\/\/ac-truck.com\/fr\/wp-json\/wp\/v2\/product_tag?post=4738"}],"curies":[{"name":"wp","href":"https:\/\/api.w.org\/{rel}","templated":true}]}}