{"id":4810,"date":"2025-09-13T17:10:18","date_gmt":"2025-09-13T09:10:18","guid":{"rendered":"https:\/\/ac-truck.com\/?post_type=product&#038;p=4810"},"modified":"2025-09-17T14:49:49","modified_gmt":"2025-09-17T06:49:49","slug":"4x2-water-tank-fire-truck-isuzu","status":"publish","type":"product","link":"https:\/\/ac-truck.com\/fr\/water-tank-fire-truck-isuzu.html","title":{"rendered":"Camion de pompiers avec r\u00e9servoir d'eau ISUZU"},"content":{"rendered":"<table data-sort=\"sortDisabled\">\n<tbody>\n<tr class=\"firstRow\">\n<td align=\"center\" valign=\"bottom\" width=\"760\"><strong>D\u00e9bit de la pompe<\/strong><\/td>\n<td align=\"center\" valign=\"bottom\" width=\"760\">\u226530L\/s\u00a0 \u00a01.0MPa<\/td>\n<\/tr>\n<tr>\n<td align=\"center\" valign=\"bottom\" width=\"760\"><strong>flux du canon principal<\/strong><\/td>\n<td align=\"center\" valign=\"bottom\" width=\"760\">\u226530L\/s\u00a0\u00a0\u00a01.0MPa<\/td>\n<\/tr>\n<tr>\n<td colspan=\"1\" rowspan=\"1\" align=\"center\" valign=\"bottom\"><strong>Longueur de la plage<\/strong><\/td>\n<td colspan=\"1\" rowspan=\"1\" align=\"center\" valign=\"bottom\">\u226555m<\/td>\n<\/tr>\n<tr>\n<td align=\"center\" valign=\"bottom\" width=\"760\"><strong>Capacidad del tanque de l\u00edquido<\/strong><\/td>\n<td align=\"center\" valign=\"bottom\" width=\"760\">Liquide porteur 3,5 tonnes (eau \u2265 3,5 tonnes)<\/td>\n<\/tr>\n<tr>\n<td align=\"center\" valign=\"bottom\" width=\"760\"><strong>Conditions de travail applicables<\/strong><\/td>\n<td align=\"center\" valign=\"bottom\" width=\"760\">Extinction d'incendie, approvisionnement en eau et transport<\/td>\n<\/tr>\n<tr>\n<td colspan=\"2\" rowspan=\"1\" valign=\"top\"><strong>autre<\/strong><\/p>\n<p>Le camion de pompiers \u00e0 mousse \u00e0 air comprim\u00e9 est un v\u00e9hicule de lutte contre l'incendie multifonctionnel qui int\u00e8gre de multiples fonctions telles que l'\u00e9clairage, la traction, le sauvetage et la lutte contre l'incendie. Il est adapt\u00e9 \u00e0 la lutte contre les incendies dans les b\u00e2timents urbains, les maisons r\u00e9sidentielles, les centres commerciaux et autres b\u00e2timents. C'est le premier v\u00e9hicule d\u00e9p\u00each\u00e9 sur les accidents de s\u00e9curit\u00e9 publique importants tels que les accidents de la circulation urbaine, les effondrements de b\u00e2timents, les catastrophes sismiques et les personnes en d\u00e9tresse.<\/td>\n<\/tr>\n<\/tbody>\n<\/table>\n<p><img fetchpriority=\"high\" decoding=\"async\" class=\"alignnone size-full wp-image-4718\" src=\"https:\/\/ac-truck.com\/wp-content\/uploads\/2025\/09\/6-250F111125X09.jpg\" alt=\"camion de pompiers\" width=\"1400\" height=\"766\" srcset=\"https:\/\/ac-truck.com\/wp-content\/uploads\/2025\/09\/6-250F111125X09.jpg 1400w, https:\/\/ac-truck.com\/wp-content\/uploads\/2025\/09\/6-250F111125X09-300x164.jpg 300w, https:\/\/ac-truck.com\/wp-content\/uploads\/2025\/09\/6-250F111125X09-1024x560.jpg 1024w, https:\/\/ac-truck.com\/wp-content\/uploads\/2025\/09\/6-250F111125X09-768x420.jpg 768w, https:\/\/ac-truck.com\/wp-content\/uploads\/2025\/09\/6-250F111125X09-18x10.jpg 18w, https:\/\/ac-truck.com\/wp-content\/uploads\/2025\/09\/6-250F111125X09-600x328.jpg 600w, https:\/\/ac-truck.com\/wp-content\/uploads\/2025\/09\/6-250F111125X09-150x82.jpg 150w\" sizes=\"(max-width: 1400px) 100vw, 1400px\" \/> <img decoding=\"async\" class=\"alignnone wp-image-4724\" src=\"https:\/\/ac-truck.com\/wp-content\/uploads\/2025\/09\/4105-202412191703232285.jpg\" alt=\"Fire truck structure diagram\" width=\"1400\" height=\"1015\" srcset=\"https:\/\/ac-truck.com\/wp-content\/uploads\/2025\/09\/4105-202412191703232285.jpg 1440w, https:\/\/ac-truck.com\/wp-content\/uploads\/2025\/09\/4105-202412191703232285-300x218.jpg 300w, https:\/\/ac-truck.com\/wp-content\/uploads\/2025\/09\/4105-202412191703232285-1024x742.jpg 1024w, https:\/\/ac-truck.com\/wp-content\/uploads\/2025\/09\/4105-202412191703232285-768x557.jpg 768w, https:\/\/ac-truck.com\/wp-content\/uploads\/2025\/09\/4105-202412191703232285-18x12.jpg 18w, https:\/\/ac-truck.com\/wp-content\/uploads\/2025\/09\/4105-202412191703232285-600x435.jpg 600w, https:\/\/ac-truck.com\/wp-content\/uploads\/2025\/09\/4105-202412191703232285-150x109.jpg 150w\" sizes=\"(max-width: 1400px) 100vw, 1400px\" \/> <img decoding=\"async\" class=\"alignnone wp-image-4720\" src=\"https:\/\/ac-truck.com\/wp-content\/uploads\/2025\/09\/6-250F11113032S.png\" alt=\"Fire truck key components\" width=\"1400\" height=\"1316\" srcset=\"https:\/\/ac-truck.com\/wp-content\/uploads\/2025\/09\/6-250F11113032S.png 1230w, https:\/\/ac-truck.com\/wp-content\/uploads\/2025\/09\/6-250F11113032S-300x282.png 300w, https:\/\/ac-truck.com\/wp-content\/uploads\/2025\/09\/6-250F11113032S-1024x962.png 1024w, https:\/\/ac-truck.com\/wp-content\/uploads\/2025\/09\/6-250F11113032S-768x722.png 768w, https:\/\/ac-truck.com\/wp-content\/uploads\/2025\/09\/6-250F11113032S-13x12.png 13w, https:\/\/ac-truck.com\/wp-content\/uploads\/2025\/09\/6-250F11113032S-600x564.png 600w, https:\/\/ac-truck.com\/wp-content\/uploads\/2025\/09\/6-250F11113032S-150x141.png 150w\" sizes=\"(max-width: 1400px) 100vw, 1400px\" \/> <img loading=\"lazy\" decoding=\"async\" class=\"alignnone wp-image-4719\" src=\"https:\/\/ac-truck.com\/wp-content\/uploads\/2025\/09\/6-250F111130W19.png\" alt=\"Fire truck key components\" width=\"1400\" height=\"1298\" srcset=\"https:\/\/ac-truck.com\/wp-content\/uploads\/2025\/09\/6-250F111130W19.png 1230w, https:\/\/ac-truck.com\/wp-content\/uploads\/2025\/09\/6-250F111130W19-300x278.png 300w, https:\/\/ac-truck.com\/wp-content\/uploads\/2025\/09\/6-250F111130W19-1024x949.png 1024w, https:\/\/ac-truck.com\/wp-content\/uploads\/2025\/09\/6-250F111130W19-768x712.png 768w, https:\/\/ac-truck.com\/wp-content\/uploads\/2025\/09\/6-250F111130W19-13x12.png 13w, https:\/\/ac-truck.com\/wp-content\/uploads\/2025\/09\/6-250F111130W19-600x556.png 600w, https:\/\/ac-truck.com\/wp-content\/uploads\/2025\/09\/6-250F111130W19-150x139.png 150w\" sizes=\"(max-width: 1400px) 100vw, 1400px\" \/> <img loading=\"lazy\" decoding=\"async\" class=\"alignnone wp-image-4721\" src=\"https:\/\/ac-truck.com\/wp-content\/uploads\/2025\/09\/6-250F11113131Y.png\" alt=\"Fire truck key components\" width=\"1400\" height=\"1298\" srcset=\"https:\/\/ac-truck.com\/wp-content\/uploads\/2025\/09\/6-250F11113131Y.png 1230w, https:\/\/ac-truck.com\/wp-content\/uploads\/2025\/09\/6-250F11113131Y-300x278.png 300w, https:\/\/ac-truck.com\/wp-content\/uploads\/2025\/09\/6-250F11113131Y-1024x949.png 1024w, https:\/\/ac-truck.com\/wp-content\/uploads\/2025\/09\/6-250F11113131Y-768x712.png 768w, https:\/\/ac-truck.com\/wp-content\/uploads\/2025\/09\/6-250F11113131Y-13x12.png 13w, https:\/\/ac-truck.com\/wp-content\/uploads\/2025\/09\/6-250F11113131Y-600x556.png 600w, https:\/\/ac-truck.com\/wp-content\/uploads\/2025\/09\/6-250F11113131Y-150x139.png 150w\" sizes=\"(max-width: 1400px) 100vw, 1400px\" \/> <img loading=\"lazy\" decoding=\"async\" class=\"alignnone size-full wp-image-4722\" src=\"https:\/\/ac-truck.com\/wp-content\/uploads\/2025\/09\/6-2506301K125131.jpg\" alt=\"Fire truck operation panel\" width=\"1400\" height=\"852\" srcset=\"https:\/\/ac-truck.com\/wp-content\/uploads\/2025\/09\/6-2506301K125131.jpg 1400w, https:\/\/ac-truck.com\/wp-content\/uploads\/2025\/09\/6-2506301K125131-300x183.jpg 300w, https:\/\/ac-truck.com\/wp-content\/uploads\/2025\/09\/6-2506301K125131-1024x623.jpg 1024w, https:\/\/ac-truck.com\/wp-content\/uploads\/2025\/09\/6-2506301K125131-768x467.jpg 768w, https:\/\/ac-truck.com\/wp-content\/uploads\/2025\/09\/6-2506301K125131-18x12.jpg 18w, https:\/\/ac-truck.com\/wp-content\/uploads\/2025\/09\/6-2506301K125131-600x365.jpg 600w, https:\/\/ac-truck.com\/wp-content\/uploads\/2025\/09\/6-2506301K125131-150x91.jpg 150w\" sizes=\"(max-width: 1400px) 100vw, 1400px\" \/><\/p>","protected":false},"excerpt":{"rendered":"<p>Pump flow \u226530L\/s\u00a0 \u00a01.0MPa main gun flow \u226530L\/s\u00a0\u00a0\u00a01.0MPa Range length \u226555m Liquid tank capacity Carrier liquid 3.5 \u00a0 tons (water\u00a0\u2265\u00a03.5<\/p>","protected":false},"featured_media":4817,"template":"","meta":[],"product_brand":[213],"product_cat":[182],"product_tag":[259,279,280],"class_list":{"0":"post-4810","1":"product","2":"type-product","3":"status-publish","4":"has-post-thumbnail","6":"product_brand-isuzu","7":"product_cat-fire-trucks","8":"product_tag-fire-truck","9":"product_tag-fire-engine","10":"product_tag-foam-fire-truck","12":"first","13":"instock","14":"shipping-taxable","15":"product-type-simple"},"_links":{"self":[{"href":"https:\/\/ac-truck.com\/fr\/wp-json\/wp\/v2\/product\/4810","targetHints":{"allow":["GET"]}}],"collection":[{"href":"https:\/\/ac-truck.com\/fr\/wp-json\/wp\/v2\/product"}],"about":[{"href":"https:\/\/ac-truck.com\/fr\/wp-json\/wp\/v2\/types\/product"}],"version-history":[{"count":3,"href":"https:\/\/ac-truck.com\/fr\/wp-json\/wp\/v2\/product\/4810\/revisions"}],"predecessor-version":[{"id":5007,"href":"https:\/\/ac-truck.com\/fr\/wp-json\/wp\/v2\/product\/4810\/revisions\/5007"}],"wp:featuredmedia":[{"embeddable":true,"href":"https:\/\/ac-truck.com\/fr\/wp-json\/wp\/v2\/media\/4817"}],"wp:attachment":[{"href":"https:\/\/ac-truck.com\/fr\/wp-json\/wp\/v2\/media?parent=4810"}],"wp:term":[{"taxonomy":"product_brand","embeddable":true,"href":"https:\/\/ac-truck.com\/fr\/wp-json\/wp\/v2\/product_brand?post=4810"},{"taxonomy":"product_cat","embeddable":true,"href":"https:\/\/ac-truck.com\/fr\/wp-json\/wp\/v2\/product_cat?post=4810"},{"taxonomy":"product_tag","embeddable":true,"href":"https:\/\/ac-truck.com\/fr\/wp-json\/wp\/v2\/product_tag?post=4810"}],"curies":[{"name":"wp","href":"https:\/\/api.w.org\/{rel}","templated":true}]}}