{"id":5741,"date":"2025-11-06T14:20:43","date_gmt":"2025-11-06T06:20:43","guid":{"rendered":"https:\/\/ac-truck.com\/?post_type=product&#038;p=5741"},"modified":"2026-01-22T17:41:09","modified_gmt":"2026-01-22T09:41:09","slug":"26-foot-refrigerated-truck-isuzu","status":"publish","type":"product","link":"https:\/\/ac-truck.com\/fr\/26-foot-refrigerated-truck-isuzu.html","title":{"rendered":"Camion frigorifique ISUZU de 26 pieds"},"content":{"rendered":"<div data-elementor-type=\"product-post\" data-elementor-id=\"5741\" class=\"elementor elementor-5741\" data-elementor-post-type=\"product\">\n\t\t\t\t<div class=\"wd-negative-gap elementor-element elementor-element-2511c410 e-flex e-con-boxed e-con e-parent\" data-id=\"2511c410\" data-element_type=\"container\">\n\t\t\t\t\t<div class=\"e-con-inner\">\n\t\t<div class=\"elementor-element elementor-element-eb73d93 e-con-full e-flex e-con e-child\" data-id=\"eb73d93\" data-element_type=\"container\">\n\t\t\t\t<div class=\"elementor-element elementor-element-bdb6040 wd-width-100 elementor-widget elementor-widget-wd_video\" data-id=\"bdb6040\" data-element_type=\"widget\" data-widget_type=\"wd_video.default\">\n\t\t\t\t<div class=\"elementor-widget-container\">\n\t\t\t\t\t\n\t\t<div class=\"wd-el-video wd-action-without wd-video-hosted wd-with-aspect-ratio\">\n\t\t\t\t\t\t\t<video src=\"https:\/\/ac-truck.com\/wp-content\/uploads\/2025\/11\/VIDEO_20260122_161416.mp4\" playsinline controls preload=\"metadata\"><\/video>\t\t\t\n\t\t\t\n\t\t\t\n\t\t\t\t\t<\/div>\n\t\t\t\t\t\t<\/div>\n\t\t\t\t<\/div>\n\t\t\t\t<\/div>\n\t\t\t\t<div class=\"elementor-element elementor-element-374b8a51 color-scheme-inherit text-left elementor-widget elementor-widget-text-editor\" data-id=\"374b8a51\" data-element_type=\"widget\" data-widget_type=\"text-editor.default\">\n\t\t\t\t<div class=\"elementor-widget-container\">\n\t\t\t\t\t\t\t\t\t<h1><img fetchpriority=\"high\" decoding=\"async\" class=\"wp-image-5748 aligncenter\" src=\"https:\/\/ac-truck.com\/wp-content\/uploads\/2025\/11\/\u51b7\u85cf\u8f66\u8be6\u60c5\u9875_01-\u62f7\u8d1d.webp\" alt=\"\" width=\"1234\" height=\"1601\" srcset=\"https:\/\/ac-truck.com\/wp-content\/uploads\/2025\/11\/\u51b7\u85cf\u8f66\u8be6\u60c5\u9875_01-\u62f7\u8d1d.webp 790w, https:\/\/ac-truck.com\/wp-content\/uploads\/2025\/11\/\u51b7\u85cf\u8f66\u8be6\u60c5\u9875_01-\u62f7\u8d1d-231x300.webp 231w, https:\/\/ac-truck.com\/wp-content\/uploads\/2025\/11\/\u51b7\u85cf\u8f66\u8be6\u60c5\u9875_01-\u62f7\u8d1d-768x996.webp 768w, https:\/\/ac-truck.com\/wp-content\/uploads\/2025\/11\/\u51b7\u85cf\u8f66\u8be6\u60c5\u9875_01-\u62f7\u8d1d-9x12.webp 9w, https:\/\/ac-truck.com\/wp-content\/uploads\/2025\/11\/\u51b7\u85cf\u8f66\u8be6\u60c5\u9875_01-\u62f7\u8d1d-600x778.webp 600w, https:\/\/ac-truck.com\/wp-content\/uploads\/2025\/11\/\u51b7\u85cf\u8f66\u8be6\u60c5\u9875_01-\u62f7\u8d1d-150x195.webp 150w\" sizes=\"(max-width: 1234px) 100vw, 1234px\" \/><\/h1>\r\n<h1 style=\"text-align: center;\"><strong>PARAM\u00c8TRES DU PRODUIT<\/strong><\/h1>\r\n<img decoding=\"async\" class=\"aligncenter wp-image-5749\" src=\"https:\/\/ac-truck.com\/wp-content\/uploads\/2025\/11\/\u51b7\u85cf\u8f66\u8be6\u60c5\u9875_03-\u62f7\u8d1d.webp\" alt=\"\" width=\"1234\" height=\"453\" srcset=\"https:\/\/ac-truck.com\/wp-content\/uploads\/2025\/11\/\u51b7\u85cf\u8f66\u8be6\u60c5\u9875_03-\u62f7\u8d1d.webp 790w, https:\/\/ac-truck.com\/wp-content\/uploads\/2025\/11\/\u51b7\u85cf\u8f66\u8be6\u60c5\u9875_03-\u62f7\u8d1d-300x110.webp 300w, https:\/\/ac-truck.com\/wp-content\/uploads\/2025\/11\/\u51b7\u85cf\u8f66\u8be6\u60c5\u9875_03-\u62f7\u8d1d-768x282.webp 768w, https:\/\/ac-truck.com\/wp-content\/uploads\/2025\/11\/\u51b7\u85cf\u8f66\u8be6\u60c5\u9875_03-\u62f7\u8d1d-18x7.webp 18w, https:\/\/ac-truck.com\/wp-content\/uploads\/2025\/11\/\u51b7\u85cf\u8f66\u8be6\u60c5\u9875_03-\u62f7\u8d1d-600x220.webp 600w, https:\/\/ac-truck.com\/wp-content\/uploads\/2025\/11\/\u51b7\u85cf\u8f66\u8be6\u60c5\u9875_03-\u62f7\u8d1d-150x55.webp 150w\" sizes=\"(max-width: 1234px) 100vw, 1234px\" \/>\r\n<h2 style=\"text-align: center;\">Camion frigorifique ISUZU de 26 pieds<\/h2>\r\n&nbsp;\r\n<table style=\"height: 1118px;\" width=\"935\">\r\n<tbody>\r\n<tr>\r\n<td width=\"125\">\r\n<h5><strong>projet<\/strong><\/h5>\r\n<\/td>\r\n<td width=\"282\">\r\n<h5><strong>Descriptions<\/strong><\/h5>\r\n<\/td>\r\n<td width=\"291\">\r\n<h5><strong>Caract\u00e9ristiques<\/strong><\/h5>\r\n<\/td>\r\n<\/tr>\r\n<tr>\r\n<td rowspan=\"4\" width=\"125\">\r\n<h5><strong>G\u00e9n\u00e9ral<\/strong><\/h5>\r\n<\/td>\r\n<td width=\"282\">\r\n<h5><strong>Dimensions hors tout (mm)<\/strong><\/h5>\r\n<\/td>\r\n<td width=\"291\">\r\n<h5><strong>10350*2600*3890<\/strong><\/h5>\r\n<\/td>\r\n<\/tr>\r\n<tr>\r\n<td width=\"282\">\r\n<h5><strong>poids \u00e0 vide (kg)<\/strong><\/h5>\r\n<\/td>\r\n<td width=\"291\">\r\n<h5><strong>11000<\/strong><\/h5>\r\n<\/td>\r\n<\/tr>\r\n<tr>\r\n<td width=\"282\">\r\n<h5><strong>Capacit\u00e9 de charge (kg)<\/strong><\/h5>\r\n<\/td>\r\n<td width=\"291\">\r\n<h5><strong>13870<\/strong><\/h5>\r\n<\/td>\r\n<\/tr>\r\n<tr>\r\n<td width=\"282\">\r\n<h5><strong>Masse totale (kg)<\/strong><\/h5>\r\n<\/td>\r\n<td width=\"291\">\r\n<h5><strong>25000<\/strong><\/h5>\r\n<\/td>\r\n<\/tr>\r\n<tr>\r\n<td rowspan=\"2\" width=\"125\">\r\n<h5><strong>bo\u00eete r\u00e9frig\u00e9r\u00e9e<\/strong><\/h5>\r\n<h5><\/h5>\r\n<\/td>\r\n<td width=\"282\">\r\n<h5><strong>Dimensions de la caisse de chargement (mm)<\/strong><\/h5>\r\n<\/td>\r\n<td width=\"291\">\r\n<h5><strong>7850*2420*2500<\/strong><\/h5>\r\n<\/td>\r\n<\/tr>\r\n<tr>\r\n<td width=\"282\">\r\n<h5><strong>Volume de la bo\u00eete (m\u00b3)<\/strong><\/h5>\r\n<\/td>\r\n<td width=\"291\">\r\n<h5><strong>47.5<\/strong><\/h5>\r\n<\/td>\r\n<\/tr>\r\n<tr>\r\n<td rowspan=\"2\" width=\"125\">\r\n<h5><strong>unit\u00e9 de r\u00e9frig\u00e9ration<\/strong><\/h5>\r\n<\/td>\r\n<td width=\"282\">\r\n<h5><strong>Marque de r\u00e9frig\u00e9rateur<\/strong><\/h5>\r\n<\/td>\r\n<td width=\"291\">\r\n<h5><strong>Unit\u00e9s Thermo King<\/strong><\/h5>\r\n<\/td>\r\n<\/tr>\r\n<tr>\r\n<td width=\"282\">\r\n<h5><strong>temperature:<\/strong><\/h5>\r\n<\/td>\r\n<td width=\"291\">\r\n<h5><strong>0\u2103\/-18\u2103<\/strong><\/h5>\r\n<\/td>\r\n<\/tr>\r\n<tr>\r\n<td rowspan=\"8\" width=\"125\">\r\n<h5><strong>Ch\u00e2ssis<\/strong><\/h5>\r\n<h5><\/h5>\r\n<\/td>\r\n<td width=\"282\">\r\n<h5><strong>Marque du ch\u00e2ssis<\/strong><\/h5>\r\n<\/td>\r\n<td width=\"291\">\r\n<h5><strong>ISUZU<\/strong><\/h5>\r\n<\/td>\r\n<\/tr>\r\n<tr>\r\n<td width=\"282\">\r\n<h5><strong>Formulaire de conducteur<\/strong><\/h5>\r\n<\/td>\r\n<td width=\"291\">\r\n<h5><strong>6*4<\/strong><\/h5>\r\n<\/td>\r\n<\/tr>\r\n<tr>\r\n<td width=\"282\">\r\n<h5><strong>Volant<\/strong><\/h5>\r\n<\/td>\r\n<td width=\"291\">\r\n<h5><strong>Conduite \u00e0 gauche<\/strong><\/h5>\r\n<\/td>\r\n<\/tr>\r\n<tr>\r\n<td width=\"282\">\r\n<h5><strong>Empattement (mm)<\/strong><\/h5>\r\n<\/td>\r\n<td width=\"291\">\r\n<h5><strong>5100+1370<\/strong><\/h5>\r\n<\/td>\r\n<\/tr>\r\n<tr>\r\n<td width=\"282\">\r\n<h5><strong>Puissance maximale du moteur (kW)<\/strong><\/h5>\r\n<\/td>\r\n<td width=\"291\">\r\n<h5><strong>221<\/strong><\/h5>\r\n<\/td>\r\n<\/tr>\r\n<tr>\r\n<td width=\"282\">\r\n<h5><strong>Normes d&#039;\u00e9mission<\/strong><\/h5>\r\n<\/td>\r\n<td width=\"291\">\r\n<h5><strong>Euro 6<\/strong><\/h5>\r\n<\/td>\r\n<\/tr>\r\n<tr>\r\n<td width=\"282\">\r\n<h5><strong>Type de carburant<\/strong><\/h5>\r\n<\/td>\r\n<td width=\"291\">\r\n<h5><strong>Diesel<\/strong><\/h5>\r\n<\/td>\r\n<\/tr>\r\n<tr>\r\n<td width=\"282\">\r\n<h5><strong>Bo\u00eete de vitesse<\/strong><\/h5>\r\n<\/td>\r\n<td width=\"291\">\r\n<h5><strong>bo\u00eete de vitesses \u00e0 9 rapports<\/strong><\/h5>\r\n<\/td>\r\n<\/tr>\r\n<\/tbody>\r\n<\/table>\r\n<h1 style=\"text-align: center;\">MOD\u00c8LES DE TAILLE DE BO\u00ceTE<\/h1>\r\n<img decoding=\"async\" class=\"wp-image-5750 aligncenter\" src=\"https:\/\/ac-truck.com\/wp-content\/uploads\/2025\/11\/\u51b7\u85cf\u8f66\u8be6\u60c5\u9875_05-\u62f7\u8d1d.webp\" alt=\"\" width=\"1234\" height=\"997\" srcset=\"https:\/\/ac-truck.com\/wp-content\/uploads\/2025\/11\/\u51b7\u85cf\u8f66\u8be6\u60c5\u9875_05-\u62f7\u8d1d.webp 790w, https:\/\/ac-truck.com\/wp-content\/uploads\/2025\/11\/\u51b7\u85cf\u8f66\u8be6\u60c5\u9875_05-\u62f7\u8d1d-300x242.webp 300w, https:\/\/ac-truck.com\/wp-content\/uploads\/2025\/11\/\u51b7\u85cf\u8f66\u8be6\u60c5\u9875_05-\u62f7\u8d1d-768x620.webp 768w, https:\/\/ac-truck.com\/wp-content\/uploads\/2025\/11\/\u51b7\u85cf\u8f66\u8be6\u60c5\u9875_05-\u62f7\u8d1d-15x12.webp 15w, https:\/\/ac-truck.com\/wp-content\/uploads\/2025\/11\/\u51b7\u85cf\u8f66\u8be6\u60c5\u9875_05-\u62f7\u8d1d-600x485.webp 600w, https:\/\/ac-truck.com\/wp-content\/uploads\/2025\/11\/\u51b7\u85cf\u8f66\u8be6\u60c5\u9875_05-\u62f7\u8d1d-150x121.webp 150w\" sizes=\"(max-width: 1234px) 100vw, 1234px\" \/> <img loading=\"lazy\" decoding=\"async\" class=\"wp-image-5751 aligncenter\" src=\"https:\/\/ac-truck.com\/wp-content\/uploads\/2025\/11\/\u51b7\u85cf\u8f66\u8be6\u60c5\u9875_06-\u62f7\u8d1d.webp\" alt=\"\" width=\"1234\" height=\"2124\" srcset=\"https:\/\/ac-truck.com\/wp-content\/uploads\/2025\/11\/\u51b7\u85cf\u8f66\u8be6\u60c5\u9875_06-\u62f7\u8d1d.webp 790w, https:\/\/ac-truck.com\/wp-content\/uploads\/2025\/11\/\u51b7\u85cf\u8f66\u8be6\u60c5\u9875_06-\u62f7\u8d1d-174x300.webp 174w, https:\/\/ac-truck.com\/wp-content\/uploads\/2025\/11\/\u51b7\u85cf\u8f66\u8be6\u60c5\u9875_06-\u62f7\u8d1d-595x1024.webp 595w, https:\/\/ac-truck.com\/wp-content\/uploads\/2025\/11\/\u51b7\u85cf\u8f66\u8be6\u60c5\u9875_06-\u62f7\u8d1d-768x1322.webp 768w, https:\/\/ac-truck.com\/wp-content\/uploads\/2025\/11\/\u51b7\u85cf\u8f66\u8be6\u60c5\u9875_06-\u62f7\u8d1d-7x12.webp 7w, https:\/\/ac-truck.com\/wp-content\/uploads\/2025\/11\/\u51b7\u85cf\u8f66\u8be6\u60c5\u9875_06-\u62f7\u8d1d-600x1033.webp 600w, https:\/\/ac-truck.com\/wp-content\/uploads\/2025\/11\/\u51b7\u85cf\u8f66\u8be6\u60c5\u9875_06-\u62f7\u8d1d-150x258.webp 150w\" sizes=\"(max-width: 1234px) 100vw, 1234px\" \/>\r\n\r\n<strong>1. Caisse frigorifique standard<\/strong>\r\n<strong>2. Canal de ventilation du corps de la bo\u00eete r\u00e9frig\u00e9r\u00e9e<\/strong>\r\n<strong>3. Corps de caisse r\u00e9frig\u00e9r\u00e9e avec rail \u00e0 crochets pour viande<\/strong>\r\n<strong>4. Meat hook single &#8211; track ventilation trough box body<\/strong>\r\n<strong>5. Meat hook multi &#8211; track ventilation trough box body<\/strong>\r\n<strong>6. All &#8211; stainless -steel refrigerated box body<\/strong>\r\n<strong>7. Goulotte de ventilation pour crochet \u00e0 viande - Corps de bo\u00eete r\u00e9frig\u00e9r\u00e9e en acier inoxydable<\/strong>\r\n<strong>8. V\u00e9hicule de transport de poissons vivants, caisse r\u00e9frig\u00e9r\u00e9e<\/strong>\r\n<strong>9. Shelf &#8211; type refrigerated box body<\/strong>\r\n<strong>10. Chick temperature &#8211; controlled refrigerated box body<\/strong>\r\n<strong>11.Compartment &#8211; separated dual-temperature refrigerat.ed box body<\/strong>\r\n<h1 style=\"text-align: center;\">CONFIGURATION DU REFROIDISSEUR<\/h1>\r\n<img loading=\"lazy\" decoding=\"async\" class=\"wp-image-5752 aligncenter\" src=\"https:\/\/ac-truck.com\/wp-content\/uploads\/2025\/11\/\u51b7\u85cf\u8f66\u8be6\u60c5\u9875_08-\u62f7\u8d1d.webp\" alt=\"\" width=\"1234\" height=\"1237\" srcset=\"https:\/\/ac-truck.com\/wp-content\/uploads\/2025\/11\/\u51b7\u85cf\u8f66\u8be6\u60c5\u9875_08-\u62f7\u8d1d.webp 790w, https:\/\/ac-truck.com\/wp-content\/uploads\/2025\/11\/\u51b7\u85cf\u8f66\u8be6\u60c5\u9875_08-\u62f7\u8d1d-300x300.webp 300w, https:\/\/ac-truck.com\/wp-content\/uploads\/2025\/11\/\u51b7\u85cf\u8f66\u8be6\u60c5\u9875_08-\u62f7\u8d1d-150x150.webp 150w, https:\/\/ac-truck.com\/wp-content\/uploads\/2025\/11\/\u51b7\u85cf\u8f66\u8be6\u60c5\u9875_08-\u62f7\u8d1d-768x770.webp 768w, https:\/\/ac-truck.com\/wp-content\/uploads\/2025\/11\/\u51b7\u85cf\u8f66\u8be6\u60c5\u9875_08-\u62f7\u8d1d-12x12.webp 12w, https:\/\/ac-truck.com\/wp-content\/uploads\/2025\/11\/\u51b7\u85cf\u8f66\u8be6\u60c5\u9875_08-\u62f7\u8d1d-600x602.webp 600w\" sizes=\"(max-width: 1234px) 100vw, 1234px\" \/>\r\n\r\n<strong>THERMO KING<\/strong>\r\n<strong>Alimentation \u00e9lectrique ind\u00e9pendante. Faible consommation de carburant, refroidissement puissant. Utilisation et maintenance faciles.<\/strong>\r\n\r\n<strong>TRANSPORTEUR<\/strong>\r\n<strong>Unit\u00e9s frigorifiques ind\u00e9pendantes, entra\u00een\u00e9es par un moteur int\u00e9gr\u00e9, avec condenseur, \u00e9changeur de chaleur, tuyaux en cuivre et compresseurs performants, am\u00e9liorant l'efficacit\u00e9 de l'unit\u00e9 et r\u00e9duisant la consommation de carburant, transportant diff\u00e9rents types de marchandises et disposant d'une fonction de d\u00e9givrage plus efficace.<\/strong>\r\n<h1 style=\"text-align: center;\">MAT\u00c9RIAU D'ISOLATION THERMIQUE<\/h1>\r\n<img loading=\"lazy\" decoding=\"async\" class=\"wp-image-5753 aligncenter\" src=\"https:\/\/ac-truck.com\/wp-content\/uploads\/2025\/11\/\u51b7\u85cf\u8f66\u8be6\u60c5\u9875_10-\u62f7\u8d1d.webp\" alt=\"\" width=\"1234\" height=\"453\" srcset=\"https:\/\/ac-truck.com\/wp-content\/uploads\/2025\/11\/\u51b7\u85cf\u8f66\u8be6\u60c5\u9875_10-\u62f7\u8d1d.webp 790w, https:\/\/ac-truck.com\/wp-content\/uploads\/2025\/11\/\u51b7\u85cf\u8f66\u8be6\u60c5\u9875_10-\u62f7\u8d1d-300x110.webp 300w, https:\/\/ac-truck.com\/wp-content\/uploads\/2025\/11\/\u51b7\u85cf\u8f66\u8be6\u60c5\u9875_10-\u62f7\u8d1d-768x282.webp 768w, https:\/\/ac-truck.com\/wp-content\/uploads\/2025\/11\/\u51b7\u85cf\u8f66\u8be6\u60c5\u9875_10-\u62f7\u8d1d-18x7.webp 18w, https:\/\/ac-truck.com\/wp-content\/uploads\/2025\/11\/\u51b7\u85cf\u8f66\u8be6\u60c5\u9875_10-\u62f7\u8d1d-600x220.webp 600w, https:\/\/ac-truck.com\/wp-content\/uploads\/2025\/11\/\u51b7\u85cf\u8f66\u8be6\u60c5\u9875_10-\u62f7\u8d1d-150x55.webp 150w\" sizes=\"(max-width: 1234px) 100vw, 1234px\" \/>\r\n\r\n<strong>The high &#8211; density polyurethane: weighs 42 kilograms per cubic meter.<\/strong>\r\n<strong>The high &#8211; density polystyrene : weighs 38 kilograms per cubic meter.<\/strong>\r\n<h1 style=\"text-align: center;\">D\u00c9TAILS DE L'\u00c9TANCH\u00c9IT\u00c9 DU CADRE DE PORTE<\/h1>\r\n<img loading=\"lazy\" decoding=\"async\" class=\"wp-image-5754 aligncenter\" src=\"https:\/\/ac-truck.com\/wp-content\/uploads\/2025\/11\/\u51b7\u85cf\u8f66\u8be6\u60c5\u9875_12-\u62f7\u8d1d.webp\" alt=\"\" width=\"1234\" height=\"562\" srcset=\"https:\/\/ac-truck.com\/wp-content\/uploads\/2025\/11\/\u51b7\u85cf\u8f66\u8be6\u60c5\u9875_12-\u62f7\u8d1d.webp 790w, https:\/\/ac-truck.com\/wp-content\/uploads\/2025\/11\/\u51b7\u85cf\u8f66\u8be6\u60c5\u9875_12-\u62f7\u8d1d-300x137.webp 300w, https:\/\/ac-truck.com\/wp-content\/uploads\/2025\/11\/\u51b7\u85cf\u8f66\u8be6\u60c5\u9875_12-\u62f7\u8d1d-768x350.webp 768w, https:\/\/ac-truck.com\/wp-content\/uploads\/2025\/11\/\u51b7\u85cf\u8f66\u8be6\u60c5\u9875_12-\u62f7\u8d1d-18x8.webp 18w, https:\/\/ac-truck.com\/wp-content\/uploads\/2025\/11\/\u51b7\u85cf\u8f66\u8be6\u60c5\u9875_12-\u62f7\u8d1d-600x273.webp 600w, https:\/\/ac-truck.com\/wp-content\/uploads\/2025\/11\/\u51b7\u85cf\u8f66\u8be6\u60c5\u9875_12-\u62f7\u8d1d-150x68.webp 150w\" sizes=\"(max-width: 1234px) 100vw, 1234px\" \/>\r\n\r\n<strong>Cinq bandes d'\u00e9tanch\u00e9it\u00e9<\/strong>\r\n<strong>Bande isolante thermique sur mesure en caoutchouc<\/strong>\r\n<h1 style=\"text-align: center;\">AUTRES D\u00c9TAILS<\/h1>\r\n<img loading=\"lazy\" decoding=\"async\" class=\"wp-image-5755 aligncenter\" src=\"https:\/\/ac-truck.com\/wp-content\/uploads\/2025\/11\/\u51b7\u85cf\u8f66\u8be6\u60c5\u9875_14-\u62f7\u8d1d.webp\" alt=\"\" width=\"1234\" height=\"2102\" srcset=\"https:\/\/ac-truck.com\/wp-content\/uploads\/2025\/11\/\u51b7\u85cf\u8f66\u8be6\u60c5\u9875_14-\u62f7\u8d1d.webp 790w, https:\/\/ac-truck.com\/wp-content\/uploads\/2025\/11\/\u51b7\u85cf\u8f66\u8be6\u60c5\u9875_14-\u62f7\u8d1d-176x300.webp 176w, https:\/\/ac-truck.com\/wp-content\/uploads\/2025\/11\/\u51b7\u85cf\u8f66\u8be6\u60c5\u9875_14-\u62f7\u8d1d-601x1024.webp 601w, https:\/\/ac-truck.com\/wp-content\/uploads\/2025\/11\/\u51b7\u85cf\u8f66\u8be6\u60c5\u9875_14-\u62f7\u8d1d-768x1309.webp 768w, https:\/\/ac-truck.com\/wp-content\/uploads\/2025\/11\/\u51b7\u85cf\u8f66\u8be6\u60c5\u9875_14-\u62f7\u8d1d-7x12.webp 7w, https:\/\/ac-truck.com\/wp-content\/uploads\/2025\/11\/\u51b7\u85cf\u8f66\u8be6\u60c5\u9875_14-\u62f7\u8d1d-600x1022.webp 600w, https:\/\/ac-truck.com\/wp-content\/uploads\/2025\/11\/\u51b7\u85cf\u8f66\u8be6\u60c5\u9875_14-\u62f7\u8d1d-150x256.webp 150w\" sizes=\"(max-width: 1234px) 100vw, 1234px\" \/>\r\n\r\n<strong>si\u00e8ge \u00e0 charni\u00e8re en acier inoxydable<\/strong>\r\n<strong>D\u00e9tails de soudage des composants de la serrure<\/strong>\r\n<strong>fente de ventilation en alliage d'aluminium enti\u00e8rement soud\u00e9e<\/strong>\r\n<h1 style=\"text-align: center;\">PROCESSUS DE PRODUCTION<\/h1>\r\n<img loading=\"lazy\" decoding=\"async\" class=\"wp-image-5756 aligncenter\" src=\"https:\/\/ac-truck.com\/wp-content\/uploads\/2025\/11\/\u51b7\u85cf\u8f66\u8be6\u60c5\u9875_16-\u62f7\u8d1d.webp\" alt=\"\" width=\"1234\" height=\"3430\" srcset=\"https:\/\/ac-truck.com\/wp-content\/uploads\/2025\/11\/\u51b7\u85cf\u8f66\u8be6\u60c5\u9875_16-\u62f7\u8d1d.webp 790w, https:\/\/ac-truck.com\/wp-content\/uploads\/2025\/11\/\u51b7\u85cf\u8f66\u8be6\u60c5\u9875_16-\u62f7\u8d1d-108x300.webp 108w, https:\/\/ac-truck.com\/wp-content\/uploads\/2025\/11\/\u51b7\u85cf\u8f66\u8be6\u60c5\u9875_16-\u62f7\u8d1d-368x1024.webp 368w, https:\/\/ac-truck.com\/wp-content\/uploads\/2025\/11\/\u51b7\u85cf\u8f66\u8be6\u60c5\u9875_16-\u62f7\u8d1d-768x2135.webp 768w, https:\/\/ac-truck.com\/wp-content\/uploads\/2025\/11\/\u51b7\u85cf\u8f66\u8be6\u60c5\u9875_16-\u62f7\u8d1d-553x1536.webp 553w, https:\/\/ac-truck.com\/wp-content\/uploads\/2025\/11\/\u51b7\u85cf\u8f66\u8be6\u60c5\u9875_16-\u62f7\u8d1d-737x2048.webp 737w, https:\/\/ac-truck.com\/wp-content\/uploads\/2025\/11\/\u51b7\u85cf\u8f66\u8be6\u60c5\u9875_16-\u62f7\u8d1d-4x12.webp 4w, https:\/\/ac-truck.com\/wp-content\/uploads\/2025\/11\/\u51b7\u85cf\u8f66\u8be6\u60c5\u9875_16-\u62f7\u8d1d-600x1668.webp 600w, https:\/\/ac-truck.com\/wp-content\/uploads\/2025\/11\/\u51b7\u85cf\u8f66\u8be6\u60c5\u9875_16-\u62f7\u8d1d-150x417.webp 150w\" sizes=\"(max-width: 1234px) 100vw, 1234px\" \/> <img loading=\"lazy\" decoding=\"async\" class=\"wp-image-5757 aligncenter\" src=\"https:\/\/ac-truck.com\/wp-content\/uploads\/2025\/11\/\u51b7\u85cf\u8f66\u8be6\u60c5\u9875_17-\u62f7\u8d1d.webp\" alt=\"\" width=\"1234\" height=\"3443\" srcset=\"https:\/\/ac-truck.com\/wp-content\/uploads\/2025\/11\/\u51b7\u85cf\u8f66\u8be6\u60c5\u9875_17-\u62f7\u8d1d.webp 790w, https:\/\/ac-truck.com\/wp-content\/uploads\/2025\/11\/\u51b7\u85cf\u8f66\u8be6\u60c5\u9875_17-\u62f7\u8d1d-108x300.webp 108w, https:\/\/ac-truck.com\/wp-content\/uploads\/2025\/11\/\u51b7\u85cf\u8f66\u8be6\u60c5\u9875_17-\u62f7\u8d1d-367x1024.webp 367w, https:\/\/ac-truck.com\/wp-content\/uploads\/2025\/11\/\u51b7\u85cf\u8f66\u8be6\u60c5\u9875_17-\u62f7\u8d1d-768x2143.webp 768w, https:\/\/ac-truck.com\/wp-content\/uploads\/2025\/11\/\u51b7\u85cf\u8f66\u8be6\u60c5\u9875_17-\u62f7\u8d1d-551x1536.webp 551w, https:\/\/ac-truck.com\/wp-content\/uploads\/2025\/11\/\u51b7\u85cf\u8f66\u8be6\u60c5\u9875_17-\u62f7\u8d1d-734x2048.webp 734w, https:\/\/ac-truck.com\/wp-content\/uploads\/2025\/11\/\u51b7\u85cf\u8f66\u8be6\u60c5\u9875_17-\u62f7\u8d1d-4x12.webp 4w, https:\/\/ac-truck.com\/wp-content\/uploads\/2025\/11\/\u51b7\u85cf\u8f66\u8be6\u60c5\u9875_17-\u62f7\u8d1d-600x1674.webp 600w, https:\/\/ac-truck.com\/wp-content\/uploads\/2025\/11\/\u51b7\u85cf\u8f66\u8be6\u60c5\u9875_17-\u62f7\u8d1d-150x418.webp 150w\" sizes=\"(max-width: 1234px) 100vw, 1234px\" \/>\r\n\r\n<strong>1.Inner Frame &#8211; work Production of the Box Body<\/strong>\r\n<strong>2. Production des panneaux du bo\u00eetier<\/strong>\r\n<strong>3. Pre &#8211; positioning of the Box Body Floor Installation<\/strong>\r\n<strong>4.Install stainless &#8211; steel box panels<\/strong>\r\n<strong>5. Assemblage des panneaux de carrosserie du camion<\/strong>\r\n<strong>6. Ach\u00e8vement du corps de la bo\u00eete<\/strong>\r\n<strong>7. Assemblage des pi\u00e8ces du bo\u00eetier<\/strong>\r\n<strong>8. Installation sur le ch\u00e2ssis<\/strong>\r\n<h1 style=\"text-align: center;\">SC\u00c9NARIOS D'APPLICATION<\/h1>\r\n<img loading=\"lazy\" decoding=\"async\" class=\"wp-image-5758 aligncenter\" src=\"https:\/\/ac-truck.com\/wp-content\/uploads\/2025\/11\/\u51b7\u85cf\u8f66\u8be6\u60c5\u9875_19-\u62f7\u8d1d.webp\" alt=\"\" width=\"1234\" height=\"1962\" srcset=\"https:\/\/ac-truck.com\/wp-content\/uploads\/2025\/11\/\u51b7\u85cf\u8f66\u8be6\u60c5\u9875_19-\u62f7\u8d1d.webp 790w, https:\/\/ac-truck.com\/wp-content\/uploads\/2025\/11\/\u51b7\u85cf\u8f66\u8be6\u60c5\u9875_19-\u62f7\u8d1d-189x300.webp 189w, https:\/\/ac-truck.com\/wp-content\/uploads\/2025\/11\/\u51b7\u85cf\u8f66\u8be6\u60c5\u9875_19-\u62f7\u8d1d-644x1024.webp 644w, https:\/\/ac-truck.com\/wp-content\/uploads\/2025\/11\/\u51b7\u85cf\u8f66\u8be6\u60c5\u9875_19-\u62f7\u8d1d-768x1221.webp 768w, https:\/\/ac-truck.com\/wp-content\/uploads\/2025\/11\/\u51b7\u85cf\u8f66\u8be6\u60c5\u9875_19-\u62f7\u8d1d-8x12.webp 8w, https:\/\/ac-truck.com\/wp-content\/uploads\/2025\/11\/\u51b7\u85cf\u8f66\u8be6\u60c5\u9875_19-\u62f7\u8d1d-600x954.webp 600w, https:\/\/ac-truck.com\/wp-content\/uploads\/2025\/11\/\u51b7\u85cf\u8f66\u8be6\u60c5\u9875_19-\u62f7\u8d1d-150x238.webp 150w\" sizes=\"(max-width: 1234px) 100vw, 1234px\" \/>\r\n<h1 style=\"text-align: center;\">EMBALLAGE ET TRANSPORT<\/h1>\r\n<img loading=\"lazy\" decoding=\"async\" class=\"wp-image-5759 aligncenter\" src=\"https:\/\/ac-truck.com\/wp-content\/uploads\/2025\/11\/\u51b7\u85cf\u8f66\u8be6\u60c5\u9875_21-\u62f7\u8d1d.webp\" alt=\"\" width=\"1234\" height=\"1693\" srcset=\"https:\/\/ac-truck.com\/wp-content\/uploads\/2025\/11\/\u51b7\u85cf\u8f66\u8be6\u60c5\u9875_21-\u62f7\u8d1d.webp 790w, https:\/\/ac-truck.com\/wp-content\/uploads\/2025\/11\/\u51b7\u85cf\u8f66\u8be6\u60c5\u9875_21-\u62f7\u8d1d-219x300.webp 219w, https:\/\/ac-truck.com\/wp-content\/uploads\/2025\/11\/\u51b7\u85cf\u8f66\u8be6\u60c5\u9875_21-\u62f7\u8d1d-746x1024.webp 746w, https:\/\/ac-truck.com\/wp-content\/uploads\/2025\/11\/\u51b7\u85cf\u8f66\u8be6\u60c5\u9875_21-\u62f7\u8d1d-768x1054.webp 768w, https:\/\/ac-truck.com\/wp-content\/uploads\/2025\/11\/\u51b7\u85cf\u8f66\u8be6\u60c5\u9875_21-\u62f7\u8d1d-9x12.webp 9w, https:\/\/ac-truck.com\/wp-content\/uploads\/2025\/11\/\u51b7\u85cf\u8f66\u8be6\u60c5\u9875_21-\u62f7\u8d1d-600x823.webp 600w, https:\/\/ac-truck.com\/wp-content\/uploads\/2025\/11\/\u51b7\u85cf\u8f66\u8be6\u60c5\u9875_21-\u62f7\u8d1d-150x206.webp 150w\" sizes=\"(max-width: 1234px) 100vw, 1234px\" \/>\t\t\t\t\t\t\t\t<\/div>\n\t\t\t\t<\/div>\n\t\t\t\t\t<\/div>\n\t\t\t\t<\/div>\n\t\t\t\t<\/div>","protected":false},"excerpt":{"rendered":"<p>PRODUCT PARAMETERS 26-foot refrigerated truck ISUZU &nbsp; project Descriptions Specifications General Overall dimensions(mm) 10350*2600*3890 curb weight(Kg) 11000 Loading capacity(Kg) 13870<\/p>","protected":false},"featured_media":5742,"template":"","meta":[],"product_brand":[213],"product_cat":[178],"product_tag":[236,237,305],"class_list":{"0":"post-5741","1":"product","2":"type-product","3":"status-publish","4":"has-post-thumbnail","6":"product_brand-isuzu","7":"product_cat-reefer-trucks","8":"product_tag-refrigerated-truck","9":"product_tag-reefer-truck","10":"product_tag-15-tons","12":"first","13":"instock","14":"shipping-taxable","15":"product-type-simple"},"_links":{"self":[{"href":"https:\/\/ac-truck.com\/fr\/wp-json\/wp\/v2\/product\/5741","targetHints":{"allow":["GET"]}}],"collection":[{"href":"https:\/\/ac-truck.com\/fr\/wp-json\/wp\/v2\/product"}],"about":[{"href":"https:\/\/ac-truck.com\/fr\/wp-json\/wp\/v2\/types\/product"}],"version-history":[{"count":7,"href":"https:\/\/ac-truck.com\/fr\/wp-json\/wp\/v2\/product\/5741\/revisions"}],"predecessor-version":[{"id":7419,"href":"https:\/\/ac-truck.com\/fr\/wp-json\/wp\/v2\/product\/5741\/revisions\/7419"}],"wp:featuredmedia":[{"embeddable":true,"href":"https:\/\/ac-truck.com\/fr\/wp-json\/wp\/v2\/media\/5742"}],"wp:attachment":[{"href":"https:\/\/ac-truck.com\/fr\/wp-json\/wp\/v2\/media?parent=5741"}],"wp:term":[{"taxonomy":"product_brand","embeddable":true,"href":"https:\/\/ac-truck.com\/fr\/wp-json\/wp\/v2\/product_brand?post=5741"},{"taxonomy":"product_cat","embeddable":true,"href":"https:\/\/ac-truck.com\/fr\/wp-json\/wp\/v2\/product_cat?post=5741"},{"taxonomy":"product_tag","embeddable":true,"href":"https:\/\/ac-truck.com\/fr\/wp-json\/wp\/v2\/product_tag?post=5741"}],"curies":[{"name":"wp","href":"https:\/\/api.w.org\/{rel}","templated":true}]}}