{"id":5876,"date":"2025-11-13T12:04:07","date_gmt":"2025-11-13T04:04:07","guid":{"rendered":"https:\/\/ac-truck.com\/?post_type=product&#038;p=5876"},"modified":"2026-04-08T14:28:48","modified_gmt":"2026-04-08T06:28:48","slug":"6m%c2%b3garbage-compression-truck-isuzu","status":"publish","type":"product","link":"https:\/\/ac-truck.com\/fr\/6m%C2%B3garbage-compression-truck-isuzu.html","title":{"rendered":"Camion de compression des d\u00e9chets ISUZU de 6 m\u00b3"},"content":{"rendered":"<div style=\"width: 1920px;\" class=\"wp-video\"><!--[if lt IE 9]><script>document.createElement('video');<\/script><![endif]-->\n<video class=\"wp-video-shortcode\" id=\"video-5876-1\" width=\"1920\" height=\"1080\" preload=\"metadata\" controls=\"controls\"><source type=\"video\/mp4\" src=\"https:\/\/ac-truck.com\/wp-content\/uploads\/2025\/12\/\u538b\u7f29\u65e0\u6c34\u5370.mp4?_=1\" \/><a href=\"https:\/\/ac-truck.com\/wp-content\/uploads\/2025\/12\/\u538b\u7f29\u65e0\u6c34\u5370.mp4\">https:\/\/ac-truck.com\/wp-content\/uploads\/2025\/12\/\u538b\u7f29\u65e0\u6c34\u5370.mp4<\/a><\/video><\/div>\n<p><img fetchpriority=\"high\" decoding=\"async\" class=\"aligncenter wp-image-5879\" src=\"https:\/\/ac-truck.com\/wp-content\/uploads\/2025\/11\/\u538b\u7f29\u5783\u573e\u8f66\u8be6\u60c5\u9875_01.webp\" alt=\"\" width=\"1234\" height=\"1685\" srcset=\"https:\/\/ac-truck.com\/wp-content\/uploads\/2025\/11\/\u538b\u7f29\u5783\u573e\u8f66\u8be6\u60c5\u9875_01.webp 752w, https:\/\/ac-truck.com\/wp-content\/uploads\/2025\/11\/\u538b\u7f29\u5783\u573e\u8f66\u8be6\u60c5\u9875_01-220x300.webp 220w, https:\/\/ac-truck.com\/wp-content\/uploads\/2025\/11\/\u538b\u7f29\u5783\u573e\u8f66\u8be6\u60c5\u9875_01-750x1024.webp 750w, https:\/\/ac-truck.com\/wp-content\/uploads\/2025\/11\/\u538b\u7f29\u5783\u573e\u8f66\u8be6\u60c5\u9875_01-9x12.webp 9w, https:\/\/ac-truck.com\/wp-content\/uploads\/2025\/11\/\u538b\u7f29\u5783\u573e\u8f66\u8be6\u60c5\u9875_01-600x819.webp 600w, https:\/\/ac-truck.com\/wp-content\/uploads\/2025\/11\/\u538b\u7f29\u5783\u573e\u8f66\u8be6\u60c5\u9875_01-150x205.webp 150w\" sizes=\"(max-width: 1234px) 100vw, 1234px\" \/><\/p>\n<h1 style=\"text-align: center;\"><strong>PARAM\u00c8TRES DU PRODUIT<\/strong><\/h1>\n<p><img decoding=\"async\" class=\"aligncenter wp-image-5880\" src=\"https:\/\/ac-truck.com\/wp-content\/uploads\/2025\/11\/\u538b\u7f29\u5783\u573e\u8f66\u8be6\u60c5\u9875_03.webp\" alt=\"\" width=\"1234\" height=\"492\" srcset=\"https:\/\/ac-truck.com\/wp-content\/uploads\/2025\/11\/\u538b\u7f29\u5783\u573e\u8f66\u8be6\u60c5\u9875_03.webp 752w, https:\/\/ac-truck.com\/wp-content\/uploads\/2025\/11\/\u538b\u7f29\u5783\u573e\u8f66\u8be6\u60c5\u9875_03-300x120.webp 300w, https:\/\/ac-truck.com\/wp-content\/uploads\/2025\/11\/\u538b\u7f29\u5783\u573e\u8f66\u8be6\u60c5\u9875_03-18x7.webp 18w, https:\/\/ac-truck.com\/wp-content\/uploads\/2025\/11\/\u538b\u7f29\u5783\u573e\u8f66\u8be6\u60c5\u9875_03-600x239.webp 600w, https:\/\/ac-truck.com\/wp-content\/uploads\/2025\/11\/\u538b\u7f29\u5783\u573e\u8f66\u8be6\u60c5\u9875_03-150x60.webp 150w\" sizes=\"(max-width: 1234px) 100vw, 1234px\" \/><\/p>\n<h2 style=\"text-align: center;\">Camion de compression des d\u00e9chets ISUZU de 6 m\u00b3<\/h2>\n<table>\n<tbody>\n<tr>\n<td width=\"85\"><strong>projet<\/strong><\/td>\n<td width=\"296\"><strong>Descriptions<\/strong><\/td>\n<td width=\"317\"><strong>Caract\u00e9ristiques<\/strong><\/td>\n<\/tr>\n<tr>\n<td rowspan=\"4\" width=\"85\"><strong>G\u00e9n\u00e9ral<\/strong><\/td>\n<td width=\"296\"><strong>Dimensions hors tout (mm)<\/strong><\/td>\n<td width=\"317\"><strong>5995*2050*2520<\/strong><\/td>\n<\/tr>\n<tr>\n<td width=\"296\"><strong>poids \u00e0 vide (kg)<\/strong><\/td>\n<td width=\"317\"><strong>5280<\/strong><\/td>\n<\/tr>\n<tr>\n<td width=\"296\"><strong>Capacit\u00e9 de charge (kg)<\/strong><\/td>\n<td width=\"317\"><strong>1890<\/strong><\/td>\n<\/tr>\n<tr>\n<td width=\"296\"><strong>Masse totale (kg)<\/strong><\/td>\n<td width=\"317\"><strong>7300<\/strong><\/td>\n<\/tr>\n<tr>\n<td rowspan=\"3\" width=\"85\"><strong>Corps<\/strong><\/td>\n<td width=\"296\"><strong>Volume de la bo\u00eete (m\u00b3)<\/strong><\/td>\n<td width=\"317\"><strong>6<\/strong><\/td>\n<\/tr>\n<tr>\n<td width=\"296\"><strong>\u00c9paisseur de la bo\u00eete<\/strong><\/td>\n<td width=\"317\"><strong>Q235 (la plaque d'acier au mangan\u00e8se Q355 est optionnelle)<\/strong><\/td>\n<\/tr>\n<tr>\n<td width=\"296\"><strong>\u00c9paisseur de la bo\u00eete (mm)<\/strong><\/td>\n<td width=\"317\"><strong>Side 4 bottom 5<\/strong><\/td>\n<\/tr>\n<tr>\n<td rowspan=\"8\" width=\"85\"><strong>Ch\u00e2ssis<\/strong><\/p>\n<p>&nbsp;<\/td>\n<td width=\"296\"><strong>Marque du ch\u00e2ssis<\/strong><\/td>\n<td width=\"317\"><strong>ISUZU<\/strong><\/td>\n<\/tr>\n<tr>\n<td width=\"296\"><strong>Formulaire de conducteur<\/strong><\/td>\n<td width=\"317\"><strong>4*2<\/strong><\/td>\n<\/tr>\n<tr>\n<td width=\"296\"><strong>Volant<\/strong><\/td>\n<td width=\"317\"><strong>Conduite \u00e0 gauche<\/strong><\/td>\n<\/tr>\n<tr>\n<td width=\"296\"><strong>Empattement (mm)<\/strong><\/td>\n<td width=\"317\"><strong>2795<\/strong><\/td>\n<\/tr>\n<tr>\n<td width=\"296\"><strong>Marque et mod\u00e8le du moteur<\/strong><\/td>\n<td width=\"317\"><strong>4KH1CN6LB<\/strong><\/td>\n<\/tr>\n<tr>\n<td width=\"296\"><strong>Puissance maximale du moteur (kW)<\/strong><\/td>\n<td width=\"317\"><strong>88<\/strong><\/td>\n<\/tr>\n<tr>\n<td width=\"296\"><strong>Normes d&#039;\u00e9mission<\/strong><\/td>\n<td width=\"317\"><strong>Euro 6<\/strong><\/td>\n<\/tr>\n<tr>\n<td width=\"296\"><strong>Bo\u00eete de vitesse<\/strong><\/td>\n<td width=\"317\"><strong>5-speed gearbox<\/strong><\/td>\n<\/tr>\n<\/tbody>\n<\/table>\n<p>&nbsp;<\/p>\n<h1 style=\"text-align: center;\"><strong>AVANTAGES DES CAMIONS<\/strong><\/h1>\n<h5 style=\"text-align: center;\">ACCESSOIRES ESSENTIELS DU SYST\u00c8ME HYDRAULIQUE<\/h5>\n<p><img decoding=\"async\" class=\"aligncenter wp-image-5881\" src=\"https:\/\/ac-truck.com\/wp-content\/uploads\/2025\/11\/\u538b\u7f29\u5783\u573e\u8f66\u8be6\u60c5\u9875_05.webp\" alt=\"\" width=\"1234\" height=\"2353\" srcset=\"https:\/\/ac-truck.com\/wp-content\/uploads\/2025\/11\/\u538b\u7f29\u5783\u573e\u8f66\u8be6\u60c5\u9875_05.webp 752w, https:\/\/ac-truck.com\/wp-content\/uploads\/2025\/11\/\u538b\u7f29\u5783\u573e\u8f66\u8be6\u60c5\u9875_05-157x300.webp 157w, https:\/\/ac-truck.com\/wp-content\/uploads\/2025\/11\/\u538b\u7f29\u5783\u573e\u8f66\u8be6\u60c5\u9875_05-537x1024.webp 537w, https:\/\/ac-truck.com\/wp-content\/uploads\/2025\/11\/\u538b\u7f29\u5783\u573e\u8f66\u8be6\u60c5\u9875_05-6x12.webp 6w, https:\/\/ac-truck.com\/wp-content\/uploads\/2025\/11\/\u538b\u7f29\u5783\u573e\u8f66\u8be6\u60c5\u9875_05-600x1144.webp 600w, https:\/\/ac-truck.com\/wp-content\/uploads\/2025\/11\/\u538b\u7f29\u5783\u573e\u8f66\u8be6\u60c5\u9875_05-150x286.webp 150w\" sizes=\"(max-width: 1234px) 100vw, 1234px\" \/><\/p>\n<p style=\"text-align: left;\"><strong>1.Hydraulic Cylinder: Multiple &#8211; section cylinders extend sequentially to provide a larger compression stroke, enabling multiple compressions of the garbage.<\/strong><br \/>\n<strong>2.Hydraulic Oil Pump: Supplies high &#8211; flow hydraulic oil to ensure a rapid response to the compression action.<\/strong><br \/>\n<strong>3. Collecteur de pression d'huile\u00a0: Il ajuste la vitesse t\u00e9lescopique du v\u00e9rin. Il fonctionne \u00e0 basse vitesse et haute pression pendant la compression et \u00e0 haute vitesse et basse pression pendant la course de retour afin d'optimiser le rendement du cycle.<\/strong><br \/>\n<strong>4.Back &#8211; pressure Valve: Stabilizes the pressure of the hydraulic system, improves the garbage compression efficiency, and protects the hydraulic components and the system.<\/strong><br \/>\n<strong>5.Special Hydraulic Oil Tank: The large &#8211; capacity tank is equipped with an efficient heat &#8211; dissipation device (air &#8211; cooled \/ water &#8211; cooled) to ensure the stable temperature of the hydraulic oil during continuous operation.<\/strong><\/p>\n<h1 style=\"text-align: center;\"><strong>ACCESSOIRES DE STRUCTURE DE COMPRESSION<\/strong><\/h1>\n<p><strong><img loading=\"lazy\" decoding=\"async\" class=\"aligncenter wp-image-5882\" src=\"https:\/\/ac-truck.com\/wp-content\/uploads\/2025\/11\/\u538b\u7f29\u5783\u573e\u8f66\u8be6\u60c5\u9875_07.webp\" alt=\"\" width=\"1234\" height=\"2199\" srcset=\"https:\/\/ac-truck.com\/wp-content\/uploads\/2025\/11\/\u538b\u7f29\u5783\u573e\u8f66\u8be6\u60c5\u9875_07.webp 752w, https:\/\/ac-truck.com\/wp-content\/uploads\/2025\/11\/\u538b\u7f29\u5783\u573e\u8f66\u8be6\u60c5\u9875_07-168x300.webp 168w, https:\/\/ac-truck.com\/wp-content\/uploads\/2025\/11\/\u538b\u7f29\u5783\u573e\u8f66\u8be6\u60c5\u9875_07-575x1024.webp 575w, https:\/\/ac-truck.com\/wp-content\/uploads\/2025\/11\/\u538b\u7f29\u5783\u573e\u8f66\u8be6\u60c5\u9875_07-7x12.webp 7w, https:\/\/ac-truck.com\/wp-content\/uploads\/2025\/11\/\u538b\u7f29\u5783\u573e\u8f66\u8be6\u60c5\u9875_07-600x1069.webp 600w, https:\/\/ac-truck.com\/wp-content\/uploads\/2025\/11\/\u538b\u7f29\u5783\u573e\u8f66\u8be6\u60c5\u9875_07-150x267.webp 150w\" sizes=\"(max-width: 1234px) 100vw, 1234px\" \/><\/strong><\/p>\n<p style=\"text-align: left;\"><strong>High &#8211; strength Push Plate<\/strong><br \/>\n<strong>Dispositif de r\u00e9cup\u00e9ration li\u00e9<\/strong><br \/>\n<strong>Chambre de compression<\/strong><br \/>\n<strong>Flat &#8211; push Main Cylinder<\/strong><br \/>\n<strong>Forward Movement of the Push &#8211; shovel Cylinder Base<\/strong><\/p>\n<h1 style=\"text-align: center;\"><strong>POUBELLE<\/strong><\/h1>\n<p><strong><img loading=\"lazy\" decoding=\"async\" class=\"aligncenter wp-image-5883\" src=\"https:\/\/ac-truck.com\/wp-content\/uploads\/2025\/11\/\u538b\u7f29\u5783\u573e\u8f66\u8be6\u60c5\u9875_09.webp\" alt=\"\" width=\"1234\" height=\"601\" srcset=\"https:\/\/ac-truck.com\/wp-content\/uploads\/2025\/11\/\u538b\u7f29\u5783\u573e\u8f66\u8be6\u60c5\u9875_09.webp 752w, https:\/\/ac-truck.com\/wp-content\/uploads\/2025\/11\/\u538b\u7f29\u5783\u573e\u8f66\u8be6\u60c5\u9875_09-300x146.webp 300w, https:\/\/ac-truck.com\/wp-content\/uploads\/2025\/11\/\u538b\u7f29\u5783\u573e\u8f66\u8be6\u60c5\u9875_09-18x9.webp 18w, https:\/\/ac-truck.com\/wp-content\/uploads\/2025\/11\/\u538b\u7f29\u5783\u573e\u8f66\u8be6\u60c5\u9875_09-600x292.webp 600w, https:\/\/ac-truck.com\/wp-content\/uploads\/2025\/11\/\u538b\u7f29\u5783\u573e\u8f66\u8be6\u60c5\u9875_09-150x73.webp 150w\" sizes=\"(max-width: 1234px) 100vw, 1234px\" \/><\/strong><\/p>\n<p style=\"text-align: left;\"><strong>Arc &#8211; shaped Box: The interior of the garbage bin is made of high &#8211; strength steel, and its surface is treated with anti &#8211; corrosion measures (such as spraying, electrophoretic coating, etc.) to extend its service life.<\/strong><\/p>\n<h1 style=\"text-align: center;\"><strong>STRUCTURE DE CHARGEMENT ARRI\u00c8RE<\/strong><\/h1>\n<p><strong><img loading=\"lazy\" decoding=\"async\" class=\"aligncenter wp-image-5884\" src=\"https:\/\/ac-truck.com\/wp-content\/uploads\/2025\/11\/\u538b\u7f29\u5783\u573e\u8f66\u8be6\u60c5\u9875_11.webp\" alt=\"\" width=\"1234\" height=\"1014\" srcset=\"https:\/\/ac-truck.com\/wp-content\/uploads\/2025\/11\/\u538b\u7f29\u5783\u573e\u8f66\u8be6\u60c5\u9875_11.webp 752w, https:\/\/ac-truck.com\/wp-content\/uploads\/2025\/11\/\u538b\u7f29\u5783\u573e\u8f66\u8be6\u60c5\u9875_11-300x247.webp 300w, https:\/\/ac-truck.com\/wp-content\/uploads\/2025\/11\/\u538b\u7f29\u5783\u573e\u8f66\u8be6\u60c5\u9875_11-15x12.webp 15w, https:\/\/ac-truck.com\/wp-content\/uploads\/2025\/11\/\u538b\u7f29\u5783\u573e\u8f66\u8be6\u60c5\u9875_11-600x493.webp 600w, https:\/\/ac-truck.com\/wp-content\/uploads\/2025\/11\/\u538b\u7f29\u5783\u573e\u8f66\u8be6\u60c5\u9875_11-150x123.webp 150w\" sizes=\"(max-width: 1234px) 100vw, 1234px\" \/><\/strong><\/p>\n<p style=\"text-align: left;\"><strong>Structure de godet basculant arri\u00e8re<\/strong><br \/>\n<strong>Structure de godet triangulaire arri\u00e8re<\/strong><br \/>\n<strong>Full &#8211; floor Bucket<\/strong><br \/>\n<strong>Rear Swing &#8211; arm Structure<\/strong><\/p>\n<h1 style=\"text-align: center;\"><strong>R\u00c9DUIRE LA POLLUTION SECONDAIRE<\/strong><\/h1>\n<p><strong><img loading=\"lazy\" decoding=\"async\" class=\"aligncenter wp-image-5885\" src=\"https:\/\/ac-truck.com\/wp-content\/uploads\/2025\/11\/\u538b\u7f29\u5783\u573e\u8f66\u8be6\u60c5\u9875_13.webp\" alt=\"\" width=\"1234\" height=\"743\" srcset=\"https:\/\/ac-truck.com\/wp-content\/uploads\/2025\/11\/\u538b\u7f29\u5783\u573e\u8f66\u8be6\u60c5\u9875_13.webp 752w, https:\/\/ac-truck.com\/wp-content\/uploads\/2025\/11\/\u538b\u7f29\u5783\u573e\u8f66\u8be6\u60c5\u9875_13-300x181.webp 300w, https:\/\/ac-truck.com\/wp-content\/uploads\/2025\/11\/\u538b\u7f29\u5783\u573e\u8f66\u8be6\u60c5\u9875_13-18x12.webp 18w, https:\/\/ac-truck.com\/wp-content\/uploads\/2025\/11\/\u538b\u7f29\u5783\u573e\u8f66\u8be6\u60c5\u9875_13-600x361.webp 600w, https:\/\/ac-truck.com\/wp-content\/uploads\/2025\/11\/\u538b\u7f29\u5783\u573e\u8f66\u8be6\u60c5\u9875_13-150x90.webp 150w\" sizes=\"(max-width: 1234px) 100vw, 1234px\" \/><\/strong><\/p>\n<p style=\"text-align: left;\"><strong>Bande d'\u00e9tanch\u00e9it\u00e9<\/strong><br \/>\n<strong>Conception du syst\u00e8me d'\u00e9gouts<\/strong><\/p>\n<h1 style=\"text-align: center;\"><strong>FONCTIONNEMENT SIMPLE<\/strong><\/h1>\n<p><strong><img loading=\"lazy\" decoding=\"async\" class=\"aligncenter wp-image-5886\" src=\"https:\/\/ac-truck.com\/wp-content\/uploads\/2025\/11\/\u538b\u7f29\u5783\u573e\u8f66\u8be6\u60c5\u9875_15.webp\" alt=\"\" width=\"1234\" height=\"502\" srcset=\"https:\/\/ac-truck.com\/wp-content\/uploads\/2025\/11\/\u538b\u7f29\u5783\u573e\u8f66\u8be6\u60c5\u9875_15.webp 752w, https:\/\/ac-truck.com\/wp-content\/uploads\/2025\/11\/\u538b\u7f29\u5783\u573e\u8f66\u8be6\u60c5\u9875_15-300x122.webp 300w, https:\/\/ac-truck.com\/wp-content\/uploads\/2025\/11\/\u538b\u7f29\u5783\u573e\u8f66\u8be6\u60c5\u9875_15-18x7.webp 18w, https:\/\/ac-truck.com\/wp-content\/uploads\/2025\/11\/\u538b\u7f29\u5783\u573e\u8f66\u8be6\u60c5\u9875_15-600x244.webp 600w, https:\/\/ac-truck.com\/wp-content\/uploads\/2025\/11\/\u538b\u7f29\u5783\u573e\u8f66\u8be6\u60c5\u9875_15-150x61.webp 150w\" sizes=\"(max-width: 1234px) 100vw, 1234px\" \/><\/strong><\/p>\n<p style=\"text-align: left;\"><strong>Supports the switch between&#8221;automatic\/manual&#8221; modes.<\/strong><br \/>\n<strong>En mode automatique, il peut fonctionner selon un cycle automatique bas\u00e9 sur des param\u00e8tres pr\u00e9d\u00e9finis, am\u00e9liorant ainsi l'efficacit\u00e9 op\u00e9rationnelle.<\/strong><\/p>\n<h1 style=\"text-align: center;\"><strong>CONCEPTION DE PROTECTION ET DE S\u00c9CURIT\u00c9<\/strong><\/h1>\n<p><strong><img loading=\"lazy\" decoding=\"async\" class=\"aligncenter wp-image-5887\" src=\"https:\/\/ac-truck.com\/wp-content\/uploads\/2025\/11\/\u538b\u7f29\u5783\u573e\u8f66\u8be6\u60c5\u9875_17.webp\" alt=\"\" width=\"1234\" height=\"579\" srcset=\"https:\/\/ac-truck.com\/wp-content\/uploads\/2025\/11\/\u538b\u7f29\u5783\u573e\u8f66\u8be6\u60c5\u9875_17.webp 752w, https:\/\/ac-truck.com\/wp-content\/uploads\/2025\/11\/\u538b\u7f29\u5783\u573e\u8f66\u8be6\u60c5\u9875_17-300x141.webp 300w, https:\/\/ac-truck.com\/wp-content\/uploads\/2025\/11\/\u538b\u7f29\u5783\u573e\u8f66\u8be6\u60c5\u9875_17-18x8.webp 18w, https:\/\/ac-truck.com\/wp-content\/uploads\/2025\/11\/\u538b\u7f29\u5783\u573e\u8f66\u8be6\u60c5\u9875_17-600x282.webp 600w, https:\/\/ac-truck.com\/wp-content\/uploads\/2025\/11\/\u538b\u7f29\u5783\u573e\u8f66\u8be6\u60c5\u9875_17-150x70.webp 150w\" sizes=\"(max-width: 1234px) 100vw, 1234px\" \/><\/strong><\/p>\n<p style=\"text-align: left;\"><strong>Bouton d'arr\u00eat d'urgence\u00a0: R\u00e9agit rapidement en cas d'urgence pour garantir la s\u00e9curit\u00e9.<\/strong><br \/>\n<strong>Two &#8211; way Balance Valve: Achieves two &#8211; way load balancing and two &#8211; way safety locking.<\/strong><\/p>\n<h1 style=\"text-align: center;\"><strong>AUTRES CONFIGURATIONS<\/strong><\/h1>\n<p><strong><img loading=\"lazy\" decoding=\"async\" class=\"aligncenter wp-image-5888\" src=\"https:\/\/ac-truck.com\/wp-content\/uploads\/2025\/11\/\u538b\u7f29\u5783\u573e\u8f66\u8be6\u60c5\u9875_19.webp\" alt=\"\" width=\"1234\" height=\"354\" srcset=\"https:\/\/ac-truck.com\/wp-content\/uploads\/2025\/11\/\u538b\u7f29\u5783\u573e\u8f66\u8be6\u60c5\u9875_19.webp 752w, https:\/\/ac-truck.com\/wp-content\/uploads\/2025\/11\/\u538b\u7f29\u5783\u573e\u8f66\u8be6\u60c5\u9875_19-300x86.webp 300w, https:\/\/ac-truck.com\/wp-content\/uploads\/2025\/11\/\u538b\u7f29\u5783\u573e\u8f66\u8be6\u60c5\u9875_19-18x5.webp 18w, https:\/\/ac-truck.com\/wp-content\/uploads\/2025\/11\/\u538b\u7f29\u5783\u573e\u8f66\u8be6\u60c5\u9875_19-600x172.webp 600w, https:\/\/ac-truck.com\/wp-content\/uploads\/2025\/11\/\u538b\u7f29\u5783\u573e\u8f66\u8be6\u60c5\u9875_19-150x43.webp 150w\" sizes=\"(max-width: 1234px) 100vw, 1234px\" \/><\/strong><\/p>\n<p style=\"text-align: left;\"><strong>1.Hydraulic Oil Pipe: Features excellent oil resistance, corrosion resistance, temperature resistance, strong pressure &#8211; bearing capacity, and flexible bending performance.<\/strong><br \/>\n<strong>2.Hydraulic Oil Gauge: Monitors key parameters of the hydraulic system in real &#8211; time, provides early warning of malfunctions, and reduces downtime losses.<\/strong><br \/>\n<strong>3. Graisseur : Poss\u00e8de une interface standardis\u00e9e, assure une lubrification \u00e9tanche et prolonge la dur\u00e9e de vie des composants.<\/strong><\/p>\n<h1 style=\"text-align: center;\"><strong>PROCESSUS DE PRODUCTION<\/strong><\/h1>\n<p><strong><img loading=\"lazy\" decoding=\"async\" class=\"aligncenter wp-image-5889\" src=\"https:\/\/ac-truck.com\/wp-content\/uploads\/2025\/11\/\u538b\u7f29\u5783\u573e\u8f66\u8be6\u60c5\u9875_21.webp\" alt=\"\" width=\"1234\" height=\"3042\" srcset=\"https:\/\/ac-truck.com\/wp-content\/uploads\/2025\/11\/\u538b\u7f29\u5783\u573e\u8f66\u8be6\u60c5\u9875_21.webp 752w, https:\/\/ac-truck.com\/wp-content\/uploads\/2025\/11\/\u538b\u7f29\u5783\u573e\u8f66\u8be6\u60c5\u9875_21-122x300.webp 122w, https:\/\/ac-truck.com\/wp-content\/uploads\/2025\/11\/\u538b\u7f29\u5783\u573e\u8f66\u8be6\u60c5\u9875_21-415x1024.webp 415w, https:\/\/ac-truck.com\/wp-content\/uploads\/2025\/11\/\u538b\u7f29\u5783\u573e\u8f66\u8be6\u60c5\u9875_21-623x1536.webp 623w, https:\/\/ac-truck.com\/wp-content\/uploads\/2025\/11\/\u538b\u7f29\u5783\u573e\u8f66\u8be6\u60c5\u9875_21-5x12.webp 5w, https:\/\/ac-truck.com\/wp-content\/uploads\/2025\/11\/\u538b\u7f29\u5783\u573e\u8f66\u8be6\u60c5\u9875_21-600x1479.webp 600w, https:\/\/ac-truck.com\/wp-content\/uploads\/2025\/11\/\u538b\u7f29\u5783\u573e\u8f66\u8be6\u60c5\u9875_21-150x370.webp 150w\" sizes=\"(max-width: 1234px) 100vw, 1234px\" \/> <img loading=\"lazy\" decoding=\"async\" class=\"aligncenter wp-image-5890\" src=\"https:\/\/ac-truck.com\/wp-content\/uploads\/2025\/11\/\u538b\u7f29\u5783\u573e\u8f66\u8be6\u60c5\u9875_22.webp\" alt=\"\" width=\"1234\" height=\"3047\" srcset=\"https:\/\/ac-truck.com\/wp-content\/uploads\/2025\/11\/\u538b\u7f29\u5783\u573e\u8f66\u8be6\u60c5\u9875_22.webp 752w, https:\/\/ac-truck.com\/wp-content\/uploads\/2025\/11\/\u538b\u7f29\u5783\u573e\u8f66\u8be6\u60c5\u9875_22-121x300.webp 121w, https:\/\/ac-truck.com\/wp-content\/uploads\/2025\/11\/\u538b\u7f29\u5783\u573e\u8f66\u8be6\u60c5\u9875_22-415x1024.webp 415w, https:\/\/ac-truck.com\/wp-content\/uploads\/2025\/11\/\u538b\u7f29\u5783\u573e\u8f66\u8be6\u60c5\u9875_22-622x1536.webp 622w, https:\/\/ac-truck.com\/wp-content\/uploads\/2025\/11\/\u538b\u7f29\u5783\u573e\u8f66\u8be6\u60c5\u9875_22-5x12.webp 5w, https:\/\/ac-truck.com\/wp-content\/uploads\/2025\/11\/\u538b\u7f29\u5783\u573e\u8f66\u8be6\u60c5\u9875_22-600x1482.webp 600w, https:\/\/ac-truck.com\/wp-content\/uploads\/2025\/11\/\u538b\u7f29\u5783\u573e\u8f66\u8be6\u60c5\u9875_22-150x370.webp 150w\" sizes=\"(max-width: 1234px) 100vw, 1234px\" \/><\/strong><\/p>\n<p style=\"text-align: left;\"><strong>1. D\u00e9coupe des mat\u00e9riaux de production<\/strong><br \/>\n<strong>2. Soudage d'apport<\/strong><br \/>\n<strong>3. Soudure de la carrosserie<\/strong><br \/>\n<strong>4. Assemblage de la carrosserie<\/strong><br \/>\n<strong>5. Assemblage du remplissage<\/strong><br \/>\n<strong>6. Montage sur ch\u00e2ssis<\/strong><br \/>\n<strong>7. Pr\u00e9paration de la peinture<\/strong><br \/>\n<strong>8. Ach\u00e8vement du v\u00e9hicule complet<\/strong><\/p>\n<h1 style=\"text-align: center;\"><strong>SC\u00c9NARIOS PRATIQUES<\/strong><\/h1>\n<p><strong><img loading=\"lazy\" decoding=\"async\" class=\"aligncenter wp-image-5891\" src=\"https:\/\/ac-truck.com\/wp-content\/uploads\/2025\/11\/\u538b\u7f29\u5783\u573e\u8f66\u8be6\u60c5\u9875_24.webp\" alt=\"\" width=\"1234\" height=\"1237\" srcset=\"https:\/\/ac-truck.com\/wp-content\/uploads\/2025\/11\/\u538b\u7f29\u5783\u573e\u8f66\u8be6\u60c5\u9875_24.webp 752w, https:\/\/ac-truck.com\/wp-content\/uploads\/2025\/11\/\u538b\u7f29\u5783\u573e\u8f66\u8be6\u60c5\u9875_24-300x300.webp 300w, https:\/\/ac-truck.com\/wp-content\/uploads\/2025\/11\/\u538b\u7f29\u5783\u573e\u8f66\u8be6\u60c5\u9875_24-150x150.webp 150w, https:\/\/ac-truck.com\/wp-content\/uploads\/2025\/11\/\u538b\u7f29\u5783\u573e\u8f66\u8be6\u60c5\u9875_24-12x12.webp 12w, https:\/\/ac-truck.com\/wp-content\/uploads\/2025\/11\/\u538b\u7f29\u5783\u573e\u8f66\u8be6\u60c5\u9875_24-600x602.webp 600w\" sizes=\"(max-width: 1234px) 100vw, 1234px\" \/><\/strong><\/p>\n<h1 style=\"text-align: center;\"><strong>EMBALLAGE ET TRANSPORT<\/strong><\/h1>\n<p><strong><img loading=\"lazy\" decoding=\"async\" class=\"aligncenter wp-image-5892\" src=\"https:\/\/ac-truck.com\/wp-content\/uploads\/2025\/11\/\u538b\u7f29\u5783\u573e\u8f66\u8be6\u60c5\u9875_26.webp\" alt=\"\" width=\"1234\" height=\"1923\" srcset=\"https:\/\/ac-truck.com\/wp-content\/uploads\/2025\/11\/\u538b\u7f29\u5783\u573e\u8f66\u8be6\u60c5\u9875_26.webp 752w, https:\/\/ac-truck.com\/wp-content\/uploads\/2025\/11\/\u538b\u7f29\u5783\u573e\u8f66\u8be6\u60c5\u9875_26-192x300.webp 192w, https:\/\/ac-truck.com\/wp-content\/uploads\/2025\/11\/\u538b\u7f29\u5783\u573e\u8f66\u8be6\u60c5\u9875_26-657x1024.webp 657w, https:\/\/ac-truck.com\/wp-content\/uploads\/2025\/11\/\u538b\u7f29\u5783\u573e\u8f66\u8be6\u60c5\u9875_26-8x12.webp 8w, https:\/\/ac-truck.com\/wp-content\/uploads\/2025\/11\/\u538b\u7f29\u5783\u573e\u8f66\u8be6\u60c5\u9875_26-600x935.webp 600w, https:\/\/ac-truck.com\/wp-content\/uploads\/2025\/11\/\u538b\u7f29\u5783\u573e\u8f66\u8be6\u60c5\u9875_26-150x234.webp 150w\" sizes=\"(max-width: 1234px) 100vw, 1234px\" \/><\/strong><\/p>","protected":false},"excerpt":{"rendered":"<p>PRODUCT PARAMETERS 6m\u00b3garbage compression truck ISUZU project Descriptions Specifications General Overall dimensions(mm) 5995*2050*2520 curb weight(Kg) 5280 Loading capacity(Kg) 1890 Total<\/p>","protected":false},"featured_media":5893,"template":"","meta":[],"product_brand":[213],"product_cat":[192],"product_tag":[195,199],"class_list":{"0":"post-5876","1":"product","2":"type-product","3":"status-publish","4":"has-post-thumbnail","6":"product_brand-isuzu","7":"product_cat-garbage-trucks","8":"product_tag-garbage-truck","9":"product_tag-6m","11":"first","12":"instock","13":"shipping-taxable","14":"product-type-simple"},"_links":{"self":[{"href":"https:\/\/ac-truck.com\/fr\/wp-json\/wp\/v2\/product\/5876","targetHints":{"allow":["GET"]}}],"collection":[{"href":"https:\/\/ac-truck.com\/fr\/wp-json\/wp\/v2\/product"}],"about":[{"href":"https:\/\/ac-truck.com\/fr\/wp-json\/wp\/v2\/types\/product"}],"version-history":[{"count":6,"href":"https:\/\/ac-truck.com\/fr\/wp-json\/wp\/v2\/product\/5876\/revisions"}],"predecessor-version":[{"id":7903,"href":"https:\/\/ac-truck.com\/fr\/wp-json\/wp\/v2\/product\/5876\/revisions\/7903"}],"wp:featuredmedia":[{"embeddable":true,"href":"https:\/\/ac-truck.com\/fr\/wp-json\/wp\/v2\/media\/5893"}],"wp:attachment":[{"href":"https:\/\/ac-truck.com\/fr\/wp-json\/wp\/v2\/media?parent=5876"}],"wp:term":[{"taxonomy":"product_brand","embeddable":true,"href":"https:\/\/ac-truck.com\/fr\/wp-json\/wp\/v2\/product_brand?post=5876"},{"taxonomy":"product_cat","embeddable":true,"href":"https:\/\/ac-truck.com\/fr\/wp-json\/wp\/v2\/product_cat?post=5876"},{"taxonomy":"product_tag","embeddable":true,"href":"https:\/\/ac-truck.com\/fr\/wp-json\/wp\/v2\/product_tag?post=5876"}],"curies":[{"name":"wp","href":"https:\/\/api.w.org\/{rel}","templated":true}]}}