{"id":5921,"date":"2025-11-13T14:28:34","date_gmt":"2025-11-13T06:28:34","guid":{"rendered":"https:\/\/ac-truck.com\/?post_type=product&#038;p=5921"},"modified":"2026-04-08T14:28:11","modified_gmt":"2026-04-08T06:28:11","slug":"11m%c2%b3garbage-compression-truck-isuzu","status":"publish","type":"product","link":"https:\/\/ac-truck.com\/fr\/11m%C2%B3garbage-compression-truck-isuzu.html","title":{"rendered":"Camion de compression des d\u00e9chets ISUZU de 11 m\u00b3"},"content":{"rendered":"<div style=\"width: 1920px;\" class=\"wp-video\"><!--[if lt IE 9]><script>document.createElement('video');<\/script><![endif]-->\n<video class=\"wp-video-shortcode\" id=\"video-5921-1\" width=\"1920\" height=\"1080\" preload=\"metadata\" controls=\"controls\"><source type=\"video\/mp4\" src=\"https:\/\/ac-truck.com\/wp-content\/uploads\/2025\/12\/\u538b\u7f29\u65e0\u6c34\u5370.mp4?_=1\" \/><a href=\"https:\/\/ac-truck.com\/wp-content\/uploads\/2025\/12\/\u538b\u7f29\u65e0\u6c34\u5370.mp4\">https:\/\/ac-truck.com\/wp-content\/uploads\/2025\/12\/\u538b\u7f29\u65e0\u6c34\u5370.mp4<\/a><\/video><\/div>\n<p><strong><img fetchpriority=\"high\" decoding=\"async\" class=\"aligncenter wp-image-5922\" src=\"https:\/\/ac-truck.com\/wp-content\/uploads\/2025\/11\/1\u4ea7\u54c1\u6d77\u62a5_01-4.webp\" alt=\"\" width=\"1234\" height=\"1604\" srcset=\"https:\/\/ac-truck.com\/wp-content\/uploads\/2025\/11\/1\u4ea7\u54c1\u6d77\u62a5_01-4.webp 790w, https:\/\/ac-truck.com\/wp-content\/uploads\/2025\/11\/1\u4ea7\u54c1\u6d77\u62a5_01-4-231x300.webp 231w, https:\/\/ac-truck.com\/wp-content\/uploads\/2025\/11\/1\u4ea7\u54c1\u6d77\u62a5_01-4-788x1024.webp 788w, https:\/\/ac-truck.com\/wp-content\/uploads\/2025\/11\/1\u4ea7\u54c1\u6d77\u62a5_01-4-768x998.webp 768w, https:\/\/ac-truck.com\/wp-content\/uploads\/2025\/11\/1\u4ea7\u54c1\u6d77\u62a5_01-4-9x12.webp 9w, https:\/\/ac-truck.com\/wp-content\/uploads\/2025\/11\/1\u4ea7\u54c1\u6d77\u62a5_01-4-600x780.webp 600w, https:\/\/ac-truck.com\/wp-content\/uploads\/2025\/11\/1\u4ea7\u54c1\u6d77\u62a5_01-4-150x195.webp 150w\" sizes=\"(max-width: 1234px) 100vw, 1234px\" \/><\/strong><\/p>\n<h1 style=\"text-align: center;\"><strong>PARAM\u00c8TRES DU PRODUIT<\/strong><\/h1>\n<p><strong><img decoding=\"async\" class=\"aligncenter wp-image-5923\" src=\"https:\/\/ac-truck.com\/wp-content\/uploads\/2025\/11\/1\u4ea7\u54c1\u6d77\u62a5_03-4.webp\" alt=\"\" width=\"1234\" height=\"480\" srcset=\"https:\/\/ac-truck.com\/wp-content\/uploads\/2025\/11\/1\u4ea7\u54c1\u6d77\u62a5_03-4.webp 790w, https:\/\/ac-truck.com\/wp-content\/uploads\/2025\/11\/1\u4ea7\u54c1\u6d77\u62a5_03-4-300x117.webp 300w, https:\/\/ac-truck.com\/wp-content\/uploads\/2025\/11\/1\u4ea7\u54c1\u6d77\u62a5_03-4-768x298.webp 768w, https:\/\/ac-truck.com\/wp-content\/uploads\/2025\/11\/1\u4ea7\u54c1\u6d77\u62a5_03-4-18x7.webp 18w, https:\/\/ac-truck.com\/wp-content\/uploads\/2025\/11\/1\u4ea7\u54c1\u6d77\u62a5_03-4-600x233.webp 600w, https:\/\/ac-truck.com\/wp-content\/uploads\/2025\/11\/1\u4ea7\u54c1\u6d77\u62a5_03-4-150x58.webp 150w\" sizes=\"(max-width: 1234px) 100vw, 1234px\" \/><\/strong><\/p>\n<h2 style=\"text-align: center;\"><strong>Camion de compression des d\u00e9chets ISUZU de 11 m\u00b3 <\/strong><\/h2>\n<table>\n<tbody>\n<tr>\n<td width=\"85\"><strong>projet<\/strong><\/td>\n<td width=\"296\"><strong>Descriptions<\/strong><\/td>\n<td width=\"317\"><strong>Caract\u00e9ristiques<\/strong><\/td>\n<\/tr>\n<tr>\n<td rowspan=\"4\" width=\"85\"><strong>G\u00e9n\u00e9ral\u00a0<\/strong><\/td>\n<td width=\"296\"><strong>Dimensions hors tout (mm)<\/strong><\/td>\n<td width=\"317\"><strong>7605*2350*3100<\/strong><\/td>\n<\/tr>\n<tr>\n<td width=\"296\"><strong>poids \u00e0 vide (kg)<\/strong><\/td>\n<td width=\"317\"><strong>6590<\/strong><\/td>\n<\/tr>\n<tr>\n<td width=\"296\"><strong>Capacit\u00e9 de charge (kg)<\/strong><\/td>\n<td width=\"317\"><strong>3190<\/strong><\/td>\n<\/tr>\n<tr>\n<td width=\"296\"><strong>Masse totale (kg)<\/strong><\/td>\n<td width=\"317\"><strong>9975<\/strong><\/td>\n<\/tr>\n<tr>\n<td rowspan=\"3\" width=\"85\"><strong>Corps<\/strong><\/td>\n<td width=\"296\"><strong>Volume de la bo\u00eete (m\u00b3)<\/strong><\/td>\n<td width=\"317\"><strong>11<\/strong><\/td>\n<\/tr>\n<tr>\n<td width=\"296\"><strong>\u00c9paisseur de la bo\u00eete<\/strong><\/td>\n<td width=\"317\"><strong>Q235 (la plaque d'acier au mangan\u00e8se Q355 est optionnelle)<\/strong><\/td>\n<\/tr>\n<tr>\n<td width=\"296\"><strong>\u00c9paisseur de la bo\u00eete (mm)<\/strong><\/td>\n<td width=\"317\"><strong>Side 4 bottom 5<\/strong><\/td>\n<\/tr>\n<tr>\n<td rowspan=\"8\" width=\"85\"><strong>Ch\u00e2ssis<\/strong><\/p>\n<p>&nbsp;<\/td>\n<td width=\"296\"><strong>Marque du ch\u00e2ssis<\/strong><\/td>\n<td width=\"317\"><strong>ISUZU<\/strong><\/td>\n<\/tr>\n<tr>\n<td width=\"296\"><strong>Formulaire de conducteur<\/strong><\/td>\n<td width=\"317\"><strong>4*2<\/strong><\/td>\n<\/tr>\n<tr>\n<td width=\"296\"><strong>Volant<\/strong><\/td>\n<td width=\"317\"><strong>Conduite \u00e0 gauche<\/strong><\/td>\n<\/tr>\n<tr>\n<td width=\"296\"><strong>Empattement (mm)<\/strong><\/td>\n<td width=\"317\"><strong>3815<\/strong><\/td>\n<\/tr>\n<tr>\n<td width=\"296\"><strong>Marque et mod\u00e8le du moteur<\/strong><\/td>\n<td width=\"317\"><strong>4KH1CN6LB<\/strong><\/td>\n<\/tr>\n<tr>\n<td width=\"296\"><strong>Puissance maximale du moteur (kW)<\/strong><\/td>\n<td width=\"317\"><strong>110<\/strong><\/td>\n<\/tr>\n<tr>\n<td width=\"296\"><strong>Normes d&#039;\u00e9mission<\/strong><\/td>\n<td width=\"317\"><strong>Euro 6<\/strong><\/td>\n<\/tr>\n<tr>\n<td width=\"296\"><strong>Bo\u00eete de vitesse<\/strong><\/td>\n<td width=\"317\"><strong>6-speed gearbox<\/strong><\/td>\n<\/tr>\n<\/tbody>\n<\/table>\n<h1 style=\"text-align: center;\"><strong>AVANTAGES DES CAMIONS<\/strong><\/h1>\n<h5 style=\"text-align: center;\"><strong>ACCESSOIRES ESSENTIELS DU SYST\u00c8ME HYDRAULIQUE<\/strong><\/h5>\n<p><strong><img decoding=\"async\" class=\"aligncenter wp-image-5881\" src=\"https:\/\/ac-truck.com\/wp-content\/uploads\/2025\/11\/%E5%8E%8B%E7%BC%A9%E5%9E%83%E5%9C%BE%E8%BD%A6%E8%AF%A6%E6%83%85%E9%A1%B5_05.webp\" sizes=\"(max-width: 1234px) 100vw, 1234px\" srcset=\"https:\/\/ac-truck.com\/wp-content\/uploads\/2025\/11\/\u538b\u7f29\u5783\u573e\u8f66\u8be6\u60c5\u9875_05.webp 752w, https:\/\/ac-truck.com\/wp-content\/uploads\/2025\/11\/\u538b\u7f29\u5783\u573e\u8f66\u8be6\u60c5\u9875_05-157x300.webp 157w, https:\/\/ac-truck.com\/wp-content\/uploads\/2025\/11\/\u538b\u7f29\u5783\u573e\u8f66\u8be6\u60c5\u9875_05-537x1024.webp 537w, https:\/\/ac-truck.com\/wp-content\/uploads\/2025\/11\/\u538b\u7f29\u5783\u573e\u8f66\u8be6\u60c5\u9875_05-6x12.webp 6w, https:\/\/ac-truck.com\/wp-content\/uploads\/2025\/11\/\u538b\u7f29\u5783\u573e\u8f66\u8be6\u60c5\u9875_05-600x1144.webp 600w, https:\/\/ac-truck.com\/wp-content\/uploads\/2025\/11\/\u538b\u7f29\u5783\u573e\u8f66\u8be6\u60c5\u9875_05-150x286.webp 150w\" alt=\"\" width=\"1234\" height=\"2353\" \/><\/strong><\/p>\n<p><strong>1. V\u00e9rin hydraulique : Les v\u00e9rins \u00e0 sections multiples s'\u00e9tendent s\u00e9quentiellement pour fournir une course de compression plus importante, permettant de multiples compressions des d\u00e9chets.<\/strong><br \/>\n<strong>2. Pompe \u00e0 huile hydraulique : Fournit de l'huile hydraulique \u00e0 haut d\u00e9bit pour assurer une r\u00e9ponse rapide \u00e0 l'action de compression.<\/strong><br \/>\n<strong>3. Collecteur de pression d'huile\u00a0: Il ajuste la vitesse t\u00e9lescopique du v\u00e9rin. Il fonctionne \u00e0 basse vitesse et haute pression pendant la compression et \u00e0 haute vitesse et basse pression pendant la course de retour afin d'optimiser le rendement du cycle.<\/strong><br \/>\n<strong>4. Soupape de contre-pression : Stabilise la pression du syst\u00e8me hydraulique, am\u00e9liore l'efficacit\u00e9 de la compression des d\u00e9chets et prot\u00e8ge les composants hydrauliques et le syst\u00e8me.<\/strong><br \/>\n<strong>5. R\u00e9servoir d'huile hydraulique sp\u00e9cial : Le r\u00e9servoir de grande capacit\u00e9 est \u00e9quip\u00e9 d'un dispositif de dissipation de chaleur efficace (refroidi par air \/ refroidi par eau) pour assurer la temp\u00e9rature stable de l'huile hydraulique pendant un fonctionnement continu.<\/strong><\/p>\n<h1 style=\"text-align: center;\"><strong>ACCESSOIRES DE STRUCTURE DE COMPRESSION<\/strong><\/h1>\n<p><strong><img loading=\"lazy\" decoding=\"async\" class=\"aligncenter wp-image-5882\" src=\"https:\/\/ac-truck.com\/wp-content\/uploads\/2025\/11\/%E5%8E%8B%E7%BC%A9%E5%9E%83%E5%9C%BE%E8%BD%A6%E8%AF%A6%E6%83%85%E9%A1%B5_07.webp\" sizes=\"(max-width: 1234px) 100vw, 1234px\" srcset=\"https:\/\/ac-truck.com\/wp-content\/uploads\/2025\/11\/\u538b\u7f29\u5783\u573e\u8f66\u8be6\u60c5\u9875_07.webp 752w, https:\/\/ac-truck.com\/wp-content\/uploads\/2025\/11\/\u538b\u7f29\u5783\u573e\u8f66\u8be6\u60c5\u9875_07-168x300.webp 168w, https:\/\/ac-truck.com\/wp-content\/uploads\/2025\/11\/\u538b\u7f29\u5783\u573e\u8f66\u8be6\u60c5\u9875_07-575x1024.webp 575w, https:\/\/ac-truck.com\/wp-content\/uploads\/2025\/11\/\u538b\u7f29\u5783\u573e\u8f66\u8be6\u60c5\u9875_07-7x12.webp 7w, https:\/\/ac-truck.com\/wp-content\/uploads\/2025\/11\/\u538b\u7f29\u5783\u573e\u8f66\u8be6\u60c5\u9875_07-600x1069.webp 600w, https:\/\/ac-truck.com\/wp-content\/uploads\/2025\/11\/\u538b\u7f29\u5783\u573e\u8f66\u8be6\u60c5\u9875_07-150x267.webp 150w\" alt=\"\" width=\"1234\" height=\"2199\" \/><\/strong><\/p>\n<p><strong>Plaque de pouss\u00e9e haute r\u00e9sistance<\/strong><br \/>\n<strong>Dispositif de r\u00e9cup\u00e9ration li\u00e9<\/strong><br \/>\n<strong>Chambre de compression<\/strong><br \/>\n<strong>Plat \u2013 pousser le cylindre principal<\/strong><br \/>\n<strong>Mouvement vers l'avant de la base du cylindre de la pelle-pouss\u00e9e<\/strong><\/p>\n<h1 style=\"text-align: center;\"><strong>POUBELLE<\/strong><\/h1>\n<p><strong><img loading=\"lazy\" decoding=\"async\" class=\"aligncenter wp-image-5883\" src=\"https:\/\/ac-truck.com\/wp-content\/uploads\/2025\/11\/%E5%8E%8B%E7%BC%A9%E5%9E%83%E5%9C%BE%E8%BD%A6%E8%AF%A6%E6%83%85%E9%A1%B5_09.webp\" sizes=\"(max-width: 1234px) 100vw, 1234px\" srcset=\"https:\/\/ac-truck.com\/wp-content\/uploads\/2025\/11\/\u538b\u7f29\u5783\u573e\u8f66\u8be6\u60c5\u9875_09.webp 752w, https:\/\/ac-truck.com\/wp-content\/uploads\/2025\/11\/\u538b\u7f29\u5783\u573e\u8f66\u8be6\u60c5\u9875_09-300x146.webp 300w, https:\/\/ac-truck.com\/wp-content\/uploads\/2025\/11\/\u538b\u7f29\u5783\u573e\u8f66\u8be6\u60c5\u9875_09-18x9.webp 18w, https:\/\/ac-truck.com\/wp-content\/uploads\/2025\/11\/\u538b\u7f29\u5783\u573e\u8f66\u8be6\u60c5\u9875_09-600x292.webp 600w, https:\/\/ac-truck.com\/wp-content\/uploads\/2025\/11\/\u538b\u7f29\u5783\u573e\u8f66\u8be6\u60c5\u9875_09-150x73.webp 150w\" alt=\"\" width=\"1234\" height=\"601\" \/><\/strong><\/p>\n<p><strong>Bo\u00eete en forme d'arc : L'int\u00e9rieur de la poubelle est en acier haute r\u00e9sistance et sa surface est trait\u00e9e par des mesures anticorrosion (telles que la pulv\u00e9risation, le rev\u00eatement \u00e9lectrophor\u00e9tique, etc.) afin de prolonger sa dur\u00e9e de vie.<\/strong><\/p>\n<h1 style=\"text-align: center;\"><strong>STRUCTURE DE CHARGEMENT ARRI\u00c8RE<\/strong><\/h1>\n<p><strong><img loading=\"lazy\" decoding=\"async\" class=\"aligncenter wp-image-5884\" src=\"https:\/\/ac-truck.com\/wp-content\/uploads\/2025\/11\/%E5%8E%8B%E7%BC%A9%E5%9E%83%E5%9C%BE%E8%BD%A6%E8%AF%A6%E6%83%85%E9%A1%B5_11.webp\" sizes=\"(max-width: 1234px) 100vw, 1234px\" srcset=\"https:\/\/ac-truck.com\/wp-content\/uploads\/2025\/11\/\u538b\u7f29\u5783\u573e\u8f66\u8be6\u60c5\u9875_11.webp 752w, https:\/\/ac-truck.com\/wp-content\/uploads\/2025\/11\/\u538b\u7f29\u5783\u573e\u8f66\u8be6\u60c5\u9875_11-300x247.webp 300w, https:\/\/ac-truck.com\/wp-content\/uploads\/2025\/11\/\u538b\u7f29\u5783\u573e\u8f66\u8be6\u60c5\u9875_11-15x12.webp 15w, https:\/\/ac-truck.com\/wp-content\/uploads\/2025\/11\/\u538b\u7f29\u5783\u573e\u8f66\u8be6\u60c5\u9875_11-600x493.webp 600w, https:\/\/ac-truck.com\/wp-content\/uploads\/2025\/11\/\u538b\u7f29\u5783\u573e\u8f66\u8be6\u60c5\u9875_11-150x123.webp 150w\" alt=\"\" width=\"1234\" height=\"1014\" \/><\/strong><\/p>\n<p><strong>Structure de godet basculant arri\u00e8re<\/strong><br \/>\n<strong>Structure de godet triangulaire arri\u00e8re<\/strong><br \/>\n<strong>Seau plein \u2013 plancher<\/strong><br \/>\n<strong>Structure du bras oscillant arri\u00e8re<\/strong><\/p>\n<h1 style=\"text-align: center;\"><strong>R\u00c9DUIRE LA POLLUTION SECONDAIRE<\/strong><\/h1>\n<p><strong><img loading=\"lazy\" decoding=\"async\" class=\"aligncenter wp-image-5885\" src=\"https:\/\/ac-truck.com\/wp-content\/uploads\/2025\/11\/%E5%8E%8B%E7%BC%A9%E5%9E%83%E5%9C%BE%E8%BD%A6%E8%AF%A6%E6%83%85%E9%A1%B5_13.webp\" sizes=\"(max-width: 1234px) 100vw, 1234px\" srcset=\"https:\/\/ac-truck.com\/wp-content\/uploads\/2025\/11\/\u538b\u7f29\u5783\u573e\u8f66\u8be6\u60c5\u9875_13.webp 752w, https:\/\/ac-truck.com\/wp-content\/uploads\/2025\/11\/\u538b\u7f29\u5783\u573e\u8f66\u8be6\u60c5\u9875_13-300x181.webp 300w, https:\/\/ac-truck.com\/wp-content\/uploads\/2025\/11\/\u538b\u7f29\u5783\u573e\u8f66\u8be6\u60c5\u9875_13-18x12.webp 18w, https:\/\/ac-truck.com\/wp-content\/uploads\/2025\/11\/\u538b\u7f29\u5783\u573e\u8f66\u8be6\u60c5\u9875_13-600x361.webp 600w, https:\/\/ac-truck.com\/wp-content\/uploads\/2025\/11\/\u538b\u7f29\u5783\u573e\u8f66\u8be6\u60c5\u9875_13-150x90.webp 150w\" alt=\"\" width=\"1234\" height=\"743\" \/><\/strong><\/p>\n<p><strong>Bande d'\u00e9tanch\u00e9it\u00e9<\/strong><br \/>\n<strong>Conception du syst\u00e8me d'\u00e9gouts<\/strong><\/p>\n<h1 style=\"text-align: center;\"><strong>FONCTIONNEMENT SIMPLE<\/strong><\/h1>\n<p><strong><img loading=\"lazy\" decoding=\"async\" class=\"aligncenter wp-image-5886\" src=\"https:\/\/ac-truck.com\/wp-content\/uploads\/2025\/11\/%E5%8E%8B%E7%BC%A9%E5%9E%83%E5%9C%BE%E8%BD%A6%E8%AF%A6%E6%83%85%E9%A1%B5_15.webp\" sizes=\"(max-width: 1234px) 100vw, 1234px\" srcset=\"https:\/\/ac-truck.com\/wp-content\/uploads\/2025\/11\/\u538b\u7f29\u5783\u573e\u8f66\u8be6\u60c5\u9875_15.webp 752w, https:\/\/ac-truck.com\/wp-content\/uploads\/2025\/11\/\u538b\u7f29\u5783\u573e\u8f66\u8be6\u60c5\u9875_15-300x122.webp 300w, https:\/\/ac-truck.com\/wp-content\/uploads\/2025\/11\/\u538b\u7f29\u5783\u573e\u8f66\u8be6\u60c5\u9875_15-18x7.webp 18w, https:\/\/ac-truck.com\/wp-content\/uploads\/2025\/11\/\u538b\u7f29\u5783\u573e\u8f66\u8be6\u60c5\u9875_15-600x244.webp 600w, https:\/\/ac-truck.com\/wp-content\/uploads\/2025\/11\/\u538b\u7f29\u5783\u573e\u8f66\u8be6\u60c5\u9875_15-150x61.webp 150w\" alt=\"\" width=\"1234\" height=\"502\" \/><\/strong><\/p>\n<p><strong>Permet de basculer entre les modes \u00ab automatique \u00bb et \u00ab manuel \u00bb.<\/strong><br \/>\n<strong>En mode automatique, il peut fonctionner selon un cycle automatique bas\u00e9 sur des param\u00e8tres pr\u00e9d\u00e9finis, am\u00e9liorant ainsi l'efficacit\u00e9 op\u00e9rationnelle.<\/strong><\/p>\n<h1 style=\"text-align: center;\"><strong>CONCEPTION DE PROTECTION ET DE S\u00c9CURIT\u00c9<\/strong><\/h1>\n<p><strong><img loading=\"lazy\" decoding=\"async\" class=\"aligncenter wp-image-5887\" src=\"https:\/\/ac-truck.com\/wp-content\/uploads\/2025\/11\/%E5%8E%8B%E7%BC%A9%E5%9E%83%E5%9C%BE%E8%BD%A6%E8%AF%A6%E6%83%85%E9%A1%B5_17.webp\" sizes=\"(max-width: 1234px) 100vw, 1234px\" srcset=\"https:\/\/ac-truck.com\/wp-content\/uploads\/2025\/11\/\u538b\u7f29\u5783\u573e\u8f66\u8be6\u60c5\u9875_17.webp 752w, https:\/\/ac-truck.com\/wp-content\/uploads\/2025\/11\/\u538b\u7f29\u5783\u573e\u8f66\u8be6\u60c5\u9875_17-300x141.webp 300w, https:\/\/ac-truck.com\/wp-content\/uploads\/2025\/11\/\u538b\u7f29\u5783\u573e\u8f66\u8be6\u60c5\u9875_17-18x8.webp 18w, https:\/\/ac-truck.com\/wp-content\/uploads\/2025\/11\/\u538b\u7f29\u5783\u573e\u8f66\u8be6\u60c5\u9875_17-600x282.webp 600w, https:\/\/ac-truck.com\/wp-content\/uploads\/2025\/11\/\u538b\u7f29\u5783\u573e\u8f66\u8be6\u60c5\u9875_17-150x70.webp 150w\" alt=\"\" width=\"1234\" height=\"579\" \/><\/strong><\/p>\n<p><strong>Bouton d'arr\u00eat d'urgence\u00a0: R\u00e9agit rapidement en cas d'urgence pour garantir la s\u00e9curit\u00e9.<\/strong><br \/>\n<strong>Valve d'\u00e9quilibrage bidirectionnelle\u00a0: assure un \u00e9quilibrage de charge bidirectionnel et un verrouillage de s\u00e9curit\u00e9 bidirectionnel.<\/strong><\/p>\n<h1 style=\"text-align: center;\"><strong>AUTRES CONFIGURATIONS<\/strong><\/h1>\n<p><strong><img loading=\"lazy\" decoding=\"async\" class=\"aligncenter wp-image-5888\" src=\"https:\/\/ac-truck.com\/wp-content\/uploads\/2025\/11\/%E5%8E%8B%E7%BC%A9%E5%9E%83%E5%9C%BE%E8%BD%A6%E8%AF%A6%E6%83%85%E9%A1%B5_19.webp\" sizes=\"(max-width: 1234px) 100vw, 1234px\" srcset=\"https:\/\/ac-truck.com\/wp-content\/uploads\/2025\/11\/\u538b\u7f29\u5783\u573e\u8f66\u8be6\u60c5\u9875_19.webp 752w, https:\/\/ac-truck.com\/wp-content\/uploads\/2025\/11\/\u538b\u7f29\u5783\u573e\u8f66\u8be6\u60c5\u9875_19-300x86.webp 300w, https:\/\/ac-truck.com\/wp-content\/uploads\/2025\/11\/\u538b\u7f29\u5783\u573e\u8f66\u8be6\u60c5\u9875_19-18x5.webp 18w, https:\/\/ac-truck.com\/wp-content\/uploads\/2025\/11\/\u538b\u7f29\u5783\u573e\u8f66\u8be6\u60c5\u9875_19-600x172.webp 600w, https:\/\/ac-truck.com\/wp-content\/uploads\/2025\/11\/\u538b\u7f29\u5783\u573e\u8f66\u8be6\u60c5\u9875_19-150x43.webp 150w\" alt=\"\" width=\"1234\" height=\"354\" \/><\/strong><\/p>\n<p><strong>1. Tuyau d'huile hydraulique : Caract\u00e9ristiques : excellente r\u00e9sistance \u00e0 l'huile, \u00e0 la corrosion, \u00e0 la temp\u00e9rature, forte capacit\u00e9 de r\u00e9sistance \u00e0 la pression et performances de flexion flexibles.<\/strong><br \/>\n<strong>2. Manom\u00e8tre d'huile hydraulique : Surveille en temps r\u00e9el les param\u00e8tres cl\u00e9s du syst\u00e8me hydraulique, fournit une alerte pr\u00e9coce en cas de dysfonctionnement et r\u00e9duit les pertes dues aux temps d'arr\u00eat.<\/strong><br \/>\n<strong>3. Graisseur : Poss\u00e8de une interface standardis\u00e9e, assure une lubrification \u00e9tanche et prolonge la dur\u00e9e de vie des composants.<\/strong><\/p>\n<h1 style=\"text-align: center;\"><strong>PROCESSUS DE PRODUCTION<\/strong><\/h1>\n<p><strong><img loading=\"lazy\" decoding=\"async\" class=\"aligncenter wp-image-5889\" src=\"https:\/\/ac-truck.com\/wp-content\/uploads\/2025\/11\/%E5%8E%8B%E7%BC%A9%E5%9E%83%E5%9C%BE%E8%BD%A6%E8%AF%A6%E6%83%85%E9%A1%B5_21.webp\" sizes=\"(max-width: 1234px) 100vw, 1234px\" srcset=\"https:\/\/ac-truck.com\/wp-content\/uploads\/2025\/11\/\u538b\u7f29\u5783\u573e\u8f66\u8be6\u60c5\u9875_21.webp 752w, https:\/\/ac-truck.com\/wp-content\/uploads\/2025\/11\/\u538b\u7f29\u5783\u573e\u8f66\u8be6\u60c5\u9875_21-122x300.webp 122w, https:\/\/ac-truck.com\/wp-content\/uploads\/2025\/11\/\u538b\u7f29\u5783\u573e\u8f66\u8be6\u60c5\u9875_21-415x1024.webp 415w, https:\/\/ac-truck.com\/wp-content\/uploads\/2025\/11\/\u538b\u7f29\u5783\u573e\u8f66\u8be6\u60c5\u9875_21-623x1536.webp 623w, https:\/\/ac-truck.com\/wp-content\/uploads\/2025\/11\/\u538b\u7f29\u5783\u573e\u8f66\u8be6\u60c5\u9875_21-5x12.webp 5w, https:\/\/ac-truck.com\/wp-content\/uploads\/2025\/11\/\u538b\u7f29\u5783\u573e\u8f66\u8be6\u60c5\u9875_21-600x1479.webp 600w, https:\/\/ac-truck.com\/wp-content\/uploads\/2025\/11\/\u538b\u7f29\u5783\u573e\u8f66\u8be6\u60c5\u9875_21-150x370.webp 150w\" alt=\"\" width=\"1234\" height=\"3042\" \/><img loading=\"lazy\" decoding=\"async\" class=\"aligncenter wp-image-5890\" src=\"https:\/\/ac-truck.com\/wp-content\/uploads\/2025\/11\/%E5%8E%8B%E7%BC%A9%E5%9E%83%E5%9C%BE%E8%BD%A6%E8%AF%A6%E6%83%85%E9%A1%B5_22.webp\" sizes=\"(max-width: 1234px) 100vw, 1234px\" srcset=\"https:\/\/ac-truck.com\/wp-content\/uploads\/2025\/11\/\u538b\u7f29\u5783\u573e\u8f66\u8be6\u60c5\u9875_22.webp 752w, https:\/\/ac-truck.com\/wp-content\/uploads\/2025\/11\/\u538b\u7f29\u5783\u573e\u8f66\u8be6\u60c5\u9875_22-121x300.webp 121w, https:\/\/ac-truck.com\/wp-content\/uploads\/2025\/11\/\u538b\u7f29\u5783\u573e\u8f66\u8be6\u60c5\u9875_22-415x1024.webp 415w, https:\/\/ac-truck.com\/wp-content\/uploads\/2025\/11\/\u538b\u7f29\u5783\u573e\u8f66\u8be6\u60c5\u9875_22-622x1536.webp 622w, https:\/\/ac-truck.com\/wp-content\/uploads\/2025\/11\/\u538b\u7f29\u5783\u573e\u8f66\u8be6\u60c5\u9875_22-5x12.webp 5w, https:\/\/ac-truck.com\/wp-content\/uploads\/2025\/11\/\u538b\u7f29\u5783\u573e\u8f66\u8be6\u60c5\u9875_22-600x1482.webp 600w, https:\/\/ac-truck.com\/wp-content\/uploads\/2025\/11\/\u538b\u7f29\u5783\u573e\u8f66\u8be6\u60c5\u9875_22-150x370.webp 150w\" alt=\"\" width=\"1234\" height=\"3047\" \/><\/strong><\/p>\n<p><strong>1. D\u00e9coupe des mat\u00e9riaux de production<\/strong><br \/>\n<strong>2. Soudage d'apport<\/strong><br \/>\n<strong>3. Soudure de la carrosserie<\/strong><br \/>\n<strong>4. Assemblage de la carrosserie<\/strong><br \/>\n<strong>5. Assemblage du remplissage<\/strong><br \/>\n<strong>6. Montage sur ch\u00e2ssis<\/strong><br \/>\n<strong>7. Pr\u00e9paration de la peinture<\/strong><br \/>\n<strong>8. Ach\u00e8vement du v\u00e9hicule complet<\/strong><\/p>\n<h1 style=\"text-align: center;\"><strong>SC\u00c9NARIOS PRATIQUES<\/strong><\/h1>\n<p><strong><img loading=\"lazy\" decoding=\"async\" class=\"aligncenter wp-image-5891\" src=\"https:\/\/ac-truck.com\/wp-content\/uploads\/2025\/11\/%E5%8E%8B%E7%BC%A9%E5%9E%83%E5%9C%BE%E8%BD%A6%E8%AF%A6%E6%83%85%E9%A1%B5_24.webp\" sizes=\"(max-width: 1234px) 100vw, 1234px\" srcset=\"https:\/\/ac-truck.com\/wp-content\/uploads\/2025\/11\/\u538b\u7f29\u5783\u573e\u8f66\u8be6\u60c5\u9875_24.webp 752w, https:\/\/ac-truck.com\/wp-content\/uploads\/2025\/11\/\u538b\u7f29\u5783\u573e\u8f66\u8be6\u60c5\u9875_24-300x300.webp 300w, https:\/\/ac-truck.com\/wp-content\/uploads\/2025\/11\/\u538b\u7f29\u5783\u573e\u8f66\u8be6\u60c5\u9875_24-150x150.webp 150w, https:\/\/ac-truck.com\/wp-content\/uploads\/2025\/11\/\u538b\u7f29\u5783\u573e\u8f66\u8be6\u60c5\u9875_24-12x12.webp 12w, https:\/\/ac-truck.com\/wp-content\/uploads\/2025\/11\/\u538b\u7f29\u5783\u573e\u8f66\u8be6\u60c5\u9875_24-600x602.webp 600w\" alt=\"\" width=\"1234\" height=\"1237\" \/><\/strong><\/p>\n<h1 style=\"text-align: center;\"><strong>EMBALLAGE ET TRANSPORT<\/strong><\/h1>\n<p><strong><img loading=\"lazy\" decoding=\"async\" class=\"aligncenter wp-image-5892\" src=\"https:\/\/ac-truck.com\/wp-content\/uploads\/2025\/11\/%E5%8E%8B%E7%BC%A9%E5%9E%83%E5%9C%BE%E8%BD%A6%E8%AF%A6%E6%83%85%E9%A1%B5_26.webp\" sizes=\"(max-width: 1234px) 100vw, 1234px\" srcset=\"https:\/\/ac-truck.com\/wp-content\/uploads\/2025\/11\/\u538b\u7f29\u5783\u573e\u8f66\u8be6\u60c5\u9875_26.webp 752w, https:\/\/ac-truck.com\/wp-content\/uploads\/2025\/11\/\u538b\u7f29\u5783\u573e\u8f66\u8be6\u60c5\u9875_26-192x300.webp 192w, https:\/\/ac-truck.com\/wp-content\/uploads\/2025\/11\/\u538b\u7f29\u5783\u573e\u8f66\u8be6\u60c5\u9875_26-657x1024.webp 657w, https:\/\/ac-truck.com\/wp-content\/uploads\/2025\/11\/\u538b\u7f29\u5783\u573e\u8f66\u8be6\u60c5\u9875_26-8x12.webp 8w, https:\/\/ac-truck.com\/wp-content\/uploads\/2025\/11\/\u538b\u7f29\u5783\u573e\u8f66\u8be6\u60c5\u9875_26-600x935.webp 600w, https:\/\/ac-truck.com\/wp-content\/uploads\/2025\/11\/\u538b\u7f29\u5783\u573e\u8f66\u8be6\u60c5\u9875_26-150x234.webp 150w\" alt=\"\" width=\"1234\" height=\"1923\" \/><\/strong><\/p>","protected":false},"excerpt":{"rendered":"<p>PRODUCT PARAMETERS 11m\u00b3garbage compression truck ISUZU project Descriptions Specifications General\u00a0 Overall dimensions(mm) 7605*2350*3100 curb weight(Kg) 6590 Loading capacity(Kg) 3190 Total<\/p>","protected":false},"featured_media":5924,"template":"","meta":[],"product_brand":[213],"product_cat":[192],"product_tag":[195,306],"class_list":{"0":"post-5921","1":"product","2":"type-product","3":"status-publish","4":"has-post-thumbnail","6":"product_brand-isuzu","7":"product_cat-garbage-trucks","8":"product_tag-garbage-truck","9":"product_tag-11m","11":"first","12":"instock","13":"shipping-taxable","14":"product-type-simple"},"_links":{"self":[{"href":"https:\/\/ac-truck.com\/fr\/wp-json\/wp\/v2\/product\/5921","targetHints":{"allow":["GET"]}}],"collection":[{"href":"https:\/\/ac-truck.com\/fr\/wp-json\/wp\/v2\/product"}],"about":[{"href":"https:\/\/ac-truck.com\/fr\/wp-json\/wp\/v2\/types\/product"}],"version-history":[{"count":3,"href":"https:\/\/ac-truck.com\/fr\/wp-json\/wp\/v2\/product\/5921\/revisions"}],"predecessor-version":[{"id":7902,"href":"https:\/\/ac-truck.com\/fr\/wp-json\/wp\/v2\/product\/5921\/revisions\/7902"}],"wp:featuredmedia":[{"embeddable":true,"href":"https:\/\/ac-truck.com\/fr\/wp-json\/wp\/v2\/media\/5924"}],"wp:attachment":[{"href":"https:\/\/ac-truck.com\/fr\/wp-json\/wp\/v2\/media?parent=5921"}],"wp:term":[{"taxonomy":"product_brand","embeddable":true,"href":"https:\/\/ac-truck.com\/fr\/wp-json\/wp\/v2\/product_brand?post=5921"},{"taxonomy":"product_cat","embeddable":true,"href":"https:\/\/ac-truck.com\/fr\/wp-json\/wp\/v2\/product_cat?post=5921"},{"taxonomy":"product_tag","embeddable":true,"href":"https:\/\/ac-truck.com\/fr\/wp-json\/wp\/v2\/product_tag?post=5921"}],"curies":[{"name":"wp","href":"https:\/\/api.w.org\/{rel}","templated":true}]}}