{"id":6021,"date":"2025-11-19T11:33:44","date_gmt":"2025-11-19T03:33:44","guid":{"rendered":"https:\/\/ac-truck.com\/?post_type=product&#038;p=6021"},"modified":"2026-01-10T15:30:09","modified_gmt":"2026-01-10T07:30:09","slug":"4-ton-knuckle-boom-crane-foton","status":"publish","type":"product","link":"https:\/\/ac-truck.com\/fr\/4-ton-knuckle-boom-crane-foton.html","title":{"rendered":"Grue \u00e0 fl\u00e8che articul\u00e9e FOTON de 4 tonnes"},"content":{"rendered":"<p><strong><img fetchpriority=\"high\" decoding=\"async\" class=\"aligncenter wp-image-6034\" src=\"https:\/\/ac-truck.com\/wp-content\/uploads\/2025\/11\/\u6574\u8f66\u6d77\u62a5_01.webp\" alt=\"\" width=\"1234\" height=\"1598\" srcset=\"https:\/\/ac-truck.com\/wp-content\/uploads\/2025\/11\/\u6574\u8f66\u6d77\u62a5_01.webp 790w, https:\/\/ac-truck.com\/wp-content\/uploads\/2025\/11\/\u6574\u8f66\u6d77\u62a5_01-232x300.webp 232w, https:\/\/ac-truck.com\/wp-content\/uploads\/2025\/11\/\u6574\u8f66\u6d77\u62a5_01-768x995.webp 768w, https:\/\/ac-truck.com\/wp-content\/uploads\/2025\/11\/\u6574\u8f66\u6d77\u62a5_01-9x12.webp 9w, https:\/\/ac-truck.com\/wp-content\/uploads\/2025\/11\/\u6574\u8f66\u6d77\u62a5_01-600x777.webp 600w, https:\/\/ac-truck.com\/wp-content\/uploads\/2025\/11\/\u6574\u8f66\u6d77\u62a5_01-150x194.webp 150w\" sizes=\"(max-width: 1234px) 100vw, 1234px\" \/><\/strong><\/p>\n<h1 style=\"text-align: center;\"><strong>PARAM\u00c8TRES DU PRODUIT<\/strong><\/h1>\n<p><strong><img decoding=\"async\" class=\"aligncenter wp-image-6035\" src=\"https:\/\/ac-truck.com\/wp-content\/uploads\/2025\/11\/\u6574\u8f66\u6d77\u62a5_03.webp\" alt=\"\" width=\"1234\" height=\"469\" srcset=\"https:\/\/ac-truck.com\/wp-content\/uploads\/2025\/11\/\u6574\u8f66\u6d77\u62a5_03.webp 790w, https:\/\/ac-truck.com\/wp-content\/uploads\/2025\/11\/\u6574\u8f66\u6d77\u62a5_03-300x114.webp 300w, https:\/\/ac-truck.com\/wp-content\/uploads\/2025\/11\/\u6574\u8f66\u6d77\u62a5_03-768x292.webp 768w, https:\/\/ac-truck.com\/wp-content\/uploads\/2025\/11\/\u6574\u8f66\u6d77\u62a5_03-18x7.webp 18w, https:\/\/ac-truck.com\/wp-content\/uploads\/2025\/11\/\u6574\u8f66\u6d77\u62a5_03-600x228.webp 600w, https:\/\/ac-truck.com\/wp-content\/uploads\/2025\/11\/\u6574\u8f66\u6d77\u62a5_03-150x57.webp 150w\" sizes=\"(max-width: 1234px) 100vw, 1234px\" \/><\/strong><\/p>\n<h2 style=\"text-align: center;\"><strong>Grue \u00e0 fl\u00e8che articul\u00e9e FOTON de 4 tonnes<\/strong><\/h2>\n<table>\n<tbody>\n<tr>\n<td width=\"79\"><strong>projet<\/strong><\/td>\n<td width=\"319\"><strong>Descriptions<\/strong><\/td>\n<td width=\"288\"><strong>Caract\u00e9ristiques<\/strong><\/td>\n<\/tr>\n<tr>\n<td rowspan=\"4\" width=\"79\"><strong>Basique<\/strong><\/td>\n<td width=\"319\"><strong>Dimensions hors tout (mm)<\/strong><\/td>\n<td width=\"288\"><strong>9000\u00d72500\u00d73750<\/strong><\/td>\n<\/tr>\n<tr>\n<td width=\"319\"><strong>poids \u00e0 vide (kg)<\/strong><\/td>\n<td width=\"288\"><strong>12080<\/strong><\/td>\n<\/tr>\n<tr>\n<td width=\"319\"><strong>Capacit\u00e9 de charge (kg)<\/strong><\/td>\n<td width=\"288\"><strong>5790<\/strong><\/td>\n<\/tr>\n<tr>\n<td width=\"319\"><strong>Masse totale (kg)<\/strong><\/td>\n<td width=\"288\"><strong>18000<\/strong><\/td>\n<\/tr>\n<tr>\n<td rowspan=\"4\" width=\"79\"><strong>Corps<\/strong><\/td>\n<td width=\"319\"><strong>Dimensions de la caisse de chargement (mm)<\/strong><\/td>\n<td width=\"288\"><strong>6100x2400x550<\/strong><\/td>\n<\/tr>\n<tr>\n<td width=\"319\"><strong>Poids maximal soulev\u00e9 (kg)<\/strong><\/td>\n<td width=\"288\"><strong>5000<\/strong><\/td>\n<\/tr>\n<tr>\n<td width=\"319\"><strong>Rayon de travail (m)<\/strong><\/td>\n<td width=\"288\"><strong>7.1<\/strong><\/td>\n<\/tr>\n<tr>\n<td width=\"319\"><strong>Hauteur de levage (m)<\/strong><\/td>\n<td width=\"288\"><strong>8<\/strong><\/td>\n<\/tr>\n<tr>\n<td rowspan=\"7\" width=\"79\"><strong>Ch\u00e2ssis<\/strong><\/p>\n<p>&nbsp;<\/td>\n<td width=\"319\"><strong>Marque du ch\u00e2ssis<\/strong><\/td>\n<td width=\"288\"><strong>FOTON<\/strong><\/td>\n<\/tr>\n<tr>\n<td width=\"319\"><strong>Formulaire de conduite<\/strong><\/td>\n<td width=\"288\"><strong>4*2<\/strong><\/td>\n<\/tr>\n<tr>\n<td width=\"319\"><strong>Volant<\/strong><\/td>\n<td width=\"288\"><strong>Conduite \u00e0 gauche<\/strong><\/td>\n<\/tr>\n<tr>\n<td width=\"319\"><strong>Empattement (mm)<\/strong><\/td>\n<td width=\"288\"><strong>5150<\/strong><\/td>\n<\/tr>\n<tr>\n<td width=\"319\"><strong>Marque et mod\u00e8le du moteur<\/strong><\/td>\n<td width=\"288\"><strong>ISF4.5 210<\/strong><\/td>\n<\/tr>\n<tr>\n<td width=\"319\"><strong>Puissance maximale du moteur (kW)<\/strong><\/td>\n<td width=\"288\"><strong>154\/210HP<\/strong><\/td>\n<\/tr>\n<tr>\n<td width=\"319\"><strong>Bo\u00eete de vitesse<\/strong><\/td>\n<td width=\"288\"><strong>8JS85T,8speed forward 2 reverse<\/strong><\/td>\n<\/tr>\n<\/tbody>\n<\/table>\n<h1 style=\"text-align: center;\"><strong>AVANTAGES DU V\u00c9HICULE<\/strong><\/h1>\n<h4 style=\"text-align: center;\"><strong> TYPES DE GRUES<\/strong><\/h4>\n<p><strong><img decoding=\"async\" class=\"aligncenter wp-image-6022\" src=\"https:\/\/ac-truck.com\/wp-content\/uploads\/2025\/11\/\u968f\u8f66\u540a\u8be6\u60c5\u9875_05.webp\" alt=\"\" width=\"1234\" height=\"456\" srcset=\"https:\/\/ac-truck.com\/wp-content\/uploads\/2025\/11\/\u968f\u8f66\u540a\u8be6\u60c5\u9875_05.webp 790w, https:\/\/ac-truck.com\/wp-content\/uploads\/2025\/11\/\u968f\u8f66\u540a\u8be6\u60c5\u9875_05-300x111.webp 300w, https:\/\/ac-truck.com\/wp-content\/uploads\/2025\/11\/\u968f\u8f66\u540a\u8be6\u60c5\u9875_05-768x284.webp 768w, https:\/\/ac-truck.com\/wp-content\/uploads\/2025\/11\/\u968f\u8f66\u540a\u8be6\u60c5\u9875_05-18x7.webp 18w, https:\/\/ac-truck.com\/wp-content\/uploads\/2025\/11\/\u968f\u8f66\u540a\u8be6\u60c5\u9875_05-600x222.webp 600w, https:\/\/ac-truck.com\/wp-content\/uploads\/2025\/11\/\u968f\u8f66\u540a\u8be6\u60c5\u9875_05-150x55.webp 150w\" sizes=\"(max-width: 1234px) 100vw, 1234px\" \/><\/strong><\/p>\n<p><strong>Type \u00e0 bras droit : Il est facile \u00e0 utiliser et offre une grande stabilit\u00e9.<\/strong><br \/>\n<strong>Mod\u00e8le \u00e0 bras pliables : il offre une grande efficacit\u00e9 et un gain de place.<\/strong><\/p>\n<h1 style=\"text-align: center;\"><strong>ACCESSOIRES POUR GRUES<\/strong><\/h1>\n<p><strong><img loading=\"lazy\" decoding=\"async\" class=\"aligncenter wp-image-6023\" src=\"https:\/\/ac-truck.com\/wp-content\/uploads\/2025\/11\/\u968f\u8f66\u540a\u8be6\u60c5\u9875_07.webp\" alt=\"\" width=\"1234\" height=\"1150\" srcset=\"https:\/\/ac-truck.com\/wp-content\/uploads\/2025\/11\/\u968f\u8f66\u540a\u8be6\u60c5\u9875_07.webp 790w, https:\/\/ac-truck.com\/wp-content\/uploads\/2025\/11\/\u968f\u8f66\u540a\u8be6\u60c5\u9875_07-300x279.webp 300w, https:\/\/ac-truck.com\/wp-content\/uploads\/2025\/11\/\u968f\u8f66\u540a\u8be6\u60c5\u9875_07-768x716.webp 768w, https:\/\/ac-truck.com\/wp-content\/uploads\/2025\/11\/\u968f\u8f66\u540a\u8be6\u60c5\u9875_07-13x12.webp 13w, https:\/\/ac-truck.com\/wp-content\/uploads\/2025\/11\/\u968f\u8f66\u540a\u8be6\u60c5\u9875_07-600x559.webp 600w, https:\/\/ac-truck.com\/wp-content\/uploads\/2025\/11\/\u968f\u8f66\u540a\u8be6\u60c5\u9875_07-150x140.webp 150w\" sizes=\"(max-width: 1234px) 100vw, 1234px\" \/><\/strong><\/p>\n<p><strong>Structure de fl\u00e8che hexagonale<\/strong><br \/>\n<strong>Crochet de grue<\/strong><br \/>\n<strong>D\u00e9tails du c\u00e2ble m\u00e9tallique \u00e0 crochet<\/strong><br \/>\n<strong>C\u00e2ble en acier galvanis\u00e9<\/strong><\/p>\n<h1 style=\"text-align: center;\"><strong>FONCTION DE TRANSPORT<\/strong><\/h1>\n<p><strong><img loading=\"lazy\" decoding=\"async\" class=\"aligncenter wp-image-6024\" src=\"https:\/\/ac-truck.com\/wp-content\/uploads\/2025\/11\/\u968f\u8f66\u540a\u8be6\u60c5\u9875_09.webp\" alt=\"\" width=\"1234\" height=\"906\" srcset=\"https:\/\/ac-truck.com\/wp-content\/uploads\/2025\/11\/\u968f\u8f66\u540a\u8be6\u60c5\u9875_09.webp 790w, https:\/\/ac-truck.com\/wp-content\/uploads\/2025\/11\/\u968f\u8f66\u540a\u8be6\u60c5\u9875_09-300x220.webp 300w, https:\/\/ac-truck.com\/wp-content\/uploads\/2025\/11\/\u968f\u8f66\u540a\u8be6\u60c5\u9875_09-768x564.webp 768w, https:\/\/ac-truck.com\/wp-content\/uploads\/2025\/11\/\u968f\u8f66\u540a\u8be6\u60c5\u9875_09-16x12.webp 16w, https:\/\/ac-truck.com\/wp-content\/uploads\/2025\/11\/\u968f\u8f66\u540a\u8be6\u60c5\u9875_09-600x441.webp 600w, https:\/\/ac-truck.com\/wp-content\/uploads\/2025\/11\/\u968f\u8f66\u540a\u8be6\u60c5\u9875_09-150x110.webp 150w\" sizes=\"(max-width: 1234px) 100vw, 1234px\" \/><\/strong><\/p>\n<p><strong>Proc\u00e9d\u00e9 de fabrication du ch\u00e2ssis \u00e0 poutre auxiliaire\u00a0: Le ch\u00e2ssis \u00e0 poutre auxiliaire adopte une technologie de rivetage \u00e0 froid avec une conception l\u00e9g\u00e8re, r\u00e9sistante \u00e0 la d\u00e9formation, \u00e0 la fissuration et \u00e0 la corrosion.<\/strong><\/p>\n<p><strong><img loading=\"lazy\" decoding=\"async\" class=\"aligncenter wp-image-6025\" src=\"https:\/\/ac-truck.com\/wp-content\/uploads\/2025\/11\/\u968f\u8f66\u540a\u8be6\u60c5\u9875_11.webp\" alt=\"\" width=\"1234\" height=\"1528\" srcset=\"https:\/\/ac-truck.com\/wp-content\/uploads\/2025\/11\/\u968f\u8f66\u540a\u8be6\u60c5\u9875_11.webp 790w, https:\/\/ac-truck.com\/wp-content\/uploads\/2025\/11\/\u968f\u8f66\u540a\u8be6\u60c5\u9875_11-242x300.webp 242w, https:\/\/ac-truck.com\/wp-content\/uploads\/2025\/11\/\u968f\u8f66\u540a\u8be6\u60c5\u9875_11-768x951.webp 768w, https:\/\/ac-truck.com\/wp-content\/uploads\/2025\/11\/\u968f\u8f66\u540a\u8be6\u60c5\u9875_11-10x12.webp 10w, https:\/\/ac-truck.com\/wp-content\/uploads\/2025\/11\/\u968f\u8f66\u540a\u8be6\u60c5\u9875_11-600x743.webp 600w, https:\/\/ac-truck.com\/wp-content\/uploads\/2025\/11\/\u968f\u8f66\u540a\u8be6\u60c5\u9875_11-150x186.webp 150w\" sizes=\"(max-width: 1234px) 100vw, 1234px\" \/><\/strong><\/p>\n<p><strong>La liaison entre la caisse de chargement et la poutre auxiliaire est solide.<\/strong><br \/>\n<strong>Bo\u00eete de chargement<\/strong><br \/>\n<strong>Charni\u00e8re<\/strong><br \/>\n<strong>dispositif de serrage de corde<\/strong><br \/>\n<strong>poign\u00e9e de verrouillage de garde-corps<\/strong><\/p>\n<h1 style=\"text-align: center;\"><strong>SYST\u00c8ME DE COMMANDE HYDRAULIQUE<\/strong><\/h1>\n<p><strong><img loading=\"lazy\" decoding=\"async\" class=\"aligncenter wp-image-6026\" src=\"https:\/\/ac-truck.com\/wp-content\/uploads\/2025\/11\/\u968f\u8f66\u540a\u8be6\u60c5\u9875_13.webp\" alt=\"\" width=\"1234\" height=\"1921\" srcset=\"https:\/\/ac-truck.com\/wp-content\/uploads\/2025\/11\/\u968f\u8f66\u540a\u8be6\u60c5\u9875_13.webp 790w, https:\/\/ac-truck.com\/wp-content\/uploads\/2025\/11\/\u968f\u8f66\u540a\u8be6\u60c5\u9875_13-193x300.webp 193w, https:\/\/ac-truck.com\/wp-content\/uploads\/2025\/11\/\u968f\u8f66\u540a\u8be6\u60c5\u9875_13-658x1024.webp 658w, https:\/\/ac-truck.com\/wp-content\/uploads\/2025\/11\/\u968f\u8f66\u540a\u8be6\u60c5\u9875_13-768x1196.webp 768w, https:\/\/ac-truck.com\/wp-content\/uploads\/2025\/11\/\u968f\u8f66\u540a\u8be6\u60c5\u9875_13-8x12.webp 8w, https:\/\/ac-truck.com\/wp-content\/uploads\/2025\/11\/\u968f\u8f66\u540a\u8be6\u60c5\u9875_13-600x934.webp 600w, https:\/\/ac-truck.com\/wp-content\/uploads\/2025\/11\/\u968f\u8f66\u540a\u8be6\u60c5\u9875_13-150x234.webp 150w\" sizes=\"(max-width: 1234px) 100vw, 1234px\" \/> <img loading=\"lazy\" decoding=\"async\" class=\"aligncenter wp-image-6027\" src=\"https:\/\/ac-truck.com\/wp-content\/uploads\/2025\/11\/\u968f\u8f66\u540a\u8be6\u60c5\u9875_14.webp\" alt=\"\" width=\"1234\" height=\"1674\" srcset=\"https:\/\/ac-truck.com\/wp-content\/uploads\/2025\/11\/\u968f\u8f66\u540a\u8be6\u60c5\u9875_14.webp 790w, https:\/\/ac-truck.com\/wp-content\/uploads\/2025\/11\/\u968f\u8f66\u540a\u8be6\u60c5\u9875_14-221x300.webp 221w, https:\/\/ac-truck.com\/wp-content\/uploads\/2025\/11\/\u968f\u8f66\u540a\u8be6\u60c5\u9875_14-755x1024.webp 755w, https:\/\/ac-truck.com\/wp-content\/uploads\/2025\/11\/\u968f\u8f66\u540a\u8be6\u60c5\u9875_14-768x1042.webp 768w, https:\/\/ac-truck.com\/wp-content\/uploads\/2025\/11\/\u968f\u8f66\u540a\u8be6\u60c5\u9875_14-9x12.webp 9w, https:\/\/ac-truck.com\/wp-content\/uploads\/2025\/11\/\u968f\u8f66\u540a\u8be6\u60c5\u9875_14-600x814.webp 600w, https:\/\/ac-truck.com\/wp-content\/uploads\/2025\/11\/\u968f\u8f66\u540a\u8be6\u60c5\u9875_14-150x204.webp 150w\" sizes=\"(max-width: 1234px) 100vw, 1234px\" \/><\/strong><\/p>\n<p><strong>1. Syst\u00e8me hydraulique global<\/strong><br \/>\n<strong>2. Hydraulique partielle importante<\/strong><br \/>\n<strong>3. V\u00e9rin de levage de fl\u00e8che<\/strong><br \/>\n<strong>4. R\u00e9servoir d'huile hydraulique<\/strong><br \/>\n<strong>5. Vanne hydraulique<\/strong><br \/>\n<strong>6. Canalisation hydraulique<\/strong><\/p>\n<h1 style=\"text-align: center;\"><strong>FONCTIONS DE FONCTIONNEMENT ET DE CONTR\u00d4LE<\/strong><\/h1>\n<p><strong><img loading=\"lazy\" decoding=\"async\" class=\"aligncenter wp-image-6028\" src=\"https:\/\/ac-truck.com\/wp-content\/uploads\/2025\/11\/\u968f\u8f66\u540a\u8be6\u60c5\u9875_16.webp\" alt=\"\" width=\"1234\" height=\"1828\" srcset=\"https:\/\/ac-truck.com\/wp-content\/uploads\/2025\/11\/\u968f\u8f66\u540a\u8be6\u60c5\u9875_16.webp 790w, https:\/\/ac-truck.com\/wp-content\/uploads\/2025\/11\/\u968f\u8f66\u540a\u8be6\u60c5\u9875_16-203x300.webp 203w, https:\/\/ac-truck.com\/wp-content\/uploads\/2025\/11\/\u968f\u8f66\u540a\u8be6\u60c5\u9875_16-691x1024.webp 691w, https:\/\/ac-truck.com\/wp-content\/uploads\/2025\/11\/\u968f\u8f66\u540a\u8be6\u60c5\u9875_16-768x1137.webp 768w, https:\/\/ac-truck.com\/wp-content\/uploads\/2025\/11\/\u968f\u8f66\u540a\u8be6\u60c5\u9875_16-8x12.webp 8w, https:\/\/ac-truck.com\/wp-content\/uploads\/2025\/11\/\u968f\u8f66\u540a\u8be6\u60c5\u9875_16-600x889.webp 600w, https:\/\/ac-truck.com\/wp-content\/uploads\/2025\/11\/\u968f\u8f66\u540a\u8be6\u60c5\u9875_16-150x222.webp 150w\" sizes=\"(max-width: 1234px) 100vw, 1234px\" \/><\/strong><\/p>\n<p><strong>t\u00e9l\u00e9commande sans fil<\/strong><br \/>\n<strong>Poign\u00e9e de commande<\/strong><br \/>\n<strong>Rotation \u00e0 360\u00b0 de la table tournante de la grue<\/strong><br \/>\n<strong>High &#8211; altitude operation seat<\/strong><br \/>\n<strong>\u00c9chelle sup\u00e9rieure du v\u00e9hicule<\/strong><br \/>\n<strong>\u00c9chelle d'op\u00e9rations sup\u00e9rieures<\/strong><\/p>\n<h1 style=\"text-align: center;\"><strong>PROTECTION DE S\u00c9CURIT\u00c9<\/strong><\/h1>\n<p><strong><img loading=\"lazy\" decoding=\"async\" class=\"aligncenter wp-image-6029\" src=\"https:\/\/ac-truck.com\/wp-content\/uploads\/2025\/11\/\u968f\u8f66\u540a\u8be6\u60c5\u9875_18.webp\" alt=\"\" width=\"1234\" height=\"1793\" srcset=\"https:\/\/ac-truck.com\/wp-content\/uploads\/2025\/11\/\u968f\u8f66\u540a\u8be6\u60c5\u9875_18.webp 790w, https:\/\/ac-truck.com\/wp-content\/uploads\/2025\/11\/\u968f\u8f66\u540a\u8be6\u60c5\u9875_18-206x300.webp 206w, https:\/\/ac-truck.com\/wp-content\/uploads\/2025\/11\/\u968f\u8f66\u540a\u8be6\u60c5\u9875_18-705x1024.webp 705w, https:\/\/ac-truck.com\/wp-content\/uploads\/2025\/11\/\u968f\u8f66\u540a\u8be6\u60c5\u9875_18-768x1116.webp 768w, https:\/\/ac-truck.com\/wp-content\/uploads\/2025\/11\/\u968f\u8f66\u540a\u8be6\u60c5\u9875_18-8x12.webp 8w, https:\/\/ac-truck.com\/wp-content\/uploads\/2025\/11\/\u968f\u8f66\u540a\u8be6\u60c5\u9875_18-600x872.webp 600w, https:\/\/ac-truck.com\/wp-content\/uploads\/2025\/11\/\u968f\u8f66\u540a\u8be6\u60c5\u9875_18-150x218.webp 150w\" sizes=\"(max-width: 1234px) 100vw, 1234px\" \/><\/strong><\/p>\n<p><strong>Positionnement du c\u00e2ble m\u00e9tallique de la fl\u00e8che t\u00e9lescopique<\/strong><br \/>\n<strong>Tableau des capacit\u00e9s de levage<\/strong><br \/>\n<strong>Valve d'\u00e9quilibrage<\/strong><br \/>\n<strong>U &#8211; bolt for crane installation<\/strong><br \/>\n<strong>stabilisateur de grue<\/strong><br \/>\n<strong>jauge de niveau<\/strong><br \/>\n<strong>Radiateur<\/strong><\/p>\n<h1 style=\"text-align: center;\"><strong>PROCESSUS DE PRODUCTION<\/strong><\/h1>\n<p><strong><img loading=\"lazy\" decoding=\"async\" class=\"aligncenter wp-image-6030\" src=\"https:\/\/ac-truck.com\/wp-content\/uploads\/2025\/11\/\u968f\u8f66\u540a\u8be6\u60c5\u9875_20.webp\" alt=\"\" width=\"1234\" height=\"2590\" srcset=\"https:\/\/ac-truck.com\/wp-content\/uploads\/2025\/11\/\u968f\u8f66\u540a\u8be6\u60c5\u9875_20.webp 790w, https:\/\/ac-truck.com\/wp-content\/uploads\/2025\/11\/\u968f\u8f66\u540a\u8be6\u60c5\u9875_20-143x300.webp 143w, https:\/\/ac-truck.com\/wp-content\/uploads\/2025\/11\/\u968f\u8f66\u540a\u8be6\u60c5\u9875_20-488x1024.webp 488w, https:\/\/ac-truck.com\/wp-content\/uploads\/2025\/11\/\u968f\u8f66\u540a\u8be6\u60c5\u9875_20-768x1612.webp 768w, https:\/\/ac-truck.com\/wp-content\/uploads\/2025\/11\/\u968f\u8f66\u540a\u8be6\u60c5\u9875_20-732x1536.webp 732w, https:\/\/ac-truck.com\/wp-content\/uploads\/2025\/11\/\u968f\u8f66\u540a\u8be6\u60c5\u9875_20-6x12.webp 6w, https:\/\/ac-truck.com\/wp-content\/uploads\/2025\/11\/\u968f\u8f66\u540a\u8be6\u60c5\u9875_20-600x1259.webp 600w, https:\/\/ac-truck.com\/wp-content\/uploads\/2025\/11\/\u968f\u8f66\u540a\u8be6\u60c5\u9875_20-150x315.webp 150w\" sizes=\"(max-width: 1234px) 100vw, 1234px\" \/> <img loading=\"lazy\" decoding=\"async\" class=\"aligncenter wp-image-6031\" src=\"https:\/\/ac-truck.com\/wp-content\/uploads\/2025\/11\/\u968f\u8f66\u540a\u8be6\u60c5\u9875_21.webp\" alt=\"\" width=\"1234\" height=\"2596\" srcset=\"https:\/\/ac-truck.com\/wp-content\/uploads\/2025\/11\/\u968f\u8f66\u540a\u8be6\u60c5\u9875_21.webp 790w, https:\/\/ac-truck.com\/wp-content\/uploads\/2025\/11\/\u968f\u8f66\u540a\u8be6\u60c5\u9875_21-143x300.webp 143w, https:\/\/ac-truck.com\/wp-content\/uploads\/2025\/11\/\u968f\u8f66\u540a\u8be6\u60c5\u9875_21-487x1024.webp 487w, https:\/\/ac-truck.com\/wp-content\/uploads\/2025\/11\/\u968f\u8f66\u540a\u8be6\u60c5\u9875_21-768x1616.webp 768w, https:\/\/ac-truck.com\/wp-content\/uploads\/2025\/11\/\u968f\u8f66\u540a\u8be6\u60c5\u9875_21-730x1536.webp 730w, https:\/\/ac-truck.com\/wp-content\/uploads\/2025\/11\/\u968f\u8f66\u540a\u8be6\u60c5\u9875_21-6x12.webp 6w, https:\/\/ac-truck.com\/wp-content\/uploads\/2025\/11\/\u968f\u8f66\u540a\u8be6\u60c5\u9875_21-600x1262.webp 600w, https:\/\/ac-truck.com\/wp-content\/uploads\/2025\/11\/\u968f\u8f66\u540a\u8be6\u60c5\u9875_21-150x316.webp 150w\" sizes=\"(max-width: 1234px) 100vw, 1234px\" \/><\/strong><\/p>\n<p><strong>1. Obturation de la plaque<\/strong><br \/>\n<strong>2. Soudage et fabrication de la fl\u00e8che<\/strong><br \/>\n<strong>3. Assemblage de la fl\u00e8che termin\u00e9<\/strong><br \/>\n<strong>4. Assemblage de la base de la grue<\/strong><br \/>\n<strong>5. Montage de la grue compl\u00e8te sur le ch\u00e2ssis<\/strong><br \/>\n<strong>6. Soudage au sol<\/strong><br \/>\n<strong>7. Soudage et installation de la caisse de chargement<\/strong><br \/>\n<strong>8. Assemblage complet du v\u00e9hicule termin\u00e9<\/strong><\/p>\n<h1 style=\"text-align: center;\"><strong>SC\u00c9NARIOS D'APPLICATION<\/strong><\/h1>\n<p><strong><img loading=\"lazy\" decoding=\"async\" class=\"aligncenter wp-image-6032\" src=\"https:\/\/ac-truck.com\/wp-content\/uploads\/2025\/11\/\u968f\u8f66\u540a\u8be6\u60c5\u9875_23.webp\" alt=\"\" width=\"1234\" height=\"2505\" srcset=\"https:\/\/ac-truck.com\/wp-content\/uploads\/2025\/11\/\u968f\u8f66\u540a\u8be6\u60c5\u9875_23.webp 790w, https:\/\/ac-truck.com\/wp-content\/uploads\/2025\/11\/\u968f\u8f66\u540a\u8be6\u60c5\u9875_23-148x300.webp 148w, https:\/\/ac-truck.com\/wp-content\/uploads\/2025\/11\/\u968f\u8f66\u540a\u8be6\u60c5\u9875_23-504x1024.webp 504w, https:\/\/ac-truck.com\/wp-content\/uploads\/2025\/11\/\u968f\u8f66\u540a\u8be6\u60c5\u9875_23-768x1559.webp 768w, https:\/\/ac-truck.com\/wp-content\/uploads\/2025\/11\/\u968f\u8f66\u540a\u8be6\u60c5\u9875_23-757x1536.webp 757w, https:\/\/ac-truck.com\/wp-content\/uploads\/2025\/11\/\u968f\u8f66\u540a\u8be6\u60c5\u9875_23-6x12.webp 6w, https:\/\/ac-truck.com\/wp-content\/uploads\/2025\/11\/\u968f\u8f66\u540a\u8be6\u60c5\u9875_23-600x1218.webp 600w, https:\/\/ac-truck.com\/wp-content\/uploads\/2025\/11\/\u968f\u8f66\u540a\u8be6\u60c5\u9875_23-150x305.webp 150w\" sizes=\"(max-width: 1234px) 100vw, 1234px\" \/><\/strong><\/p>\n<h1 style=\"text-align: center;\"><strong>EMBALLAGE ET TRANSPORT<\/strong><\/h1>\n<p><strong><img loading=\"lazy\" decoding=\"async\" class=\"aligncenter wp-image-6033\" src=\"https:\/\/ac-truck.com\/wp-content\/uploads\/2025\/11\/\u968f\u8f66\u540a\u8be6\u60c5\u9875_25.webp\" alt=\"\" width=\"1234\" height=\"1601\" srcset=\"https:\/\/ac-truck.com\/wp-content\/uploads\/2025\/11\/\u968f\u8f66\u540a\u8be6\u60c5\u9875_25.webp 790w, https:\/\/ac-truck.com\/wp-content\/uploads\/2025\/11\/\u968f\u8f66\u540a\u8be6\u60c5\u9875_25-231x300.webp 231w, https:\/\/ac-truck.com\/wp-content\/uploads\/2025\/11\/\u968f\u8f66\u540a\u8be6\u60c5\u9875_25-768x996.webp 768w, https:\/\/ac-truck.com\/wp-content\/uploads\/2025\/11\/\u968f\u8f66\u540a\u8be6\u60c5\u9875_25-9x12.webp 9w, https:\/\/ac-truck.com\/wp-content\/uploads\/2025\/11\/\u968f\u8f66\u540a\u8be6\u60c5\u9875_25-600x778.webp 600w, https:\/\/ac-truck.com\/wp-content\/uploads\/2025\/11\/\u968f\u8f66\u540a\u8be6\u60c5\u9875_25-150x195.webp 150w\" sizes=\"(max-width: 1234px) 100vw, 1234px\" \/><\/strong><\/p>","protected":false},"excerpt":{"rendered":"<p>PRODUCT PARAMETERS 4-Ton Knuckle Boom Crane FOTON project Descriptions Specifications Basic Overall dimensions(mm) 9000\u00d72500\u00d73750 curb weight(Kg) 12080 Loading capacity(Kg) 5790<\/p>","protected":false},"featured_media":6036,"template":"","meta":[],"product_brand":[234],"product_cat":[171],"product_tag":[283,313,314],"class_list":{"0":"post-6021","1":"product","2":"type-product","3":"status-publish","4":"has-post-thumbnail","6":"product_brand-foton","7":"product_cat-loader-cranes","8":"product_tag-truck-mounted-crane","9":"product_tag-4-tons","10":"product_tag-knuckle-boom-crane","12":"first","13":"instock","14":"shipping-taxable","15":"product-type-simple"},"_links":{"self":[{"href":"https:\/\/ac-truck.com\/fr\/wp-json\/wp\/v2\/product\/6021","targetHints":{"allow":["GET"]}}],"collection":[{"href":"https:\/\/ac-truck.com\/fr\/wp-json\/wp\/v2\/product"}],"about":[{"href":"https:\/\/ac-truck.com\/fr\/wp-json\/wp\/v2\/types\/product"}],"version-history":[{"count":2,"href":"https:\/\/ac-truck.com\/fr\/wp-json\/wp\/v2\/product\/6021\/revisions"}],"predecessor-version":[{"id":7246,"href":"https:\/\/ac-truck.com\/fr\/wp-json\/wp\/v2\/product\/6021\/revisions\/7246"}],"wp:featuredmedia":[{"embeddable":true,"href":"https:\/\/ac-truck.com\/fr\/wp-json\/wp\/v2\/media\/6036"}],"wp:attachment":[{"href":"https:\/\/ac-truck.com\/fr\/wp-json\/wp\/v2\/media?parent=6021"}],"wp:term":[{"taxonomy":"product_brand","embeddable":true,"href":"https:\/\/ac-truck.com\/fr\/wp-json\/wp\/v2\/product_brand?post=6021"},{"taxonomy":"product_cat","embeddable":true,"href":"https:\/\/ac-truck.com\/fr\/wp-json\/wp\/v2\/product_cat?post=6021"},{"taxonomy":"product_tag","embeddable":true,"href":"https:\/\/ac-truck.com\/fr\/wp-json\/wp\/v2\/product_tag?post=6021"}],"curies":[{"name":"wp","href":"https:\/\/api.w.org\/{rel}","templated":true}]}}