{"id":6149,"date":"2025-11-22T10:34:25","date_gmt":"2025-11-22T02:34:25","guid":{"rendered":"https:\/\/ac-truck.com\/?post_type=product&#038;p=6149"},"modified":"2025-12-20T14:19:25","modified_gmt":"2025-12-20T06:19:25","slug":"8000-liters-foam-fire-truck-howo","status":"publish","type":"product","link":"https:\/\/ac-truck.com\/fr\/8000-liters-foam-fire-truck-howo.html","title":{"rendered":"Camion de pompiers HOWO \u00e0 mousse de 8000 litres"},"content":{"rendered":"<p><img fetchpriority=\"high\" decoding=\"async\" class=\"aligncenter wp-image-6160\" src=\"https:\/\/ac-truck.com\/wp-content\/uploads\/2025\/11\/\u6574\u8f66\u6d77\u62a5_01-1.webp\" alt=\"\" width=\"1234\" height=\"1603\" srcset=\"https:\/\/ac-truck.com\/wp-content\/uploads\/2025\/11\/\u6574\u8f66\u6d77\u62a5_01-1.webp 790w, https:\/\/ac-truck.com\/wp-content\/uploads\/2025\/11\/\u6574\u8f66\u6d77\u62a5_01-1-231x300.webp 231w, https:\/\/ac-truck.com\/wp-content\/uploads\/2025\/11\/\u6574\u8f66\u6d77\u62a5_01-1-788x1024.webp 788w, https:\/\/ac-truck.com\/wp-content\/uploads\/2025\/11\/\u6574\u8f66\u6d77\u62a5_01-1-768x997.webp 768w, https:\/\/ac-truck.com\/wp-content\/uploads\/2025\/11\/\u6574\u8f66\u6d77\u62a5_01-1-9x12.webp 9w, https:\/\/ac-truck.com\/wp-content\/uploads\/2025\/11\/\u6574\u8f66\u6d77\u62a5_01-1-600x779.webp 600w, https:\/\/ac-truck.com\/wp-content\/uploads\/2025\/11\/\u6574\u8f66\u6d77\u62a5_01-1-150x195.webp 150w\" sizes=\"(max-width: 1234px) 100vw, 1234px\" \/><\/p>\n<h1 style=\"text-align: center;\">PARAM\u00c8TRES DU PRODUIT<\/h1>\n<p><img decoding=\"async\" class=\"aligncenter wp-image-6161\" src=\"https:\/\/ac-truck.com\/wp-content\/uploads\/2025\/11\/\u6574\u8f66\u6d77\u62a5_03-1.webp\" alt=\"\" width=\"1234\" height=\"459\" srcset=\"https:\/\/ac-truck.com\/wp-content\/uploads\/2025\/11\/\u6574\u8f66\u6d77\u62a5_03-1.webp 790w, https:\/\/ac-truck.com\/wp-content\/uploads\/2025\/11\/\u6574\u8f66\u6d77\u62a5_03-1-300x112.webp 300w, https:\/\/ac-truck.com\/wp-content\/uploads\/2025\/11\/\u6574\u8f66\u6d77\u62a5_03-1-768x286.webp 768w, https:\/\/ac-truck.com\/wp-content\/uploads\/2025\/11\/\u6574\u8f66\u6d77\u62a5_03-1-18x7.webp 18w, https:\/\/ac-truck.com\/wp-content\/uploads\/2025\/11\/\u6574\u8f66\u6d77\u62a5_03-1-600x223.webp 600w, https:\/\/ac-truck.com\/wp-content\/uploads\/2025\/11\/\u6574\u8f66\u6d77\u62a5_03-1-150x56.webp 150w\" sizes=\"(max-width: 1234px) 100vw, 1234px\" \/><\/p>\n<h2 style=\"text-align: center;\">Camion de pompiers HOWO \u00e0 mousse de 8000 litres<\/h2>\n<table>\n<tbody>\n<tr>\n<td width=\"85\"><strong>projet<\/strong><\/td>\n<td colspan=\"2\" width=\"296\"><strong>Descriptions<\/strong><\/td>\n<td width=\"317\"><strong>Caract\u00e9ristiques<\/strong><\/td>\n<\/tr>\n<tr>\n<td rowspan=\"4\" width=\"85\"><strong>Basique<\/strong><\/td>\n<td colspan=\"2\" width=\"296\"><strong>Dimensions hors tout (mm)<\/strong><\/td>\n<td width=\"317\"><strong>8620\u00d72530\u00d73480(mm)<\/strong><\/td>\n<\/tr>\n<tr>\n<td colspan=\"2\" width=\"296\"><strong>poids \u00e0 vide (kg)<\/strong><\/td>\n<td width=\"317\"><strong>10400<\/strong><\/td>\n<\/tr>\n<tr>\n<td colspan=\"2\" width=\"296\"><strong>Capacit\u00e9 de charge (kg)<\/strong><\/td>\n<td width=\"317\"><strong>8150<\/strong><\/td>\n<\/tr>\n<tr>\n<td colspan=\"2\" width=\"296\"><strong>Masse totale (kg)<\/strong><\/td>\n<td width=\"317\"><strong>19000<\/strong><\/td>\n<\/tr>\n<tr>\n<td rowspan=\"5\" width=\"85\"><strong>Corps<\/strong><\/td>\n<td colspan=\"2\" width=\"296\"><strong>Volume du r\u00e9servoir (m\u00b3)<\/strong><\/td>\n<td width=\"317\"><strong>6Water+2foam<\/strong><\/td>\n<\/tr>\n<tr>\n<td colspan=\"2\" width=\"296\"><strong>Mat\u00e9riau du r\u00e9servoir<\/strong><\/td>\n<td width=\"317\"><strong>Acier au carbone Q235 (acier inoxydable en option)<\/strong><\/td>\n<\/tr>\n<tr>\n<td width=\"83\"><strong>Fire pumps<\/strong><\/td>\n<td width=\"214\"><strong>Fire Pump Model<\/strong><\/td>\n<td width=\"317\"><strong>CB10\/60 Atmospheric Pressure Fire Pump<\/strong><\/td>\n<\/tr>\n<tr>\n<td width=\"83\"><strong>Moniteur d'incendie<\/strong><\/td>\n<td width=\"214\"><strong>Mod\u00e8le de moniteur d'incendie<\/strong><\/td>\n<td width=\"317\"><strong>PL8\/48<\/strong><\/td>\n<\/tr>\n<tr>\n<td width=\"83\"><strong>Prise de force<\/strong><\/td>\n<td width=\"214\"><strong>Type de prise de force<\/strong><\/td>\n<td width=\"317\"><strong>Sandwich (pleine puissance)<\/strong><\/td>\n<\/tr>\n<tr>\n<td rowspan=\"6\" width=\"85\"><strong>Ch\u00e2ssis<\/strong><\/p>\n<p>&nbsp;<\/td>\n<td colspan=\"2\" width=\"296\"><strong>Marque du ch\u00e2ssis<\/strong><\/td>\n<td width=\"317\"><strong>HOWO<\/strong><\/td>\n<\/tr>\n<tr>\n<td colspan=\"2\" width=\"296\"><strong>Formulaire de conducteur<\/strong><\/td>\n<td width=\"317\"><strong>4*2<\/strong><\/td>\n<\/tr>\n<tr>\n<td colspan=\"2\" width=\"296\"><strong>Volant<\/strong><\/td>\n<td width=\"317\"><strong>Conduite \u00e0 gauche<\/strong><\/td>\n<\/tr>\n<tr>\n<td colspan=\"2\" width=\"296\"><strong>Marque et mod\u00e8le du moteur<\/strong><\/td>\n<td width=\"317\"><strong>MC07H.35-60<\/strong><\/td>\n<\/tr>\n<tr>\n<td colspan=\"2\" width=\"296\"><strong>Puissance du moteur (ch)<\/strong><\/td>\n<td width=\"317\"><strong>350<\/strong><\/td>\n<\/tr>\n<tr>\n<td colspan=\"2\" width=\"296\"><strong>Bo\u00eete de vitesse<\/strong><\/td>\n<td width=\"317\"><strong>bo\u00eete de vitesses \u00e0 9 rapports<\/strong><\/td>\n<\/tr>\n<\/tbody>\n<\/table>\n<h1 style=\"text-align: center;\">AVANTAGES DU V\u00c9HICULE<\/h1>\n<h2 style=\"text-align: center;\">POWEREUIENGINE<br \/>\nSTABLESUPPO<\/h2>\n<p><img decoding=\"async\" class=\"aligncenter wp-image-6150\" src=\"https:\/\/ac-truck.com\/wp-content\/uploads\/2025\/11\/\u6d88\u9632\u8f66\u8be6\u60c5\u9875_05.webp\" alt=\"\" width=\"1234\" height=\"1581\" srcset=\"https:\/\/ac-truck.com\/wp-content\/uploads\/2025\/11\/\u6d88\u9632\u8f66\u8be6\u60c5\u9875_05.webp 790w, https:\/\/ac-truck.com\/wp-content\/uploads\/2025\/11\/\u6d88\u9632\u8f66\u8be6\u60c5\u9875_05-234x300.webp 234w, https:\/\/ac-truck.com\/wp-content\/uploads\/2025\/11\/\u6d88\u9632\u8f66\u8be6\u60c5\u9875_05-768x984.webp 768w, https:\/\/ac-truck.com\/wp-content\/uploads\/2025\/11\/\u6d88\u9632\u8f66\u8be6\u60c5\u9875_05-9x12.webp 9w, https:\/\/ac-truck.com\/wp-content\/uploads\/2025\/11\/\u6d88\u9632\u8f66\u8be6\u60c5\u9875_05-600x769.webp 600w, https:\/\/ac-truck.com\/wp-content\/uploads\/2025\/11\/\u6d88\u9632\u8f66\u8be6\u60c5\u9875_05-150x192.webp 150w\" sizes=\"(max-width: 1234px) 100vw, 1234px\" \/><\/p>\n<p><strong>High &#8211; power engine: With dual protection, it has stronger adaptabilityTransmission PTO: lt enables efficient power transmission with a fastresponse speed.<\/strong><\/p>\n<h1 style=\"text-align: center;\">EXTINCTION D'INCENDIE \u00c0 VOLONT\u00c9<br \/>\nFONCTIONNEMENT \u00c0 HAUTE EFFICACIT\u00c9<\/h1>\n<p><img loading=\"lazy\" decoding=\"async\" class=\"aligncenter wp-image-6151\" src=\"https:\/\/ac-truck.com\/wp-content\/uploads\/2025\/11\/\u6d88\u9632\u8f66\u8be6\u60c5\u9875_07.webp\" alt=\"\" width=\"1234\" height=\"2306\" srcset=\"https:\/\/ac-truck.com\/wp-content\/uploads\/2025\/11\/\u6d88\u9632\u8f66\u8be6\u60c5\u9875_07.webp 790w, https:\/\/ac-truck.com\/wp-content\/uploads\/2025\/11\/\u6d88\u9632\u8f66\u8be6\u60c5\u9875_07-161x300.webp 161w, https:\/\/ac-truck.com\/wp-content\/uploads\/2025\/11\/\u6d88\u9632\u8f66\u8be6\u60c5\u9875_07-548x1024.webp 548w, https:\/\/ac-truck.com\/wp-content\/uploads\/2025\/11\/\u6d88\u9632\u8f66\u8be6\u60c5\u9875_07-768x1435.webp 768w, https:\/\/ac-truck.com\/wp-content\/uploads\/2025\/11\/\u6d88\u9632\u8f66\u8be6\u60c5\u9875_07-6x12.webp 6w, https:\/\/ac-truck.com\/wp-content\/uploads\/2025\/11\/\u6d88\u9632\u8f66\u8be6\u60c5\u9875_07-600x1121.webp 600w, https:\/\/ac-truck.com\/wp-content\/uploads\/2025\/11\/\u6d88\u9632\u8f66\u8be6\u60c5\u9875_07-150x280.webp 150w\" sizes=\"(max-width: 1234px) 100vw, 1234px\" \/><\/p>\n<p><strong>1. Dedicated fire pump: With super &#8211; strong suction, it is compatible withvarious agents.<\/strong><br \/>\n<strong>2. Entr\u00e9e de la pompe \u00e0 incendie : Conception \u00e0 double canal avec technologie anti-blocage.<\/strong><br \/>\n<strong>3. Fire pump outlet: High &#8211; pressure output with quick &#8211; connect interfaces.<\/strong><br \/>\n<strong>4. Moniteur d'incendie : Contr\u00f4le intelligent pour la pulv\u00e9risation multifonctionnelle.<\/strong><br \/>\n<strong>5. Dry powder tank: High &#8211; efficiency fire -extinguishing with environmental-ly- friendly materials.<\/strong><br \/>\n<strong>6. Dry powder tank controller: One &#8211; button switching for accurate metering.<\/strong><\/p>\n<h1 style=\"text-align: center;\">AFFICHAGE DE FONCTION<\/h1>\n<p><img loading=\"lazy\" decoding=\"async\" class=\"aligncenter wp-image-6152\" src=\"https:\/\/ac-truck.com\/wp-content\/uploads\/2025\/11\/\u6d88\u9632\u8f66\u8be6\u60c5\u9875_09.webp\" alt=\"\" width=\"1234\" height=\"2490\" srcset=\"https:\/\/ac-truck.com\/wp-content\/uploads\/2025\/11\/\u6d88\u9632\u8f66\u8be6\u60c5\u9875_09.webp 790w, https:\/\/ac-truck.com\/wp-content\/uploads\/2025\/11\/\u6d88\u9632\u8f66\u8be6\u60c5\u9875_09-149x300.webp 149w, https:\/\/ac-truck.com\/wp-content\/uploads\/2025\/11\/\u6d88\u9632\u8f66\u8be6\u60c5\u9875_09-508x1024.webp 508w, https:\/\/ac-truck.com\/wp-content\/uploads\/2025\/11\/\u6d88\u9632\u8f66\u8be6\u60c5\u9875_09-768x1550.webp 768w, https:\/\/ac-truck.com\/wp-content\/uploads\/2025\/11\/\u6d88\u9632\u8f66\u8be6\u60c5\u9875_09-761x1536.webp 761w, https:\/\/ac-truck.com\/wp-content\/uploads\/2025\/11\/\u6d88\u9632\u8f66\u8be6\u60c5\u9875_09-6x12.webp 6w, https:\/\/ac-truck.com\/wp-content\/uploads\/2025\/11\/\u6d88\u9632\u8f66\u8be6\u60c5\u9875_09-600x1211.webp 600w, https:\/\/ac-truck.com\/wp-content\/uploads\/2025\/11\/\u6d88\u9632\u8f66\u8be6\u60c5\u9875_09-150x303.webp 150w\" sizes=\"(max-width: 1234px) 100vw, 1234px\" \/><\/p>\n<p><strong>r\u00e9servoir d'eau pour incendie<\/strong><br \/>\n<strong>r\u00e9servoir de mousse pour l'extinction d'incendie<\/strong><br \/>\n<strong>r\u00e9servoir de poudre s\u00e8che pour la pulv\u00e9risation d'incendie<\/strong><\/p>\n<h1 style=\"text-align: center;\">INT\u00c9GRATION INTELLIGENTE<br \/>\nCOMMANDE \u00c0 UN SEUL BOUTON<\/h1>\n<p><img loading=\"lazy\" decoding=\"async\" class=\"aligncenter wp-image-6153\" src=\"https:\/\/ac-truck.com\/wp-content\/uploads\/2025\/11\/\u6d88\u9632\u8f66\u8be6\u60c5\u9875_11.webp\" alt=\"\" width=\"1234\" height=\"1475\" srcset=\"https:\/\/ac-truck.com\/wp-content\/uploads\/2025\/11\/\u6d88\u9632\u8f66\u8be6\u60c5\u9875_11.webp 790w, https:\/\/ac-truck.com\/wp-content\/uploads\/2025\/11\/\u6d88\u9632\u8f66\u8be6\u60c5\u9875_11-251x300.webp 251w, https:\/\/ac-truck.com\/wp-content\/uploads\/2025\/11\/\u6d88\u9632\u8f66\u8be6\u60c5\u9875_11-768x918.webp 768w, https:\/\/ac-truck.com\/wp-content\/uploads\/2025\/11\/\u6d88\u9632\u8f66\u8be6\u60c5\u9875_11-10x12.webp 10w, https:\/\/ac-truck.com\/wp-content\/uploads\/2025\/11\/\u6d88\u9632\u8f66\u8be6\u60c5\u9875_11-600x717.webp 600w, https:\/\/ac-truck.com\/wp-content\/uploads\/2025\/11\/\u6d88\u9632\u8f66\u8be6\u60c5\u9875_11-150x179.webp 150w\" sizes=\"(max-width: 1234px) 100vw, 1234px\" \/><\/p>\n<p><strong>1. Commande par cl\u00e9 de transmission du ch\u00e2ssis\u00a0: Changez de mode de transmission du ch\u00e2ssis \u00e0 l\u2019aide d\u2019un seul bouton pour vous adapter aux diff\u00e9rentes conditions routi\u00e8res.<\/strong><br \/>\n<strong>2. Power take &#8211; off (PTO) key control: Integrated control of the power take.off, which can be started with one button.<\/strong><br \/>\n<strong>3. Panneau de commande incendie : Pas besoin d'op\u00e9rations complexes, changez de mode d'emploi avec un seul bouton.<\/strong><br \/>\n<strong>4. Medium flow display: Monitor in real &#8211; time and show medium flow data.<\/strong><\/p>\n<h1 style=\"text-align: center;\">FONCTIONS AM\u00c9LIOR\u00c9ES<br \/>\nCAPACIT\u00c9S DE SAUVETAGE GLOBALES<\/h1>\n<p><img loading=\"lazy\" decoding=\"async\" class=\"aligncenter wp-image-6154\" src=\"https:\/\/ac-truck.com\/wp-content\/uploads\/2025\/11\/\u6d88\u9632\u8f66\u8be6\u60c5\u9875_13.webp\" alt=\"\" width=\"1234\" height=\"2734\" srcset=\"https:\/\/ac-truck.com\/wp-content\/uploads\/2025\/11\/\u6d88\u9632\u8f66\u8be6\u60c5\u9875_13.webp 790w, https:\/\/ac-truck.com\/wp-content\/uploads\/2025\/11\/\u6d88\u9632\u8f66\u8be6\u60c5\u9875_13-135x300.webp 135w, https:\/\/ac-truck.com\/wp-content\/uploads\/2025\/11\/\u6d88\u9632\u8f66\u8be6\u60c5\u9875_13-462x1024.webp 462w, https:\/\/ac-truck.com\/wp-content\/uploads\/2025\/11\/\u6d88\u9632\u8f66\u8be6\u60c5\u9875_13-768x1701.webp 768w, https:\/\/ac-truck.com\/wp-content\/uploads\/2025\/11\/\u6d88\u9632\u8f66\u8be6\u60c5\u9875_13-693x1536.webp 693w, https:\/\/ac-truck.com\/wp-content\/uploads\/2025\/11\/\u6d88\u9632\u8f66\u8be6\u60c5\u9875_13-5x12.webp 5w, https:\/\/ac-truck.com\/wp-content\/uploads\/2025\/11\/\u6d88\u9632\u8f66\u8be6\u60c5\u9875_13-600x1329.webp 600w, https:\/\/ac-truck.com\/wp-content\/uploads\/2025\/11\/\u6d88\u9632\u8f66\u8be6\u60c5\u9875_13-150x332.webp 150w\" sizes=\"(max-width: 1234px) 100vw, 1234px\" \/><\/p>\n<p><strong>1. Fire &#8211; extinguishing equipment<\/strong><br \/>\n<strong>2. \u00c9quipement de secours d'urgence<\/strong><br \/>\n<strong>3. Tuyau d'incendie<\/strong><br \/>\n<strong>lampe d'\u00e9clairage de secours \u00e0 4,360\u00b0<\/strong><br \/>\n<strong>5. Voyant d'alarme incendie<\/strong><\/p>\n<h1 style=\"text-align: center;\">S\u00dbR ET STABLE<br \/>\nDURABLE ET LONGUE DUR\u00c9E DE VIE<\/h1>\n<p><img loading=\"lazy\" decoding=\"async\" class=\"aligncenter wp-image-6155\" src=\"https:\/\/ac-truck.com\/wp-content\/uploads\/2025\/11\/\u6d88\u9632\u8f66\u8be6\u60c5\u9875_15.webp\" alt=\"\" width=\"1234\" height=\"2084\" srcset=\"https:\/\/ac-truck.com\/wp-content\/uploads\/2025\/11\/\u6d88\u9632\u8f66\u8be6\u60c5\u9875_15.webp 790w, https:\/\/ac-truck.com\/wp-content\/uploads\/2025\/11\/\u6d88\u9632\u8f66\u8be6\u60c5\u9875_15-178x300.webp 178w, https:\/\/ac-truck.com\/wp-content\/uploads\/2025\/11\/\u6d88\u9632\u8f66\u8be6\u60c5\u9875_15-606x1024.webp 606w, https:\/\/ac-truck.com\/wp-content\/uploads\/2025\/11\/\u6d88\u9632\u8f66\u8be6\u60c5\u9875_15-768x1297.webp 768w, https:\/\/ac-truck.com\/wp-content\/uploads\/2025\/11\/\u6d88\u9632\u8f66\u8be6\u60c5\u9875_15-7x12.webp 7w, https:\/\/ac-truck.com\/wp-content\/uploads\/2025\/11\/\u6d88\u9632\u8f66\u8be6\u60c5\u9875_15-600x1013.webp 600w, https:\/\/ac-truck.com\/wp-content\/uploads\/2025\/11\/\u6d88\u9632\u8f66\u8be6\u60c5\u9875_15-150x253.webp 150w\" sizes=\"(max-width: 1234px) 100vw, 1234px\" \/><\/p>\n<p><strong>serrure de porte \u00e0 volet roulant<\/strong><br \/>\n<strong>Anti &#8211; slip pedal<\/strong><br \/>\n<strong>\u00c9chelle t\u00e9lescopique<\/strong><br \/>\n<strong>Plaque sup\u00e9rieure antid\u00e9rapante \u00e0 damier<\/strong><\/p>\n<h1 style=\"text-align: center;\">PROCESSUS DE PRODUCTION<\/h1>\n<p><img loading=\"lazy\" decoding=\"async\" class=\"aligncenter wp-image-6156\" src=\"https:\/\/ac-truck.com\/wp-content\/uploads\/2025\/11\/\u6d88\u9632\u8f66\u8be6\u60c5\u9875_17.webp\" alt=\"\" width=\"1234\" height=\"2974\" srcset=\"https:\/\/ac-truck.com\/wp-content\/uploads\/2025\/11\/\u6d88\u9632\u8f66\u8be6\u60c5\u9875_17.webp 790w, https:\/\/ac-truck.com\/wp-content\/uploads\/2025\/11\/\u6d88\u9632\u8f66\u8be6\u60c5\u9875_17-124x300.webp 124w, https:\/\/ac-truck.com\/wp-content\/uploads\/2025\/11\/\u6d88\u9632\u8f66\u8be6\u60c5\u9875_17-425x1024.webp 425w, https:\/\/ac-truck.com\/wp-content\/uploads\/2025\/11\/\u6d88\u9632\u8f66\u8be6\u60c5\u9875_17-768x1851.webp 768w, https:\/\/ac-truck.com\/wp-content\/uploads\/2025\/11\/\u6d88\u9632\u8f66\u8be6\u60c5\u9875_17-637x1536.webp 637w, https:\/\/ac-truck.com\/wp-content\/uploads\/2025\/11\/\u6d88\u9632\u8f66\u8be6\u60c5\u9875_17-5x12.webp 5w, https:\/\/ac-truck.com\/wp-content\/uploads\/2025\/11\/\u6d88\u9632\u8f66\u8be6\u60c5\u9875_17-600x1446.webp 600w, https:\/\/ac-truck.com\/wp-content\/uploads\/2025\/11\/\u6d88\u9632\u8f66\u8be6\u60c5\u9875_17-150x362.webp 150w\" sizes=\"(max-width: 1234px) 100vw, 1234px\" \/> <img loading=\"lazy\" decoding=\"async\" class=\"aligncenter wp-image-6157\" src=\"https:\/\/ac-truck.com\/wp-content\/uploads\/2025\/11\/\u6d88\u9632\u8f66\u8be6\u60c5\u9875_18.webp\" alt=\"\" width=\"1234\" height=\"2968\" srcset=\"https:\/\/ac-truck.com\/wp-content\/uploads\/2025\/11\/\u6d88\u9632\u8f66\u8be6\u60c5\u9875_18.webp 790w, https:\/\/ac-truck.com\/wp-content\/uploads\/2025\/11\/\u6d88\u9632\u8f66\u8be6\u60c5\u9875_18-125x300.webp 125w, https:\/\/ac-truck.com\/wp-content\/uploads\/2025\/11\/\u6d88\u9632\u8f66\u8be6\u60c5\u9875_18-426x1024.webp 426w, https:\/\/ac-truck.com\/wp-content\/uploads\/2025\/11\/\u6d88\u9632\u8f66\u8be6\u60c5\u9875_18-768x1847.webp 768w, https:\/\/ac-truck.com\/wp-content\/uploads\/2025\/11\/\u6d88\u9632\u8f66\u8be6\u60c5\u9875_18-639x1536.webp 639w, https:\/\/ac-truck.com\/wp-content\/uploads\/2025\/11\/\u6d88\u9632\u8f66\u8be6\u60c5\u9875_18-5x12.webp 5w, https:\/\/ac-truck.com\/wp-content\/uploads\/2025\/11\/\u6d88\u9632\u8f66\u8be6\u60c5\u9875_18-600x1443.webp 600w, https:\/\/ac-truck.com\/wp-content\/uploads\/2025\/11\/\u6d88\u9632\u8f66\u8be6\u60c5\u9875_18-150x361.webp 150w\" sizes=\"(max-width: 1234px) 100vw, 1234px\" \/><\/p>\n<p><strong>1. Pr\u00e9paration des mat\u00e9riaux de production<\/strong><br \/>\n<strong>2. Soudage en bo\u00eete<\/strong><br \/>\n<strong>3. Soudage et formage de bo\u00eetes<\/strong><br \/>\n<strong>4. Assemblage du bo\u00eetier sur le ch\u00e2ssis<\/strong><br \/>\n<strong>5. Assemblage des d\u00e9tails int\u00e9rieurs<\/strong><br \/>\n<strong>6. Ach\u00e8vement de l'appr\u00eat<\/strong><br \/>\n<strong>7. Finition de peinture ignifuge<\/strong><br \/>\n<strong>8. Ach\u00e8vement de la production des v\u00e9hicules<\/strong><\/p>\n<h1 style=\"text-align: center;\">SC\u00c9NARIOS D'APPLICATION<\/h1>\n<p><img loading=\"lazy\" decoding=\"async\" class=\"aligncenter wp-image-6158\" src=\"https:\/\/ac-truck.com\/wp-content\/uploads\/2025\/11\/\u6d88\u9632\u8f66\u8be6\u60c5\u9875_20.webp\" alt=\"\" width=\"1234\" height=\"2468\" srcset=\"https:\/\/ac-truck.com\/wp-content\/uploads\/2025\/11\/\u6d88\u9632\u8f66\u8be6\u60c5\u9875_20.webp 790w, https:\/\/ac-truck.com\/wp-content\/uploads\/2025\/11\/\u6d88\u9632\u8f66\u8be6\u60c5\u9875_20-150x300.webp 150w, https:\/\/ac-truck.com\/wp-content\/uploads\/2025\/11\/\u6d88\u9632\u8f66\u8be6\u60c5\u9875_20-512x1024.webp 512w, https:\/\/ac-truck.com\/wp-content\/uploads\/2025\/11\/\u6d88\u9632\u8f66\u8be6\u60c5\u9875_20-768x1536.webp 768w, https:\/\/ac-truck.com\/wp-content\/uploads\/2025\/11\/\u6d88\u9632\u8f66\u8be6\u60c5\u9875_20-6x12.webp 6w, https:\/\/ac-truck.com\/wp-content\/uploads\/2025\/11\/\u6d88\u9632\u8f66\u8be6\u60c5\u9875_20-600x1200.webp 600w\" sizes=\"(max-width: 1234px) 100vw, 1234px\" \/><\/p>\n<h1 style=\"text-align: center;\">EMBALLAGE ET TRANSPORT<\/h1>\n<p><img loading=\"lazy\" decoding=\"async\" class=\"aligncenter wp-image-6159\" src=\"https:\/\/ac-truck.com\/wp-content\/uploads\/2025\/11\/\u6d88\u9632\u8f66\u8be6\u60c5\u9875_22.webp\" alt=\"\" width=\"1234\" height=\"2351\" srcset=\"https:\/\/ac-truck.com\/wp-content\/uploads\/2025\/11\/\u6d88\u9632\u8f66\u8be6\u60c5\u9875_22.webp 790w, https:\/\/ac-truck.com\/wp-content\/uploads\/2025\/11\/\u6d88\u9632\u8f66\u8be6\u60c5\u9875_22-157x300.webp 157w, https:\/\/ac-truck.com\/wp-content\/uploads\/2025\/11\/\u6d88\u9632\u8f66\u8be6\u60c5\u9875_22-538x1024.webp 538w, https:\/\/ac-truck.com\/wp-content\/uploads\/2025\/11\/\u6d88\u9632\u8f66\u8be6\u60c5\u9875_22-768x1463.webp 768w, https:\/\/ac-truck.com\/wp-content\/uploads\/2025\/11\/\u6d88\u9632\u8f66\u8be6\u60c5\u9875_22-6x12.webp 6w, https:\/\/ac-truck.com\/wp-content\/uploads\/2025\/11\/\u6d88\u9632\u8f66\u8be6\u60c5\u9875_22-600x1143.webp 600w, https:\/\/ac-truck.com\/wp-content\/uploads\/2025\/11\/\u6d88\u9632\u8f66\u8be6\u60c5\u9875_22-150x286.webp 150w\" sizes=\"(max-width: 1234px) 100vw, 1234px\" \/><\/p>\n<p>&nbsp;<\/p>","protected":false},"excerpt":{"rendered":"<p>PRODUCTPARAMETERS 8000 Liters Foam Fire Truck HOWO project Descriptions Specifications Basic Overall dimensions(mm) 8620\u00d72530\u00d73480(mm) curb weight(Kg) 10400 Loading capacity(Kg) 8150<\/p>","protected":false},"featured_media":6162,"template":"","meta":[],"product_brand":[217,220],"product_cat":[182],"product_tag":[259,279,280,316],"class_list":{"0":"post-6149","1":"product","2":"type-product","3":"status-publish","4":"has-post-thumbnail","6":"product_brand-sinotruk","7":"product_brand-howo","8":"product_cat-fire-trucks","9":"product_tag-fire-truck","10":"product_tag-fire-engine","11":"product_tag-foam-fire-truck","12":"product_tag-8000l","14":"first","15":"instock","16":"shipping-taxable","17":"product-type-simple"},"_links":{"self":[{"href":"https:\/\/ac-truck.com\/fr\/wp-json\/wp\/v2\/product\/6149","targetHints":{"allow":["GET"]}}],"collection":[{"href":"https:\/\/ac-truck.com\/fr\/wp-json\/wp\/v2\/product"}],"about":[{"href":"https:\/\/ac-truck.com\/fr\/wp-json\/wp\/v2\/types\/product"}],"version-history":[{"count":2,"href":"https:\/\/ac-truck.com\/fr\/wp-json\/wp\/v2\/product\/6149\/revisions"}],"predecessor-version":[{"id":6691,"href":"https:\/\/ac-truck.com\/fr\/wp-json\/wp\/v2\/product\/6149\/revisions\/6691"}],"wp:featuredmedia":[{"embeddable":true,"href":"https:\/\/ac-truck.com\/fr\/wp-json\/wp\/v2\/media\/6162"}],"wp:attachment":[{"href":"https:\/\/ac-truck.com\/fr\/wp-json\/wp\/v2\/media?parent=6149"}],"wp:term":[{"taxonomy":"product_brand","embeddable":true,"href":"https:\/\/ac-truck.com\/fr\/wp-json\/wp\/v2\/product_brand?post=6149"},{"taxonomy":"product_cat","embeddable":true,"href":"https:\/\/ac-truck.com\/fr\/wp-json\/wp\/v2\/product_cat?post=6149"},{"taxonomy":"product_tag","embeddable":true,"href":"https:\/\/ac-truck.com\/fr\/wp-json\/wp\/v2\/product_tag?post=6149"}],"curies":[{"name":"wp","href":"https:\/\/api.w.org\/{rel}","templated":true}]}}