{"id":6239,"date":"2025-11-22T12:16:22","date_gmt":"2025-11-22T04:16:22","guid":{"rendered":"https:\/\/ac-truck.com\/?post_type=product&#038;p=6239"},"modified":"2025-12-20T14:00:25","modified_gmt":"2025-12-20T06:00:25","slug":"16000-liters-water-tank-fire-truck-isuzu","status":"publish","type":"product","link":"https:\/\/ac-truck.com\/fr\/16000-liters-water-tank-fire-truck-isuzu.html","title":{"rendered":"Camion de pompiers ISUZU avec r\u00e9servoir d'eau de 16000 litres"},"content":{"rendered":"<p><img fetchpriority=\"high\" decoding=\"async\" class=\"aligncenter wp-image-6240\" src=\"https:\/\/ac-truck.com\/wp-content\/uploads\/2025\/11\/\u4ea7\u54c1\u6d77\u62a5_01-16.webp\" alt=\"\" width=\"1234\" height=\"1595\" srcset=\"https:\/\/ac-truck.com\/wp-content\/uploads\/2025\/11\/\u4ea7\u54c1\u6d77\u62a5_01-16.webp 790w, https:\/\/ac-truck.com\/wp-content\/uploads\/2025\/11\/\u4ea7\u54c1\u6d77\u62a5_01-16-232x300.webp 232w, https:\/\/ac-truck.com\/wp-content\/uploads\/2025\/11\/\u4ea7\u54c1\u6d77\u62a5_01-16-768x993.webp 768w, https:\/\/ac-truck.com\/wp-content\/uploads\/2025\/11\/\u4ea7\u54c1\u6d77\u62a5_01-16-9x12.webp 9w, https:\/\/ac-truck.com\/wp-content\/uploads\/2025\/11\/\u4ea7\u54c1\u6d77\u62a5_01-16-600x775.webp 600w, https:\/\/ac-truck.com\/wp-content\/uploads\/2025\/11\/\u4ea7\u54c1\u6d77\u62a5_01-16-150x194.webp 150w\" sizes=\"(max-width: 1234px) 100vw, 1234px\" \/><\/p>\n<h1 style=\"text-align: center;\">PARAM\u00c8TRES DU PRODUIT<\/h1>\n<p><img decoding=\"async\" class=\"aligncenter wp-image-6241\" src=\"https:\/\/ac-truck.com\/wp-content\/uploads\/2025\/11\/\u4ea7\u54c1\u6d77\u62a5_03-16.webp\" alt=\"\" width=\"1234\" height=\"489\" srcset=\"https:\/\/ac-truck.com\/wp-content\/uploads\/2025\/11\/\u4ea7\u54c1\u6d77\u62a5_03-16.webp 790w, https:\/\/ac-truck.com\/wp-content\/uploads\/2025\/11\/\u4ea7\u54c1\u6d77\u62a5_03-16-300x119.webp 300w, https:\/\/ac-truck.com\/wp-content\/uploads\/2025\/11\/\u4ea7\u54c1\u6d77\u62a5_03-16-768x304.webp 768w, https:\/\/ac-truck.com\/wp-content\/uploads\/2025\/11\/\u4ea7\u54c1\u6d77\u62a5_03-16-18x7.webp 18w, https:\/\/ac-truck.com\/wp-content\/uploads\/2025\/11\/\u4ea7\u54c1\u6d77\u62a5_03-16-600x238.webp 600w, https:\/\/ac-truck.com\/wp-content\/uploads\/2025\/11\/\u4ea7\u54c1\u6d77\u62a5_03-16-150x59.webp 150w\" sizes=\"(max-width: 1234px) 100vw, 1234px\" \/><\/p>\n<h2 style=\"text-align: center;\">Camion de pompiers ISUZU avec r\u00e9servoir d'eau de 16000 litres<\/h2>\n<table>\n<tbody>\n<tr>\n<td width=\"85\"><strong>projet<\/strong><\/td>\n<td colspan=\"2\" width=\"296\"><strong>Descriptions<\/strong><\/td>\n<td width=\"317\"><strong>Caract\u00e9ristiques<\/strong><\/td>\n<\/tr>\n<tr>\n<td rowspan=\"4\" width=\"85\"><strong>Basique<\/strong><\/td>\n<td colspan=\"2\" width=\"296\"><strong>Dimensions hors tout (mm)<\/strong><\/td>\n<td width=\"317\"><strong>10060\u00d72550\u00d73700<\/strong><\/td>\n<\/tr>\n<tr>\n<td colspan=\"2\" width=\"296\"><strong>poids \u00e0 vide (kg)<\/strong><\/td>\n<td width=\"317\"><strong>31000<\/strong><\/td>\n<\/tr>\n<tr>\n<td colspan=\"2\" width=\"296\"><strong>Capacit\u00e9 de charge (kg)<\/strong><\/td>\n<td width=\"317\"><strong>16000<\/strong><\/td>\n<\/tr>\n<tr>\n<td colspan=\"2\" width=\"296\"><strong>Masse totale (kg)<\/strong><\/td>\n<td width=\"317\"><strong>16850<\/strong><\/td>\n<\/tr>\n<tr>\n<td rowspan=\"5\" width=\"85\"><strong>Corps<\/strong><\/td>\n<td colspan=\"2\" width=\"296\"><strong>Volume du r\u00e9servoir (m\u00b3)<\/strong><\/td>\n<td width=\"317\"><strong>16Water<\/strong><\/td>\n<\/tr>\n<tr>\n<td colspan=\"2\" width=\"296\"><strong>Mat\u00e9riau du r\u00e9servoir<\/strong><\/td>\n<td width=\"317\"><strong>Acier au carbone Q235 (acier inoxydable en option)<\/strong><\/td>\n<\/tr>\n<tr>\n<td width=\"83\"><strong>Fire pumps<\/strong><\/td>\n<td width=\"214\"><strong>Fire Pump Model<\/strong><\/td>\n<td width=\"317\"><strong>CB20\u00b710\/30\u00b760-RS medium and low pressure vehicle fire pump<\/strong><\/td>\n<\/tr>\n<tr>\n<td width=\"83\"><strong>Moniteur d'incendie<\/strong><\/td>\n<td width=\"214\"><strong>Mod\u00e8le de moniteur d'incendie<\/strong><\/td>\n<td width=\"317\"><strong>PS8\/60W<\/strong><\/td>\n<\/tr>\n<tr>\n<td width=\"83\"><strong>Prise de force<\/strong><\/td>\n<td width=\"214\"><strong>Type de prise de force<\/strong><\/td>\n<td width=\"317\"><strong>Sandwich (pleine puissance)<\/strong><\/td>\n<\/tr>\n<tr>\n<td rowspan=\"6\" width=\"85\"><strong>Ch\u00e2ssis<\/strong><\/p>\n<p>&nbsp;<\/td>\n<td colspan=\"2\" width=\"296\"><strong>Marque du ch\u00e2ssis<\/strong><\/td>\n<td width=\"317\"><strong>ISUZU<\/strong><\/td>\n<\/tr>\n<tr>\n<td colspan=\"2\" width=\"296\"><strong>Formulaire de conducteur<\/strong><\/td>\n<td width=\"317\"><strong>6*4<\/strong><\/td>\n<\/tr>\n<tr>\n<td colspan=\"2\" width=\"296\"><strong>Volant<\/strong><\/td>\n<td width=\"317\"><strong>Conduite \u00e0 gauche<\/strong><\/td>\n<\/tr>\n<tr>\n<td colspan=\"2\" width=\"296\"><strong>Marque et mod\u00e8le du moteur<\/strong><\/td>\n<td width=\"317\"><strong>6UZ1-TCG61<\/strong><\/td>\n<\/tr>\n<tr>\n<td colspan=\"2\" width=\"296\"><strong>Puissance du moteur (ch)<\/strong><\/td>\n<td width=\"317\"><strong>380<\/strong><\/td>\n<\/tr>\n<tr>\n<td colspan=\"2\" width=\"296\"><strong>Bo\u00eete de vitesse<\/strong><\/td>\n<td width=\"317\"><strong>bo\u00eete de vitesses \u00e0 12 rapports<\/strong><\/td>\n<\/tr>\n<\/tbody>\n<\/table>\n<h1 style=\"text-align: center;\">AVANTAGES DU V\u00c9HICULE<\/h1>\n<h2 style=\"text-align: center;\">POWEREUIENGINE<br \/>\nSTABLESUPPO<\/h2>\n<p><img decoding=\"async\" class=\"aligncenter wp-image-6150\" src=\"https:\/\/ac-truck.com\/wp-content\/uploads\/2025\/11\/%E6%B6%88%E9%98%B2%E8%BD%A6%E8%AF%A6%E6%83%85%E9%A1%B5_05.webp\" sizes=\"(max-width: 1234px) 100vw, 1234px\" srcset=\"https:\/\/ac-truck.com\/wp-content\/uploads\/2025\/11\/\u6d88\u9632\u8f66\u8be6\u60c5\u9875_05.webp 790w, https:\/\/ac-truck.com\/wp-content\/uploads\/2025\/11\/\u6d88\u9632\u8f66\u8be6\u60c5\u9875_05-234x300.webp 234w, https:\/\/ac-truck.com\/wp-content\/uploads\/2025\/11\/\u6d88\u9632\u8f66\u8be6\u60c5\u9875_05-768x984.webp 768w, https:\/\/ac-truck.com\/wp-content\/uploads\/2025\/11\/\u6d88\u9632\u8f66\u8be6\u60c5\u9875_05-9x12.webp 9w, https:\/\/ac-truck.com\/wp-content\/uploads\/2025\/11\/\u6d88\u9632\u8f66\u8be6\u60c5\u9875_05-600x769.webp 600w, https:\/\/ac-truck.com\/wp-content\/uploads\/2025\/11\/\u6d88\u9632\u8f66\u8be6\u60c5\u9875_05-150x192.webp 150w\" alt=\"\" width=\"1234\" height=\"1581\" \/><\/p>\n<p><strong>High \u2013 power engine: With dual protection, it has stronger adaptabilityTransmission PTO: lt enables efficient power transmission with a fastresponse speed.<\/strong><\/p>\n<h1 style=\"text-align: center;\">EXTINCTION D'INCENDIE \u00c0 VOLONT\u00c9<br \/>\nFONCTIONNEMENT \u00c0 HAUTE EFFICACIT\u00c9<\/h1>\n<p><img loading=\"lazy\" decoding=\"async\" class=\"aligncenter wp-image-6151\" src=\"https:\/\/ac-truck.com\/wp-content\/uploads\/2025\/11\/%E6%B6%88%E9%98%B2%E8%BD%A6%E8%AF%A6%E6%83%85%E9%A1%B5_07.webp\" sizes=\"(max-width: 1234px) 100vw, 1234px\" srcset=\"https:\/\/ac-truck.com\/wp-content\/uploads\/2025\/11\/\u6d88\u9632\u8f66\u8be6\u60c5\u9875_07.webp 790w, https:\/\/ac-truck.com\/wp-content\/uploads\/2025\/11\/\u6d88\u9632\u8f66\u8be6\u60c5\u9875_07-161x300.webp 161w, https:\/\/ac-truck.com\/wp-content\/uploads\/2025\/11\/\u6d88\u9632\u8f66\u8be6\u60c5\u9875_07-548x1024.webp 548w, https:\/\/ac-truck.com\/wp-content\/uploads\/2025\/11\/\u6d88\u9632\u8f66\u8be6\u60c5\u9875_07-768x1435.webp 768w, https:\/\/ac-truck.com\/wp-content\/uploads\/2025\/11\/\u6d88\u9632\u8f66\u8be6\u60c5\u9875_07-6x12.webp 6w, https:\/\/ac-truck.com\/wp-content\/uploads\/2025\/11\/\u6d88\u9632\u8f66\u8be6\u60c5\u9875_07-600x1121.webp 600w, https:\/\/ac-truck.com\/wp-content\/uploads\/2025\/11\/\u6d88\u9632\u8f66\u8be6\u60c5\u9875_07-150x280.webp 150w\" alt=\"\" width=\"1234\" height=\"2306\" \/><\/p>\n<p><strong>1. Pompe \u00e0 incendie d\u00e9di\u00e9e : Gr\u00e2ce \u00e0 sa tr\u00e8s forte aspiration, elle est compatible avec divers agents.<\/strong><br \/>\n<strong>2. Entr\u00e9e de la pompe \u00e0 incendie : Conception \u00e0 double canal avec technologie anti-blocage.<\/strong><br \/>\n<strong>3. Sortie de la pompe \u00e0 incendie : Sortie haute pression avec interfaces \u00e0 connexion rapide.<\/strong><br \/>\n<strong>4. Moniteur d'incendie : Contr\u00f4le intelligent pour la pulv\u00e9risation multifonctionnelle.<\/strong><br \/>\n<strong>5. R\u00e9servoir de poudre s\u00e8che : Extinction d'incendie \u00e0 haute efficacit\u00e9 avec des mat\u00e9riaux respectueux de l'environnement.<\/strong><br \/>\n<strong>6. Contr\u00f4leur du r\u00e9servoir de poudre s\u00e8che : Commutation par un seul bouton pour un dosage pr\u00e9cis.<\/strong><\/p>\n<h1 style=\"text-align: center;\">AFFICHAGE DE FONCTION<\/h1>\n<p><img loading=\"lazy\" decoding=\"async\" class=\"aligncenter wp-image-6152\" src=\"https:\/\/ac-truck.com\/wp-content\/uploads\/2025\/11\/%E6%B6%88%E9%98%B2%E8%BD%A6%E8%AF%A6%E6%83%85%E9%A1%B5_09.webp\" sizes=\"(max-width: 1234px) 100vw, 1234px\" srcset=\"https:\/\/ac-truck.com\/wp-content\/uploads\/2025\/11\/\u6d88\u9632\u8f66\u8be6\u60c5\u9875_09.webp 790w, https:\/\/ac-truck.com\/wp-content\/uploads\/2025\/11\/\u6d88\u9632\u8f66\u8be6\u60c5\u9875_09-149x300.webp 149w, https:\/\/ac-truck.com\/wp-content\/uploads\/2025\/11\/\u6d88\u9632\u8f66\u8be6\u60c5\u9875_09-508x1024.webp 508w, https:\/\/ac-truck.com\/wp-content\/uploads\/2025\/11\/\u6d88\u9632\u8f66\u8be6\u60c5\u9875_09-768x1550.webp 768w, https:\/\/ac-truck.com\/wp-content\/uploads\/2025\/11\/\u6d88\u9632\u8f66\u8be6\u60c5\u9875_09-761x1536.webp 761w, https:\/\/ac-truck.com\/wp-content\/uploads\/2025\/11\/\u6d88\u9632\u8f66\u8be6\u60c5\u9875_09-6x12.webp 6w, https:\/\/ac-truck.com\/wp-content\/uploads\/2025\/11\/\u6d88\u9632\u8f66\u8be6\u60c5\u9875_09-600x1211.webp 600w, https:\/\/ac-truck.com\/wp-content\/uploads\/2025\/11\/\u6d88\u9632\u8f66\u8be6\u60c5\u9875_09-150x303.webp 150w\" alt=\"\" width=\"1234\" height=\"2490\" \/><\/p>\n<p><strong>r\u00e9servoir d'eau pour incendie<\/strong><br \/>\n<strong>r\u00e9servoir de mousse pour l'extinction d'incendie<\/strong><br \/>\n<strong>r\u00e9servoir de poudre s\u00e8che pour la pulv\u00e9risation d'incendie<\/strong><\/p>\n<h1 style=\"text-align: center;\">INT\u00c9GRATION INTELLIGENTE<br \/>\nCOMMANDE \u00c0 UN SEUL BOUTON<\/h1>\n<p><img loading=\"lazy\" decoding=\"async\" class=\"aligncenter wp-image-6153\" src=\"https:\/\/ac-truck.com\/wp-content\/uploads\/2025\/11\/%E6%B6%88%E9%98%B2%E8%BD%A6%E8%AF%A6%E6%83%85%E9%A1%B5_11.webp\" sizes=\"(max-width: 1234px) 100vw, 1234px\" srcset=\"https:\/\/ac-truck.com\/wp-content\/uploads\/2025\/11\/\u6d88\u9632\u8f66\u8be6\u60c5\u9875_11.webp 790w, https:\/\/ac-truck.com\/wp-content\/uploads\/2025\/11\/\u6d88\u9632\u8f66\u8be6\u60c5\u9875_11-251x300.webp 251w, https:\/\/ac-truck.com\/wp-content\/uploads\/2025\/11\/\u6d88\u9632\u8f66\u8be6\u60c5\u9875_11-768x918.webp 768w, https:\/\/ac-truck.com\/wp-content\/uploads\/2025\/11\/\u6d88\u9632\u8f66\u8be6\u60c5\u9875_11-10x12.webp 10w, https:\/\/ac-truck.com\/wp-content\/uploads\/2025\/11\/\u6d88\u9632\u8f66\u8be6\u60c5\u9875_11-600x717.webp 600w, https:\/\/ac-truck.com\/wp-content\/uploads\/2025\/11\/\u6d88\u9632\u8f66\u8be6\u60c5\u9875_11-150x179.webp 150w\" alt=\"\" width=\"1234\" height=\"1475\" \/><\/p>\n<p><strong>1. Commande par cl\u00e9 de transmission du ch\u00e2ssis\u00a0: Changez de mode de transmission du ch\u00e2ssis \u00e0 l\u2019aide d\u2019un seul bouton pour vous adapter aux diff\u00e9rentes conditions routi\u00e8res.<\/strong><br \/>\n<strong>2. Commande par cl\u00e9 de prise de force (PTO) : Commande int\u00e9gr\u00e9e de la prise de force, qui peut \u00eatre d\u00e9marr\u00e9e avec un seul bouton.<\/strong><br \/>\n<strong>3. Panneau de commande incendie : Pas besoin d'op\u00e9rations complexes, changez de mode d'emploi avec un seul bouton.<\/strong><br \/>\n<strong>4. Affichage du d\u00e9bit moyen : Surveillez en temps r\u00e9el et affichez les donn\u00e9es de d\u00e9bit moyen.<\/strong><\/p>\n<h1 style=\"text-align: center;\">FONCTIONS AM\u00c9LIOR\u00c9ES<br \/>\nCAPACIT\u00c9S DE SAUVETAGE GLOBALES<\/h1>\n<p><img loading=\"lazy\" decoding=\"async\" class=\"aligncenter wp-image-6154\" src=\"https:\/\/ac-truck.com\/wp-content\/uploads\/2025\/11\/%E6%B6%88%E9%98%B2%E8%BD%A6%E8%AF%A6%E6%83%85%E9%A1%B5_13.webp\" sizes=\"(max-width: 1234px) 100vw, 1234px\" srcset=\"https:\/\/ac-truck.com\/wp-content\/uploads\/2025\/11\/\u6d88\u9632\u8f66\u8be6\u60c5\u9875_13.webp 790w, https:\/\/ac-truck.com\/wp-content\/uploads\/2025\/11\/\u6d88\u9632\u8f66\u8be6\u60c5\u9875_13-135x300.webp 135w, https:\/\/ac-truck.com\/wp-content\/uploads\/2025\/11\/\u6d88\u9632\u8f66\u8be6\u60c5\u9875_13-462x1024.webp 462w, https:\/\/ac-truck.com\/wp-content\/uploads\/2025\/11\/\u6d88\u9632\u8f66\u8be6\u60c5\u9875_13-768x1701.webp 768w, https:\/\/ac-truck.com\/wp-content\/uploads\/2025\/11\/\u6d88\u9632\u8f66\u8be6\u60c5\u9875_13-693x1536.webp 693w, https:\/\/ac-truck.com\/wp-content\/uploads\/2025\/11\/\u6d88\u9632\u8f66\u8be6\u60c5\u9875_13-5x12.webp 5w, https:\/\/ac-truck.com\/wp-content\/uploads\/2025\/11\/\u6d88\u9632\u8f66\u8be6\u60c5\u9875_13-600x1329.webp 600w, https:\/\/ac-truck.com\/wp-content\/uploads\/2025\/11\/\u6d88\u9632\u8f66\u8be6\u60c5\u9875_13-150x332.webp 150w\" alt=\"\" width=\"1234\" height=\"2734\" \/><\/p>\n<p><strong>1. \u00c9quipement d'extinction d'incendie<\/strong><br \/>\n<strong>2. \u00c9quipement de secours d'urgence<\/strong><br \/>\n<strong>3. Tuyau d'incendie<\/strong><br \/>\n<strong>lampe d'\u00e9clairage de secours \u00e0 4,360\u00b0<\/strong><br \/>\n<strong>5. Voyant d'alarme incendie<\/strong><\/p>\n<h1 style=\"text-align: center;\">S\u00dbR ET STABLE<br \/>\nDURABLE ET LONGUE DUR\u00c9E DE VIE<\/h1>\n<p><img loading=\"lazy\" decoding=\"async\" class=\"aligncenter wp-image-6155\" src=\"https:\/\/ac-truck.com\/wp-content\/uploads\/2025\/11\/%E6%B6%88%E9%98%B2%E8%BD%A6%E8%AF%A6%E6%83%85%E9%A1%B5_15.webp\" sizes=\"(max-width: 1234px) 100vw, 1234px\" srcset=\"https:\/\/ac-truck.com\/wp-content\/uploads\/2025\/11\/\u6d88\u9632\u8f66\u8be6\u60c5\u9875_15.webp 790w, https:\/\/ac-truck.com\/wp-content\/uploads\/2025\/11\/\u6d88\u9632\u8f66\u8be6\u60c5\u9875_15-178x300.webp 178w, https:\/\/ac-truck.com\/wp-content\/uploads\/2025\/11\/\u6d88\u9632\u8f66\u8be6\u60c5\u9875_15-606x1024.webp 606w, https:\/\/ac-truck.com\/wp-content\/uploads\/2025\/11\/\u6d88\u9632\u8f66\u8be6\u60c5\u9875_15-768x1297.webp 768w, https:\/\/ac-truck.com\/wp-content\/uploads\/2025\/11\/\u6d88\u9632\u8f66\u8be6\u60c5\u9875_15-7x12.webp 7w, https:\/\/ac-truck.com\/wp-content\/uploads\/2025\/11\/\u6d88\u9632\u8f66\u8be6\u60c5\u9875_15-600x1013.webp 600w, https:\/\/ac-truck.com\/wp-content\/uploads\/2025\/11\/\u6d88\u9632\u8f66\u8be6\u60c5\u9875_15-150x253.webp 150w\" alt=\"\" width=\"1234\" height=\"2084\" \/><\/p>\n<p><strong>serrure de porte \u00e0 volet roulant<\/strong><br \/>\n<strong>P\u00e9dale antid\u00e9rapante<\/strong><br \/>\n<strong>\u00c9chelle t\u00e9lescopique<\/strong><br \/>\n<strong>Plaque sup\u00e9rieure antid\u00e9rapante \u00e0 damier<\/strong><\/p>\n<h1 style=\"text-align: center;\">PROCESSUS DE PRODUCTION<\/h1>\n<p><img loading=\"lazy\" decoding=\"async\" class=\"aligncenter wp-image-6156\" src=\"https:\/\/ac-truck.com\/wp-content\/uploads\/2025\/11\/%E6%B6%88%E9%98%B2%E8%BD%A6%E8%AF%A6%E6%83%85%E9%A1%B5_17.webp\" sizes=\"(max-width: 1234px) 100vw, 1234px\" srcset=\"https:\/\/ac-truck.com\/wp-content\/uploads\/2025\/11\/\u6d88\u9632\u8f66\u8be6\u60c5\u9875_17.webp 790w, https:\/\/ac-truck.com\/wp-content\/uploads\/2025\/11\/\u6d88\u9632\u8f66\u8be6\u60c5\u9875_17-124x300.webp 124w, https:\/\/ac-truck.com\/wp-content\/uploads\/2025\/11\/\u6d88\u9632\u8f66\u8be6\u60c5\u9875_17-425x1024.webp 425w, https:\/\/ac-truck.com\/wp-content\/uploads\/2025\/11\/\u6d88\u9632\u8f66\u8be6\u60c5\u9875_17-768x1851.webp 768w, https:\/\/ac-truck.com\/wp-content\/uploads\/2025\/11\/\u6d88\u9632\u8f66\u8be6\u60c5\u9875_17-637x1536.webp 637w, https:\/\/ac-truck.com\/wp-content\/uploads\/2025\/11\/\u6d88\u9632\u8f66\u8be6\u60c5\u9875_17-5x12.webp 5w, https:\/\/ac-truck.com\/wp-content\/uploads\/2025\/11\/\u6d88\u9632\u8f66\u8be6\u60c5\u9875_17-600x1446.webp 600w, https:\/\/ac-truck.com\/wp-content\/uploads\/2025\/11\/\u6d88\u9632\u8f66\u8be6\u60c5\u9875_17-150x362.webp 150w\" alt=\"\" width=\"1234\" height=\"2974\" \/><img loading=\"lazy\" decoding=\"async\" class=\"aligncenter wp-image-6157\" src=\"https:\/\/ac-truck.com\/wp-content\/uploads\/2025\/11\/%E6%B6%88%E9%98%B2%E8%BD%A6%E8%AF%A6%E6%83%85%E9%A1%B5_18.webp\" sizes=\"(max-width: 1234px) 100vw, 1234px\" srcset=\"https:\/\/ac-truck.com\/wp-content\/uploads\/2025\/11\/\u6d88\u9632\u8f66\u8be6\u60c5\u9875_18.webp 790w, https:\/\/ac-truck.com\/wp-content\/uploads\/2025\/11\/\u6d88\u9632\u8f66\u8be6\u60c5\u9875_18-125x300.webp 125w, https:\/\/ac-truck.com\/wp-content\/uploads\/2025\/11\/\u6d88\u9632\u8f66\u8be6\u60c5\u9875_18-426x1024.webp 426w, https:\/\/ac-truck.com\/wp-content\/uploads\/2025\/11\/\u6d88\u9632\u8f66\u8be6\u60c5\u9875_18-768x1847.webp 768w, https:\/\/ac-truck.com\/wp-content\/uploads\/2025\/11\/\u6d88\u9632\u8f66\u8be6\u60c5\u9875_18-639x1536.webp 639w, https:\/\/ac-truck.com\/wp-content\/uploads\/2025\/11\/\u6d88\u9632\u8f66\u8be6\u60c5\u9875_18-5x12.webp 5w, https:\/\/ac-truck.com\/wp-content\/uploads\/2025\/11\/\u6d88\u9632\u8f66\u8be6\u60c5\u9875_18-600x1443.webp 600w, https:\/\/ac-truck.com\/wp-content\/uploads\/2025\/11\/\u6d88\u9632\u8f66\u8be6\u60c5\u9875_18-150x361.webp 150w\" alt=\"\" width=\"1234\" height=\"2968\" \/><\/p>\n<p><strong>1. Pr\u00e9paration des mat\u00e9riaux de production<\/strong><br \/>\n<strong>2. Soudage en bo\u00eete<\/strong><br \/>\n<strong>3. Soudage et formage de bo\u00eetes<\/strong><br \/>\n<strong>4. Assemblage du bo\u00eetier sur le ch\u00e2ssis<\/strong><br \/>\n<strong>5. Assemblage des d\u00e9tails int\u00e9rieurs<\/strong><br \/>\n<strong>6. Ach\u00e8vement de l'appr\u00eat<\/strong><br \/>\n<strong>7. Finition de peinture ignifuge<\/strong><br \/>\n<strong>8. Ach\u00e8vement de la production des v\u00e9hicules<\/strong><\/p>\n<h1 style=\"text-align: center;\">SC\u00c9NARIOS D'APPLICATION<\/h1>\n<p><img loading=\"lazy\" decoding=\"async\" class=\"aligncenter wp-image-6158\" src=\"https:\/\/ac-truck.com\/wp-content\/uploads\/2025\/11\/%E6%B6%88%E9%98%B2%E8%BD%A6%E8%AF%A6%E6%83%85%E9%A1%B5_20.webp\" sizes=\"(max-width: 1234px) 100vw, 1234px\" srcset=\"https:\/\/ac-truck.com\/wp-content\/uploads\/2025\/11\/\u6d88\u9632\u8f66\u8be6\u60c5\u9875_20.webp 790w, https:\/\/ac-truck.com\/wp-content\/uploads\/2025\/11\/\u6d88\u9632\u8f66\u8be6\u60c5\u9875_20-150x300.webp 150w, https:\/\/ac-truck.com\/wp-content\/uploads\/2025\/11\/\u6d88\u9632\u8f66\u8be6\u60c5\u9875_20-512x1024.webp 512w, https:\/\/ac-truck.com\/wp-content\/uploads\/2025\/11\/\u6d88\u9632\u8f66\u8be6\u60c5\u9875_20-768x1536.webp 768w, https:\/\/ac-truck.com\/wp-content\/uploads\/2025\/11\/\u6d88\u9632\u8f66\u8be6\u60c5\u9875_20-6x12.webp 6w, https:\/\/ac-truck.com\/wp-content\/uploads\/2025\/11\/\u6d88\u9632\u8f66\u8be6\u60c5\u9875_20-600x1200.webp 600w\" alt=\"\" width=\"1234\" height=\"2468\" \/><\/p>\n<h1 style=\"text-align: center;\">EMBALLAGE ET TRANSPORT<\/h1>\n<p><img loading=\"lazy\" decoding=\"async\" class=\"aligncenter wp-image-6159\" src=\"https:\/\/ac-truck.com\/wp-content\/uploads\/2025\/11\/%E6%B6%88%E9%98%B2%E8%BD%A6%E8%AF%A6%E6%83%85%E9%A1%B5_22.webp\" sizes=\"(max-width: 1234px) 100vw, 1234px\" srcset=\"https:\/\/ac-truck.com\/wp-content\/uploads\/2025\/11\/\u6d88\u9632\u8f66\u8be6\u60c5\u9875_22.webp 790w, https:\/\/ac-truck.com\/wp-content\/uploads\/2025\/11\/\u6d88\u9632\u8f66\u8be6\u60c5\u9875_22-157x300.webp 157w, https:\/\/ac-truck.com\/wp-content\/uploads\/2025\/11\/\u6d88\u9632\u8f66\u8be6\u60c5\u9875_22-538x1024.webp 538w, https:\/\/ac-truck.com\/wp-content\/uploads\/2025\/11\/\u6d88\u9632\u8f66\u8be6\u60c5\u9875_22-768x1463.webp 768w, https:\/\/ac-truck.com\/wp-content\/uploads\/2025\/11\/\u6d88\u9632\u8f66\u8be6\u60c5\u9875_22-6x12.webp 6w, https:\/\/ac-truck.com\/wp-content\/uploads\/2025\/11\/\u6d88\u9632\u8f66\u8be6\u60c5\u9875_22-600x1143.webp 600w, https:\/\/ac-truck.com\/wp-content\/uploads\/2025\/11\/\u6d88\u9632\u8f66\u8be6\u60c5\u9875_22-150x286.webp 150w\" alt=\"\" width=\"1234\" height=\"2351\" \/><\/p>","protected":false},"excerpt":{"rendered":"<p>PRODUCTPARAMETERS 16000 Liters Water Tank Fire Truck ISUZU project Descriptions Specifications Basic Overall dimensions(mm) 10060\u00d72550\u00d73700 curb weight(Kg) 31000 Loading capacity(Kg)<\/p>","protected":false},"featured_media":6242,"template":"","meta":[],"product_brand":[213],"product_cat":[182],"product_tag":[259,279,282,324],"class_list":{"0":"post-6239","1":"product","2":"type-product","3":"status-publish","4":"has-post-thumbnail","6":"product_brand-isuzu","7":"product_cat-fire-trucks","8":"product_tag-fire-truck","9":"product_tag-fire-engine","10":"product_tag-water-tank-fire-truck","11":"product_tag-16000l","13":"first","14":"instock","15":"shipping-taxable","16":"product-type-simple"},"_links":{"self":[{"href":"https:\/\/ac-truck.com\/fr\/wp-json\/wp\/v2\/product\/6239","targetHints":{"allow":["GET"]}}],"collection":[{"href":"https:\/\/ac-truck.com\/fr\/wp-json\/wp\/v2\/product"}],"about":[{"href":"https:\/\/ac-truck.com\/fr\/wp-json\/wp\/v2\/types\/product"}],"version-history":[{"count":2,"href":"https:\/\/ac-truck.com\/fr\/wp-json\/wp\/v2\/product\/6239\/revisions"}],"predecessor-version":[{"id":6682,"href":"https:\/\/ac-truck.com\/fr\/wp-json\/wp\/v2\/product\/6239\/revisions\/6682"}],"wp:featuredmedia":[{"embeddable":true,"href":"https:\/\/ac-truck.com\/fr\/wp-json\/wp\/v2\/media\/6242"}],"wp:attachment":[{"href":"https:\/\/ac-truck.com\/fr\/wp-json\/wp\/v2\/media?parent=6239"}],"wp:term":[{"taxonomy":"product_brand","embeddable":true,"href":"https:\/\/ac-truck.com\/fr\/wp-json\/wp\/v2\/product_brand?post=6239"},{"taxonomy":"product_cat","embeddable":true,"href":"https:\/\/ac-truck.com\/fr\/wp-json\/wp\/v2\/product_cat?post=6239"},{"taxonomy":"product_tag","embeddable":true,"href":"https:\/\/ac-truck.com\/fr\/wp-json\/wp\/v2\/product_tag?post=6239"}],"curies":[{"name":"wp","href":"https:\/\/api.w.org\/{rel}","templated":true}]}}