{"id":6431,"date":"2025-12-02T15:20:45","date_gmt":"2025-12-02T07:20:45","guid":{"rendered":"https:\/\/ac-truck.com\/?post_type=product&#038;p=6431"},"modified":"2025-12-20T11:05:03","modified_gmt":"2025-12-20T03:05:03","slug":"20000l-tanker-truck-isuzu","status":"publish","type":"product","link":"https:\/\/ac-truck.com\/fr\/20000l-tanker-truck-isuzu.html","title":{"rendered":"Camion-citerne ISUZU de 20\u00a0000 litres"},"content":{"rendered":"<p><img fetchpriority=\"high\" decoding=\"async\" class=\"aligncenter wp-image-6432\" src=\"https:\/\/ac-truck.com\/wp-content\/uploads\/2025\/12\/\u6574\u8f66\u6d77\u62a5_01-4.webp\" alt=\"\" width=\"1234\" height=\"1595\" srcset=\"https:\/\/ac-truck.com\/wp-content\/uploads\/2025\/12\/\u6574\u8f66\u6d77\u62a5_01-4.webp 790w, https:\/\/ac-truck.com\/wp-content\/uploads\/2025\/12\/\u6574\u8f66\u6d77\u62a5_01-4-232x300.webp 232w, https:\/\/ac-truck.com\/wp-content\/uploads\/2025\/12\/\u6574\u8f66\u6d77\u62a5_01-4-768x993.webp 768w, https:\/\/ac-truck.com\/wp-content\/uploads\/2025\/12\/\u6574\u8f66\u6d77\u62a5_01-4-9x12.webp 9w, https:\/\/ac-truck.com\/wp-content\/uploads\/2025\/12\/\u6574\u8f66\u6d77\u62a5_01-4-600x775.webp 600w, https:\/\/ac-truck.com\/wp-content\/uploads\/2025\/12\/\u6574\u8f66\u6d77\u62a5_01-4-150x194.webp 150w\" sizes=\"(max-width: 1234px) 100vw, 1234px\" \/><\/p>\n<h1 style=\"text-align: center;\">PARAM\u00c8TRES DU PRODUIT<\/h1>\n<p><img decoding=\"async\" class=\"aligncenter wp-image-6433\" src=\"https:\/\/ac-truck.com\/wp-content\/uploads\/2025\/12\/\u6574\u8f66\u6d77\u62a5_03-4.webp\" alt=\"\" width=\"1234\" height=\"486\" srcset=\"https:\/\/ac-truck.com\/wp-content\/uploads\/2025\/12\/\u6574\u8f66\u6d77\u62a5_03-4.webp 790w, https:\/\/ac-truck.com\/wp-content\/uploads\/2025\/12\/\u6574\u8f66\u6d77\u62a5_03-4-300x118.webp 300w, https:\/\/ac-truck.com\/wp-content\/uploads\/2025\/12\/\u6574\u8f66\u6d77\u62a5_03-4-768x302.webp 768w, https:\/\/ac-truck.com\/wp-content\/uploads\/2025\/12\/\u6574\u8f66\u6d77\u62a5_03-4-18x7.webp 18w, https:\/\/ac-truck.com\/wp-content\/uploads\/2025\/12\/\u6574\u8f66\u6d77\u62a5_03-4-600x236.webp 600w, https:\/\/ac-truck.com\/wp-content\/uploads\/2025\/12\/\u6574\u8f66\u6d77\u62a5_03-4-150x59.webp 150w\" sizes=\"(max-width: 1234px) 100vw, 1234px\" \/><\/p>\n<h2 style=\"text-align: center;\">Camion-citerne ISUZU de 20\u00a0000 litres<\/h2>\n<table>\n<tbody>\n<tr>\n<td width=\"86\"><strong>projet<\/strong><\/td>\n<td width=\"296\"><strong>Descriptions<\/strong><\/td>\n<td width=\"317\"><strong>Caract\u00e9ristiques<\/strong><\/td>\n<\/tr>\n<tr>\n<td rowspan=\"4\" width=\"86\"><strong>G\u00e9n\u00e9ral<\/strong><\/td>\n<td width=\"296\"><strong>Dimensions hors tout (mm)<\/strong><\/td>\n<td width=\"317\"><strong>9700\u00d72550\u00d73450<\/strong><\/td>\n<\/tr>\n<tr>\n<td width=\"296\"><strong>poids \u00e0 vide (kg)<\/strong><\/td>\n<td width=\"317\"><strong>10205<\/strong><\/td>\n<\/tr>\n<tr>\n<td width=\"296\"><strong>Capacit\u00e9 de charge (kg)<\/strong><\/td>\n<td width=\"317\"><strong>15665<\/strong><\/td>\n<\/tr>\n<tr>\n<td width=\"296\"><strong>Masse totale (kg)<\/strong><\/td>\n<td width=\"317\"><strong>26000<\/strong><\/td>\n<\/tr>\n<tr>\n<td rowspan=\"4\" width=\"86\"><strong>Corps<\/strong><\/td>\n<td width=\"296\"><strong>Taille du r\u00e9servoir<\/strong><\/td>\n<td width=\"317\"><strong>5800\u00d72200\u00d71480<\/strong><\/td>\n<\/tr>\n<tr>\n<td width=\"296\"><strong>Mat\u00e9riau du r\u00e9servoir<\/strong><\/td>\n<td width=\"317\"><strong>Q235<\/strong><\/td>\n<\/tr>\n<tr>\n<td width=\"296\"><strong>\u00a0\u00c9paisseur du r\u00e9servoir (mm)<\/strong><\/td>\n<td width=\"317\"><strong>5<\/strong><\/td>\n<\/tr>\n<tr>\n<td width=\"296\"><strong>Volume du r\u00e9servoir (L)<\/strong><\/td>\n<td width=\"317\"><strong>20000<\/strong><\/td>\n<\/tr>\n<tr>\n<td rowspan=\"6\" width=\"86\"><strong>Ch\u00e2ssis<\/strong><\/p>\n<p>&nbsp;<\/td>\n<td width=\"296\"><strong>Marque du ch\u00e2ssis<\/strong><\/td>\n<td width=\"317\"><strong>ISUZU<\/strong><\/td>\n<\/tr>\n<tr>\n<td width=\"296\"><strong>Formulaire de conducteur<\/strong><\/td>\n<td width=\"317\"><strong>6\u00d74<\/strong><\/td>\n<\/tr>\n<tr>\n<td width=\"296\"><strong>Volant<\/strong><\/td>\n<td width=\"317\"><strong>Conduite \u00e0 gauche<\/strong><\/td>\n<\/tr>\n<tr>\n<td width=\"296\"><strong>Marque et mod\u00e8le du moteur<\/strong><\/td>\n<td width=\"317\"><strong>6HK1-TCG60<\/strong><\/td>\n<\/tr>\n<tr>\n<td width=\"296\"><strong>Puissance maximale du moteur (kW)<\/strong><\/td>\n<td width=\"317\"><strong>220<\/strong><\/td>\n<\/tr>\n<tr>\n<td width=\"296\"><strong>Bo\u00eete de vitesse<\/strong><\/td>\n<td width=\"317\"><strong>bo\u00eete de vitesses \u00e0 9 rapports<\/strong><\/td>\n<\/tr>\n<\/tbody>\n<\/table>\n<h1 style=\"text-align: center;\">AVANTAGES DU V\u00c9HICULE<\/h1>\n<h4 style=\"text-align: center;\">MAT\u00c9RIAU ET DESIGN DE LA BO\u00ceTE<\/h4>\n<p><img decoding=\"async\" class=\"aligncenter wp-image-6375\" src=\"https:\/\/ac-truck.com\/wp-content\/uploads\/2025\/12\/%E6%B2%B9%E7%BD%90%E8%BD%A6%E8%AF%A6%E6%83%85%E8%BD%A6_05.webp\" sizes=\"(max-width: 1234px) 100vw, 1234px\" srcset=\"https:\/\/ac-truck.com\/wp-content\/uploads\/2025\/12\/\u6cb9\u7f50\u8f66\u8be6\u60c5\u8f66_05.webp 790w, https:\/\/ac-truck.com\/wp-content\/uploads\/2025\/12\/\u6cb9\u7f50\u8f66\u8be6\u60c5\u8f66_05-126x300.webp 126w, https:\/\/ac-truck.com\/wp-content\/uploads\/2025\/12\/\u6cb9\u7f50\u8f66\u8be6\u60c5\u8f66_05-432x1024.webp 432w, https:\/\/ac-truck.com\/wp-content\/uploads\/2025\/12\/\u6cb9\u7f50\u8f66\u8be6\u60c5\u8f66_05-768x1822.webp 768w, https:\/\/ac-truck.com\/wp-content\/uploads\/2025\/12\/\u6cb9\u7f50\u8f66\u8be6\u60c5\u8f66_05-648x1536.webp 648w, https:\/\/ac-truck.com\/wp-content\/uploads\/2025\/12\/\u6cb9\u7f50\u8f66\u8be6\u60c5\u8f66_05-5x12.webp 5w, https:\/\/ac-truck.com\/wp-content\/uploads\/2025\/12\/\u6cb9\u7f50\u8f66\u8be6\u60c5\u8f66_05-600x1423.webp 600w, https:\/\/ac-truck.com\/wp-content\/uploads\/2025\/12\/\u6cb9\u7f50\u8f66\u8be6\u60c5\u8f66_05-150x356.webp 150w\" alt=\"\" width=\"1234\" height=\"2927\" \/><\/p>\n<p><strong>1. Acier \u00e0 haute r\u00e9sistance : il peut r\u00e9sister \u00e0 la pression du p\u00e9trole pendant le transport et aux \u00e9ventuels chocs externes.<\/strong><br \/>\n<strong>2. Conception \u00e0 section transversale non circulaire : elle est moins susceptible de se briser en cas d\u2019impacts externes et r\u00e9duit le centre de gravit\u00e9 du v\u00e9hicule.<\/strong><br \/>\n<strong>3. Cloisons transversales ondul\u00e9es\u00a0: Elles r\u00e9duisent le ballottement du liquide pendant la conduite et emp\u00eachent le renversement. Effet antid\u00e9flagrant\u00a0: Elles r\u00e9duisent l\u2019accumulation d\u2019\u00e9lectricit\u00e9 statique caus\u00e9e par le ballottement violent du liquide.<\/strong><\/p>\n<h2 style=\"text-align: center;\">ACCESSOIRES ESSENTIELS POUR LA PROTECTION CONTRE LES EXPLOSIONS ET LES FUITES<\/h2>\n<p><img loading=\"lazy\" decoding=\"async\" class=\"aligncenter wp-image-6376\" src=\"https:\/\/ac-truck.com\/wp-content\/uploads\/2025\/12\/%E6%B2%B9%E7%BD%90%E8%BD%A6%E8%AF%A6%E6%83%85%E8%BD%A6_07-scaled.webp\" sizes=\"(max-width: 1234px) 100vw, 1234px\" srcset=\"https:\/\/ac-truck.com\/wp-content\/uploads\/2025\/12\/\u6cb9\u7f50\u8f66\u8be6\u60c5\u8f66_07-scaled.webp 664w, https:\/\/ac-truck.com\/wp-content\/uploads\/2025\/12\/\u6cb9\u7f50\u8f66\u8be6\u60c5\u8f66_07-78x300.webp 78w, https:\/\/ac-truck.com\/wp-content\/uploads\/2025\/12\/\u6cb9\u7f50\u8f66\u8be6\u60c5\u8f66_07-768x2960.webp 768w, https:\/\/ac-truck.com\/wp-content\/uploads\/2025\/12\/\u6cb9\u7f50\u8f66\u8be6\u60c5\u8f66_07-531x2048.webp 531w, https:\/\/ac-truck.com\/wp-content\/uploads\/2025\/12\/\u6cb9\u7f50\u8f66\u8be6\u60c5\u8f66_07-3x12.webp 3w, https:\/\/ac-truck.com\/wp-content\/uploads\/2025\/12\/\u6cb9\u7f50\u8f66\u8be6\u60c5\u8f66_07-600x2313.webp 600w, https:\/\/ac-truck.com\/wp-content\/uploads\/2025\/12\/\u6cb9\u7f50\u8f66\u8be6\u60c5\u8f66_07-150x578.webp 150w\" alt=\"\" width=\"1234\" height=\"4758\" \/><\/p>\n<p><strong>1. Orifice de remplissage aux normes europ\u00e9ennes\u00a0: il est dot\u00e9 de fonctions de ventilation et d\u2019\u00e9chappement d\u2019urgence int\u00e9gr\u00e9es. Il permet de maintenir l\u2019\u00e9quilibre de pression entre l\u2019int\u00e9rieur et l\u2019ext\u00e9rieur du r\u00e9servoir, d\u2019\u00e9viter le gaspillage d\u2019huile et de rel\u00e2cher la pression dans le r\u00e9servoir en cas d\u2019urgence.<\/strong><br \/>\n<strong>2. Vanne sous-marine\u00a0: \u00c9galement appel\u00e9e vanne d\u2019arr\u00eat d\u2019urgence, elle est install\u00e9e au fond de la cuve et sert au chargement de p\u00e9trole par le bas. En cas d\u2019incident survenant \u00e0 la cuve, la canalisation du v\u00e9hicule et la cuve se d\u00e9connectent automatiquement.<\/strong><br \/>\n<strong>3. Pare-flammes : il emp\u00eache les flammes ext\u00e9rieures de p\u00e9n\u00e9trer ou emp\u00eache la propagation des flammes entre les \u00e9quipements et les canalisations contenant des gaz inflammables et explosifs.<\/strong><br \/>\n<strong>4. Syst\u00e8me d'arr\u00eat d'urgence\u00a0: il peut \u00eatre actionn\u00e9 manuellement, automatiquement ou \u00e0 distance. En cas de renversement du v\u00e9hicule ou de rupture de la canalisation, il coupe imm\u00e9diatement l'alimentation en p\u00e9trole afin d'\u00e9viter toute fuite.<\/strong><br \/>\n<strong>5. Tige de sonde anti-d\u00e9bordement et dispositif de r\u00e9cup\u00e9ration du p\u00e9trole et du gaz : Pendant le processus d'injection de p\u00e9trole, lorsque le niveau de liquide atteint la position d\u00e9finie, une alarme se d\u00e9clenche automatiquement et l'injection de p\u00e9trole s'arr\u00eate pour \u00e9viter tout d\u00e9bordement.<\/strong><\/p>\n<h1 style=\"text-align: center;\">SYST\u00c8ME ANTID\u00c9CHALIT\u00c9 \u00c9LECTRIQUE<\/h1>\n<p><img loading=\"lazy\" decoding=\"async\" class=\"aligncenter wp-image-6377\" src=\"https:\/\/ac-truck.com\/wp-content\/uploads\/2025\/12\/%E6%B2%B9%E7%BD%90%E8%BD%A6%E8%AF%A6%E6%83%85%E8%BD%A6_09.webp\" sizes=\"(max-width: 1234px) 100vw, 1234px\" srcset=\"https:\/\/ac-truck.com\/wp-content\/uploads\/2025\/12\/\u6cb9\u7f50\u8f66\u8be6\u60c5\u8f66_09.webp 790w, https:\/\/ac-truck.com\/wp-content\/uploads\/2025\/12\/\u6cb9\u7f50\u8f66\u8be6\u60c5\u8f66_09-216x300.webp 216w, https:\/\/ac-truck.com\/wp-content\/uploads\/2025\/12\/\u6cb9\u7f50\u8f66\u8be6\u60c5\u8f66_09-737x1024.webp 737w, https:\/\/ac-truck.com\/wp-content\/uploads\/2025\/12\/\u6cb9\u7f50\u8f66\u8be6\u60c5\u8f66_09-768x1067.webp 768w, https:\/\/ac-truck.com\/wp-content\/uploads\/2025\/12\/\u6cb9\u7f50\u8f66\u8be6\u60c5\u8f66_09-9x12.webp 9w, https:\/\/ac-truck.com\/wp-content\/uploads\/2025\/12\/\u6cb9\u7f50\u8f66\u8be6\u60c5\u8f66_09-600x834.webp 600w, https:\/\/ac-truck.com\/wp-content\/uploads\/2025\/12\/\u6cb9\u7f50\u8f66\u8be6\u60c5\u8f66_09-150x208.webp 150w\" alt=\"\" width=\"1234\" height=\"1715\" \/><\/p>\n<p><strong>1. Ruban conducteur statique<\/strong><br \/>\n<strong>2. Bobine statique<\/strong><br \/>\n<strong>3. Rev\u00eatement antistatique<\/strong><br \/>\n<strong>4. Pompe \u00e0 huile en nylon antid\u00e9flagrante<\/strong><\/p>\n<h1 style=\"text-align: center;\">STANDARDIZED ACCESSORIES<\/h1>\n<p><img loading=\"lazy\" decoding=\"async\" class=\"aligncenter wp-image-6378\" src=\"https:\/\/ac-truck.com\/wp-content\/uploads\/2025\/12\/%E6%B2%B9%E7%BD%90%E8%BD%A6%E8%AF%A6%E6%83%85%E8%BD%A6_11.webp\" sizes=\"(max-width: 1234px) 100vw, 1234px\" srcset=\"https:\/\/ac-truck.com\/wp-content\/uploads\/2025\/12\/\u6cb9\u7f50\u8f66\u8be6\u60c5\u8f66_11.webp 790w, https:\/\/ac-truck.com\/wp-content\/uploads\/2025\/12\/\u6cb9\u7f50\u8f66\u8be6\u60c5\u8f66_11-208x300.webp 208w, https:\/\/ac-truck.com\/wp-content\/uploads\/2025\/12\/\u6cb9\u7f50\u8f66\u8be6\u60c5\u8f66_11-711x1024.webp 711w, https:\/\/ac-truck.com\/wp-content\/uploads\/2025\/12\/\u6cb9\u7f50\u8f66\u8be6\u60c5\u8f66_11-768x1105.webp 768w, https:\/\/ac-truck.com\/wp-content\/uploads\/2025\/12\/\u6cb9\u7f50\u8f66\u8be6\u60c5\u8f66_11-8x12.webp 8w, https:\/\/ac-truck.com\/wp-content\/uploads\/2025\/12\/\u6cb9\u7f50\u8f66\u8be6\u60c5\u8f66_11-600x864.webp 600w, https:\/\/ac-truck.com\/wp-content\/uploads\/2025\/12\/\u6cb9\u7f50\u8f66\u8be6\u60c5\u8f66_11-150x216.webp 150w\" alt=\"\" width=\"1234\" height=\"1776\" \/><\/p>\n<p><strong>1. S\u00e9curit\u00e9 renforc\u00e9e<\/strong><br \/>\n<strong>2. Haute universalit\u00e9<\/strong><br \/>\n<strong>3. R\u00e9duction des co\u00fbts de maintenance<\/strong><br \/>\n<strong>4. Am\u00e9lioration de l'efficacit\u00e9 op\u00e9rationnelle<\/strong><\/p>\n<h1 style=\"text-align: center;\">Autres d\u00e9tails<\/h1>\n<p><img loading=\"lazy\" decoding=\"async\" class=\"aligncenter wp-image-6379\" src=\"https:\/\/ac-truck.com\/wp-content\/uploads\/2025\/12\/%E6%B2%B9%E7%BD%90%E8%BD%A6%E8%AF%A6%E6%83%85%E8%BD%A6_13.webp\" sizes=\"(max-width: 1234px) 100vw, 1234px\" srcset=\"https:\/\/ac-truck.com\/wp-content\/uploads\/2025\/12\/\u6cb9\u7f50\u8f66\u8be6\u60c5\u8f66_13.webp 790w, https:\/\/ac-truck.com\/wp-content\/uploads\/2025\/12\/\u6cb9\u7f50\u8f66\u8be6\u60c5\u8f66_13-150x299.webp 150w, https:\/\/ac-truck.com\/wp-content\/uploads\/2025\/12\/\u6cb9\u7f50\u8f66\u8be6\u60c5\u8f66_13-514x1024.webp 514w, https:\/\/ac-truck.com\/wp-content\/uploads\/2025\/12\/\u6cb9\u7f50\u8f66\u8be6\u60c5\u8f66_13-768x1531.webp 768w, https:\/\/ac-truck.com\/wp-content\/uploads\/2025\/12\/\u6cb9\u7f50\u8f66\u8be6\u60c5\u8f66_13-770x1536.webp 770w, https:\/\/ac-truck.com\/wp-content\/uploads\/2025\/12\/\u6cb9\u7f50\u8f66\u8be6\u60c5\u8f66_13-6x12.webp 6w, https:\/\/ac-truck.com\/wp-content\/uploads\/2025\/12\/\u6cb9\u7f50\u8f66\u8be6\u60c5\u8f66_13-600x1196.webp 600w\" alt=\"\" width=\"1234\" height=\"2460\" \/><\/p>\n<p><strong>1. Soupape APL : elle poss\u00e8de des fonctions int\u00e9gr\u00e9es de respiration et d'\u00e9chappement d'urgence, qui peuvent maintenir l'\u00e9quilibre de pression \u00e0 l'int\u00e9rieur et \u00e0 l'ext\u00e9rieur du r\u00e9servoir, \u00e9viter le gaspillage d'huile et lib\u00e9rer la pression dans le r\u00e9servoir en cas d'urgence.<\/strong><br \/>\n<strong>2. Enrouleur de carburant Donaldson : il offre une double protection contre les fuites et la pollution, est antistatique et adapt\u00e9 aux environnements dangereux, et la fonction de rembobinage automatique permet d'\u00e9conomiser du travail et des efforts.<\/strong><br \/>\n<strong>3. Panneau de commande int\u00e9gr\u00e9 : il offre une utilisation pratique et une s\u00e9curit\u00e9 accrue.<\/strong><br \/>\n<strong>4. Jauge \u00e0 flotteur de niveau de liquide : elle surveille avec pr\u00e9cision le niveau du liquide.<\/strong><br \/>\n<strong>5. Passerelle antid\u00e9rapante : elle r\u00e9duit le risque de glissade et assure pleinement la s\u00e9curit\u00e9 du personnel.<\/strong><\/p>\n<h1 style=\"text-align: center;\">PROCESSUS DE PRODUCTION<\/h1>\n<p data-wp-editing=\"1\"><img loading=\"lazy\" decoding=\"async\" class=\"aligncenter wp-image-6380\" src=\"https:\/\/ac-truck.com\/wp-content\/uploads\/2025\/12\/%E6%B2%B9%E7%BD%90%E8%BD%A6%E8%AF%A6%E6%83%85%E8%BD%A6_15.webp\" sizes=\"(max-width: 1234px) 100vw, 1234px\" srcset=\"https:\/\/ac-truck.com\/wp-content\/uploads\/2025\/12\/\u6cb9\u7f50\u8f66\u8be6\u60c5\u8f66_15.webp 790w, https:\/\/ac-truck.com\/wp-content\/uploads\/2025\/12\/\u6cb9\u7f50\u8f66\u8be6\u60c5\u8f66_15-110x300.webp 110w, https:\/\/ac-truck.com\/wp-content\/uploads\/2025\/12\/\u6cb9\u7f50\u8f66\u8be6\u60c5\u8f66_15-377x1024.webp 377w, https:\/\/ac-truck.com\/wp-content\/uploads\/2025\/12\/\u6cb9\u7f50\u8f66\u8be6\u60c5\u8f66_15-768x2088.webp 768w, https:\/\/ac-truck.com\/wp-content\/uploads\/2025\/12\/\u6cb9\u7f50\u8f66\u8be6\u60c5\u8f66_15-565x1536.webp 565w, https:\/\/ac-truck.com\/wp-content\/uploads\/2025\/12\/\u6cb9\u7f50\u8f66\u8be6\u60c5\u8f66_15-753x2048.webp 753w, https:\/\/ac-truck.com\/wp-content\/uploads\/2025\/12\/\u6cb9\u7f50\u8f66\u8be6\u60c5\u8f66_15-4x12.webp 4w, https:\/\/ac-truck.com\/wp-content\/uploads\/2025\/12\/\u6cb9\u7f50\u8f66\u8be6\u60c5\u8f66_15-600x1631.webp 600w, https:\/\/ac-truck.com\/wp-content\/uploads\/2025\/12\/\u6cb9\u7f50\u8f66\u8be6\u60c5\u8f66_15-150x408.webp 150w\" alt=\"\" width=\"1234\" height=\"3355\" \/><img loading=\"lazy\" decoding=\"async\" class=\"aligncenter wp-image-6381\" src=\"https:\/\/ac-truck.com\/wp-content\/uploads\/2025\/12\/%E6%B2%B9%E7%BD%90%E8%BD%A6%E8%AF%A6%E6%83%85%E8%BD%A6_16.webp\" sizes=\"(max-width: 1234px) 100vw, 1234px\" srcset=\"https:\/\/ac-truck.com\/wp-content\/uploads\/2025\/12\/\u6cb9\u7f50\u8f66\u8be6\u60c5\u8f66_16.webp 790w, https:\/\/ac-truck.com\/wp-content\/uploads\/2025\/12\/\u6cb9\u7f50\u8f66\u8be6\u60c5\u8f66_16-111x300.webp 111w, https:\/\/ac-truck.com\/wp-content\/uploads\/2025\/12\/\u6cb9\u7f50\u8f66\u8be6\u60c5\u8f66_16-380x1024.webp 380w, https:\/\/ac-truck.com\/wp-content\/uploads\/2025\/12\/\u6cb9\u7f50\u8f66\u8be6\u60c5\u8f66_16-768x2070.webp 768w, https:\/\/ac-truck.com\/wp-content\/uploads\/2025\/12\/\u6cb9\u7f50\u8f66\u8be6\u60c5\u8f66_16-570x1536.webp 570w, https:\/\/ac-truck.com\/wp-content\/uploads\/2025\/12\/\u6cb9\u7f50\u8f66\u8be6\u60c5\u8f66_16-760x2048.webp 760w, https:\/\/ac-truck.com\/wp-content\/uploads\/2025\/12\/\u6cb9\u7f50\u8f66\u8be6\u60c5\u8f66_16-4x12.webp 4w, https:\/\/ac-truck.com\/wp-content\/uploads\/2025\/12\/\u6cb9\u7f50\u8f66\u8be6\u60c5\u8f66_16-600x1617.webp 600w, https:\/\/ac-truck.com\/wp-content\/uploads\/2025\/12\/\u6cb9\u7f50\u8f66\u8be6\u60c5\u8f66_16-150x404.webp 150w\" alt=\"\" width=\"1234\" height=\"3326\" \/><\/p>\n<p data-wp-editing=\"1\"><strong>1. D\u00e9coupe laser : elle offre une grande pr\u00e9cision de d\u00e9coupe, des coutures lisses et une vitesse de d\u00e9coupe rapide.<\/strong><br \/>\n<strong>2. Traitement par laminage : il offre une pr\u00e9cision de laminage \u00e9lev\u00e9e, une courbure uniforme, assure une qualit\u00e9 de formage stable et am\u00e9liore la r\u00e9sistance structurelle globale et les performances d'\u00e9tanch\u00e9it\u00e9 du r\u00e9servoir de carburant.<\/strong><br \/>\n<strong>3. Guide d'ondes en acier : il renforce la structure, emp\u00eachant la d\u00e9formation et la fissuration de la cuve sous l'effet des chocs et des impacts de liquide, am\u00e9liorant ainsi son fonctionnement.<\/strong><br \/>\n<strong>capacit\u00e9 de charge.<\/strong><br \/>\n<strong>4. Soudage automatique CNC du corps du r\u00e9servoir : il offre une pr\u00e9cision de soudage \u00e9lev\u00e9e, une formation de soudage uniforme et une soudure stable.<\/strong><br \/>\n<strong>vitesse de d\u00e9marrage.<\/strong><br \/>\n<strong>5. R\u00e9servoir \u2013 finition de la carrosserie : Ceci garantit la qualit\u00e9 des cordons de soudure et emp\u00eache les fissures ou les fuites.<\/strong><br \/>\n<strong>6. R\u00e9glage de la structure du ch\u00e2ssis : Ajuster la structure du ch\u00e2ssis en fonction de la taille et du poids du r\u00e9servoir d'huile.<\/strong><br \/>\n<strong>7. Montage du corps du r\u00e9servoir sur le ch\u00e2ssis : Appliquer des rev\u00eatements multicouches r\u00e9sistants \u00e0 la corrosion et \u00e0 l'usure pour am\u00e9liorer les performances de protection et prot\u00e9ger le r\u00e9servoir de stockage et la carrosserie du v\u00e9hicule.<\/strong><br \/>\n<strong>8. Ach\u00e8vement de l'am\u00e9nagement du v\u00e9hicule : Apr\u00e8s l'assemblage, des tests complets tels que des tests d'\u00e9tanch\u00e9it\u00e9, des tests de r\u00e9sistance, des tests de dispositifs de s\u00e9curit\u00e9 et des essais routiers doivent \u00eatre effectu\u00e9s pour garantir la s\u00e9curit\u00e9 et la fiabilit\u00e9 du camion-citerne.<\/strong><\/p>\n<h1 style=\"text-align: center;\" data-wp-editing=\"1\">SC\u00c9NARIOS D'APPLICATION<\/h1>\n<p data-wp-editing=\"1\"><img loading=\"lazy\" decoding=\"async\" class=\"aligncenter wp-image-6382\" src=\"https:\/\/ac-truck.com\/wp-content\/uploads\/2025\/12\/%E6%B2%B9%E7%BD%90%E8%BD%A6%E8%AF%A6%E6%83%85%E8%BD%A6_18.webp\" sizes=\"(max-width: 1234px) 100vw, 1234px\" srcset=\"https:\/\/ac-truck.com\/wp-content\/uploads\/2025\/12\/\u6cb9\u7f50\u8f66\u8be6\u60c5\u8f66_18.webp 790w, https:\/\/ac-truck.com\/wp-content\/uploads\/2025\/12\/\u6cb9\u7f50\u8f66\u8be6\u60c5\u8f66_18-143x300.webp 143w, https:\/\/ac-truck.com\/wp-content\/uploads\/2025\/12\/\u6cb9\u7f50\u8f66\u8be6\u60c5\u8f66_18-489x1024.webp 489w, https:\/\/ac-truck.com\/wp-content\/uploads\/2025\/12\/\u6cb9\u7f50\u8f66\u8be6\u60c5\u8f66_18-768x1610.webp 768w, https:\/\/ac-truck.com\/wp-content\/uploads\/2025\/12\/\u6cb9\u7f50\u8f66\u8be6\u60c5\u8f66_18-733x1536.webp 733w, https:\/\/ac-truck.com\/wp-content\/uploads\/2025\/12\/\u6cb9\u7f50\u8f66\u8be6\u60c5\u8f66_18-6x12.webp 6w, https:\/\/ac-truck.com\/wp-content\/uploads\/2025\/12\/\u6cb9\u7f50\u8f66\u8be6\u60c5\u8f66_18-600x1258.webp 600w, https:\/\/ac-truck.com\/wp-content\/uploads\/2025\/12\/\u6cb9\u7f50\u8f66\u8be6\u60c5\u8f66_18-150x314.webp 150w\" alt=\"\" width=\"1234\" height=\"2587\" \/><\/p>\n<h1 style=\"text-align: center;\" data-wp-editing=\"1\">EMBALLAGE ET TRANSPORT<\/h1>\n<p data-wp-editing=\"1\"><img loading=\"lazy\" decoding=\"async\" class=\"aligncenter wp-image-6383\" src=\"https:\/\/ac-truck.com\/wp-content\/uploads\/2025\/12\/%E6%B2%B9%E7%BD%90%E8%BD%A6%E8%AF%A6%E6%83%85%E8%BD%A6_20.webp\" sizes=\"(max-width: 1234px) 100vw, 1234px\" srcset=\"https:\/\/ac-truck.com\/wp-content\/uploads\/2025\/12\/\u6cb9\u7f50\u8f66\u8be6\u60c5\u8f66_20.webp 790w, https:\/\/ac-truck.com\/wp-content\/uploads\/2025\/12\/\u6cb9\u7f50\u8f66\u8be6\u60c5\u8f66_20-144x300.webp 144w, https:\/\/ac-truck.com\/wp-content\/uploads\/2025\/12\/\u6cb9\u7f50\u8f66\u8be6\u60c5\u8f66_20-492x1024.webp 492w, https:\/\/ac-truck.com\/wp-content\/uploads\/2025\/12\/\u6cb9\u7f50\u8f66\u8be6\u60c5\u8f66_20-768x1598.webp 768w, https:\/\/ac-truck.com\/wp-content\/uploads\/2025\/12\/\u6cb9\u7f50\u8f66\u8be6\u60c5\u8f66_20-738x1536.webp 738w, https:\/\/ac-truck.com\/wp-content\/uploads\/2025\/12\/\u6cb9\u7f50\u8f66\u8be6\u60c5\u8f66_20-6x12.webp 6w, https:\/\/ac-truck.com\/wp-content\/uploads\/2025\/12\/\u6cb9\u7f50\u8f66\u8be6\u60c5\u8f66_20-600x1249.webp 600w, https:\/\/ac-truck.com\/wp-content\/uploads\/2025\/12\/\u6cb9\u7f50\u8f66\u8be6\u60c5\u8f66_20-150x312.webp 150w\" alt=\"\" width=\"1234\" height=\"2568\" \/><\/p>","protected":false},"excerpt":{"rendered":"<p>PRODUCT PARAMETERS 20000L Tanker Truck ISUZU project Descriptions Specifications General Overall dimensions(mm) 9700\u00d72550\u00d73450 curb weight(Kg) 10205 Loading capacity(Kg) 15665 Total<\/p>","protected":false},"featured_media":6434,"template":"","meta":[],"product_brand":[213],"product_cat":[176],"product_tag":[242,243,246,249],"class_list":{"0":"post-6431","1":"product","2":"type-product","3":"status-publish","4":"has-post-thumbnail","6":"product_brand-isuzu","7":"product_cat-tanker-trucks","8":"product_tag-fuel-tanker","9":"product_tag-oil-tanker-truck","10":"product_tag-20000l","11":"product_tag-tanker-truck","13":"first","14":"instock","15":"shipping-taxable","16":"product-type-simple"},"_links":{"self":[{"href":"https:\/\/ac-truck.com\/fr\/wp-json\/wp\/v2\/product\/6431","targetHints":{"allow":["GET"]}}],"collection":[{"href":"https:\/\/ac-truck.com\/fr\/wp-json\/wp\/v2\/product"}],"about":[{"href":"https:\/\/ac-truck.com\/fr\/wp-json\/wp\/v2\/types\/product"}],"version-history":[{"count":2,"href":"https:\/\/ac-truck.com\/fr\/wp-json\/wp\/v2\/product\/6431\/revisions"}],"predecessor-version":[{"id":6675,"href":"https:\/\/ac-truck.com\/fr\/wp-json\/wp\/v2\/product\/6431\/revisions\/6675"}],"wp:featuredmedia":[{"embeddable":true,"href":"https:\/\/ac-truck.com\/fr\/wp-json\/wp\/v2\/media\/6434"}],"wp:attachment":[{"href":"https:\/\/ac-truck.com\/fr\/wp-json\/wp\/v2\/media?parent=6431"}],"wp:term":[{"taxonomy":"product_brand","embeddable":true,"href":"https:\/\/ac-truck.com\/fr\/wp-json\/wp\/v2\/product_brand?post=6431"},{"taxonomy":"product_cat","embeddable":true,"href":"https:\/\/ac-truck.com\/fr\/wp-json\/wp\/v2\/product_cat?post=6431"},{"taxonomy":"product_tag","embeddable":true,"href":"https:\/\/ac-truck.com\/fr\/wp-json\/wp\/v2\/product_tag?post=6431"}],"curies":[{"name":"wp","href":"https:\/\/api.w.org\/{rel}","templated":true}]}}