{"id":6463,"date":"2025-12-11T11:04:11","date_gmt":"2025-12-11T03:04:11","guid":{"rendered":"https:\/\/ac-truck.com\/?post_type=product&#038;p=6463"},"modified":"2025-12-11T11:05:09","modified_gmt":"2025-12-11T03:05:09","slug":"5t-tow-truck-with-crane-howo","status":"publish","type":"product","link":"https:\/\/ac-truck.com\/fr\/5t-tow-truck-with-crane-howo.html","title":{"rendered":"Camion de d\u00e9pannage 5T avec grue HOWO"},"content":{"rendered":"<p><img fetchpriority=\"high\" decoding=\"async\" class=\"aligncenter wp-image-6464\" src=\"https:\/\/ac-truck.com\/wp-content\/uploads\/2025\/12\/\u6e05\u969c\u8f66\u8be6\u60c5\u9875_01.webp\" alt=\"\" width=\"1234\" height=\"1609\" srcset=\"https:\/\/ac-truck.com\/wp-content\/uploads\/2025\/12\/\u6e05\u969c\u8f66\u8be6\u60c5\u9875_01.webp 790w, https:\/\/ac-truck.com\/wp-content\/uploads\/2025\/12\/\u6e05\u969c\u8f66\u8be6\u60c5\u9875_01-230x300.webp 230w, https:\/\/ac-truck.com\/wp-content\/uploads\/2025\/12\/\u6e05\u969c\u8f66\u8be6\u60c5\u9875_01-785x1024.webp 785w, https:\/\/ac-truck.com\/wp-content\/uploads\/2025\/12\/\u6e05\u969c\u8f66\u8be6\u60c5\u9875_01-768x1001.webp 768w, https:\/\/ac-truck.com\/wp-content\/uploads\/2025\/12\/\u6e05\u969c\u8f66\u8be6\u60c5\u9875_01-9x12.webp 9w, https:\/\/ac-truck.com\/wp-content\/uploads\/2025\/12\/\u6e05\u969c\u8f66\u8be6\u60c5\u9875_01-600x782.webp 600w, https:\/\/ac-truck.com\/wp-content\/uploads\/2025\/12\/\u6e05\u969c\u8f66\u8be6\u60c5\u9875_01-150x196.webp 150w\" sizes=\"(max-width: 1234px) 100vw, 1234px\" \/><\/p>\n<h1 style=\"text-align: center;\">PARAM\u00c8TRES DU PRODUIT<\/h1>\n<p><img decoding=\"async\" class=\"aligncenter wp-image-6465\" src=\"https:\/\/ac-truck.com\/wp-content\/uploads\/2025\/12\/\u6e05\u969c\u8f66\u8be6\u60c5\u9875_03.webp\" alt=\"\" width=\"1234\" height=\"481\" srcset=\"https:\/\/ac-truck.com\/wp-content\/uploads\/2025\/12\/\u6e05\u969c\u8f66\u8be6\u60c5\u9875_03.webp 790w, https:\/\/ac-truck.com\/wp-content\/uploads\/2025\/12\/\u6e05\u969c\u8f66\u8be6\u60c5\u9875_03-300x117.webp 300w, https:\/\/ac-truck.com\/wp-content\/uploads\/2025\/12\/\u6e05\u969c\u8f66\u8be6\u60c5\u9875_03-768x299.webp 768w, https:\/\/ac-truck.com\/wp-content\/uploads\/2025\/12\/\u6e05\u969c\u8f66\u8be6\u60c5\u9875_03-18x7.webp 18w, https:\/\/ac-truck.com\/wp-content\/uploads\/2025\/12\/\u6e05\u969c\u8f66\u8be6\u60c5\u9875_03-600x234.webp 600w, https:\/\/ac-truck.com\/wp-content\/uploads\/2025\/12\/\u6e05\u969c\u8f66\u8be6\u60c5\u9875_03-150x58.webp 150w\" sizes=\"(max-width: 1234px) 100vw, 1234px\" \/><\/p>\n<h2 style=\"text-align: center;\">Camion de d\u00e9pannage 5T avec grue HOWO<\/h2>\n<table>\n<tbody>\n<tr>\n<td width=\"86\"><strong>projet<\/strong><\/td>\n<td width=\"308\"><strong>Descriptions<\/strong><\/td>\n<td width=\"305\"><strong>Caract\u00e9ristiques<\/strong><\/td>\n<\/tr>\n<tr>\n<td rowspan=\"3\" width=\"86\"><strong>G\u00e9n\u00e9ral<\/strong><\/td>\n<td width=\"308\"><strong>Dimensions hors tout (mm)<\/strong><\/td>\n<td width=\"305\"><strong>11030x2550x3780<\/strong><\/td>\n<\/tr>\n<tr>\n<td width=\"308\"><strong>poids \u00e0 vide (kg)<\/strong><\/td>\n<td width=\"305\"><strong>15500<\/strong><\/td>\n<\/tr>\n<tr>\n<td width=\"308\"><strong>Masse totale (kg)<\/strong><\/td>\n<td width=\"305\"><strong>25800<\/strong><\/td>\n<\/tr>\n<tr>\n<td rowspan=\"6\" width=\"86\"><strong>Corps<\/strong><\/td>\n<td width=\"308\"><strong>Dimensions du plateau (mm)<\/strong><\/td>\n<td width=\"305\"><strong>7200&#215;2550<\/strong><\/td>\n<\/tr>\n<tr>\n<td width=\"308\"><strong>mat\u00e9riau \u00e0 plat<\/strong><\/td>\n<td width=\"305\"><strong>Q235<\/strong><\/td>\n<\/tr>\n<tr>\n<td width=\"308\"><strong>\u00a0\u00c9paisseur de la plaque mod\u00e8le (mm)<\/strong><\/td>\n<td width=\"305\"><strong>8<\/strong><\/td>\n<\/tr>\n<tr>\n<td width=\"308\"><strong>Charge maximale sur plateau (kg)<\/strong><\/td>\n<td width=\"305\"><strong>10000<\/strong><\/td>\n<\/tr>\n<tr>\n<td width=\"308\"><strong>Capacit\u00e9 de levage maximale (kg)<\/strong><\/td>\n<td width=\"305\"><strong>10000<\/strong><\/td>\n<\/tr>\n<tr>\n<td width=\"308\"><strong>Capacit\u00e9 de traction du treuil (kg)<\/strong><\/td>\n<td width=\"305\"><strong>8000<\/strong><\/td>\n<\/tr>\n<tr>\n<td rowspan=\"7\" width=\"86\"><strong>Ch\u00e2ssis<\/strong><\/p>\n<p>&nbsp;<\/td>\n<td width=\"308\"><strong>Marque du ch\u00e2ssis<\/strong><\/td>\n<td width=\"305\"><strong>HOWO<\/strong><\/td>\n<\/tr>\n<tr>\n<td width=\"308\"><strong>Formulaire de conducteur<\/strong><\/td>\n<td width=\"305\"><strong>4\u00d72<\/strong><\/td>\n<\/tr>\n<tr>\n<td width=\"308\"><strong>Volant<\/strong><\/td>\n<td width=\"305\"><strong>Conduite \u00e0 gauche<\/strong><\/td>\n<\/tr>\n<tr>\n<td width=\"308\"><strong>Marque et mod\u00e8le du moteur<\/strong><\/td>\n<td width=\"305\"><strong>Weichai\u00a0 WP6H245E61<\/strong><\/td>\n<\/tr>\n<tr>\n<td width=\"308\"><strong>Puissance maximale du moteur (kW)<\/strong><\/td>\n<td width=\"305\"><strong>180<\/strong><\/td>\n<\/tr>\n<tr>\n<td width=\"308\"><strong>Normes d&#039;\u00e9mission<\/strong><\/td>\n<td width=\"305\"><strong>Euro 4<\/strong><\/td>\n<\/tr>\n<tr>\n<td width=\"308\"><strong>Bo\u00eete de vitesse<\/strong><\/td>\n<td width=\"305\"><strong>8-speed gearbox<\/strong><\/td>\n<\/tr>\n<\/tbody>\n<\/table>\n<h1 style=\"text-align: center;\">AVANTAGES DU V\u00c9HICULE<\/h1>\n<h2 style=\"text-align: center;\">CONFIGURATION DE REMORQUAGE PUISSANTE<\/h2>\n<p><img decoding=\"async\" class=\"aligncenter wp-image-6466\" src=\"https:\/\/ac-truck.com\/wp-content\/uploads\/2025\/12\/\u6e05\u969c\u8f66\u8be6\u60c5\u9875_05.webp\" alt=\"\" width=\"1234\" height=\"2024\" srcset=\"https:\/\/ac-truck.com\/wp-content\/uploads\/2025\/12\/\u6e05\u969c\u8f66\u8be6\u60c5\u9875_05.webp 790w, https:\/\/ac-truck.com\/wp-content\/uploads\/2025\/12\/\u6e05\u969c\u8f66\u8be6\u60c5\u9875_05-183x300.webp 183w, https:\/\/ac-truck.com\/wp-content\/uploads\/2025\/12\/\u6e05\u969c\u8f66\u8be6\u60c5\u9875_05-624x1024.webp 624w, https:\/\/ac-truck.com\/wp-content\/uploads\/2025\/12\/\u6e05\u969c\u8f66\u8be6\u60c5\u9875_05-768x1260.webp 768w, https:\/\/ac-truck.com\/wp-content\/uploads\/2025\/12\/\u6e05\u969c\u8f66\u8be6\u60c5\u9875_05-7x12.webp 7w, https:\/\/ac-truck.com\/wp-content\/uploads\/2025\/12\/\u6e05\u969c\u8f66\u8be6\u60c5\u9875_05-600x984.webp 600w, https:\/\/ac-truck.com\/wp-content\/uploads\/2025\/12\/\u6e05\u969c\u8f66\u8be6\u60c5\u9875_05-150x246.webp 150w\" sizes=\"(max-width: 1234px) 100vw, 1234px\" \/><\/p>\n<p>1. Structure de fixation en fil d'acier<br \/>\n2. Treuil hydraulique<br \/>\n3. Poulie en fil d'acier<br \/>\n4. Roue libre en fil d'acier<br \/>\n5. Hame\u00e7on principal<br \/>\n6. Bras de remorquage arri\u00e8re<\/p>\n<h1 style=\"text-align: center;\">SYST\u00c8ME HYDRAULIQUE<\/h1>\n<p><img loading=\"lazy\" decoding=\"async\" class=\"aligncenter wp-image-6467\" src=\"https:\/\/ac-truck.com\/wp-content\/uploads\/2025\/12\/\u6e05\u969c\u8f66\u8be6\u60c5\u9875_07.webp\" alt=\"\" width=\"1234\" height=\"1906\" srcset=\"https:\/\/ac-truck.com\/wp-content\/uploads\/2025\/12\/\u6e05\u969c\u8f66\u8be6\u60c5\u9875_07.webp 790w, https:\/\/ac-truck.com\/wp-content\/uploads\/2025\/12\/\u6e05\u969c\u8f66\u8be6\u60c5\u9875_07-194x300.webp 194w, https:\/\/ac-truck.com\/wp-content\/uploads\/2025\/12\/\u6e05\u969c\u8f66\u8be6\u60c5\u9875_07-663x1024.webp 663w, https:\/\/ac-truck.com\/wp-content\/uploads\/2025\/12\/\u6e05\u969c\u8f66\u8be6\u60c5\u9875_07-768x1186.webp 768w, https:\/\/ac-truck.com\/wp-content\/uploads\/2025\/12\/\u6e05\u969c\u8f66\u8be6\u60c5\u9875_07-8x12.webp 8w, https:\/\/ac-truck.com\/wp-content\/uploads\/2025\/12\/\u6e05\u969c\u8f66\u8be6\u60c5\u9875_07-600x927.webp 600w, https:\/\/ac-truck.com\/wp-content\/uploads\/2025\/12\/\u6e05\u969c\u8f66\u8be6\u60c5\u9875_07-150x232.webp 150w\" sizes=\"(max-width: 1234px) 100vw, 1234px\" \/><\/p>\n<p>1. Pompe \u00e0 huile hydraulique : R\u00e9sistante aux chocs et \u00e0 la haute pression, elle offre une puissance de sortie stable et peut r\u00e9pondre rapidement aux commandes du treuil et du bras de remorquage, \u00e9vitant ainsi les blocages op\u00e9rationnels.<br \/>\n2. R\u00e9servoir d'huile hydraulique : \u00c9quip\u00e9 d'un filtre interne et d'un \u00e9l\u00e9ment filtrant d'aspiration d'huile pour emp\u00eacher les impuret\u00e9s de p\u00e9n\u00e9trer dans le circuit d'huile.<br \/>\n3. Hydraulic cylinder: lt has excellent sealing performance, is wear &#8211; resis-tant and corrosion &#8211; resistant, can withstand the high pressure and impactforce during operation, and ensures smooth and precise lifting and towingactions.<br \/>\nTRUG<br \/>\n4. Hydraulic oil pipe: High &#8211; pressure steel &#8211; wire braided rubber hoses areused, and some outer layers are equipped with protective sleeves to en-hance durability.<br \/>\n5.High &#8211; quality multi -way valve: The operation is smooth withoutjam-ming, and it can achieve fine &#8211; control adjustment of actions. lt has excellentsealing performance, is resistant to high pressure and wear &#8211; resistant, andR0has a long service life.<\/p>\n<h1 style=\"text-align: center;\">PUISSANT POUVOIR<\/h1>\n<p><img loading=\"lazy\" decoding=\"async\" class=\"aligncenter wp-image-6468\" src=\"https:\/\/ac-truck.com\/wp-content\/uploads\/2025\/12\/\u6e05\u969c\u8f66\u8be6\u60c5\u9875_09.webp\" alt=\"\" width=\"1234\" height=\"1731\" srcset=\"https:\/\/ac-truck.com\/wp-content\/uploads\/2025\/12\/\u6e05\u969c\u8f66\u8be6\u60c5\u9875_09.webp 790w, https:\/\/ac-truck.com\/wp-content\/uploads\/2025\/12\/\u6e05\u969c\u8f66\u8be6\u60c5\u9875_09-214x300.webp 214w, https:\/\/ac-truck.com\/wp-content\/uploads\/2025\/12\/\u6e05\u969c\u8f66\u8be6\u60c5\u9875_09-730x1024.webp 730w, https:\/\/ac-truck.com\/wp-content\/uploads\/2025\/12\/\u6e05\u969c\u8f66\u8be6\u60c5\u9875_09-768x1077.webp 768w, https:\/\/ac-truck.com\/wp-content\/uploads\/2025\/12\/\u6e05\u969c\u8f66\u8be6\u60c5\u9875_09-9x12.webp 9w, https:\/\/ac-truck.com\/wp-content\/uploads\/2025\/12\/\u6e05\u969c\u8f66\u8be6\u60c5\u9875_09-600x842.webp 600w, https:\/\/ac-truck.com\/wp-content\/uploads\/2025\/12\/\u6e05\u969c\u8f66\u8be6\u60c5\u9875_09-150x210.webp 150w\" sizes=\"(max-width: 1234px) 100vw, 1234px\" \/><\/p>\n<p>1.Full &#8211; power power take &#8211; off: lt offers more sufficient power output, hasprecise linkage with the hydraulic system, is convenient to operate and hasa low failure rate.<br \/>\n2. Moteur \u00e0 forte puissance : son couple \u00e9lev\u00e9 fournit une base de puissance suffisante pour la prise de force et le syst\u00e8me hydraulique, permettant un remorquage et un levage plus puissants.<\/p>\n<h1 style=\"text-align: center;\">DIVERSIT\u00c9 DES STRUCTURES \u00c0 PLAQUES PLATES<\/h1>\n<p><img loading=\"lazy\" decoding=\"async\" class=\"aligncenter wp-image-6469\" src=\"https:\/\/ac-truck.com\/wp-content\/uploads\/2025\/12\/\u6e05\u969c\u8f66\u8be6\u60c5\u9875_11.webp\" alt=\"\" width=\"1234\" height=\"956\" srcset=\"https:\/\/ac-truck.com\/wp-content\/uploads\/2025\/12\/\u6e05\u969c\u8f66\u8be6\u60c5\u9875_11.webp 790w, https:\/\/ac-truck.com\/wp-content\/uploads\/2025\/12\/\u6e05\u969c\u8f66\u8be6\u60c5\u9875_11-300x232.webp 300w, https:\/\/ac-truck.com\/wp-content\/uploads\/2025\/12\/\u6e05\u969c\u8f66\u8be6\u60c5\u9875_11-768x595.webp 768w, https:\/\/ac-truck.com\/wp-content\/uploads\/2025\/12\/\u6e05\u969c\u8f66\u8be6\u60c5\u9875_11-15x12.webp 15w, https:\/\/ac-truck.com\/wp-content\/uploads\/2025\/12\/\u6e05\u969c\u8f66\u8be6\u60c5\u9875_11-600x465.webp 600w, https:\/\/ac-truck.com\/wp-content\/uploads\/2025\/12\/\u6e05\u969c\u8f66\u8be6\u60c5\u9875_11-150x116.webp 150w\" sizes=\"(max-width: 1234px) 100vw, 1234px\" \/><\/p>\n<p>1. Full &#8211; landing flat &#8211; bed tow truck: The flat bed can fully land on theground. When rescuing vehicles with a low chassis, it reduces the difficultyfor the vehicle to get onto the flat bed and minimizes damage to the faultyvehicle.<br \/>\n2. Flat &#8211; bed tow truck with a tail -board: Aretractable tail &#8211; board is addedat the rear. lt can reduce the slope between the flat bed and the ground,making it easier for the faulty vehicle to get onto the flat bed.<br \/>\n3. Flat &#8211; bed tow truck with a crane: A crane is installed, which can be usedto lift faulty vehicles that have fallen into ditches or rivers and are difficultto handle with the flat &#8211; bed towing method.<br \/>\n4. Flat &#8211; bed tow truck: lt is used to tow or carry faulty vehicles through theflat bed. The flat bed can be lifted and tilted through the hydraulic system, fRucfacilitating the vehicle to get on and off the flat bed.<\/p>\n<h1 style=\"text-align: center;\">SIMPLE D'UTILISATION<\/h1>\n<p><img loading=\"lazy\" decoding=\"async\" class=\"aligncenter wp-image-6470\" src=\"https:\/\/ac-truck.com\/wp-content\/uploads\/2025\/12\/\u6e05\u969c\u8f66\u8be6\u60c5\u9875_13.webp\" alt=\"\" width=\"1234\" height=\"1418\" srcset=\"https:\/\/ac-truck.com\/wp-content\/uploads\/2025\/12\/\u6e05\u969c\u8f66\u8be6\u60c5\u9875_13.webp 790w, https:\/\/ac-truck.com\/wp-content\/uploads\/2025\/12\/\u6e05\u969c\u8f66\u8be6\u60c5\u9875_13-261x300.webp 261w, https:\/\/ac-truck.com\/wp-content\/uploads\/2025\/12\/\u6e05\u969c\u8f66\u8be6\u60c5\u9875_13-768x883.webp 768w, https:\/\/ac-truck.com\/wp-content\/uploads\/2025\/12\/\u6e05\u969c\u8f66\u8be6\u60c5\u9875_13-10x12.webp 10w, https:\/\/ac-truck.com\/wp-content\/uploads\/2025\/12\/\u6e05\u969c\u8f66\u8be6\u60c5\u9875_13-600x690.webp 600w, https:\/\/ac-truck.com\/wp-content\/uploads\/2025\/12\/\u6e05\u969c\u8f66\u8be6\u60c5\u9875_13-150x172.webp 150w\" sizes=\"(max-width: 1234px) 100vw, 1234px\" \/><\/p>\n<p>1. Levier de commande direct\u00a0: La disposition du levier de commande est ergonomique, offrant une prise en main confortable et une course appropri\u00e9e. Elle permet un contr\u00f4le pr\u00e9cis de l\u2019amplitude du mouvement et \u00e9vite les \u00e0-coups lors de l\u2019utilisation.<br \/>\n2. T\u00e9l\u00e9commande sans fil\u00a0: Les op\u00e9rateurs peuvent se tenir \u00e0 l\u2019\u00e9cart de la zone d\u2019op\u00e9ration dangereuse afin d\u2019\u00e9viter les risques. Ils b\u00e9n\u00e9ficient d\u2019un champ de vision plus large, ce qui facilite l\u2019observation des d\u00e9tails de l\u2019op\u00e9ration et am\u00e9liore la pr\u00e9cision des op\u00e9rations.<\/p>\n<h1 style=\"text-align: center;\">PROCESSUS DE PRODUCTION<\/h1>\n<p><img loading=\"lazy\" decoding=\"async\" class=\"aligncenter wp-image-6471\" src=\"https:\/\/ac-truck.com\/wp-content\/uploads\/2025\/12\/\u6e05\u969c\u8f66\u8be6\u60c5\u9875_15.webp\" alt=\"\" width=\"1234\" height=\"2812\" srcset=\"https:\/\/ac-truck.com\/wp-content\/uploads\/2025\/12\/\u6e05\u969c\u8f66\u8be6\u60c5\u9875_15.webp 790w, https:\/\/ac-truck.com\/wp-content\/uploads\/2025\/12\/\u6e05\u969c\u8f66\u8be6\u60c5\u9875_15-132x300.webp 132w, https:\/\/ac-truck.com\/wp-content\/uploads\/2025\/12\/\u6e05\u969c\u8f66\u8be6\u60c5\u9875_15-449x1024.webp 449w, https:\/\/ac-truck.com\/wp-content\/uploads\/2025\/12\/\u6e05\u969c\u8f66\u8be6\u60c5\u9875_15-768x1750.webp 768w, https:\/\/ac-truck.com\/wp-content\/uploads\/2025\/12\/\u6e05\u969c\u8f66\u8be6\u60c5\u9875_15-674x1536.webp 674w, https:\/\/ac-truck.com\/wp-content\/uploads\/2025\/12\/\u6e05\u969c\u8f66\u8be6\u60c5\u9875_15-5x12.webp 5w, https:\/\/ac-truck.com\/wp-content\/uploads\/2025\/12\/\u6e05\u969c\u8f66\u8be6\u60c5\u9875_15-600x1367.webp 600w, https:\/\/ac-truck.com\/wp-content\/uploads\/2025\/12\/\u6e05\u969c\u8f66\u8be6\u60c5\u9875_15-150x342.webp 150w\" sizes=\"(max-width: 1234px) 100vw, 1234px\" \/> <img loading=\"lazy\" decoding=\"async\" class=\"aligncenter wp-image-6472\" src=\"https:\/\/ac-truck.com\/wp-content\/uploads\/2025\/12\/\u6e05\u969c\u8f66\u8be6\u60c5\u9875_16.webp\" alt=\"\" width=\"1234\" height=\"3786\" srcset=\"https:\/\/ac-truck.com\/wp-content\/uploads\/2025\/12\/\u6e05\u969c\u8f66\u8be6\u60c5\u9875_16.webp 790w, https:\/\/ac-truck.com\/wp-content\/uploads\/2025\/12\/\u6e05\u969c\u8f66\u8be6\u60c5\u9875_16-98x300.webp 98w, https:\/\/ac-truck.com\/wp-content\/uploads\/2025\/12\/\u6e05\u969c\u8f66\u8be6\u60c5\u9875_16-334x1024.webp 334w, https:\/\/ac-truck.com\/wp-content\/uploads\/2025\/12\/\u6e05\u969c\u8f66\u8be6\u60c5\u9875_16-768x2356.webp 768w, https:\/\/ac-truck.com\/wp-content\/uploads\/2025\/12\/\u6e05\u969c\u8f66\u8be6\u60c5\u9875_16-501x1536.webp 501w, https:\/\/ac-truck.com\/wp-content\/uploads\/2025\/12\/\u6e05\u969c\u8f66\u8be6\u60c5\u9875_16-4x12.webp 4w, https:\/\/ac-truck.com\/wp-content\/uploads\/2025\/12\/\u6e05\u969c\u8f66\u8be6\u60c5\u9875_16-600x1841.webp 600w, https:\/\/ac-truck.com\/wp-content\/uploads\/2025\/12\/\u6e05\u969c\u8f66\u8be6\u60c5\u9875_16-150x460.webp 150w\" sizes=\"(max-width: 1234px) 100vw, 1234px\" \/><\/p>\n<p>1. Preparation of sub &#8211; frame, gantry frame and tow arm materials<br \/>\n2. Preparation of flat &#8211; bed materials<br \/>\n3. Pr\u00e9paration et production des protections lat\u00e9rales, des garde-boue et des accessoires<br \/>\n4. Welding of flat &#8211; bed and gantry frame<br \/>\n5. Assembly of sub &#8211; frame, rear tow arm and accessories<br \/>\n6. Installation de la superstructure du plateau<br \/>\n7. Peinture de l'ensemble du v\u00e9hicule<br \/>\n8. Ach\u00e8vement de la production du v\u00e9hicule<\/p>\n<h1 style=\"text-align: center;\">SC\u00c9NARIOS D'APPLICATION<\/h1>\n<p><img loading=\"lazy\" decoding=\"async\" class=\"aligncenter wp-image-6473\" src=\"https:\/\/ac-truck.com\/wp-content\/uploads\/2025\/12\/\u6e05\u969c\u8f66\u8be6\u60c5\u9875_18.webp\" alt=\"\" width=\"1234\" height=\"2374\" srcset=\"https:\/\/ac-truck.com\/wp-content\/uploads\/2025\/12\/\u6e05\u969c\u8f66\u8be6\u60c5\u9875_18.webp 790w, https:\/\/ac-truck.com\/wp-content\/uploads\/2025\/12\/\u6e05\u969c\u8f66\u8be6\u60c5\u9875_18-156x300.webp 156w, https:\/\/ac-truck.com\/wp-content\/uploads\/2025\/12\/\u6e05\u969c\u8f66\u8be6\u60c5\u9875_18-532x1024.webp 532w, https:\/\/ac-truck.com\/wp-content\/uploads\/2025\/12\/\u6e05\u969c\u8f66\u8be6\u60c5\u9875_18-768x1478.webp 768w, https:\/\/ac-truck.com\/wp-content\/uploads\/2025\/12\/\u6e05\u969c\u8f66\u8be6\u60c5\u9875_18-6x12.webp 6w, https:\/\/ac-truck.com\/wp-content\/uploads\/2025\/12\/\u6e05\u969c\u8f66\u8be6\u60c5\u9875_18-600x1154.webp 600w, https:\/\/ac-truck.com\/wp-content\/uploads\/2025\/12\/\u6e05\u969c\u8f66\u8be6\u60c5\u9875_18-150x289.webp 150w\" sizes=\"(max-width: 1234px) 100vw, 1234px\" \/><\/p>\n<h1 style=\"text-align: center;\">EMBALLAGE ET TRANSPORT<\/h1>\n<p><img loading=\"lazy\" decoding=\"async\" class=\"aligncenter wp-image-6474\" src=\"https:\/\/ac-truck.com\/wp-content\/uploads\/2025\/12\/\u6e05\u969c\u8f66\u8be6\u60c5\u9875_20.webp\" alt=\"\" width=\"1234\" height=\"2577\" srcset=\"https:\/\/ac-truck.com\/wp-content\/uploads\/2025\/12\/\u6e05\u969c\u8f66\u8be6\u60c5\u9875_20.webp 790w, https:\/\/ac-truck.com\/wp-content\/uploads\/2025\/12\/\u6e05\u969c\u8f66\u8be6\u60c5\u9875_20-144x300.webp 144w, https:\/\/ac-truck.com\/wp-content\/uploads\/2025\/12\/\u6e05\u969c\u8f66\u8be6\u60c5\u9875_20-490x1024.webp 490w, https:\/\/ac-truck.com\/wp-content\/uploads\/2025\/12\/\u6e05\u969c\u8f66\u8be6\u60c5\u9875_20-768x1604.webp 768w, https:\/\/ac-truck.com\/wp-content\/uploads\/2025\/12\/\u6e05\u969c\u8f66\u8be6\u60c5\u9875_20-735x1536.webp 735w, https:\/\/ac-truck.com\/wp-content\/uploads\/2025\/12\/\u6e05\u969c\u8f66\u8be6\u60c5\u9875_20-6x12.webp 6w, https:\/\/ac-truck.com\/wp-content\/uploads\/2025\/12\/\u6e05\u969c\u8f66\u8be6\u60c5\u9875_20-600x1253.webp 600w, https:\/\/ac-truck.com\/wp-content\/uploads\/2025\/12\/\u6e05\u969c\u8f66\u8be6\u60c5\u9875_20-150x313.webp 150w\" sizes=\"(max-width: 1234px) 100vw, 1234px\" \/><\/p>","protected":false},"excerpt":{"rendered":"<p>PRODUCT PARAMETERS 5T Tow Truck With Crane HOWO project Descriptions Specifications General Overall dimensions(mm) 11030x2550x3780 curb weight(Kg) 15500 Total mass(Kg)<\/p>","protected":false},"featured_media":6475,"template":"","meta":[],"product_brand":[217,220],"product_cat":[174],"product_tag":[253,254,337],"class_list":{"0":"post-6463","1":"product","2":"type-product","3":"status-publish","4":"has-post-thumbnail","6":"product_brand-sinotruk","7":"product_brand-howo","8":"product_cat-tow-trucks","9":"product_tag-car-recovery","10":"product_tag-rollback-truck","11":"product_tag-wrecker-truck","13":"first","14":"instock","15":"shipping-taxable","16":"product-type-simple"},"_links":{"self":[{"href":"https:\/\/ac-truck.com\/fr\/wp-json\/wp\/v2\/product\/6463","targetHints":{"allow":["GET"]}}],"collection":[{"href":"https:\/\/ac-truck.com\/fr\/wp-json\/wp\/v2\/product"}],"about":[{"href":"https:\/\/ac-truck.com\/fr\/wp-json\/wp\/v2\/types\/product"}],"version-history":[{"count":1,"href":"https:\/\/ac-truck.com\/fr\/wp-json\/wp\/v2\/product\/6463\/revisions"}],"predecessor-version":[{"id":6481,"href":"https:\/\/ac-truck.com\/fr\/wp-json\/wp\/v2\/product\/6463\/revisions\/6481"}],"wp:featuredmedia":[{"embeddable":true,"href":"https:\/\/ac-truck.com\/fr\/wp-json\/wp\/v2\/media\/6475"}],"wp:attachment":[{"href":"https:\/\/ac-truck.com\/fr\/wp-json\/wp\/v2\/media?parent=6463"}],"wp:term":[{"taxonomy":"product_brand","embeddable":true,"href":"https:\/\/ac-truck.com\/fr\/wp-json\/wp\/v2\/product_brand?post=6463"},{"taxonomy":"product_cat","embeddable":true,"href":"https:\/\/ac-truck.com\/fr\/wp-json\/wp\/v2\/product_cat?post=6463"},{"taxonomy":"product_tag","embeddable":true,"href":"https:\/\/ac-truck.com\/fr\/wp-json\/wp\/v2\/product_tag?post=6463"}],"curies":[{"name":"wp","href":"https:\/\/api.w.org\/{rel}","templated":true}]}}