{"id":6512,"date":"2025-12-11T13:55:15","date_gmt":"2025-12-11T05:55:15","guid":{"rendered":"https:\/\/ac-truck.com\/?post_type=product&#038;p=6512"},"modified":"2025-12-11T13:55:16","modified_gmt":"2025-12-11T05:55:16","slug":"5t-tow-truck-jac","status":"publish","type":"product","link":"https:\/\/ac-truck.com\/fr\/5t-tow-truck-jac.html","title":{"rendered":"Camion de remorquage 5T JAC"},"content":{"rendered":"<p><img fetchpriority=\"high\" decoding=\"async\" class=\"aligncenter wp-image-6513\" src=\"https:\/\/ac-truck.com\/wp-content\/uploads\/2025\/12\/\u4ea7\u54c1\u6d77\u62a5_01-3.webp\" alt=\"\" width=\"1234\" height=\"1620\" srcset=\"https:\/\/ac-truck.com\/wp-content\/uploads\/2025\/12\/\u4ea7\u54c1\u6d77\u62a5_01-3.webp 790w, https:\/\/ac-truck.com\/wp-content\/uploads\/2025\/12\/\u4ea7\u54c1\u6d77\u62a5_01-3-229x300.webp 229w, https:\/\/ac-truck.com\/wp-content\/uploads\/2025\/12\/\u4ea7\u54c1\u6d77\u62a5_01-3-780x1024.webp 780w, https:\/\/ac-truck.com\/wp-content\/uploads\/2025\/12\/\u4ea7\u54c1\u6d77\u62a5_01-3-768x1008.webp 768w, https:\/\/ac-truck.com\/wp-content\/uploads\/2025\/12\/\u4ea7\u54c1\u6d77\u62a5_01-3-9x12.webp 9w, https:\/\/ac-truck.com\/wp-content\/uploads\/2025\/12\/\u4ea7\u54c1\u6d77\u62a5_01-3-600x788.webp 600w, https:\/\/ac-truck.com\/wp-content\/uploads\/2025\/12\/\u4ea7\u54c1\u6d77\u62a5_01-3-150x197.webp 150w\" sizes=\"(max-width: 1234px) 100vw, 1234px\" \/><\/p>\n<h1 style=\"text-align: center;\">PARAM\u00c8TRES DU PRODUIT<\/h1>\n<p><img decoding=\"async\" class=\"aligncenter wp-image-6514\" src=\"https:\/\/ac-truck.com\/wp-content\/uploads\/2025\/12\/\u4ea7\u54c1\u6d77\u62a5_03-3.webp\" alt=\"\" width=\"1234\" height=\"478\" srcset=\"https:\/\/ac-truck.com\/wp-content\/uploads\/2025\/12\/\u4ea7\u54c1\u6d77\u62a5_03-3.webp 790w, https:\/\/ac-truck.com\/wp-content\/uploads\/2025\/12\/\u4ea7\u54c1\u6d77\u62a5_03-3-300x116.webp 300w, https:\/\/ac-truck.com\/wp-content\/uploads\/2025\/12\/\u4ea7\u54c1\u6d77\u62a5_03-3-768x297.webp 768w, https:\/\/ac-truck.com\/wp-content\/uploads\/2025\/12\/\u4ea7\u54c1\u6d77\u62a5_03-3-18x7.webp 18w, https:\/\/ac-truck.com\/wp-content\/uploads\/2025\/12\/\u4ea7\u54c1\u6d77\u62a5_03-3-600x232.webp 600w, https:\/\/ac-truck.com\/wp-content\/uploads\/2025\/12\/\u4ea7\u54c1\u6d77\u62a5_03-3-150x58.webp 150w\" sizes=\"(max-width: 1234px) 100vw, 1234px\" \/><\/p>\n<h2 style=\"text-align: center;\">Camion de remorquage 5T JAC<\/h2>\n<table>\n<tbody>\n<tr>\n<td width=\"85\"><strong>projet<\/strong><\/td>\n<td width=\"296\"><strong>Descriptions<\/strong><\/td>\n<td width=\"317\"><strong>Caract\u00e9ristiques<\/strong><\/td>\n<\/tr>\n<tr>\n<td rowspan=\"3\" width=\"85\"><strong>G\u00e9n\u00e9ral<\/strong><\/td>\n<td width=\"296\"><strong>Dimensions hors tout (mm)<\/strong><\/td>\n<td width=\"317\"><strong>7550\u00d72350\u00d72480<\/strong><\/td>\n<\/tr>\n<tr>\n<td width=\"296\"><strong>poids \u00e0 vide (kg)<\/strong><\/td>\n<td width=\"317\"><strong>5120<\/strong><\/td>\n<\/tr>\n<tr>\n<td width=\"296\"><strong>Masse totale (kg)<\/strong><\/td>\n<td width=\"317\"><strong>10230<\/strong><\/td>\n<\/tr>\n<tr>\n<td rowspan=\"6\" width=\"85\"><strong>Corps<\/strong><\/td>\n<td width=\"296\"><strong>Dimensions du plateau (mm)<\/strong><\/td>\n<td width=\"317\"><strong>5600&#215;2350<\/strong><\/td>\n<\/tr>\n<tr>\n<td width=\"296\"><strong>mat\u00e9riau \u00e0 plat<\/strong><\/td>\n<td width=\"317\"><strong>Q235<\/strong><\/td>\n<\/tr>\n<tr>\n<td width=\"296\"><strong>\u00a0\u00c9paisseur de la plaque mod\u00e8le (mm)<\/strong><\/td>\n<td width=\"317\"><strong>4<\/strong><\/td>\n<\/tr>\n<tr>\n<td width=\"296\"><strong>Charge maximale sur plateau (kg)<\/strong><\/td>\n<td width=\"317\"><strong>5000<\/strong><\/td>\n<\/tr>\n<tr>\n<td width=\"296\"><strong>Capacit\u00e9 de levage maximale (kg)<\/strong><\/td>\n<td width=\"317\"><strong>3000<\/strong><\/td>\n<\/tr>\n<tr>\n<td width=\"296\"><strong>Capacit\u00e9 de traction du treuil (kg)<\/strong><\/td>\n<td width=\"317\"><strong>4000<\/strong><\/td>\n<\/tr>\n<tr>\n<td rowspan=\"7\" width=\"85\"><strong>Ch\u00e2ssis<\/strong><\/p>\n<p>&nbsp;<\/td>\n<td width=\"296\"><strong>Marque du ch\u00e2ssis<\/strong><\/td>\n<td width=\"317\"><strong>JAC<\/strong><\/td>\n<\/tr>\n<tr>\n<td width=\"296\"><strong>Formulaire de conducteur<\/strong><\/td>\n<td width=\"317\"><strong>4\u00d72<\/strong><\/td>\n<\/tr>\n<tr>\n<td width=\"296\"><strong>Volant<\/strong><\/td>\n<td width=\"317\"><strong>Conduite \u00e0 gauche<\/strong><\/td>\n<\/tr>\n<tr>\n<td width=\"296\"><strong>Marque et mod\u00e8le du moteur<\/strong><\/td>\n<td width=\"317\"><strong>Cummins\u00a0 B4.0NS6B160<\/strong><\/td>\n<\/tr>\n<tr>\n<td width=\"296\"><strong>Puissance maximale du moteur (kW)<\/strong><\/td>\n<td width=\"317\"><strong>118<\/strong><\/td>\n<\/tr>\n<tr>\n<td width=\"296\"><strong>Normes d&#039;\u00e9mission<\/strong><\/td>\n<td width=\"317\"><strong>Euro 4<\/strong><\/td>\n<\/tr>\n<tr>\n<td width=\"296\"><strong>Bo\u00eete de vitesse<\/strong><\/td>\n<td width=\"317\"><strong>6-speed gearbox<\/strong><\/td>\n<\/tr>\n<\/tbody>\n<\/table>\n<h1 style=\"text-align: center;\">AVANTAGES DU V\u00c9HICULE<\/h1>\n<h2 style=\"text-align: center;\">CONFIGURATION DE REMORQUAGE PUISSANTE<\/h2>\n<p><img decoding=\"async\" class=\"aligncenter wp-image-6466\" src=\"https:\/\/ac-truck.com\/wp-content\/uploads\/2025\/12\/%E6%B8%85%E9%9A%9C%E8%BD%A6%E8%AF%A6%E6%83%85%E9%A1%B5_05.webp\" sizes=\"(max-width: 1234px) 100vw, 1234px\" srcset=\"https:\/\/ac-truck.com\/wp-content\/uploads\/2025\/12\/\u6e05\u969c\u8f66\u8be6\u60c5\u9875_05.webp 790w, https:\/\/ac-truck.com\/wp-content\/uploads\/2025\/12\/\u6e05\u969c\u8f66\u8be6\u60c5\u9875_05-183x300.webp 183w, https:\/\/ac-truck.com\/wp-content\/uploads\/2025\/12\/\u6e05\u969c\u8f66\u8be6\u60c5\u9875_05-624x1024.webp 624w, https:\/\/ac-truck.com\/wp-content\/uploads\/2025\/12\/\u6e05\u969c\u8f66\u8be6\u60c5\u9875_05-768x1260.webp 768w, https:\/\/ac-truck.com\/wp-content\/uploads\/2025\/12\/\u6e05\u969c\u8f66\u8be6\u60c5\u9875_05-7x12.webp 7w, https:\/\/ac-truck.com\/wp-content\/uploads\/2025\/12\/\u6e05\u969c\u8f66\u8be6\u60c5\u9875_05-600x984.webp 600w, https:\/\/ac-truck.com\/wp-content\/uploads\/2025\/12\/\u6e05\u969c\u8f66\u8be6\u60c5\u9875_05-150x246.webp 150w\" alt=\"\" width=\"1234\" height=\"2024\" \/><\/p>\n<p><strong>1. Structure de fixation en fil d'acier<\/strong><br \/>\n<strong>2. Treuil hydraulique<\/strong><br \/>\n<strong>3. Poulie en fil d'acier<\/strong><br \/>\n<strong>4. Roue libre en fil d'acier<\/strong><br \/>\n<strong>5. Hame\u00e7on principal<\/strong><br \/>\n<strong>6. Bras de remorquage arri\u00e8re<\/strong><\/p>\n<h1 style=\"text-align: center;\">SYST\u00c8ME HYDRAULIQUE<\/h1>\n<p><img loading=\"lazy\" decoding=\"async\" class=\"aligncenter wp-image-6467\" src=\"https:\/\/ac-truck.com\/wp-content\/uploads\/2025\/12\/%E6%B8%85%E9%9A%9C%E8%BD%A6%E8%AF%A6%E6%83%85%E9%A1%B5_07.webp\" sizes=\"(max-width: 1234px) 100vw, 1234px\" srcset=\"https:\/\/ac-truck.com\/wp-content\/uploads\/2025\/12\/\u6e05\u969c\u8f66\u8be6\u60c5\u9875_07.webp 790w, https:\/\/ac-truck.com\/wp-content\/uploads\/2025\/12\/\u6e05\u969c\u8f66\u8be6\u60c5\u9875_07-194x300.webp 194w, https:\/\/ac-truck.com\/wp-content\/uploads\/2025\/12\/\u6e05\u969c\u8f66\u8be6\u60c5\u9875_07-663x1024.webp 663w, https:\/\/ac-truck.com\/wp-content\/uploads\/2025\/12\/\u6e05\u969c\u8f66\u8be6\u60c5\u9875_07-768x1186.webp 768w, https:\/\/ac-truck.com\/wp-content\/uploads\/2025\/12\/\u6e05\u969c\u8f66\u8be6\u60c5\u9875_07-8x12.webp 8w, https:\/\/ac-truck.com\/wp-content\/uploads\/2025\/12\/\u6e05\u969c\u8f66\u8be6\u60c5\u9875_07-600x927.webp 600w, https:\/\/ac-truck.com\/wp-content\/uploads\/2025\/12\/\u6e05\u969c\u8f66\u8be6\u60c5\u9875_07-150x232.webp 150w\" alt=\"\" width=\"1234\" height=\"1906\" \/><\/p>\n<p><strong>1. Pompe \u00e0 huile hydraulique : R\u00e9sistante aux chocs et \u00e0 la haute pression, elle offre une puissance de sortie stable et peut r\u00e9pondre rapidement aux commandes du treuil et du bras de remorquage, \u00e9vitant ainsi les blocages op\u00e9rationnels.<\/strong><br \/>\n<strong>2. R\u00e9servoir d'huile hydraulique : \u00c9quip\u00e9 d'un filtre interne et d'un \u00e9l\u00e9ment filtrant d'aspiration d'huile pour emp\u00eacher les impuret\u00e9s de p\u00e9n\u00e9trer dans le circuit d'huile.<\/strong><br \/>\n<strong>3. V\u00e9rin hydraulique : il poss\u00e8de d'excellentes performances d'\u00e9tanch\u00e9it\u00e9, est r\u00e9sistant \u00e0 l'usure et \u00e0 la corrosion, peut supporter la haute pression et la force d'impact pendant le fonctionnement et assure des actions de levage et de remorquage fluides et pr\u00e9cises.<\/strong><br \/>\n<strong>TRUG<\/strong><br \/>\n<strong>4. Tuyau d'huile hydraulique : Des tuyaux en caoutchouc tress\u00e9 en acier haute pression sont utilis\u00e9s, et certaines couches ext\u00e9rieures sont \u00e9quip\u00e9es de manchons de protection pour am\u00e9liorer la durabilit\u00e9.<\/strong><br \/>\n<strong>5. Vanne multivoies de haute qualit\u00e9\u00a0: Son fonctionnement est fluide et sans blocage, et elle permet un r\u00e9glage pr\u00e9cis de ses actions. Elle offre une excellente \u00e9tanch\u00e9it\u00e9, r\u00e9siste \u00e0 la haute pression et \u00e0 l\u2019usure, et sa dur\u00e9e de vie est longue.<\/strong><\/p>\n<h1 style=\"text-align: center;\">PUISSANT POUVOIR<\/h1>\n<p><img loading=\"lazy\" decoding=\"async\" class=\"aligncenter wp-image-6468\" src=\"https:\/\/ac-truck.com\/wp-content\/uploads\/2025\/12\/%E6%B8%85%E9%9A%9C%E8%BD%A6%E8%AF%A6%E6%83%85%E9%A1%B5_09.webp\" sizes=\"(max-width: 1234px) 100vw, 1234px\" srcset=\"https:\/\/ac-truck.com\/wp-content\/uploads\/2025\/12\/\u6e05\u969c\u8f66\u8be6\u60c5\u9875_09.webp 790w, https:\/\/ac-truck.com\/wp-content\/uploads\/2025\/12\/\u6e05\u969c\u8f66\u8be6\u60c5\u9875_09-214x300.webp 214w, https:\/\/ac-truck.com\/wp-content\/uploads\/2025\/12\/\u6e05\u969c\u8f66\u8be6\u60c5\u9875_09-730x1024.webp 730w, https:\/\/ac-truck.com\/wp-content\/uploads\/2025\/12\/\u6e05\u969c\u8f66\u8be6\u60c5\u9875_09-768x1077.webp 768w, https:\/\/ac-truck.com\/wp-content\/uploads\/2025\/12\/\u6e05\u969c\u8f66\u8be6\u60c5\u9875_09-9x12.webp 9w, https:\/\/ac-truck.com\/wp-content\/uploads\/2025\/12\/\u6e05\u969c\u8f66\u8be6\u60c5\u9875_09-600x842.webp 600w, https:\/\/ac-truck.com\/wp-content\/uploads\/2025\/12\/\u6e05\u969c\u8f66\u8be6\u60c5\u9875_09-150x210.webp 150w\" alt=\"\" width=\"1234\" height=\"1731\" \/><\/p>\n<p><strong>1. Prise de force pleine puissance : elle offre une puissance de sortie plus suffisante, une liaison pr\u00e9cise avec le syst\u00e8me hydraulique, une utilisation pratique et un faible taux de panne.<\/strong><br \/>\n<strong>2. Moteur \u00e0 forte puissance : son couple \u00e9lev\u00e9 fournit une base de puissance suffisante pour la prise de force et le syst\u00e8me hydraulique, permettant un remorquage et un levage plus puissants.<\/strong><\/p>\n<h1 style=\"text-align: center;\">DIVERSIT\u00c9 DES STRUCTURES \u00c0 PLAQUES PLATES<\/h1>\n<p><img loading=\"lazy\" decoding=\"async\" class=\"aligncenter wp-image-6469\" src=\"https:\/\/ac-truck.com\/wp-content\/uploads\/2025\/12\/%E6%B8%85%E9%9A%9C%E8%BD%A6%E8%AF%A6%E6%83%85%E9%A1%B5_11.webp\" sizes=\"(max-width: 1234px) 100vw, 1234px\" srcset=\"https:\/\/ac-truck.com\/wp-content\/uploads\/2025\/12\/\u6e05\u969c\u8f66\u8be6\u60c5\u9875_11.webp 790w, https:\/\/ac-truck.com\/wp-content\/uploads\/2025\/12\/\u6e05\u969c\u8f66\u8be6\u60c5\u9875_11-300x232.webp 300w, https:\/\/ac-truck.com\/wp-content\/uploads\/2025\/12\/\u6e05\u969c\u8f66\u8be6\u60c5\u9875_11-768x595.webp 768w, https:\/\/ac-truck.com\/wp-content\/uploads\/2025\/12\/\u6e05\u969c\u8f66\u8be6\u60c5\u9875_11-15x12.webp 15w, https:\/\/ac-truck.com\/wp-content\/uploads\/2025\/12\/\u6e05\u969c\u8f66\u8be6\u60c5\u9875_11-600x465.webp 600w, https:\/\/ac-truck.com\/wp-content\/uploads\/2025\/12\/\u6e05\u969c\u8f66\u8be6\u60c5\u9875_11-150x116.webp 150w\" alt=\"\" width=\"1234\" height=\"956\" \/><\/p>\n<p><strong>1. D\u00e9panneuse \u00e0 plateau complet : Le plateau peut se poser enti\u00e8rement au sol. Lors du d\u00e9pannage de v\u00e9hicules \u00e0 ch\u00e2ssis bas, cela facilite la mise en place du v\u00e9hicule sur le plateau et minimise les risques de dommages.<\/strong><br \/>\n<strong>2. D\u00e9panneuse \u00e0 plateau avec hayon \u00e9l\u00e9vateur\u00a0: Un hayon \u00e9l\u00e9vateur r\u00e9tractable est ajout\u00e9 \u00e0 l\u2019arri\u00e8re. Il permet de r\u00e9duire la pente entre le plateau et le sol, facilitant ainsi le chargement du v\u00e9hicule en panne sur le plateau.<\/strong><br \/>\n<strong>3. Camion de remorquage \u00e0 plateau avec grue : Une grue est install\u00e9e, qui peut \u00eatre utilis\u00e9e pour soulever les v\u00e9hicules d\u00e9fectueux tomb\u00e9s dans des foss\u00e9s ou des rivi\u00e8res et difficiles \u00e0 manipuler avec la m\u00e9thode de remorquage \u00e0 plateau.<\/strong><br \/>\n<strong>4. D\u00e9panneuse \u00e0 plateau : elle sert \u00e0 remorquer ou transporter des v\u00e9hicules en panne gr\u00e2ce \u00e0 son plateau. Ce dernier peut \u00eatre lev\u00e9 et inclin\u00e9 par un syst\u00e8me hydraulique, facilitant ainsi le chargement et le d\u00e9chargement du v\u00e9hicule.<\/strong><\/p>\n<h1 style=\"text-align: center;\">SIMPLE D'UTILISATION<\/h1>\n<p><img loading=\"lazy\" decoding=\"async\" class=\"aligncenter wp-image-6470\" src=\"https:\/\/ac-truck.com\/wp-content\/uploads\/2025\/12\/%E6%B8%85%E9%9A%9C%E8%BD%A6%E8%AF%A6%E6%83%85%E9%A1%B5_13.webp\" sizes=\"(max-width: 1234px) 100vw, 1234px\" srcset=\"https:\/\/ac-truck.com\/wp-content\/uploads\/2025\/12\/\u6e05\u969c\u8f66\u8be6\u60c5\u9875_13.webp 790w, https:\/\/ac-truck.com\/wp-content\/uploads\/2025\/12\/\u6e05\u969c\u8f66\u8be6\u60c5\u9875_13-261x300.webp 261w, https:\/\/ac-truck.com\/wp-content\/uploads\/2025\/12\/\u6e05\u969c\u8f66\u8be6\u60c5\u9875_13-768x883.webp 768w, https:\/\/ac-truck.com\/wp-content\/uploads\/2025\/12\/\u6e05\u969c\u8f66\u8be6\u60c5\u9875_13-10x12.webp 10w, https:\/\/ac-truck.com\/wp-content\/uploads\/2025\/12\/\u6e05\u969c\u8f66\u8be6\u60c5\u9875_13-600x690.webp 600w, https:\/\/ac-truck.com\/wp-content\/uploads\/2025\/12\/\u6e05\u969c\u8f66\u8be6\u60c5\u9875_13-150x172.webp 150w\" alt=\"\" width=\"1234\" height=\"1418\" \/><\/p>\n<p><strong>1. Levier de commande direct\u00a0: La disposition du levier de commande est ergonomique, offrant une prise en main confortable et une course appropri\u00e9e. Elle permet un contr\u00f4le pr\u00e9cis de l\u2019amplitude du mouvement et \u00e9vite les \u00e0-coups lors de l\u2019utilisation.<\/strong><br \/>\n<strong>2. T\u00e9l\u00e9commande sans fil\u00a0: Les op\u00e9rateurs peuvent se tenir \u00e0 l\u2019\u00e9cart de la zone d\u2019op\u00e9ration dangereuse afin d\u2019\u00e9viter les risques. Ils b\u00e9n\u00e9ficient d\u2019un champ de vision plus large, ce qui facilite l\u2019observation des d\u00e9tails de l\u2019op\u00e9ration et am\u00e9liore la pr\u00e9cision des op\u00e9rations.<\/strong><\/p>\n<h1 style=\"text-align: center;\">PROCESSUS DE PRODUCTION<\/h1>\n<p><img loading=\"lazy\" decoding=\"async\" class=\"aligncenter wp-image-6471\" src=\"https:\/\/ac-truck.com\/wp-content\/uploads\/2025\/12\/%E6%B8%85%E9%9A%9C%E8%BD%A6%E8%AF%A6%E6%83%85%E9%A1%B5_15.webp\" sizes=\"(max-width: 1234px) 100vw, 1234px\" srcset=\"https:\/\/ac-truck.com\/wp-content\/uploads\/2025\/12\/\u6e05\u969c\u8f66\u8be6\u60c5\u9875_15.webp 790w, https:\/\/ac-truck.com\/wp-content\/uploads\/2025\/12\/\u6e05\u969c\u8f66\u8be6\u60c5\u9875_15-132x300.webp 132w, https:\/\/ac-truck.com\/wp-content\/uploads\/2025\/12\/\u6e05\u969c\u8f66\u8be6\u60c5\u9875_15-449x1024.webp 449w, https:\/\/ac-truck.com\/wp-content\/uploads\/2025\/12\/\u6e05\u969c\u8f66\u8be6\u60c5\u9875_15-768x1750.webp 768w, https:\/\/ac-truck.com\/wp-content\/uploads\/2025\/12\/\u6e05\u969c\u8f66\u8be6\u60c5\u9875_15-674x1536.webp 674w, https:\/\/ac-truck.com\/wp-content\/uploads\/2025\/12\/\u6e05\u969c\u8f66\u8be6\u60c5\u9875_15-5x12.webp 5w, https:\/\/ac-truck.com\/wp-content\/uploads\/2025\/12\/\u6e05\u969c\u8f66\u8be6\u60c5\u9875_15-600x1367.webp 600w, https:\/\/ac-truck.com\/wp-content\/uploads\/2025\/12\/\u6e05\u969c\u8f66\u8be6\u60c5\u9875_15-150x342.webp 150w\" alt=\"\" width=\"1234\" height=\"2812\" \/><img loading=\"lazy\" decoding=\"async\" class=\"aligncenter wp-image-6472\" src=\"https:\/\/ac-truck.com\/wp-content\/uploads\/2025\/12\/%E6%B8%85%E9%9A%9C%E8%BD%A6%E8%AF%A6%E6%83%85%E9%A1%B5_16.webp\" sizes=\"(max-width: 1234px) 100vw, 1234px\" srcset=\"https:\/\/ac-truck.com\/wp-content\/uploads\/2025\/12\/\u6e05\u969c\u8f66\u8be6\u60c5\u9875_16.webp 790w, https:\/\/ac-truck.com\/wp-content\/uploads\/2025\/12\/\u6e05\u969c\u8f66\u8be6\u60c5\u9875_16-98x300.webp 98w, https:\/\/ac-truck.com\/wp-content\/uploads\/2025\/12\/\u6e05\u969c\u8f66\u8be6\u60c5\u9875_16-334x1024.webp 334w, https:\/\/ac-truck.com\/wp-content\/uploads\/2025\/12\/\u6e05\u969c\u8f66\u8be6\u60c5\u9875_16-768x2356.webp 768w, https:\/\/ac-truck.com\/wp-content\/uploads\/2025\/12\/\u6e05\u969c\u8f66\u8be6\u60c5\u9875_16-501x1536.webp 501w, https:\/\/ac-truck.com\/wp-content\/uploads\/2025\/12\/\u6e05\u969c\u8f66\u8be6\u60c5\u9875_16-4x12.webp 4w, https:\/\/ac-truck.com\/wp-content\/uploads\/2025\/12\/\u6e05\u969c\u8f66\u8be6\u60c5\u9875_16-600x1841.webp 600w, https:\/\/ac-truck.com\/wp-content\/uploads\/2025\/12\/\u6e05\u969c\u8f66\u8be6\u60c5\u9875_16-150x460.webp 150w\" alt=\"\" width=\"1234\" height=\"3786\" \/><\/p>\n<p><strong>1. Pr\u00e9paration des mat\u00e9riaux pour le sous-ch\u00e2ssis, le ch\u00e2ssis du portique et le bras de remorquage<\/strong><br \/>\n<strong>2. Pr\u00e9paration des mat\u00e9riaux pour lits plats<\/strong><br \/>\n<strong>3. Pr\u00e9paration et production des protections lat\u00e9rales, des garde-boue et des accessoires<\/strong><br \/>\n<strong>4. Soudage du plateau et du ch\u00e2ssis du portique<\/strong><br \/>\n<strong>5. Assemblage du sous-ch\u00e2ssis, du bras de pincement arri\u00e8re et des accessoires<\/strong><br \/>\n<strong>6. Installation de la superstructure du plateau<\/strong><br \/>\n<strong>7. Peinture de l'ensemble du v\u00e9hicule<\/strong><br \/>\n<strong>8. Ach\u00e8vement de la production du v\u00e9hicule<\/strong><\/p>\n<h1 style=\"text-align: center;\">SC\u00c9NARIOS D'APPLICATION<\/h1>\n<p><img loading=\"lazy\" decoding=\"async\" class=\"aligncenter wp-image-6473\" src=\"https:\/\/ac-truck.com\/wp-content\/uploads\/2025\/12\/%E6%B8%85%E9%9A%9C%E8%BD%A6%E8%AF%A6%E6%83%85%E9%A1%B5_18.webp\" sizes=\"(max-width: 1234px) 100vw, 1234px\" srcset=\"https:\/\/ac-truck.com\/wp-content\/uploads\/2025\/12\/\u6e05\u969c\u8f66\u8be6\u60c5\u9875_18.webp 790w, https:\/\/ac-truck.com\/wp-content\/uploads\/2025\/12\/\u6e05\u969c\u8f66\u8be6\u60c5\u9875_18-156x300.webp 156w, https:\/\/ac-truck.com\/wp-content\/uploads\/2025\/12\/\u6e05\u969c\u8f66\u8be6\u60c5\u9875_18-532x1024.webp 532w, https:\/\/ac-truck.com\/wp-content\/uploads\/2025\/12\/\u6e05\u969c\u8f66\u8be6\u60c5\u9875_18-768x1478.webp 768w, https:\/\/ac-truck.com\/wp-content\/uploads\/2025\/12\/\u6e05\u969c\u8f66\u8be6\u60c5\u9875_18-6x12.webp 6w, https:\/\/ac-truck.com\/wp-content\/uploads\/2025\/12\/\u6e05\u969c\u8f66\u8be6\u60c5\u9875_18-600x1154.webp 600w, https:\/\/ac-truck.com\/wp-content\/uploads\/2025\/12\/\u6e05\u969c\u8f66\u8be6\u60c5\u9875_18-150x289.webp 150w\" alt=\"\" width=\"1234\" height=\"2374\" \/><\/p>\n<h1 style=\"text-align: center;\">EMBALLAGE ET TRANSPORT<\/h1>\n<p><img loading=\"lazy\" decoding=\"async\" class=\"aligncenter wp-image-6474\" src=\"https:\/\/ac-truck.com\/wp-content\/uploads\/2025\/12\/%E6%B8%85%E9%9A%9C%E8%BD%A6%E8%AF%A6%E6%83%85%E9%A1%B5_20.webp\" sizes=\"(max-width: 1234px) 100vw, 1234px\" srcset=\"https:\/\/ac-truck.com\/wp-content\/uploads\/2025\/12\/\u6e05\u969c\u8f66\u8be6\u60c5\u9875_20.webp 790w, https:\/\/ac-truck.com\/wp-content\/uploads\/2025\/12\/\u6e05\u969c\u8f66\u8be6\u60c5\u9875_20-144x300.webp 144w, https:\/\/ac-truck.com\/wp-content\/uploads\/2025\/12\/\u6e05\u969c\u8f66\u8be6\u60c5\u9875_20-490x1024.webp 490w, https:\/\/ac-truck.com\/wp-content\/uploads\/2025\/12\/\u6e05\u969c\u8f66\u8be6\u60c5\u9875_20-768x1604.webp 768w, https:\/\/ac-truck.com\/wp-content\/uploads\/2025\/12\/\u6e05\u969c\u8f66\u8be6\u60c5\u9875_20-735x1536.webp 735w, https:\/\/ac-truck.com\/wp-content\/uploads\/2025\/12\/\u6e05\u969c\u8f66\u8be6\u60c5\u9875_20-6x12.webp 6w, https:\/\/ac-truck.com\/wp-content\/uploads\/2025\/12\/\u6e05\u969c\u8f66\u8be6\u60c5\u9875_20-600x1253.webp 600w, https:\/\/ac-truck.com\/wp-content\/uploads\/2025\/12\/\u6e05\u969c\u8f66\u8be6\u60c5\u9875_20-150x313.webp 150w\" alt=\"\" width=\"1234\" height=\"2577\" \/><\/p>","protected":false},"excerpt":{"rendered":"<p>PRODUCT PARAMETERS 5T Tow Truck JAC project Descriptions Specifications General Overall dimensions(mm) 7550\u00d72350\u00d72480 curb weight(Kg) 5120 Total mass(Kg) 10230 Body<\/p>","protected":false},"featured_media":6515,"template":"","meta":[],"product_brand":[227],"product_cat":[174],"product_tag":[253,254,337],"class_list":{"0":"post-6512","1":"product","2":"type-product","3":"status-publish","4":"has-post-thumbnail","6":"product_brand-jac","7":"product_cat-tow-trucks","8":"product_tag-car-recovery","9":"product_tag-rollback-truck","10":"product_tag-wrecker-truck","12":"first","13":"instock","14":"shipping-taxable","15":"product-type-simple"},"_links":{"self":[{"href":"https:\/\/ac-truck.com\/fr\/wp-json\/wp\/v2\/product\/6512","targetHints":{"allow":["GET"]}}],"collection":[{"href":"https:\/\/ac-truck.com\/fr\/wp-json\/wp\/v2\/product"}],"about":[{"href":"https:\/\/ac-truck.com\/fr\/wp-json\/wp\/v2\/types\/product"}],"version-history":[{"count":1,"href":"https:\/\/ac-truck.com\/fr\/wp-json\/wp\/v2\/product\/6512\/revisions"}],"predecessor-version":[{"id":6521,"href":"https:\/\/ac-truck.com\/fr\/wp-json\/wp\/v2\/product\/6512\/revisions\/6521"}],"wp:featuredmedia":[{"embeddable":true,"href":"https:\/\/ac-truck.com\/fr\/wp-json\/wp\/v2\/media\/6515"}],"wp:attachment":[{"href":"https:\/\/ac-truck.com\/fr\/wp-json\/wp\/v2\/media?parent=6512"}],"wp:term":[{"taxonomy":"product_brand","embeddable":true,"href":"https:\/\/ac-truck.com\/fr\/wp-json\/wp\/v2\/product_brand?post=6512"},{"taxonomy":"product_cat","embeddable":true,"href":"https:\/\/ac-truck.com\/fr\/wp-json\/wp\/v2\/product_cat?post=6512"},{"taxonomy":"product_tag","embeddable":true,"href":"https:\/\/ac-truck.com\/fr\/wp-json\/wp\/v2\/product_tag?post=6512"}],"curies":[{"name":"wp","href":"https:\/\/api.w.org\/{rel}","templated":true}]}}