{"id":6661,"date":"2025-12-11T17:13:57","date_gmt":"2025-12-11T09:13:57","guid":{"rendered":"https:\/\/ac-truck.com\/?post_type=product&#038;p=6661"},"modified":"2025-12-11T17:13:58","modified_gmt":"2025-12-11T09:13:58","slug":"15000-liters-water-truck-shacman","status":"publish","type":"product","link":"https:\/\/ac-truck.com\/fr\/15000-liters-water-truck-shacman.html","title":{"rendered":"camion citerne \u00e0 eau SHACMAN de 15\u00a0000 litres"},"content":{"rendered":"<p><img fetchpriority=\"high\" decoding=\"async\" class=\"aligncenter wp-image-6662\" src=\"https:\/\/ac-truck.com\/wp-content\/uploads\/2025\/12\/\u4ea7\u54c1\u6d77\u62a5_01-16.webp\" alt=\"\" width=\"1234\" height=\"1610\" srcset=\"https:\/\/ac-truck.com\/wp-content\/uploads\/2025\/12\/\u4ea7\u54c1\u6d77\u62a5_01-16.webp 790w, https:\/\/ac-truck.com\/wp-content\/uploads\/2025\/12\/\u4ea7\u54c1\u6d77\u62a5_01-16-230x300.webp 230w, https:\/\/ac-truck.com\/wp-content\/uploads\/2025\/12\/\u4ea7\u54c1\u6d77\u62a5_01-16-785x1024.webp 785w, https:\/\/ac-truck.com\/wp-content\/uploads\/2025\/12\/\u4ea7\u54c1\u6d77\u62a5_01-16-768x1002.webp 768w, https:\/\/ac-truck.com\/wp-content\/uploads\/2025\/12\/\u4ea7\u54c1\u6d77\u62a5_01-16-9x12.webp 9w, https:\/\/ac-truck.com\/wp-content\/uploads\/2025\/12\/\u4ea7\u54c1\u6d77\u62a5_01-16-600x783.webp 600w, https:\/\/ac-truck.com\/wp-content\/uploads\/2025\/12\/\u4ea7\u54c1\u6d77\u62a5_01-16-150x196.webp 150w\" sizes=\"(max-width: 1234px) 100vw, 1234px\" \/><\/p>\n<h1 style=\"text-align: center;\">PARAM\u00c8TRES DU PRODUIT<\/h1>\n<p><img decoding=\"async\" class=\"aligncenter wp-image-6663\" src=\"https:\/\/ac-truck.com\/wp-content\/uploads\/2025\/12\/\u4ea7\u54c1\u6d77\u62a5_03-16.webp\" alt=\"\" width=\"1234\" height=\"486\" srcset=\"https:\/\/ac-truck.com\/wp-content\/uploads\/2025\/12\/\u4ea7\u54c1\u6d77\u62a5_03-16.webp 790w, https:\/\/ac-truck.com\/wp-content\/uploads\/2025\/12\/\u4ea7\u54c1\u6d77\u62a5_03-16-300x118.webp 300w, https:\/\/ac-truck.com\/wp-content\/uploads\/2025\/12\/\u4ea7\u54c1\u6d77\u62a5_03-16-768x302.webp 768w, https:\/\/ac-truck.com\/wp-content\/uploads\/2025\/12\/\u4ea7\u54c1\u6d77\u62a5_03-16-18x7.webp 18w, https:\/\/ac-truck.com\/wp-content\/uploads\/2025\/12\/\u4ea7\u54c1\u6d77\u62a5_03-16-600x236.webp 600w, https:\/\/ac-truck.com\/wp-content\/uploads\/2025\/12\/\u4ea7\u54c1\u6d77\u62a5_03-16-150x59.webp 150w\" sizes=\"(max-width: 1234px) 100vw, 1234px\" \/><\/p>\n<h2 style=\"text-align: center;\">camion citerne \u00e0 eau SHACMAN de 15\u00a0000 litres<\/h2>\n<table>\n<tbody>\n<tr>\n<td width=\"86\"><strong>projet<\/strong><\/td>\n<td width=\"296\"><strong>Descriptions<\/strong><\/td>\n<td width=\"317\"><strong>Caract\u00e9ristiques<\/strong><\/td>\n<\/tr>\n<tr>\n<td rowspan=\"4\" width=\"86\"><strong>Basique<\/strong><\/td>\n<td width=\"296\"><strong>Dimensions hors tout (mm)<\/strong><\/td>\n<td width=\"317\"><strong>7880\u00d72500\u00d73280<\/strong><\/td>\n<\/tr>\n<tr>\n<td width=\"296\"><strong>poids \u00e0 vide (kg)<\/strong><\/td>\n<td width=\"317\"><strong>6780<\/strong><\/td>\n<\/tr>\n<tr>\n<td width=\"296\"><strong>Capacit\u00e9 de charge (kg)<\/strong><\/td>\n<td width=\"317\"><strong>11090<\/strong><\/td>\n<\/tr>\n<tr>\n<td width=\"296\"><strong>Masse totale (kg)<\/strong><\/td>\n<td width=\"317\"><strong>18000<\/strong><\/td>\n<\/tr>\n<tr>\n<td rowspan=\"4\" width=\"86\"><strong>Corps<\/strong><\/td>\n<td width=\"296\"><strong>Volume du r\u00e9servoir (m\u00b3)<\/strong><\/td>\n<td width=\"317\"><strong>15<\/strong><\/td>\n<\/tr>\n<tr>\n<td width=\"296\"><strong>Mat\u00e9riau du r\u00e9servoir<\/strong><\/td>\n<td width=\"317\"><strong>Q235\/carbon steel<\/strong><\/td>\n<\/tr>\n<tr>\n<td width=\"296\"><strong>\u00c9paisseur du r\u00e9servoir (mm)<\/strong><\/td>\n<td width=\"317\"><strong>4<\/strong><\/td>\n<\/tr>\n<tr>\n<td width=\"296\"><strong>mod\u00e8le de pompe \u00e0 eau<\/strong><\/td>\n<td width=\"317\"><strong>65QZ60\/90N(S)<\/strong><\/td>\n<\/tr>\n<tr>\n<td rowspan=\"7\" width=\"86\"><strong>Ch\u00e2ssis<\/strong><\/p>\n<p>&nbsp;<\/td>\n<td width=\"296\"><strong>Marque du ch\u00e2ssis<\/strong><\/td>\n<td width=\"317\"><strong>SHACMAN<\/strong><\/td>\n<\/tr>\n<tr>\n<td width=\"296\"><strong>Formulaire de conducteur<\/strong><\/td>\n<td width=\"317\"><strong>4*2<\/strong><\/td>\n<\/tr>\n<tr>\n<td width=\"296\"><strong>Volant<\/strong><\/td>\n<td width=\"317\"><strong>Conduite \u00e0 gauche<\/strong><\/td>\n<\/tr>\n<tr>\n<td width=\"296\"><strong>Marque et mod\u00e8le du moteur<\/strong><\/td>\n<td width=\"317\"><strong>WP4.6NQ220E61A<\/strong><\/td>\n<\/tr>\n<tr>\n<td width=\"296\"><strong>Normes d&#039;\u00e9mission<\/strong><\/td>\n<td width=\"317\"><strong>Euro 6<\/strong><\/td>\n<\/tr>\n<tr>\n<td width=\"296\"><strong>Type de carburant<\/strong><\/td>\n<td width=\"317\"><strong>Diesel<\/strong><\/td>\n<\/tr>\n<tr>\n<td width=\"296\"><strong>Bo\u00eete de vitesse<\/strong><\/td>\n<td width=\"317\"><strong>8-speed gearbox<\/strong><\/td>\n<\/tr>\n<\/tbody>\n<\/table>\n<h1 style=\"text-align: center;\">AVANTAGES DU V\u00c9HICULE<\/h1>\n<h4 style=\"text-align: center;\">TAILLE DU R\u00c9SERVOIR PERSONNALISABLE<\/h4>\n<p style=\"text-align: center;\"><img decoding=\"async\" class=\"aligncenter wp-image-6575\" src=\"https:\/\/ac-truck.com\/wp-content\/uploads\/2025\/12\/%E6%B4%92%E6%B0%B4%E8%BD%A6%E8%AF%A6%E6%83%85%E9%A1%B5_05.webp\" sizes=\"(max-width: 1234px) 100vw, 1234px\" srcset=\"https:\/\/ac-truck.com\/wp-content\/uploads\/2025\/12\/\u6d12\u6c34\u8f66\u8be6\u60c5\u9875_05.webp 790w, https:\/\/ac-truck.com\/wp-content\/uploads\/2025\/12\/\u6d12\u6c34\u8f66\u8be6\u60c5\u9875_05-300x185.webp 300w, https:\/\/ac-truck.com\/wp-content\/uploads\/2025\/12\/\u6d12\u6c34\u8f66\u8be6\u60c5\u9875_05-768x472.webp 768w, https:\/\/ac-truck.com\/wp-content\/uploads\/2025\/12\/\u6d12\u6c34\u8f66\u8be6\u60c5\u9875_05-18x12.webp 18w, https:\/\/ac-truck.com\/wp-content\/uploads\/2025\/12\/\u6d12\u6c34\u8f66\u8be6\u60c5\u9875_05-600x369.webp 600w, https:\/\/ac-truck.com\/wp-content\/uploads\/2025\/12\/\u6d12\u6c34\u8f66\u8be6\u60c5\u9875_05-150x92.webp 150w\" alt=\"\" width=\"1234\" height=\"759\" \/><\/p>\n<h1 style=\"text-align: center;\">STRUCTURE PRINCIPALE DU R\u00c9SERVOIR<\/h1>\n<p><img loading=\"lazy\" decoding=\"async\" class=\"aligncenter wp-image-6576\" src=\"https:\/\/ac-truck.com\/wp-content\/uploads\/2025\/12\/%E6%B4%92%E6%B0%B4%E8%BD%A6%E8%AF%A6%E6%83%85%E9%A1%B5_07.webp\" sizes=\"(max-width: 1234px) 100vw, 1234px\" srcset=\"https:\/\/ac-truck.com\/wp-content\/uploads\/2025\/12\/\u6d12\u6c34\u8f66\u8be6\u60c5\u9875_07.webp 790w, https:\/\/ac-truck.com\/wp-content\/uploads\/2025\/12\/\u6d12\u6c34\u8f66\u8be6\u60c5\u9875_07-272x300.webp 272w, https:\/\/ac-truck.com\/wp-content\/uploads\/2025\/12\/\u6d12\u6c34\u8f66\u8be6\u60c5\u9875_07-768x846.webp 768w, https:\/\/ac-truck.com\/wp-content\/uploads\/2025\/12\/\u6d12\u6c34\u8f66\u8be6\u60c5\u9875_07-11x12.webp 11w, https:\/\/ac-truck.com\/wp-content\/uploads\/2025\/12\/\u6d12\u6c34\u8f66\u8be6\u60c5\u9875_07-600x661.webp 600w, https:\/\/ac-truck.com\/wp-content\/uploads\/2025\/12\/\u6d12\u6c34\u8f66\u8be6\u60c5\u9875_07-150x165.webp 150w\" alt=\"\" width=\"1234\" height=\"1359\" \/><\/p>\n<p><strong>1. Construction du r\u00e9servoir : Le corps du r\u00e9servoir est fabriqu\u00e9 en acier au carbone ou en acier inoxydable de haute qualit\u00e9, form\u00e9 en un seul proc\u00e9d\u00e9 de profilage \u00e0 rouleaux, puis soud\u00e9 pour \u00e9viter les fuites.<\/strong><br \/>\n<strong>2. \u00c9chelle : Cette \u00e9chelle vous permet d'atteindre le sommet du r\u00e9servoir.<\/strong><br \/>\n<strong>3. Orifice de remplissage : Cet orifice de remplissage vous permet d'observer le contenu du r\u00e9servoir et d'ajouter de l'eau.<\/strong><br \/>\n<strong>4. Tube de mesure : Ce tube vous permet de v\u00e9rifier la quantit\u00e9 de liquide \u00e0 l'int\u00e9rieur du r\u00e9servoir.<\/strong><\/p>\n<h1 style=\"text-align: center;\">CONFIGURATION STANDARD<\/h1>\n<p><img loading=\"lazy\" decoding=\"async\" class=\"aligncenter wp-image-6577\" src=\"https:\/\/ac-truck.com\/wp-content\/uploads\/2025\/12\/%E6%B4%92%E6%B0%B4%E8%BD%A6%E8%AF%A6%E6%83%85%E9%A1%B5_09.webp\" sizes=\"(max-width: 1234px) 100vw, 1234px\" srcset=\"https:\/\/ac-truck.com\/wp-content\/uploads\/2025\/12\/\u6d12\u6c34\u8f66\u8be6\u60c5\u9875_09.webp 790w, https:\/\/ac-truck.com\/wp-content\/uploads\/2025\/12\/\u6d12\u6c34\u8f66\u8be6\u60c5\u9875_09-134x300.webp 134w, https:\/\/ac-truck.com\/wp-content\/uploads\/2025\/12\/\u6d12\u6c34\u8f66\u8be6\u60c5\u9875_09-457x1024.webp 457w, https:\/\/ac-truck.com\/wp-content\/uploads\/2025\/12\/\u6d12\u6c34\u8f66\u8be6\u60c5\u9875_09-768x1721.webp 768w, https:\/\/ac-truck.com\/wp-content\/uploads\/2025\/12\/\u6d12\u6c34\u8f66\u8be6\u60c5\u9875_09-686x1536.webp 686w, https:\/\/ac-truck.com\/wp-content\/uploads\/2025\/12\/\u6d12\u6c34\u8f66\u8be6\u60c5\u9875_09-5x12.webp 5w, https:\/\/ac-truck.com\/wp-content\/uploads\/2025\/12\/\u6d12\u6c34\u8f66\u8be6\u60c5\u9875_09-600x1344.webp 600w, https:\/\/ac-truck.com\/wp-content\/uploads\/2025\/12\/\u6d12\u6c34\u8f66\u8be6\u60c5\u9875_09-150x336.webp 150w\" alt=\"\" width=\"1234\" height=\"2765\" \/><\/p>\n<p><strong>1. Vanne \u00e0 quatre voies et trois voies\u00a0: Ouvrez-la lors du remplissage d\u2019eau. Lorsque la poign\u00e9e est parall\u00e8le \u00e0 la canalisation, elle est ouverte\u00a0; lorsqu\u2019elle est perpendiculaire, elle est ferm\u00e9e.<\/strong><br \/>\n<strong>2. Entr\u00e9e d'eau : elle peut \u00eatre utilis\u00e9e pour puiser l'eau d'une source d'eau ext\u00e9rieure \u00e0 proximit\u00e9 et peut \u00e9galement servir de sortie d'\u00e9vacuation par gravit\u00e9.<\/strong><br \/>\n<strong>3. Raccordement du tuyau : Raccordez un tuyau externe pour le drainage sous pression et il peut \u00e9galement \u00eatre utilis\u00e9 pour l'arriv\u00e9e d'eau.<\/strong><br \/>\n<strong>4. Vanne \u00e0 bille de grand diam\u00e8tre : Augmente le d\u00e9bit d'eau dans la canalisation.<\/strong><br \/>\n<strong>5. Dispositif de pulv\u00e9risation d'eau avant : Utilis\u00e9 pour arroser la route afin de r\u00e9duire la poussi\u00e8re.<\/strong><br \/>\n<strong>6. Dispositif de pulv\u00e9risation d'eau arri\u00e8re : L'angle de fonctionnement peut \u00eatre ajust\u00e9 selon les besoins.<\/strong><br \/>\n<strong>7. Dispositif de pulv\u00e9risation d'eau lat\u00e9rale : La brume d'eau pulv\u00e9ris\u00e9e par la buse a une zone large et dispers\u00e9e.<\/strong><br \/>\n<strong>8. Dispositif de pulv\u00e9risation d'eau \u00e0 haute pression : il peut \u00eatre r\u00e9gl\u00e9 sur diff\u00e9rents modes de pulv\u00e9risation, tels que la pulv\u00e9risation en colonne, la pulv\u00e9risation en bruine et la pulv\u00e9risation en brouillard.<\/strong><br \/>\n<strong>9. Arroseur en position haute : L'arroseur en position haute peut fournir une pulv\u00e9risation plus uniforme et une zone de couverture plus large.<\/strong><\/p>\n<h1 style=\"text-align: center;\">AFFICHAGE DE L'\u00c9TAT DE FONCTIONNEMENT<\/h1>\n<p><img loading=\"lazy\" decoding=\"async\" class=\"aligncenter wp-image-6578\" src=\"https:\/\/ac-truck.com\/wp-content\/uploads\/2025\/12\/%E6%B4%92%E6%B0%B4%E8%BD%A6%E8%AF%A6%E6%83%85%E9%A1%B5_11.webp\" sizes=\"(max-width: 1234px) 100vw, 1234px\" srcset=\"https:\/\/ac-truck.com\/wp-content\/uploads\/2025\/12\/\u6d12\u6c34\u8f66\u8be6\u60c5\u9875_11.webp 790w, https:\/\/ac-truck.com\/wp-content\/uploads\/2025\/12\/\u6d12\u6c34\u8f66\u8be6\u60c5\u9875_11-106x300.webp 106w, https:\/\/ac-truck.com\/wp-content\/uploads\/2025\/12\/\u6d12\u6c34\u8f66\u8be6\u60c5\u9875_11-363x1024.webp 363w, https:\/\/ac-truck.com\/wp-content\/uploads\/2025\/12\/\u6d12\u6c34\u8f66\u8be6\u60c5\u9875_11-768x2166.webp 768w, https:\/\/ac-truck.com\/wp-content\/uploads\/2025\/12\/\u6d12\u6c34\u8f66\u8be6\u60c5\u9875_11-545x1536.webp 545w, https:\/\/ac-truck.com\/wp-content\/uploads\/2025\/12\/\u6d12\u6c34\u8f66\u8be6\u60c5\u9875_11-726x2048.webp 726w, https:\/\/ac-truck.com\/wp-content\/uploads\/2025\/12\/\u6d12\u6c34\u8f66\u8be6\u60c5\u9875_11-4x12.webp 4w, https:\/\/ac-truck.com\/wp-content\/uploads\/2025\/12\/\u6d12\u6c34\u8f66\u8be6\u60c5\u9875_11-600x1692.webp 600w, https:\/\/ac-truck.com\/wp-content\/uploads\/2025\/12\/\u6d12\u6c34\u8f66\u8be6\u60c5\u9875_11-150x423.webp 150w\" alt=\"\" width=\"1234\" height=\"3480\" \/><\/p>\n<p><strong>1. Dispositif de chasse d'eau frontale universelle<\/strong><br \/>\n<strong>2. Dispositif d'arrosage arri\u00e8re en forme d'\u00e9ventail<\/strong><br \/>\n<strong>3. Pulv\u00e9risation lat\u00e9rale (dispositif)<\/strong><br \/>\n<strong>4. Pistolet \u00e0 eau haute pression mont\u00e9 \u00e0 l'arri\u00e8re<\/strong><br \/>\n<strong>5. Arroseur en position haute<\/strong><\/p>\n<h1 style=\"text-align: center;\">PROCESSUS DE PRODUCTION<\/h1>\n<p><img loading=\"lazy\" decoding=\"async\" class=\"aligncenter wp-image-6579\" src=\"https:\/\/ac-truck.com\/wp-content\/uploads\/2025\/12\/%E6%B4%92%E6%B0%B4%E8%BD%A6%E8%AF%A6%E6%83%85%E9%A1%B5_13.webp\" sizes=\"(max-width: 1234px) 100vw, 1234px\" srcset=\"https:\/\/ac-truck.com\/wp-content\/uploads\/2025\/12\/\u6d12\u6c34\u8f66\u8be6\u60c5\u9875_13.webp 790w, https:\/\/ac-truck.com\/wp-content\/uploads\/2025\/12\/\u6d12\u6c34\u8f66\u8be6\u60c5\u9875_13-121x300.webp 121w, https:\/\/ac-truck.com\/wp-content\/uploads\/2025\/12\/\u6d12\u6c34\u8f66\u8be6\u60c5\u9875_13-412x1024.webp 412w, https:\/\/ac-truck.com\/wp-content\/uploads\/2025\/12\/\u6d12\u6c34\u8f66\u8be6\u60c5\u9875_13-768x1908.webp 768w, https:\/\/ac-truck.com\/wp-content\/uploads\/2025\/12\/\u6d12\u6c34\u8f66\u8be6\u60c5\u9875_13-618x1536.webp 618w, https:\/\/ac-truck.com\/wp-content\/uploads\/2025\/12\/\u6d12\u6c34\u8f66\u8be6\u60c5\u9875_13-5x12.webp 5w, https:\/\/ac-truck.com\/wp-content\/uploads\/2025\/12\/\u6d12\u6c34\u8f66\u8be6\u60c5\u9875_13-600x1491.webp 600w, https:\/\/ac-truck.com\/wp-content\/uploads\/2025\/12\/\u6d12\u6c34\u8f66\u8be6\u60c5\u9875_13-150x373.webp 150w\" alt=\"\" width=\"1234\" height=\"3066\" \/><img loading=\"lazy\" decoding=\"async\" class=\"aligncenter wp-image-6580\" src=\"https:\/\/ac-truck.com\/wp-content\/uploads\/2025\/12\/%E6%B4%92%E6%B0%B4%E8%BD%A6%E8%AF%A6%E6%83%85%E9%A1%B5_14.webp\" sizes=\"(max-width: 1234px) 100vw, 1234px\" srcset=\"https:\/\/ac-truck.com\/wp-content\/uploads\/2025\/12\/\u6d12\u6c34\u8f66\u8be6\u60c5\u9875_14.webp 790w, https:\/\/ac-truck.com\/wp-content\/uploads\/2025\/12\/\u6d12\u6c34\u8f66\u8be6\u60c5\u9875_14-120x300.webp 120w, https:\/\/ac-truck.com\/wp-content\/uploads\/2025\/12\/\u6d12\u6c34\u8f66\u8be6\u60c5\u9875_14-409x1024.webp 409w, https:\/\/ac-truck.com\/wp-content\/uploads\/2025\/12\/\u6d12\u6c34\u8f66\u8be6\u60c5\u9875_14-768x1921.webp 768w, https:\/\/ac-truck.com\/wp-content\/uploads\/2025\/12\/\u6d12\u6c34\u8f66\u8be6\u60c5\u9875_14-614x1536.webp 614w, https:\/\/ac-truck.com\/wp-content\/uploads\/2025\/12\/\u6d12\u6c34\u8f66\u8be6\u60c5\u9875_14-5x12.webp 5w, https:\/\/ac-truck.com\/wp-content\/uploads\/2025\/12\/\u6d12\u6c34\u8f66\u8be6\u60c5\u9875_14-600x1501.webp 600w, https:\/\/ac-truck.com\/wp-content\/uploads\/2025\/12\/\u6d12\u6c34\u8f66\u8be6\u60c5\u9875_14-150x375.webp 150w\" alt=\"\" width=\"1234\" height=\"3087\" \/><\/p>\n<p><strong>1. Pr\u00e9paration des mat\u00e9riaux pour la cuve<\/strong><br \/>\n<strong>2. Les mati\u00e8res contenues dans le r\u00e9servoir p\u00e9n\u00e8trent dans l'\u00e9quipement<\/strong><br \/>\n<strong>3. Le roulement du char est termin\u00e9.<\/strong><br \/>\n<strong>4. Traitement de la fermeture des cuves<\/strong><br \/>\n<strong>5. Traitement de peinture antirouille du r\u00e9servoir<\/strong><br \/>\n<strong>6. Assemblage du ch\u00e2ssis et de la tuyauterie<\/strong><br \/>\n<strong>7. Assemblage du r\u00e9servoir et du ch\u00e2ssis<\/strong><br \/>\n<strong>8. Assemblage du v\u00e9hicule termin\u00e9<\/strong><\/p>\n<h1 style=\"text-align: center;\">SC\u00c9NARIOS D'APPLICATION<\/h1>\n<p><img loading=\"lazy\" decoding=\"async\" class=\"aligncenter wp-image-6581\" src=\"https:\/\/ac-truck.com\/wp-content\/uploads\/2025\/12\/%E6%B4%92%E6%B0%B4%E8%BD%A6%E8%AF%A6%E6%83%85%E9%A1%B5_16.webp\" sizes=\"(max-width: 1234px) 100vw, 1234px\" srcset=\"https:\/\/ac-truck.com\/wp-content\/uploads\/2025\/12\/\u6d12\u6c34\u8f66\u8be6\u60c5\u9875_16.webp 790w, https:\/\/ac-truck.com\/wp-content\/uploads\/2025\/12\/\u6d12\u6c34\u8f66\u8be6\u60c5\u9875_16-156x300.webp 156w, https:\/\/ac-truck.com\/wp-content\/uploads\/2025\/12\/\u6d12\u6c34\u8f66\u8be6\u60c5\u9875_16-534x1024.webp 534w, https:\/\/ac-truck.com\/wp-content\/uploads\/2025\/12\/\u6d12\u6c34\u8f66\u8be6\u60c5\u9875_16-768x1474.webp 768w, https:\/\/ac-truck.com\/wp-content\/uploads\/2025\/12\/\u6d12\u6c34\u8f66\u8be6\u60c5\u9875_16-6x12.webp 6w, https:\/\/ac-truck.com\/wp-content\/uploads\/2025\/12\/\u6d12\u6c34\u8f66\u8be6\u60c5\u9875_16-600x1151.webp 600w, https:\/\/ac-truck.com\/wp-content\/uploads\/2025\/12\/\u6d12\u6c34\u8f66\u8be6\u60c5\u9875_16-150x288.webp 150w\" alt=\"\" width=\"1234\" height=\"2368\" \/><\/p>\n<h1 style=\"text-align: center;\">EMBALLAGE ET TRANSPORT<\/h1>\n<p><img loading=\"lazy\" decoding=\"async\" class=\"aligncenter wp-image-6582\" src=\"https:\/\/ac-truck.com\/wp-content\/uploads\/2025\/12\/%E6%B4%92%E6%B0%B4%E8%BD%A6%E8%AF%A6%E6%83%85%E9%A1%B5_18.webp\" sizes=\"(max-width: 1234px) 100vw, 1234px\" srcset=\"https:\/\/ac-truck.com\/wp-content\/uploads\/2025\/12\/\u6d12\u6c34\u8f66\u8be6\u60c5\u9875_18.webp 790w, https:\/\/ac-truck.com\/wp-content\/uploads\/2025\/12\/\u6d12\u6c34\u8f66\u8be6\u60c5\u9875_18-142x300.webp 142w, https:\/\/ac-truck.com\/wp-content\/uploads\/2025\/12\/\u6d12\u6c34\u8f66\u8be6\u60c5\u9875_18-484x1024.webp 484w, https:\/\/ac-truck.com\/wp-content\/uploads\/2025\/12\/\u6d12\u6c34\u8f66\u8be6\u60c5\u9875_18-768x1625.webp 768w, https:\/\/ac-truck.com\/wp-content\/uploads\/2025\/12\/\u6d12\u6c34\u8f66\u8be6\u60c5\u9875_18-726x1536.webp 726w, https:\/\/ac-truck.com\/wp-content\/uploads\/2025\/12\/\u6d12\u6c34\u8f66\u8be6\u60c5\u9875_18-6x12.webp 6w, https:\/\/ac-truck.com\/wp-content\/uploads\/2025\/12\/\u6d12\u6c34\u8f66\u8be6\u60c5\u9875_18-600x1270.webp 600w, https:\/\/ac-truck.com\/wp-content\/uploads\/2025\/12\/\u6d12\u6c34\u8f66\u8be6\u60c5\u9875_18-150x317.webp 150w\" alt=\"\" width=\"1234\" height=\"2612\" \/><\/p>","protected":false},"excerpt":{"rendered":"<p>PRODUCT PARAMETERS 15000 Liters Water Truck SHACMAN project Descriptions Specifications Basic *Overall dimensions(mm) 7880\u00d72500\u00d73280 curb weight(Kg) 6780 Loading capacity(Kg) 11090<\/p>","protected":false},"featured_media":6664,"template":"","meta":[],"product_brand":[247],"product_cat":[191],"product_tag":[214,216,219,252],"class_list":{"0":"post-6661","1":"product","2":"type-product","3":"status-publish","4":"has-post-thumbnail","6":"product_brand-shacman","7":"product_cat-water-trucks","8":"product_tag-water-truck","9":"product_tag-water-tanker-truck","10":"product_tag-sprinkler-truck","11":"product_tag-15000l","13":"first","14":"instock","15":"shipping-taxable","16":"product-type-simple"},"_links":{"self":[{"href":"https:\/\/ac-truck.com\/fr\/wp-json\/wp\/v2\/product\/6661","targetHints":{"allow":["GET"]}}],"collection":[{"href":"https:\/\/ac-truck.com\/fr\/wp-json\/wp\/v2\/product"}],"about":[{"href":"https:\/\/ac-truck.com\/fr\/wp-json\/wp\/v2\/types\/product"}],"version-history":[{"count":1,"href":"https:\/\/ac-truck.com\/fr\/wp-json\/wp\/v2\/product\/6661\/revisions"}],"predecessor-version":[{"id":6670,"href":"https:\/\/ac-truck.com\/fr\/wp-json\/wp\/v2\/product\/6661\/revisions\/6670"}],"wp:featuredmedia":[{"embeddable":true,"href":"https:\/\/ac-truck.com\/fr\/wp-json\/wp\/v2\/media\/6664"}],"wp:attachment":[{"href":"https:\/\/ac-truck.com\/fr\/wp-json\/wp\/v2\/media?parent=6661"}],"wp:term":[{"taxonomy":"product_brand","embeddable":true,"href":"https:\/\/ac-truck.com\/fr\/wp-json\/wp\/v2\/product_brand?post=6661"},{"taxonomy":"product_cat","embeddable":true,"href":"https:\/\/ac-truck.com\/fr\/wp-json\/wp\/v2\/product_cat?post=6661"},{"taxonomy":"product_tag","embeddable":true,"href":"https:\/\/ac-truck.com\/fr\/wp-json\/wp\/v2\/product_tag?post=6661"}],"curies":[{"name":"wp","href":"https:\/\/api.w.org\/{rel}","templated":true}]}}