{"id":6723,"date":"2025-12-22T16:00:27","date_gmt":"2025-12-22T08:00:27","guid":{"rendered":"https:\/\/ac-truck.com\/?post_type=product&#038;p=6723"},"modified":"2025-12-22T16:00:27","modified_gmt":"2025-12-22T08:00:27","slug":"9m%c2%b3-road-sweeper-truck-jac","status":"publish","type":"product","link":"https:\/\/ac-truck.com\/fr\/9m%C2%B3-road-sweeper-truck-jac.html","title":{"rendered":"Camion balayeuse de voirie JAC de 9 m\u00b3"},"content":{"rendered":"<p><img fetchpriority=\"high\" decoding=\"async\" class=\"aligncenter wp-image-6724\" src=\"https:\/\/ac-truck.com\/wp-content\/uploads\/2025\/12\/\u4ea7\u54c1\u6d77\u62a5_01-18.webp\" alt=\"\" width=\"1234\" height=\"1617\" srcset=\"https:\/\/ac-truck.com\/wp-content\/uploads\/2025\/12\/\u4ea7\u54c1\u6d77\u62a5_01-18.webp 790w, https:\/\/ac-truck.com\/wp-content\/uploads\/2025\/12\/\u4ea7\u54c1\u6d77\u62a5_01-18-229x300.webp 229w, https:\/\/ac-truck.com\/wp-content\/uploads\/2025\/12\/\u4ea7\u54c1\u6d77\u62a5_01-18-782x1024.webp 782w, https:\/\/ac-truck.com\/wp-content\/uploads\/2025\/12\/\u4ea7\u54c1\u6d77\u62a5_01-18-768x1006.webp 768w, https:\/\/ac-truck.com\/wp-content\/uploads\/2025\/12\/\u4ea7\u54c1\u6d77\u62a5_01-18-9x12.webp 9w, https:\/\/ac-truck.com\/wp-content\/uploads\/2025\/12\/\u4ea7\u54c1\u6d77\u62a5_01-18-600x786.webp 600w, https:\/\/ac-truck.com\/wp-content\/uploads\/2025\/12\/\u4ea7\u54c1\u6d77\u62a5_01-18-150x197.webp 150w\" sizes=\"(max-width: 1234px) 100vw, 1234px\" \/><\/p>\n<h1 style=\"text-align: center;\">PARAM\u00c8TRES DU PRODUIT<\/h1>\n<p><img decoding=\"async\" class=\"aligncenter wp-image-6725\" src=\"https:\/\/ac-truck.com\/wp-content\/uploads\/2025\/12\/\u4ea7\u54c1\u6d77\u62a5_03-18.webp\" alt=\"\" width=\"1234\" height=\"480\" srcset=\"https:\/\/ac-truck.com\/wp-content\/uploads\/2025\/12\/\u4ea7\u54c1\u6d77\u62a5_03-18.webp 790w, https:\/\/ac-truck.com\/wp-content\/uploads\/2025\/12\/\u4ea7\u54c1\u6d77\u62a5_03-18-300x117.webp 300w, https:\/\/ac-truck.com\/wp-content\/uploads\/2025\/12\/\u4ea7\u54c1\u6d77\u62a5_03-18-768x298.webp 768w, https:\/\/ac-truck.com\/wp-content\/uploads\/2025\/12\/\u4ea7\u54c1\u6d77\u62a5_03-18-18x7.webp 18w, https:\/\/ac-truck.com\/wp-content\/uploads\/2025\/12\/\u4ea7\u54c1\u6d77\u62a5_03-18-600x233.webp 600w, https:\/\/ac-truck.com\/wp-content\/uploads\/2025\/12\/\u4ea7\u54c1\u6d77\u62a5_03-18-150x58.webp 150w\" sizes=\"(max-width: 1234px) 100vw, 1234px\" \/><\/p>\n<h2 style=\"text-align: center;\">Camion balayeuse de voirie JAC de 9 m\u00b3<\/h2>\n<p>&nbsp;<\/p>\n<table>\n<tbody>\n<tr>\n<td width=\"86\"><strong>projet<\/strong><\/td>\n<td width=\"315\"><strong>Descriptions<\/strong><\/td>\n<td width=\"285\"><strong>Caract\u00e9ristiques<\/strong><\/td>\n<\/tr>\n<tr>\n<td rowspan=\"8\" width=\"86\"><strong>G\u00e9n\u00e9ral<\/strong><\/td>\n<td width=\"315\"><strong>Dimensions hors tout (mm)<\/strong><\/td>\n<td width=\"285\"><strong>7100\u00d72380\u00d72700<\/strong><\/td>\n<\/tr>\n<tr>\n<td width=\"315\"><strong>poids \u00e0 vide (kg)<\/strong><\/td>\n<td width=\"285\"><strong>7120<\/strong><\/td>\n<\/tr>\n<tr>\n<td width=\"315\"><strong>Capacit\u00e9 de charge (kg)<\/strong><\/td>\n<td width=\"285\"><strong>4605<\/strong><\/td>\n<\/tr>\n<tr>\n<td width=\"315\"><strong>Masse totale (kg)<\/strong><\/td>\n<td width=\"285\"><strong>11920<\/strong><\/td>\n<\/tr>\n<tr>\n<td width=\"315\"><strong>Capacit\u00e9 de balayage maximale (m\u00b2\/h)<\/strong><\/td>\n<td width=\"285\"><strong>56000<\/strong><\/td>\n<\/tr>\n<tr>\n<td width=\"315\"><strong>Volume du r\u00e9servoir \u00e0 d\u00e9chets (m\u00b3)<\/strong><\/td>\n<td width=\"285\"><strong>5<\/strong><\/td>\n<\/tr>\n<tr>\n<td width=\"315\"><strong>Volume du r\u00e9servoir d'eau (m\u00b3)<\/strong><\/td>\n<td width=\"285\"><strong>4<\/strong><\/td>\n<\/tr>\n<tr>\n<td width=\"315\"><strong>Mat\u00e9riau du r\u00e9servoir<\/strong><\/td>\n<td width=\"285\"><strong>Acier inoxydable<\/strong><\/td>\n<\/tr>\n<tr>\n<td rowspan=\"7\" width=\"86\"><strong>Ch\u00e2ssis<\/strong><\/p>\n<p>&nbsp;<\/td>\n<td width=\"315\"><strong>Marque du ch\u00e2ssis<\/strong><\/td>\n<td width=\"285\"><strong>JAC<\/strong><\/td>\n<\/tr>\n<tr>\n<td width=\"315\"><strong>Formulaire de conduite<\/strong><\/td>\n<td width=\"285\"><strong>4*2<\/strong><\/td>\n<\/tr>\n<tr>\n<td width=\"315\"><strong>Volant<\/strong><\/td>\n<td width=\"285\"><strong>Conduite \u00e0 gauche<\/strong><\/td>\n<\/tr>\n<tr>\n<td width=\"315\"><strong>Marque et mod\u00e8le du moteur<\/strong><\/td>\n<td width=\"285\"><strong>Yunnei power\/D30TCIF2<\/strong><\/td>\n<\/tr>\n<tr>\n<td width=\"315\"><strong>Puissance maximale du moteur (kW)<\/strong><\/td>\n<td width=\"285\"><strong>120<\/strong><\/td>\n<\/tr>\n<tr>\n<td width=\"315\"><strong>Normes d&#039;\u00e9mission<\/strong><\/td>\n<td width=\"285\"><strong>Euro 6<\/strong><\/td>\n<\/tr>\n<tr>\n<td width=\"315\"><strong>Bo\u00eete de vitesse<\/strong><\/td>\n<td width=\"285\"><strong>LC6T55,6speed forward 1 reverse<\/strong><\/td>\n<\/tr>\n<\/tbody>\n<\/table>\n<h1 style=\"text-align: center;\">AVANTAGES DU V\u00c9HICULE<\/h1>\n<h4 style=\"text-align: center;\">S\u00c9LECTION DU VOLUME DE LA BO\u00ceTE<\/h4>\n<p style=\"text-align: center;\"><img decoding=\"async\" class=\"aligncenter wp-image-6695\" src=\"https:\/\/ac-truck.com\/wp-content\/uploads\/2025\/12\/%E6%B4%97%E6%89%AB%E8%BD%A6%E8%AF%A6%E6%83%85%E9%A1%B5_05.webp\" sizes=\"(max-width: 1234px) 100vw, 1234px\" srcset=\"https:\/\/ac-truck.com\/wp-content\/uploads\/2025\/12\/\u6d17\u626b\u8f66\u8be6\u60c5\u9875_05.webp 790w, https:\/\/ac-truck.com\/wp-content\/uploads\/2025\/12\/\u6d17\u626b\u8f66\u8be6\u60c5\u9875_05-248x300.webp 248w, https:\/\/ac-truck.com\/wp-content\/uploads\/2025\/12\/\u6d17\u626b\u8f66\u8be6\u60c5\u9875_05-768x929.webp 768w, https:\/\/ac-truck.com\/wp-content\/uploads\/2025\/12\/\u6d17\u626b\u8f66\u8be6\u60c5\u9875_05-10x12.webp 10w, https:\/\/ac-truck.com\/wp-content\/uploads\/2025\/12\/\u6d17\u626b\u8f66\u8be6\u60c5\u9875_05-600x726.webp 600w, https:\/\/ac-truck.com\/wp-content\/uploads\/2025\/12\/\u6d17\u626b\u8f66\u8be6\u60c5\u9875_05-150x182.webp 150w\" alt=\"\" width=\"1234\" height=\"1493\" \/><\/p>\n<h1 style=\"text-align: center;\">S\u00c9LECTION RIGOUREUSE DES MAT\u00c9RIAUX<\/h1>\n<p><img loading=\"lazy\" decoding=\"async\" class=\"aligncenter wp-image-6696\" src=\"https:\/\/ac-truck.com\/wp-content\/uploads\/2025\/12\/%E6%B4%97%E6%89%AB%E8%BD%A6%E8%AF%A6%E6%83%85%E9%A1%B5_07.webp\" sizes=\"(max-width: 1234px) 100vw, 1234px\" srcset=\"https:\/\/ac-truck.com\/wp-content\/uploads\/2025\/12\/\u6d17\u626b\u8f66\u8be6\u60c5\u9875_07.webp 790w, https:\/\/ac-truck.com\/wp-content\/uploads\/2025\/12\/\u6d17\u626b\u8f66\u8be6\u60c5\u9875_07-141x300.webp 141w, https:\/\/ac-truck.com\/wp-content\/uploads\/2025\/12\/\u6d17\u626b\u8f66\u8be6\u60c5\u9875_07-482x1024.webp 482w, https:\/\/ac-truck.com\/wp-content\/uploads\/2025\/12\/\u6d17\u626b\u8f66\u8be6\u60c5\u9875_07-768x1633.webp 768w, https:\/\/ac-truck.com\/wp-content\/uploads\/2025\/12\/\u6d17\u626b\u8f66\u8be6\u60c5\u9875_07-722x1536.webp 722w, https:\/\/ac-truck.com\/wp-content\/uploads\/2025\/12\/\u6d17\u626b\u8f66\u8be6\u60c5\u9875_07-6x12.webp 6w, https:\/\/ac-truck.com\/wp-content\/uploads\/2025\/12\/\u6d17\u626b\u8f66\u8be6\u60c5\u9875_07-600x1276.webp 600w, https:\/\/ac-truck.com\/wp-content\/uploads\/2025\/12\/\u6d17\u626b\u8f66\u8be6\u60c5\u9875_07-150x319.webp 150w\" alt=\"\" width=\"1234\" height=\"2624\" \/><\/p>\n<p><strong>Structure rectangulaire ondul\u00e9e en acier inoxydable. Composants \u00e9lectriques.<\/strong><br \/>\n<strong>Moteur auxiliaire<\/strong><br \/>\n<strong>Pompe \u00e0 eau haute pression Composants hydrauliques<\/strong><br \/>\n<strong>Ventilateur sp\u00e9cial \u00e0 haut rendement<\/strong><\/p>\n<h1 style=\"text-align: center;\">CONCEPTION PROFESSIONNELLE<\/h1>\n<p><img loading=\"lazy\" decoding=\"async\" class=\"aligncenter wp-image-6697\" src=\"https:\/\/ac-truck.com\/wp-content\/uploads\/2025\/12\/%E6%B4%97%E6%89%AB%E8%BD%A6%E8%AF%A6%E6%83%85%E9%A1%B5_09.webp\" sizes=\"(max-width: 1234px) 100vw, 1234px\" srcset=\"https:\/\/ac-truck.com\/wp-content\/uploads\/2025\/12\/\u6d17\u626b\u8f66\u8be6\u60c5\u9875_09.webp 790w, https:\/\/ac-truck.com\/wp-content\/uploads\/2025\/12\/\u6d17\u626b\u8f66\u8be6\u60c5\u9875_09-300x258.webp 300w, https:\/\/ac-truck.com\/wp-content\/uploads\/2025\/12\/\u6d17\u626b\u8f66\u8be6\u60c5\u9875_09-768x661.webp 768w, https:\/\/ac-truck.com\/wp-content\/uploads\/2025\/12\/\u6d17\u626b\u8f66\u8be6\u60c5\u9875_09-14x12.webp 14w, https:\/\/ac-truck.com\/wp-content\/uploads\/2025\/12\/\u6d17\u626b\u8f66\u8be6\u60c5\u9875_09-600x516.webp 600w, https:\/\/ac-truck.com\/wp-content\/uploads\/2025\/12\/\u6d17\u626b\u8f66\u8be6\u60c5\u9875_09-150x129.webp 150w\" alt=\"\" width=\"1234\" height=\"1062\" \/><\/p>\n<p><strong>1. Conception \u00e0 double r\u00e9servoir s\u00e9par\u00e9 : le r\u00e9servoir d'eau propre et le bac \u00e0 d\u00e9chets sont dispos\u00e9s s\u00e9par\u00e9ment.<\/strong><br \/>\n<strong>2. Dispositif d'\u00e9vacuation des eaux us\u00e9es : Pendant le fonctionnement, les eaux us\u00e9es peuvent \u00eatre \u00e9vacu\u00e9es par le dispositif d'\u00e9vacuation des eaux us\u00e9es.<\/strong><br \/>\n<strong>3. Configuration \u00e0 double v\u00e9rin : La benne \u00e0 ordures utilise un syst\u00e8me d'auto-d\u00e9chargement \u00e0 double v\u00e9rin.<\/strong><br \/>\n<strong>4. Dispositif de pulv\u00e9risation d'eau \u00e0 haute pression : Par ailleurs, un syst\u00e8me de pulv\u00e9risation d'eau \u00e0 haut d\u00e9bit et \u00e0 haute pression est install\u00e9 dans la benne, ce qui permet d'\u00e9liminer rapidement les d\u00e9chets.<\/strong><\/p>\n<h1 style=\"text-align: center;\">UN V\u00c9HICULE AUX FONCTIONS MULTIPLES<\/h1>\n<p><img loading=\"lazy\" decoding=\"async\" class=\"aligncenter wp-image-6698\" src=\"https:\/\/ac-truck.com\/wp-content\/uploads\/2025\/12\/%E6%B4%97%E6%89%AB%E8%BD%A6%E8%AF%A6%E6%83%85%E9%A1%B5_11.webp\" sizes=\"(max-width: 1234px) 100vw, 1234px\" srcset=\"https:\/\/ac-truck.com\/wp-content\/uploads\/2025\/12\/\u6d17\u626b\u8f66\u8be6\u60c5\u9875_11.webp 790w, https:\/\/ac-truck.com\/wp-content\/uploads\/2025\/12\/\u6d17\u626b\u8f66\u8be6\u60c5\u9875_11-224x300.webp 224w, https:\/\/ac-truck.com\/wp-content\/uploads\/2025\/12\/\u6d17\u626b\u8f66\u8be6\u60c5\u9875_11-763x1024.webp 763w, https:\/\/ac-truck.com\/wp-content\/uploads\/2025\/12\/\u6d17\u626b\u8f66\u8be6\u60c5\u9875_11-768x1030.webp 768w, https:\/\/ac-truck.com\/wp-content\/uploads\/2025\/12\/\u6d17\u626b\u8f66\u8be6\u60c5\u9875_11-9x12.webp 9w, https:\/\/ac-truck.com\/wp-content\/uploads\/2025\/12\/\u6d17\u626b\u8f66\u8be6\u60c5\u9875_11-600x805.webp 600w, https:\/\/ac-truck.com\/wp-content\/uploads\/2025\/12\/\u6d17\u626b\u8f66\u8be6\u60c5\u9875_11-150x201.webp 150w\" alt=\"\" width=\"1234\" height=\"1656\" \/><\/p>\n<p><strong>Balayage des routes<\/strong><br \/>\n<strong>rin\u00e7age vers l'avant<\/strong><br \/>\n<strong>pulv\u00e9risation lat\u00e9rale<\/strong><br \/>\n<strong>pulv\u00e9risation de brouillard avant<\/strong><br \/>\n<strong>pulv\u00e9risation de brouillard arri\u00e8re<\/strong><\/p>\n<p><img loading=\"lazy\" decoding=\"async\" class=\"aligncenter wp-image-6699\" src=\"https:\/\/ac-truck.com\/wp-content\/uploads\/2025\/12\/%E6%B4%97%E6%89%AB%E8%BD%A6%E8%AF%A6%E6%83%85%E9%A1%B5_13.webp\" sizes=\"(max-width: 1234px) 100vw, 1234px\" srcset=\"https:\/\/ac-truck.com\/wp-content\/uploads\/2025\/12\/\u6d17\u626b\u8f66\u8be6\u60c5\u9875_13.webp 790w, https:\/\/ac-truck.com\/wp-content\/uploads\/2025\/12\/\u6d17\u626b\u8f66\u8be6\u60c5\u9875_13-300x196.webp 300w, https:\/\/ac-truck.com\/wp-content\/uploads\/2025\/12\/\u6d17\u626b\u8f66\u8be6\u60c5\u9875_13-768x502.webp 768w, https:\/\/ac-truck.com\/wp-content\/uploads\/2025\/12\/\u6d17\u626b\u8f66\u8be6\u60c5\u9875_13-18x12.webp 18w, https:\/\/ac-truck.com\/wp-content\/uploads\/2025\/12\/\u6d17\u626b\u8f66\u8be6\u60c5\u9875_13-600x392.webp 600w, https:\/\/ac-truck.com\/wp-content\/uploads\/2025\/12\/\u6d17\u626b\u8f66\u8be6\u60c5\u9875_13-150x98.webp 150w\" alt=\"\" width=\"1234\" height=\"806\" \/><\/p>\n<p><strong>Il est \u00e9quip\u00e9 d'un pistolet \u00e0 eau haute pression qui permet de nettoyer les recoins difficiles d'acc\u00e8s, d'\u00e9liminer les affiches sauvages et de nettoyer le v\u00e9hicule lui-m\u00eame.<\/strong><\/p>\n<p><img loading=\"lazy\" decoding=\"async\" class=\"aligncenter wp-image-6700\" src=\"https:\/\/ac-truck.com\/wp-content\/uploads\/2025\/12\/%E6%B4%97%E6%89%AB%E8%BD%A6%E8%AF%A6%E6%83%85%E9%A1%B5_15.webp\" sizes=\"(max-width: 1234px) 100vw, 1234px\" srcset=\"https:\/\/ac-truck.com\/wp-content\/uploads\/2025\/12\/\u6d17\u626b\u8f66\u8be6\u60c5\u9875_15.webp 790w, https:\/\/ac-truck.com\/wp-content\/uploads\/2025\/12\/\u6d17\u626b\u8f66\u8be6\u60c5\u9875_15-300x195.webp 300w, https:\/\/ac-truck.com\/wp-content\/uploads\/2025\/12\/\u6d17\u626b\u8f66\u8be6\u60c5\u9875_15-768x500.webp 768w, https:\/\/ac-truck.com\/wp-content\/uploads\/2025\/12\/\u6d17\u626b\u8f66\u8be6\u60c5\u9875_15-18x12.webp 18w, https:\/\/ac-truck.com\/wp-content\/uploads\/2025\/12\/\u6d17\u626b\u8f66\u8be6\u60c5\u9875_15-600x390.webp 600w, https:\/\/ac-truck.com\/wp-content\/uploads\/2025\/12\/\u6d17\u626b\u8f66\u8be6\u60c5\u9875_15-150x98.webp 150w\" alt=\"\" width=\"1234\" height=\"803\" \/><\/p>\n<p><strong>La structure de fonctionnement est compos\u00e9e de \u00ab deux disques de balayage positionn\u00e9s centralement + une buse d'aspiration large positionn\u00e9e centralement + une rampe de pulv\u00e9risation principale haute pression install\u00e9e \u00e0 l'int\u00e9rieur + des rampes de pulv\u00e9risation lat\u00e9rales haute pression gauche et droite \u00bb.<\/strong><\/p>\n<h1 style=\"text-align: center;\">S\u00fbr, intelligent et facile \u00e0 utiliser<\/h1>\n<p><img loading=\"lazy\" decoding=\"async\" class=\"aligncenter wp-image-6701\" src=\"https:\/\/ac-truck.com\/wp-content\/uploads\/2025\/12\/%E6%B4%97%E6%89%AB%E8%BD%A6%E8%AF%A6%E6%83%85%E9%A1%B5_17.webp\" sizes=\"(max-width: 1234px) 100vw, 1234px\" srcset=\"https:\/\/ac-truck.com\/wp-content\/uploads\/2025\/12\/\u6d17\u626b\u8f66\u8be6\u60c5\u9875_17.webp 790w, https:\/\/ac-truck.com\/wp-content\/uploads\/2025\/12\/\u6d17\u626b\u8f66\u8be6\u60c5\u9875_17-300x223.webp 300w, https:\/\/ac-truck.com\/wp-content\/uploads\/2025\/12\/\u6d17\u626b\u8f66\u8be6\u60c5\u9875_17-768x570.webp 768w, https:\/\/ac-truck.com\/wp-content\/uploads\/2025\/12\/\u6d17\u626b\u8f66\u8be6\u60c5\u9875_17-16x12.webp 16w, https:\/\/ac-truck.com\/wp-content\/uploads\/2025\/12\/\u6d17\u626b\u8f66\u8be6\u60c5\u9875_17-600x445.webp 600w, https:\/\/ac-truck.com\/wp-content\/uploads\/2025\/12\/\u6d17\u626b\u8f66\u8be6\u60c5\u9875_17-150x111.webp 150w\" alt=\"\" width=\"1234\" height=\"915\" \/><\/p>\n<p><strong>1. \u00c9cran intelligent avec bus CAN<\/strong><br \/>\n<strong>2. Indication intelligente de l'\u00e9tat du r\u00e9servoir d'eau<\/strong><br \/>\n<strong>3. Capteur de p\u00e9nurie d'eau<\/strong><br \/>\n<strong>4. Syst\u00e8me de surveillance de la vision arri\u00e8re<\/strong><\/p>\n<h1 style=\"text-align: center;\">PROCESSUS DE PRODUCTION<\/h1>\n<p><img loading=\"lazy\" decoding=\"async\" class=\"aligncenter wp-image-6702\" src=\"https:\/\/ac-truck.com\/wp-content\/uploads\/2025\/12\/%E6%B4%97%E6%89%AB%E8%BD%A6%E8%AF%A6%E6%83%85%E9%A1%B5_19.webp\" sizes=\"(max-width: 1234px) 100vw, 1234px\" srcset=\"https:\/\/ac-truck.com\/wp-content\/uploads\/2025\/12\/\u6d17\u626b\u8f66\u8be6\u60c5\u9875_19.webp 790w, https:\/\/ac-truck.com\/wp-content\/uploads\/2025\/12\/\u6d17\u626b\u8f66\u8be6\u60c5\u9875_19-165x300.webp 165w, https:\/\/ac-truck.com\/wp-content\/uploads\/2025\/12\/\u6d17\u626b\u8f66\u8be6\u60c5\u9875_19-562x1024.webp 562w, https:\/\/ac-truck.com\/wp-content\/uploads\/2025\/12\/\u6d17\u626b\u8f66\u8be6\u60c5\u9875_19-768x1400.webp 768w, https:\/\/ac-truck.com\/wp-content\/uploads\/2025\/12\/\u6d17\u626b\u8f66\u8be6\u60c5\u9875_19-7x12.webp 7w, https:\/\/ac-truck.com\/wp-content\/uploads\/2025\/12\/\u6d17\u626b\u8f66\u8be6\u60c5\u9875_19-600x1094.webp 600w, https:\/\/ac-truck.com\/wp-content\/uploads\/2025\/12\/\u6d17\u626b\u8f66\u8be6\u60c5\u9875_19-150x273.webp 150w\" alt=\"\" width=\"1234\" height=\"2249\" \/><img loading=\"lazy\" decoding=\"async\" class=\"aligncenter wp-image-6703\" src=\"https:\/\/ac-truck.com\/wp-content\/uploads\/2025\/12\/%E6%B4%97%E6%89%AB%E8%BD%A6%E8%AF%A6%E6%83%85%E9%A1%B5_20.webp\" sizes=\"(max-width: 1234px) 100vw, 1234px\" srcset=\"https:\/\/ac-truck.com\/wp-content\/uploads\/2025\/12\/\u6d17\u626b\u8f66\u8be6\u60c5\u9875_20.webp 790w, https:\/\/ac-truck.com\/wp-content\/uploads\/2025\/12\/\u6d17\u626b\u8f66\u8be6\u60c5\u9875_20-122x300.webp 122w, https:\/\/ac-truck.com\/wp-content\/uploads\/2025\/12\/\u6d17\u626b\u8f66\u8be6\u60c5\u9875_20-416x1024.webp 416w, https:\/\/ac-truck.com\/wp-content\/uploads\/2025\/12\/\u6d17\u626b\u8f66\u8be6\u60c5\u9875_20-768x1891.webp 768w, https:\/\/ac-truck.com\/wp-content\/uploads\/2025\/12\/\u6d17\u626b\u8f66\u8be6\u60c5\u9875_20-624x1536.webp 624w, https:\/\/ac-truck.com\/wp-content\/uploads\/2025\/12\/\u6d17\u626b\u8f66\u8be6\u60c5\u9875_20-5x12.webp 5w, https:\/\/ac-truck.com\/wp-content\/uploads\/2025\/12\/\u6d17\u626b\u8f66\u8be6\u60c5\u9875_20-600x1477.webp 600w, https:\/\/ac-truck.com\/wp-content\/uploads\/2025\/12\/\u6d17\u626b\u8f66\u8be6\u60c5\u9875_20-150x369.webp 150w\" alt=\"\" width=\"1234\" height=\"3038\" \/><\/p>\n<p><strong>1. Conception des dessins du produit<\/strong><br \/>\n<strong>2. Pr\u00e9paration des mat\u00e9riaux<\/strong><br \/>\n<strong>3. Fabrication de carrosseries de fourgons<\/strong><br \/>\n<strong>4. Installation des composants<\/strong><br \/>\n<strong>5. Assemblage des v\u00e9hicules<\/strong><br \/>\n<strong>6. Essais de camions 7. Inspection des produits<\/strong><\/p>\n<h1 style=\"text-align: center;\">SC\u00c9NARIOS D'APPLICATION<\/h1>\n<p><img loading=\"lazy\" decoding=\"async\" class=\"aligncenter wp-image-6704\" src=\"https:\/\/ac-truck.com\/wp-content\/uploads\/2025\/12\/%E6%B4%97%E6%89%AB%E8%BD%A6%E8%AF%A6%E6%83%85%E9%A1%B5_22.webp\" sizes=\"(max-width: 1234px) 100vw, 1234px\" srcset=\"https:\/\/ac-truck.com\/wp-content\/uploads\/2025\/12\/\u6d17\u626b\u8f66\u8be6\u60c5\u9875_22.webp 790w, https:\/\/ac-truck.com\/wp-content\/uploads\/2025\/12\/\u6d17\u626b\u8f66\u8be6\u60c5\u9875_22-156x300.webp 156w, https:\/\/ac-truck.com\/wp-content\/uploads\/2025\/12\/\u6d17\u626b\u8f66\u8be6\u60c5\u9875_22-534x1024.webp 534w, https:\/\/ac-truck.com\/wp-content\/uploads\/2025\/12\/\u6d17\u626b\u8f66\u8be6\u60c5\u9875_22-768x1473.webp 768w, https:\/\/ac-truck.com\/wp-content\/uploads\/2025\/12\/\u6d17\u626b\u8f66\u8be6\u60c5\u9875_22-6x12.webp 6w, https:\/\/ac-truck.com\/wp-content\/uploads\/2025\/12\/\u6d17\u626b\u8f66\u8be6\u60c5\u9875_22-600x1151.webp 600w, https:\/\/ac-truck.com\/wp-content\/uploads\/2025\/12\/\u6d17\u626b\u8f66\u8be6\u60c5\u9875_22-150x288.webp 150w\" alt=\"\" width=\"1234\" height=\"2366\" \/><\/p>\n<h1 style=\"text-align: center;\">EMBALLAGE ET TRANSPORT<\/h1>\n<p><img loading=\"lazy\" decoding=\"async\" class=\"aligncenter wp-image-6705\" src=\"https:\/\/ac-truck.com\/wp-content\/uploads\/2025\/12\/%E6%B4%97%E6%89%AB%E8%BD%A6%E8%AF%A6%E6%83%85%E9%A1%B5_24.webp\" sizes=\"(max-width: 1234px) 100vw, 1234px\" srcset=\"https:\/\/ac-truck.com\/wp-content\/uploads\/2025\/12\/\u6d17\u626b\u8f66\u8be6\u60c5\u9875_24.webp 790w, https:\/\/ac-truck.com\/wp-content\/uploads\/2025\/12\/\u6d17\u626b\u8f66\u8be6\u60c5\u9875_24-142x300.webp 142w, https:\/\/ac-truck.com\/wp-content\/uploads\/2025\/12\/\u6d17\u626b\u8f66\u8be6\u60c5\u9875_24-484x1024.webp 484w, https:\/\/ac-truck.com\/wp-content\/uploads\/2025\/12\/\u6d17\u626b\u8f66\u8be6\u60c5\u9875_24-768x1623.webp 768w, https:\/\/ac-truck.com\/wp-content\/uploads\/2025\/12\/\u6d17\u626b\u8f66\u8be6\u60c5\u9875_24-727x1536.webp 727w, https:\/\/ac-truck.com\/wp-content\/uploads\/2025\/12\/\u6d17\u626b\u8f66\u8be6\u60c5\u9875_24-6x12.webp 6w, https:\/\/ac-truck.com\/wp-content\/uploads\/2025\/12\/\u6d17\u626b\u8f66\u8be6\u60c5\u9875_24-600x1268.webp 600w, https:\/\/ac-truck.com\/wp-content\/uploads\/2025\/12\/\u6d17\u626b\u8f66\u8be6\u60c5\u9875_24-150x317.webp 150w\" alt=\"\" width=\"1234\" height=\"2609\" \/><\/p>","protected":false},"excerpt":{"rendered":"<p>PRODUCT PARAMETERS 9m\u00b3 Road Sweeper Truck JAC &nbsp; project Descriptions Specifications General Overall dimensions(mm) 7100\u00d72380\u00d72700 curb weight(Kg) 7120 Loading capacity(Kg)<\/p>","protected":false},"featured_media":6726,"template":"","meta":[],"product_brand":[227],"product_cat":[193],"product_tag":[224,229,340,342],"class_list":{"0":"post-6723","1":"product","2":"type-product","3":"status-publish","4":"has-post-thumbnail","6":"product_brand-jac","7":"product_cat-road-sweeper","8":"product_tag-truck-mounted-sweepers","9":"product_tag-road-sweeper-truck","10":"product_tag-street-sweeper-truck","11":"product_tag-9m","13":"first","14":"instock","15":"shipping-taxable","16":"product-type-simple"},"_links":{"self":[{"href":"https:\/\/ac-truck.com\/fr\/wp-json\/wp\/v2\/product\/6723","targetHints":{"allow":["GET"]}}],"collection":[{"href":"https:\/\/ac-truck.com\/fr\/wp-json\/wp\/v2\/product"}],"about":[{"href":"https:\/\/ac-truck.com\/fr\/wp-json\/wp\/v2\/types\/product"}],"version-history":[{"count":1,"href":"https:\/\/ac-truck.com\/fr\/wp-json\/wp\/v2\/product\/6723\/revisions"}],"predecessor-version":[{"id":6732,"href":"https:\/\/ac-truck.com\/fr\/wp-json\/wp\/v2\/product\/6723\/revisions\/6732"}],"wp:featuredmedia":[{"embeddable":true,"href":"https:\/\/ac-truck.com\/fr\/wp-json\/wp\/v2\/media\/6726"}],"wp:attachment":[{"href":"https:\/\/ac-truck.com\/fr\/wp-json\/wp\/v2\/media?parent=6723"}],"wp:term":[{"taxonomy":"product_brand","embeddable":true,"href":"https:\/\/ac-truck.com\/fr\/wp-json\/wp\/v2\/product_brand?post=6723"},{"taxonomy":"product_cat","embeddable":true,"href":"https:\/\/ac-truck.com\/fr\/wp-json\/wp\/v2\/product_cat?post=6723"},{"taxonomy":"product_tag","embeddable":true,"href":"https:\/\/ac-truck.com\/fr\/wp-json\/wp\/v2\/product_tag?post=6723"}],"curies":[{"name":"wp","href":"https:\/\/api.w.org\/{rel}","templated":true}]}}