{"id":6822,"date":"2025-12-23T13:30:36","date_gmt":"2025-12-23T05:30:36","guid":{"rendered":"https:\/\/ac-truck.com\/?post_type=product&#038;p=6822"},"modified":"2025-12-23T13:30:36","modified_gmt":"2025-12-23T05:30:36","slug":"14500l-milk-tank-truck-isuzu","status":"publish","type":"product","link":"https:\/\/ac-truck.com\/fr\/14500l-milk-tank-truck-isuzu.html","title":{"rendered":"Camion-citerne \u00e0 lait ISUZU de 14500 litres"},"content":{"rendered":"<p><img fetchpriority=\"high\" decoding=\"async\" class=\"aligncenter wp-image-6823\" src=\"https:\/\/ac-truck.com\/wp-content\/uploads\/2025\/12\/\u9c9c\u5976\u8fd0\u8f93\u8f66\u8be6\u60c5\u9875_01.webp\" alt=\"\" width=\"1234\" height=\"1601\" srcset=\"https:\/\/ac-truck.com\/wp-content\/uploads\/2025\/12\/\u9c9c\u5976\u8fd0\u8f93\u8f66\u8be6\u60c5\u9875_01.webp 790w, https:\/\/ac-truck.com\/wp-content\/uploads\/2025\/12\/\u9c9c\u5976\u8fd0\u8f93\u8f66\u8be6\u60c5\u9875_01-231x300.webp 231w, https:\/\/ac-truck.com\/wp-content\/uploads\/2025\/12\/\u9c9c\u5976\u8fd0\u8f93\u8f66\u8be6\u60c5\u9875_01-768x996.webp 768w, https:\/\/ac-truck.com\/wp-content\/uploads\/2025\/12\/\u9c9c\u5976\u8fd0\u8f93\u8f66\u8be6\u60c5\u9875_01-9x12.webp 9w, https:\/\/ac-truck.com\/wp-content\/uploads\/2025\/12\/\u9c9c\u5976\u8fd0\u8f93\u8f66\u8be6\u60c5\u9875_01-600x778.webp 600w, https:\/\/ac-truck.com\/wp-content\/uploads\/2025\/12\/\u9c9c\u5976\u8fd0\u8f93\u8f66\u8be6\u60c5\u9875_01-150x195.webp 150w\" sizes=\"(max-width: 1234px) 100vw, 1234px\" \/><\/p>\n<h1 style=\"text-align: center;\">PARAM\u00c8TRES DU PRODUIT<\/h1>\n<p><img decoding=\"async\" class=\"aligncenter wp-image-6824\" src=\"https:\/\/ac-truck.com\/wp-content\/uploads\/2025\/12\/\u9c9c\u5976\u8fd0\u8f93\u8f66\u8be6\u60c5\u9875_03.webp\" alt=\"\" width=\"1234\" height=\"484\" srcset=\"https:\/\/ac-truck.com\/wp-content\/uploads\/2025\/12\/\u9c9c\u5976\u8fd0\u8f93\u8f66\u8be6\u60c5\u9875_03.webp 790w, https:\/\/ac-truck.com\/wp-content\/uploads\/2025\/12\/\u9c9c\u5976\u8fd0\u8f93\u8f66\u8be6\u60c5\u9875_03-300x118.webp 300w, https:\/\/ac-truck.com\/wp-content\/uploads\/2025\/12\/\u9c9c\u5976\u8fd0\u8f93\u8f66\u8be6\u60c5\u9875_03-768x301.webp 768w, https:\/\/ac-truck.com\/wp-content\/uploads\/2025\/12\/\u9c9c\u5976\u8fd0\u8f93\u8f66\u8be6\u60c5\u9875_03-18x7.webp 18w, https:\/\/ac-truck.com\/wp-content\/uploads\/2025\/12\/\u9c9c\u5976\u8fd0\u8f93\u8f66\u8be6\u60c5\u9875_03-600x235.webp 600w, https:\/\/ac-truck.com\/wp-content\/uploads\/2025\/12\/\u9c9c\u5976\u8fd0\u8f93\u8f66\u8be6\u60c5\u9875_03-150x59.webp 150w\" sizes=\"(max-width: 1234px) 100vw, 1234px\" \/><\/p>\n<h2 style=\"text-align: center;\">Camion-citerne \u00e0 lait ISUZU de 14500 litres<\/h2>\n<p>&nbsp;<\/p>\n<table>\n<tbody>\n<tr>\n<td width=\"86\"><strong>projet<\/strong><\/td>\n<td width=\"296\"><strong>Descriptions<\/strong><\/td>\n<td width=\"317\"><strong>Caract\u00e9ristiques<\/strong><\/td>\n<\/tr>\n<tr>\n<td rowspan=\"4\" width=\"86\"><strong>G\u00e9n\u00e9ral<\/strong><\/td>\n<td width=\"296\"><strong>Dimensions hors tout (mm)<\/strong><\/td>\n<td width=\"317\"><strong>8990*2550*3650<\/strong><\/td>\n<\/tr>\n<tr>\n<td width=\"296\"><strong>poids \u00e0 vide (kg)<\/strong><\/td>\n<td width=\"317\"><strong>10900<\/strong><\/td>\n<\/tr>\n<tr>\n<td width=\"296\"><strong>Capacit\u00e9 de charge (kg)<\/strong><\/td>\n<td width=\"317\"><strong>14100<\/strong><\/td>\n<\/tr>\n<tr>\n<td width=\"296\"><strong>Masse totale (kg)<\/strong><\/td>\n<td width=\"317\"><strong>25000<\/strong><\/td>\n<\/tr>\n<tr>\n<td rowspan=\"3\" width=\"86\"><strong>Corps<\/strong><\/td>\n<td width=\"296\"><strong>Volume du r\u00e9servoir (m\u00b3)<\/strong><\/td>\n<td width=\"317\"><strong>14.5<\/strong><\/td>\n<\/tr>\n<tr>\n<td width=\"296\"><strong>Mat\u00e9riau du r\u00e9servoir<\/strong><\/td>\n<td width=\"317\"><strong>SUS304-2B<\/strong><\/td>\n<\/tr>\n<tr>\n<td width=\"296\"><strong>Temperature control performance<\/strong><\/td>\n<td width=\"317\"><strong>Temperature not exceeding 2\u2103 in 24 hours<\/strong><\/td>\n<\/tr>\n<tr>\n<td rowspan=\"7\" width=\"86\"><strong>Ch\u00e2ssis<\/strong><\/p>\n<p>&nbsp;<\/td>\n<td width=\"296\"><strong>Marque du ch\u00e2ssis<\/strong><\/td>\n<td width=\"317\"><strong>ISUZU<\/strong><\/td>\n<\/tr>\n<tr>\n<td width=\"296\"><strong>Formulaire de conducteur<\/strong><\/td>\n<td width=\"317\"><strong>6*4<\/strong><\/td>\n<\/tr>\n<tr>\n<td width=\"296\"><strong>Volant<\/strong><\/td>\n<td width=\"317\"><strong>Conduite \u00e0 gauche<\/strong><\/td>\n<\/tr>\n<tr>\n<td width=\"296\"><strong>Marque et mod\u00e8le du moteur<\/strong><\/td>\n<td width=\"317\"><strong>6UZ1-TCG61<\/strong><\/td>\n<\/tr>\n<tr>\n<td width=\"296\"><strong>Puissance maximale du moteur (kW)<\/strong><\/td>\n<td width=\"317\"><strong>279<\/strong><\/td>\n<\/tr>\n<tr>\n<td width=\"296\"><strong>Normes d&#039;\u00e9mission<\/strong><\/td>\n<td width=\"317\"><strong>Euro 6<\/strong><\/td>\n<\/tr>\n<tr>\n<td width=\"296\"><strong>Bo\u00eete de vitesse<\/strong><\/td>\n<td width=\"317\"><strong>bo\u00eete de vitesses \u00e0 12 rapports<\/strong><\/td>\n<\/tr>\n<\/tbody>\n<\/table>\n<h1 style=\"text-align: center;\">AVANTAGES DU V\u00c9HICULE<\/h1>\n<h5 style=\"text-align: center;\">PROCESSUS DE PRODUCTION DES R\u00c9SERVOIRS<\/h5>\n<p><img decoding=\"async\" class=\"aligncenter wp-image-6825\" src=\"https:\/\/ac-truck.com\/wp-content\/uploads\/2025\/12\/\u9c9c\u5976\u8fd0\u8f93\u8f66\u8be6\u60c5\u9875_05.webp\" alt=\"\" width=\"1234\" height=\"2607\" srcset=\"https:\/\/ac-truck.com\/wp-content\/uploads\/2025\/12\/\u9c9c\u5976\u8fd0\u8f93\u8f66\u8be6\u60c5\u9875_05.webp 790w, https:\/\/ac-truck.com\/wp-content\/uploads\/2025\/12\/\u9c9c\u5976\u8fd0\u8f93\u8f66\u8be6\u60c5\u9875_05-142x300.webp 142w, https:\/\/ac-truck.com\/wp-content\/uploads\/2025\/12\/\u9c9c\u5976\u8fd0\u8f93\u8f66\u8be6\u60c5\u9875_05-485x1024.webp 485w, https:\/\/ac-truck.com\/wp-content\/uploads\/2025\/12\/\u9c9c\u5976\u8fd0\u8f93\u8f66\u8be6\u60c5\u9875_05-768x1623.webp 768w, https:\/\/ac-truck.com\/wp-content\/uploads\/2025\/12\/\u9c9c\u5976\u8fd0\u8f93\u8f66\u8be6\u60c5\u9875_05-727x1536.webp 727w, https:\/\/ac-truck.com\/wp-content\/uploads\/2025\/12\/\u9c9c\u5976\u8fd0\u8f93\u8f66\u8be6\u60c5\u9875_05-6x12.webp 6w, https:\/\/ac-truck.com\/wp-content\/uploads\/2025\/12\/\u9c9c\u5976\u8fd0\u8f93\u8f66\u8be6\u60c5\u9875_05-600x1268.webp 600w, https:\/\/ac-truck.com\/wp-content\/uploads\/2025\/12\/\u9c9c\u5976\u8fd0\u8f93\u8f66\u8be6\u60c5\u9875_05-150x317.webp 150w\" sizes=\"(max-width: 1234px) 100vw, 1234px\" \/><\/p>\n<p><strong>1. Technologie de moulage int\u00e9gr\u00e9e : Le r\u00e9servoir est fabriqu\u00e9 en acier inoxydable haute r\u00e9sistance et est form\u00e9 en une seule pi\u00e8ce gr\u00e2ce \u00e0 des machines de laminage de t\u00f4les de grande taille, des machines de soudage automatiques et d'autres \u00e9quipements. Avec moins de soudures, sa surface est lisse et plane, ce qui r\u00e9duit consid\u00e9rablement les zones difficiles \u00e0 nettoyer.<\/strong><br \/>\n<strong>2. Proc\u00e9d\u00e9 de passivation avanc\u00e9 : Le film de passivation est extr\u00eamement stable. Il forme une couche d'oxyde \u00e0 la surface de l'acier inoxydable, emp\u00eachant ainsi la cuve de rouiller. Il r\u00e9siste aux l\u00e9gers frottements pendant le transport et aux chocs li\u00e9s au nettoyage, prolongeant ainsi la dur\u00e9e de vie de la cuve.<\/strong><br \/>\n<strong>3. Multi &#8211; layer Insulation Structure Design:The &#8220;polyurethane integral foaming&#8221; process is adopted. With excellentthermal insulation performance, it ensures that the milk remains in therefrigerated state of0 -4\u00b0C throughout the whole process, maximizingfreshness.<\/strong><br \/>\n<strong>4. CIP System Integrated Design:Pipelines and interfaces for ClP cleaning balls are pre &#8211; installed in theproduction process. This ensures 360 _degree spray coverage withoutdead angles,enabling automatic and high -standard cleaning and disin-fection, and preventing cross -contamination between batches.<\/strong><\/p>\n<h1 style=\"text-align: center;\">CONCEPTION STRUCTURELLE ET S\u00c9CURIT\u00c9<\/h1>\n<p><img loading=\"lazy\" decoding=\"async\" class=\"aligncenter wp-image-6826\" src=\"https:\/\/ac-truck.com\/wp-content\/uploads\/2025\/12\/\u9c9c\u5976\u8fd0\u8f93\u8f66\u8be6\u60c5\u9875_07.webp\" alt=\"\" width=\"1234\" height=\"1036\" srcset=\"https:\/\/ac-truck.com\/wp-content\/uploads\/2025\/12\/\u9c9c\u5976\u8fd0\u8f93\u8f66\u8be6\u60c5\u9875_07.webp 790w, https:\/\/ac-truck.com\/wp-content\/uploads\/2025\/12\/\u9c9c\u5976\u8fd0\u8f93\u8f66\u8be6\u60c5\u9875_07-300x252.webp 300w, https:\/\/ac-truck.com\/wp-content\/uploads\/2025\/12\/\u9c9c\u5976\u8fd0\u8f93\u8f66\u8be6\u60c5\u9875_07-768x645.webp 768w, https:\/\/ac-truck.com\/wp-content\/uploads\/2025\/12\/\u9c9c\u5976\u8fd0\u8f93\u8f66\u8be6\u60c5\u9875_07-14x12.webp 14w, https:\/\/ac-truck.com\/wp-content\/uploads\/2025\/12\/\u9c9c\u5976\u8fd0\u8f93\u8f66\u8be6\u60c5\u9875_07-600x504.webp 600w, https:\/\/ac-truck.com\/wp-content\/uploads\/2025\/12\/\u9c9c\u5976\u8fd0\u8f93\u8f66\u8be6\u60c5\u9875_07-150x126.webp 150w\" sizes=\"(max-width: 1234px) 100vw, 1234px\" \/><\/p>\n<p><strong>1.High -strength steel: While ensuring load &#8211; bearing capacity and rigidi-ty, it reduces the self &#8211; weight.<\/strong><br \/>\n<strong>2. Hydro &#8211; formed head: lt is formed in one piece without welds,avoidingstress concentration issues. The structural strength is increased by morethan 30% compared to the spliced -type.<\/strong><br \/>\n<strong>3. Soudage automatique par robot : Il offre une grande pr\u00e9cision et une excellente stabilit\u00e9 de soudage, am\u00e9liorant ainsi la r\u00e9sistance structurelle et l'\u00e9tanch\u00e9it\u00e9.<\/strong><br \/>\n<strong>4.Tank stiffeners: They strengthen the tank&#8217;s rigidity while maintainingthe advantage of light weight.<\/strong><\/p>\n<h1 style=\"text-align: center;\">Conception \u00e0 centre de gravit\u00e9 bas et \u00e0 haute stabilit\u00e9<\/h1>\n<p><img loading=\"lazy\" decoding=\"async\" class=\"aligncenter wp-image-6827\" src=\"https:\/\/ac-truck.com\/wp-content\/uploads\/2025\/12\/\u9c9c\u5976\u8fd0\u8f93\u8f66\u8be6\u60c5\u9875_09.webp\" alt=\"\" width=\"1234\" height=\"2371\" srcset=\"https:\/\/ac-truck.com\/wp-content\/uploads\/2025\/12\/\u9c9c\u5976\u8fd0\u8f93\u8f66\u8be6\u60c5\u9875_09.webp 790w, https:\/\/ac-truck.com\/wp-content\/uploads\/2025\/12\/\u9c9c\u5976\u8fd0\u8f93\u8f66\u8be6\u60c5\u9875_09-156x300.webp 156w, https:\/\/ac-truck.com\/wp-content\/uploads\/2025\/12\/\u9c9c\u5976\u8fd0\u8f93\u8f66\u8be6\u60c5\u9875_09-533x1024.webp 533w, https:\/\/ac-truck.com\/wp-content\/uploads\/2025\/12\/\u9c9c\u5976\u8fd0\u8f93\u8f66\u8be6\u60c5\u9875_09-768x1476.webp 768w, https:\/\/ac-truck.com\/wp-content\/uploads\/2025\/12\/\u9c9c\u5976\u8fd0\u8f93\u8f66\u8be6\u60c5\u9875_09-6x12.webp 6w, https:\/\/ac-truck.com\/wp-content\/uploads\/2025\/12\/\u9c9c\u5976\u8fd0\u8f93\u8f66\u8be6\u60c5\u9875_09-600x1153.webp 600w, https:\/\/ac-truck.com\/wp-content\/uploads\/2025\/12\/\u9c9c\u5976\u8fd0\u8f93\u8f66\u8be6\u60c5\u9875_09-150x288.webp 150w\" sizes=\"(max-width: 1234px) 100vw, 1234px\" \/><\/p>\n<p><strong>1.Oval &#8211; shaped tank design: Through the design of an oval cross &#8211; sec-tion, the center of gravity is lowered, the force distribution is optimized,and the space is utilized more effectively, enhancing the driving stabilityand safety of the vehicle.<\/strong><br \/>\n<strong>2. Conception \u00e0 compartiments : elle permet le transport ind\u00e9pendant de plusieurs lots, ajuste la capacit\u00e9 de transport de mani\u00e8re flexible et garantit la qualit\u00e9 stable du lait frais.<\/strong><br \/>\n<strong>3. Anti &#8211; wave plates: With the reasonable layout of anti &#8211; wave platesinside the tank, it effectively suppresses the violent sloshing of freshmilk during transportation, balancing the stability, light weight, and hy-giene of the tank.<\/strong><\/p>\n<h1 style=\"text-align: center;\">CONCEPTION MODULAIRE ET STANDARDIS\u00c9E<\/h1>\n<p><img loading=\"lazy\" decoding=\"async\" class=\"aligncenter wp-image-6828\" src=\"https:\/\/ac-truck.com\/wp-content\/uploads\/2025\/12\/\u9c9c\u5976\u8fd0\u8f93\u8f66\u8be6\u60c5\u9875_11.webp\" alt=\"\" width=\"1234\" height=\"1593\" srcset=\"https:\/\/ac-truck.com\/wp-content\/uploads\/2025\/12\/\u9c9c\u5976\u8fd0\u8f93\u8f66\u8be6\u60c5\u9875_11.webp 790w, https:\/\/ac-truck.com\/wp-content\/uploads\/2025\/12\/\u9c9c\u5976\u8fd0\u8f93\u8f66\u8be6\u60c5\u9875_11-232x300.webp 232w, https:\/\/ac-truck.com\/wp-content\/uploads\/2025\/12\/\u9c9c\u5976\u8fd0\u8f93\u8f66\u8be6\u60c5\u9875_11-768x992.webp 768w, https:\/\/ac-truck.com\/wp-content\/uploads\/2025\/12\/\u9c9c\u5976\u8fd0\u8f93\u8f66\u8be6\u60c5\u9875_11-9x12.webp 9w, https:\/\/ac-truck.com\/wp-content\/uploads\/2025\/12\/\u9c9c\u5976\u8fd0\u8f93\u8f66\u8be6\u60c5\u9875_11-600x775.webp 600w, https:\/\/ac-truck.com\/wp-content\/uploads\/2025\/12\/\u9c9c\u5976\u8fd0\u8f93\u8f66\u8be6\u60c5\u9875_11-150x194.webp 150w\" sizes=\"(max-width: 1234px) 100vw, 1234px\" \/><\/p>\n<p><strong>1. Verrouillage de s\u00e9curit\u00e9 int\u00e9gr\u00e9 : Il contr\u00f4le les autorisations de fonctionnement, pr\u00e9vient les risques de fuite et assure la s\u00e9curit\u00e9 du personnel.<\/strong><br \/>\n<strong>2. Anti &#8211; slip walkway on the upper platform: Features strong anti &#8211; slipperformance, load -bearing capacity and durability, and is suitable forsafety protection.<\/strong><\/p>\n<h1 style=\"text-align: center;\">EFFICACE ET HYGI\u00c9NIQUE<br \/>\nSYST\u00c8ME DE CHARGEMENT ET DE D\u00c9CHARGEMENT<\/h1>\n<p><img loading=\"lazy\" decoding=\"async\" class=\"aligncenter wp-image-6829\" src=\"https:\/\/ac-truck.com\/wp-content\/uploads\/2025\/12\/\u9c9c\u5976\u8fd0\u8f93\u8f66\u8be6\u60c5\u9875_13.webp\" alt=\"\" width=\"1234\" height=\"1368\" srcset=\"https:\/\/ac-truck.com\/wp-content\/uploads\/2025\/12\/\u9c9c\u5976\u8fd0\u8f93\u8f66\u8be6\u60c5\u9875_13.webp 790w, https:\/\/ac-truck.com\/wp-content\/uploads\/2025\/12\/\u9c9c\u5976\u8fd0\u8f93\u8f66\u8be6\u60c5\u9875_13-271x300.webp 271w, https:\/\/ac-truck.com\/wp-content\/uploads\/2025\/12\/\u9c9c\u5976\u8fd0\u8f93\u8f66\u8be6\u60c5\u9875_13-768x852.webp 768w, https:\/\/ac-truck.com\/wp-content\/uploads\/2025\/12\/\u9c9c\u5976\u8fd0\u8f93\u8f66\u8be6\u60c5\u9875_13-11x12.webp 11w, https:\/\/ac-truck.com\/wp-content\/uploads\/2025\/12\/\u9c9c\u5976\u8fd0\u8f93\u8f66\u8be6\u60c5\u9875_13-600x665.webp 600w, https:\/\/ac-truck.com\/wp-content\/uploads\/2025\/12\/\u9c9c\u5976\u8fd0\u8f93\u8f66\u8be6\u60c5\u9875_13-150x166.webp 150w\" sizes=\"(max-width: 1234px) 100vw, 1234px\" \/><\/p>\n<p><strong>1. Entr\u00e9e de lait : Elle adopte une conception \u00e0 large ouverture \u00e9vas\u00e9e, avec un rebord de guidage anti-d\u00e9bordement, ce qui facilite le raccordement rapide des \u00e9quipements de traite dans l'\u00e9levage et r\u00e9duit les pertes par \u00e9claboussures pendant l'alimentation.<\/strong><br \/>\n<strong>2. Sortie de lait : elle utilise un canal de d\u00e9charge inclin\u00e9, \u00e9quip\u00e9 d'un raccord rapide de grand diam\u00e8tre, et la vitesse de d\u00e9chargement est 20 % plus rapide que celle des interfaces ordinaires.<\/strong><br \/>\n<strong>3. Conception de la tr\u00e9mie \u00e0 lait : La tr\u00e9mie est en forme d'entonnoir, assurant des fonctions de transition et de tampon, et convient \u00e0 la filtration et \u00e0 la purification.<\/strong><br \/>\n<strong>4. Loading and unloading nozzles: Standardized quick -connect jointsare adopted, which are leak -proof, loss &#8211; free, hygienic and leave no res-idue.<\/strong><\/p>\n<h1 style=\"text-align: center;\">PROCESSUS DE PRODUCTION<\/h1>\n<p><img loading=\"lazy\" decoding=\"async\" class=\"aligncenter wp-image-6830\" src=\"https:\/\/ac-truck.com\/wp-content\/uploads\/2025\/12\/\u9c9c\u5976\u8fd0\u8f93\u8f66\u8be6\u60c5\u9875_15.webp\" alt=\"\" width=\"1234\" height=\"2998\" srcset=\"https:\/\/ac-truck.com\/wp-content\/uploads\/2025\/12\/\u9c9c\u5976\u8fd0\u8f93\u8f66\u8be6\u60c5\u9875_15.webp 790w, https:\/\/ac-truck.com\/wp-content\/uploads\/2025\/12\/\u9c9c\u5976\u8fd0\u8f93\u8f66\u8be6\u60c5\u9875_15-124x300.webp 124w, https:\/\/ac-truck.com\/wp-content\/uploads\/2025\/12\/\u9c9c\u5976\u8fd0\u8f93\u8f66\u8be6\u60c5\u9875_15-422x1024.webp 422w, https:\/\/ac-truck.com\/wp-content\/uploads\/2025\/12\/\u9c9c\u5976\u8fd0\u8f93\u8f66\u8be6\u60c5\u9875_15-768x1866.webp 768w, https:\/\/ac-truck.com\/wp-content\/uploads\/2025\/12\/\u9c9c\u5976\u8fd0\u8f93\u8f66\u8be6\u60c5\u9875_15-632x1536.webp 632w, https:\/\/ac-truck.com\/wp-content\/uploads\/2025\/12\/\u9c9c\u5976\u8fd0\u8f93\u8f66\u8be6\u60c5\u9875_15-5x12.webp 5w, https:\/\/ac-truck.com\/wp-content\/uploads\/2025\/12\/\u9c9c\u5976\u8fd0\u8f93\u8f66\u8be6\u60c5\u9875_15-600x1457.webp 600w, https:\/\/ac-truck.com\/wp-content\/uploads\/2025\/12\/\u9c9c\u5976\u8fd0\u8f93\u8f66\u8be6\u60c5\u9875_15-150x364.webp 150w\" sizes=\"(max-width: 1234px) 100vw, 1234px\" \/> <img loading=\"lazy\" decoding=\"async\" class=\"aligncenter wp-image-6831\" src=\"https:\/\/ac-truck.com\/wp-content\/uploads\/2025\/12\/\u9c9c\u5976\u8fd0\u8f93\u8f66\u8be6\u60c5\u9875_16.webp\" alt=\"\" width=\"1234\" height=\"2968\" srcset=\"https:\/\/ac-truck.com\/wp-content\/uploads\/2025\/12\/\u9c9c\u5976\u8fd0\u8f93\u8f66\u8be6\u60c5\u9875_16.webp 790w, https:\/\/ac-truck.com\/wp-content\/uploads\/2025\/12\/\u9c9c\u5976\u8fd0\u8f93\u8f66\u8be6\u60c5\u9875_16-125x300.webp 125w, https:\/\/ac-truck.com\/wp-content\/uploads\/2025\/12\/\u9c9c\u5976\u8fd0\u8f93\u8f66\u8be6\u60c5\u9875_16-426x1024.webp 426w, https:\/\/ac-truck.com\/wp-content\/uploads\/2025\/12\/\u9c9c\u5976\u8fd0\u8f93\u8f66\u8be6\u60c5\u9875_16-768x1847.webp 768w, https:\/\/ac-truck.com\/wp-content\/uploads\/2025\/12\/\u9c9c\u5976\u8fd0\u8f93\u8f66\u8be6\u60c5\u9875_16-639x1536.webp 639w, https:\/\/ac-truck.com\/wp-content\/uploads\/2025\/12\/\u9c9c\u5976\u8fd0\u8f93\u8f66\u8be6\u60c5\u9875_16-5x12.webp 5w, https:\/\/ac-truck.com\/wp-content\/uploads\/2025\/12\/\u9c9c\u5976\u8fd0\u8f93\u8f66\u8be6\u60c5\u9875_16-600x1443.webp 600w, https:\/\/ac-truck.com\/wp-content\/uploads\/2025\/12\/\u9c9c\u5976\u8fd0\u8f93\u8f66\u8be6\u60c5\u9875_16-150x361.webp 150w\" sizes=\"(max-width: 1234px) 100vw, 1234px\" \/><\/p>\n<p><strong>1. Pr\u00e9paration des mat\u00e9riaux pour le laminage des r\u00e9servoirs.<\/strong><br \/>\n<strong>2. Moulage int\u00e9gral du corps du r\u00e9servoir.<\/strong><br \/>\n<strong>3. Soudage et formage robotis\u00e9s<\/strong><br \/>\n<strong>4. Enveloppement complet avec un mat\u00e9riau isolant haute densit\u00e9.<\/strong><br \/>\n<strong>5. Couverture compl\u00e8te de la couche protectrice ext\u00e9rieure en acier inoxydable.<\/strong><br \/>\n<strong>6. Soudage des accessoires de v\u00e9hicules<\/strong><br \/>\n<strong>7. Assemblage g\u00e9n\u00e9ral du v\u00e9hicule<\/strong><br \/>\n<strong>8. Ach\u00e8vement de la production du v\u00e9hicule complet.<\/strong><\/p>\n<h1 style=\"text-align: center;\">SC\u00c9NARIOS D'APPLICATION<\/h1>\n<p><img loading=\"lazy\" decoding=\"async\" class=\"aligncenter wp-image-6832\" src=\"https:\/\/ac-truck.com\/wp-content\/uploads\/2025\/12\/\u9c9c\u5976\u8fd0\u8f93\u8f66\u8be6\u60c5\u9875_18.webp\" alt=\"\" width=\"1234\" height=\"2449\" srcset=\"https:\/\/ac-truck.com\/wp-content\/uploads\/2025\/12\/\u9c9c\u5976\u8fd0\u8f93\u8f66\u8be6\u60c5\u9875_18.webp 790w, https:\/\/ac-truck.com\/wp-content\/uploads\/2025\/12\/\u9c9c\u5976\u8fd0\u8f93\u8f66\u8be6\u60c5\u9875_18-151x300.webp 151w, https:\/\/ac-truck.com\/wp-content\/uploads\/2025\/12\/\u9c9c\u5976\u8fd0\u8f93\u8f66\u8be6\u60c5\u9875_18-516x1024.webp 516w, https:\/\/ac-truck.com\/wp-content\/uploads\/2025\/12\/\u9c9c\u5976\u8fd0\u8f93\u8f66\u8be6\u60c5\u9875_18-768x1524.webp 768w, https:\/\/ac-truck.com\/wp-content\/uploads\/2025\/12\/\u9c9c\u5976\u8fd0\u8f93\u8f66\u8be6\u60c5\u9875_18-774x1536.webp 774w, https:\/\/ac-truck.com\/wp-content\/uploads\/2025\/12\/\u9c9c\u5976\u8fd0\u8f93\u8f66\u8be6\u60c5\u9875_18-6x12.webp 6w, https:\/\/ac-truck.com\/wp-content\/uploads\/2025\/12\/\u9c9c\u5976\u8fd0\u8f93\u8f66\u8be6\u60c5\u9875_18-600x1191.webp 600w, https:\/\/ac-truck.com\/wp-content\/uploads\/2025\/12\/\u9c9c\u5976\u8fd0\u8f93\u8f66\u8be6\u60c5\u9875_18-150x298.webp 150w\" sizes=\"(max-width: 1234px) 100vw, 1234px\" \/><\/p>\n<h1 style=\"text-align: center;\">EMBALLAGE ET TRANSPORT<\/h1>\n<p><img loading=\"lazy\" decoding=\"async\" class=\"aligncenter wp-image-6833\" src=\"https:\/\/ac-truck.com\/wp-content\/uploads\/2025\/12\/\u9c9c\u5976\u8fd0\u8f93\u8f66\u8be6\u60c5\u9875_20.webp\" alt=\"\" width=\"1234\" height=\"2349\" srcset=\"https:\/\/ac-truck.com\/wp-content\/uploads\/2025\/12\/\u9c9c\u5976\u8fd0\u8f93\u8f66\u8be6\u60c5\u9875_20.webp 790w, https:\/\/ac-truck.com\/wp-content\/uploads\/2025\/12\/\u9c9c\u5976\u8fd0\u8f93\u8f66\u8be6\u60c5\u9875_20-158x300.webp 158w, https:\/\/ac-truck.com\/wp-content\/uploads\/2025\/12\/\u9c9c\u5976\u8fd0\u8f93\u8f66\u8be6\u60c5\u9875_20-538x1024.webp 538w, https:\/\/ac-truck.com\/wp-content\/uploads\/2025\/12\/\u9c9c\u5976\u8fd0\u8f93\u8f66\u8be6\u60c5\u9875_20-768x1462.webp 768w, https:\/\/ac-truck.com\/wp-content\/uploads\/2025\/12\/\u9c9c\u5976\u8fd0\u8f93\u8f66\u8be6\u60c5\u9875_20-6x12.webp 6w, https:\/\/ac-truck.com\/wp-content\/uploads\/2025\/12\/\u9c9c\u5976\u8fd0\u8f93\u8f66\u8be6\u60c5\u9875_20-600x1142.webp 600w, https:\/\/ac-truck.com\/wp-content\/uploads\/2025\/12\/\u9c9c\u5976\u8fd0\u8f93\u8f66\u8be6\u60c5\u9875_20-150x286.webp 150w\" sizes=\"(max-width: 1234px) 100vw, 1234px\" \/><\/p>","protected":false},"excerpt":{"rendered":"<p>PRODUCT PARAMETERS 14500L Milk Tank Truck ISUZU &nbsp; project Descriptions Specifications General Overall dimensions(mm) 8990*2550*3650 curb weight(Kg) 10900 Loading capacity(Kg)<\/p>","protected":false},"featured_media":6834,"template":"","meta":[],"product_brand":[213],"product_cat":[345],"product_tag":[346,347,348,349],"class_list":{"0":"post-6822","1":"product","2":"type-product","3":"status-publish","4":"has-post-thumbnail","6":"product_brand-isuzu","7":"product_cat-milk-tank-trucks","8":"product_tag-milk-tank-truck","9":"product_tag-milk-transport-truck","10":"product_tag-milk-collection-truck","11":"product_tag-14-5m","13":"first","14":"instock","15":"shipping-taxable","16":"product-type-simple"},"_links":{"self":[{"href":"https:\/\/ac-truck.com\/fr\/wp-json\/wp\/v2\/product\/6822","targetHints":{"allow":["GET"]}}],"collection":[{"href":"https:\/\/ac-truck.com\/fr\/wp-json\/wp\/v2\/product"}],"about":[{"href":"https:\/\/ac-truck.com\/fr\/wp-json\/wp\/v2\/types\/product"}],"version-history":[{"count":1,"href":"https:\/\/ac-truck.com\/fr\/wp-json\/wp\/v2\/product\/6822\/revisions"}],"predecessor-version":[{"id":6840,"href":"https:\/\/ac-truck.com\/fr\/wp-json\/wp\/v2\/product\/6822\/revisions\/6840"}],"wp:featuredmedia":[{"embeddable":true,"href":"https:\/\/ac-truck.com\/fr\/wp-json\/wp\/v2\/media\/6834"}],"wp:attachment":[{"href":"https:\/\/ac-truck.com\/fr\/wp-json\/wp\/v2\/media?parent=6822"}],"wp:term":[{"taxonomy":"product_brand","embeddable":true,"href":"https:\/\/ac-truck.com\/fr\/wp-json\/wp\/v2\/product_brand?post=6822"},{"taxonomy":"product_cat","embeddable":true,"href":"https:\/\/ac-truck.com\/fr\/wp-json\/wp\/v2\/product_cat?post=6822"},{"taxonomy":"product_tag","embeddable":true,"href":"https:\/\/ac-truck.com\/fr\/wp-json\/wp\/v2\/product_tag?post=6822"}],"curies":[{"name":"wp","href":"https:\/\/api.w.org\/{rel}","templated":true}]}}