{"id":6918,"date":"2025-12-23T15:14:32","date_gmt":"2025-12-23T07:14:32","guid":{"rendered":"https:\/\/ac-truck.com\/?post_type=product&#038;p=6918"},"modified":"2025-12-23T15:14:32","modified_gmt":"2025-12-23T07:14:32","slug":"22000l-milk-tanker-truck-faw","status":"publish","type":"product","link":"https:\/\/ac-truck.com\/fr\/22000l-milk-tanker-truck-faw.html","title":{"rendered":"Camion-citerne \u00e0 lait de 22 000 litres FAW"},"content":{"rendered":"<p><img fetchpriority=\"high\" decoding=\"async\" class=\"aligncenter wp-image-6919\" src=\"https:\/\/ac-truck.com\/wp-content\/uploads\/2025\/12\/\u4ea7\u54c1\u6d77\u62a5_01-35.webp\" alt=\"\" width=\"1234\" height=\"1601\" srcset=\"https:\/\/ac-truck.com\/wp-content\/uploads\/2025\/12\/\u4ea7\u54c1\u6d77\u62a5_01-35.webp 790w, https:\/\/ac-truck.com\/wp-content\/uploads\/2025\/12\/\u4ea7\u54c1\u6d77\u62a5_01-35-231x300.webp 231w, https:\/\/ac-truck.com\/wp-content\/uploads\/2025\/12\/\u4ea7\u54c1\u6d77\u62a5_01-35-768x996.webp 768w, https:\/\/ac-truck.com\/wp-content\/uploads\/2025\/12\/\u4ea7\u54c1\u6d77\u62a5_01-35-9x12.webp 9w, https:\/\/ac-truck.com\/wp-content\/uploads\/2025\/12\/\u4ea7\u54c1\u6d77\u62a5_01-35-600x778.webp 600w, https:\/\/ac-truck.com\/wp-content\/uploads\/2025\/12\/\u4ea7\u54c1\u6d77\u62a5_01-35-150x195.webp 150w\" sizes=\"(max-width: 1234px) 100vw, 1234px\" \/><\/p>\n<h1 style=\"text-align: center;\">PARAM\u00c8TRES DU PRODUIT<\/h1>\n<p><img decoding=\"async\" class=\"aligncenter wp-image-6920\" src=\"https:\/\/ac-truck.com\/wp-content\/uploads\/2025\/12\/\u4ea7\u54c1\u6d77\u62a5_03-35.webp\" alt=\"\" width=\"1234\" height=\"483\" srcset=\"https:\/\/ac-truck.com\/wp-content\/uploads\/2025\/12\/\u4ea7\u54c1\u6d77\u62a5_03-35.webp 790w, https:\/\/ac-truck.com\/wp-content\/uploads\/2025\/12\/\u4ea7\u54c1\u6d77\u62a5_03-35-300x117.webp 300w, https:\/\/ac-truck.com\/wp-content\/uploads\/2025\/12\/\u4ea7\u54c1\u6d77\u62a5_03-35-768x300.webp 768w, https:\/\/ac-truck.com\/wp-content\/uploads\/2025\/12\/\u4ea7\u54c1\u6d77\u62a5_03-35-18x7.webp 18w, https:\/\/ac-truck.com\/wp-content\/uploads\/2025\/12\/\u4ea7\u54c1\u6d77\u62a5_03-35-600x235.webp 600w, https:\/\/ac-truck.com\/wp-content\/uploads\/2025\/12\/\u4ea7\u54c1\u6d77\u62a5_03-35-150x59.webp 150w\" sizes=\"(max-width: 1234px) 100vw, 1234px\" \/><\/p>\n<h2 style=\"text-align: center;\">Camion-citerne \u00e0 lait de 22 000 litres FAW<\/h2>\n<p>&nbsp;<\/p>\n<table>\n<tbody>\n<tr>\n<td width=\"86\"><strong>projet<\/strong><\/td>\n<td width=\"296\"><strong>Descriptions<\/strong><\/td>\n<td width=\"317\"><strong>Caract\u00e9ristiques<\/strong><\/td>\n<\/tr>\n<tr>\n<td rowspan=\"4\" width=\"86\"><strong>G\u00e9n\u00e9ral\u00a0<\/strong><\/td>\n<td width=\"296\"><strong>Dimensions hors tout (mm)<\/strong><\/td>\n<td width=\"317\"><strong>11200*2500*3360<\/strong><\/td>\n<\/tr>\n<tr>\n<td width=\"296\"><strong>poids \u00e0 vide (kg)<\/strong><\/td>\n<td width=\"317\"><strong>12005<\/strong><\/td>\n<\/tr>\n<tr>\n<td width=\"296\"><strong>Capacit\u00e9 de charge (kg)<\/strong><\/td>\n<td width=\"317\"><strong>18800<\/strong><\/td>\n<\/tr>\n<tr>\n<td width=\"296\"><strong>Masse totale (kg)<\/strong><\/td>\n<td width=\"317\"><strong>31000<\/strong><\/td>\n<\/tr>\n<tr>\n<td rowspan=\"2\" width=\"86\"><strong>Corps<\/strong><\/td>\n<td width=\"296\"><strong>Volume du r\u00e9servoir (m\u00b3)<\/strong><\/td>\n<td width=\"317\"><strong>22<\/strong><\/td>\n<\/tr>\n<tr>\n<td width=\"296\"><strong>Mat\u00e9riau du r\u00e9servoir<\/strong><\/td>\n<td width=\"317\"><strong>SUS304-2B<\/strong><\/td>\n<\/tr>\n<tr>\n<td rowspan=\"7\" width=\"86\"><strong>Ch\u00e2ssis<\/strong><\/p>\n<p>&nbsp;<\/td>\n<td width=\"296\"><strong>Marque du ch\u00e2ssis<\/strong><\/td>\n<td width=\"317\"><strong>CA<\/strong><\/td>\n<\/tr>\n<tr>\n<td width=\"296\"><strong>Formulaire de conducteur<\/strong><\/td>\n<td width=\"317\"><strong>8*4<\/strong><\/td>\n<\/tr>\n<tr>\n<td width=\"296\"><strong>Volant<\/strong><\/td>\n<td width=\"317\"><strong>Conduite \u00e0 gauche<\/strong><\/td>\n<\/tr>\n<tr>\n<td width=\"296\"><strong>Marque et mod\u00e8le du moteur<\/strong><\/td>\n<td width=\"317\"><strong>CA6DLD-29E6<\/strong><\/td>\n<\/tr>\n<tr>\n<td width=\"296\"><strong>Puissance maximale du moteur (kW)<\/strong><\/td>\n<td width=\"317\"><strong>215<\/strong><\/td>\n<\/tr>\n<tr>\n<td width=\"296\"><strong>Normes d&#039;\u00e9mission<\/strong><\/td>\n<td width=\"317\"><strong>Euro 6<\/strong><\/td>\n<\/tr>\n<tr>\n<td width=\"296\"><strong>Bo\u00eete de vitesse<\/strong><\/td>\n<td width=\"317\"><strong>bo\u00eete de vitesses \u00e0 9 rapports<\/strong><\/td>\n<\/tr>\n<\/tbody>\n<\/table>\n<h1 style=\"text-align: center;\">AVANTAGES DU V\u00c9HICULE<\/h1>\n<h5 style=\"text-align: center;\">PROCESSUS DE PRODUCTION DES R\u00c9SERVOIRS<\/h5>\n<p style=\"text-align: center;\"><img decoding=\"async\" class=\"aligncenter wp-image-6825\" src=\"https:\/\/ac-truck.com\/wp-content\/uploads\/2025\/12\/%E9%B2%9C%E5%A5%B6%E8%BF%90%E8%BE%93%E8%BD%A6%E8%AF%A6%E6%83%85%E9%A1%B5_05.webp\" sizes=\"(max-width: 1234px) 100vw, 1234px\" srcset=\"https:\/\/ac-truck.com\/wp-content\/uploads\/2025\/12\/\u9c9c\u5976\u8fd0\u8f93\u8f66\u8be6\u60c5\u9875_05.webp 790w, https:\/\/ac-truck.com\/wp-content\/uploads\/2025\/12\/\u9c9c\u5976\u8fd0\u8f93\u8f66\u8be6\u60c5\u9875_05-142x300.webp 142w, https:\/\/ac-truck.com\/wp-content\/uploads\/2025\/12\/\u9c9c\u5976\u8fd0\u8f93\u8f66\u8be6\u60c5\u9875_05-485x1024.webp 485w, https:\/\/ac-truck.com\/wp-content\/uploads\/2025\/12\/\u9c9c\u5976\u8fd0\u8f93\u8f66\u8be6\u60c5\u9875_05-768x1623.webp 768w, https:\/\/ac-truck.com\/wp-content\/uploads\/2025\/12\/\u9c9c\u5976\u8fd0\u8f93\u8f66\u8be6\u60c5\u9875_05-727x1536.webp 727w, https:\/\/ac-truck.com\/wp-content\/uploads\/2025\/12\/\u9c9c\u5976\u8fd0\u8f93\u8f66\u8be6\u60c5\u9875_05-6x12.webp 6w, https:\/\/ac-truck.com\/wp-content\/uploads\/2025\/12\/\u9c9c\u5976\u8fd0\u8f93\u8f66\u8be6\u60c5\u9875_05-600x1268.webp 600w, https:\/\/ac-truck.com\/wp-content\/uploads\/2025\/12\/\u9c9c\u5976\u8fd0\u8f93\u8f66\u8be6\u60c5\u9875_05-150x317.webp 150w\" alt=\"\" width=\"1234\" height=\"2607\" \/><\/p>\n<p><strong>1. Technologie de moulage int\u00e9gr\u00e9e : Le r\u00e9servoir est fabriqu\u00e9 en acier inoxydable haute r\u00e9sistance et est form\u00e9 en une seule pi\u00e8ce gr\u00e2ce \u00e0 des machines de laminage de t\u00f4les de grande taille, des machines de soudage automatiques et d'autres \u00e9quipements. Avec moins de soudures, sa surface est lisse et plane, ce qui r\u00e9duit consid\u00e9rablement les zones difficiles \u00e0 nettoyer.<\/strong><br \/>\n<strong>2. Proc\u00e9d\u00e9 de passivation avanc\u00e9 : Le film de passivation est extr\u00eamement stable. Il forme une couche d'oxyde \u00e0 la surface de l'acier inoxydable, emp\u00eachant ainsi la cuve de rouiller. Il r\u00e9siste aux l\u00e9gers frottements pendant le transport et aux chocs li\u00e9s au nettoyage, prolongeant ainsi la dur\u00e9e de vie de la cuve.<\/strong><br \/>\n<strong>3. Conception de la structure d'isolation multicouche : Le proc\u00e9d\u00e9 de \u00ab moussage int\u00e9gral de polyur\u00e9thane \u00bb est utilis\u00e9. Gr\u00e2ce \u00e0 ses excellentes performances d'isolation thermique, il garantit que le lait reste \u00e0 une temp\u00e9rature de 0 \u00e0 4 \u00b0C tout au long du processus, pr\u00e9servant ainsi sa fra\u00eecheur de mani\u00e8re optimale.<\/strong><br \/>\n<strong>4. Conception int\u00e9gr\u00e9e du syst\u00e8me NEP : Les conduites et les interfaces pour les billes de nettoyage NEP sont pr\u00e9install\u00e9es dans le processus de production. Cela garantit une couverture de pulv\u00e9risation \u00e0 360 degr\u00e9s sans zones mortes, permettant un nettoyage et une d\u00e9sinfection automatiques et de haute qualit\u00e9, et pr\u00e9venant la contamination crois\u00e9e entre les lots.<\/strong><\/p>\n<h1 style=\"text-align: center;\">CONCEPTION STRUCTURELLE ET S\u00c9CURIT\u00c9<\/h1>\n<p><img loading=\"lazy\" decoding=\"async\" class=\"aligncenter wp-image-6826\" src=\"https:\/\/ac-truck.com\/wp-content\/uploads\/2025\/12\/%E9%B2%9C%E5%A5%B6%E8%BF%90%E8%BE%93%E8%BD%A6%E8%AF%A6%E6%83%85%E9%A1%B5_07.webp\" sizes=\"(max-width: 1234px) 100vw, 1234px\" srcset=\"https:\/\/ac-truck.com\/wp-content\/uploads\/2025\/12\/\u9c9c\u5976\u8fd0\u8f93\u8f66\u8be6\u60c5\u9875_07.webp 790w, https:\/\/ac-truck.com\/wp-content\/uploads\/2025\/12\/\u9c9c\u5976\u8fd0\u8f93\u8f66\u8be6\u60c5\u9875_07-300x252.webp 300w, https:\/\/ac-truck.com\/wp-content\/uploads\/2025\/12\/\u9c9c\u5976\u8fd0\u8f93\u8f66\u8be6\u60c5\u9875_07-768x645.webp 768w, https:\/\/ac-truck.com\/wp-content\/uploads\/2025\/12\/\u9c9c\u5976\u8fd0\u8f93\u8f66\u8be6\u60c5\u9875_07-14x12.webp 14w, https:\/\/ac-truck.com\/wp-content\/uploads\/2025\/12\/\u9c9c\u5976\u8fd0\u8f93\u8f66\u8be6\u60c5\u9875_07-600x504.webp 600w, https:\/\/ac-truck.com\/wp-content\/uploads\/2025\/12\/\u9c9c\u5976\u8fd0\u8f93\u8f66\u8be6\u60c5\u9875_07-150x126.webp 150w\" alt=\"\" width=\"1234\" height=\"1036\" \/><\/p>\n<p><strong>1. Acier \u00e0 haute r\u00e9sistance : Tout en garantissant la capacit\u00e9 portante et la rigidit\u00e9, il permet de r\u00e9duire le poids propre de la structure.<\/strong><br \/>\n<strong>2. T\u00eate form\u00e9e par hydroformage : Elle est form\u00e9e d'une seule pi\u00e8ce, sans soudures, ce qui \u00e9vite les probl\u00e8mes de concentration de contraintes. Sa r\u00e9sistance structurelle est augment\u00e9e de plus de 30 % par rapport aux mod\u00e8les assembl\u00e9s par soudure.<\/strong><br \/>\n<strong>3. Soudage automatique par robot : Il offre une grande pr\u00e9cision et une excellente stabilit\u00e9 de soudage, am\u00e9liorant ainsi la r\u00e9sistance structurelle et l'\u00e9tanch\u00e9it\u00e9.<\/strong><br \/>\n<strong>4. Renforts du r\u00e9servoir : Ils renforcent la rigidit\u00e9 du r\u00e9servoir tout en conservant l'avantage d'un poids l\u00e9ger.<\/strong><\/p>\n<h1 style=\"text-align: center;\">Conception \u00e0 centre de gravit\u00e9 bas et \u00e0 haute stabilit\u00e9<\/h1>\n<p><img loading=\"lazy\" decoding=\"async\" class=\"aligncenter wp-image-6827\" src=\"https:\/\/ac-truck.com\/wp-content\/uploads\/2025\/12\/%E9%B2%9C%E5%A5%B6%E8%BF%90%E8%BE%93%E8%BD%A6%E8%AF%A6%E6%83%85%E9%A1%B5_09.webp\" sizes=\"(max-width: 1234px) 100vw, 1234px\" srcset=\"https:\/\/ac-truck.com\/wp-content\/uploads\/2025\/12\/\u9c9c\u5976\u8fd0\u8f93\u8f66\u8be6\u60c5\u9875_09.webp 790w, https:\/\/ac-truck.com\/wp-content\/uploads\/2025\/12\/\u9c9c\u5976\u8fd0\u8f93\u8f66\u8be6\u60c5\u9875_09-156x300.webp 156w, https:\/\/ac-truck.com\/wp-content\/uploads\/2025\/12\/\u9c9c\u5976\u8fd0\u8f93\u8f66\u8be6\u60c5\u9875_09-533x1024.webp 533w, https:\/\/ac-truck.com\/wp-content\/uploads\/2025\/12\/\u9c9c\u5976\u8fd0\u8f93\u8f66\u8be6\u60c5\u9875_09-768x1476.webp 768w, https:\/\/ac-truck.com\/wp-content\/uploads\/2025\/12\/\u9c9c\u5976\u8fd0\u8f93\u8f66\u8be6\u60c5\u9875_09-6x12.webp 6w, https:\/\/ac-truck.com\/wp-content\/uploads\/2025\/12\/\u9c9c\u5976\u8fd0\u8f93\u8f66\u8be6\u60c5\u9875_09-600x1153.webp 600w, https:\/\/ac-truck.com\/wp-content\/uploads\/2025\/12\/\u9c9c\u5976\u8fd0\u8f93\u8f66\u8be6\u60c5\u9875_09-150x288.webp 150w\" alt=\"\" width=\"1234\" height=\"2371\" \/><\/p>\n<p><strong>1. Conception du r\u00e9servoir de forme ovale : Gr\u00e2ce \u00e0 la conception d'une section transversale ovale, le centre de gravit\u00e9 est abaiss\u00e9, la r\u00e9partition des forces est optimis\u00e9e et l'espace est utilis\u00e9 plus efficacement, ce qui am\u00e9liore la stabilit\u00e9 et la s\u00e9curit\u00e9 du v\u00e9hicule.<\/strong><br \/>\n<strong>2. Conception \u00e0 compartiments : elle permet le transport ind\u00e9pendant de plusieurs lots, ajuste la capacit\u00e9 de transport de mani\u00e8re flexible et garantit la qualit\u00e9 stable du lait frais.<\/strong><br \/>\n<strong>3. Plaques anti-vagues : Gr\u00e2ce \u00e0 une disposition judicieuse des plaques anti-vagues \u00e0 l'int\u00e9rieur de la citerne, on parvient \u00e0 supprimer efficacement les mouvements de balancement importants du lait frais pendant le transport, assurant ainsi un bon \u00e9quilibre entre stabilit\u00e9, l\u00e9g\u00e8ret\u00e9 et hygi\u00e8ne de la citerne.<\/strong><\/p>\n<h1 style=\"text-align: center;\">CONCEPTION MODULAIRE ET STANDARDIS\u00c9E<\/h1>\n<p><img loading=\"lazy\" decoding=\"async\" class=\"aligncenter wp-image-6828\" src=\"https:\/\/ac-truck.com\/wp-content\/uploads\/2025\/12\/%E9%B2%9C%E5%A5%B6%E8%BF%90%E8%BE%93%E8%BD%A6%E8%AF%A6%E6%83%85%E9%A1%B5_11.webp\" sizes=\"(max-width: 1234px) 100vw, 1234px\" srcset=\"https:\/\/ac-truck.com\/wp-content\/uploads\/2025\/12\/\u9c9c\u5976\u8fd0\u8f93\u8f66\u8be6\u60c5\u9875_11.webp 790w, https:\/\/ac-truck.com\/wp-content\/uploads\/2025\/12\/\u9c9c\u5976\u8fd0\u8f93\u8f66\u8be6\u60c5\u9875_11-232x300.webp 232w, https:\/\/ac-truck.com\/wp-content\/uploads\/2025\/12\/\u9c9c\u5976\u8fd0\u8f93\u8f66\u8be6\u60c5\u9875_11-768x992.webp 768w, https:\/\/ac-truck.com\/wp-content\/uploads\/2025\/12\/\u9c9c\u5976\u8fd0\u8f93\u8f66\u8be6\u60c5\u9875_11-9x12.webp 9w, https:\/\/ac-truck.com\/wp-content\/uploads\/2025\/12\/\u9c9c\u5976\u8fd0\u8f93\u8f66\u8be6\u60c5\u9875_11-600x775.webp 600w, https:\/\/ac-truck.com\/wp-content\/uploads\/2025\/12\/\u9c9c\u5976\u8fd0\u8f93\u8f66\u8be6\u60c5\u9875_11-150x194.webp 150w\" alt=\"\" width=\"1234\" height=\"1593\" \/><\/p>\n<p><strong>1. Verrouillage de s\u00e9curit\u00e9 int\u00e9gr\u00e9 : Il contr\u00f4le les autorisations de fonctionnement, pr\u00e9vient les risques de fuite et assure la s\u00e9curit\u00e9 du personnel.<\/strong><br \/>\n<strong>2. Passerelle antid\u00e9rapante sur la plateforme sup\u00e9rieure : Elle offre d'excellentes performances antid\u00e9rapantes, une grande capacit\u00e9 de charge et une durabilit\u00e9 accrue, et convient parfaitement \u00e0 la protection de la s\u00e9curit\u00e9.<\/strong><\/p>\n<h1 style=\"text-align: center;\">EFFICACE ET HYGI\u00c9NIQUE<br \/>\nSYST\u00c8ME DE CHARGEMENT ET DE D\u00c9CHARGEMENT<\/h1>\n<p><img loading=\"lazy\" decoding=\"async\" class=\"aligncenter wp-image-6829\" src=\"https:\/\/ac-truck.com\/wp-content\/uploads\/2025\/12\/%E9%B2%9C%E5%A5%B6%E8%BF%90%E8%BE%93%E8%BD%A6%E8%AF%A6%E6%83%85%E9%A1%B5_13.webp\" sizes=\"(max-width: 1234px) 100vw, 1234px\" srcset=\"https:\/\/ac-truck.com\/wp-content\/uploads\/2025\/12\/\u9c9c\u5976\u8fd0\u8f93\u8f66\u8be6\u60c5\u9875_13.webp 790w, https:\/\/ac-truck.com\/wp-content\/uploads\/2025\/12\/\u9c9c\u5976\u8fd0\u8f93\u8f66\u8be6\u60c5\u9875_13-271x300.webp 271w, https:\/\/ac-truck.com\/wp-content\/uploads\/2025\/12\/\u9c9c\u5976\u8fd0\u8f93\u8f66\u8be6\u60c5\u9875_13-768x852.webp 768w, https:\/\/ac-truck.com\/wp-content\/uploads\/2025\/12\/\u9c9c\u5976\u8fd0\u8f93\u8f66\u8be6\u60c5\u9875_13-11x12.webp 11w, https:\/\/ac-truck.com\/wp-content\/uploads\/2025\/12\/\u9c9c\u5976\u8fd0\u8f93\u8f66\u8be6\u60c5\u9875_13-600x665.webp 600w, https:\/\/ac-truck.com\/wp-content\/uploads\/2025\/12\/\u9c9c\u5976\u8fd0\u8f93\u8f66\u8be6\u60c5\u9875_13-150x166.webp 150w\" alt=\"\" width=\"1234\" height=\"1368\" \/><\/p>\n<p><strong>1. Entr\u00e9e de lait : Elle adopte une conception \u00e0 large ouverture \u00e9vas\u00e9e, avec un rebord de guidage anti-d\u00e9bordement, ce qui facilite le raccordement rapide des \u00e9quipements de traite dans l'\u00e9levage et r\u00e9duit les pertes par \u00e9claboussures pendant l'alimentation.<\/strong><br \/>\n<strong>2. Sortie de lait : elle utilise un canal de d\u00e9charge inclin\u00e9, \u00e9quip\u00e9 d'un raccord rapide de grand diam\u00e8tre, et la vitesse de d\u00e9chargement est 20 % plus rapide que celle des interfaces ordinaires.<\/strong><br \/>\n<strong>3. Conception de la tr\u00e9mie \u00e0 lait : La tr\u00e9mie est en forme d'entonnoir, assurant des fonctions de transition et de tampon, et convient \u00e0 la filtration et \u00e0 la purification.<\/strong><br \/>\n<strong>4. Buses de chargement et de d\u00e9chargement : Des raccords rapides standardis\u00e9s sont utilis\u00e9s, garantissant l'\u00e9tanch\u00e9it\u00e9, l'absence de pertes, l'hygi\u00e8ne et l'absence de r\u00e9sidus.<\/strong><\/p>\n<h1 style=\"text-align: center;\">PROCESSUS DE PRODUCTION<\/h1>\n<p><img loading=\"lazy\" decoding=\"async\" class=\"aligncenter wp-image-6830\" src=\"https:\/\/ac-truck.com\/wp-content\/uploads\/2025\/12\/%E9%B2%9C%E5%A5%B6%E8%BF%90%E8%BE%93%E8%BD%A6%E8%AF%A6%E6%83%85%E9%A1%B5_15.webp\" sizes=\"(max-width: 1234px) 100vw, 1234px\" srcset=\"https:\/\/ac-truck.com\/wp-content\/uploads\/2025\/12\/\u9c9c\u5976\u8fd0\u8f93\u8f66\u8be6\u60c5\u9875_15.webp 790w, https:\/\/ac-truck.com\/wp-content\/uploads\/2025\/12\/\u9c9c\u5976\u8fd0\u8f93\u8f66\u8be6\u60c5\u9875_15-124x300.webp 124w, https:\/\/ac-truck.com\/wp-content\/uploads\/2025\/12\/\u9c9c\u5976\u8fd0\u8f93\u8f66\u8be6\u60c5\u9875_15-422x1024.webp 422w, https:\/\/ac-truck.com\/wp-content\/uploads\/2025\/12\/\u9c9c\u5976\u8fd0\u8f93\u8f66\u8be6\u60c5\u9875_15-768x1866.webp 768w, https:\/\/ac-truck.com\/wp-content\/uploads\/2025\/12\/\u9c9c\u5976\u8fd0\u8f93\u8f66\u8be6\u60c5\u9875_15-632x1536.webp 632w, https:\/\/ac-truck.com\/wp-content\/uploads\/2025\/12\/\u9c9c\u5976\u8fd0\u8f93\u8f66\u8be6\u60c5\u9875_15-5x12.webp 5w, https:\/\/ac-truck.com\/wp-content\/uploads\/2025\/12\/\u9c9c\u5976\u8fd0\u8f93\u8f66\u8be6\u60c5\u9875_15-600x1457.webp 600w, https:\/\/ac-truck.com\/wp-content\/uploads\/2025\/12\/\u9c9c\u5976\u8fd0\u8f93\u8f66\u8be6\u60c5\u9875_15-150x364.webp 150w\" alt=\"\" width=\"1234\" height=\"2998\" \/><img loading=\"lazy\" decoding=\"async\" class=\"aligncenter wp-image-6831\" src=\"https:\/\/ac-truck.com\/wp-content\/uploads\/2025\/12\/%E9%B2%9C%E5%A5%B6%E8%BF%90%E8%BE%93%E8%BD%A6%E8%AF%A6%E6%83%85%E9%A1%B5_16.webp\" sizes=\"(max-width: 1234px) 100vw, 1234px\" srcset=\"https:\/\/ac-truck.com\/wp-content\/uploads\/2025\/12\/\u9c9c\u5976\u8fd0\u8f93\u8f66\u8be6\u60c5\u9875_16.webp 790w, https:\/\/ac-truck.com\/wp-content\/uploads\/2025\/12\/\u9c9c\u5976\u8fd0\u8f93\u8f66\u8be6\u60c5\u9875_16-125x300.webp 125w, https:\/\/ac-truck.com\/wp-content\/uploads\/2025\/12\/\u9c9c\u5976\u8fd0\u8f93\u8f66\u8be6\u60c5\u9875_16-426x1024.webp 426w, https:\/\/ac-truck.com\/wp-content\/uploads\/2025\/12\/\u9c9c\u5976\u8fd0\u8f93\u8f66\u8be6\u60c5\u9875_16-768x1847.webp 768w, https:\/\/ac-truck.com\/wp-content\/uploads\/2025\/12\/\u9c9c\u5976\u8fd0\u8f93\u8f66\u8be6\u60c5\u9875_16-639x1536.webp 639w, https:\/\/ac-truck.com\/wp-content\/uploads\/2025\/12\/\u9c9c\u5976\u8fd0\u8f93\u8f66\u8be6\u60c5\u9875_16-5x12.webp 5w, https:\/\/ac-truck.com\/wp-content\/uploads\/2025\/12\/\u9c9c\u5976\u8fd0\u8f93\u8f66\u8be6\u60c5\u9875_16-600x1443.webp 600w, https:\/\/ac-truck.com\/wp-content\/uploads\/2025\/12\/\u9c9c\u5976\u8fd0\u8f93\u8f66\u8be6\u60c5\u9875_16-150x361.webp 150w\" alt=\"\" width=\"1234\" height=\"2968\" \/><\/p>\n<p><strong>1. Pr\u00e9paration des mat\u00e9riaux pour le laminage des r\u00e9servoirs.<\/strong><br \/>\n<strong>2. Moulage int\u00e9gral du corps du r\u00e9servoir.<\/strong><br \/>\n<strong>3. Soudage et formage robotis\u00e9s<\/strong><br \/>\n<strong>4. Enveloppement complet avec un mat\u00e9riau isolant haute densit\u00e9.<\/strong><br \/>\n<strong>5. Couverture compl\u00e8te de la couche protectrice ext\u00e9rieure en acier inoxydable.<\/strong><br \/>\n<strong>6. Soudage des accessoires de v\u00e9hicules<\/strong><br \/>\n<strong>7. Assemblage g\u00e9n\u00e9ral du v\u00e9hicule<\/strong><br \/>\n<strong>8. Ach\u00e8vement de la production du v\u00e9hicule complet.<\/strong><\/p>\n<h1 style=\"text-align: center;\">SC\u00c9NARIOS D'APPLICATION<\/h1>\n<p><img loading=\"lazy\" decoding=\"async\" class=\"aligncenter wp-image-6832\" src=\"https:\/\/ac-truck.com\/wp-content\/uploads\/2025\/12\/%E9%B2%9C%E5%A5%B6%E8%BF%90%E8%BE%93%E8%BD%A6%E8%AF%A6%E6%83%85%E9%A1%B5_18.webp\" sizes=\"(max-width: 1234px) 100vw, 1234px\" srcset=\"https:\/\/ac-truck.com\/wp-content\/uploads\/2025\/12\/\u9c9c\u5976\u8fd0\u8f93\u8f66\u8be6\u60c5\u9875_18.webp 790w, https:\/\/ac-truck.com\/wp-content\/uploads\/2025\/12\/\u9c9c\u5976\u8fd0\u8f93\u8f66\u8be6\u60c5\u9875_18-151x300.webp 151w, https:\/\/ac-truck.com\/wp-content\/uploads\/2025\/12\/\u9c9c\u5976\u8fd0\u8f93\u8f66\u8be6\u60c5\u9875_18-516x1024.webp 516w, https:\/\/ac-truck.com\/wp-content\/uploads\/2025\/12\/\u9c9c\u5976\u8fd0\u8f93\u8f66\u8be6\u60c5\u9875_18-768x1524.webp 768w, https:\/\/ac-truck.com\/wp-content\/uploads\/2025\/12\/\u9c9c\u5976\u8fd0\u8f93\u8f66\u8be6\u60c5\u9875_18-774x1536.webp 774w, https:\/\/ac-truck.com\/wp-content\/uploads\/2025\/12\/\u9c9c\u5976\u8fd0\u8f93\u8f66\u8be6\u60c5\u9875_18-6x12.webp 6w, https:\/\/ac-truck.com\/wp-content\/uploads\/2025\/12\/\u9c9c\u5976\u8fd0\u8f93\u8f66\u8be6\u60c5\u9875_18-600x1191.webp 600w, https:\/\/ac-truck.com\/wp-content\/uploads\/2025\/12\/\u9c9c\u5976\u8fd0\u8f93\u8f66\u8be6\u60c5\u9875_18-150x298.webp 150w\" alt=\"\" width=\"1234\" height=\"2449\" \/><\/p>\n<h1 style=\"text-align: center;\">EMBALLAGE ET TRANSPORT<\/h1>\n<p><img loading=\"lazy\" decoding=\"async\" class=\"aligncenter wp-image-6833\" src=\"https:\/\/ac-truck.com\/wp-content\/uploads\/2025\/12\/%E9%B2%9C%E5%A5%B6%E8%BF%90%E8%BE%93%E8%BD%A6%E8%AF%A6%E6%83%85%E9%A1%B5_20.webp\" sizes=\"(max-width: 1234px) 100vw, 1234px\" srcset=\"https:\/\/ac-truck.com\/wp-content\/uploads\/2025\/12\/\u9c9c\u5976\u8fd0\u8f93\u8f66\u8be6\u60c5\u9875_20.webp 790w, https:\/\/ac-truck.com\/wp-content\/uploads\/2025\/12\/\u9c9c\u5976\u8fd0\u8f93\u8f66\u8be6\u60c5\u9875_20-158x300.webp 158w, https:\/\/ac-truck.com\/wp-content\/uploads\/2025\/12\/\u9c9c\u5976\u8fd0\u8f93\u8f66\u8be6\u60c5\u9875_20-538x1024.webp 538w, https:\/\/ac-truck.com\/wp-content\/uploads\/2025\/12\/\u9c9c\u5976\u8fd0\u8f93\u8f66\u8be6\u60c5\u9875_20-768x1462.webp 768w, https:\/\/ac-truck.com\/wp-content\/uploads\/2025\/12\/\u9c9c\u5976\u8fd0\u8f93\u8f66\u8be6\u60c5\u9875_20-6x12.webp 6w, https:\/\/ac-truck.com\/wp-content\/uploads\/2025\/12\/\u9c9c\u5976\u8fd0\u8f93\u8f66\u8be6\u60c5\u9875_20-600x1142.webp 600w, https:\/\/ac-truck.com\/wp-content\/uploads\/2025\/12\/\u9c9c\u5976\u8fd0\u8f93\u8f66\u8be6\u60c5\u9875_20-150x286.webp 150w\" alt=\"\" width=\"1234\" height=\"2349\" \/><\/p>","protected":false},"excerpt":{"rendered":"<p>PRODUCT PARAMETERS 22000L Milk Tanker Truck FAW &nbsp; project Descriptions Specifications General\u00a0 Overall dimensions(mm) 11200*2500*3360 curb weight(Kg) 12005 Loading capacity(Kg)<\/p>","protected":false},"featured_media":6921,"template":"","meta":[],"product_brand":[221],"product_cat":[345],"product_tag":[344,346,347,348],"class_list":{"0":"post-6918","1":"product","2":"type-product","3":"status-publish","4":"has-post-thumbnail","6":"product_brand-faw","7":"product_cat-milk-tank-trucks","8":"product_tag-22m","9":"product_tag-milk-tank-truck","10":"product_tag-milk-transport-truck","11":"product_tag-milk-collection-truck","13":"first","14":"instock","15":"shipping-taxable","16":"product-type-simple"},"_links":{"self":[{"href":"https:\/\/ac-truck.com\/fr\/wp-json\/wp\/v2\/product\/6918","targetHints":{"allow":["GET"]}}],"collection":[{"href":"https:\/\/ac-truck.com\/fr\/wp-json\/wp\/v2\/product"}],"about":[{"href":"https:\/\/ac-truck.com\/fr\/wp-json\/wp\/v2\/types\/product"}],"version-history":[{"count":1,"href":"https:\/\/ac-truck.com\/fr\/wp-json\/wp\/v2\/product\/6918\/revisions"}],"predecessor-version":[{"id":6924,"href":"https:\/\/ac-truck.com\/fr\/wp-json\/wp\/v2\/product\/6918\/revisions\/6924"}],"wp:featuredmedia":[{"embeddable":true,"href":"https:\/\/ac-truck.com\/fr\/wp-json\/wp\/v2\/media\/6921"}],"wp:attachment":[{"href":"https:\/\/ac-truck.com\/fr\/wp-json\/wp\/v2\/media?parent=6918"}],"wp:term":[{"taxonomy":"product_brand","embeddable":true,"href":"https:\/\/ac-truck.com\/fr\/wp-json\/wp\/v2\/product_brand?post=6918"},{"taxonomy":"product_cat","embeddable":true,"href":"https:\/\/ac-truck.com\/fr\/wp-json\/wp\/v2\/product_cat?post=6918"},{"taxonomy":"product_tag","embeddable":true,"href":"https:\/\/ac-truck.com\/fr\/wp-json\/wp\/v2\/product_tag?post=6918"}],"curies":[{"name":"wp","href":"https:\/\/api.w.org\/{rel}","templated":true}]}}