{"id":6934,"date":"2025-12-25T11:38:24","date_gmt":"2025-12-25T03:38:24","guid":{"rendered":"https:\/\/ac-truck.com\/?post_type=product&#038;p=6934"},"modified":"2026-04-08T14:40:35","modified_gmt":"2026-04-08T06:40:35","slug":"6m%c2%b3-hookloader-isuzu","status":"publish","type":"product","link":"https:\/\/ac-truck.com\/fr\/6m%C2%B3-hookloader-isuzu.html","title":{"rendered":"Camion porte-conteneurs ISUZU de 6 m\u00b3"},"content":{"rendered":"<div style=\"width: 1920px;\" class=\"wp-video\"><!--[if lt IE 9]><script>document.createElement('video');<\/script><![endif]-->\n<video class=\"wp-video-shortcode\" id=\"video-6934-1\" width=\"1920\" height=\"1080\" preload=\"metadata\" controls=\"controls\"><source type=\"video\/mp4\" src=\"https:\/\/ac-truck.com\/wp-content\/uploads\/2025\/12\/\u538b\u7f29\u65e0\u6c34\u5370.mp4?_=1\" \/><a href=\"https:\/\/ac-truck.com\/wp-content\/uploads\/2025\/12\/\u538b\u7f29\u65e0\u6c34\u5370.mp4\">https:\/\/ac-truck.com\/wp-content\/uploads\/2025\/12\/\u538b\u7f29\u65e0\u6c34\u5370.mp4<\/a><\/video><\/div>\n<p><img fetchpriority=\"high\" decoding=\"async\" class=\"aligncenter wp-image-6935\" src=\"https:\/\/ac-truck.com\/wp-content\/uploads\/2025\/12\/\u4ea7\u54c1\u6d77\u62a5_01-37.webp\" alt=\"\" width=\"1234\" height=\"1607\" srcset=\"https:\/\/ac-truck.com\/wp-content\/uploads\/2025\/12\/\u4ea7\u54c1\u6d77\u62a5_01-37.webp 790w, https:\/\/ac-truck.com\/wp-content\/uploads\/2025\/12\/\u4ea7\u54c1\u6d77\u62a5_01-37-230x300.webp 230w, https:\/\/ac-truck.com\/wp-content\/uploads\/2025\/12\/\u4ea7\u54c1\u6d77\u62a5_01-37-786x1024.webp 786w, https:\/\/ac-truck.com\/wp-content\/uploads\/2025\/12\/\u4ea7\u54c1\u6d77\u62a5_01-37-768x1000.webp 768w, https:\/\/ac-truck.com\/wp-content\/uploads\/2025\/12\/\u4ea7\u54c1\u6d77\u62a5_01-37-9x12.webp 9w, https:\/\/ac-truck.com\/wp-content\/uploads\/2025\/12\/\u4ea7\u54c1\u6d77\u62a5_01-37-600x782.webp 600w, https:\/\/ac-truck.com\/wp-content\/uploads\/2025\/12\/\u4ea7\u54c1\u6d77\u62a5_01-37-150x195.webp 150w\" sizes=\"(max-width: 1234px) 100vw, 1234px\" \/><\/p>\n<h1 style=\"text-align: center;\">PARAM\u00c8TRES DU PRODUIT<\/h1>\n<p><img decoding=\"async\" class=\"aligncenter wp-image-6936\" src=\"https:\/\/ac-truck.com\/wp-content\/uploads\/2025\/12\/\u4ea7\u54c1\u6d77\u62a5_03-37.webp\" alt=\"\" width=\"1234\" height=\"483\" srcset=\"https:\/\/ac-truck.com\/wp-content\/uploads\/2025\/12\/\u4ea7\u54c1\u6d77\u62a5_03-37.webp 790w, https:\/\/ac-truck.com\/wp-content\/uploads\/2025\/12\/\u4ea7\u54c1\u6d77\u62a5_03-37-300x117.webp 300w, https:\/\/ac-truck.com\/wp-content\/uploads\/2025\/12\/\u4ea7\u54c1\u6d77\u62a5_03-37-768x300.webp 768w, https:\/\/ac-truck.com\/wp-content\/uploads\/2025\/12\/\u4ea7\u54c1\u6d77\u62a5_03-37-18x7.webp 18w, https:\/\/ac-truck.com\/wp-content\/uploads\/2025\/12\/\u4ea7\u54c1\u6d77\u62a5_03-37-600x235.webp 600w, https:\/\/ac-truck.com\/wp-content\/uploads\/2025\/12\/\u4ea7\u54c1\u6d77\u62a5_03-37-150x59.webp 150w\" sizes=\"(max-width: 1234px) 100vw, 1234px\" \/><\/p>\n<h2 style=\"text-align: center;\">Camion porte-conteneurs ISUZU de 6 m\u00b3<\/h2>\n<table>\n<tbody>\n<tr>\n<td width=\"127\"><strong>projet<\/strong><\/td>\n<td width=\"269\"><strong>Descriptions<\/strong><\/td>\n<td width=\"303\"><strong>\u00a0\u00a0\u00a0 Caract\u00e9ristiques<\/strong><\/td>\n<\/tr>\n<tr>\n<td rowspan=\"4\" width=\"127\"><strong>G\u00e9n\u00e9ral\u00a0<\/strong><\/td>\n<td width=\"269\"><strong>Dimensions hors tout (mm)<\/strong><\/td>\n<td width=\"303\"><strong>5450\u00d72000\u00d72300<\/strong><\/td>\n<\/tr>\n<tr>\n<td width=\"269\"><strong>poids \u00e0 vide (kg)<\/strong><\/td>\n<td width=\"303\"><strong>3490<\/strong><\/td>\n<\/tr>\n<tr>\n<td width=\"269\"><strong>Capacit\u00e9 de charge (kg)<\/strong><\/td>\n<td width=\"303\"><strong>3680<\/strong><\/td>\n<\/tr>\n<tr>\n<td width=\"269\"><strong>Masse totale (kg)<\/strong><\/td>\n<td width=\"303\"><strong>7300<\/strong><\/td>\n<\/tr>\n<tr>\n<td rowspan=\"3\" width=\"127\"><strong>Superstructure<\/strong><\/td>\n<td width=\"269\"><strong>Capacit\u00e9 de levage (tonnes)<\/strong><\/td>\n<td width=\"303\"><strong>3-5<\/strong><\/td>\n<\/tr>\n<tr>\n<td width=\"269\"><strong>Volume de la poubelle correspondant (m\u00b3)<\/strong><\/td>\n<td width=\"303\"><strong>6<\/strong><\/td>\n<\/tr>\n<tr>\n<td width=\"269\"><strong>Mat\u00e9riau du bras du crochet<\/strong><\/td>\n<td width=\"303\"><strong>Acier haute r\u00e9sistance Q40, Q50<\/strong><\/td>\n<\/tr>\n<tr>\n<td rowspan=\"7\" width=\"127\"><strong>Ch\u00e2ssis<\/strong><\/p>\n<p>&nbsp;<\/td>\n<td width=\"269\"><strong>Marque du ch\u00e2ssis<\/strong><\/td>\n<td width=\"303\"><strong>ISUZU<\/strong><\/td>\n<\/tr>\n<tr>\n<td width=\"269\"><strong>Formulaire de conducteur<\/strong><\/td>\n<td width=\"303\"><strong>4*2<\/strong><\/td>\n<\/tr>\n<tr>\n<td width=\"269\"><strong>Volant<\/strong><\/td>\n<td width=\"303\"><strong>Conduite \u00e0 gauche<\/strong><\/td>\n<\/tr>\n<tr>\n<td width=\"269\"><strong>Empattement (mm)<\/strong><\/td>\n<td width=\"303\"><strong>3360<\/strong><\/td>\n<\/tr>\n<tr>\n<td width=\"269\"><strong>Puissance maximale du moteur (kW)<\/strong><\/td>\n<td width=\"303\"><strong>88<\/strong><\/td>\n<\/tr>\n<tr>\n<td width=\"269\"><strong>Normes d&#039;\u00e9mission<\/strong><\/td>\n<td width=\"303\"><strong>Euro 6<\/strong><\/td>\n<\/tr>\n<tr>\n<td width=\"269\"><strong>Bo\u00eete de vitesse<\/strong><\/td>\n<td width=\"303\"><strong>5-speed gearbox<\/strong><\/td>\n<\/tr>\n<\/tbody>\n<\/table>\n<h1 style=\"text-align: center;\">AVANTAGES DU V\u00c9HICULE<\/h1>\n<h5 style=\"text-align: center;\">HIGH-STRENGTH LOAD &#8211; BEARING CAPACITY<\/h5>\n<p><img decoding=\"async\" class=\"aligncenter wp-image-6937\" src=\"https:\/\/ac-truck.com\/wp-content\/uploads\/2025\/12\/\u94a9\u81c2\u5783\u573e\u8f66\u8be6\u60c5\u9875_05.webp\" alt=\"\" width=\"1234\" height=\"890\" srcset=\"https:\/\/ac-truck.com\/wp-content\/uploads\/2025\/12\/\u94a9\u81c2\u5783\u573e\u8f66\u8be6\u60c5\u9875_05.webp 790w, https:\/\/ac-truck.com\/wp-content\/uploads\/2025\/12\/\u94a9\u81c2\u5783\u573e\u8f66\u8be6\u60c5\u9875_05-300x216.webp 300w, https:\/\/ac-truck.com\/wp-content\/uploads\/2025\/12\/\u94a9\u81c2\u5783\u573e\u8f66\u8be6\u60c5\u9875_05-768x554.webp 768w, https:\/\/ac-truck.com\/wp-content\/uploads\/2025\/12\/\u94a9\u81c2\u5783\u573e\u8f66\u8be6\u60c5\u9875_05-18x12.webp 18w, https:\/\/ac-truck.com\/wp-content\/uploads\/2025\/12\/\u94a9\u81c2\u5783\u573e\u8f66\u8be6\u60c5\u9875_05-600x433.webp 600w, https:\/\/ac-truck.com\/wp-content\/uploads\/2025\/12\/\u94a9\u81c2\u5783\u573e\u8f66\u8be6\u60c5\u9875_05-150x108.webp 150w\" sizes=\"(max-width: 1234px) 100vw, 1234px\" \/><\/p>\n<h1 style=\"text-align: center;\">COMPOSANTS PRINCIPAUX DU BRAS \u00c0 CROCHET<\/h1>\n<p><img loading=\"lazy\" decoding=\"async\" class=\"aligncenter wp-image-6938\" src=\"https:\/\/ac-truck.com\/wp-content\/uploads\/2025\/12\/\u94a9\u81c2\u5783\u573e\u8f66\u8be6\u60c5\u9875_07.webp\" alt=\"\" width=\"1234\" height=\"2020\" srcset=\"https:\/\/ac-truck.com\/wp-content\/uploads\/2025\/12\/\u94a9\u81c2\u5783\u573e\u8f66\u8be6\u60c5\u9875_07.webp 790w, https:\/\/ac-truck.com\/wp-content\/uploads\/2025\/12\/\u94a9\u81c2\u5783\u573e\u8f66\u8be6\u60c5\u9875_07-183x300.webp 183w, https:\/\/ac-truck.com\/wp-content\/uploads\/2025\/12\/\u94a9\u81c2\u5783\u573e\u8f66\u8be6\u60c5\u9875_07-626x1024.webp 626w, https:\/\/ac-truck.com\/wp-content\/uploads\/2025\/12\/\u94a9\u81c2\u5783\u573e\u8f66\u8be6\u60c5\u9875_07-768x1257.webp 768w, https:\/\/ac-truck.com\/wp-content\/uploads\/2025\/12\/\u94a9\u81c2\u5783\u573e\u8f66\u8be6\u60c5\u9875_07-7x12.webp 7w, https:\/\/ac-truck.com\/wp-content\/uploads\/2025\/12\/\u94a9\u81c2\u5783\u573e\u8f66\u8be6\u60c5\u9875_07-600x982.webp 600w, https:\/\/ac-truck.com\/wp-content\/uploads\/2025\/12\/\u94a9\u81c2\u5783\u573e\u8f66\u8be6\u60c5\u9875_07-150x246.webp 150w\" sizes=\"(max-width: 1234px) 100vw, 1234px\" \/><\/p>\n<p><strong>1. Hook &#8211; arm main body (main arm + telescopic arm + hook): Directlyhooks, tows and lifts the garbage bin. The telescopic arm can adapt to binsof different lengths.<\/strong><br \/>\n<strong>2. Main oil cylinder: Provides hydraulic power for the rotation and exten-sion of the hook &#8211; arm, and controls the speed and force of the actions.<\/strong><br \/>\n<strong>3. M\u00e9canisme de verrouillage : Il verrouille le conteneur apr\u00e8s l'accrochage afin d'\u00e9viter qu'il ne se d\u00e9tache pendant le transport ; il est fix\u00e9 de mani\u00e8re solidaire lors du d\u00e9chargement.<\/strong><br \/>\n<strong>4. Rollover frame: Connects the hook &#8211; arm and the auxiliary frame, enablesthe overall lifting and unloading, and withstands the overturning moment.<\/strong><br \/>\n<strong>5. Auxiliary frame: Bears the hook &#8211; arm mechanism and the bin, and dis-tributes the weight to the chassis girder.<\/strong><\/p>\n<h1 style=\"text-align: center;\">SYST\u00c8ME ET ASSEMBLAGE HYDRAULIQUES<\/h1>\n<p><img loading=\"lazy\" decoding=\"async\" class=\"aligncenter wp-image-6939\" src=\"https:\/\/ac-truck.com\/wp-content\/uploads\/2025\/12\/\u94a9\u81c2\u5783\u573e\u8f66\u8be6\u60c5\u9875_09.webp\" alt=\"\" width=\"1234\" height=\"2176\" srcset=\"https:\/\/ac-truck.com\/wp-content\/uploads\/2025\/12\/\u94a9\u81c2\u5783\u573e\u8f66\u8be6\u60c5\u9875_09.webp 790w, https:\/\/ac-truck.com\/wp-content\/uploads\/2025\/12\/\u94a9\u81c2\u5783\u573e\u8f66\u8be6\u60c5\u9875_09-170x300.webp 170w, https:\/\/ac-truck.com\/wp-content\/uploads\/2025\/12\/\u94a9\u81c2\u5783\u573e\u8f66\u8be6\u60c5\u9875_09-581x1024.webp 581w, https:\/\/ac-truck.com\/wp-content\/uploads\/2025\/12\/\u94a9\u81c2\u5783\u573e\u8f66\u8be6\u60c5\u9875_09-768x1354.webp 768w, https:\/\/ac-truck.com\/wp-content\/uploads\/2025\/12\/\u94a9\u81c2\u5783\u573e\u8f66\u8be6\u60c5\u9875_09-7x12.webp 7w, https:\/\/ac-truck.com\/wp-content\/uploads\/2025\/12\/\u94a9\u81c2\u5783\u573e\u8f66\u8be6\u60c5\u9875_09-600x1058.webp 600w, https:\/\/ac-truck.com\/wp-content\/uploads\/2025\/12\/\u94a9\u81c2\u5783\u573e\u8f66\u8be6\u60c5\u9875_09-150x264.webp 150w\" sizes=\"(max-width: 1234px) 100vw, 1234px\" \/><\/p>\n<p><strong>1.Power take &#8211; off(PTO)<\/strong><br \/>\n<strong>2. Pompe \u00e0 huile hydraulique<\/strong><br \/>\n<strong>3. R\u00e9servoir d'huile hydraulique<\/strong><br \/>\n<strong>4. V\u00e9rin de levage principal<\/strong><br \/>\n<strong>5. V\u00e9rin t\u00e9lescopique int\u00e9gr\u00e9<\/strong><br \/>\n<strong>6. Cylindre de verrouillage<\/strong><br \/>\n<strong>7.Hydraulic multi &#8211; way valve<\/strong><br \/>\n<strong>8. Manom\u00e8tre de pression hydraulique<\/strong><br \/>\n<strong>9. Vanne d'\u00e9quilibrage<\/strong><br \/>\n<strong>10. Tuyau d'huile hydraulique<\/strong><\/p>\n<h1 style=\"text-align: center;\">SIMPLE ET INTELLIGENT \u00c0 UTILISER<\/h1>\n<p><img loading=\"lazy\" decoding=\"async\" class=\"aligncenter wp-image-6940\" src=\"https:\/\/ac-truck.com\/wp-content\/uploads\/2025\/12\/\u94a9\u81c2\u5783\u573e\u8f66\u8be6\u60c5\u9875_11.webp\" alt=\"\" width=\"1234\" height=\"492\" srcset=\"https:\/\/ac-truck.com\/wp-content\/uploads\/2025\/12\/\u94a9\u81c2\u5783\u573e\u8f66\u8be6\u60c5\u9875_11.webp 790w, https:\/\/ac-truck.com\/wp-content\/uploads\/2025\/12\/\u94a9\u81c2\u5783\u573e\u8f66\u8be6\u60c5\u9875_11-300x120.webp 300w, https:\/\/ac-truck.com\/wp-content\/uploads\/2025\/12\/\u94a9\u81c2\u5783\u573e\u8f66\u8be6\u60c5\u9875_11-768x306.webp 768w, https:\/\/ac-truck.com\/wp-content\/uploads\/2025\/12\/\u94a9\u81c2\u5783\u573e\u8f66\u8be6\u60c5\u9875_11-18x7.webp 18w, https:\/\/ac-truck.com\/wp-content\/uploads\/2025\/12\/\u94a9\u81c2\u5783\u573e\u8f66\u8be6\u60c5\u9875_11-600x239.webp 600w, https:\/\/ac-truck.com\/wp-content\/uploads\/2025\/12\/\u94a9\u81c2\u5783\u573e\u8f66\u8be6\u60c5\u9875_11-150x60.webp 150w\" sizes=\"(max-width: 1234px) 100vw, 1234px\" \/><\/p>\n<p><strong>1. T\u00e9l\u00e9commande : Permet une utilisation par une seule personne \u00e0 distance.<\/strong><br \/>\n<strong>2. Levier de commande manuel : Con\u00e7u avec un syst\u00e8me de retour au point mort et un dispositif de verrouillage de s\u00e9curit\u00e9 pour garantir un fonctionnement pr\u00e9cis et s\u00fbr.<\/strong><\/p>\n<h1 style=\"text-align: center;\">CORRESPONDANCE DES CONTENEURS<\/h1>\n<p><img loading=\"lazy\" decoding=\"async\" class=\"aligncenter wp-image-6941\" src=\"https:\/\/ac-truck.com\/wp-content\/uploads\/2025\/12\/\u94a9\u81c2\u5783\u573e\u8f66\u8be6\u60c5\u9875_13.webp\" alt=\"\" width=\"1234\" height=\"1382\" srcset=\"https:\/\/ac-truck.com\/wp-content\/uploads\/2025\/12\/\u94a9\u81c2\u5783\u573e\u8f66\u8be6\u60c5\u9875_13.webp 790w, https:\/\/ac-truck.com\/wp-content\/uploads\/2025\/12\/\u94a9\u81c2\u5783\u573e\u8f66\u8be6\u60c5\u9875_13-268x300.webp 268w, https:\/\/ac-truck.com\/wp-content\/uploads\/2025\/12\/\u94a9\u81c2\u5783\u573e\u8f66\u8be6\u60c5\u9875_13-768x860.webp 768w, https:\/\/ac-truck.com\/wp-content\/uploads\/2025\/12\/\u94a9\u81c2\u5783\u573e\u8f66\u8be6\u60c5\u9875_13-11x12.webp 11w, https:\/\/ac-truck.com\/wp-content\/uploads\/2025\/12\/\u94a9\u81c2\u5783\u573e\u8f66\u8be6\u60c5\u9875_13-600x672.webp 600w, https:\/\/ac-truck.com\/wp-content\/uploads\/2025\/12\/\u94a9\u81c2\u5783\u573e\u8f66\u8be6\u60c5\u9875_13-150x168.webp 150w\" sizes=\"(max-width: 1234px) 100vw, 1234px\" \/><\/p>\n<p><strong>1. Poubelle m\u00e9nag\u00e8re<\/strong><br \/>\n<strong>2. Station mobile de traitement des d\u00e9chets<\/strong><br \/>\n<strong>3. Bac \u00e0 d\u00e9chets de construction<\/strong><br \/>\n<strong>4. Poubelle \u00e0 boues<\/strong><br \/>\n<strong>5.Tarp &#8211; covered garbage bin<\/strong><br \/>\n<strong>6.Wing &#8211; opening garbage bin<\/strong><\/p>\n<h1 style=\"text-align: center;\">PROCESSUS DE PRODUCTION<\/h1>\n<p><img loading=\"lazy\" decoding=\"async\" class=\"aligncenter wp-image-6942\" src=\"https:\/\/ac-truck.com\/wp-content\/uploads\/2025\/12\/\u94a9\u81c2\u5783\u573e\u8f66\u8be6\u60c5\u9875_15.webp\" alt=\"\" width=\"1234\" height=\"3019\" srcset=\"https:\/\/ac-truck.com\/wp-content\/uploads\/2025\/12\/\u94a9\u81c2\u5783\u573e\u8f66\u8be6\u60c5\u9875_15.webp 790w, https:\/\/ac-truck.com\/wp-content\/uploads\/2025\/12\/\u94a9\u81c2\u5783\u573e\u8f66\u8be6\u60c5\u9875_15-123x300.webp 123w, https:\/\/ac-truck.com\/wp-content\/uploads\/2025\/12\/\u94a9\u81c2\u5783\u573e\u8f66\u8be6\u60c5\u9875_15-418x1024.webp 418w, https:\/\/ac-truck.com\/wp-content\/uploads\/2025\/12\/\u94a9\u81c2\u5783\u573e\u8f66\u8be6\u60c5\u9875_15-768x1879.webp 768w, https:\/\/ac-truck.com\/wp-content\/uploads\/2025\/12\/\u94a9\u81c2\u5783\u573e\u8f66\u8be6\u60c5\u9875_15-628x1536.webp 628w, https:\/\/ac-truck.com\/wp-content\/uploads\/2025\/12\/\u94a9\u81c2\u5783\u573e\u8f66\u8be6\u60c5\u9875_15-5x12.webp 5w, https:\/\/ac-truck.com\/wp-content\/uploads\/2025\/12\/\u94a9\u81c2\u5783\u573e\u8f66\u8be6\u60c5\u9875_15-600x1468.webp 600w, https:\/\/ac-truck.com\/wp-content\/uploads\/2025\/12\/\u94a9\u81c2\u5783\u573e\u8f66\u8be6\u60c5\u9875_15-150x367.webp 150w\" sizes=\"(max-width: 1234px) 100vw, 1234px\" \/> <img loading=\"lazy\" decoding=\"async\" class=\"aligncenter wp-image-6943\" src=\"https:\/\/ac-truck.com\/wp-content\/uploads\/2025\/12\/\u94a9\u81c2\u5783\u573e\u8f66\u8be6\u60c5\u9875_16.webp\" alt=\"\" width=\"1234\" height=\"2274\" srcset=\"https:\/\/ac-truck.com\/wp-content\/uploads\/2025\/12\/\u94a9\u81c2\u5783\u573e\u8f66\u8be6\u60c5\u9875_16.webp 790w, https:\/\/ac-truck.com\/wp-content\/uploads\/2025\/12\/\u94a9\u81c2\u5783\u573e\u8f66\u8be6\u60c5\u9875_16-163x300.webp 163w, https:\/\/ac-truck.com\/wp-content\/uploads\/2025\/12\/\u94a9\u81c2\u5783\u573e\u8f66\u8be6\u60c5\u9875_16-556x1024.webp 556w, https:\/\/ac-truck.com\/wp-content\/uploads\/2025\/12\/\u94a9\u81c2\u5783\u573e\u8f66\u8be6\u60c5\u9875_16-768x1415.webp 768w, https:\/\/ac-truck.com\/wp-content\/uploads\/2025\/12\/\u94a9\u81c2\u5783\u573e\u8f66\u8be6\u60c5\u9875_16-7x12.webp 7w, https:\/\/ac-truck.com\/wp-content\/uploads\/2025\/12\/\u94a9\u81c2\u5783\u573e\u8f66\u8be6\u60c5\u9875_16-600x1106.webp 600w, https:\/\/ac-truck.com\/wp-content\/uploads\/2025\/12\/\u94a9\u81c2\u5783\u573e\u8f66\u8be6\u60c5\u9875_16-150x276.webp 150w\" sizes=\"(max-width: 1234px) 100vw, 1234px\" \/><\/p>\n<p><strong>1. D\u00e9coupe de production<\/strong><br \/>\n<strong>2. Fabrication du ch\u00e2ssis auxiliaire<\/strong><br \/>\n<strong>3. Hook &#8211; arm main body assembly<\/strong><br \/>\n<strong>4. Assemblage des composants hydrauliques<\/strong><br \/>\n<strong>5. Installation du cadre auxiliaire<\/strong><br \/>\n<strong>6. Hook &#8211; arm mechanism and cylinder assembly<\/strong><br \/>\n<strong>7. Ach\u00e8vement de l'installation de la superstructure du v\u00e9hicule.<\/strong><\/p>\n<h1 style=\"text-align: center;\">SC\u00c9NARIOS D'APPLICATION<\/h1>\n<p><img loading=\"lazy\" decoding=\"async\" class=\"aligncenter wp-image-6944\" src=\"https:\/\/ac-truck.com\/wp-content\/uploads\/2025\/12\/\u94a9\u81c2\u5783\u573e\u8f66\u8be6\u60c5\u9875_18.webp\" alt=\"\" width=\"1234\" height=\"2374\" srcset=\"https:\/\/ac-truck.com\/wp-content\/uploads\/2025\/12\/\u94a9\u81c2\u5783\u573e\u8f66\u8be6\u60c5\u9875_18.webp 790w, https:\/\/ac-truck.com\/wp-content\/uploads\/2025\/12\/\u94a9\u81c2\u5783\u573e\u8f66\u8be6\u60c5\u9875_18-156x300.webp 156w, https:\/\/ac-truck.com\/wp-content\/uploads\/2025\/12\/\u94a9\u81c2\u5783\u573e\u8f66\u8be6\u60c5\u9875_18-532x1024.webp 532w, https:\/\/ac-truck.com\/wp-content\/uploads\/2025\/12\/\u94a9\u81c2\u5783\u573e\u8f66\u8be6\u60c5\u9875_18-768x1478.webp 768w, https:\/\/ac-truck.com\/wp-content\/uploads\/2025\/12\/\u94a9\u81c2\u5783\u573e\u8f66\u8be6\u60c5\u9875_18-6x12.webp 6w, https:\/\/ac-truck.com\/wp-content\/uploads\/2025\/12\/\u94a9\u81c2\u5783\u573e\u8f66\u8be6\u60c5\u9875_18-600x1154.webp 600w, https:\/\/ac-truck.com\/wp-content\/uploads\/2025\/12\/\u94a9\u81c2\u5783\u573e\u8f66\u8be6\u60c5\u9875_18-150x289.webp 150w\" sizes=\"(max-width: 1234px) 100vw, 1234px\" \/><\/p>\n<h1 style=\"text-align: center;\">EMBALLAGE ET TRANSPORT<\/h1>\n<p><img loading=\"lazy\" decoding=\"async\" class=\"aligncenter wp-image-6945\" src=\"https:\/\/ac-truck.com\/wp-content\/uploads\/2025\/12\/\u94a9\u81c2\u5783\u573e\u8f66\u8be6\u60c5\u9875_20.webp\" alt=\"\" width=\"1234\" height=\"2206\" srcset=\"https:\/\/ac-truck.com\/wp-content\/uploads\/2025\/12\/\u94a9\u81c2\u5783\u573e\u8f66\u8be6\u60c5\u9875_20.webp 790w, https:\/\/ac-truck.com\/wp-content\/uploads\/2025\/12\/\u94a9\u81c2\u5783\u573e\u8f66\u8be6\u60c5\u9875_20-168x300.webp 168w, https:\/\/ac-truck.com\/wp-content\/uploads\/2025\/12\/\u94a9\u81c2\u5783\u573e\u8f66\u8be6\u60c5\u9875_20-573x1024.webp 573w, https:\/\/ac-truck.com\/wp-content\/uploads\/2025\/12\/\u94a9\u81c2\u5783\u573e\u8f66\u8be6\u60c5\u9875_20-768x1373.webp 768w, https:\/\/ac-truck.com\/wp-content\/uploads\/2025\/12\/\u94a9\u81c2\u5783\u573e\u8f66\u8be6\u60c5\u9875_20-7x12.webp 7w, https:\/\/ac-truck.com\/wp-content\/uploads\/2025\/12\/\u94a9\u81c2\u5783\u573e\u8f66\u8be6\u60c5\u9875_20-600x1072.webp 600w, https:\/\/ac-truck.com\/wp-content\/uploads\/2025\/12\/\u94a9\u81c2\u5783\u573e\u8f66\u8be6\u60c5\u9875_20-150x268.webp 150w\" sizes=\"(max-width: 1234px) 100vw, 1234px\" \/><\/p>","protected":false},"excerpt":{"rendered":"<p>PRODUCT PARAMETERS 6m\u00b3 Hookloader ISUZU project Descriptions \u00a0\u00a0\u00a0 Specifications General\u00a0 Overall dimensions(mm) 5450\u00d72000\u00d72300 curb weight(Kg) 3490 Loading capacity(Kg) 3680 Total<\/p>","protected":false},"featured_media":6946,"template":"","meta":[],"product_brand":[213],"product_cat":[192],"product_tag":[199,200,204,355],"class_list":{"0":"post-6934","1":"product","2":"type-product","3":"status-publish","4":"has-post-thumbnail","6":"product_brand-isuzu","7":"product_cat-garbage-trucks","8":"product_tag-6m","9":"product_tag-hookloader","10":"product_tag-skiploader","11":"product_tag-hooklifts","13":"first","14":"instock","15":"shipping-taxable","16":"product-type-simple"},"_links":{"self":[{"href":"https:\/\/ac-truck.com\/fr\/wp-json\/wp\/v2\/product\/6934","targetHints":{"allow":["GET"]}}],"collection":[{"href":"https:\/\/ac-truck.com\/fr\/wp-json\/wp\/v2\/product"}],"about":[{"href":"https:\/\/ac-truck.com\/fr\/wp-json\/wp\/v2\/types\/product"}],"version-history":[{"count":2,"href":"https:\/\/ac-truck.com\/fr\/wp-json\/wp\/v2\/product\/6934\/revisions"}],"predecessor-version":[{"id":7923,"href":"https:\/\/ac-truck.com\/fr\/wp-json\/wp\/v2\/product\/6934\/revisions\/7923"}],"wp:featuredmedia":[{"embeddable":true,"href":"https:\/\/ac-truck.com\/fr\/wp-json\/wp\/v2\/media\/6946"}],"wp:attachment":[{"href":"https:\/\/ac-truck.com\/fr\/wp-json\/wp\/v2\/media?parent=6934"}],"wp:term":[{"taxonomy":"product_brand","embeddable":true,"href":"https:\/\/ac-truck.com\/fr\/wp-json\/wp\/v2\/product_brand?post=6934"},{"taxonomy":"product_cat","embeddable":true,"href":"https:\/\/ac-truck.com\/fr\/wp-json\/wp\/v2\/product_cat?post=6934"},{"taxonomy":"product_tag","embeddable":true,"href":"https:\/\/ac-truck.com\/fr\/wp-json\/wp\/v2\/product_tag?post=6934"}],"curies":[{"name":"wp","href":"https:\/\/api.w.org\/{rel}","templated":true}]}}