{"id":7030,"date":"2025-12-26T11:58:17","date_gmt":"2025-12-26T03:58:17","guid":{"rendered":"https:\/\/ac-truck.com\/?post_type=product&#038;p=7030"},"modified":"2026-04-08T14:36:39","modified_gmt":"2026-04-08T06:36:39","slug":"5m%c2%b3-hookloader-garbage-truck-jmc","status":"publish","type":"product","link":"https:\/\/ac-truck.com\/fr\/5m%C2%B3-hookloader-garbage-truck-jmc.html","title":{"rendered":"Camion benne \u00e0 crochet JMC de 5 m\u00b3"},"content":{"rendered":"<div style=\"width: 1920px;\" class=\"wp-video\"><!--[if lt IE 9]><script>document.createElement('video');<\/script><![endif]-->\n<video class=\"wp-video-shortcode\" id=\"video-7030-1\" width=\"1920\" height=\"1080\" preload=\"metadata\" controls=\"controls\"><source type=\"video\/mp4\" src=\"https:\/\/ac-truck.com\/wp-content\/uploads\/2025\/12\/\u538b\u7f29\u65e0\u6c34\u5370.mp4?_=1\" \/><a href=\"https:\/\/ac-truck.com\/wp-content\/uploads\/2025\/12\/\u538b\u7f29\u65e0\u6c34\u5370.mp4\">https:\/\/ac-truck.com\/wp-content\/uploads\/2025\/12\/\u538b\u7f29\u65e0\u6c34\u5370.mp4<\/a><\/video><\/div>\n<p><img fetchpriority=\"high\" decoding=\"async\" class=\"aligncenter wp-image-7031\" src=\"https:\/\/ac-truck.com\/wp-content\/uploads\/2025\/12\/\u4ea7\u54c1\u6d77\u62a5_01-45.webp\" alt=\"\" width=\"1234\" height=\"1617\" srcset=\"https:\/\/ac-truck.com\/wp-content\/uploads\/2025\/12\/\u4ea7\u54c1\u6d77\u62a5_01-45.webp 790w, https:\/\/ac-truck.com\/wp-content\/uploads\/2025\/12\/\u4ea7\u54c1\u6d77\u62a5_01-45-229x300.webp 229w, https:\/\/ac-truck.com\/wp-content\/uploads\/2025\/12\/\u4ea7\u54c1\u6d77\u62a5_01-45-782x1024.webp 782w, https:\/\/ac-truck.com\/wp-content\/uploads\/2025\/12\/\u4ea7\u54c1\u6d77\u62a5_01-45-768x1006.webp 768w, https:\/\/ac-truck.com\/wp-content\/uploads\/2025\/12\/\u4ea7\u54c1\u6d77\u62a5_01-45-9x12.webp 9w, https:\/\/ac-truck.com\/wp-content\/uploads\/2025\/12\/\u4ea7\u54c1\u6d77\u62a5_01-45-600x786.webp 600w, https:\/\/ac-truck.com\/wp-content\/uploads\/2025\/12\/\u4ea7\u54c1\u6d77\u62a5_01-45-150x197.webp 150w\" sizes=\"(max-width: 1234px) 100vw, 1234px\" \/><\/p>\n<h1 style=\"text-align: center;\">PARAM\u00c8TRES DU PRODUIT<\/h1>\n<p><img decoding=\"async\" class=\"aligncenter wp-image-7032\" src=\"https:\/\/ac-truck.com\/wp-content\/uploads\/2025\/12\/\u4ea7\u54c1\u6d77\u62a5_03-45.webp\" alt=\"\" width=\"1234\" height=\"486\" srcset=\"https:\/\/ac-truck.com\/wp-content\/uploads\/2025\/12\/\u4ea7\u54c1\u6d77\u62a5_03-45.webp 790w, https:\/\/ac-truck.com\/wp-content\/uploads\/2025\/12\/\u4ea7\u54c1\u6d77\u62a5_03-45-300x118.webp 300w, https:\/\/ac-truck.com\/wp-content\/uploads\/2025\/12\/\u4ea7\u54c1\u6d77\u62a5_03-45-768x302.webp 768w, https:\/\/ac-truck.com\/wp-content\/uploads\/2025\/12\/\u4ea7\u54c1\u6d77\u62a5_03-45-18x7.webp 18w, https:\/\/ac-truck.com\/wp-content\/uploads\/2025\/12\/\u4ea7\u54c1\u6d77\u62a5_03-45-600x236.webp 600w, https:\/\/ac-truck.com\/wp-content\/uploads\/2025\/12\/\u4ea7\u54c1\u6d77\u62a5_03-45-150x59.webp 150w\" sizes=\"(max-width: 1234px) 100vw, 1234px\" \/><\/p>\n<h2 style=\"text-align: center;\">Camion benne \u00e0 crochet JMC de 5 m\u00b3<\/h2>\n<p>&nbsp;<\/p>\n<table>\n<tbody>\n<tr>\n<td width=\"127\"><strong>projet<\/strong><\/td>\n<td width=\"269\"><strong>Descriptions<\/strong><\/td>\n<td width=\"303\"><strong>\u00a0\u00a0\u00a0 Caract\u00e9ristiques<\/strong><\/td>\n<\/tr>\n<tr>\n<td rowspan=\"4\" width=\"127\"><strong>G\u00e9n\u00e9ral\u00a0<\/strong><\/td>\n<td width=\"269\"><strong>Dimensions hors tout (mm)<\/strong><\/td>\n<td width=\"303\"><strong>5515\u00d71980\u00d72190<\/strong><\/td>\n<\/tr>\n<tr>\n<td width=\"269\"><strong>poids \u00e0 vide (kg)<\/strong><\/td>\n<td width=\"303\"><strong>3080<\/strong><\/td>\n<\/tr>\n<tr>\n<td width=\"269\"><strong>Capacit\u00e9 de charge (kg)<\/strong><\/td>\n<td width=\"303\"><strong>4090<\/strong><\/td>\n<\/tr>\n<tr>\n<td width=\"269\"><strong>Masse totale (kg)<\/strong><\/td>\n<td width=\"303\"><strong>7300<\/strong><\/td>\n<\/tr>\n<tr>\n<td rowspan=\"3\" width=\"127\"><strong>Superstructure<\/strong><\/td>\n<td width=\"269\"><strong>Capacit\u00e9 de levage (tonnes)<\/strong><\/td>\n<td width=\"303\"><strong>6-8<\/strong><\/td>\n<\/tr>\n<tr>\n<td width=\"269\"><strong>Volume de la poubelle correspondant (m\u00b3)<\/strong><\/td>\n<td width=\"303\"><strong>5-7<\/strong><\/td>\n<\/tr>\n<tr>\n<td width=\"269\"><strong>Mat\u00e9riau du bras du crochet<\/strong><\/td>\n<td width=\"303\"><strong>Acier haute r\u00e9sistance Q40, Q50<\/strong><\/td>\n<\/tr>\n<tr>\n<td rowspan=\"7\" width=\"127\"><strong>Ch\u00e2ssis<\/strong><\/p>\n<p>&nbsp;<\/td>\n<td width=\"269\"><strong>Marque du ch\u00e2ssis<\/strong><\/td>\n<td width=\"303\"><strong>JMC<\/strong><\/td>\n<\/tr>\n<tr>\n<td width=\"269\"><strong>Formulaire de conducteur<\/strong><\/td>\n<td width=\"303\"><strong>4*2<\/strong><\/td>\n<\/tr>\n<tr>\n<td width=\"269\"><strong>Volant<\/strong><\/td>\n<td width=\"303\"><strong>Conduite \u00e0 gauche<\/strong><\/td>\n<\/tr>\n<tr>\n<td width=\"269\"><strong>Empattement (mm)<\/strong><\/td>\n<td width=\"303\"><strong>3360<\/strong><\/td>\n<\/tr>\n<tr>\n<td width=\"269\"><strong>Puissance maximale du moteur (kW)<\/strong><\/td>\n<td width=\"303\"><strong>85<\/strong><\/td>\n<\/tr>\n<tr>\n<td width=\"269\"><strong>Normes d&#039;\u00e9mission<\/strong><\/td>\n<td width=\"303\"><strong>Euro 6<\/strong><\/td>\n<\/tr>\n<tr>\n<td width=\"269\"><strong>Bo\u00eete de vitesse<\/strong><\/td>\n<td width=\"303\"><strong>5-speed gearbox<\/strong><\/td>\n<\/tr>\n<\/tbody>\n<\/table>\n<h1 style=\"text-align: center;\">AVANTAGES DU V\u00c9HICULE<\/h1>\n<h5 style=\"text-align: center;\">CAPACIT\u00c9 DE CHARGE \u00c0 HAUTE R\u00c9SISTANCE<\/h5>\n<p style=\"text-align: center;\"><img decoding=\"async\" class=\"aligncenter wp-image-6937\" src=\"https:\/\/ac-truck.com\/wp-content\/uploads\/2025\/12\/%E9%92%A9%E8%87%82%E5%9E%83%E5%9C%BE%E8%BD%A6%E8%AF%A6%E6%83%85%E9%A1%B5_05.webp\" sizes=\"(max-width: 1234px) 100vw, 1234px\" srcset=\"https:\/\/ac-truck.com\/wp-content\/uploads\/2025\/12\/\u94a9\u81c2\u5783\u573e\u8f66\u8be6\u60c5\u9875_05.webp 790w, https:\/\/ac-truck.com\/wp-content\/uploads\/2025\/12\/\u94a9\u81c2\u5783\u573e\u8f66\u8be6\u60c5\u9875_05-300x216.webp 300w, https:\/\/ac-truck.com\/wp-content\/uploads\/2025\/12\/\u94a9\u81c2\u5783\u573e\u8f66\u8be6\u60c5\u9875_05-768x554.webp 768w, https:\/\/ac-truck.com\/wp-content\/uploads\/2025\/12\/\u94a9\u81c2\u5783\u573e\u8f66\u8be6\u60c5\u9875_05-18x12.webp 18w, https:\/\/ac-truck.com\/wp-content\/uploads\/2025\/12\/\u94a9\u81c2\u5783\u573e\u8f66\u8be6\u60c5\u9875_05-600x433.webp 600w, https:\/\/ac-truck.com\/wp-content\/uploads\/2025\/12\/\u94a9\u81c2\u5783\u573e\u8f66\u8be6\u60c5\u9875_05-150x108.webp 150w\" alt=\"\" width=\"1234\" height=\"890\" \/><\/p>\n<h1 style=\"text-align: center;\">COMPOSANTS PRINCIPAUX DU BRAS \u00c0 CROCHET<\/h1>\n<p><img loading=\"lazy\" decoding=\"async\" class=\"aligncenter wp-image-6938\" src=\"https:\/\/ac-truck.com\/wp-content\/uploads\/2025\/12\/%E9%92%A9%E8%87%82%E5%9E%83%E5%9C%BE%E8%BD%A6%E8%AF%A6%E6%83%85%E9%A1%B5_07.webp\" sizes=\"(max-width: 1234px) 100vw, 1234px\" srcset=\"https:\/\/ac-truck.com\/wp-content\/uploads\/2025\/12\/\u94a9\u81c2\u5783\u573e\u8f66\u8be6\u60c5\u9875_07.webp 790w, https:\/\/ac-truck.com\/wp-content\/uploads\/2025\/12\/\u94a9\u81c2\u5783\u573e\u8f66\u8be6\u60c5\u9875_07-183x300.webp 183w, https:\/\/ac-truck.com\/wp-content\/uploads\/2025\/12\/\u94a9\u81c2\u5783\u573e\u8f66\u8be6\u60c5\u9875_07-626x1024.webp 626w, https:\/\/ac-truck.com\/wp-content\/uploads\/2025\/12\/\u94a9\u81c2\u5783\u573e\u8f66\u8be6\u60c5\u9875_07-768x1257.webp 768w, https:\/\/ac-truck.com\/wp-content\/uploads\/2025\/12\/\u94a9\u81c2\u5783\u573e\u8f66\u8be6\u60c5\u9875_07-7x12.webp 7w, https:\/\/ac-truck.com\/wp-content\/uploads\/2025\/12\/\u94a9\u81c2\u5783\u573e\u8f66\u8be6\u60c5\u9875_07-600x982.webp 600w, https:\/\/ac-truck.com\/wp-content\/uploads\/2025\/12\/\u94a9\u81c2\u5783\u573e\u8f66\u8be6\u60c5\u9875_07-150x246.webp 150w\" alt=\"\" width=\"1234\" height=\"2020\" \/><\/p>\n<p><strong>1. Crochet \u2013 corps principal du bras (bras principal + bras t\u00e9lescopique + crochet) : Permet d'accrocher, de saisir et de soulever directement la poubelle. Le bras t\u00e9lescopique peut s'adapter \u00e0 des poubelles de diff\u00e9rentes longueurs.<\/strong><br \/>\n<strong>2. V\u00e9rin hydraulique principal : Il fournit la puissance hydraulique n\u00e9cessaire \u00e0 la rotation et \u00e0 l'extension du bras porte-crochet, et contr\u00f4le la vitesse et la force des mouvements.<\/strong><br \/>\n<strong>3. M\u00e9canisme de verrouillage : Il verrouille le conteneur apr\u00e8s l'accrochage afin d'\u00e9viter qu'il ne se d\u00e9tache pendant le transport ; il est fix\u00e9 de mani\u00e8re solidaire lors du d\u00e9chargement.<\/strong><br \/>\n<strong>4. Cadre de basculement : Il relie le bras de levage et le ch\u00e2ssis auxiliaire, permet le levage et le d\u00e9chargement de l'ensemble et r\u00e9siste au moment de renversement.<\/strong><br \/>\n<strong>5. Ch\u00e2ssis auxiliaire : Il supporte le m\u00e9canisme de bras \u00e0 crochet et la benne, et r\u00e9partit le poids sur la poutre du ch\u00e2ssis principal.<\/strong><\/p>\n<h1 style=\"text-align: center;\">SYST\u00c8ME ET ASSEMBLAGE HYDRAULIQUES<\/h1>\n<p><img loading=\"lazy\" decoding=\"async\" class=\"aligncenter wp-image-6939\" src=\"https:\/\/ac-truck.com\/wp-content\/uploads\/2025\/12\/%E9%92%A9%E8%87%82%E5%9E%83%E5%9C%BE%E8%BD%A6%E8%AF%A6%E6%83%85%E9%A1%B5_09.webp\" sizes=\"(max-width: 1234px) 100vw, 1234px\" srcset=\"https:\/\/ac-truck.com\/wp-content\/uploads\/2025\/12\/\u94a9\u81c2\u5783\u573e\u8f66\u8be6\u60c5\u9875_09.webp 790w, https:\/\/ac-truck.com\/wp-content\/uploads\/2025\/12\/\u94a9\u81c2\u5783\u573e\u8f66\u8be6\u60c5\u9875_09-170x300.webp 170w, https:\/\/ac-truck.com\/wp-content\/uploads\/2025\/12\/\u94a9\u81c2\u5783\u573e\u8f66\u8be6\u60c5\u9875_09-581x1024.webp 581w, https:\/\/ac-truck.com\/wp-content\/uploads\/2025\/12\/\u94a9\u81c2\u5783\u573e\u8f66\u8be6\u60c5\u9875_09-768x1354.webp 768w, https:\/\/ac-truck.com\/wp-content\/uploads\/2025\/12\/\u94a9\u81c2\u5783\u573e\u8f66\u8be6\u60c5\u9875_09-7x12.webp 7w, https:\/\/ac-truck.com\/wp-content\/uploads\/2025\/12\/\u94a9\u81c2\u5783\u573e\u8f66\u8be6\u60c5\u9875_09-600x1058.webp 600w, https:\/\/ac-truck.com\/wp-content\/uploads\/2025\/12\/\u94a9\u81c2\u5783\u573e\u8f66\u8be6\u60c5\u9875_09-150x264.webp 150w\" alt=\"\" width=\"1234\" height=\"2176\" \/><\/p>\n<p><strong>1. Prise de force (PDF)<\/strong><br \/>\n<strong>2. Pompe \u00e0 huile hydraulique<\/strong><br \/>\n<strong>3. R\u00e9servoir d'huile hydraulique<\/strong><br \/>\n<strong>4. V\u00e9rin de levage principal<\/strong><br \/>\n<strong>5. V\u00e9rin t\u00e9lescopique int\u00e9gr\u00e9<\/strong><br \/>\n<strong>6. Cylindre de verrouillage<\/strong><br \/>\n<strong>7. Vanne hydraulique multivoies<\/strong><br \/>\n<strong>8. Manom\u00e8tre de pression hydraulique<\/strong><br \/>\n<strong>9. Vanne d'\u00e9quilibrage<\/strong><br \/>\n<strong>10. Tuyau d'huile hydraulique<\/strong><\/p>\n<h1 style=\"text-align: center;\">SIMPLE ET INTELLIGENT \u00c0 UTILISER<\/h1>\n<p><img loading=\"lazy\" decoding=\"async\" class=\"aligncenter wp-image-6940\" src=\"https:\/\/ac-truck.com\/wp-content\/uploads\/2025\/12\/%E9%92%A9%E8%87%82%E5%9E%83%E5%9C%BE%E8%BD%A6%E8%AF%A6%E6%83%85%E9%A1%B5_11.webp\" sizes=\"(max-width: 1234px) 100vw, 1234px\" srcset=\"https:\/\/ac-truck.com\/wp-content\/uploads\/2025\/12\/\u94a9\u81c2\u5783\u573e\u8f66\u8be6\u60c5\u9875_11.webp 790w, https:\/\/ac-truck.com\/wp-content\/uploads\/2025\/12\/\u94a9\u81c2\u5783\u573e\u8f66\u8be6\u60c5\u9875_11-300x120.webp 300w, https:\/\/ac-truck.com\/wp-content\/uploads\/2025\/12\/\u94a9\u81c2\u5783\u573e\u8f66\u8be6\u60c5\u9875_11-768x306.webp 768w, https:\/\/ac-truck.com\/wp-content\/uploads\/2025\/12\/\u94a9\u81c2\u5783\u573e\u8f66\u8be6\u60c5\u9875_11-18x7.webp 18w, https:\/\/ac-truck.com\/wp-content\/uploads\/2025\/12\/\u94a9\u81c2\u5783\u573e\u8f66\u8be6\u60c5\u9875_11-600x239.webp 600w, https:\/\/ac-truck.com\/wp-content\/uploads\/2025\/12\/\u94a9\u81c2\u5783\u573e\u8f66\u8be6\u60c5\u9875_11-150x60.webp 150w\" alt=\"\" width=\"1234\" height=\"492\" \/><\/p>\n<p><strong>1. T\u00e9l\u00e9commande : Permet une utilisation par une seule personne \u00e0 distance.<\/strong><br \/>\n<strong>2. Levier de commande manuel : Con\u00e7u avec un syst\u00e8me de retour au point mort et un dispositif de verrouillage de s\u00e9curit\u00e9 pour garantir un fonctionnement pr\u00e9cis et s\u00fbr.<\/strong><\/p>\n<h1 style=\"text-align: center;\">CORRESPONDANCE DES CONTENEURS<\/h1>\n<p><img loading=\"lazy\" decoding=\"async\" class=\"aligncenter wp-image-6941\" src=\"https:\/\/ac-truck.com\/wp-content\/uploads\/2025\/12\/%E9%92%A9%E8%87%82%E5%9E%83%E5%9C%BE%E8%BD%A6%E8%AF%A6%E6%83%85%E9%A1%B5_13.webp\" sizes=\"(max-width: 1234px) 100vw, 1234px\" srcset=\"https:\/\/ac-truck.com\/wp-content\/uploads\/2025\/12\/\u94a9\u81c2\u5783\u573e\u8f66\u8be6\u60c5\u9875_13.webp 790w, https:\/\/ac-truck.com\/wp-content\/uploads\/2025\/12\/\u94a9\u81c2\u5783\u573e\u8f66\u8be6\u60c5\u9875_13-268x300.webp 268w, https:\/\/ac-truck.com\/wp-content\/uploads\/2025\/12\/\u94a9\u81c2\u5783\u573e\u8f66\u8be6\u60c5\u9875_13-768x860.webp 768w, https:\/\/ac-truck.com\/wp-content\/uploads\/2025\/12\/\u94a9\u81c2\u5783\u573e\u8f66\u8be6\u60c5\u9875_13-11x12.webp 11w, https:\/\/ac-truck.com\/wp-content\/uploads\/2025\/12\/\u94a9\u81c2\u5783\u573e\u8f66\u8be6\u60c5\u9875_13-600x672.webp 600w, https:\/\/ac-truck.com\/wp-content\/uploads\/2025\/12\/\u94a9\u81c2\u5783\u573e\u8f66\u8be6\u60c5\u9875_13-150x168.webp 150w\" alt=\"\" width=\"1234\" height=\"1382\" \/><\/p>\n<p><strong>1. Poubelle m\u00e9nag\u00e8re<\/strong><br \/>\n<strong>2. Station mobile de traitement des d\u00e9chets<\/strong><br \/>\n<strong>3. Bac \u00e0 d\u00e9chets de construction<\/strong><br \/>\n<strong>4. Poubelle \u00e0 boues<\/strong><br \/>\n<strong>5. Poubelle recouverte d'une b\u00e2che<\/strong><br \/>\n<strong>6. Wing \u2013 ouverture de la poubelle<\/strong><\/p>\n<h1 style=\"text-align: center;\">PROCESSUS DE PRODUCTION<\/h1>\n<p><img loading=\"lazy\" decoding=\"async\" class=\"aligncenter wp-image-6942\" src=\"https:\/\/ac-truck.com\/wp-content\/uploads\/2025\/12\/%E9%92%A9%E8%87%82%E5%9E%83%E5%9C%BE%E8%BD%A6%E8%AF%A6%E6%83%85%E9%A1%B5_15.webp\" sizes=\"(max-width: 1234px) 100vw, 1234px\" srcset=\"https:\/\/ac-truck.com\/wp-content\/uploads\/2025\/12\/\u94a9\u81c2\u5783\u573e\u8f66\u8be6\u60c5\u9875_15.webp 790w, https:\/\/ac-truck.com\/wp-content\/uploads\/2025\/12\/\u94a9\u81c2\u5783\u573e\u8f66\u8be6\u60c5\u9875_15-123x300.webp 123w, https:\/\/ac-truck.com\/wp-content\/uploads\/2025\/12\/\u94a9\u81c2\u5783\u573e\u8f66\u8be6\u60c5\u9875_15-418x1024.webp 418w, https:\/\/ac-truck.com\/wp-content\/uploads\/2025\/12\/\u94a9\u81c2\u5783\u573e\u8f66\u8be6\u60c5\u9875_15-768x1879.webp 768w, https:\/\/ac-truck.com\/wp-content\/uploads\/2025\/12\/\u94a9\u81c2\u5783\u573e\u8f66\u8be6\u60c5\u9875_15-628x1536.webp 628w, https:\/\/ac-truck.com\/wp-content\/uploads\/2025\/12\/\u94a9\u81c2\u5783\u573e\u8f66\u8be6\u60c5\u9875_15-5x12.webp 5w, https:\/\/ac-truck.com\/wp-content\/uploads\/2025\/12\/\u94a9\u81c2\u5783\u573e\u8f66\u8be6\u60c5\u9875_15-600x1468.webp 600w, https:\/\/ac-truck.com\/wp-content\/uploads\/2025\/12\/\u94a9\u81c2\u5783\u573e\u8f66\u8be6\u60c5\u9875_15-150x367.webp 150w\" alt=\"\" width=\"1234\" height=\"3019\" \/><img loading=\"lazy\" decoding=\"async\" class=\"aligncenter wp-image-6943\" src=\"https:\/\/ac-truck.com\/wp-content\/uploads\/2025\/12\/%E9%92%A9%E8%87%82%E5%9E%83%E5%9C%BE%E8%BD%A6%E8%AF%A6%E6%83%85%E9%A1%B5_16.webp\" sizes=\"(max-width: 1234px) 100vw, 1234px\" srcset=\"https:\/\/ac-truck.com\/wp-content\/uploads\/2025\/12\/\u94a9\u81c2\u5783\u573e\u8f66\u8be6\u60c5\u9875_16.webp 790w, https:\/\/ac-truck.com\/wp-content\/uploads\/2025\/12\/\u94a9\u81c2\u5783\u573e\u8f66\u8be6\u60c5\u9875_16-163x300.webp 163w, https:\/\/ac-truck.com\/wp-content\/uploads\/2025\/12\/\u94a9\u81c2\u5783\u573e\u8f66\u8be6\u60c5\u9875_16-556x1024.webp 556w, https:\/\/ac-truck.com\/wp-content\/uploads\/2025\/12\/\u94a9\u81c2\u5783\u573e\u8f66\u8be6\u60c5\u9875_16-768x1415.webp 768w, https:\/\/ac-truck.com\/wp-content\/uploads\/2025\/12\/\u94a9\u81c2\u5783\u573e\u8f66\u8be6\u60c5\u9875_16-7x12.webp 7w, https:\/\/ac-truck.com\/wp-content\/uploads\/2025\/12\/\u94a9\u81c2\u5783\u573e\u8f66\u8be6\u60c5\u9875_16-600x1106.webp 600w, https:\/\/ac-truck.com\/wp-content\/uploads\/2025\/12\/\u94a9\u81c2\u5783\u573e\u8f66\u8be6\u60c5\u9875_16-150x276.webp 150w\" alt=\"\" width=\"1234\" height=\"2274\" \/><\/p>\n<p><strong>1. D\u00e9coupe de production<\/strong><br \/>\n<strong>2. Fabrication du ch\u00e2ssis auxiliaire<\/strong><br \/>\n<strong>3. Crochet \u2013 ensemble du corps principal du bras<\/strong><br \/>\n<strong>4. Assemblage des composants hydrauliques<\/strong><br \/>\n<strong>5. Installation du cadre auxiliaire<\/strong><br \/>\n<strong>6. M\u00e9canisme de crochetage du bras et ensemble cylindre<\/strong><br \/>\n<strong>7. Ach\u00e8vement de l'installation de la superstructure du v\u00e9hicule.<\/strong><\/p>\n<h1 style=\"text-align: center;\">SC\u00c9NARIOS D'APPLICATION<\/h1>\n<p><img loading=\"lazy\" decoding=\"async\" class=\"aligncenter wp-image-6944\" src=\"https:\/\/ac-truck.com\/wp-content\/uploads\/2025\/12\/%E9%92%A9%E8%87%82%E5%9E%83%E5%9C%BE%E8%BD%A6%E8%AF%A6%E6%83%85%E9%A1%B5_18.webp\" sizes=\"(max-width: 1234px) 100vw, 1234px\" srcset=\"https:\/\/ac-truck.com\/wp-content\/uploads\/2025\/12\/\u94a9\u81c2\u5783\u573e\u8f66\u8be6\u60c5\u9875_18.webp 790w, https:\/\/ac-truck.com\/wp-content\/uploads\/2025\/12\/\u94a9\u81c2\u5783\u573e\u8f66\u8be6\u60c5\u9875_18-156x300.webp 156w, https:\/\/ac-truck.com\/wp-content\/uploads\/2025\/12\/\u94a9\u81c2\u5783\u573e\u8f66\u8be6\u60c5\u9875_18-532x1024.webp 532w, https:\/\/ac-truck.com\/wp-content\/uploads\/2025\/12\/\u94a9\u81c2\u5783\u573e\u8f66\u8be6\u60c5\u9875_18-768x1478.webp 768w, https:\/\/ac-truck.com\/wp-content\/uploads\/2025\/12\/\u94a9\u81c2\u5783\u573e\u8f66\u8be6\u60c5\u9875_18-6x12.webp 6w, https:\/\/ac-truck.com\/wp-content\/uploads\/2025\/12\/\u94a9\u81c2\u5783\u573e\u8f66\u8be6\u60c5\u9875_18-600x1154.webp 600w, https:\/\/ac-truck.com\/wp-content\/uploads\/2025\/12\/\u94a9\u81c2\u5783\u573e\u8f66\u8be6\u60c5\u9875_18-150x289.webp 150w\" alt=\"\" width=\"1234\" height=\"2374\" \/><\/p>\n<h1 style=\"text-align: center;\">EMBALLAGE ET TRANSPORT<\/h1>\n<p><img loading=\"lazy\" decoding=\"async\" class=\"aligncenter wp-image-6945\" src=\"https:\/\/ac-truck.com\/wp-content\/uploads\/2025\/12\/%E9%92%A9%E8%87%82%E5%9E%83%E5%9C%BE%E8%BD%A6%E8%AF%A6%E6%83%85%E9%A1%B5_20.webp\" sizes=\"(max-width: 1234px) 100vw, 1234px\" srcset=\"https:\/\/ac-truck.com\/wp-content\/uploads\/2025\/12\/\u94a9\u81c2\u5783\u573e\u8f66\u8be6\u60c5\u9875_20.webp 790w, https:\/\/ac-truck.com\/wp-content\/uploads\/2025\/12\/\u94a9\u81c2\u5783\u573e\u8f66\u8be6\u60c5\u9875_20-168x300.webp 168w, https:\/\/ac-truck.com\/wp-content\/uploads\/2025\/12\/\u94a9\u81c2\u5783\u573e\u8f66\u8be6\u60c5\u9875_20-573x1024.webp 573w, https:\/\/ac-truck.com\/wp-content\/uploads\/2025\/12\/\u94a9\u81c2\u5783\u573e\u8f66\u8be6\u60c5\u9875_20-768x1373.webp 768w, https:\/\/ac-truck.com\/wp-content\/uploads\/2025\/12\/\u94a9\u81c2\u5783\u573e\u8f66\u8be6\u60c5\u9875_20-7x12.webp 7w, https:\/\/ac-truck.com\/wp-content\/uploads\/2025\/12\/\u94a9\u81c2\u5783\u573e\u8f66\u8be6\u60c5\u9875_20-600x1072.webp 600w, https:\/\/ac-truck.com\/wp-content\/uploads\/2025\/12\/\u94a9\u81c2\u5783\u573e\u8f66\u8be6\u60c5\u9875_20-150x268.webp 150w\" alt=\"\" width=\"1234\" height=\"2206\" \/><\/p>","protected":false},"excerpt":{"rendered":"<p>PRODUCT PARAMETERS 5m\u00b3 Hookloader Garbage Truck JMC &nbsp; project Descriptions \u00a0\u00a0\u00a0 Specifications General\u00a0 Overall dimensions(mm) 5515\u00d71980\u00d72190 curb weight(Kg) 3080 Loading<\/p>","protected":false},"featured_media":7033,"template":"","meta":[],"product_brand":[211],"product_cat":[192],"product_tag":[200,204,226,355],"class_list":{"0":"post-7030","1":"product","2":"type-product","3":"status-publish","4":"has-post-thumbnail","6":"product_brand-jmc","7":"product_cat-garbage-trucks","8":"product_tag-hookloader","9":"product_tag-skiploader","10":"product_tag-5m","11":"product_tag-hooklifts","13":"first","14":"instock","15":"shipping-taxable","16":"product-type-simple"},"_links":{"self":[{"href":"https:\/\/ac-truck.com\/fr\/wp-json\/wp\/v2\/product\/7030","targetHints":{"allow":["GET"]}}],"collection":[{"href":"https:\/\/ac-truck.com\/fr\/wp-json\/wp\/v2\/product"}],"about":[{"href":"https:\/\/ac-truck.com\/fr\/wp-json\/wp\/v2\/types\/product"}],"version-history":[{"count":3,"href":"https:\/\/ac-truck.com\/fr\/wp-json\/wp\/v2\/product\/7030\/revisions"}],"predecessor-version":[{"id":7914,"href":"https:\/\/ac-truck.com\/fr\/wp-json\/wp\/v2\/product\/7030\/revisions\/7914"}],"wp:featuredmedia":[{"embeddable":true,"href":"https:\/\/ac-truck.com\/fr\/wp-json\/wp\/v2\/media\/7033"}],"wp:attachment":[{"href":"https:\/\/ac-truck.com\/fr\/wp-json\/wp\/v2\/media?parent=7030"}],"wp:term":[{"taxonomy":"product_brand","embeddable":true,"href":"https:\/\/ac-truck.com\/fr\/wp-json\/wp\/v2\/product_brand?post=7030"},{"taxonomy":"product_cat","embeddable":true,"href":"https:\/\/ac-truck.com\/fr\/wp-json\/wp\/v2\/product_cat?post=7030"},{"taxonomy":"product_tag","embeddable":true,"href":"https:\/\/ac-truck.com\/fr\/wp-json\/wp\/v2\/product_tag?post=7030"}],"curies":[{"name":"wp","href":"https:\/\/api.w.org\/{rel}","templated":true}]}}