{"id":7152,"date":"2026-01-07T11:01:29","date_gmt":"2026-01-07T03:01:29","guid":{"rendered":"https:\/\/ac-truck.com\/?post_type=product&#038;p=7152"},"modified":"2026-01-07T11:01:29","modified_gmt":"2026-01-07T03:01:29","slug":"50t-heavy-towing-truck-howo","status":"publish","type":"product","link":"https:\/\/ac-truck.com\/fr\/50t-heavy-towing-truck-howo.html","title":{"rendered":"Camion de remorquage lourd 50T HOWO"},"content":{"rendered":"<p><img fetchpriority=\"high\" decoding=\"async\" class=\"aligncenter wp-image-7153\" src=\"https:\/\/ac-truck.com\/wp-content\/uploads\/2026\/01\/\u4ea7\u54c1\u6d77\u62a5_01-9.webp\" alt=\"\" width=\"1234\" height=\"1620\" srcset=\"https:\/\/ac-truck.com\/wp-content\/uploads\/2026\/01\/\u4ea7\u54c1\u6d77\u62a5_01-9.webp 790w, https:\/\/ac-truck.com\/wp-content\/uploads\/2026\/01\/\u4ea7\u54c1\u6d77\u62a5_01-9-229x300.webp 229w, https:\/\/ac-truck.com\/wp-content\/uploads\/2026\/01\/\u4ea7\u54c1\u6d77\u62a5_01-9-780x1024.webp 780w, https:\/\/ac-truck.com\/wp-content\/uploads\/2026\/01\/\u4ea7\u54c1\u6d77\u62a5_01-9-768x1008.webp 768w, https:\/\/ac-truck.com\/wp-content\/uploads\/2026\/01\/\u4ea7\u54c1\u6d77\u62a5_01-9-9x12.webp 9w, https:\/\/ac-truck.com\/wp-content\/uploads\/2026\/01\/\u4ea7\u54c1\u6d77\u62a5_01-9-600x788.webp 600w, https:\/\/ac-truck.com\/wp-content\/uploads\/2026\/01\/\u4ea7\u54c1\u6d77\u62a5_01-9-150x197.webp 150w\" sizes=\"(max-width: 1234px) 100vw, 1234px\" \/><\/p>\n<h1 style=\"text-align: center;\">PARAM\u00c8TRES DU PRODUIT<\/h1>\n<p><img decoding=\"async\" class=\"aligncenter wp-image-7154\" src=\"https:\/\/ac-truck.com\/wp-content\/uploads\/2026\/01\/\u4ea7\u54c1\u6d77\u62a5_03-9.webp\" alt=\"\" width=\"1234\" height=\"476\" srcset=\"https:\/\/ac-truck.com\/wp-content\/uploads\/2026\/01\/\u4ea7\u54c1\u6d77\u62a5_03-9.webp 790w, https:\/\/ac-truck.com\/wp-content\/uploads\/2026\/01\/\u4ea7\u54c1\u6d77\u62a5_03-9-300x116.webp 300w, https:\/\/ac-truck.com\/wp-content\/uploads\/2026\/01\/\u4ea7\u54c1\u6d77\u62a5_03-9-768x297.webp 768w, https:\/\/ac-truck.com\/wp-content\/uploads\/2026\/01\/\u4ea7\u54c1\u6d77\u62a5_03-9-18x7.webp 18w, https:\/\/ac-truck.com\/wp-content\/uploads\/2026\/01\/\u4ea7\u54c1\u6d77\u62a5_03-9-600x232.webp 600w, https:\/\/ac-truck.com\/wp-content\/uploads\/2026\/01\/\u4ea7\u54c1\u6d77\u62a5_03-9-150x58.webp 150w\" sizes=\"(max-width: 1234px) 100vw, 1234px\" \/><\/p>\n<h2 style=\"text-align: center;\">Camion de remorquage lourd 50T HOWO<\/h2>\n<table>\n<tbody>\n<tr>\n<td width=\"79\"><strong>projet<\/strong><\/td>\n<td colspan=\"2\" width=\"319\"><strong>Descriptions<\/strong><\/td>\n<td width=\"288\"><strong>Caract\u00e9ristiques<\/strong><\/td>\n<\/tr>\n<tr>\n<td rowspan=\"3\" width=\"79\"><strong>Basique<\/strong><\/td>\n<td colspan=\"2\" width=\"319\"><strong>Dimensions hors tout (mm)<\/strong><\/td>\n<td width=\"288\"><strong>11225\u00d72550\u00d73530<\/strong><\/td>\n<\/tr>\n<tr>\n<td colspan=\"2\" width=\"319\"><strong>poids \u00e0 vide (kg)<\/strong><\/td>\n<td width=\"288\"><strong>28000<\/strong><\/td>\n<\/tr>\n<tr>\n<td colspan=\"2\" width=\"319\"><strong>Masse totale (kg)<\/strong><\/td>\n<td width=\"288\"><strong>44000<\/strong><\/td>\n<\/tr>\n<tr>\n<td rowspan=\"5\" width=\"79\"><strong>Corps<\/strong><\/td>\n<td colspan=\"2\" width=\"319\"><strong>Capacit\u00e9 de remorquage maximale (kg)<\/strong><\/td>\n<td width=\"288\"><strong>50000<\/strong><\/td>\n<\/tr>\n<tr>\n<td rowspan=\"2\" width=\"69\"><strong>Syst\u00e8me de levage arri\u00e8re<\/strong><\/td>\n<td width=\"250\"><strong>Capacit\u00e9 de levage maximale (kg)<\/strong><\/td>\n<td width=\"288\"><strong>28000<\/strong><\/td>\n<\/tr>\n<tr>\n<td width=\"250\"><strong>Capacit\u00e9 de levage maximale en position enti\u00e8rement d\u00e9ploy\u00e9e (kg)<\/strong><\/td>\n<td width=\"288\"><strong>8300<\/strong><\/td>\n<\/tr>\n<tr>\n<td rowspan=\"2\" width=\"69\"><strong>Syst\u00e8me de grue<\/strong><\/td>\n<td width=\"250\"><strong>Capacit\u00e9 de levage maximale (kg)<\/strong><\/td>\n<td width=\"288\"><strong>50000<\/strong><\/td>\n<\/tr>\n<tr>\n<td width=\"250\"><strong>Hauteur de levage maximale (mm)<\/strong><\/td>\n<td width=\"288\"><strong>12300<\/strong><\/td>\n<\/tr>\n<tr>\n<td rowspan=\"7\" width=\"79\"><strong>Ch\u00e2ssis<\/strong><\/p>\n<p>&nbsp;<\/td>\n<td colspan=\"2\" width=\"319\"><strong>Marque du ch\u00e2ssis<\/strong><\/td>\n<td width=\"288\"><strong>HOWO<\/strong><\/td>\n<\/tr>\n<tr>\n<td colspan=\"2\" width=\"319\"><strong>Formulaire de conduite<\/strong><\/td>\n<td width=\"288\"><strong>8\u00d74<\/strong><\/td>\n<\/tr>\n<tr>\n<td colspan=\"2\" width=\"319\"><strong>Volant<\/strong><\/td>\n<td width=\"288\"><strong>Conduite \u00e0 gauche<\/strong><\/td>\n<\/tr>\n<tr>\n<td colspan=\"2\" width=\"319\"><strong>Marque et mod\u00e8le du moteur<\/strong><\/td>\n<td width=\"288\"><strong>Sinotruk\/MC11.40-60<\/strong><\/td>\n<\/tr>\n<tr>\n<td colspan=\"2\" width=\"319\"><strong>Puissance maximale du moteur (kW)<\/strong><\/td>\n<td width=\"288\"><strong>297<\/strong><\/td>\n<\/tr>\n<tr>\n<td colspan=\"2\" width=\"319\"><strong>Normes d&#039;\u00e9mission<\/strong><\/td>\n<td width=\"288\"><strong>Euro 5<\/strong><\/td>\n<\/tr>\n<tr>\n<td colspan=\"2\" width=\"319\"><strong>Bo\u00eete de vitesse<\/strong><\/td>\n<td width=\"288\"><strong>HOWO10-speed manual<\/strong><\/td>\n<\/tr>\n<\/tbody>\n<\/table>\n<h1 style=\"text-align: center;\">AVANTAGES DU V\u00c9HICULE<\/h1>\n<h5 style=\"text-align: center;\">CAPACIT\u00c9 DE REMORQUAGE POUR TOUS LES TONNAGES<\/h5>\n<p><img decoding=\"async\" class=\"aligncenter wp-image-7057\" src=\"https:\/\/ac-truck.com\/wp-content\/uploads\/2026\/01\/%E9%87%8D%E5%9E%8B%E6%B8%85%E9%9A%9C%E8%BD%A6%E8%AF%A6%E6%83%85%E9%A1%B5_05.webp\" sizes=\"(max-width: 1234px) 100vw, 1234px\" srcset=\"https:\/\/ac-truck.com\/wp-content\/uploads\/2026\/01\/\u91cd\u578b\u6e05\u969c\u8f66\u8be6\u60c5\u9875_05.webp 790w, https:\/\/ac-truck.com\/wp-content\/uploads\/2026\/01\/\u91cd\u578b\u6e05\u969c\u8f66\u8be6\u60c5\u9875_05-216x300.webp 216w, https:\/\/ac-truck.com\/wp-content\/uploads\/2026\/01\/\u91cd\u578b\u6e05\u969c\u8f66\u8be6\u60c5\u9875_05-737x1024.webp 737w, https:\/\/ac-truck.com\/wp-content\/uploads\/2026\/01\/\u91cd\u578b\u6e05\u969c\u8f66\u8be6\u60c5\u9875_05-768x1067.webp 768w, https:\/\/ac-truck.com\/wp-content\/uploads\/2026\/01\/\u91cd\u578b\u6e05\u969c\u8f66\u8be6\u60c5\u9875_05-9x12.webp 9w, https:\/\/ac-truck.com\/wp-content\/uploads\/2026\/01\/\u91cd\u578b\u6e05\u969c\u8f66\u8be6\u60c5\u9875_05-600x834.webp 600w, https:\/\/ac-truck.com\/wp-content\/uploads\/2026\/01\/\u91cd\u578b\u6e05\u969c\u8f66\u8be6\u60c5\u9875_05-150x208.webp 150w\" alt=\"\" width=\"1234\" height=\"1715\" \/><img loading=\"lazy\" decoding=\"async\" class=\"aligncenter wp-image-7058\" src=\"https:\/\/ac-truck.com\/wp-content\/uploads\/2026\/01\/%E9%87%8D%E5%9E%8B%E6%B8%85%E9%9A%9C%E8%BD%A6%E8%AF%A6%E6%83%85%E9%A1%B5_06.webp\" sizes=\"(max-width: 1234px) 100vw, 1234px\" srcset=\"https:\/\/ac-truck.com\/wp-content\/uploads\/2026\/01\/\u91cd\u578b\u6e05\u969c\u8f66\u8be6\u60c5\u9875_06.webp 790w, https:\/\/ac-truck.com\/wp-content\/uploads\/2026\/01\/\u91cd\u578b\u6e05\u969c\u8f66\u8be6\u60c5\u9875_06-124x300.webp 124w, https:\/\/ac-truck.com\/wp-content\/uploads\/2026\/01\/\u91cd\u578b\u6e05\u969c\u8f66\u8be6\u60c5\u9875_06-423x1024.webp 423w, https:\/\/ac-truck.com\/wp-content\/uploads\/2026\/01\/\u91cd\u578b\u6e05\u969c\u8f66\u8be6\u60c5\u9875_06-768x1861.webp 768w, https:\/\/ac-truck.com\/wp-content\/uploads\/2026\/01\/\u91cd\u578b\u6e05\u969c\u8f66\u8be6\u60c5\u9875_06-634x1536.webp 634w, https:\/\/ac-truck.com\/wp-content\/uploads\/2026\/01\/\u91cd\u578b\u6e05\u969c\u8f66\u8be6\u60c5\u9875_06-5x12.webp 5w, https:\/\/ac-truck.com\/wp-content\/uploads\/2026\/01\/\u91cd\u578b\u6e05\u969c\u8f66\u8be6\u60c5\u9875_06-600x1454.webp 600w, https:\/\/ac-truck.com\/wp-content\/uploads\/2026\/01\/\u91cd\u578b\u6e05\u969c\u8f66\u8be6\u60c5\u9875_06-150x363.webp 150w\" alt=\"\" width=\"1234\" height=\"2990\" \/><\/p>\n<p>1. Bras t\u00e9lescopiques principal et auxiliaire : Ils ne se d\u00e9forment pas et ne se plient pas sous de lourdes charges. Gr\u00e2ce \u00e0 leur conception t\u00e9lescopique multi-sections, ils offrent un rayon d'action plus large, permettant de g\u00e9rer des situations telles que les renversements de v\u00e9hicules lourds, les chutes dans les foss\u00e9s et le remorquage sur de longues distances. Ils peuvent fournir un soutien direct.<br \/>\n2. Bras de support arri\u00e8re \u00e0 haute capacit\u00e9 de charge : Il est forg\u00e9 d'une seule pi\u00e8ce avec une \u00e9paisseur et une largeur accrues. Il permet un t\u00e9lescopage \u00e0 plusieurs niveaux et une rotation multi-angles (0 \u00e0 90\u00b0), et convient aux v\u00e9hicules lourds de diff\u00e9rents empattements et pr\u00e9sentant diverses configurations de panne (roue bloqu\u00e9e, v\u00e9hicule renvers\u00e9, essieu cass\u00e9). Il permet le levage et le transport du v\u00e9hicule dans son int\u00e9gralit\u00e9.<br \/>\n3. Treuil hydraulique de grande capacit\u00e9 : Il est \u00e9quip\u00e9 de c\u00e2bles en acier \u00e0 \u00e2me haute r\u00e9sistance et r\u00e9sistants \u00e0 l'usure. Il dispose d'une fonction de freinage autobloquant et de descente lente. Il ne glisse pas et ne recule pas lors du remorquage de charges lourdes et convient aux conditions de travail extr\u00eames, notamment pour le remorquage d'urgence de v\u00e9hicules lourds.<\/p>\n<h1 style=\"text-align: center;\">NOYAU DE SOUTIEN \u00c0 LA S\u00c9CURIT\u00c9<\/h1>\n<p><img loading=\"lazy\" decoding=\"async\" class=\"aligncenter wp-image-7059\" src=\"https:\/\/ac-truck.com\/wp-content\/uploads\/2026\/01\/%E9%87%8D%E5%9E%8B%E6%B8%85%E9%9A%9C%E8%BD%A6%E8%AF%A6%E6%83%85%E9%A1%B5_08.webp\" sizes=\"(max-width: 1234px) 100vw, 1234px\" srcset=\"https:\/\/ac-truck.com\/wp-content\/uploads\/2026\/01\/\u91cd\u578b\u6e05\u969c\u8f66\u8be6\u60c5\u9875_08.webp 790w, https:\/\/ac-truck.com\/wp-content\/uploads\/2026\/01\/\u91cd\u578b\u6e05\u969c\u8f66\u8be6\u60c5\u9875_08-97x300.webp 97w, https:\/\/ac-truck.com\/wp-content\/uploads\/2026\/01\/\u91cd\u578b\u6e05\u969c\u8f66\u8be6\u60c5\u9875_08-768x2365.webp 768w, https:\/\/ac-truck.com\/wp-content\/uploads\/2026\/01\/\u91cd\u578b\u6e05\u969c\u8f66\u8be6\u60c5\u9875_08-499x1536.webp 499w, https:\/\/ac-truck.com\/wp-content\/uploads\/2026\/01\/\u91cd\u578b\u6e05\u969c\u8f66\u8be6\u60c5\u9875_08-665x2048.webp 665w, https:\/\/ac-truck.com\/wp-content\/uploads\/2026\/01\/\u91cd\u578b\u6e05\u969c\u8f66\u8be6\u60c5\u9875_08-4x12.webp 4w, https:\/\/ac-truck.com\/wp-content\/uploads\/2026\/01\/\u91cd\u578b\u6e05\u969c\u8f66\u8be6\u60c5\u9875_08-600x1848.webp 600w, https:\/\/ac-truck.com\/wp-content\/uploads\/2026\/01\/\u91cd\u578b\u6e05\u969c\u8f66\u8be6\u60c5\u9875_08-150x462.webp 150w\" alt=\"\" width=\"1234\" height=\"3800\" \/><\/p>\n<p>1. Ch\u00e2ssis sp\u00e9cial robuste<br \/>\n2. Stabilisateurs hydrauliques avant et arri\u00e8re<br \/>\n3. Robuste \u2013 support hydraulique pour stabilisateur avant.<br \/>\n4. Stabilisateur arri\u00e8re hydraulique \u00e0 forte capacit\u00e9 de support<\/p>\n<h1 style=\"text-align: center;\">SYST\u00c8ME HYDRAULIQUE PRINCIPAL<\/h1>\n<p><img loading=\"lazy\" decoding=\"async\" class=\"aligncenter wp-image-7060\" src=\"https:\/\/ac-truck.com\/wp-content\/uploads\/2026\/01\/%E9%87%8D%E5%9E%8B%E6%B8%85%E9%9A%9C%E8%BD%A6%E8%AF%A6%E6%83%85%E9%A1%B5_10.webp\" sizes=\"(max-width: 1234px) 100vw, 1234px\" srcset=\"https:\/\/ac-truck.com\/wp-content\/uploads\/2026\/01\/\u91cd\u578b\u6e05\u969c\u8f66\u8be6\u60c5\u9875_10.webp 790w, https:\/\/ac-truck.com\/wp-content\/uploads\/2026\/01\/\u91cd\u578b\u6e05\u969c\u8f66\u8be6\u60c5\u9875_10-123x300.webp 123w, https:\/\/ac-truck.com\/wp-content\/uploads\/2026\/01\/\u91cd\u578b\u6e05\u969c\u8f66\u8be6\u60c5\u9875_10-420x1024.webp 420w, https:\/\/ac-truck.com\/wp-content\/uploads\/2026\/01\/\u91cd\u578b\u6e05\u969c\u8f66\u8be6\u60c5\u9875_10-768x1874.webp 768w, https:\/\/ac-truck.com\/wp-content\/uploads\/2026\/01\/\u91cd\u578b\u6e05\u969c\u8f66\u8be6\u60c5\u9875_10-629x1536.webp 629w, https:\/\/ac-truck.com\/wp-content\/uploads\/2026\/01\/\u91cd\u578b\u6e05\u969c\u8f66\u8be6\u60c5\u9875_10-5x12.webp 5w, https:\/\/ac-truck.com\/wp-content\/uploads\/2026\/01\/\u91cd\u578b\u6e05\u969c\u8f66\u8be6\u60c5\u9875_10-600x1464.webp 600w, https:\/\/ac-truck.com\/wp-content\/uploads\/2026\/01\/\u91cd\u578b\u6e05\u969c\u8f66\u8be6\u60c5\u9875_10-150x366.webp 150w\" alt=\"\" width=\"1234\" height=\"3012\" \/><\/p>\n<p>1. R\u00e9servoir d'huile hydraulique de grande capacit\u00e9<br \/>\n2. Pipeline scell\u00e9 \u00e0 haute pression<br \/>\n3. Vanne d'inversion multivoies haute pression<br \/>\n4. V\u00e9rin hydraulique \u00e0 grand diam\u00e8tre d'al\u00e9sage<br \/>\n5. V\u00e9rin hydraulique du bras de support arri\u00e8re<br \/>\n6. Moteur rotatif hydraulique<\/p>\n<h1 style=\"text-align: center;\">OUTILS SP\u00c9CIFIQUES<\/h1>\n<p><img loading=\"lazy\" decoding=\"async\" class=\"aligncenter wp-image-7061\" src=\"https:\/\/ac-truck.com\/wp-content\/uploads\/2026\/01\/%E9%87%8D%E5%9E%8B%E6%B8%85%E9%9A%9C%E8%BD%A6%E8%AF%A6%E6%83%85%E9%A1%B5_12.webp\" sizes=\"(max-width: 1234px) 100vw, 1234px\" srcset=\"https:\/\/ac-truck.com\/wp-content\/uploads\/2026\/01\/\u91cd\u578b\u6e05\u969c\u8f66\u8be6\u60c5\u9875_12.webp 790w, https:\/\/ac-truck.com\/wp-content\/uploads\/2026\/01\/\u91cd\u578b\u6e05\u969c\u8f66\u8be6\u60c5\u9875_12-300x164.webp 300w, https:\/\/ac-truck.com\/wp-content\/uploads\/2026\/01\/\u91cd\u578b\u6e05\u969c\u8f66\u8be6\u60c5\u9875_12-768x420.webp 768w, https:\/\/ac-truck.com\/wp-content\/uploads\/2026\/01\/\u91cd\u578b\u6e05\u969c\u8f66\u8be6\u60c5\u9875_12-18x10.webp 18w, https:\/\/ac-truck.com\/wp-content\/uploads\/2026\/01\/\u91cd\u578b\u6e05\u969c\u8f66\u8be6\u60c5\u9875_12-600x328.webp 600w, https:\/\/ac-truck.com\/wp-content\/uploads\/2026\/01\/\u91cd\u578b\u6e05\u969c\u8f66\u8be6\u60c5\u9875_12-150x82.webp 150w\" alt=\"\" width=\"1234\" height=\"675\" \/><\/p>\n<h1 style=\"text-align: center;\">PROCESSUS DE PRODUCTION<\/h1>\n<p><img loading=\"lazy\" decoding=\"async\" class=\"aligncenter wp-image-7062\" src=\"https:\/\/ac-truck.com\/wp-content\/uploads\/2026\/01\/%E9%87%8D%E5%9E%8B%E6%B8%85%E9%9A%9C%E8%BD%A6%E8%AF%A6%E6%83%85%E9%A1%B5_14-scaled.webp\" sizes=\"(max-width: 1234px) 100vw, 1234px\" srcset=\"https:\/\/ac-truck.com\/wp-content\/uploads\/2026\/01\/\u91cd\u578b\u6e05\u969c\u8f66\u8be6\u60c5\u9875_14-scaled.webp 750w, https:\/\/ac-truck.com\/wp-content\/uploads\/2026\/01\/\u91cd\u578b\u6e05\u969c\u8f66\u8be6\u60c5\u9875_14-88x300.webp 88w, https:\/\/ac-truck.com\/wp-content\/uploads\/2026\/01\/\u91cd\u578b\u6e05\u969c\u8f66\u8be6\u60c5\u9875_14-300x1024.webp 300w, https:\/\/ac-truck.com\/wp-content\/uploads\/2026\/01\/\u91cd\u578b\u6e05\u969c\u8f66\u8be6\u60c5\u9875_14-768x2620.webp 768w, https:\/\/ac-truck.com\/wp-content\/uploads\/2026\/01\/\u91cd\u578b\u6e05\u969c\u8f66\u8be6\u60c5\u9875_14-450x1536.webp 450w, https:\/\/ac-truck.com\/wp-content\/uploads\/2026\/01\/\u91cd\u578b\u6e05\u969c\u8f66\u8be6\u60c5\u9875_14-600x2047.webp 600w, https:\/\/ac-truck.com\/wp-content\/uploads\/2026\/01\/\u91cd\u578b\u6e05\u969c\u8f66\u8be6\u60c5\u9875_14-150x512.webp 150w\" alt=\"\" width=\"1234\" height=\"4212\" \/><\/p>\n<p>1. Les composants structurels sont trait\u00e9s par peinture \u00e9lectrophor\u00e9tique.<br \/>\n2. Le chariot, les bras principal et auxiliaire sont pr\u00e9-assembl\u00e9s apr\u00e8s l'\u00e9lectrophor\u00e8se.<br \/>\n3. Le ch\u00e2ssis, les bras principaux et les bras auxiliaires sont assembl\u00e9s apr\u00e8s l'application de la peinture par cuisson.<br \/>\n4. Installer les accessoires et les \u00e9l\u00e9ments de commande.<br \/>\n5. L'assemblage g\u00e9n\u00e9ral du v\u00e9hicule est termin\u00e9.<\/p>\n<h1 style=\"text-align: center;\">SC\u00c9NARIOS D'APPLICATION<\/h1>\n<p><img loading=\"lazy\" decoding=\"async\" class=\"aligncenter wp-image-7063\" src=\"https:\/\/ac-truck.com\/wp-content\/uploads\/2026\/01\/%E9%87%8D%E5%9E%8B%E6%B8%85%E9%9A%9C%E8%BD%A6%E8%AF%A6%E6%83%85%E9%A1%B5_16.webp\" sizes=\"(max-width: 1234px) 100vw, 1234px\" srcset=\"https:\/\/ac-truck.com\/wp-content\/uploads\/2026\/01\/\u91cd\u578b\u6e05\u969c\u8f66\u8be6\u60c5\u9875_16.webp 790w, https:\/\/ac-truck.com\/wp-content\/uploads\/2026\/01\/\u91cd\u578b\u6e05\u969c\u8f66\u8be6\u60c5\u9875_16-156x300.webp 156w, https:\/\/ac-truck.com\/wp-content\/uploads\/2026\/01\/\u91cd\u578b\u6e05\u969c\u8f66\u8be6\u60c5\u9875_16-534x1024.webp 534w, https:\/\/ac-truck.com\/wp-content\/uploads\/2026\/01\/\u91cd\u578b\u6e05\u969c\u8f66\u8be6\u60c5\u9875_16-768x1474.webp 768w, https:\/\/ac-truck.com\/wp-content\/uploads\/2026\/01\/\u91cd\u578b\u6e05\u969c\u8f66\u8be6\u60c5\u9875_16-6x12.webp 6w, https:\/\/ac-truck.com\/wp-content\/uploads\/2026\/01\/\u91cd\u578b\u6e05\u969c\u8f66\u8be6\u60c5\u9875_16-600x1151.webp 600w, https:\/\/ac-truck.com\/wp-content\/uploads\/2026\/01\/\u91cd\u578b\u6e05\u969c\u8f66\u8be6\u60c5\u9875_16-150x288.webp 150w\" alt=\"\" width=\"1234\" height=\"2368\" \/><\/p>\n<h1 style=\"text-align: center;\">EMBALLAGE ET TRANSPORT<\/h1>\n<p><img loading=\"lazy\" decoding=\"async\" class=\"aligncenter wp-image-7064\" src=\"https:\/\/ac-truck.com\/wp-content\/uploads\/2026\/01\/%E9%87%8D%E5%9E%8B%E6%B8%85%E9%9A%9C%E8%BD%A6%E8%AF%A6%E6%83%85%E9%A1%B5_18.webp\" sizes=\"(max-width: 1234px) 100vw, 1234px\" srcset=\"https:\/\/ac-truck.com\/wp-content\/uploads\/2026\/01\/\u91cd\u578b\u6e05\u969c\u8f66\u8be6\u60c5\u9875_18.webp 790w, https:\/\/ac-truck.com\/wp-content\/uploads\/2026\/01\/\u91cd\u578b\u6e05\u969c\u8f66\u8be6\u60c5\u9875_18-143x300.webp 143w, https:\/\/ac-truck.com\/wp-content\/uploads\/2026\/01\/\u91cd\u578b\u6e05\u969c\u8f66\u8be6\u60c5\u9875_18-486x1024.webp 486w, https:\/\/ac-truck.com\/wp-content\/uploads\/2026\/01\/\u91cd\u578b\u6e05\u969c\u8f66\u8be6\u60c5\u9875_18-768x1617.webp 768w, https:\/\/ac-truck.com\/wp-content\/uploads\/2026\/01\/\u91cd\u578b\u6e05\u969c\u8f66\u8be6\u60c5\u9875_18-730x1536.webp 730w, https:\/\/ac-truck.com\/wp-content\/uploads\/2026\/01\/\u91cd\u578b\u6e05\u969c\u8f66\u8be6\u60c5\u9875_18-6x12.webp 6w, https:\/\/ac-truck.com\/wp-content\/uploads\/2026\/01\/\u91cd\u578b\u6e05\u969c\u8f66\u8be6\u60c5\u9875_18-600x1263.webp 600w, https:\/\/ac-truck.com\/wp-content\/uploads\/2026\/01\/\u91cd\u578b\u6e05\u969c\u8f66\u8be6\u60c5\u9875_18-150x316.webp 150w\" alt=\"\" width=\"1234\" height=\"2598\" \/><\/p>","protected":false},"excerpt":{"rendered":"<p>PRODUCT PARAMETERS 50T Heavy Towing Truck HOWO project Descriptions Specifications Basic Overall dimensions(mm) 11225\u00d72550\u00d73530 curb weight(Kg) 28000 Total mass(Kg) 44000<\/p>","protected":false},"featured_media":7155,"template":"","meta":[],"product_brand":[217,220],"product_cat":[174],"product_tag":[360,361,362],"class_list":{"0":"post-7152","1":"product","2":"type-product","3":"status-publish","4":"has-post-thumbnail","6":"product_brand-sinotruk","7":"product_brand-howo","8":"product_cat-tow-trucks","9":"product_tag-heavy-towing-truck","10":"product_tag-towing-truck","11":"product_tag-50t","13":"first","14":"instock","15":"shipping-taxable","16":"product-type-simple"},"_links":{"self":[{"href":"https:\/\/ac-truck.com\/fr\/wp-json\/wp\/v2\/product\/7152","targetHints":{"allow":["GET"]}}],"collection":[{"href":"https:\/\/ac-truck.com\/fr\/wp-json\/wp\/v2\/product"}],"about":[{"href":"https:\/\/ac-truck.com\/fr\/wp-json\/wp\/v2\/types\/product"}],"version-history":[{"count":1,"href":"https:\/\/ac-truck.com\/fr\/wp-json\/wp\/v2\/product\/7152\/revisions"}],"predecessor-version":[{"id":7161,"href":"https:\/\/ac-truck.com\/fr\/wp-json\/wp\/v2\/product\/7152\/revisions\/7161"}],"wp:featuredmedia":[{"embeddable":true,"href":"https:\/\/ac-truck.com\/fr\/wp-json\/wp\/v2\/media\/7155"}],"wp:attachment":[{"href":"https:\/\/ac-truck.com\/fr\/wp-json\/wp\/v2\/media?parent=7152"}],"wp:term":[{"taxonomy":"product_brand","embeddable":true,"href":"https:\/\/ac-truck.com\/fr\/wp-json\/wp\/v2\/product_brand?post=7152"},{"taxonomy":"product_cat","embeddable":true,"href":"https:\/\/ac-truck.com\/fr\/wp-json\/wp\/v2\/product_cat?post=7152"},{"taxonomy":"product_tag","embeddable":true,"href":"https:\/\/ac-truck.com\/fr\/wp-json\/wp\/v2\/product_tag?post=7152"}],"curies":[{"name":"wp","href":"https:\/\/api.w.org\/{rel}","templated":true}]}}