{"id":7204,"date":"2026-01-07T16:23:02","date_gmt":"2026-01-07T08:23:02","guid":{"rendered":"https:\/\/ac-truck.com\/?post_type=product&#038;p=7204"},"modified":"2026-01-07T16:23:03","modified_gmt":"2026-01-07T08:23:03","slug":"4m-chick-delivery-truck-foton","status":"publish","type":"product","link":"https:\/\/ac-truck.com\/fr\/4m-chick-delivery-truck-foton.html","title":{"rendered":"Camion de livraison de poussins de 4 m FOTON"},"content":{"rendered":"<p><img fetchpriority=\"high\" decoding=\"async\" class=\"aligncenter wp-image-7205\" src=\"https:\/\/ac-truck.com\/wp-content\/uploads\/2026\/01\/1\u4ea7\u54c1\u6d77\u62a5_01-2.webp\" alt=\"\" width=\"1234\" height=\"1610\" srcset=\"https:\/\/ac-truck.com\/wp-content\/uploads\/2026\/01\/1\u4ea7\u54c1\u6d77\u62a5_01-2.webp 790w, https:\/\/ac-truck.com\/wp-content\/uploads\/2026\/01\/1\u4ea7\u54c1\u6d77\u62a5_01-2-230x300.webp 230w, https:\/\/ac-truck.com\/wp-content\/uploads\/2026\/01\/1\u4ea7\u54c1\u6d77\u62a5_01-2-785x1024.webp 785w, https:\/\/ac-truck.com\/wp-content\/uploads\/2026\/01\/1\u4ea7\u54c1\u6d77\u62a5_01-2-768x1002.webp 768w, https:\/\/ac-truck.com\/wp-content\/uploads\/2026\/01\/1\u4ea7\u54c1\u6d77\u62a5_01-2-9x12.webp 9w, https:\/\/ac-truck.com\/wp-content\/uploads\/2026\/01\/1\u4ea7\u54c1\u6d77\u62a5_01-2-600x783.webp 600w, https:\/\/ac-truck.com\/wp-content\/uploads\/2026\/01\/1\u4ea7\u54c1\u6d77\u62a5_01-2-150x196.webp 150w\" sizes=\"(max-width: 1234px) 100vw, 1234px\" \/><\/p>\n<h1 style=\"text-align: center;\">PARAM\u00c8TRES DU PRODUIT<\/h1>\n<p><img decoding=\"async\" class=\"aligncenter wp-image-7206\" src=\"https:\/\/ac-truck.com\/wp-content\/uploads\/2026\/01\/1\u4ea7\u54c1\u6d77\u62a5_03-2.webp\" alt=\"\" width=\"1234\" height=\"489\" srcset=\"https:\/\/ac-truck.com\/wp-content\/uploads\/2026\/01\/1\u4ea7\u54c1\u6d77\u62a5_03-2.webp 790w, https:\/\/ac-truck.com\/wp-content\/uploads\/2026\/01\/1\u4ea7\u54c1\u6d77\u62a5_03-2-300x119.webp 300w, https:\/\/ac-truck.com\/wp-content\/uploads\/2026\/01\/1\u4ea7\u54c1\u6d77\u62a5_03-2-768x304.webp 768w, https:\/\/ac-truck.com\/wp-content\/uploads\/2026\/01\/1\u4ea7\u54c1\u6d77\u62a5_03-2-18x7.webp 18w, https:\/\/ac-truck.com\/wp-content\/uploads\/2026\/01\/1\u4ea7\u54c1\u6d77\u62a5_03-2-600x238.webp 600w, https:\/\/ac-truck.com\/wp-content\/uploads\/2026\/01\/1\u4ea7\u54c1\u6d77\u62a5_03-2-150x59.webp 150w\" sizes=\"(max-width: 1234px) 100vw, 1234px\" \/><\/p>\n<h2 style=\"text-align: center;\">Camion de livraison de poussins de 4 m FOTON<\/h2>\n<table>\n<tbody>\n<tr>\n<td width=\"114\"><strong>projet<\/strong><\/td>\n<td width=\"290\"><strong>Descriptions<\/strong><\/td>\n<td width=\"295\"><strong>Caract\u00e9ristiques<\/strong><\/td>\n<\/tr>\n<tr>\n<td rowspan=\"4\" width=\"114\"><strong>G\u00e9n\u00e9ral<\/strong><\/td>\n<td width=\"290\"><strong>Dimensions hors tout (mm)<\/strong><\/td>\n<td width=\"295\"><strong>5995*2230*3280<\/strong><\/td>\n<\/tr>\n<tr>\n<td width=\"290\"><strong>poids \u00e0 vide (kg)<\/strong><\/td>\n<td width=\"295\"><strong>3200<\/strong><\/td>\n<\/tr>\n<tr>\n<td width=\"290\"><strong>Capacit\u00e9 de charge (kg)<\/strong><\/td>\n<td width=\"295\"><strong>1100<\/strong><\/td>\n<\/tr>\n<tr>\n<td width=\"290\"><strong>Masse totale (kg)<\/strong><\/td>\n<td width=\"295\"><strong>4495<\/strong><\/td>\n<\/tr>\n<tr>\n<td rowspan=\"2\" width=\"114\"><strong>bo\u00eete r\u00e9frig\u00e9r\u00e9e<\/strong><\/td>\n<td width=\"290\"><strong>Dimensions de la caisse de chargement (mm)<\/strong><\/td>\n<td width=\"295\"><strong>4080*2100*2140<\/strong><\/td>\n<\/tr>\n<tr>\n<td width=\"290\"><strong>Volume de la bo\u00eete (m\u00b3)<\/strong><\/td>\n<td width=\"295\"><strong>18<\/strong><\/td>\n<\/tr>\n<tr>\n<td width=\"114\"><strong>unit\u00e9 de r\u00e9frig\u00e9ration<\/strong><\/td>\n<td width=\"290\"><strong>Marque de r\u00e9frig\u00e9rateur<\/strong><\/td>\n<td width=\"295\"><strong>Unit\u00e9s Thermo King<\/strong><\/td>\n<\/tr>\n<tr>\n<td rowspan=\"7\" width=\"114\"><strong>Ch\u00e2ssis<\/strong><\/p>\n<p>&nbsp;<\/td>\n<td width=\"290\"><strong>Marque du ch\u00e2ssis<\/strong><\/td>\n<td width=\"295\"><strong>FOTON<\/strong><\/td>\n<\/tr>\n<tr>\n<td width=\"290\"><strong>Formulaire de conducteur<\/strong><\/td>\n<td width=\"295\"><strong>4*2<\/strong><\/td>\n<\/tr>\n<tr>\n<td width=\"290\"><strong>Volant<\/strong><\/td>\n<td width=\"295\"><strong>Conduite \u00e0 droite<\/strong><\/td>\n<\/tr>\n<tr>\n<td width=\"290\"><strong>Marque et mod\u00e8le du moteur<\/strong><\/td>\n<td width=\"295\"><strong>\u00a04F25TC<\/strong><\/td>\n<\/tr>\n<tr>\n<td width=\"290\"><strong>Puissance maximale du moteur (kW)<\/strong><\/td>\n<td width=\"295\"><strong>116<\/strong><\/td>\n<\/tr>\n<tr>\n<td width=\"290\"><strong>Normes d&#039;\u00e9mission<\/strong><\/td>\n<td width=\"295\"><strong>Euro 6<\/strong><\/td>\n<\/tr>\n<tr>\n<td width=\"290\"><strong>Bo\u00eete de vitesse<\/strong><\/td>\n<td width=\"295\"><strong>6-speed automatic<\/strong><\/td>\n<\/tr>\n<\/tbody>\n<\/table>\n<h1 style=\"text-align: center;\">AVANTAGES DU V\u00c9HICULE<\/h1>\n<h2 style=\"text-align: center;\">AFFICHAGE DE LA BO\u00ceTE<\/h2>\n<p><img decoding=\"async\" class=\"aligncenter wp-image-7165\" src=\"https:\/\/ac-truck.com\/wp-content\/uploads\/2026\/01\/%E9%9B%8F%E7%A6%BD%E8%BF%90%E8%BE%93%E8%BD%A6%E8%AF%A6%E6%83%85%E9%A1%B5_05.webp\" sizes=\"(max-width: 1234px) 100vw, 1234px\" srcset=\"https:\/\/ac-truck.com\/wp-content\/uploads\/2026\/01\/\u96cf\u79bd\u8fd0\u8f93\u8f66\u8be6\u60c5\u9875_05.webp 790w, https:\/\/ac-truck.com\/wp-content\/uploads\/2026\/01\/\u96cf\u79bd\u8fd0\u8f93\u8f66\u8be6\u60c5\u9875_05-300x262.webp 300w, https:\/\/ac-truck.com\/wp-content\/uploads\/2026\/01\/\u96cf\u79bd\u8fd0\u8f93\u8f66\u8be6\u60c5\u9875_05-768x671.webp 768w, https:\/\/ac-truck.com\/wp-content\/uploads\/2026\/01\/\u96cf\u79bd\u8fd0\u8f93\u8f66\u8be6\u60c5\u9875_05-14x12.webp 14w, https:\/\/ac-truck.com\/wp-content\/uploads\/2026\/01\/\u96cf\u79bd\u8fd0\u8f93\u8f66\u8be6\u60c5\u9875_05-600x524.webp 600w, https:\/\/ac-truck.com\/wp-content\/uploads\/2026\/01\/\u96cf\u79bd\u8fd0\u8f93\u8f66\u8be6\u60c5\u9875_05-150x131.webp 150w\" alt=\"\" width=\"1234\" height=\"1078\" \/><\/p>\n<p>1. Le mur est constitu\u00e9 d'un mat\u00e9riau isolant en polyur\u00e9thane d'une densit\u00e9 de 42 kg\/m\u00b3, ce qui le rend plus \u00e9pais.<br \/>\n2. Il est assembl\u00e9 \u00e0 l'aide d'un adh\u00e9sif structurel et durci par un proc\u00e9d\u00e9 sous vide afin de garantir une meilleure adh\u00e9rence.<br \/>\n3. La porte est \u00e9quip\u00e9e de joints d'\u00e9tanch\u00e9it\u00e9 en caoutchouc int\u00e9gr\u00e9s, conformes aux normes des r\u00e9frig\u00e9rateurs.<\/p>\n<h1 style=\"text-align: center;\">Pr\u00e9sentation int\u00e9rieure de la bo\u00eete<\/h1>\n<p><img loading=\"lazy\" decoding=\"async\" class=\"aligncenter wp-image-7166\" src=\"https:\/\/ac-truck.com\/wp-content\/uploads\/2026\/01\/%E9%9B%8F%E7%A6%BD%E8%BF%90%E8%BE%93%E8%BD%A6%E8%AF%A6%E6%83%85%E9%A1%B5_07.webp\" sizes=\"(max-width: 1234px) 100vw, 1234px\" srcset=\"https:\/\/ac-truck.com\/wp-content\/uploads\/2026\/01\/\u96cf\u79bd\u8fd0\u8f93\u8f66\u8be6\u60c5\u9875_07.webp 790w, https:\/\/ac-truck.com\/wp-content\/uploads\/2026\/01\/\u96cf\u79bd\u8fd0\u8f93\u8f66\u8be6\u60c5\u9875_07-188x300.webp 188w, https:\/\/ac-truck.com\/wp-content\/uploads\/2026\/01\/\u96cf\u79bd\u8fd0\u8f93\u8f66\u8be6\u60c5\u9875_07-641x1024.webp 641w, https:\/\/ac-truck.com\/wp-content\/uploads\/2026\/01\/\u96cf\u79bd\u8fd0\u8f93\u8f66\u8be6\u60c5\u9875_07-768x1227.webp 768w, https:\/\/ac-truck.com\/wp-content\/uploads\/2026\/01\/\u96cf\u79bd\u8fd0\u8f93\u8f66\u8be6\u60c5\u9875_07-8x12.webp 8w, https:\/\/ac-truck.com\/wp-content\/uploads\/2026\/01\/\u96cf\u79bd\u8fd0\u8f93\u8f66\u8be6\u60c5\u9875_07-600x958.webp 600w, https:\/\/ac-truck.com\/wp-content\/uploads\/2026\/01\/\u96cf\u79bd\u8fd0\u8f93\u8f66\u8be6\u60c5\u9875_07-150x240.webp 150w\" alt=\"\" width=\"1234\" height=\"1971\" \/><\/p>\n<p>Syst\u00e8me de chargement \u00e0 plusieurs niveaux : rails de guidage en alliage d'aluminium + cloisons relevables, con\u00e7us pour maintenir les marchandises en place et faciliter le chargement et le d\u00e9chargement.<br \/>\nRev\u00eatement de sol en plastique r\u00e9sistant \u00e0 l'humidit\u00e9 et antid\u00e9rapant<\/p>\n<h1 style=\"text-align: center;\">SYST\u00c8ME DE VENTILATION<\/h1>\n<p><img loading=\"lazy\" decoding=\"async\" class=\"aligncenter wp-image-7167\" src=\"https:\/\/ac-truck.com\/wp-content\/uploads\/2026\/01\/%E9%9B%8F%E7%A6%BD%E8%BF%90%E8%BE%93%E8%BD%A6%E8%AF%A6%E6%83%85%E9%A1%B5_09.webp\" sizes=\"(max-width: 1234px) 100vw, 1234px\" srcset=\"https:\/\/ac-truck.com\/wp-content\/uploads\/2026\/01\/\u96cf\u79bd\u8fd0\u8f93\u8f66\u8be6\u60c5\u9875_09.webp 790w, https:\/\/ac-truck.com\/wp-content\/uploads\/2026\/01\/\u96cf\u79bd\u8fd0\u8f93\u8f66\u8be6\u60c5\u9875_09-184x300.webp 184w, https:\/\/ac-truck.com\/wp-content\/uploads\/2026\/01\/\u96cf\u79bd\u8fd0\u8f93\u8f66\u8be6\u60c5\u9875_09-629x1024.webp 629w, https:\/\/ac-truck.com\/wp-content\/uploads\/2026\/01\/\u96cf\u79bd\u8fd0\u8f93\u8f66\u8be6\u60c5\u9875_09-768x1251.webp 768w, https:\/\/ac-truck.com\/wp-content\/uploads\/2026\/01\/\u96cf\u79bd\u8fd0\u8f93\u8f66\u8be6\u60c5\u9875_09-7x12.webp 7w, https:\/\/ac-truck.com\/wp-content\/uploads\/2026\/01\/\u96cf\u79bd\u8fd0\u8f93\u8f66\u8be6\u60c5\u9875_09-600x977.webp 600w, https:\/\/ac-truck.com\/wp-content\/uploads\/2026\/01\/\u96cf\u79bd\u8fd0\u8f93\u8f66\u8be6\u60c5\u9875_09-150x244.webp 150w\" alt=\"\" width=\"1234\" height=\"2010\" \/><img loading=\"lazy\" decoding=\"async\" class=\"aligncenter wp-image-7168\" src=\"https:\/\/ac-truck.com\/wp-content\/uploads\/2026\/01\/%E9%9B%8F%E7%A6%BD%E8%BF%90%E8%BE%93%E8%BD%A6%E8%AF%A6%E6%83%85%E9%A1%B5_10.webp\" sizes=\"(max-width: 1234px) 100vw, 1234px\" srcset=\"https:\/\/ac-truck.com\/wp-content\/uploads\/2026\/01\/\u96cf\u79bd\u8fd0\u8f93\u8f66\u8be6\u60c5\u9875_10.webp 790w, https:\/\/ac-truck.com\/wp-content\/uploads\/2026\/01\/\u96cf\u79bd\u8fd0\u8f93\u8f66\u8be6\u60c5\u9875_10-235x300.webp 235w, https:\/\/ac-truck.com\/wp-content\/uploads\/2026\/01\/\u96cf\u79bd\u8fd0\u8f93\u8f66\u8be6\u60c5\u9875_10-768x982.webp 768w, https:\/\/ac-truck.com\/wp-content\/uploads\/2026\/01\/\u96cf\u79bd\u8fd0\u8f93\u8f66\u8be6\u60c5\u9875_10-9x12.webp 9w, https:\/\/ac-truck.com\/wp-content\/uploads\/2026\/01\/\u96cf\u79bd\u8fd0\u8f93\u8f66\u8be6\u60c5\u9875_10-600x767.webp 600w, https:\/\/ac-truck.com\/wp-content\/uploads\/2026\/01\/\u96cf\u79bd\u8fd0\u8f93\u8f66\u8be6\u60c5\u9875_10-150x192.webp 150w\" alt=\"\" width=\"1234\" height=\"1578\" \/><\/p>\n<p>Syst\u00e8me de ventilation : \u00c9quip\u00e9 de d\u00e9flecteurs d'air sup\u00e9rieurs, de ventilateurs silencieux \u00e0 grande vitesse \u00e0 double face et d'une structure de ventilation en tunnel avant-arri\u00e8re, permettant un renouvellement de l'air de 8 \u00e0 10 fois par heure afin de maintenir un air frais \u00e0 l'int\u00e9rieur et d'\u00e9viter l'accumulation de gaz nocifs.<\/p>\n<h1 style=\"text-align: center;\">SYST\u00c8ME DE R\u00c9GULATION DE LA TEMP\u00c9RATURE<\/h1>\n<p><img loading=\"lazy\" decoding=\"async\" class=\"aligncenter wp-image-7169\" src=\"https:\/\/ac-truck.com\/wp-content\/uploads\/2026\/01\/%E9%9B%8F%E7%A6%BD%E8%BF%90%E8%BE%93%E8%BD%A6%E8%AF%A6%E6%83%85%E9%A1%B5_12.webp\" sizes=\"(max-width: 1234px) 100vw, 1234px\" srcset=\"https:\/\/ac-truck.com\/wp-content\/uploads\/2026\/01\/\u96cf\u79bd\u8fd0\u8f93\u8f66\u8be6\u60c5\u9875_12.webp 790w, https:\/\/ac-truck.com\/wp-content\/uploads\/2026\/01\/\u96cf\u79bd\u8fd0\u8f93\u8f66\u8be6\u60c5\u9875_12-300x121.webp 300w, https:\/\/ac-truck.com\/wp-content\/uploads\/2026\/01\/\u96cf\u79bd\u8fd0\u8f93\u8f66\u8be6\u60c5\u9875_12-768x309.webp 768w, https:\/\/ac-truck.com\/wp-content\/uploads\/2026\/01\/\u96cf\u79bd\u8fd0\u8f93\u8f66\u8be6\u60c5\u9875_12-18x7.webp 18w, https:\/\/ac-truck.com\/wp-content\/uploads\/2026\/01\/\u96cf\u79bd\u8fd0\u8f93\u8f66\u8be6\u60c5\u9875_12-600x242.webp 600w, https:\/\/ac-truck.com\/wp-content\/uploads\/2026\/01\/\u96cf\u79bd\u8fd0\u8f93\u8f66\u8be6\u60c5\u9875_12-150x60.webp 150w\" alt=\"\" width=\"1234\" height=\"497\" \/><\/p>\n<p>1. Radiateur de grande capacit\u00e9 fabriqu\u00e9 \u00e0 partir de tuyaux en acier inoxydable.<br \/>\n2. Amortisseur de gaz chauff\u00e9<br \/>\nMode de chauffage : Aliment\u00e9 par la recirculation des gaz d'\u00e9chappement du camion ou par un br\u00fbleur diesel ind\u00e9pendant.<\/p>\n<p><img loading=\"lazy\" decoding=\"async\" class=\"aligncenter wp-image-7170\" src=\"https:\/\/ac-truck.com\/wp-content\/uploads\/2026\/01\/%E9%9B%8F%E7%A6%BD%E8%BF%90%E8%BE%93%E8%BD%A6%E8%AF%A6%E6%83%85%E9%A1%B5_14.webp\" sizes=\"(max-width: 1234px) 100vw, 1234px\" srcset=\"https:\/\/ac-truck.com\/wp-content\/uploads\/2026\/01\/\u96cf\u79bd\u8fd0\u8f93\u8f66\u8be6\u60c5\u9875_14.webp 790w, https:\/\/ac-truck.com\/wp-content\/uploads\/2026\/01\/\u96cf\u79bd\u8fd0\u8f93\u8f66\u8be6\u60c5\u9875_14-300x226.webp 300w, https:\/\/ac-truck.com\/wp-content\/uploads\/2026\/01\/\u96cf\u79bd\u8fd0\u8f93\u8f66\u8be6\u60c5\u9875_14-768x579.webp 768w, https:\/\/ac-truck.com\/wp-content\/uploads\/2026\/01\/\u96cf\u79bd\u8fd0\u8f93\u8f66\u8be6\u60c5\u9875_14-16x12.webp 16w, https:\/\/ac-truck.com\/wp-content\/uploads\/2026\/01\/\u96cf\u79bd\u8fd0\u8f93\u8f66\u8be6\u60c5\u9875_14-600x453.webp 600w, https:\/\/ac-truck.com\/wp-content\/uploads\/2026\/01\/\u96cf\u79bd\u8fd0\u8f93\u8f66\u8be6\u60c5\u9875_14-150x113.webp 150w\" alt=\"\" width=\"1234\" height=\"931\" \/><\/p>\n<h1 style=\"text-align: center;\">SYST\u00c8ME D'HUMIDIFICATION<\/h1>\n<p><img loading=\"lazy\" decoding=\"async\" class=\"aligncenter wp-image-7171\" src=\"https:\/\/ac-truck.com\/wp-content\/uploads\/2026\/01\/%E9%9B%8F%E7%A6%BD%E8%BF%90%E8%BE%93%E8%BD%A6%E8%AF%A6%E6%83%85%E9%A1%B5_16.webp\" sizes=\"(max-width: 1234px) 100vw, 1234px\" srcset=\"https:\/\/ac-truck.com\/wp-content\/uploads\/2026\/01\/\u96cf\u79bd\u8fd0\u8f93\u8f66\u8be6\u60c5\u9875_16.webp 790w, https:\/\/ac-truck.com\/wp-content\/uploads\/2026\/01\/\u96cf\u79bd\u8fd0\u8f93\u8f66\u8be6\u60c5\u9875_16-300x191.webp 300w, https:\/\/ac-truck.com\/wp-content\/uploads\/2026\/01\/\u96cf\u79bd\u8fd0\u8f93\u8f66\u8be6\u60c5\u9875_16-768x489.webp 768w, https:\/\/ac-truck.com\/wp-content\/uploads\/2026\/01\/\u96cf\u79bd\u8fd0\u8f93\u8f66\u8be6\u60c5\u9875_16-18x12.webp 18w, https:\/\/ac-truck.com\/wp-content\/uploads\/2026\/01\/\u96cf\u79bd\u8fd0\u8f93\u8f66\u8be6\u60c5\u9875_16-600x382.webp 600w, https:\/\/ac-truck.com\/wp-content\/uploads\/2026\/01\/\u96cf\u79bd\u8fd0\u8f93\u8f66\u8be6\u60c5\u9875_16-150x96.webp 150w\" alt=\"\" width=\"1234\" height=\"786\" \/><\/p>\n<p>1. Buses d'humidification : Des buses haute pression anti-goutte sont utilis\u00e9es dans le syst\u00e8me d'humidification, ce qui permet de r\u00e9duire efficacement la consommation d'eau et d'\u00e9viter le gaspillage.<br \/>\n2. Vannes d'humidification : Des composants pneumatiques et hydrauliques de haute qualit\u00e9 sont utilis\u00e9s pour garantir un fonctionnement stable et s\u00fbr tout au long du transport.<br \/>\n3. Filtre : Syst\u00e8me de filtration int\u00e9gr\u00e9 avec capteur de d\u00e9bit d'eau pour une surveillance en temps r\u00e9el du d\u00e9bit d'eau.<br \/>\n4. R\u00e9servoir d'eau sous pression : R\u00e9servoirs d'humidification optionnels de 150 L et 300 L, fabriqu\u00e9s en acier inoxydable et en aluminium naval pour une r\u00e9sistance \u00e0 la corrosion et une durabilit\u00e9 accrues.<\/p>\n<h2 style=\"text-align: center;\">FONCTIONNEMENT PLUS SIMPLE ET PLUS INTELLIGENT<\/h2>\n<p><img loading=\"lazy\" decoding=\"async\" class=\"aligncenter wp-image-7172\" src=\"https:\/\/ac-truck.com\/wp-content\/uploads\/2026\/01\/%E9%9B%8F%E7%A6%BD%E8%BF%90%E8%BE%93%E8%BD%A6%E8%AF%A6%E6%83%85%E9%A1%B5_18.webp\" sizes=\"(max-width: 1234px) 100vw, 1234px\" srcset=\"https:\/\/ac-truck.com\/wp-content\/uploads\/2026\/01\/\u96cf\u79bd\u8fd0\u8f93\u8f66\u8be6\u60c5\u9875_18.webp 790w, https:\/\/ac-truck.com\/wp-content\/uploads\/2026\/01\/\u96cf\u79bd\u8fd0\u8f93\u8f66\u8be6\u60c5\u9875_18-291x300.webp 291w, https:\/\/ac-truck.com\/wp-content\/uploads\/2026\/01\/\u96cf\u79bd\u8fd0\u8f93\u8f66\u8be6\u60c5\u9875_18-768x792.webp 768w, https:\/\/ac-truck.com\/wp-content\/uploads\/2026\/01\/\u96cf\u79bd\u8fd0\u8f93\u8f66\u8be6\u60c5\u9875_18-12x12.webp 12w, https:\/\/ac-truck.com\/wp-content\/uploads\/2026\/01\/\u96cf\u79bd\u8fd0\u8f93\u8f66\u8be6\u60c5\u9875_18-600x619.webp 600w, https:\/\/ac-truck.com\/wp-content\/uploads\/2026\/01\/\u96cf\u79bd\u8fd0\u8f93\u8f66\u8be6\u60c5\u9875_18-150x155.webp 150w\" alt=\"\" width=\"1234\" height=\"1273\" \/><\/p>\n<p>1. Syst\u00e8me de surveillance<br \/>\n2. Capteur de temp\u00e9rature et d'humidit\u00e9<br \/>\n3. Interrupteur de commande ind\u00e9pendant pour le ventilateur de ventilation<\/p>\n<h1 style=\"text-align: center;\">PROCESSUS DE PRODUCTION<\/h1>\n<p><img loading=\"lazy\" decoding=\"async\" class=\"aligncenter wp-image-7173\" src=\"https:\/\/ac-truck.com\/wp-content\/uploads\/2026\/01\/%E9%9B%8F%E7%A6%BD%E8%BF%90%E8%BE%93%E8%BD%A6%E8%AF%A6%E6%83%85%E9%A1%B5_20.webp\" sizes=\"(max-width: 1234px) 100vw, 1234px\" srcset=\"https:\/\/ac-truck.com\/wp-content\/uploads\/2026\/01\/\u96cf\u79bd\u8fd0\u8f93\u8f66\u8be6\u60c5\u9875_20.webp 790w, https:\/\/ac-truck.com\/wp-content\/uploads\/2026\/01\/\u96cf\u79bd\u8fd0\u8f93\u8f66\u8be6\u60c5\u9875_20-108x300.webp 108w, https:\/\/ac-truck.com\/wp-content\/uploads\/2026\/01\/\u96cf\u79bd\u8fd0\u8f93\u8f66\u8be6\u60c5\u9875_20-369x1024.webp 369w, https:\/\/ac-truck.com\/wp-content\/uploads\/2026\/01\/\u96cf\u79bd\u8fd0\u8f93\u8f66\u8be6\u60c5\u9875_20-768x2132.webp 768w, https:\/\/ac-truck.com\/wp-content\/uploads\/2026\/01\/\u96cf\u79bd\u8fd0\u8f93\u8f66\u8be6\u60c5\u9875_20-553x1536.webp 553w, https:\/\/ac-truck.com\/wp-content\/uploads\/2026\/01\/\u96cf\u79bd\u8fd0\u8f93\u8f66\u8be6\u60c5\u9875_20-738x2048.webp 738w, https:\/\/ac-truck.com\/wp-content\/uploads\/2026\/01\/\u96cf\u79bd\u8fd0\u8f93\u8f66\u8be6\u60c5\u9875_20-4x12.webp 4w, https:\/\/ac-truck.com\/wp-content\/uploads\/2026\/01\/\u96cf\u79bd\u8fd0\u8f93\u8f66\u8be6\u60c5\u9875_20-600x1666.webp 600w, https:\/\/ac-truck.com\/wp-content\/uploads\/2026\/01\/\u96cf\u79bd\u8fd0\u8f93\u8f66\u8be6\u60c5\u9875_20-150x416.webp 150w\" alt=\"\" width=\"1234\" height=\"3426\" \/><img loading=\"lazy\" decoding=\"async\" class=\"aligncenter wp-image-7174\" src=\"https:\/\/ac-truck.com\/wp-content\/uploads\/2026\/01\/%E9%9B%8F%E7%A6%BD%E8%BF%90%E8%BE%93%E8%BD%A6%E8%AF%A6%E6%83%85%E9%A1%B5_21.webp\" sizes=\"(max-width: 1234px) 100vw, 1234px\" srcset=\"https:\/\/ac-truck.com\/wp-content\/uploads\/2026\/01\/\u96cf\u79bd\u8fd0\u8f93\u8f66\u8be6\u60c5\u9875_21.webp 790w, https:\/\/ac-truck.com\/wp-content\/uploads\/2026\/01\/\u96cf\u79bd\u8fd0\u8f93\u8f66\u8be6\u60c5\u9875_21-143x300.webp 143w, https:\/\/ac-truck.com\/wp-content\/uploads\/2026\/01\/\u96cf\u79bd\u8fd0\u8f93\u8f66\u8be6\u60c5\u9875_21-487x1024.webp 487w, https:\/\/ac-truck.com\/wp-content\/uploads\/2026\/01\/\u96cf\u79bd\u8fd0\u8f93\u8f66\u8be6\u60c5\u9875_21-768x1616.webp 768w, https:\/\/ac-truck.com\/wp-content\/uploads\/2026\/01\/\u96cf\u79bd\u8fd0\u8f93\u8f66\u8be6\u60c5\u9875_21-730x1536.webp 730w, https:\/\/ac-truck.com\/wp-content\/uploads\/2026\/01\/\u96cf\u79bd\u8fd0\u8f93\u8f66\u8be6\u60c5\u9875_21-6x12.webp 6w, https:\/\/ac-truck.com\/wp-content\/uploads\/2026\/01\/\u96cf\u79bd\u8fd0\u8f93\u8f66\u8be6\u60c5\u9875_21-600x1262.webp 600w, https:\/\/ac-truck.com\/wp-content\/uploads\/2026\/01\/\u96cf\u79bd\u8fd0\u8f93\u8f66\u8be6\u60c5\u9875_21-150x316.webp 150w\" alt=\"\" width=\"1234\" height=\"2596\" \/><\/p>\n<p>1. Fabrication du cadre int\u00e9rieur de la caisse de chargement<br \/>\n2. Production de panneaux pour caisses de chargement<br \/>\n3. Assemblage des panneaux de carrosserie du v\u00e9hicule<br \/>\n4. La fabrication de la caisse de chargement est termin\u00e9e.<br \/>\n5. Installation des composants internes (cadres en acier inoxydable\/climatisation)<br \/>\n6. Caisse de chargement compl\u00e8te mont\u00e9e sur le ch\u00e2ssis.<br \/>\n7. L'assemblage du v\u00e9hicule est termin\u00e9.<\/p>\n<h1 style=\"text-align: center;\">SC\u00c9NARIOS D'APPLICATION<\/h1>\n<p><img loading=\"lazy\" decoding=\"async\" class=\"aligncenter wp-image-7175\" src=\"https:\/\/ac-truck.com\/wp-content\/uploads\/2026\/01\/%E9%9B%8F%E7%A6%BD%E8%BF%90%E8%BE%93%E8%BD%A6%E8%AF%A6%E6%83%85%E9%A1%B5_23.webp\" sizes=\"(max-width: 1234px) 100vw, 1234px\" srcset=\"https:\/\/ac-truck.com\/wp-content\/uploads\/2026\/01\/\u96cf\u79bd\u8fd0\u8f93\u8f66\u8be6\u60c5\u9875_23.webp 790w, https:\/\/ac-truck.com\/wp-content\/uploads\/2026\/01\/\u96cf\u79bd\u8fd0\u8f93\u8f66\u8be6\u60c5\u9875_23-204x300.webp 204w, https:\/\/ac-truck.com\/wp-content\/uploads\/2026\/01\/\u96cf\u79bd\u8fd0\u8f93\u8f66\u8be6\u60c5\u9875_23-697x1024.webp 697w, https:\/\/ac-truck.com\/wp-content\/uploads\/2026\/01\/\u96cf\u79bd\u8fd0\u8f93\u8f66\u8be6\u60c5\u9875_23-768x1128.webp 768w, https:\/\/ac-truck.com\/wp-content\/uploads\/2026\/01\/\u96cf\u79bd\u8fd0\u8f93\u8f66\u8be6\u60c5\u9875_23-8x12.webp 8w, https:\/\/ac-truck.com\/wp-content\/uploads\/2026\/01\/\u96cf\u79bd\u8fd0\u8f93\u8f66\u8be6\u60c5\u9875_23-600x881.webp 600w, https:\/\/ac-truck.com\/wp-content\/uploads\/2026\/01\/\u96cf\u79bd\u8fd0\u8f93\u8f66\u8be6\u60c5\u9875_23-150x220.webp 150w\" alt=\"\" width=\"1234\" height=\"1812\" \/><\/p>\n<h1 style=\"text-align: center;\">EMBALLAGE ET TRANSPORT<\/h1>\n<p><img loading=\"lazy\" decoding=\"async\" class=\"aligncenter wp-image-7176\" src=\"https:\/\/ac-truck.com\/wp-content\/uploads\/2026\/01\/%E9%9B%8F%E7%A6%BD%E8%BF%90%E8%BE%93%E8%BD%A6%E8%AF%A6%E6%83%85%E9%A1%B5_25.webp\" sizes=\"(max-width: 1234px) 100vw, 1234px\" srcset=\"https:\/\/ac-truck.com\/wp-content\/uploads\/2026\/01\/\u96cf\u79bd\u8fd0\u8f93\u8f66\u8be6\u60c5\u9875_25.webp 790w, https:\/\/ac-truck.com\/wp-content\/uploads\/2026\/01\/\u96cf\u79bd\u8fd0\u8f93\u8f66\u8be6\u60c5\u9875_25-215x300.webp 215w, https:\/\/ac-truck.com\/wp-content\/uploads\/2026\/01\/\u96cf\u79bd\u8fd0\u8f93\u8f66\u8be6\u60c5\u9875_25-734x1024.webp 734w, https:\/\/ac-truck.com\/wp-content\/uploads\/2026\/01\/\u96cf\u79bd\u8fd0\u8f93\u8f66\u8be6\u60c5\u9875_25-768x1071.webp 768w, https:\/\/ac-truck.com\/wp-content\/uploads\/2026\/01\/\u96cf\u79bd\u8fd0\u8f93\u8f66\u8be6\u60c5\u9875_25-9x12.webp 9w, https:\/\/ac-truck.com\/wp-content\/uploads\/2026\/01\/\u96cf\u79bd\u8fd0\u8f93\u8f66\u8be6\u60c5\u9875_25-600x837.webp 600w, https:\/\/ac-truck.com\/wp-content\/uploads\/2026\/01\/\u96cf\u79bd\u8fd0\u8f93\u8f66\u8be6\u60c5\u9875_25-150x209.webp 150w\" alt=\"\" width=\"1234\" height=\"1721\" \/><\/p>","protected":false},"excerpt":{"rendered":"<p>PRODUCT PARAMETERS 4m Chick Delivery Truck FOTON project Descriptions Specifications General Overall dimensions(mm) 5995*2230*3280 curb weight(Kg) 3200 Loading capacity(Kg) 1100<\/p>","protected":false},"featured_media":7207,"template":"","meta":[],"product_brand":[234],"product_cat":[177],"product_tag":[365,366,367],"class_list":{"0":"post-7204","1":"product","2":"type-product","3":"status-publish","4":"has-post-thumbnail","6":"product_brand-foton","7":"product_cat-box-trucks","8":"product_tag-day-old-chick-transport-truck","9":"product_tag-live-chick-transport-truck","10":"product_tag-chick-delivery-truck","12":"first","13":"instock","14":"shipping-taxable","15":"product-type-simple"},"_links":{"self":[{"href":"https:\/\/ac-truck.com\/fr\/wp-json\/wp\/v2\/product\/7204","targetHints":{"allow":["GET"]}}],"collection":[{"href":"https:\/\/ac-truck.com\/fr\/wp-json\/wp\/v2\/product"}],"about":[{"href":"https:\/\/ac-truck.com\/fr\/wp-json\/wp\/v2\/types\/product"}],"version-history":[{"count":1,"href":"https:\/\/ac-truck.com\/fr\/wp-json\/wp\/v2\/product\/7204\/revisions"}],"predecessor-version":[{"id":7213,"href":"https:\/\/ac-truck.com\/fr\/wp-json\/wp\/v2\/product\/7204\/revisions\/7213"}],"wp:featuredmedia":[{"embeddable":true,"href":"https:\/\/ac-truck.com\/fr\/wp-json\/wp\/v2\/media\/7207"}],"wp:attachment":[{"href":"https:\/\/ac-truck.com\/fr\/wp-json\/wp\/v2\/media?parent=7204"}],"wp:term":[{"taxonomy":"product_brand","embeddable":true,"href":"https:\/\/ac-truck.com\/fr\/wp-json\/wp\/v2\/product_brand?post=7204"},{"taxonomy":"product_cat","embeddable":true,"href":"https:\/\/ac-truck.com\/fr\/wp-json\/wp\/v2\/product_cat?post=7204"},{"taxonomy":"product_tag","embeddable":true,"href":"https:\/\/ac-truck.com\/fr\/wp-json\/wp\/v2\/product_tag?post=7204"}],"curies":[{"name":"wp","href":"https:\/\/api.w.org\/{rel}","templated":true}]}}